{"id":52137,"date":"2024-12-27T14:43:31","date_gmt":"2024-12-27T13:43:31","guid":{"rendered":"https:\/\/www.vallonchene.fr\/produit\/chamaecyparis-obtusa-filips-golden-falls\/"},"modified":"2025-09-22T11:30:13","modified_gmt":"2025-09-22T09:30:13","slug":"chamaecyparis-obtusa-filips-golden-falls","status":"publish","type":"product","link":"https:\/\/www.vallonchene.fr\/de\/produkt\/chamaecyparis-obtusa-filips-golden-falls\/","title":{"rendered":"CHAMAECYPARIS obtusa &#8218;Filip&#8217;s Golden Falls&#8216;"},"content":{"rendered":"","protected":false},"excerpt":{"rendered":"<p><strong>CHAMAECYPARIS obtusa &#8218;Filip\u2019s Golden Falls&#8216;<\/strong> ist eine dekorative <strong>Hinoki-Scheinzypresse<\/strong>, die f\u00fcr ihren h\u00e4ngenden Wuchs und ihr leuchtend goldenes Laub bekannt ist. Diese Sorte bietet mit ihren herabh\u00e4ngenden Zweigen eine elegante Silhouette, die einen beeindruckenden visuellen Effekt erzeugt und f\u00fcr einen Spritzer leuchtender Farbe sorgt, was besonders im Winter interessant ist. <\/p>\n","protected":false},"featured_media":51608,"comment_status":"open","ping_status":"closed","template":"","meta":[],"product_brand":[],"product_cat":[255],"product_tag":[11358,11359],"class_list":{"0":"post-52137","1":"product","2":"type-product","3":"status-publish","4":"has-post-thumbnail","6":"product_cat-koniferen-de","7":"product_tag-chamaecyparis-de","8":"product_tag-chamaecyparis-obtusa-de","9":"pa_99-hauteurapproximativeapres1-150a200m-de","10":"pa_couleurdufeuillage-gelb-de","11":"pa_exigencesenhumidite-normal-de","12":"pa_exigencesenhumidite-trocken-de","13":"pa_expositionspossibles-sonnigvon12bis17uhr-de","14":"pa_hauteurlivree-100-bis-125-cm","15":"pa_hauteurlivree-80-bis-100-cm","16":"pa_interetauprintemps-form-de","17":"pa_interetauprintemps-laub-de","18":"pa_interetenautomne-form-de","19":"pa_interetenautomne-laub-de","20":"pa_interetenete-form-de","21":"pa_interetenete-laub-de","22":"pa_interetenhiver-form-de","23":"pa_interetenhiver-laub-de","24":"pa_naturedufeuillage-immergrun-de","25":"pa_naturesdesolpossibles-leicht-de","26":"pa_naturesdesolpossibles-normal-de","27":"pa_periodedetaille-febr-de","28":"pa_periodedetaille-jan-de","29":"pa_phdusolacceptable-neutralzw65u75-de","30":"pa_phdusolacceptable-sauerwenigerals65-de","31":"pa_portgraphisme-trauer-de","32":"pa_resistanceaufroidrusticite-frostbestandigunter_20c-de","33":"pa_tailledepot-10liter_topf-de","34":"pa_utilisationpossible-beet-de","35":"pa_utilisationpossible-kubelodertopf-de","37":"first","38":"instock","39":"taxable","40":"shipping-taxable","41":"purchasable","42":"product-type-variable"},"supplier_id":null,"supplier_sku":"","barcode":null,"atum_controlled":true,"out_stock_date":null,"out_stock_threshold":null,"inheritable":true,"inbound_stock":0,"stock_on_hold":0,"sold_today":0,"sales_last_days":0,"reserved_stock":0,"customer_returns":0,"warehouse_damage":0,"lost_in_post":0,"other_logs":0,"out_stock_days":null,"lost_sales":0,"has_location":false,"update_date":"2026-04-29T08:11:35","atum_locations":[],"atum_stock_status":"instock","restock_status":false,"low_stock_amount":"","sales_update_date":"2026-04-29T08:11:35","calc_backorders":null,"yoast_head":"<!-- This site is optimized with the Yoast SEO Premium plugin v27.5 (Yoast SEO v27.5) - https:\/\/yoast.com\/product\/yoast-seo-premium-wordpress\/ -->\n<title>CHAMAECYPARIS obtusa &#039;Filip&#039;s Golden Falls&#039; - Hinoki-Scheinzypresse<\/title>\n<meta name=\"description\" content=\"CHAMAECYPARIS obtusa &#039;Filip\u2019s Golden Falls&#039; ist eine dekorative Hinoki-Scheinzypresse, die f\u00fcr ihren h\u00e4ngenden Wuchs und ihr leuchtend goldenes Laub bekannt ist.\" \/>\n<meta name=\"robots\" content=\"index, follow, max-snippet:-1, max-image-preview:large, max-video-preview:-1\" \/>\n<link rel=\"canonical\" href=\"https:\/\/www.vallonchene.fr\/de\/produkt\/chamaecyparis-obtusa-filips-golden-falls\/\" \/>\n<meta property=\"og:locale\" content=\"de_DE\" \/>\n<meta property=\"og:type\" content=\"article\" \/>\n<meta property=\"og:title\" content=\"CHAMAECYPARIS obtusa &#039;Filip&#039;s Golden Falls&#039;\" \/>\n<meta property=\"og:description\" content=\"CHAMAECYPARIS obtusa &#039;Filip\u2019s Golden Falls&#039; ist eine dekorative Hinoki-Scheinzypresse, die f\u00fcr ihren h\u00e4ngenden Wuchs und ihr leuchtend goldenes Laub bekannt ist.\" \/>\n<meta property=\"og:url\" content=\"https:\/\/www.vallonchene.fr\/de\/produkt\/chamaecyparis-obtusa-filips-golden-falls\/\" \/>\n<meta property=\"og:site_name\" content=\"Vallonch\u00eane\" \/>\n<meta property=\"article:publisher\" content=\"https:\/\/www.facebook.com\/vallonchene.fr\" \/>\n<meta property=\"article:modified_time\" content=\"2025-09-22T09:30:13+00:00\" \/>\n<meta property=\"og:image\" content=\"https:\/\/www.vallonchene.fr\/wp-content\/uploads\/2024\/12\/CHAMAECYPARIS-obtusa-Filips-Golden-Falls.webp\" \/>\n\t<meta property=\"og:image:width\" content=\"1200\" \/>\n\t<meta property=\"og:image:height\" content=\"1200\" \/>\n\t<meta property=\"og:image:type\" content=\"image\/webp\" \/>\n<meta name=\"twitter:card\" content=\"summary_large_image\" \/>\n<meta name=\"twitter:label1\" content=\"Verf\u00fcgbarkeit\" \/>\n\t<meta name=\"twitter:data1\" content=\"Vorr\u00e4tig\" \/>\n<script type=\"application\/ld+json\" class=\"yoast-schema-graph\">{\"@context\":\"https:\\\/\\\/schema.org\",\"@graph\":[{\"@type\":\"WebPage\",\"@id\":\"https:\\\/\\\/www.vallonchene.fr\\\/de\\\/produkt\\\/chamaecyparis-obtusa-filips-golden-falls\\\/\",\"url\":\"https:\\\/\\\/www.vallonchene.fr\\\/de\\\/produkt\\\/chamaecyparis-obtusa-filips-golden-falls\\\/\",\"name\":\"CHAMAECYPARIS obtusa 'Filip's Golden Falls' - Hinoki-Scheinzypresse\",\"isPartOf\":{\"@id\":\"https:\\\/\\\/www.vallonchene.fr\\\/de\\\/#website\"},\"primaryImageOfPage\":{\"@id\":\"https:\\\/\\\/www.vallonchene.fr\\\/de\\\/produkt\\\/chamaecyparis-obtusa-filips-golden-falls\\\/#primaryimage\"},\"image\":{\"@id\":\"https:\\\/\\\/www.vallonchene.fr\\\/de\\\/produkt\\\/chamaecyparis-obtusa-filips-golden-falls\\\/#primaryimage\"},\"thumbnailUrl\":\"https:\\\/\\\/www.vallonchene.fr\\\/wp-content\\\/uploads\\\/2024\\\/12\\\/CHAMAECYPARIS-obtusa-Filips-Golden-Falls.webp\",\"datePublished\":\"2024-12-27T13:43:31+00:00\",\"dateModified\":\"2025-09-22T09:30:13+00:00\",\"description\":\"CHAMAECYPARIS obtusa 'Filip\u2019s Golden Falls' ist eine dekorative Hinoki-Scheinzypresse, die f\u00fcr ihren h\u00e4ngenden Wuchs und ihr leuchtend goldenes Laub bekannt ist.\",\"breadcrumb\":{\"@id\":\"https:\\\/\\\/www.vallonchene.fr\\\/de\\\/produkt\\\/chamaecyparis-obtusa-filips-golden-falls\\\/#breadcrumb\"},\"inLanguage\":\"de\",\"potentialAction\":[{\"@type\":\"ReadAction\",\"target\":[\"https:\\\/\\\/www.vallonchene.fr\\\/de\\\/produkt\\\/chamaecyparis-obtusa-filips-golden-falls\\\/\"]}]},{\"@type\":\"ImageObject\",\"inLanguage\":\"de\",\"@id\":\"https:\\\/\\\/www.vallonchene.fr\\\/de\\\/produkt\\\/chamaecyparis-obtusa-filips-golden-falls\\\/#primaryimage\",\"url\":\"https:\\\/\\\/www.vallonchene.fr\\\/wp-content\\\/uploads\\\/2024\\\/12\\\/CHAMAECYPARIS-obtusa-Filips-Golden-Falls.webp\",\"contentUrl\":\"https:\\\/\\\/www.vallonchene.fr\\\/wp-content\\\/uploads\\\/2024\\\/12\\\/CHAMAECYPARIS-obtusa-Filips-Golden-Falls.webp\",\"width\":1200,\"height\":1200,\"caption\":\"Gelbes Laub von CHAMAECYPARIS obtusa 'Filip's Golden Falls'\"},{\"@type\":\"BreadcrumbList\",\"@id\":\"https:\\\/\\\/www.vallonchene.fr\\\/de\\\/produkt\\\/chamaecyparis-obtusa-filips-golden-falls\\\/#breadcrumb\",\"itemListElement\":[{\"@type\":\"ListItem\",\"position\":1,\"name\":\"Home\",\"item\":\"https:\\\/\\\/www.vallonchene.fr\\\/de\\\/\"},{\"@type\":\"ListItem\",\"position\":2,\"name\":\"Shop\",\"item\":\"https:\\\/\\\/www.vallonchene.fr\\\/de\\\/shop\\\/\"},{\"@type\":\"ListItem\",\"position\":3,\"name\":\"Online-Verkauf\",\"item\":\"https:\\\/\\\/www.vallonchene.fr\\\/de\\\/produkt-kategorie\\\/online-verkauf-de\\\/\"},{\"@type\":\"ListItem\",\"position\":4,\"name\":\"Baumschule\",\"item\":\"https:\\\/\\\/www.vallonchene.fr\\\/de\\\/produkt-kategorie\\\/online-verkauf-de\\\/baumschule-gaertnerei-de\\\/\"},{\"@type\":\"ListItem\",\"position\":5,\"name\":\"Koniferen\",\"item\":\"https:\\\/\\\/www.vallonchene.fr\\\/de\\\/produkt-kategorie\\\/online-verkauf-de\\\/baumschule-gaertnerei-de\\\/koniferen-de\\\/\"},{\"@type\":\"ListItem\",\"position\":6,\"name\":\"CHAMAECYPARIS obtusa &#8218;Filip&#8217;s Golden Falls&#8216;\"}]},{\"@type\":\"WebSite\",\"@id\":\"https:\\\/\\\/www.vallonchene.fr\\\/de\\\/#website\",\"url\":\"https:\\\/\\\/www.vallonchene.fr\\\/de\\\/\",\"name\":\"Vallonch\u00eane\",\"description\":\"Die Baumschule, bei der Qualit\u00e4t ihre Wurzeln hat \u2013 Tel.: +49 (0)6838-5399840\",\"publisher\":{\"@id\":\"https:\\\/\\\/www.vallonchene.fr\\\/de\\\/#organization\"},\"potentialAction\":[{\"@type\":\"SearchAction\",\"target\":{\"@type\":\"EntryPoint\",\"urlTemplate\":\"https:\\\/\\\/www.vallonchene.fr\\\/de\\\/?s={search_term_string}\"},\"query-input\":{\"@type\":\"PropertyValueSpecification\",\"valueRequired\":true,\"valueName\":\"search_term_string\"}}],\"inLanguage\":\"de\"},{\"@type\":\"Organization\",\"@id\":\"https:\\\/\\\/www.vallonchene.fr\\\/de\\\/#organization\",\"name\":\"VALLONCHENE\",\"url\":\"https:\\\/\\\/www.vallonchene.fr\\\/de\\\/\",\"logo\":{\"@type\":\"ImageObject\",\"inLanguage\":\"de\",\"@id\":\"https:\\\/\\\/www.vallonchene.fr\\\/de\\\/#\\\/schema\\\/logo\\\/image\\\/\",\"url\":\"https:\\\/\\\/www.vallonchene.fr\\\/wp-content\\\/uploads\\\/2023\\\/03\\\/Logo-Vallonchene-site-et-R_hauteur_100.png\",\"contentUrl\":\"https:\\\/\\\/www.vallonchene.fr\\\/wp-content\\\/uploads\\\/2023\\\/03\\\/Logo-Vallonchene-site-et-R_hauteur_100.png\",\"width\":221,\"height\":100,\"caption\":\"VALLONCHENE\"},\"image\":{\"@id\":\"https:\\\/\\\/www.vallonchene.fr\\\/de\\\/#\\\/schema\\\/logo\\\/image\\\/\"},\"sameAs\":[\"https:\\\/\\\/www.facebook.com\\\/vallonchene.fr\",\"https:\\\/\\\/www.instagram.com\\\/vallonchene\\\/\",\"https:\\\/\\\/www.pinterest.fr\\\/vallonchene\\\/\"],\"taxID\":\"49454502300017\",\"hasMerchantReturnPolicy\":{\"@type\":\"MerchantReturnPolicy\",\"merchantReturnLink\":\"https:\\\/\\\/www.vallonchene.fr\\\/remboursements_retours\\\/\"}}]}<\/script>\n<meta property=\"og:availability\" content=\"instock\" \/>\n<meta property=\"product:availability\" content=\"instock\" \/>\n<meta property=\"product:condition\" content=\"new\" \/>\n<!-- \/ Yoast SEO Premium plugin. -->","yoast_head_json":{"title":"CHAMAECYPARIS obtusa 'Filip's Golden Falls' - Hinoki-Scheinzypresse","description":"CHAMAECYPARIS obtusa 'Filip\u2019s Golden Falls' ist eine dekorative Hinoki-Scheinzypresse, die f\u00fcr ihren h\u00e4ngenden Wuchs und ihr leuchtend goldenes Laub bekannt ist.","robots":{"index":"index","follow":"follow","max-snippet":"max-snippet:-1","max-image-preview":"max-image-preview:large","max-video-preview":"max-video-preview:-1"},"canonical":"https:\/\/www.vallonchene.fr\/de\/produkt\/chamaecyparis-obtusa-filips-golden-falls\/","og_locale":"de_DE","og_type":"article","og_title":"CHAMAECYPARIS obtusa 'Filip's Golden Falls'","og_description":"CHAMAECYPARIS obtusa 'Filip\u2019s Golden Falls' ist eine dekorative Hinoki-Scheinzypresse, die f\u00fcr ihren h\u00e4ngenden Wuchs und ihr leuchtend goldenes Laub bekannt ist.","og_url":"https:\/\/www.vallonchene.fr\/de\/produkt\/chamaecyparis-obtusa-filips-golden-falls\/","og_site_name":"Vallonch\u00eane","article_publisher":"https:\/\/www.facebook.com\/vallonchene.fr","article_modified_time":"2025-09-22T09:30:13+00:00","og_image":[{"width":1200,"height":1200,"url":"https:\/\/www.vallonchene.fr\/wp-content\/uploads\/2024\/12\/CHAMAECYPARIS-obtusa-Filips-Golden-Falls.webp","type":"image\/webp"}],"twitter_card":"summary_large_image","twitter_misc":{"Verf\u00fcgbarkeit":"Vorr\u00e4tig"},"schema":{"@context":"https:\/\/schema.org","@graph":[{"@type":"WebPage","@id":"https:\/\/www.vallonchene.fr\/de\/produkt\/chamaecyparis-obtusa-filips-golden-falls\/","url":"https:\/\/www.vallonchene.fr\/de\/produkt\/chamaecyparis-obtusa-filips-golden-falls\/","name":"CHAMAECYPARIS obtusa 'Filip's Golden Falls' - Hinoki-Scheinzypresse","isPartOf":{"@id":"https:\/\/www.vallonchene.fr\/de\/#website"},"primaryImageOfPage":{"@id":"https:\/\/www.vallonchene.fr\/de\/produkt\/chamaecyparis-obtusa-filips-golden-falls\/#primaryimage"},"image":{"@id":"https:\/\/www.vallonchene.fr\/de\/produkt\/chamaecyparis-obtusa-filips-golden-falls\/#primaryimage"},"thumbnailUrl":"https:\/\/www.vallonchene.fr\/wp-content\/uploads\/2024\/12\/CHAMAECYPARIS-obtusa-Filips-Golden-Falls.webp","datePublished":"2024-12-27T13:43:31+00:00","dateModified":"2025-09-22T09:30:13+00:00","description":"CHAMAECYPARIS obtusa 'Filip\u2019s Golden Falls' ist eine dekorative Hinoki-Scheinzypresse, die f\u00fcr ihren h\u00e4ngenden Wuchs und ihr leuchtend goldenes Laub bekannt ist.","breadcrumb":{"@id":"https:\/\/www.vallonchene.fr\/de\/produkt\/chamaecyparis-obtusa-filips-golden-falls\/#breadcrumb"},"inLanguage":"de","potentialAction":[{"@type":"ReadAction","target":["https:\/\/www.vallonchene.fr\/de\/produkt\/chamaecyparis-obtusa-filips-golden-falls\/"]}]},{"@type":"ImageObject","inLanguage":"de","@id":"https:\/\/www.vallonchene.fr\/de\/produkt\/chamaecyparis-obtusa-filips-golden-falls\/#primaryimage","url":"https:\/\/www.vallonchene.fr\/wp-content\/uploads\/2024\/12\/CHAMAECYPARIS-obtusa-Filips-Golden-Falls.webp","contentUrl":"https:\/\/www.vallonchene.fr\/wp-content\/uploads\/2024\/12\/CHAMAECYPARIS-obtusa-Filips-Golden-Falls.webp","width":1200,"height":1200,"caption":"Gelbes Laub von CHAMAECYPARIS obtusa 'Filip's Golden Falls'"},{"@type":"BreadcrumbList","@id":"https:\/\/www.vallonchene.fr\/de\/produkt\/chamaecyparis-obtusa-filips-golden-falls\/#breadcrumb","itemListElement":[{"@type":"ListItem","position":1,"name":"Home","item":"https:\/\/www.vallonchene.fr\/de\/"},{"@type":"ListItem","position":2,"name":"Shop","item":"https:\/\/www.vallonchene.fr\/de\/shop\/"},{"@type":"ListItem","position":3,"name":"Online-Verkauf","item":"https:\/\/www.vallonchene.fr\/de\/produkt-kategorie\/online-verkauf-de\/"},{"@type":"ListItem","position":4,"name":"Baumschule","item":"https:\/\/www.vallonchene.fr\/de\/produkt-kategorie\/online-verkauf-de\/baumschule-gaertnerei-de\/"},{"@type":"ListItem","position":5,"name":"Koniferen","item":"https:\/\/www.vallonchene.fr\/de\/produkt-kategorie\/online-verkauf-de\/baumschule-gaertnerei-de\/koniferen-de\/"},{"@type":"ListItem","position":6,"name":"CHAMAECYPARIS obtusa &#8218;Filip&#8217;s Golden Falls&#8216;"}]},{"@type":"WebSite","@id":"https:\/\/www.vallonchene.fr\/de\/#website","url":"https:\/\/www.vallonchene.fr\/de\/","name":"Vallonch\u00eane","description":"Die Baumschule, bei der Qualit\u00e4t ihre Wurzeln hat \u2013 Tel.: +49 (0)6838-5399840","publisher":{"@id":"https:\/\/www.vallonchene.fr\/de\/#organization"},"potentialAction":[{"@type":"SearchAction","target":{"@type":"EntryPoint","urlTemplate":"https:\/\/www.vallonchene.fr\/de\/?s={search_term_string}"},"query-input":{"@type":"PropertyValueSpecification","valueRequired":true,"valueName":"search_term_string"}}],"inLanguage":"de"},{"@type":"Organization","@id":"https:\/\/www.vallonchene.fr\/de\/#organization","name":"VALLONCHENE","url":"https:\/\/www.vallonchene.fr\/de\/","logo":{"@type":"ImageObject","inLanguage":"de","@id":"https:\/\/www.vallonchene.fr\/de\/#\/schema\/logo\/image\/","url":"https:\/\/www.vallonchene.fr\/wp-content\/uploads\/2023\/03\/Logo-Vallonchene-site-et-R_hauteur_100.png","contentUrl":"https:\/\/www.vallonchene.fr\/wp-content\/uploads\/2023\/03\/Logo-Vallonchene-site-et-R_hauteur_100.png","width":221,"height":100,"caption":"VALLONCHENE"},"image":{"@id":"https:\/\/www.vallonchene.fr\/de\/#\/schema\/logo\/image\/"},"sameAs":["https:\/\/www.facebook.com\/vallonchene.fr","https:\/\/www.instagram.com\/vallonchene\/","https:\/\/www.pinterest.fr\/vallonchene\/"],"taxID":"49454502300017","hasMerchantReturnPolicy":{"@type":"MerchantReturnPolicy","merchantReturnLink":"https:\/\/www.vallonchene.fr\/remboursements_retours\/"}}]},"og_availability":"instock","product_availability":"instock","product_condition":"new"},"_links":{"self":[{"href":"https:\/\/www.vallonchene.fr\/de\/wp-json\/wp\/v2\/product\/52137","targetHints":{"allow":["GET"]}}],"collection":[{"href":"https:\/\/www.vallonchene.fr\/de\/wp-json\/wp\/v2\/product"}],"about":[{"href":"https:\/\/www.vallonchene.fr\/de\/wp-json\/wp\/v2\/types\/product"}],"replies":[{"embeddable":true,"href":"https:\/\/www.vallonchene.fr\/de\/wp-json\/wp\/v2\/comments?post=52137"}],"wp:featuredmedia":[{"embeddable":true,"href":"https:\/\/www.vallonchene.fr\/de\/wp-json\/wp\/v2\/media\/51608"}],"wp:attachment":[{"href":"https:\/\/www.vallonchene.fr\/de\/wp-json\/wp\/v2\/media?parent=52137"}],"wp:term":[{"taxonomy":"product_brand","embeddable":true,"href":"https:\/\/www.vallonchene.fr\/de\/wp-json\/wp\/v2\/product_brand?post=52137"},{"taxonomy":"product_cat","embeddable":true,"href":"https:\/\/www.vallonchene.fr\/de\/wp-json\/wp\/v2\/product_cat?post=52137"},{"taxonomy":"product_tag","embeddable":true,"href":"https:\/\/www.vallonchene.fr\/de\/wp-json\/wp\/v2\/product_tag?post=52137"}],"curies":[{"name":"wp","href":"https:\/\/api.w.org\/{rel}","templated":true}]}}