{"id":52107,"date":"2024-12-26T16:30:10","date_gmt":"2024-12-26T15:30:10","guid":{"rendered":"https:\/\/www.vallonchene.fr\/produit\/larix-laricina-deborah-waxman\/"},"modified":"2025-12-11T10:06:21","modified_gmt":"2025-12-11T09:06:21","slug":"larix-laricina-deborah-waxman","status":"publish","type":"product","link":"https:\/\/www.vallonchene.fr\/de\/produkt\/larix-laricina-deborah-waxman\/","title":{"rendered":"LARIX laricina &#8218;Deborah Waxman&#8216;"},"content":{"rendered":"","protected":false},"excerpt":{"rendered":"<p><strong>LARIX laricina &#8218;Deborah Waxman&#8216;<\/strong> ist eine langsam wachsende, kegelf\u00f6rmige Zwergl\u00e4rche, die f\u00fcr ihr laubabwerfendes blaugr\u00fcnes Laub bekannt ist, das im Herbst ein sch\u00f6nes Goldgelb f\u00e4rbt. Diese kompakte <strong>amerikanische L\u00e4rche<\/strong> eignet sich ideal f\u00fcr kleine G\u00e4rten, Steing\u00e4rten oder als Solit\u00e4rpflanze. Mit ihrem sich verf\u00e4rbenden Laub und den jungen rosa Zapfen im Fr\u00fchling ist sie das ganze Jahr \u00fcber ein interessanter Anblick. <\/p>\n","protected":false},"featured_media":52095,"comment_status":"open","ping_status":"closed","template":"","meta":[],"product_brand":[],"product_cat":[255],"product_tag":[10744,12277],"class_list":{"0":"post-52107","1":"product","2":"type-product","3":"status-publish","4":"has-post-thumbnail","6":"product_cat-koniferen-de","7":"product_tag-larix-de","8":"product_tag-larix-laricina-de","9":"pa_99-hauteurapproximativeapres1-150a200m-de","10":"pa_couleurdelecorce-kupferfarben-de","11":"pa_couleurnormaledufeuillage-blau-de","12":"pa_couleurnormaledufeuillage-grun-de","13":"pa_exigencesenhumidite-feucht-de","14":"pa_exigencesenhumidite-normal-de","15":"pa_exigencesenhumidite-trocken-de","16":"pa_expositionspossibles-ce-halbschattigsonnezw12und17-de","17":"pa_expositionspossibles-sonnigvon12bis17uhr-de","18":"pa_hauteurlivree-30-bis-40-cm","19":"pa_interetauprintemps-form-de","20":"pa_interetauprintemps-jungesprossen-de","21":"pa_interetauprintemps-laub-de","22":"pa_interetauprintemps-zapfen-de","23":"pa_interetenautomne-form-de","24":"pa_interetenautomne-laub-de","25":"pa_interetenete-form-de","26":"pa_interetenete-laub-de","27":"pa_interetenhiver-form-de","28":"pa_naturedufeuillage-nichtimmergrun-de","29":"pa_naturesdesolpossibles-leicht-de","30":"pa_naturesdesolpossibles-normal-de","31":"pa_particularites-furbonsaigeeignet-de","32":"pa_periodedetaille-febr-de","33":"pa_periodedetaille-jan-de","34":"pa_phdusolacceptable-kalkigmehrals75-de","35":"pa_phdusolacceptable-neutralzw65u75-de","36":"pa_phdusolacceptable-sauerwenigerals65-de","37":"pa_portgraphisme-konisch-de","38":"pa_resistanceaufroidrusticite-frostbestandigunter_20c-de","39":"pa_tailledepot-3liter_topf-de","40":"pa_utilisationpossible-beet-de","41":"pa_utilisationpossible-kubelodertopf-de","43":"first","44":"outofstock","45":"taxable","46":"shipping-taxable","47":"purchasable","48":"product-type-variable"},"supplier_id":null,"supplier_sku":"","barcode":null,"atum_controlled":true,"out_stock_date":null,"out_stock_threshold":null,"inheritable":true,"inbound_stock":null,"stock_on_hold":0,"sold_today":0,"sales_last_days":0,"reserved_stock":0,"customer_returns":0,"warehouse_damage":0,"lost_in_post":0,"other_logs":0,"out_stock_days":null,"lost_sales":0,"has_location":false,"update_date":"2026-04-29T08:11:35","atum_locations":[],"atum_stock_status":"outofstock","restock_status":false,"low_stock_amount":"","sales_update_date":"2026-04-29T08:11:35","calc_backorders":null,"yoast_head":"<!-- This site is optimized with the Yoast SEO Premium plugin v27.5 (Yoast SEO v27.5) - https:\/\/yoast.com\/product\/yoast-seo-premium-wordpress\/ -->\n<title>LARIX laricina &#039;Deborah Waxman&#039; - amerikanische L\u00e4rche<\/title>\n<meta name=\"description\" content=\"LARIX laricina &#039;Deborah Waxman&#039; ist eine langsam wachsende, kegelf\u00f6rmige Zwerg-L\u00e4rchen, die f\u00fcr ihr blaugr\u00fcnes Laubblatt bekannt ist.\" \/>\n<meta name=\"robots\" content=\"index, follow, max-snippet:-1, max-image-preview:large, max-video-preview:-1\" \/>\n<link rel=\"canonical\" href=\"https:\/\/www.vallonchene.fr\/de\/produkt\/larix-laricina-deborah-waxman\/\" \/>\n<meta property=\"og:locale\" content=\"de_DE\" \/>\n<meta property=\"og:type\" content=\"article\" \/>\n<meta property=\"og:title\" content=\"LARIX laricina &#039;Deborah Waxman&#039;\" \/>\n<meta property=\"og:description\" content=\"LARIX laricina &#039;Deborah Waxman&#039; ist eine langsam wachsende, kegelf\u00f6rmige Zwerg-L\u00e4rchen, die f\u00fcr ihr blaugr\u00fcnes Laubblatt bekannt ist.\" \/>\n<meta property=\"og:url\" content=\"https:\/\/www.vallonchene.fr\/de\/produkt\/larix-laricina-deborah-waxman\/\" \/>\n<meta property=\"og:site_name\" content=\"Vallonch\u00eane\" \/>\n<meta property=\"article:publisher\" content=\"https:\/\/www.facebook.com\/vallonchene.fr\" \/>\n<meta property=\"article:modified_time\" content=\"2025-12-11T09:06:21+00:00\" \/>\n<meta property=\"og:image\" content=\"https:\/\/www.vallonchene.fr\/wp-content\/uploads\/2024\/12\/LARIX-laricina-Deborah-Waxman_01.webp\" \/>\n\t<meta property=\"og:image:width\" content=\"1200\" \/>\n\t<meta property=\"og:image:height\" content=\"1200\" \/>\n\t<meta property=\"og:image:type\" content=\"image\/webp\" \/>\n<meta name=\"twitter:card\" content=\"summary_large_image\" \/>\n<meta name=\"twitter:label1\" content=\"Verf\u00fcgbarkeit\" \/>\n\t<meta name=\"twitter:data1\" content=\"Nicht vorr\u00e4tig\" \/>\n<script type=\"application\/ld+json\" class=\"yoast-schema-graph\">{\"@context\":\"https:\\\/\\\/schema.org\",\"@graph\":[{\"@type\":\"WebPage\",\"@id\":\"https:\\\/\\\/www.vallonchene.fr\\\/de\\\/produkt\\\/larix-laricina-deborah-waxman\\\/\",\"url\":\"https:\\\/\\\/www.vallonchene.fr\\\/de\\\/produkt\\\/larix-laricina-deborah-waxman\\\/\",\"name\":\"LARIX laricina 'Deborah Waxman' - amerikanische L\u00e4rche\",\"isPartOf\":{\"@id\":\"https:\\\/\\\/www.vallonchene.fr\\\/de\\\/#website\"},\"primaryImageOfPage\":{\"@id\":\"https:\\\/\\\/www.vallonchene.fr\\\/de\\\/produkt\\\/larix-laricina-deborah-waxman\\\/#primaryimage\"},\"image\":{\"@id\":\"https:\\\/\\\/www.vallonchene.fr\\\/de\\\/produkt\\\/larix-laricina-deborah-waxman\\\/#primaryimage\"},\"thumbnailUrl\":\"https:\\\/\\\/www.vallonchene.fr\\\/wp-content\\\/uploads\\\/2024\\\/12\\\/LARIX-laricina-Deborah-Waxman_01.webp\",\"datePublished\":\"2024-12-26T15:30:10+00:00\",\"dateModified\":\"2025-12-11T09:06:21+00:00\",\"description\":\"LARIX laricina 'Deborah Waxman' ist eine langsam wachsende, kegelf\u00f6rmige Zwerg-L\u00e4rchen, die f\u00fcr ihr blaugr\u00fcnes Laubblatt bekannt ist.\",\"breadcrumb\":{\"@id\":\"https:\\\/\\\/www.vallonchene.fr\\\/de\\\/produkt\\\/larix-laricina-deborah-waxman\\\/#breadcrumb\"},\"inLanguage\":\"de\",\"potentialAction\":[{\"@type\":\"ReadAction\",\"target\":[\"https:\\\/\\\/www.vallonchene.fr\\\/de\\\/produkt\\\/larix-laricina-deborah-waxman\\\/\"]}]},{\"@type\":\"ImageObject\",\"inLanguage\":\"de\",\"@id\":\"https:\\\/\\\/www.vallonchene.fr\\\/de\\\/produkt\\\/larix-laricina-deborah-waxman\\\/#primaryimage\",\"url\":\"https:\\\/\\\/www.vallonchene.fr\\\/wp-content\\\/uploads\\\/2024\\\/12\\\/LARIX-laricina-Deborah-Waxman_01.webp\",\"contentUrl\":\"https:\\\/\\\/www.vallonchene.fr\\\/wp-content\\\/uploads\\\/2024\\\/12\\\/LARIX-laricina-Deborah-Waxman_01.webp\",\"width\":1200,\"height\":1200,\"caption\":\"Nacktes Holz im Winter von LARIX laricina 'Deborah Waxman'\"},{\"@type\":\"BreadcrumbList\",\"@id\":\"https:\\\/\\\/www.vallonchene.fr\\\/de\\\/produkt\\\/larix-laricina-deborah-waxman\\\/#breadcrumb\",\"itemListElement\":[{\"@type\":\"ListItem\",\"position\":1,\"name\":\"Home\",\"item\":\"https:\\\/\\\/www.vallonchene.fr\\\/de\\\/\"},{\"@type\":\"ListItem\",\"position\":2,\"name\":\"Shop\",\"item\":\"https:\\\/\\\/www.vallonchene.fr\\\/de\\\/shop\\\/\"},{\"@type\":\"ListItem\",\"position\":3,\"name\":\"LARIX laricina &#8218;Deborah Waxman&#8216;\"}]},{\"@type\":\"WebSite\",\"@id\":\"https:\\\/\\\/www.vallonchene.fr\\\/de\\\/#website\",\"url\":\"https:\\\/\\\/www.vallonchene.fr\\\/de\\\/\",\"name\":\"Vallonch\u00eane\",\"description\":\"Die Baumschule, bei der Qualit\u00e4t ihre Wurzeln hat \u2013 Tel.: +49 (0)6838-5399840\",\"publisher\":{\"@id\":\"https:\\\/\\\/www.vallonchene.fr\\\/de\\\/#organization\"},\"potentialAction\":[{\"@type\":\"SearchAction\",\"target\":{\"@type\":\"EntryPoint\",\"urlTemplate\":\"https:\\\/\\\/www.vallonchene.fr\\\/de\\\/?s={search_term_string}\"},\"query-input\":{\"@type\":\"PropertyValueSpecification\",\"valueRequired\":true,\"valueName\":\"search_term_string\"}}],\"inLanguage\":\"de\"},{\"@type\":\"Organization\",\"@id\":\"https:\\\/\\\/www.vallonchene.fr\\\/de\\\/#organization\",\"name\":\"VALLONCHENE\",\"url\":\"https:\\\/\\\/www.vallonchene.fr\\\/de\\\/\",\"logo\":{\"@type\":\"ImageObject\",\"inLanguage\":\"de\",\"@id\":\"https:\\\/\\\/www.vallonchene.fr\\\/de\\\/#\\\/schema\\\/logo\\\/image\\\/\",\"url\":\"https:\\\/\\\/www.vallonchene.fr\\\/wp-content\\\/uploads\\\/2023\\\/03\\\/Logo-Vallonchene-site-et-R_hauteur_100.png\",\"contentUrl\":\"https:\\\/\\\/www.vallonchene.fr\\\/wp-content\\\/uploads\\\/2023\\\/03\\\/Logo-Vallonchene-site-et-R_hauteur_100.png\",\"width\":221,\"height\":100,\"caption\":\"VALLONCHENE\"},\"image\":{\"@id\":\"https:\\\/\\\/www.vallonchene.fr\\\/de\\\/#\\\/schema\\\/logo\\\/image\\\/\"},\"sameAs\":[\"https:\\\/\\\/www.facebook.com\\\/vallonchene.fr\",\"https:\\\/\\\/www.instagram.com\\\/vallonchene\\\/\",\"https:\\\/\\\/www.pinterest.fr\\\/vallonchene\\\/\"],\"taxID\":\"49454502300017\",\"hasMerchantReturnPolicy\":{\"@type\":\"MerchantReturnPolicy\",\"merchantReturnLink\":\"https:\\\/\\\/www.vallonchene.fr\\\/remboursements_retours\\\/\"}}]}<\/script>\n<meta property=\"og:availability\" content=\"out of stock\" \/>\n<meta property=\"product:availability\" content=\"out of stock\" \/>\n<meta property=\"product:condition\" content=\"new\" \/>\n<!-- \/ Yoast SEO Premium plugin. -->","yoast_head_json":{"title":"LARIX laricina 'Deborah Waxman' - amerikanische L\u00e4rche","description":"LARIX laricina 'Deborah Waxman' ist eine langsam wachsende, kegelf\u00f6rmige Zwerg-L\u00e4rchen, die f\u00fcr ihr blaugr\u00fcnes Laubblatt bekannt ist.","robots":{"index":"index","follow":"follow","max-snippet":"max-snippet:-1","max-image-preview":"max-image-preview:large","max-video-preview":"max-video-preview:-1"},"canonical":"https:\/\/www.vallonchene.fr\/de\/produkt\/larix-laricina-deborah-waxman\/","og_locale":"de_DE","og_type":"article","og_title":"LARIX laricina 'Deborah Waxman'","og_description":"LARIX laricina 'Deborah Waxman' ist eine langsam wachsende, kegelf\u00f6rmige Zwerg-L\u00e4rchen, die f\u00fcr ihr blaugr\u00fcnes Laubblatt bekannt ist.","og_url":"https:\/\/www.vallonchene.fr\/de\/produkt\/larix-laricina-deborah-waxman\/","og_site_name":"Vallonch\u00eane","article_publisher":"https:\/\/www.facebook.com\/vallonchene.fr","article_modified_time":"2025-12-11T09:06:21+00:00","og_image":[{"width":1200,"height":1200,"url":"https:\/\/www.vallonchene.fr\/wp-content\/uploads\/2024\/12\/LARIX-laricina-Deborah-Waxman_01.webp","type":"image\/webp"}],"twitter_card":"summary_large_image","twitter_misc":{"Verf\u00fcgbarkeit":"Nicht vorr\u00e4tig"},"schema":{"@context":"https:\/\/schema.org","@graph":[{"@type":"WebPage","@id":"https:\/\/www.vallonchene.fr\/de\/produkt\/larix-laricina-deborah-waxman\/","url":"https:\/\/www.vallonchene.fr\/de\/produkt\/larix-laricina-deborah-waxman\/","name":"LARIX laricina 'Deborah Waxman' - amerikanische L\u00e4rche","isPartOf":{"@id":"https:\/\/www.vallonchene.fr\/de\/#website"},"primaryImageOfPage":{"@id":"https:\/\/www.vallonchene.fr\/de\/produkt\/larix-laricina-deborah-waxman\/#primaryimage"},"image":{"@id":"https:\/\/www.vallonchene.fr\/de\/produkt\/larix-laricina-deborah-waxman\/#primaryimage"},"thumbnailUrl":"https:\/\/www.vallonchene.fr\/wp-content\/uploads\/2024\/12\/LARIX-laricina-Deborah-Waxman_01.webp","datePublished":"2024-12-26T15:30:10+00:00","dateModified":"2025-12-11T09:06:21+00:00","description":"LARIX laricina 'Deborah Waxman' ist eine langsam wachsende, kegelf\u00f6rmige Zwerg-L\u00e4rchen, die f\u00fcr ihr blaugr\u00fcnes Laubblatt bekannt ist.","breadcrumb":{"@id":"https:\/\/www.vallonchene.fr\/de\/produkt\/larix-laricina-deborah-waxman\/#breadcrumb"},"inLanguage":"de","potentialAction":[{"@type":"ReadAction","target":["https:\/\/www.vallonchene.fr\/de\/produkt\/larix-laricina-deborah-waxman\/"]}]},{"@type":"ImageObject","inLanguage":"de","@id":"https:\/\/www.vallonchene.fr\/de\/produkt\/larix-laricina-deborah-waxman\/#primaryimage","url":"https:\/\/www.vallonchene.fr\/wp-content\/uploads\/2024\/12\/LARIX-laricina-Deborah-Waxman_01.webp","contentUrl":"https:\/\/www.vallonchene.fr\/wp-content\/uploads\/2024\/12\/LARIX-laricina-Deborah-Waxman_01.webp","width":1200,"height":1200,"caption":"Nacktes Holz im Winter von LARIX laricina 'Deborah Waxman'"},{"@type":"BreadcrumbList","@id":"https:\/\/www.vallonchene.fr\/de\/produkt\/larix-laricina-deborah-waxman\/#breadcrumb","itemListElement":[{"@type":"ListItem","position":1,"name":"Home","item":"https:\/\/www.vallonchene.fr\/de\/"},{"@type":"ListItem","position":2,"name":"Shop","item":"https:\/\/www.vallonchene.fr\/de\/shop\/"},{"@type":"ListItem","position":3,"name":"LARIX laricina &#8218;Deborah Waxman&#8216;"}]},{"@type":"WebSite","@id":"https:\/\/www.vallonchene.fr\/de\/#website","url":"https:\/\/www.vallonchene.fr\/de\/","name":"Vallonch\u00eane","description":"Die Baumschule, bei der Qualit\u00e4t ihre Wurzeln hat \u2013 Tel.: +49 (0)6838-5399840","publisher":{"@id":"https:\/\/www.vallonchene.fr\/de\/#organization"},"potentialAction":[{"@type":"SearchAction","target":{"@type":"EntryPoint","urlTemplate":"https:\/\/www.vallonchene.fr\/de\/?s={search_term_string}"},"query-input":{"@type":"PropertyValueSpecification","valueRequired":true,"valueName":"search_term_string"}}],"inLanguage":"de"},{"@type":"Organization","@id":"https:\/\/www.vallonchene.fr\/de\/#organization","name":"VALLONCHENE","url":"https:\/\/www.vallonchene.fr\/de\/","logo":{"@type":"ImageObject","inLanguage":"de","@id":"https:\/\/www.vallonchene.fr\/de\/#\/schema\/logo\/image\/","url":"https:\/\/www.vallonchene.fr\/wp-content\/uploads\/2023\/03\/Logo-Vallonchene-site-et-R_hauteur_100.png","contentUrl":"https:\/\/www.vallonchene.fr\/wp-content\/uploads\/2023\/03\/Logo-Vallonchene-site-et-R_hauteur_100.png","width":221,"height":100,"caption":"VALLONCHENE"},"image":{"@id":"https:\/\/www.vallonchene.fr\/de\/#\/schema\/logo\/image\/"},"sameAs":["https:\/\/www.facebook.com\/vallonchene.fr","https:\/\/www.instagram.com\/vallonchene\/","https:\/\/www.pinterest.fr\/vallonchene\/"],"taxID":"49454502300017","hasMerchantReturnPolicy":{"@type":"MerchantReturnPolicy","merchantReturnLink":"https:\/\/www.vallonchene.fr\/remboursements_retours\/"}}]},"og_availability":"out of stock","product_availability":"out of stock","product_condition":"new"},"_links":{"self":[{"href":"https:\/\/www.vallonchene.fr\/de\/wp-json\/wp\/v2\/product\/52107","targetHints":{"allow":["GET"]}}],"collection":[{"href":"https:\/\/www.vallonchene.fr\/de\/wp-json\/wp\/v2\/product"}],"about":[{"href":"https:\/\/www.vallonchene.fr\/de\/wp-json\/wp\/v2\/types\/product"}],"replies":[{"embeddable":true,"href":"https:\/\/www.vallonchene.fr\/de\/wp-json\/wp\/v2\/comments?post=52107"}],"wp:featuredmedia":[{"embeddable":true,"href":"https:\/\/www.vallonchene.fr\/de\/wp-json\/wp\/v2\/media\/52095"}],"wp:attachment":[{"href":"https:\/\/www.vallonchene.fr\/de\/wp-json\/wp\/v2\/media?parent=52107"}],"wp:term":[{"taxonomy":"product_brand","embeddable":true,"href":"https:\/\/www.vallonchene.fr\/de\/wp-json\/wp\/v2\/product_brand?post=52107"},{"taxonomy":"product_cat","embeddable":true,"href":"https:\/\/www.vallonchene.fr\/de\/wp-json\/wp\/v2\/product_cat?post=52107"},{"taxonomy":"product_tag","embeddable":true,"href":"https:\/\/www.vallonchene.fr\/de\/wp-json\/wp\/v2\/product_tag?post=52107"}],"curies":[{"name":"wp","href":"https:\/\/api.w.org\/{rel}","templated":true}]}}