{"id":5202,"date":"2021-08-31T11:41:20","date_gmt":"2021-08-31T11:41:20","guid":{"rendered":"https:\/\/testing.vallonchene.fr\/produit\/thuya-plicata-whipcord\/"},"modified":"2026-02-19T16:50:05","modified_gmt":"2026-02-19T15:50:05","slug":"thuya-plicata-whipcord","status":"publish","type":"product","link":"https:\/\/www.vallonchene.fr\/de\/produkt\/thuya-plicata-whipcord\/","title":{"rendered":"THUJA plicata &#8218;Whipcord&#8216;"},"content":{"rendered":"","protected":false},"excerpt":{"rendered":"<p>Dieser <strong>Riesen-Lebensbaum<\/strong> ist durch sein sehr feines Laub sehr besonders. Der <strong>THUYA plicata &#8218;Whipcord&#8216;<\/strong> ist gr\u00fcn und hat eine sehr dekorative Zeichnung. Er ist sehr robust und eignet sich f\u00fcr kleine G\u00e4rten und Steing\u00e4rten.<\/p>\n","protected":false},"featured_media":42583,"comment_status":"open","ping_status":"closed","template":"","meta":[],"product_brand":[],"product_cat":[255],"product_tag":[13146,13148,13145,13147],"class_list":{"0":"post-5202","1":"product","2":"type-product","3":"status-publish","4":"has-post-thumbnail","6":"product_cat-koniferen-de","7":"product_tag-riesen-lebensbaum-2","8":"product_tag-riesen-thuja-2","9":"product_tag-thuya","10":"product_tag-thuya-plicata","11":"pa_99-hauteurapproximativeapres1-50_100cm-de","12":"pa_couleurdufeuillage-grun-de","13":"pa_exigencesenhumidite-feucht-de","14":"pa_exigencesenhumidite-normal-de","15":"pa_exigencesenhumidite-trocken-de","16":"pa_expositionspossibles-ce-halbschattigsonnezw12und17-de","17":"pa_expositionspossibles-sonnigvon12bis17uhr-de","18":"pa_hauteurlivree-20-bis-25cm","19":"pa_hauteurlivree-25-bis-30-cm","20":"pa_hauteurlivree-30-bis-40-cm","21":"pa_hauteurlivree-40-bis-50-cm","22":"pa_hauteurlivree-50-bis-60-cm","23":"pa_hauteurlivree-70-bis-80-cm","24":"pa_interetauprintemps-form-de","25":"pa_interetauprintemps-laub-de","26":"pa_interetenautomne-form-de","27":"pa_interetenautomne-laub-de","28":"pa_interetenete-form-de","29":"pa_interetenete-laub-de","30":"pa_interetenhiver-form-de","31":"pa_interetenhiver-laub-de","32":"pa_naturedufeuillage-immergrun-de","33":"pa_naturesdesolpossibles-leicht-de","34":"pa_naturesdesolpossibles-normal-de","35":"pa_naturesdesolpossibles-schwer-de","36":"pa_particularites-form-de","37":"pa_periodedetaille-marz-de","38":"pa_phdusolacceptable-kalkigmehrals75-de","39":"pa_phdusolacceptable-neutralzw65u75-de","40":"pa_phdusolacceptable-sauerwenigerals65-de","41":"pa_portgraphisme-rund-de","42":"pa_resistanceaufroidrusticite-frostbestandigunter_20c-de","43":"pa_tailledepot-1-5-liter-topf","44":"pa_tailledepot-10liter_topf-de","45":"pa_tailledepot-15liter_topf-de","46":"pa_tailledepot-3liter_topf-de","47":"pa_tailledepot-5liter_topf-de","48":"pa_tailledepot-75liter_topf-de","49":"pa_utilisationpossible-beet-de","50":"pa_utilisationpossible-kubelodertopf-de","52":"first","53":"instock","54":"taxable","55":"shipping-taxable","56":"purchasable","57":"product-type-variable","58":"has-default-attributes"},"supplier_id":null,"supplier_sku":"","barcode":null,"atum_controlled":true,"out_stock_date":null,"out_stock_threshold":null,"inheritable":true,"inbound_stock":0,"stock_on_hold":0,"sold_today":0,"sales_last_days":0,"reserved_stock":0,"customer_returns":0,"warehouse_damage":0,"lost_in_post":0,"other_logs":0,"out_stock_days":null,"lost_sales":0,"has_location":false,"update_date":"2026-02-16T10:27:19","atum_locations":[],"atum_stock_status":"instock","restock_status":false,"low_stock_amount":"","sales_update_date":"2026-01-27T08:52:22","calc_backorders":null,"yoast_head":"<!-- This site is optimized with the Yoast SEO Premium plugin v27.4 (Yoast SEO v27.4) - https:\/\/yoast.com\/product\/yoast-seo-premium-wordpress\/ -->\n<title>THUYA plicata &#039;Whipcord&#039; - Riesen-Lebensbaum<\/title>\n<meta name=\"description\" content=\"Dieser Riesen-Lebensbaum ist durch sein sehr feines Laub sehr besonders. Der THUYA plicata &#039;Whipcord&#039; ist gr\u00fcn und hat eine sehr dekorative Zeichnung. Er ist sehr robust und f\u00fcr kleine G\u00e4rten geeignet und\u2026\" \/>\n<meta name=\"robots\" content=\"index, follow, max-snippet:-1, max-image-preview:large, max-video-preview:-1\" \/>\n<link rel=\"canonical\" href=\"https:\/\/www.vallonchene.fr\/de\/produkt\/thuya-plicata-whipcord\/\" \/>\n<meta property=\"og:locale\" content=\"de_DE\" \/>\n<meta property=\"og:type\" content=\"article\" \/>\n<meta property=\"og:title\" content=\"THUJA plicata &#039;Whipcord&#039;\" \/>\n<meta property=\"og:description\" content=\"Dieser Riesen-Lebensbaum ist durch sein sehr feines Laub sehr besonders. Der THUYA plicata &#039;Whipcord&#039; ist gr\u00fcn und hat eine sehr dekorative Zeichnung. Er ist sehr robust und f\u00fcr kleine G\u00e4rten geeignet und\u2026\" \/>\n<meta property=\"og:url\" content=\"https:\/\/www.vallonchene.fr\/de\/produkt\/thuya-plicata-whipcord\/\" \/>\n<meta property=\"og:site_name\" content=\"Vallonch\u00eane\" \/>\n<meta property=\"article:publisher\" content=\"https:\/\/www.facebook.com\/vallonchene.fr\" \/>\n<meta property=\"article:modified_time\" content=\"2026-02-19T15:50:05+00:00\" \/>\n<meta property=\"og:image\" content=\"https:\/\/www.vallonchene.fr\/wp-content\/uploads\/2021\/08\/THUYA-plicata-Whipcord.webp\" \/>\n\t<meta property=\"og:image:width\" content=\"1000\" \/>\n\t<meta property=\"og:image:height\" content=\"1000\" \/>\n\t<meta property=\"og:image:type\" content=\"image\/webp\" \/>\n<meta name=\"twitter:card\" content=\"summary_large_image\" \/>\n<meta name=\"twitter:label1\" content=\"Verf\u00fcgbarkeit\" \/>\n\t<meta name=\"twitter:data1\" content=\"Vorr\u00e4tig\" \/>\n<script type=\"application\/ld+json\" class=\"yoast-schema-graph\">{\"@context\":\"https:\\\/\\\/schema.org\",\"@graph\":[{\"@type\":\"WebPage\",\"@id\":\"https:\\\/\\\/www.vallonchene.fr\\\/de\\\/produkt\\\/thuya-plicata-whipcord\\\/\",\"url\":\"https:\\\/\\\/www.vallonchene.fr\\\/de\\\/produkt\\\/thuya-plicata-whipcord\\\/\",\"name\":\"THUYA plicata 'Whipcord' - Riesen-Lebensbaum\",\"isPartOf\":{\"@id\":\"https:\\\/\\\/www.vallonchene.fr\\\/de\\\/#website\"},\"primaryImageOfPage\":{\"@id\":\"https:\\\/\\\/www.vallonchene.fr\\\/de\\\/produkt\\\/thuya-plicata-whipcord\\\/#primaryimage\"},\"image\":{\"@id\":\"https:\\\/\\\/www.vallonchene.fr\\\/de\\\/produkt\\\/thuya-plicata-whipcord\\\/#primaryimage\"},\"thumbnailUrl\":\"https:\\\/\\\/www.vallonchene.fr\\\/wp-content\\\/uploads\\\/2021\\\/08\\\/THUYA-plicata-Whipcord.webp\",\"datePublished\":\"2021-08-31T11:41:20+00:00\",\"dateModified\":\"2026-02-19T15:50:05+00:00\",\"description\":\"Dieser Riesen-Lebensbaum ist durch sein sehr feines Laub sehr besonders. Der THUYA plicata 'Whipcord' ist gr\u00fcn und hat eine sehr dekorative Zeichnung. Er ist sehr robust und f\u00fcr kleine G\u00e4rten geeignet und\u2026\",\"breadcrumb\":{\"@id\":\"https:\\\/\\\/www.vallonchene.fr\\\/de\\\/produkt\\\/thuya-plicata-whipcord\\\/#breadcrumb\"},\"inLanguage\":\"de\",\"potentialAction\":[{\"@type\":\"ReadAction\",\"target\":[\"https:\\\/\\\/www.vallonchene.fr\\\/de\\\/produkt\\\/thuya-plicata-whipcord\\\/\"]}]},{\"@type\":\"ImageObject\",\"inLanguage\":\"de\",\"@id\":\"https:\\\/\\\/www.vallonchene.fr\\\/de\\\/produkt\\\/thuya-plicata-whipcord\\\/#primaryimage\",\"url\":\"https:\\\/\\\/www.vallonchene.fr\\\/wp-content\\\/uploads\\\/2021\\\/08\\\/THUYA-plicata-Whipcord.webp\",\"contentUrl\":\"https:\\\/\\\/www.vallonchene.fr\\\/wp-content\\\/uploads\\\/2021\\\/08\\\/THUYA-plicata-Whipcord.webp\",\"width\":1000,\"height\":1000,\"caption\":\"THUYA plicata 'Whipcord' mit seinem gr\u00fcnen Laub\"},{\"@type\":\"BreadcrumbList\",\"@id\":\"https:\\\/\\\/www.vallonchene.fr\\\/de\\\/produkt\\\/thuya-plicata-whipcord\\\/#breadcrumb\",\"itemListElement\":[{\"@type\":\"ListItem\",\"position\":1,\"name\":\"Home\",\"item\":\"https:\\\/\\\/www.vallonchene.fr\\\/de\\\/\"},{\"@type\":\"ListItem\",\"position\":2,\"name\":\"Shop\",\"item\":\"https:\\\/\\\/www.vallonchene.fr\\\/de\\\/shop\\\/\"},{\"@type\":\"ListItem\",\"position\":3,\"name\":\"Online-Verkauf\",\"item\":\"https:\\\/\\\/www.vallonchene.fr\\\/de\\\/produkt-kategorie\\\/online-verkauf-de\\\/\"},{\"@type\":\"ListItem\",\"position\":4,\"name\":\"Baumschule\",\"item\":\"https:\\\/\\\/www.vallonchene.fr\\\/de\\\/produkt-kategorie\\\/online-verkauf-de\\\/baumschule-gaertnerei-de\\\/\"},{\"@type\":\"ListItem\",\"position\":5,\"name\":\"Koniferen\",\"item\":\"https:\\\/\\\/www.vallonchene.fr\\\/de\\\/produkt-kategorie\\\/online-verkauf-de\\\/baumschule-gaertnerei-de\\\/koniferen-de\\\/\"},{\"@type\":\"ListItem\",\"position\":6,\"name\":\"THUJA plicata &lsquo;Whipcord&rsquo;\"}]},{\"@type\":\"WebSite\",\"@id\":\"https:\\\/\\\/www.vallonchene.fr\\\/de\\\/#website\",\"url\":\"https:\\\/\\\/www.vallonchene.fr\\\/de\\\/\",\"name\":\"Vallonch\u00eane\",\"description\":\"Die Baumschule, bei der Qualit\u00e4t ihre Wurzeln hat \u2013 Tel.: +49 (0)6838-5399840\",\"publisher\":{\"@id\":\"https:\\\/\\\/www.vallonchene.fr\\\/de\\\/#organization\"},\"potentialAction\":[{\"@type\":\"SearchAction\",\"target\":{\"@type\":\"EntryPoint\",\"urlTemplate\":\"https:\\\/\\\/www.vallonchene.fr\\\/de\\\/?s={search_term_string}\"},\"query-input\":{\"@type\":\"PropertyValueSpecification\",\"valueRequired\":true,\"valueName\":\"search_term_string\"}}],\"inLanguage\":\"de\"},{\"@type\":\"Organization\",\"@id\":\"https:\\\/\\\/www.vallonchene.fr\\\/de\\\/#organization\",\"name\":\"VALLONCHENE\",\"url\":\"https:\\\/\\\/www.vallonchene.fr\\\/de\\\/\",\"logo\":{\"@type\":\"ImageObject\",\"inLanguage\":\"de\",\"@id\":\"https:\\\/\\\/www.vallonchene.fr\\\/de\\\/#\\\/schema\\\/logo\\\/image\\\/\",\"url\":\"https:\\\/\\\/www.vallonchene.fr\\\/wp-content\\\/uploads\\\/2023\\\/03\\\/Logo-Vallonchene-site-et-R_hauteur_100.png\",\"contentUrl\":\"https:\\\/\\\/www.vallonchene.fr\\\/wp-content\\\/uploads\\\/2023\\\/03\\\/Logo-Vallonchene-site-et-R_hauteur_100.png\",\"width\":221,\"height\":100,\"caption\":\"VALLONCHENE\"},\"image\":{\"@id\":\"https:\\\/\\\/www.vallonchene.fr\\\/de\\\/#\\\/schema\\\/logo\\\/image\\\/\"},\"sameAs\":[\"https:\\\/\\\/www.facebook.com\\\/vallonchene.fr\",\"https:\\\/\\\/www.instagram.com\\\/vallonchene\\\/\",\"https:\\\/\\\/www.pinterest.fr\\\/vallonchene\\\/\"],\"taxID\":\"49454502300017\",\"hasMerchantReturnPolicy\":{\"@type\":\"MerchantReturnPolicy\",\"merchantReturnLink\":\"https:\\\/\\\/www.vallonchene.fr\\\/remboursements_retours\\\/\"}}]}<\/script>\n<meta property=\"og:availability\" content=\"instock\" \/>\n<meta property=\"product:availability\" content=\"instock\" \/>\n<meta property=\"product:retailer_item_id\" content=\"77128\" \/>\n<meta property=\"product:condition\" content=\"new\" \/>\n<!-- \/ Yoast SEO Premium plugin. -->","yoast_head_json":{"title":"THUYA plicata 'Whipcord' - Riesen-Lebensbaum","description":"Dieser Riesen-Lebensbaum ist durch sein sehr feines Laub sehr besonders. Der THUYA plicata 'Whipcord' ist gr\u00fcn und hat eine sehr dekorative Zeichnung. Er ist sehr robust und f\u00fcr kleine G\u00e4rten geeignet und\u2026","robots":{"index":"index","follow":"follow","max-snippet":"max-snippet:-1","max-image-preview":"max-image-preview:large","max-video-preview":"max-video-preview:-1"},"canonical":"https:\/\/www.vallonchene.fr\/de\/produkt\/thuya-plicata-whipcord\/","og_locale":"de_DE","og_type":"article","og_title":"THUJA plicata 'Whipcord'","og_description":"Dieser Riesen-Lebensbaum ist durch sein sehr feines Laub sehr besonders. Der THUYA plicata 'Whipcord' ist gr\u00fcn und hat eine sehr dekorative Zeichnung. Er ist sehr robust und f\u00fcr kleine G\u00e4rten geeignet und\u2026","og_url":"https:\/\/www.vallonchene.fr\/de\/produkt\/thuya-plicata-whipcord\/","og_site_name":"Vallonch\u00eane","article_publisher":"https:\/\/www.facebook.com\/vallonchene.fr","article_modified_time":"2026-02-19T15:50:05+00:00","og_image":[{"width":1000,"height":1000,"url":"https:\/\/www.vallonchene.fr\/wp-content\/uploads\/2021\/08\/THUYA-plicata-Whipcord.webp","type":"image\/webp"}],"twitter_card":"summary_large_image","twitter_misc":{"Verf\u00fcgbarkeit":"Vorr\u00e4tig"},"schema":{"@context":"https:\/\/schema.org","@graph":[{"@type":"WebPage","@id":"https:\/\/www.vallonchene.fr\/de\/produkt\/thuya-plicata-whipcord\/","url":"https:\/\/www.vallonchene.fr\/de\/produkt\/thuya-plicata-whipcord\/","name":"THUYA plicata 'Whipcord' - Riesen-Lebensbaum","isPartOf":{"@id":"https:\/\/www.vallonchene.fr\/de\/#website"},"primaryImageOfPage":{"@id":"https:\/\/www.vallonchene.fr\/de\/produkt\/thuya-plicata-whipcord\/#primaryimage"},"image":{"@id":"https:\/\/www.vallonchene.fr\/de\/produkt\/thuya-plicata-whipcord\/#primaryimage"},"thumbnailUrl":"https:\/\/www.vallonchene.fr\/wp-content\/uploads\/2021\/08\/THUYA-plicata-Whipcord.webp","datePublished":"2021-08-31T11:41:20+00:00","dateModified":"2026-02-19T15:50:05+00:00","description":"Dieser Riesen-Lebensbaum ist durch sein sehr feines Laub sehr besonders. Der THUYA plicata 'Whipcord' ist gr\u00fcn und hat eine sehr dekorative Zeichnung. Er ist sehr robust und f\u00fcr kleine G\u00e4rten geeignet und\u2026","breadcrumb":{"@id":"https:\/\/www.vallonchene.fr\/de\/produkt\/thuya-plicata-whipcord\/#breadcrumb"},"inLanguage":"de","potentialAction":[{"@type":"ReadAction","target":["https:\/\/www.vallonchene.fr\/de\/produkt\/thuya-plicata-whipcord\/"]}]},{"@type":"ImageObject","inLanguage":"de","@id":"https:\/\/www.vallonchene.fr\/de\/produkt\/thuya-plicata-whipcord\/#primaryimage","url":"https:\/\/www.vallonchene.fr\/wp-content\/uploads\/2021\/08\/THUYA-plicata-Whipcord.webp","contentUrl":"https:\/\/www.vallonchene.fr\/wp-content\/uploads\/2021\/08\/THUYA-plicata-Whipcord.webp","width":1000,"height":1000,"caption":"THUYA plicata 'Whipcord' mit seinem gr\u00fcnen Laub"},{"@type":"BreadcrumbList","@id":"https:\/\/www.vallonchene.fr\/de\/produkt\/thuya-plicata-whipcord\/#breadcrumb","itemListElement":[{"@type":"ListItem","position":1,"name":"Home","item":"https:\/\/www.vallonchene.fr\/de\/"},{"@type":"ListItem","position":2,"name":"Shop","item":"https:\/\/www.vallonchene.fr\/de\/shop\/"},{"@type":"ListItem","position":3,"name":"Online-Verkauf","item":"https:\/\/www.vallonchene.fr\/de\/produkt-kategorie\/online-verkauf-de\/"},{"@type":"ListItem","position":4,"name":"Baumschule","item":"https:\/\/www.vallonchene.fr\/de\/produkt-kategorie\/online-verkauf-de\/baumschule-gaertnerei-de\/"},{"@type":"ListItem","position":5,"name":"Koniferen","item":"https:\/\/www.vallonchene.fr\/de\/produkt-kategorie\/online-verkauf-de\/baumschule-gaertnerei-de\/koniferen-de\/"},{"@type":"ListItem","position":6,"name":"THUJA plicata &lsquo;Whipcord&rsquo;"}]},{"@type":"WebSite","@id":"https:\/\/www.vallonchene.fr\/de\/#website","url":"https:\/\/www.vallonchene.fr\/de\/","name":"Vallonch\u00eane","description":"Die Baumschule, bei der Qualit\u00e4t ihre Wurzeln hat \u2013 Tel.: +49 (0)6838-5399840","publisher":{"@id":"https:\/\/www.vallonchene.fr\/de\/#organization"},"potentialAction":[{"@type":"SearchAction","target":{"@type":"EntryPoint","urlTemplate":"https:\/\/www.vallonchene.fr\/de\/?s={search_term_string}"},"query-input":{"@type":"PropertyValueSpecification","valueRequired":true,"valueName":"search_term_string"}}],"inLanguage":"de"},{"@type":"Organization","@id":"https:\/\/www.vallonchene.fr\/de\/#organization","name":"VALLONCHENE","url":"https:\/\/www.vallonchene.fr\/de\/","logo":{"@type":"ImageObject","inLanguage":"de","@id":"https:\/\/www.vallonchene.fr\/de\/#\/schema\/logo\/image\/","url":"https:\/\/www.vallonchene.fr\/wp-content\/uploads\/2023\/03\/Logo-Vallonchene-site-et-R_hauteur_100.png","contentUrl":"https:\/\/www.vallonchene.fr\/wp-content\/uploads\/2023\/03\/Logo-Vallonchene-site-et-R_hauteur_100.png","width":221,"height":100,"caption":"VALLONCHENE"},"image":{"@id":"https:\/\/www.vallonchene.fr\/de\/#\/schema\/logo\/image\/"},"sameAs":["https:\/\/www.facebook.com\/vallonchene.fr","https:\/\/www.instagram.com\/vallonchene\/","https:\/\/www.pinterest.fr\/vallonchene\/"],"taxID":"49454502300017","hasMerchantReturnPolicy":{"@type":"MerchantReturnPolicy","merchantReturnLink":"https:\/\/www.vallonchene.fr\/remboursements_retours\/"}}]},"og_availability":"instock","product_availability":"instock","product_retailer_item_id":"77128","product_condition":"new"},"_links":{"self":[{"href":"https:\/\/www.vallonchene.fr\/de\/wp-json\/wp\/v2\/product\/5202","targetHints":{"allow":["GET"]}}],"collection":[{"href":"https:\/\/www.vallonchene.fr\/de\/wp-json\/wp\/v2\/product"}],"about":[{"href":"https:\/\/www.vallonchene.fr\/de\/wp-json\/wp\/v2\/types\/product"}],"replies":[{"embeddable":true,"href":"https:\/\/www.vallonchene.fr\/de\/wp-json\/wp\/v2\/comments?post=5202"}],"wp:featuredmedia":[{"embeddable":true,"href":"https:\/\/www.vallonchene.fr\/de\/wp-json\/wp\/v2\/media\/42583"}],"wp:attachment":[{"href":"https:\/\/www.vallonchene.fr\/de\/wp-json\/wp\/v2\/media?parent=5202"}],"wp:term":[{"taxonomy":"product_brand","embeddable":true,"href":"https:\/\/www.vallonchene.fr\/de\/wp-json\/wp\/v2\/product_brand?post=5202"},{"taxonomy":"product_cat","embeddable":true,"href":"https:\/\/www.vallonchene.fr\/de\/wp-json\/wp\/v2\/product_cat?post=5202"},{"taxonomy":"product_tag","embeddable":true,"href":"https:\/\/www.vallonchene.fr\/de\/wp-json\/wp\/v2\/product_tag?post=5202"}],"curies":[{"name":"wp","href":"https:\/\/api.w.org\/{rel}","templated":true}]}}