{"id":5117,"date":"2021-08-31T11:37:50","date_gmt":"2021-08-31T11:37:50","guid":{"rendered":"https:\/\/testing.vallonchene.fr\/produit\/sequoiadendron-giganteum-powder-blue\/"},"modified":"2026-03-05T10:11:12","modified_gmt":"2026-03-05T09:11:12","slug":"sequoiadendron-giganteum-powder-blue","status":"publish","type":"product","link":"https:\/\/www.vallonchene.fr\/de\/produkt\/sequoiadendron-giganteum-powder-blue\/","title":{"rendered":"SEQUOIADENDRON giganteum &#8218;Powder Blue&#8216;"},"content":{"rendered":"<h2>Die Pflanze<\/h2>\n<p>Der <strong>SEQUOIADENDRON giganteum &#8218;Powder Blue&#8216;<\/strong> ist wahrscheinlich der <strong>Riesenmammutbaum<\/strong> mit dem <strong>bislang blauesten Laub<\/strong>. Die Farbe ist wirklich <strong>sehr hell<\/strong> (siehe Fotos). Es handelt sich um eine sehr seltene Variante. Sie ist deutlich blauer als der klassische SEQUOIADENDRON giganteum &#8218;Glaucum&#8216;.   <\/p>\n<p>Trotz der Tatsache, dass es sich um einen SEQUOIA giganteum handelt, <strong>wird dieser Baum nach etwa zwanzig Jahren nicht mehr als 3 Meter im Durchmesser und 8 Meter in der H\u00f6he erreichen<\/strong>. Daher eignet er sich auch sehr gut f\u00fcr mittelgro\u00dfe G\u00e4rten. <\/p>\n<p>Zudem macht sein sehr <strong>regelm\u00e4\u00dfiger konischer Wuchs und seine schlanke Silhouette<\/strong> ihn das ganze Jahr \u00fcber zu einem wichtigen Strukturelement. Au\u00dferdem k\u00f6nnen Sie die unteren Zweige erhalten oder entfernen, um einen neuen Raum im Schatten dieser wundersch\u00f6nen Pflanze zu schaffen. <\/p>\n<p>Schlie\u00dflich verf\u00fcgt dieser SEQUOIA mit <strong>m\u00e4\u00dfigem Wachstum<\/strong> \u00fcber eine sehr feste Verankerung und ist dadurch <strong>besonders windbest\u00e4ndig<\/strong>. Ferner ist er <strong>vollkommen winterhart<\/strong>, da er im <strong><a href=\"https:\/\/jardin.vallonchene.fr\/de\/\">Garten von Vallonch\u00eane<\/a><\/strong> Temperaturen unter \u201322 \u00b0C \u00fcberstanden hat. <\/p>\n<h2>Geschichte und Herkunft<\/h2>\n<p>Der <em>SEQUOIADENDRON giganteum &#8218;Powder Blue&#8216;<\/em> wurde vor 1999 in der Baumschule Peacedale in den USA ausgew\u00e4hlt, weil er sich durch ein au\u00dfergew\u00f6hnlich intensiv blaues Laub auszeichnete.<\/p>\n<p>Die Typusart <em>SEQUOIADENDRON giganteum<\/em> stammt aus den Bergen der Sierra Nevada in Kalifornien. Es ist die einzige Art der Gattung und gilt als der gr\u00f6\u00dfte Baum der Welt in Bezug auf das Volumen. <\/p>\n<p>Erst gegen Ende des 20. Jahrhunderts begannen die Baumschulen, besondere Varianten wie den <em>S. giganteum &#8218;Glaucum&#8216;<\/em> oder den <em>S. giganteum &#8218;Pendulum&#8216;<\/em> auszuw\u00e4hlen und zu entwickeln.<\/p>\n<h2>Wie pflanzt und pflegt man SEQUOIADENDRON giganteum &#8218;Powder Blue&#8216;?<\/h2>\n<h3>Die Pflanzung <br \/><\/h3>\n<p>Es ist eine Pflanze, die sich recht einfach kultivieren l\u00e4sst. Dennoch ist es wichtig, die folgenden Punkte zu ber\u00fccksichtigen: <\/p>\n<ol>\n<li><strong>W\u00e4hlen Sie einen Standort in voller Sonne<\/strong>, da dieser entscheidend ist, um die intensivste F\u00e4rbung zu erzielen. Je mehr direktes Sonnenlicht die Pflanze erh\u00e4lt, desto intensiver wird die Farbe ihres Laubes sein. <\/li>\n<li>Angesichts seiner geringen Bodenfl\u00e4che kann er sowohl <strong>in einem Beet als auch als Solit\u00e4r<\/strong> gepflanzt werden.<\/li>\n<li>Dieser Baum <strong>akzeptiert einen leichten, normalen, schweren und sogar sehr schweren Boden<\/strong>, was au\u00dfergew\u00f6hnlich ist.<\/li>\n<li>Der Boden kann <strong>frisch bis feucht, m\u00e4\u00dfig feucht oder trocken<\/strong> sein und einen <strong>sauren, neutralen oder kalkhaltigen pH-Wert<\/strong> aufweisen.<\/li>\n<li>F\u00fcr eine gute Vorbereitung des Pflanzlochs haben wir <a href=\"https:\/\/www.vallonchene.fr\/comment-planter-et-entretenir-des-vegetaux\/comment-planter-et-entretenir-arbres-arbustes-et-coniferes\/\" target=\"_blank\" rel=\"noreferrer noopener\"><strong>spezielle Anweisungen entwickelt, die hier verf\u00fcgbar<\/strong><\/a> sind.<\/li>\n<\/ol>\n<h3>Die Pflege <br \/><\/h3>\n<p>In den ersten beiden Jahren sollten Sie w\u00e4hrend trockener Perioden f\u00fcr eine regelm\u00e4\u00dfige Bew\u00e4sserung sorgen, um ein gutes Anwachsen zu gew\u00e4hrleisten. Wenn Sie dar\u00fcber hinaus sein Wachstum beschleunigen m\u00f6chten, beachten Sie, dass er umso schneller w\u00e4chst, je mehr Wasser Sie ihm in Trockenzeiten geben (auch nach den ersten beiden Jahren). <a href=\"https:\/\/www.vallonchene.fr\/comment-bien-arroser-le-jardin-et-economiser-leau\/\"><strong>Lesen Sie au\u00dferdem hier unsere Tipps, wie man richtig gie\u00dft und dabei Wasser spart.<\/strong><\/a>  <\/p>\n<p><strong>Die unteren Zweige k\u00f6nnen an der Pflanze bleiben, da sie w\u00e4hrend ihres gesamten Lebens sch\u00f6n bleiben.<\/strong> Dennoch k\u00f6nnen Sie die unteren Zweige auch entfernen, um ihren <strong>herrlichen Stamm<\/strong> freizulegen und einen neuen, vor der Sonne gesch\u00fctzten Raum zu schaffen.<\/p>\n<p>&nbsp;<\/p>\n<p>&nbsp;<\/p>\n","protected":false},"excerpt":{"rendered":"<p>Dieser <strong>Riesenmammutbaum<\/strong> hat eine extrem blaue Farbe. <g id=\"gid_1\">SEQUOIADENDRON giganteum &#8218;Powder Blue&#8216;<\/g> ist eine sehr windbest\u00e4ndige und robuste Pflanze. Durch den reduzierten Wuchs ist er f\u00fcr mittelgro\u00dfe G\u00e4rten geeignet.  <\/p>\n","protected":false},"featured_media":56466,"comment_status":"open","ping_status":"closed","template":"","meta":[],"product_brand":[],"product_cat":[255],"product_tag":[12121,12120,12119],"class_list":{"0":"post-5117","1":"product","2":"type-product","3":"status-publish","4":"has-post-thumbnail","6":"product_cat-koniferen-de","7":"product_tag-blauer-riesenmammutbaum","8":"product_tag-sequoiadendron-de","9":"product_tag-sequoiadendron-giganteum-de","10":"pa_99-hauteurapproximativeapres1-3_5m-de","11":"pa_couleurdufeuillage-blau-de","12":"pa_exigencesenhumidite-feucht-de","13":"pa_exigencesenhumidite-normal-de","14":"pa_exigencesenhumidite-trocken-de","15":"pa_expositionspossibles-sonnigvon12bis17uhr-de","16":"pa_hauteurlivree-125-bis-150-cm","17":"pa_hauteurlivree-150-bis-175-cm","18":"pa_hauteurlivree-30-bis-40-cm","19":"pa_hauteurlivree-40-bis-50-cm","20":"pa_hauteurlivree-50-bis-60-cm","21":"pa_hauteurlivree-80-bis-100-cm","22":"pa_interetauprintemps-form-de","23":"pa_interetauprintemps-laub-de","24":"pa_interetenautomne-form-de","25":"pa_interetenautomne-laub-de","26":"pa_interetenete-form-de","27":"pa_interetenete-laub-de","28":"pa_interetenhiver-form-de","29":"pa_interetenhiver-laub-de","30":"pa_naturedufeuillage-immergrun-de","31":"pa_naturesdesolpossibles-leicht-de","32":"pa_naturesdesolpossibles-normal-de","33":"pa_naturesdesolpossibles-schwer-de","34":"pa_naturesdesolpossibles-sehrschwer-de","35":"pa_particularites-form-de","36":"pa_periodedetaille-marz-de","37":"pa_phdusolacceptable-kalkigmehrals75-de","38":"pa_phdusolacceptable-neutralzw65u75-de","39":"pa_phdusolacceptable-sauerwenigerals65-de","40":"pa_portgraphisme-konisch-de","41":"pa_resistanceaufroidrusticite-frostbestandigunter_20c-de","42":"pa_tailledepot-10liter_topf-de","43":"pa_tailledepot-3liter_topf-de","44":"pa_tailledepot-5liter_topf-de","45":"pa_tailledepot-75liter_topf-de","46":"pa_utilisationpossible-alleinstehend-de","47":"pa_utilisationpossible-beet-de","49":"first","50":"outofstock","51":"taxable","52":"shipping-taxable","53":"purchasable","54":"product-type-variable","55":"has-default-attributes"},"supplier_id":null,"supplier_sku":"","barcode":null,"atum_controlled":true,"out_stock_date":null,"out_stock_threshold":null,"inheritable":true,"inbound_stock":0,"stock_on_hold":0,"sold_today":0,"sales_last_days":0,"reserved_stock":0,"customer_returns":0,"warehouse_damage":0,"lost_in_post":0,"other_logs":0,"out_stock_days":null,"lost_sales":0,"has_location":false,"update_date":"2026-04-20T07:35:07","atum_locations":[],"atum_stock_status":"instock","restock_status":false,"low_stock_amount":"","sales_update_date":"2026-03-05T09:09:21","calc_backorders":null,"yoast_head":"<!-- This site is optimized with the Yoast SEO Premium plugin v27.4 (Yoast SEO v27.4) - https:\/\/yoast.com\/product\/yoast-seo-premium-wordpress\/ -->\n<title>SEQUOIADENDRON giganteum &#039;Powder Blue&#039; - Riesenmammutbaum<\/title>\n<meta name=\"description\" content=\"Diese Riesenmammutbaum hat eine extrem blaue Farbe. SEQUOIADENDRON giganteum &#039;Powder Blue&#039; ist eine sehr windbest\u00e4ndige und robuste Pflanze.\" \/>\n<meta name=\"robots\" content=\"index, follow, max-snippet:-1, max-image-preview:large, max-video-preview:-1\" \/>\n<link rel=\"canonical\" href=\"https:\/\/www.vallonchene.fr\/de\/produkt\/sequoiadendron-giganteum-powder-blue\/\" \/>\n<meta property=\"og:locale\" content=\"de_DE\" \/>\n<meta property=\"og:type\" content=\"article\" \/>\n<meta property=\"og:title\" content=\"SEQUOIADENDRON giganteum &#039;Powder Blue&#039;\" \/>\n<meta property=\"og:description\" content=\"Diese Riesenmammutbaum hat eine extrem blaue Farbe. SEQUOIADENDRON giganteum &#039;Powder Blue&#039; ist eine sehr windbest\u00e4ndige und robuste Pflanze.\" \/>\n<meta property=\"og:url\" content=\"https:\/\/www.vallonchene.fr\/de\/produkt\/sequoiadendron-giganteum-powder-blue\/\" \/>\n<meta property=\"og:site_name\" content=\"Vallonch\u00eane\" \/>\n<meta property=\"article:publisher\" content=\"https:\/\/www.facebook.com\/vallonchene.fr\" \/>\n<meta property=\"article:modified_time\" content=\"2026-03-05T09:11:12+00:00\" \/>\n<meta property=\"og:image\" content=\"https:\/\/www.vallonchene.fr\/wp-content\/uploads\/2025\/12\/SEQUOIADENDRON-giganteum-Powder-Blue.webp\" \/>\n\t<meta property=\"og:image:width\" content=\"1024\" \/>\n\t<meta property=\"og:image:height\" content=\"1024\" \/>\n\t<meta property=\"og:image:type\" content=\"image\/webp\" \/>\n<meta name=\"twitter:card\" content=\"summary_large_image\" \/>\n<meta name=\"twitter:label1\" content=\"Verf\u00fcgbarkeit\" \/>\n\t<meta name=\"twitter:data1\" content=\"Nicht vorr\u00e4tig\" \/>\n<script type=\"application\/ld+json\" class=\"yoast-schema-graph\">{\"@context\":\"https:\\\/\\\/schema.org\",\"@graph\":[{\"@type\":\"WebPage\",\"@id\":\"https:\\\/\\\/www.vallonchene.fr\\\/de\\\/produkt\\\/sequoiadendron-giganteum-powder-blue\\\/\",\"url\":\"https:\\\/\\\/www.vallonchene.fr\\\/de\\\/produkt\\\/sequoiadendron-giganteum-powder-blue\\\/\",\"name\":\"SEQUOIADENDRON giganteum 'Powder Blue' - Riesenmammutbaum\",\"isPartOf\":{\"@id\":\"https:\\\/\\\/www.vallonchene.fr\\\/de\\\/#website\"},\"primaryImageOfPage\":{\"@id\":\"https:\\\/\\\/www.vallonchene.fr\\\/de\\\/produkt\\\/sequoiadendron-giganteum-powder-blue\\\/#primaryimage\"},\"image\":{\"@id\":\"https:\\\/\\\/www.vallonchene.fr\\\/de\\\/produkt\\\/sequoiadendron-giganteum-powder-blue\\\/#primaryimage\"},\"thumbnailUrl\":\"https:\\\/\\\/www.vallonchene.fr\\\/wp-content\\\/uploads\\\/2025\\\/12\\\/SEQUOIADENDRON-giganteum-Powder-Blue.webp\",\"datePublished\":\"2021-08-31T11:37:50+00:00\",\"dateModified\":\"2026-03-05T09:11:12+00:00\",\"description\":\"Diese Riesenmammutbaum hat eine extrem blaue Farbe. SEQUOIADENDRON giganteum 'Powder Blue' ist eine sehr windbest\u00e4ndige und robuste Pflanze.\",\"breadcrumb\":{\"@id\":\"https:\\\/\\\/www.vallonchene.fr\\\/de\\\/produkt\\\/sequoiadendron-giganteum-powder-blue\\\/#breadcrumb\"},\"inLanguage\":\"de\",\"potentialAction\":[{\"@type\":\"ReadAction\",\"target\":[\"https:\\\/\\\/www.vallonchene.fr\\\/de\\\/produkt\\\/sequoiadendron-giganteum-powder-blue\\\/\"]}]},{\"@type\":\"ImageObject\",\"inLanguage\":\"de\",\"@id\":\"https:\\\/\\\/www.vallonchene.fr\\\/de\\\/produkt\\\/sequoiadendron-giganteum-powder-blue\\\/#primaryimage\",\"url\":\"https:\\\/\\\/www.vallonchene.fr\\\/wp-content\\\/uploads\\\/2025\\\/12\\\/SEQUOIADENDRON-giganteum-Powder-Blue.webp\",\"contentUrl\":\"https:\\\/\\\/www.vallonchene.fr\\\/wp-content\\\/uploads\\\/2025\\\/12\\\/SEQUOIADENDRON-giganteum-Powder-Blue.webp\",\"width\":1024,\"height\":1024,\"caption\":\"Ein SEQUOIA giganteum 'Powder Blue' in blaugrau\"},{\"@type\":\"BreadcrumbList\",\"@id\":\"https:\\\/\\\/www.vallonchene.fr\\\/de\\\/produkt\\\/sequoiadendron-giganteum-powder-blue\\\/#breadcrumb\",\"itemListElement\":[{\"@type\":\"ListItem\",\"position\":1,\"name\":\"Home\",\"item\":\"https:\\\/\\\/www.vallonchene.fr\\\/de\\\/\"},{\"@type\":\"ListItem\",\"position\":2,\"name\":\"Shop\",\"item\":\"https:\\\/\\\/www.vallonchene.fr\\\/de\\\/shop\\\/\"},{\"@type\":\"ListItem\",\"position\":3,\"name\":\"Online-Verkauf\",\"item\":\"https:\\\/\\\/www.vallonchene.fr\\\/de\\\/produkt-kategorie\\\/online-verkauf-de\\\/\"},{\"@type\":\"ListItem\",\"position\":4,\"name\":\"Baumschule\",\"item\":\"https:\\\/\\\/www.vallonchene.fr\\\/de\\\/produkt-kategorie\\\/online-verkauf-de\\\/baumschule-gaertnerei-de\\\/\"},{\"@type\":\"ListItem\",\"position\":5,\"name\":\"Koniferen\",\"item\":\"https:\\\/\\\/www.vallonchene.fr\\\/de\\\/produkt-kategorie\\\/online-verkauf-de\\\/baumschule-gaertnerei-de\\\/koniferen-de\\\/\"},{\"@type\":\"ListItem\",\"position\":6,\"name\":\"SEQUOIADENDRON giganteum &#8218;Powder Blue&#8216;\"}]},{\"@type\":\"WebSite\",\"@id\":\"https:\\\/\\\/www.vallonchene.fr\\\/de\\\/#website\",\"url\":\"https:\\\/\\\/www.vallonchene.fr\\\/de\\\/\",\"name\":\"Vallonch\u00eane\",\"description\":\"Die Baumschule, bei der Qualit\u00e4t ihre Wurzeln hat \u2013 Tel.: +49 (0)6838-5399840\",\"publisher\":{\"@id\":\"https:\\\/\\\/www.vallonchene.fr\\\/de\\\/#organization\"},\"potentialAction\":[{\"@type\":\"SearchAction\",\"target\":{\"@type\":\"EntryPoint\",\"urlTemplate\":\"https:\\\/\\\/www.vallonchene.fr\\\/de\\\/?s={search_term_string}\"},\"query-input\":{\"@type\":\"PropertyValueSpecification\",\"valueRequired\":true,\"valueName\":\"search_term_string\"}}],\"inLanguage\":\"de\"},{\"@type\":\"Organization\",\"@id\":\"https:\\\/\\\/www.vallonchene.fr\\\/de\\\/#organization\",\"name\":\"VALLONCHENE\",\"url\":\"https:\\\/\\\/www.vallonchene.fr\\\/de\\\/\",\"logo\":{\"@type\":\"ImageObject\",\"inLanguage\":\"de\",\"@id\":\"https:\\\/\\\/www.vallonchene.fr\\\/de\\\/#\\\/schema\\\/logo\\\/image\\\/\",\"url\":\"https:\\\/\\\/www.vallonchene.fr\\\/wp-content\\\/uploads\\\/2023\\\/03\\\/Logo-Vallonchene-site-et-R_hauteur_100.png\",\"contentUrl\":\"https:\\\/\\\/www.vallonchene.fr\\\/wp-content\\\/uploads\\\/2023\\\/03\\\/Logo-Vallonchene-site-et-R_hauteur_100.png\",\"width\":221,\"height\":100,\"caption\":\"VALLONCHENE\"},\"image\":{\"@id\":\"https:\\\/\\\/www.vallonchene.fr\\\/de\\\/#\\\/schema\\\/logo\\\/image\\\/\"},\"sameAs\":[\"https:\\\/\\\/www.facebook.com\\\/vallonchene.fr\",\"https:\\\/\\\/www.instagram.com\\\/vallonchene\\\/\",\"https:\\\/\\\/www.pinterest.fr\\\/vallonchene\\\/\"],\"taxID\":\"49454502300017\",\"hasMerchantReturnPolicy\":{\"@type\":\"MerchantReturnPolicy\",\"merchantReturnLink\":\"https:\\\/\\\/www.vallonchene.fr\\\/remboursements_retours\\\/\"}}]}<\/script>\n<meta property=\"og:availability\" content=\"out of stock\" \/>\n<meta property=\"product:availability\" content=\"out of stock\" \/>\n<meta property=\"product:retailer_item_id\" content=\"66877\" \/>\n<meta property=\"product:condition\" content=\"new\" \/>\n<!-- \/ Yoast SEO Premium plugin. -->","yoast_head_json":{"title":"SEQUOIADENDRON giganteum 'Powder Blue' - Riesenmammutbaum","description":"Diese Riesenmammutbaum hat eine extrem blaue Farbe. SEQUOIADENDRON giganteum 'Powder Blue' ist eine sehr windbest\u00e4ndige und robuste Pflanze.","robots":{"index":"index","follow":"follow","max-snippet":"max-snippet:-1","max-image-preview":"max-image-preview:large","max-video-preview":"max-video-preview:-1"},"canonical":"https:\/\/www.vallonchene.fr\/de\/produkt\/sequoiadendron-giganteum-powder-blue\/","og_locale":"de_DE","og_type":"article","og_title":"SEQUOIADENDRON giganteum 'Powder Blue'","og_description":"Diese Riesenmammutbaum hat eine extrem blaue Farbe. SEQUOIADENDRON giganteum 'Powder Blue' ist eine sehr windbest\u00e4ndige und robuste Pflanze.","og_url":"https:\/\/www.vallonchene.fr\/de\/produkt\/sequoiadendron-giganteum-powder-blue\/","og_site_name":"Vallonch\u00eane","article_publisher":"https:\/\/www.facebook.com\/vallonchene.fr","article_modified_time":"2026-03-05T09:11:12+00:00","og_image":[{"width":1024,"height":1024,"url":"https:\/\/www.vallonchene.fr\/wp-content\/uploads\/2025\/12\/SEQUOIADENDRON-giganteum-Powder-Blue.webp","type":"image\/webp"}],"twitter_card":"summary_large_image","twitter_misc":{"Verf\u00fcgbarkeit":"Nicht vorr\u00e4tig"},"schema":{"@context":"https:\/\/schema.org","@graph":[{"@type":"WebPage","@id":"https:\/\/www.vallonchene.fr\/de\/produkt\/sequoiadendron-giganteum-powder-blue\/","url":"https:\/\/www.vallonchene.fr\/de\/produkt\/sequoiadendron-giganteum-powder-blue\/","name":"SEQUOIADENDRON giganteum 'Powder Blue' - Riesenmammutbaum","isPartOf":{"@id":"https:\/\/www.vallonchene.fr\/de\/#website"},"primaryImageOfPage":{"@id":"https:\/\/www.vallonchene.fr\/de\/produkt\/sequoiadendron-giganteum-powder-blue\/#primaryimage"},"image":{"@id":"https:\/\/www.vallonchene.fr\/de\/produkt\/sequoiadendron-giganteum-powder-blue\/#primaryimage"},"thumbnailUrl":"https:\/\/www.vallonchene.fr\/wp-content\/uploads\/2025\/12\/SEQUOIADENDRON-giganteum-Powder-Blue.webp","datePublished":"2021-08-31T11:37:50+00:00","dateModified":"2026-03-05T09:11:12+00:00","description":"Diese Riesenmammutbaum hat eine extrem blaue Farbe. SEQUOIADENDRON giganteum 'Powder Blue' ist eine sehr windbest\u00e4ndige und robuste Pflanze.","breadcrumb":{"@id":"https:\/\/www.vallonchene.fr\/de\/produkt\/sequoiadendron-giganteum-powder-blue\/#breadcrumb"},"inLanguage":"de","potentialAction":[{"@type":"ReadAction","target":["https:\/\/www.vallonchene.fr\/de\/produkt\/sequoiadendron-giganteum-powder-blue\/"]}]},{"@type":"ImageObject","inLanguage":"de","@id":"https:\/\/www.vallonchene.fr\/de\/produkt\/sequoiadendron-giganteum-powder-blue\/#primaryimage","url":"https:\/\/www.vallonchene.fr\/wp-content\/uploads\/2025\/12\/SEQUOIADENDRON-giganteum-Powder-Blue.webp","contentUrl":"https:\/\/www.vallonchene.fr\/wp-content\/uploads\/2025\/12\/SEQUOIADENDRON-giganteum-Powder-Blue.webp","width":1024,"height":1024,"caption":"Ein SEQUOIA giganteum 'Powder Blue' in blaugrau"},{"@type":"BreadcrumbList","@id":"https:\/\/www.vallonchene.fr\/de\/produkt\/sequoiadendron-giganteum-powder-blue\/#breadcrumb","itemListElement":[{"@type":"ListItem","position":1,"name":"Home","item":"https:\/\/www.vallonchene.fr\/de\/"},{"@type":"ListItem","position":2,"name":"Shop","item":"https:\/\/www.vallonchene.fr\/de\/shop\/"},{"@type":"ListItem","position":3,"name":"Online-Verkauf","item":"https:\/\/www.vallonchene.fr\/de\/produkt-kategorie\/online-verkauf-de\/"},{"@type":"ListItem","position":4,"name":"Baumschule","item":"https:\/\/www.vallonchene.fr\/de\/produkt-kategorie\/online-verkauf-de\/baumschule-gaertnerei-de\/"},{"@type":"ListItem","position":5,"name":"Koniferen","item":"https:\/\/www.vallonchene.fr\/de\/produkt-kategorie\/online-verkauf-de\/baumschule-gaertnerei-de\/koniferen-de\/"},{"@type":"ListItem","position":6,"name":"SEQUOIADENDRON giganteum &#8218;Powder Blue&#8216;"}]},{"@type":"WebSite","@id":"https:\/\/www.vallonchene.fr\/de\/#website","url":"https:\/\/www.vallonchene.fr\/de\/","name":"Vallonch\u00eane","description":"Die Baumschule, bei der Qualit\u00e4t ihre Wurzeln hat \u2013 Tel.: +49 (0)6838-5399840","publisher":{"@id":"https:\/\/www.vallonchene.fr\/de\/#organization"},"potentialAction":[{"@type":"SearchAction","target":{"@type":"EntryPoint","urlTemplate":"https:\/\/www.vallonchene.fr\/de\/?s={search_term_string}"},"query-input":{"@type":"PropertyValueSpecification","valueRequired":true,"valueName":"search_term_string"}}],"inLanguage":"de"},{"@type":"Organization","@id":"https:\/\/www.vallonchene.fr\/de\/#organization","name":"VALLONCHENE","url":"https:\/\/www.vallonchene.fr\/de\/","logo":{"@type":"ImageObject","inLanguage":"de","@id":"https:\/\/www.vallonchene.fr\/de\/#\/schema\/logo\/image\/","url":"https:\/\/www.vallonchene.fr\/wp-content\/uploads\/2023\/03\/Logo-Vallonchene-site-et-R_hauteur_100.png","contentUrl":"https:\/\/www.vallonchene.fr\/wp-content\/uploads\/2023\/03\/Logo-Vallonchene-site-et-R_hauteur_100.png","width":221,"height":100,"caption":"VALLONCHENE"},"image":{"@id":"https:\/\/www.vallonchene.fr\/de\/#\/schema\/logo\/image\/"},"sameAs":["https:\/\/www.facebook.com\/vallonchene.fr","https:\/\/www.instagram.com\/vallonchene\/","https:\/\/www.pinterest.fr\/vallonchene\/"],"taxID":"49454502300017","hasMerchantReturnPolicy":{"@type":"MerchantReturnPolicy","merchantReturnLink":"https:\/\/www.vallonchene.fr\/remboursements_retours\/"}}]},"og_availability":"out of stock","product_availability":"out of stock","product_retailer_item_id":"66877","product_condition":"new"},"_links":{"self":[{"href":"https:\/\/www.vallonchene.fr\/de\/wp-json\/wp\/v2\/product\/5117","targetHints":{"allow":["GET"]}}],"collection":[{"href":"https:\/\/www.vallonchene.fr\/de\/wp-json\/wp\/v2\/product"}],"about":[{"href":"https:\/\/www.vallonchene.fr\/de\/wp-json\/wp\/v2\/types\/product"}],"replies":[{"embeddable":true,"href":"https:\/\/www.vallonchene.fr\/de\/wp-json\/wp\/v2\/comments?post=5117"}],"wp:featuredmedia":[{"embeddable":true,"href":"https:\/\/www.vallonchene.fr\/de\/wp-json\/wp\/v2\/media\/56466"}],"wp:attachment":[{"href":"https:\/\/www.vallonchene.fr\/de\/wp-json\/wp\/v2\/media?parent=5117"}],"wp:term":[{"taxonomy":"product_brand","embeddable":true,"href":"https:\/\/www.vallonchene.fr\/de\/wp-json\/wp\/v2\/product_brand?post=5117"},{"taxonomy":"product_cat","embeddable":true,"href":"https:\/\/www.vallonchene.fr\/de\/wp-json\/wp\/v2\/product_cat?post=5117"},{"taxonomy":"product_tag","embeddable":true,"href":"https:\/\/www.vallonchene.fr\/de\/wp-json\/wp\/v2\/product_tag?post=5117"}],"curies":[{"name":"wp","href":"https:\/\/api.w.org\/{rel}","templated":true}]}}