{"id":49191,"date":"2023-07-14T13:07:47","date_gmt":"2023-07-14T13:07:47","guid":{"rendered":"https:\/\/www.vallonchene.fr\/produit\/chamaecyparis-obtusa-moonshine\/"},"modified":"2023-07-14T13:07:47","modified_gmt":"2023-07-14T13:07:47","slug":"chamaecyparis-obtusa-moonshine","status":"publish","type":"product","link":"https:\/\/www.vallonchene.fr\/de\/produkt\/chamaecyparis-obtusa-moonshine\/","title":{"rendered":"CHAMAECYPARIS obtusa &#8218;Moonshine&#8216;"},"content":{"rendered":"","protected":false},"excerpt":{"rendered":"<p>Die <strong>CHAMAECYPARIS obtusa &#8218;Moonshine&#8216;<\/strong> ist eine Zwergform. Diese <strong>Hinoki-Scheinzypresse<\/strong> hat buntes Laub in Wei\u00df, Gelb und Gr\u00fcn. Sie eignet sich auch f\u00fcr die Bonsaikultur.  <\/p>\n","protected":false},"featured_media":42001,"comment_status":"open","ping_status":"closed","template":"","meta":[],"product_brand":[],"product_cat":[255],"product_tag":[11358,11359],"class_list":{"0":"post-49191","1":"product","2":"type-product","3":"status-publish","4":"has-post-thumbnail","6":"product_cat-koniferen-de","7":"product_tag-chamaecyparis-de","8":"product_tag-chamaecyparis-obtusa-de","9":"pa_couleurdufeuillage-bunt-de","10":"pa_couleurdufeuillage-gelb-de","11":"pa_couleurdufeuillage-grun-de","12":"pa_couleurdufeuillage-weiss-de","13":"pa_exigencesenhumidite-normal-de","14":"pa_expositionspossibles-ce-halbschattigsonnezw12und17-de","15":"pa_hauteurlivree-20-bis-25cm","16":"pa_hauteurlivree-20-bis-30-cm","17":"pa_interetauprintemps-form-de","18":"pa_interetauprintemps-jungesprossen-de","19":"pa_interetauprintemps-laub-de","20":"pa_interetenautomne-form-de","21":"pa_interetenautomne-laub-de","22":"pa_interetenete-form-de","23":"pa_interetenete-laub-de","24":"pa_interetenhiver-form-de","25":"pa_interetenhiver-laub-de","26":"pa_naturedufeuillage-immergrun-de","27":"pa_naturesdesolpossibles-leicht-de","28":"pa_naturesdesolpossibles-normal-de","29":"pa_particularites-furbonsaigeeignet-de","30":"pa_particularites-steingarten","31":"pa_periodedetaille-febr-de","32":"pa_periodedetaille-jan-de","33":"pa_phdusolacceptable-kalkigmehrals75-de","34":"pa_phdusolacceptable-neutralzw65u75-de","35":"pa_phdusolacceptable-sauerwenigerals65-de","36":"pa_portgraphisme-konisch-de","37":"pa_resistanceaufroidrusticite-frostbestandigbis_20c-de","38":"pa_tailledepot-2liter_topf-de","39":"pa_tailledepot-3liter_topf-de","40":"pa_utilisationpossible-beet-de","41":"pa_utilisationpossible-kubelodertopf-de","43":"first","44":"outofstock","45":"taxable","46":"shipping-taxable","47":"purchasable","48":"product-type-variable"},"supplier_id":null,"supplier_sku":"","barcode":null,"atum_controlled":true,"out_stock_date":null,"out_stock_threshold":null,"inheritable":true,"inbound_stock":0,"stock_on_hold":0,"sold_today":0,"sales_last_days":0,"reserved_stock":0,"customer_returns":0,"warehouse_damage":0,"lost_in_post":0,"other_logs":0,"out_stock_days":null,"lost_sales":0,"has_location":false,"update_date":"2026-02-27T08:20:03","atum_locations":[],"atum_stock_status":"instock","restock_status":false,"low_stock_amount":"","sales_update_date":"2025-12-03T15:32:59","calc_backorders":null,"yoast_head":"<!-- This site is optimized with the Yoast SEO Premium plugin v27.5 (Yoast SEO v27.5) - https:\/\/yoast.com\/product\/yoast-seo-premium-wordpress\/ -->\n<title>CHAMAECYPARIS obtusa &#039;Moonshine&#039; - Hinoki-Scheinzypresse<\/title>\n<meta name=\"description\" content=\"Die CHAMAECYPARIS obtusa &#039;Moonshine&#039; ist eine Zwergform. Diese Hinoki-Scheinzypresse hat buntes Laub in Wei\u00df, Gelb und Gr\u00fcn. Sie eignet sich auch f\u00fcr die Bonsaikultur.\" \/>\n<meta name=\"robots\" content=\"index, follow, max-snippet:-1, max-image-preview:large, max-video-preview:-1\" \/>\n<link rel=\"canonical\" href=\"https:\/\/www.vallonchene.fr\/de\/produkt\/chamaecyparis-obtusa-moonshine\/\" \/>\n<meta property=\"og:locale\" content=\"de_DE\" \/>\n<meta property=\"og:type\" content=\"article\" \/>\n<meta property=\"og:title\" content=\"CHAMAECYPARIS obtusa &#039;Moonshine&#039;\" \/>\n<meta property=\"og:description\" content=\"Die CHAMAECYPARIS obtusa &#039;Moonshine&#039; ist eine Zwergform. Diese Hinoki-Scheinzypresse hat buntes Laub in Wei\u00df, Gelb und Gr\u00fcn. Sie eignet sich auch f\u00fcr die Bonsaikultur.\" \/>\n<meta property=\"og:url\" content=\"https:\/\/www.vallonchene.fr\/de\/produkt\/chamaecyparis-obtusa-moonshine\/\" \/>\n<meta property=\"og:site_name\" content=\"Vallonch\u00eane\" \/>\n<meta property=\"article:publisher\" content=\"https:\/\/www.facebook.com\/vallonchene.fr\" \/>\n<meta property=\"og:image\" content=\"https:\/\/www.vallonchene.fr\/wp-content\/uploads\/2023\/07\/CHAMAECYPARIS-obtusa-Moonshine.webp\" \/>\n\t<meta property=\"og:image:width\" content=\"1000\" \/>\n\t<meta property=\"og:image:height\" content=\"1000\" \/>\n\t<meta property=\"og:image:type\" content=\"image\/webp\" \/>\n<meta name=\"twitter:card\" content=\"summary_large_image\" \/>\n<meta name=\"twitter:label1\" content=\"Verf\u00fcgbarkeit\" \/>\n\t<meta name=\"twitter:data1\" content=\"Nicht vorr\u00e4tig\" \/>\n<script type=\"application\/ld+json\" class=\"yoast-schema-graph\">{\"@context\":\"https:\\\/\\\/schema.org\",\"@graph\":[{\"@type\":\"WebPage\",\"@id\":\"https:\\\/\\\/www.vallonchene.fr\\\/de\\\/produkt\\\/chamaecyparis-obtusa-moonshine\\\/\",\"url\":\"https:\\\/\\\/www.vallonchene.fr\\\/de\\\/produkt\\\/chamaecyparis-obtusa-moonshine\\\/\",\"name\":\"CHAMAECYPARIS obtusa 'Moonshine' - Hinoki-Scheinzypresse\",\"isPartOf\":{\"@id\":\"https:\\\/\\\/www.vallonchene.fr\\\/de\\\/#website\"},\"primaryImageOfPage\":{\"@id\":\"https:\\\/\\\/www.vallonchene.fr\\\/de\\\/produkt\\\/chamaecyparis-obtusa-moonshine\\\/#primaryimage\"},\"image\":{\"@id\":\"https:\\\/\\\/www.vallonchene.fr\\\/de\\\/produkt\\\/chamaecyparis-obtusa-moonshine\\\/#primaryimage\"},\"thumbnailUrl\":\"https:\\\/\\\/www.vallonchene.fr\\\/wp-content\\\/uploads\\\/2023\\\/07\\\/CHAMAECYPARIS-obtusa-Moonshine.webp\",\"datePublished\":\"2023-07-14T13:07:47+00:00\",\"description\":\"Die CHAMAECYPARIS obtusa 'Moonshine' ist eine Zwergform. Diese Hinoki-Scheinzypresse hat buntes Laub in Wei\u00df, Gelb und Gr\u00fcn. Sie eignet sich auch f\u00fcr die Bonsaikultur.\",\"breadcrumb\":{\"@id\":\"https:\\\/\\\/www.vallonchene.fr\\\/de\\\/produkt\\\/chamaecyparis-obtusa-moonshine\\\/#breadcrumb\"},\"inLanguage\":\"de\",\"potentialAction\":[{\"@type\":\"ReadAction\",\"target\":[\"https:\\\/\\\/www.vallonchene.fr\\\/de\\\/produkt\\\/chamaecyparis-obtusa-moonshine\\\/\"]}]},{\"@type\":\"ImageObject\",\"inLanguage\":\"de\",\"@id\":\"https:\\\/\\\/www.vallonchene.fr\\\/de\\\/produkt\\\/chamaecyparis-obtusa-moonshine\\\/#primaryimage\",\"url\":\"https:\\\/\\\/www.vallonchene.fr\\\/wp-content\\\/uploads\\\/2023\\\/07\\\/CHAMAECYPARIS-obtusa-Moonshine.webp\",\"contentUrl\":\"https:\\\/\\\/www.vallonchene.fr\\\/wp-content\\\/uploads\\\/2023\\\/07\\\/CHAMAECYPARIS-obtusa-Moonshine.webp\",\"width\":1000,\"height\":1000,\"caption\":\"Feuillage panach\u00e9 de vert, blanc et jaune du CHAMAECYPARIS obtusa 'Moonshine'\"},{\"@type\":\"BreadcrumbList\",\"@id\":\"https:\\\/\\\/www.vallonchene.fr\\\/de\\\/produkt\\\/chamaecyparis-obtusa-moonshine\\\/#breadcrumb\",\"itemListElement\":[{\"@type\":\"ListItem\",\"position\":1,\"name\":\"Home\",\"item\":\"https:\\\/\\\/www.vallonchene.fr\\\/de\\\/\"},{\"@type\":\"ListItem\",\"position\":2,\"name\":\"Shop\",\"item\":\"https:\\\/\\\/www.vallonchene.fr\\\/de\\\/shop\\\/\"},{\"@type\":\"ListItem\",\"position\":3,\"name\":\"CHAMAECYPARIS obtusa &#8218;Moonshine&#8216;\"}]},{\"@type\":\"WebSite\",\"@id\":\"https:\\\/\\\/www.vallonchene.fr\\\/de\\\/#website\",\"url\":\"https:\\\/\\\/www.vallonchene.fr\\\/de\\\/\",\"name\":\"Vallonch\u00eane\",\"description\":\"Die Baumschule, bei der Qualit\u00e4t ihre Wurzeln hat \u2013 Tel.: +49 (0)6838-5399840\",\"publisher\":{\"@id\":\"https:\\\/\\\/www.vallonchene.fr\\\/de\\\/#organization\"},\"potentialAction\":[{\"@type\":\"SearchAction\",\"target\":{\"@type\":\"EntryPoint\",\"urlTemplate\":\"https:\\\/\\\/www.vallonchene.fr\\\/de\\\/?s={search_term_string}\"},\"query-input\":{\"@type\":\"PropertyValueSpecification\",\"valueRequired\":true,\"valueName\":\"search_term_string\"}}],\"inLanguage\":\"de\"},{\"@type\":\"Organization\",\"@id\":\"https:\\\/\\\/www.vallonchene.fr\\\/de\\\/#organization\",\"name\":\"VALLONCHENE\",\"url\":\"https:\\\/\\\/www.vallonchene.fr\\\/de\\\/\",\"logo\":{\"@type\":\"ImageObject\",\"inLanguage\":\"de\",\"@id\":\"https:\\\/\\\/www.vallonchene.fr\\\/de\\\/#\\\/schema\\\/logo\\\/image\\\/\",\"url\":\"https:\\\/\\\/www.vallonchene.fr\\\/wp-content\\\/uploads\\\/2023\\\/03\\\/Logo-Vallonchene-site-et-R_hauteur_100.png\",\"contentUrl\":\"https:\\\/\\\/www.vallonchene.fr\\\/wp-content\\\/uploads\\\/2023\\\/03\\\/Logo-Vallonchene-site-et-R_hauteur_100.png\",\"width\":221,\"height\":100,\"caption\":\"VALLONCHENE\"},\"image\":{\"@id\":\"https:\\\/\\\/www.vallonchene.fr\\\/de\\\/#\\\/schema\\\/logo\\\/image\\\/\"},\"sameAs\":[\"https:\\\/\\\/www.facebook.com\\\/vallonchene.fr\",\"https:\\\/\\\/www.instagram.com\\\/vallonchene\\\/\",\"https:\\\/\\\/www.pinterest.fr\\\/vallonchene\\\/\"],\"taxID\":\"49454502300017\",\"hasMerchantReturnPolicy\":{\"@type\":\"MerchantReturnPolicy\",\"merchantReturnLink\":\"https:\\\/\\\/www.vallonchene.fr\\\/remboursements_retours\\\/\"}}]}<\/script>\n<meta property=\"og:availability\" content=\"out of stock\" \/>\n<meta property=\"product:availability\" content=\"out of stock\" \/>\n<meta property=\"product:retailer_item_id\" content=\"71379\" \/>\n<meta property=\"product:condition\" content=\"new\" \/>\n<!-- \/ Yoast SEO Premium plugin. -->","yoast_head_json":{"title":"CHAMAECYPARIS obtusa 'Moonshine' - Hinoki-Scheinzypresse","description":"Die CHAMAECYPARIS obtusa 'Moonshine' ist eine Zwergform. Diese Hinoki-Scheinzypresse hat buntes Laub in Wei\u00df, Gelb und Gr\u00fcn. Sie eignet sich auch f\u00fcr die Bonsaikultur.","robots":{"index":"index","follow":"follow","max-snippet":"max-snippet:-1","max-image-preview":"max-image-preview:large","max-video-preview":"max-video-preview:-1"},"canonical":"https:\/\/www.vallonchene.fr\/de\/produkt\/chamaecyparis-obtusa-moonshine\/","og_locale":"de_DE","og_type":"article","og_title":"CHAMAECYPARIS obtusa 'Moonshine'","og_description":"Die CHAMAECYPARIS obtusa 'Moonshine' ist eine Zwergform. Diese Hinoki-Scheinzypresse hat buntes Laub in Wei\u00df, Gelb und Gr\u00fcn. Sie eignet sich auch f\u00fcr die Bonsaikultur.","og_url":"https:\/\/www.vallonchene.fr\/de\/produkt\/chamaecyparis-obtusa-moonshine\/","og_site_name":"Vallonch\u00eane","article_publisher":"https:\/\/www.facebook.com\/vallonchene.fr","og_image":[{"width":1000,"height":1000,"url":"https:\/\/www.vallonchene.fr\/wp-content\/uploads\/2023\/07\/CHAMAECYPARIS-obtusa-Moonshine.webp","type":"image\/webp"}],"twitter_card":"summary_large_image","twitter_misc":{"Verf\u00fcgbarkeit":"Nicht vorr\u00e4tig"},"schema":{"@context":"https:\/\/schema.org","@graph":[{"@type":"WebPage","@id":"https:\/\/www.vallonchene.fr\/de\/produkt\/chamaecyparis-obtusa-moonshine\/","url":"https:\/\/www.vallonchene.fr\/de\/produkt\/chamaecyparis-obtusa-moonshine\/","name":"CHAMAECYPARIS obtusa 'Moonshine' - Hinoki-Scheinzypresse","isPartOf":{"@id":"https:\/\/www.vallonchene.fr\/de\/#website"},"primaryImageOfPage":{"@id":"https:\/\/www.vallonchene.fr\/de\/produkt\/chamaecyparis-obtusa-moonshine\/#primaryimage"},"image":{"@id":"https:\/\/www.vallonchene.fr\/de\/produkt\/chamaecyparis-obtusa-moonshine\/#primaryimage"},"thumbnailUrl":"https:\/\/www.vallonchene.fr\/wp-content\/uploads\/2023\/07\/CHAMAECYPARIS-obtusa-Moonshine.webp","datePublished":"2023-07-14T13:07:47+00:00","description":"Die CHAMAECYPARIS obtusa 'Moonshine' ist eine Zwergform. Diese Hinoki-Scheinzypresse hat buntes Laub in Wei\u00df, Gelb und Gr\u00fcn. Sie eignet sich auch f\u00fcr die Bonsaikultur.","breadcrumb":{"@id":"https:\/\/www.vallonchene.fr\/de\/produkt\/chamaecyparis-obtusa-moonshine\/#breadcrumb"},"inLanguage":"de","potentialAction":[{"@type":"ReadAction","target":["https:\/\/www.vallonchene.fr\/de\/produkt\/chamaecyparis-obtusa-moonshine\/"]}]},{"@type":"ImageObject","inLanguage":"de","@id":"https:\/\/www.vallonchene.fr\/de\/produkt\/chamaecyparis-obtusa-moonshine\/#primaryimage","url":"https:\/\/www.vallonchene.fr\/wp-content\/uploads\/2023\/07\/CHAMAECYPARIS-obtusa-Moonshine.webp","contentUrl":"https:\/\/www.vallonchene.fr\/wp-content\/uploads\/2023\/07\/CHAMAECYPARIS-obtusa-Moonshine.webp","width":1000,"height":1000,"caption":"Feuillage panach\u00e9 de vert, blanc et jaune du CHAMAECYPARIS obtusa 'Moonshine'"},{"@type":"BreadcrumbList","@id":"https:\/\/www.vallonchene.fr\/de\/produkt\/chamaecyparis-obtusa-moonshine\/#breadcrumb","itemListElement":[{"@type":"ListItem","position":1,"name":"Home","item":"https:\/\/www.vallonchene.fr\/de\/"},{"@type":"ListItem","position":2,"name":"Shop","item":"https:\/\/www.vallonchene.fr\/de\/shop\/"},{"@type":"ListItem","position":3,"name":"CHAMAECYPARIS obtusa &#8218;Moonshine&#8216;"}]},{"@type":"WebSite","@id":"https:\/\/www.vallonchene.fr\/de\/#website","url":"https:\/\/www.vallonchene.fr\/de\/","name":"Vallonch\u00eane","description":"Die Baumschule, bei der Qualit\u00e4t ihre Wurzeln hat \u2013 Tel.: +49 (0)6838-5399840","publisher":{"@id":"https:\/\/www.vallonchene.fr\/de\/#organization"},"potentialAction":[{"@type":"SearchAction","target":{"@type":"EntryPoint","urlTemplate":"https:\/\/www.vallonchene.fr\/de\/?s={search_term_string}"},"query-input":{"@type":"PropertyValueSpecification","valueRequired":true,"valueName":"search_term_string"}}],"inLanguage":"de"},{"@type":"Organization","@id":"https:\/\/www.vallonchene.fr\/de\/#organization","name":"VALLONCHENE","url":"https:\/\/www.vallonchene.fr\/de\/","logo":{"@type":"ImageObject","inLanguage":"de","@id":"https:\/\/www.vallonchene.fr\/de\/#\/schema\/logo\/image\/","url":"https:\/\/www.vallonchene.fr\/wp-content\/uploads\/2023\/03\/Logo-Vallonchene-site-et-R_hauteur_100.png","contentUrl":"https:\/\/www.vallonchene.fr\/wp-content\/uploads\/2023\/03\/Logo-Vallonchene-site-et-R_hauteur_100.png","width":221,"height":100,"caption":"VALLONCHENE"},"image":{"@id":"https:\/\/www.vallonchene.fr\/de\/#\/schema\/logo\/image\/"},"sameAs":["https:\/\/www.facebook.com\/vallonchene.fr","https:\/\/www.instagram.com\/vallonchene\/","https:\/\/www.pinterest.fr\/vallonchene\/"],"taxID":"49454502300017","hasMerchantReturnPolicy":{"@type":"MerchantReturnPolicy","merchantReturnLink":"https:\/\/www.vallonchene.fr\/remboursements_retours\/"}}]},"og_availability":"out of stock","product_availability":"out of stock","product_retailer_item_id":"71379","product_condition":"new"},"_links":{"self":[{"href":"https:\/\/www.vallonchene.fr\/de\/wp-json\/wp\/v2\/product\/49191","targetHints":{"allow":["GET"]}}],"collection":[{"href":"https:\/\/www.vallonchene.fr\/de\/wp-json\/wp\/v2\/product"}],"about":[{"href":"https:\/\/www.vallonchene.fr\/de\/wp-json\/wp\/v2\/types\/product"}],"replies":[{"embeddable":true,"href":"https:\/\/www.vallonchene.fr\/de\/wp-json\/wp\/v2\/comments?post=49191"}],"wp:featuredmedia":[{"embeddable":true,"href":"https:\/\/www.vallonchene.fr\/de\/wp-json\/wp\/v2\/media\/42001"}],"wp:attachment":[{"href":"https:\/\/www.vallonchene.fr\/de\/wp-json\/wp\/v2\/media?parent=49191"}],"wp:term":[{"taxonomy":"product_brand","embeddable":true,"href":"https:\/\/www.vallonchene.fr\/de\/wp-json\/wp\/v2\/product_brand?post=49191"},{"taxonomy":"product_cat","embeddable":true,"href":"https:\/\/www.vallonchene.fr\/de\/wp-json\/wp\/v2\/product_cat?post=49191"},{"taxonomy":"product_tag","embeddable":true,"href":"https:\/\/www.vallonchene.fr\/de\/wp-json\/wp\/v2\/product_tag?post=49191"}],"curies":[{"name":"wp","href":"https:\/\/api.w.org\/{rel}","templated":true}]}}