{"id":47552,"date":"2024-06-06T07:28:30","date_gmt":"2024-06-06T07:28:30","guid":{"rendered":"https:\/\/www.vallonchene.fr\/?post_type=product&#038;p=47552"},"modified":"2024-12-11T09:58:51","modified_gmt":"2024-12-11T08:58:51","slug":"aesculus-wilsonii-chinesische-rosskastanie","status":"publish","type":"product","link":"https:\/\/www.vallonchene.fr\/de\/produkt\/aesculus-wilsonii-chinesische-rosskastanie\/","title":{"rendered":"AESCULUS wilsonii"},"content":{"rendered":"<h2>Die Pflanze<\/h2>\n<p>  Die <strong>Chinesische Rosskastanie,<\/strong> auch bekannt als <strong>Wilson&#8217;s Rosskastanie<\/strong>, ist ein au\u00dfergew\u00f6hnlicher Baum und in Europa noch immer besonders selten. Tats\u00e4chlich startet <strong>AESCULUS wilsonii<\/strong> den Fr\u00fchling mit einem Paukenschlag, indem sie <strong>beeindruckende purpurfarbene Triebe<\/strong> hervorbringt. W\u00e4hrend sie sich entfalten, haben die <strong>exotisch aussehenden Bl\u00e4tter<\/strong> eine robuste Textur und werden dann gr\u00fcn, wobei die <strong>roten Adern erhalten<\/strong> bleiben. Dann wird das sehr dichte Laub dieses Rosskastanienbaums im Sommer vollst\u00e4ndig gr\u00fcn sein, ohne zu verbrennen, wie es bei vielen anderen Rosskastanienb\u00e4umen der Fall ist. Im Herbst schlie\u00dflich f\u00e4rben sich die Bl\u00e4tter als Abschlussfeuerwerk <strong>wundersch\u00f6n orange-gelb<\/strong>. Der Chinesische Rosskastanienbaum bildet insgesamt eine <strong>abgerundete und ausgewogene Silhouette<\/strong> mit einem dichten Bl\u00e4tterdach. Diese Spezie ist <strong>sehr kr\u00e4ftig<\/strong> und w\u00e4chst recht schnell. Zusammenfassend kann gesagt werden, dass es sich um ein Pflanzenjuwel handelt, das Sch\u00f6nheit, Kraft und Eleganz vereint und daher von Sammlern besonders gesch\u00e4tzt wird. Um alle derzeit zum Verkauf stehenden Kastanienb\u00e4ume zu sehen, klicken Sie bitte hier, <strong><a href=\"https:\/\/www.vallonchene.fr\/de\/?s=aesculus&amp;post_type=product&amp;dgwt_wcas=1&amp;lang=de&amp;filter_stock_status=instock\">Klicken Sie bitte hier.<\/a><\/strong>.  <\/p>\n<h2>Wie pflanzt und pflegt man AESCULUS wilsonii ?<\/h2>\n<h3>Die Pflanzung<\/h3>\n<ol>\n<li>Der Wilson-Rosskastanienbaum gedeiht im <strong>Halbschatten<\/strong> oder in der <strong>vollen Sonne<\/strong>.<br \/>\nDa es sich um einen Baum handelt, pflanzen Sie ihn alleinstehend. <\/li>\n<li>Der Standort kann <strong>feucht oder m\u00e4\u00dfig feucht<\/strong> sein und einen <strong>sauren, neutralen oder kalkhaltigen pH-Wert<\/strong> aufweisen.<\/li>\n<li>Er w\u00e4chst in einem <strong>leichten, normalen oder schweren<\/strong> Boden.<\/li>\n<li>Befolgen Sie f\u00fcr die richtige Vorbereitung des Pflanzlochs unsere <a href=\"https:\/\/www.vallonchene.fr\/comment-planter-et-entretenir-des-vegetaux\/\" target=\"_blank\" rel=\"noreferrer noopener\"><strong>speziellen Anweisungen, die Sie hier finden<\/strong><\/a>.<\/li>\n<\/ol>\n<h2>Die Pflege<\/h2>\n<p>  Da es sich um eine sehr kr\u00e4ftige Pflanze handelt, ist keine besondere Pflege erforderlich. Wenn Sie die Chinesische Rosskastanie beschneiden m\u00fcssen, tun Sie dies im Januar oder Februar, bevor neuer Wuchs einsetzt. Lesen Sie auch <a href=\"https:\/\/www.vallonchene.fr\/comment-bien-arroser-le-jardin-et-economiser-leau\/\"><strong>Unsere Tipps zum richtigen Gie\u00dfen und Wassersparen finden Sie hier.<\/strong><\/a>.  <\/p>\n<h3>Geschichte und Herkunft<\/h3>\n<p>  AESCULUS wilsonnii ist eine endemische Art in China, insbesondere in Yunnan. Die Wilson-Rosskastanie \u00e4hnelt <i>A. chinensis<\/i> und <i>A. chekiangensis<\/i> mit vergleichbaren Morphologien. In ihrem Herkunftsland wird sie wegen ihrer medizinischen und dekorativen Eigenschaften in besonderem Ma\u00dfe gesch\u00e4tzt.<\/p>\n","protected":false},"excerpt":{"rendered":"<p><strong>AESCULUS wilsonii<\/strong>, auch <strong>Chinesische Rosskastanie<\/strong> oder <strong>Wilson-Rosskastanie<\/strong> genannt, ist eine seltene Art.<br \/>\nSie hat Fr\u00fchlingssprossen, die zuerst rot und sp\u00e4ter pink sind.<br \/>\nIhr Laub hat ein exotisches Aussehen und dauert bis Ende des Herbstes.  <\/p>\n","protected":false},"featured_media":47516,"comment_status":"open","ping_status":"closed","template":"","meta":[],"product_brand":[],"product_cat":[10733,252],"product_tag":[],"class_list":{"0":"post-47552","1":"product","2":"type-product","3":"status-publish","4":"has-post-thumbnail","6":"product_cat-seltene-pflanzen-sammlerpflanzen","7":"product_cat-straucher-und-baume-de","8":"pa_couleurautomnaledufeuillage-gelb-de","9":"pa_couleurautomnaledufeuillage-orange-de","10":"pa_couleurnormaledufeuillage-grun-de","11":"pa_exigencesenhumidite-feucht-de","12":"pa_exigencesenhumidite-normal-de","13":"pa_expositionspossibles-ce-halbschattigsonnezw12und17-de","14":"pa_expositionspossibles-sonnigvon12bis17uhr-de","15":"pa_hauteurlivree-15-bis-20-cm","16":"pa_hauteurlivree-20-bis-25cm","17":"pa_hauteurlivree-25-bis-30-cm","18":"pa_hauteurlivree-30-bis-40-cm","19":"pa_hauteurlivree-40-bis-50-cm","20":"pa_interetauprintemps-bluten-de","21":"pa_interetauprintemps-jungesprossen-de","22":"pa_interetauprintemps-laub-de","23":"pa_interetenautomne-fruchte-de","24":"pa_interetenautomne-laub-de","25":"pa_interetenete-laub-de","26":"pa_naturedufeuillage-nichtimmergrun-de","27":"pa_naturesdesolpossibles-leicht-de","28":"pa_naturesdesolpossibles-normal-de","29":"pa_naturesdesolpossibles-schwer-de","30":"pa_periodedefloraison-fruhling-de","31":"pa_periodedetaille-febr-de","32":"pa_periodedetaille-jan-de","33":"pa_phdusolacceptable-kalkigmehrals75-de","34":"pa_phdusolacceptable-neutralzw65u75-de","35":"pa_phdusolacceptable-sauerwenigerals65-de","36":"pa_resistanceaufroidrusticite-frostbestandigunter_20c-de","37":"pa_tailledepot-1liter_topf-de","38":"pa_tailledepot-5liter_topf-de","39":"pa_utilisationpossible-alleinstehend-de","41":"first","42":"instock","43":"taxable","44":"shipping-taxable","45":"purchasable","46":"product-type-variable"},"supplier_id":null,"supplier_sku":"","barcode":null,"atum_controlled":true,"out_stock_date":null,"out_stock_threshold":null,"inheritable":true,"inbound_stock":0,"stock_on_hold":0,"sold_today":0,"sales_last_days":0,"reserved_stock":0,"customer_returns":0,"warehouse_damage":0,"lost_in_post":0,"other_logs":0,"out_stock_days":null,"lost_sales":0,"has_location":false,"update_date":"2026-03-18T14:29:53","atum_locations":[],"atum_stock_status":"instock","restock_status":false,"low_stock_amount":"","sales_update_date":"2026-03-03T10:45:07","calc_backorders":null,"yoast_head":"<!-- This site is optimized with the Yoast SEO Premium plugin v27.5 (Yoast SEO v27.5) - https:\/\/yoast.com\/product\/yoast-seo-premium-wordpress\/ -->\n<title>AESCULUS wilsonii - chinesische Rosskastanie, Wilson-Rosskastanie<\/title>\n<meta name=\"description\" content=\"AESCULUS wilsonii, auch chinesische Rosskastanie genannt, ist eine seltene Pflanze. Die Fr\u00fchlingssprossen sind zuerst rot und sp\u00e4ter rosa. Das Laub hat ein exotisches Aussehen.\" \/>\n<meta name=\"robots\" content=\"index, follow, max-snippet:-1, max-image-preview:large, max-video-preview:-1\" \/>\n<link rel=\"canonical\" href=\"https:\/\/www.vallonchene.fr\/de\/produkt\/aesculus-wilsonii-chinesische-rosskastanie\/\" \/>\n<meta property=\"og:locale\" content=\"de_DE\" \/>\n<meta property=\"og:type\" content=\"article\" \/>\n<meta property=\"og:title\" content=\"AESCULUS wilsonii\" \/>\n<meta property=\"og:description\" content=\"AESCULUS wilsonii, auch chinesische Rosskastanie genannt, ist eine seltene Pflanze. Die Fr\u00fchlingssprossen sind zuerst rot und sp\u00e4ter rosa. Das Laub hat ein exotisches Aussehen.\" \/>\n<meta property=\"og:url\" content=\"https:\/\/www.vallonchene.fr\/de\/produkt\/aesculus-wilsonii-chinesische-rosskastanie\/\" \/>\n<meta property=\"og:site_name\" content=\"Vallonch\u00eane\" \/>\n<meta property=\"article:publisher\" content=\"https:\/\/www.facebook.com\/vallonchene.fr\" \/>\n<meta property=\"article:modified_time\" content=\"2024-12-11T08:58:51+00:00\" \/>\n<meta property=\"og:image\" content=\"https:\/\/www.vallonchene.fr\/wp-content\/uploads\/2024\/06\/AESCULUS-wilsonii_02.webp\" \/>\n\t<meta property=\"og:image:width\" content=\"1024\" \/>\n\t<meta property=\"og:image:height\" content=\"1024\" \/>\n\t<meta property=\"og:image:type\" content=\"image\/webp\" \/>\n<meta name=\"twitter:card\" content=\"summary_large_image\" \/>\n<meta name=\"twitter:label1\" content=\"Verf\u00fcgbarkeit\" \/>\n\t<meta name=\"twitter:data1\" content=\"Vorr\u00e4tig\" \/>\n<script type=\"application\/ld+json\" class=\"yoast-schema-graph\">{\"@context\":\"https:\\\/\\\/schema.org\",\"@graph\":[{\"@type\":\"WebPage\",\"@id\":\"https:\\\/\\\/www.vallonchene.fr\\\/de\\\/produkt\\\/aesculus-wilsonii-chinesische-rosskastanie\\\/\",\"url\":\"https:\\\/\\\/www.vallonchene.fr\\\/de\\\/produkt\\\/aesculus-wilsonii-chinesische-rosskastanie\\\/\",\"name\":\"AESCULUS wilsonii - chinesische Rosskastanie, Wilson-Rosskastanie\",\"isPartOf\":{\"@id\":\"https:\\\/\\\/www.vallonchene.fr\\\/de\\\/#website\"},\"primaryImageOfPage\":{\"@id\":\"https:\\\/\\\/www.vallonchene.fr\\\/de\\\/produkt\\\/aesculus-wilsonii-chinesische-rosskastanie\\\/#primaryimage\"},\"image\":{\"@id\":\"https:\\\/\\\/www.vallonchene.fr\\\/de\\\/produkt\\\/aesculus-wilsonii-chinesische-rosskastanie\\\/#primaryimage\"},\"thumbnailUrl\":\"https:\\\/\\\/www.vallonchene.fr\\\/wp-content\\\/uploads\\\/2024\\\/06\\\/AESCULUS-wilsonii_02.webp\",\"datePublished\":\"2024-06-06T07:28:30+00:00\",\"dateModified\":\"2024-12-11T08:58:51+00:00\",\"description\":\"AESCULUS wilsonii, auch chinesische Rosskastanie genannt, ist eine seltene Pflanze. Die Fr\u00fchlingssprossen sind zuerst rot und sp\u00e4ter rosa. Das Laub hat ein exotisches Aussehen.\",\"breadcrumb\":{\"@id\":\"https:\\\/\\\/www.vallonchene.fr\\\/de\\\/produkt\\\/aesculus-wilsonii-chinesische-rosskastanie\\\/#breadcrumb\"},\"inLanguage\":\"de\",\"potentialAction\":[{\"@type\":\"ReadAction\",\"target\":[\"https:\\\/\\\/www.vallonchene.fr\\\/de\\\/produkt\\\/aesculus-wilsonii-chinesische-rosskastanie\\\/\"]}]},{\"@type\":\"ImageObject\",\"inLanguage\":\"de\",\"@id\":\"https:\\\/\\\/www.vallonchene.fr\\\/de\\\/produkt\\\/aesculus-wilsonii-chinesische-rosskastanie\\\/#primaryimage\",\"url\":\"https:\\\/\\\/www.vallonchene.fr\\\/wp-content\\\/uploads\\\/2024\\\/06\\\/AESCULUS-wilsonii_02.webp\",\"contentUrl\":\"https:\\\/\\\/www.vallonchene.fr\\\/wp-content\\\/uploads\\\/2024\\\/06\\\/AESCULUS-wilsonii_02.webp\",\"width\":1024,\"height\":1024,\"caption\":\"Das rotadergr\u00fcne Fr\u00fchlingslaub von AESCULUS wilsonii\"},{\"@type\":\"BreadcrumbList\",\"@id\":\"https:\\\/\\\/www.vallonchene.fr\\\/de\\\/produkt\\\/aesculus-wilsonii-chinesische-rosskastanie\\\/#breadcrumb\",\"itemListElement\":[{\"@type\":\"ListItem\",\"position\":1,\"name\":\"Home\",\"item\":\"https:\\\/\\\/www.vallonchene.fr\\\/de\\\/\"},{\"@type\":\"ListItem\",\"position\":2,\"name\":\"Shop\",\"item\":\"https:\\\/\\\/www.vallonchene.fr\\\/de\\\/shop\\\/\"},{\"@type\":\"ListItem\",\"position\":3,\"name\":\"Online-Verkauf\",\"item\":\"https:\\\/\\\/www.vallonchene.fr\\\/de\\\/produkt-kategorie\\\/online-verkauf-de\\\/\"},{\"@type\":\"ListItem\",\"position\":4,\"name\":\"Baumschule\",\"item\":\"https:\\\/\\\/www.vallonchene.fr\\\/de\\\/produkt-kategorie\\\/online-verkauf-de\\\/baumschule-gaertnerei-de\\\/\"},{\"@type\":\"ListItem\",\"position\":5,\"name\":\"Str\u00e4ucher und B\u00e4ume\",\"item\":\"https:\\\/\\\/www.vallonchene.fr\\\/de\\\/produkt-kategorie\\\/online-verkauf-de\\\/baumschule-gaertnerei-de\\\/straucher-und-baume-de\\\/\"},{\"@type\":\"ListItem\",\"position\":6,\"name\":\"AESCULUS wilsonii\"}]},{\"@type\":\"WebSite\",\"@id\":\"https:\\\/\\\/www.vallonchene.fr\\\/de\\\/#website\",\"url\":\"https:\\\/\\\/www.vallonchene.fr\\\/de\\\/\",\"name\":\"Vallonch\u00eane\",\"description\":\"Die Baumschule, bei der Qualit\u00e4t ihre Wurzeln hat \u2013 Tel.: +49 (0)6838-5399840\",\"publisher\":{\"@id\":\"https:\\\/\\\/www.vallonchene.fr\\\/de\\\/#organization\"},\"potentialAction\":[{\"@type\":\"SearchAction\",\"target\":{\"@type\":\"EntryPoint\",\"urlTemplate\":\"https:\\\/\\\/www.vallonchene.fr\\\/de\\\/?s={search_term_string}\"},\"query-input\":{\"@type\":\"PropertyValueSpecification\",\"valueRequired\":true,\"valueName\":\"search_term_string\"}}],\"inLanguage\":\"de\"},{\"@type\":\"Organization\",\"@id\":\"https:\\\/\\\/www.vallonchene.fr\\\/de\\\/#organization\",\"name\":\"VALLONCHENE\",\"url\":\"https:\\\/\\\/www.vallonchene.fr\\\/de\\\/\",\"logo\":{\"@type\":\"ImageObject\",\"inLanguage\":\"de\",\"@id\":\"https:\\\/\\\/www.vallonchene.fr\\\/de\\\/#\\\/schema\\\/logo\\\/image\\\/\",\"url\":\"https:\\\/\\\/www.vallonchene.fr\\\/wp-content\\\/uploads\\\/2023\\\/03\\\/Logo-Vallonchene-site-et-R_hauteur_100.png\",\"contentUrl\":\"https:\\\/\\\/www.vallonchene.fr\\\/wp-content\\\/uploads\\\/2023\\\/03\\\/Logo-Vallonchene-site-et-R_hauteur_100.png\",\"width\":221,\"height\":100,\"caption\":\"VALLONCHENE\"},\"image\":{\"@id\":\"https:\\\/\\\/www.vallonchene.fr\\\/de\\\/#\\\/schema\\\/logo\\\/image\\\/\"},\"sameAs\":[\"https:\\\/\\\/www.facebook.com\\\/vallonchene.fr\",\"https:\\\/\\\/www.instagram.com\\\/vallonchene\\\/\",\"https:\\\/\\\/www.pinterest.fr\\\/vallonchene\\\/\"],\"taxID\":\"49454502300017\",\"hasMerchantReturnPolicy\":{\"@type\":\"MerchantReturnPolicy\",\"merchantReturnLink\":\"https:\\\/\\\/www.vallonchene.fr\\\/remboursements_retours\\\/\"}}]}<\/script>\n<meta property=\"og:availability\" content=\"instock\" \/>\n<meta property=\"product:availability\" content=\"instock\" \/>\n<meta property=\"product:retailer_item_id\" content=\"25427\" \/>\n<meta property=\"product:condition\" content=\"new\" \/>\n<!-- \/ Yoast SEO Premium plugin. -->","yoast_head_json":{"title":"AESCULUS wilsonii - chinesische Rosskastanie, Wilson-Rosskastanie","description":"AESCULUS wilsonii, auch chinesische Rosskastanie genannt, ist eine seltene Pflanze. Die Fr\u00fchlingssprossen sind zuerst rot und sp\u00e4ter rosa. Das Laub hat ein exotisches Aussehen.","robots":{"index":"index","follow":"follow","max-snippet":"max-snippet:-1","max-image-preview":"max-image-preview:large","max-video-preview":"max-video-preview:-1"},"canonical":"https:\/\/www.vallonchene.fr\/de\/produkt\/aesculus-wilsonii-chinesische-rosskastanie\/","og_locale":"de_DE","og_type":"article","og_title":"AESCULUS wilsonii","og_description":"AESCULUS wilsonii, auch chinesische Rosskastanie genannt, ist eine seltene Pflanze. Die Fr\u00fchlingssprossen sind zuerst rot und sp\u00e4ter rosa. Das Laub hat ein exotisches Aussehen.","og_url":"https:\/\/www.vallonchene.fr\/de\/produkt\/aesculus-wilsonii-chinesische-rosskastanie\/","og_site_name":"Vallonch\u00eane","article_publisher":"https:\/\/www.facebook.com\/vallonchene.fr","article_modified_time":"2024-12-11T08:58:51+00:00","og_image":[{"width":1024,"height":1024,"url":"https:\/\/www.vallonchene.fr\/wp-content\/uploads\/2024\/06\/AESCULUS-wilsonii_02.webp","type":"image\/webp"}],"twitter_card":"summary_large_image","twitter_misc":{"Verf\u00fcgbarkeit":"Vorr\u00e4tig"},"schema":{"@context":"https:\/\/schema.org","@graph":[{"@type":"WebPage","@id":"https:\/\/www.vallonchene.fr\/de\/produkt\/aesculus-wilsonii-chinesische-rosskastanie\/","url":"https:\/\/www.vallonchene.fr\/de\/produkt\/aesculus-wilsonii-chinesische-rosskastanie\/","name":"AESCULUS wilsonii - chinesische Rosskastanie, Wilson-Rosskastanie","isPartOf":{"@id":"https:\/\/www.vallonchene.fr\/de\/#website"},"primaryImageOfPage":{"@id":"https:\/\/www.vallonchene.fr\/de\/produkt\/aesculus-wilsonii-chinesische-rosskastanie\/#primaryimage"},"image":{"@id":"https:\/\/www.vallonchene.fr\/de\/produkt\/aesculus-wilsonii-chinesische-rosskastanie\/#primaryimage"},"thumbnailUrl":"https:\/\/www.vallonchene.fr\/wp-content\/uploads\/2024\/06\/AESCULUS-wilsonii_02.webp","datePublished":"2024-06-06T07:28:30+00:00","dateModified":"2024-12-11T08:58:51+00:00","description":"AESCULUS wilsonii, auch chinesische Rosskastanie genannt, ist eine seltene Pflanze. Die Fr\u00fchlingssprossen sind zuerst rot und sp\u00e4ter rosa. Das Laub hat ein exotisches Aussehen.","breadcrumb":{"@id":"https:\/\/www.vallonchene.fr\/de\/produkt\/aesculus-wilsonii-chinesische-rosskastanie\/#breadcrumb"},"inLanguage":"de","potentialAction":[{"@type":"ReadAction","target":["https:\/\/www.vallonchene.fr\/de\/produkt\/aesculus-wilsonii-chinesische-rosskastanie\/"]}]},{"@type":"ImageObject","inLanguage":"de","@id":"https:\/\/www.vallonchene.fr\/de\/produkt\/aesculus-wilsonii-chinesische-rosskastanie\/#primaryimage","url":"https:\/\/www.vallonchene.fr\/wp-content\/uploads\/2024\/06\/AESCULUS-wilsonii_02.webp","contentUrl":"https:\/\/www.vallonchene.fr\/wp-content\/uploads\/2024\/06\/AESCULUS-wilsonii_02.webp","width":1024,"height":1024,"caption":"Das rotadergr\u00fcne Fr\u00fchlingslaub von AESCULUS wilsonii"},{"@type":"BreadcrumbList","@id":"https:\/\/www.vallonchene.fr\/de\/produkt\/aesculus-wilsonii-chinesische-rosskastanie\/#breadcrumb","itemListElement":[{"@type":"ListItem","position":1,"name":"Home","item":"https:\/\/www.vallonchene.fr\/de\/"},{"@type":"ListItem","position":2,"name":"Shop","item":"https:\/\/www.vallonchene.fr\/de\/shop\/"},{"@type":"ListItem","position":3,"name":"Online-Verkauf","item":"https:\/\/www.vallonchene.fr\/de\/produkt-kategorie\/online-verkauf-de\/"},{"@type":"ListItem","position":4,"name":"Baumschule","item":"https:\/\/www.vallonchene.fr\/de\/produkt-kategorie\/online-verkauf-de\/baumschule-gaertnerei-de\/"},{"@type":"ListItem","position":5,"name":"Str\u00e4ucher und B\u00e4ume","item":"https:\/\/www.vallonchene.fr\/de\/produkt-kategorie\/online-verkauf-de\/baumschule-gaertnerei-de\/straucher-und-baume-de\/"},{"@type":"ListItem","position":6,"name":"AESCULUS wilsonii"}]},{"@type":"WebSite","@id":"https:\/\/www.vallonchene.fr\/de\/#website","url":"https:\/\/www.vallonchene.fr\/de\/","name":"Vallonch\u00eane","description":"Die Baumschule, bei der Qualit\u00e4t ihre Wurzeln hat \u2013 Tel.: +49 (0)6838-5399840","publisher":{"@id":"https:\/\/www.vallonchene.fr\/de\/#organization"},"potentialAction":[{"@type":"SearchAction","target":{"@type":"EntryPoint","urlTemplate":"https:\/\/www.vallonchene.fr\/de\/?s={search_term_string}"},"query-input":{"@type":"PropertyValueSpecification","valueRequired":true,"valueName":"search_term_string"}}],"inLanguage":"de"},{"@type":"Organization","@id":"https:\/\/www.vallonchene.fr\/de\/#organization","name":"VALLONCHENE","url":"https:\/\/www.vallonchene.fr\/de\/","logo":{"@type":"ImageObject","inLanguage":"de","@id":"https:\/\/www.vallonchene.fr\/de\/#\/schema\/logo\/image\/","url":"https:\/\/www.vallonchene.fr\/wp-content\/uploads\/2023\/03\/Logo-Vallonchene-site-et-R_hauteur_100.png","contentUrl":"https:\/\/www.vallonchene.fr\/wp-content\/uploads\/2023\/03\/Logo-Vallonchene-site-et-R_hauteur_100.png","width":221,"height":100,"caption":"VALLONCHENE"},"image":{"@id":"https:\/\/www.vallonchene.fr\/de\/#\/schema\/logo\/image\/"},"sameAs":["https:\/\/www.facebook.com\/vallonchene.fr","https:\/\/www.instagram.com\/vallonchene\/","https:\/\/www.pinterest.fr\/vallonchene\/"],"taxID":"49454502300017","hasMerchantReturnPolicy":{"@type":"MerchantReturnPolicy","merchantReturnLink":"https:\/\/www.vallonchene.fr\/remboursements_retours\/"}}]},"og_availability":"instock","product_availability":"instock","product_retailer_item_id":"25427","product_condition":"new"},"_links":{"self":[{"href":"https:\/\/www.vallonchene.fr\/de\/wp-json\/wp\/v2\/product\/47552","targetHints":{"allow":["GET"]}}],"collection":[{"href":"https:\/\/www.vallonchene.fr\/de\/wp-json\/wp\/v2\/product"}],"about":[{"href":"https:\/\/www.vallonchene.fr\/de\/wp-json\/wp\/v2\/types\/product"}],"replies":[{"embeddable":true,"href":"https:\/\/www.vallonchene.fr\/de\/wp-json\/wp\/v2\/comments?post=47552"}],"wp:featuredmedia":[{"embeddable":true,"href":"https:\/\/www.vallonchene.fr\/de\/wp-json\/wp\/v2\/media\/47516"}],"wp:attachment":[{"href":"https:\/\/www.vallonchene.fr\/de\/wp-json\/wp\/v2\/media?parent=47552"}],"wp:term":[{"taxonomy":"product_brand","embeddable":true,"href":"https:\/\/www.vallonchene.fr\/de\/wp-json\/wp\/v2\/product_brand?post=47552"},{"taxonomy":"product_cat","embeddable":true,"href":"https:\/\/www.vallonchene.fr\/de\/wp-json\/wp\/v2\/product_cat?post=47552"},{"taxonomy":"product_tag","embeddable":true,"href":"https:\/\/www.vallonchene.fr\/de\/wp-json\/wp\/v2\/product_tag?post=47552"}],"curies":[{"name":"wp","href":"https:\/\/api.w.org\/{rel}","templated":true}]}}