{"id":4458,"date":"2021-08-31T10:55:22","date_gmt":"2021-08-31T10:55:22","guid":{"rendered":"https:\/\/testing.vallonchene.fr\/produit\/cryptomeria-japonica-rasen\/"},"modified":"2023-05-12T13:18:50","modified_gmt":"2023-05-12T13:18:50","slug":"cryptomeria-japonica-rasen","status":"publish","type":"product","link":"https:\/\/www.vallonchene.fr\/de\/produkt\/cryptomeria-japonica-rasen\/","title":{"rendered":"CRYPTOMERIA japonica &#8218;Rasen&#8216; (Sugi, Sicheltanne)"},"content":{"rendered":"<p>Diese <strong>japanische Zeder (Sugi, Sicheltanne)<\/strong> hat hellgr\u00fcnes Laub. Die Zweige und Bl\u00e4tter von <strong>CRYPTOMERIA japonica &#8218;Rasen&#8216;<\/strong> sind gewunden. Diese\u00a0Konifere w\u00e4chst in Form einer S\u00e4ule. Selbst alt, nimmt sie nur eine kleine Fl\u00e4che ein. Aus diesem Grund findet sie auch in kleinen G\u00e4rten ihren Platz. Diese Pflanze\u00a0vertr\u00e4gt problemlos feuchte B\u00f6den.<\/p>\n","protected":false},"excerpt":{"rendered":"<p>Diese <strong>japanische Zeder (Sugi, Sicheltanne)<\/strong> w\u00e4chst\u00a0als sehr schmalen S\u00e4ule. Das Laub von <strong>CRYPTOMERIA japonica &#8218;Rasen&#8216;<\/strong> ist gr\u00fcn und nicht sehr dicht. Die Bl\u00e4tter und Zweige sind gewunden.\u00a0Diese Konifere ist winterhart und nimmt im Garten wenig Platz ein.<\/p>\n","protected":false},"featured_media":4446,"comment_status":"open","ping_status":"closed","template":"","meta":[],"product_brand":[],"product_cat":[255],"product_tag":[11347,11346,11349,11348],"class_list":{"0":"post-4458","1":"product","2":"type-product","3":"status-publish","4":"has-post-thumbnail","6":"product_cat-koniferen-de","7":"product_tag-cryptomeria-de","8":"product_tag-cryptomeria-japonica-de","9":"product_tag-japanische-zeder-de","10":"product_tag-sicheltanne-de","11":"pa_99-hauteurapproximativeapres1-2_3m-de","12":"pa_couleurdufeuillage-grun-de","13":"pa_exigencesenhumidite-feucht-de","14":"pa_exigencesenhumidite-normal-de","15":"pa_exigencesenhumidite-sehrfeucht-de","16":"pa_expositionspossibles-ce-halbschattigsonnezw12und17-de","17":"pa_expositionspossibles-fc-schattigkeindirektessonnen-de","18":"pa_expositionspossibles-sonnigvon12bis17uhr-de","19":"pa_hauteurlivree-100-bis-125-cm","20":"pa_hauteurlivree-125-bis-150-cm","21":"pa_hauteurlivree-150-bis-175-cm","22":"pa_hauteurlivree-60-bis-80-cm","23":"pa_hauteurlivree-80-bis-100-cm","24":"pa_interetauprintemps-form-de","25":"pa_interetauprintemps-laub-de","26":"pa_interetenautomne-form-de","27":"pa_interetenautomne-laub-de","28":"pa_interetenete-form-de","29":"pa_interetenete-laub-de","30":"pa_interetenhiver-form-de","31":"pa_interetenhiver-laub-de","32":"pa_naturedufeuillage-immergrun-de","33":"pa_naturesdesolpossibles-leicht-de","34":"pa_naturesdesolpossibles-normal-de","35":"pa_naturesdesolpossibles-schwer-de","36":"pa_particularites-form-de","37":"pa_particularites-furbonsaigeeignet-de","38":"pa_periodedetaille-marz-de","39":"pa_phdusolacceptable-kalkigmehrals75-de","40":"pa_phdusolacceptable-neutralzw65u75-de","41":"pa_phdusolacceptable-sauerwenigerals65-de","42":"pa_portgraphisme-kolonnenformig-de","43":"pa_resistanceaufroidrusticite-frostbestandigunter_20c-de","44":"pa_tailledepot-10liter_topf-de","45":"pa_tailledepot-5liter_topf-de","46":"pa_utilisationpossible-alleinstehend-de","47":"pa_utilisationpossible-beet-de","48":"pa_utilisationpossible-kubelodertopf-de","50":"first","51":"instock","52":"taxable","53":"shipping-taxable","54":"purchasable","55":"product-type-variable","56":"has-default-attributes"},"supplier_id":null,"supplier_sku":"","barcode":null,"atum_controlled":true,"out_stock_date":null,"out_stock_threshold":null,"inheritable":false,"inbound_stock":0,"stock_on_hold":0,"sold_today":0,"sales_last_days":0,"reserved_stock":0,"customer_returns":0,"warehouse_damage":0,"lost_in_post":0,"other_logs":0,"out_stock_days":null,"lost_sales":0,"has_location":false,"update_date":"2025-07-23T15:50:38","atum_locations":[],"atum_stock_status":"instock","restock_status":false,"low_stock_amount":"","sales_update_date":"2025-07-23T15:50:38","calc_backorders":null,"yoast_head":"<!-- This site is optimized with the Yoast SEO Premium plugin v27.5 (Yoast SEO v27.5) - https:\/\/yoast.com\/product\/yoast-seo-premium-wordpress\/ -->\n<title>CRYPTOMERIA japonica &#039;Rasen&#039; (Sugi, Sicheltanne)<\/title>\n<meta name=\"description\" content=\"Diese japanische Zeder (Sugi, Sicheltanne) w\u00e4chst als sehr schmalen S\u00e4ule. Das Laub von CRYPTOMERIA japonica &#039;Rasen&#039; ist gr\u00fcn und nicht sehr dicht. Die Bl\u00e4tter und Zweige sind gewunden.\" \/>\n<meta name=\"robots\" content=\"index, follow, max-snippet:-1, max-image-preview:large, max-video-preview:-1\" \/>\n<link rel=\"canonical\" href=\"https:\/\/www.vallonchene.fr\/de\/produkt\/cryptomeria-japonica-rasen\/\" \/>\n<meta property=\"og:locale\" content=\"de_DE\" \/>\n<meta property=\"og:type\" content=\"article\" \/>\n<meta property=\"og:title\" content=\"CRYPTOMERIA japonica &#039;Rasen&#039; (Sugi, Sicheltanne)\" \/>\n<meta property=\"og:description\" content=\"Diese japanische Zeder (Sugi, Sicheltanne) w\u00e4chst als sehr schmalen S\u00e4ule. Das Laub von CRYPTOMERIA japonica &#039;Rasen&#039; ist gr\u00fcn und nicht sehr dicht. Die Bl\u00e4tter und Zweige sind gewunden.\" \/>\n<meta property=\"og:url\" content=\"https:\/\/www.vallonchene.fr\/de\/produkt\/cryptomeria-japonica-rasen\/\" \/>\n<meta property=\"og:site_name\" content=\"Vallonch\u00eane\" \/>\n<meta property=\"article:publisher\" content=\"https:\/\/www.facebook.com\/vallonchene.fr\" \/>\n<meta property=\"article:modified_time\" content=\"2023-05-12T13:18:50+00:00\" \/>\n<meta property=\"og:image\" content=\"https:\/\/www.vallonchene.fr\/wp-content\/uploads\/2021\/08\/4293-27e-CRYPTOMERIA-japonica-Rasen-cedre-du-Japon-cryptomere-du-Japon.jpg\" \/>\n\t<meta property=\"og:image:width\" content=\"800\" \/>\n\t<meta property=\"og:image:height\" content=\"800\" \/>\n\t<meta property=\"og:image:type\" content=\"image\/jpeg\" \/>\n<meta name=\"twitter:card\" content=\"summary_large_image\" \/>\n<meta name=\"twitter:label1\" content=\"Verf\u00fcgbarkeit\" \/>\n\t<meta name=\"twitter:data1\" content=\"Vorr\u00e4tig\" \/>\n<script type=\"application\/ld+json\" class=\"yoast-schema-graph\">{\"@context\":\"https:\\\/\\\/schema.org\",\"@graph\":[{\"@type\":\"WebPage\",\"@id\":\"https:\\\/\\\/www.vallonchene.fr\\\/de\\\/produkt\\\/cryptomeria-japonica-rasen\\\/\",\"url\":\"https:\\\/\\\/www.vallonchene.fr\\\/de\\\/produkt\\\/cryptomeria-japonica-rasen\\\/\",\"name\":\"CRYPTOMERIA japonica 'Rasen' (Sugi, Sicheltanne)\",\"isPartOf\":{\"@id\":\"https:\\\/\\\/www.vallonchene.fr\\\/de\\\/#website\"},\"primaryImageOfPage\":{\"@id\":\"https:\\\/\\\/www.vallonchene.fr\\\/de\\\/produkt\\\/cryptomeria-japonica-rasen\\\/#primaryimage\"},\"image\":{\"@id\":\"https:\\\/\\\/www.vallonchene.fr\\\/de\\\/produkt\\\/cryptomeria-japonica-rasen\\\/#primaryimage\"},\"thumbnailUrl\":\"https:\\\/\\\/www.vallonchene.fr\\\/wp-content\\\/uploads\\\/2021\\\/08\\\/4293-27e-CRYPTOMERIA-japonica-Rasen-cedre-du-Japon-cryptomere-du-Japon.jpg\",\"datePublished\":\"2021-08-31T10:55:22+00:00\",\"dateModified\":\"2023-05-12T13:18:50+00:00\",\"description\":\"Diese japanische Zeder (Sugi, Sicheltanne) w\u00e4chst als sehr schmalen S\u00e4ule. Das Laub von CRYPTOMERIA japonica 'Rasen' ist gr\u00fcn und nicht sehr dicht. Die Bl\u00e4tter und Zweige sind gewunden.\",\"breadcrumb\":{\"@id\":\"https:\\\/\\\/www.vallonchene.fr\\\/de\\\/produkt\\\/cryptomeria-japonica-rasen\\\/#breadcrumb\"},\"inLanguage\":\"de\",\"potentialAction\":[{\"@type\":\"ReadAction\",\"target\":[\"https:\\\/\\\/www.vallonchene.fr\\\/de\\\/produkt\\\/cryptomeria-japonica-rasen\\\/\"]}]},{\"@type\":\"ImageObject\",\"inLanguage\":\"de\",\"@id\":\"https:\\\/\\\/www.vallonchene.fr\\\/de\\\/produkt\\\/cryptomeria-japonica-rasen\\\/#primaryimage\",\"url\":\"https:\\\/\\\/www.vallonchene.fr\\\/wp-content\\\/uploads\\\/2021\\\/08\\\/4293-27e-CRYPTOMERIA-japonica-Rasen-cedre-du-Japon-cryptomere-du-Japon.jpg\",\"contentUrl\":\"https:\\\/\\\/www.vallonchene.fr\\\/wp-content\\\/uploads\\\/2021\\\/08\\\/4293-27e-CRYPTOMERIA-japonica-Rasen-cedre-du-Japon-cryptomere-du-Japon.jpg\",\"width\":800,\"height\":800},{\"@type\":\"BreadcrumbList\",\"@id\":\"https:\\\/\\\/www.vallonchene.fr\\\/de\\\/produkt\\\/cryptomeria-japonica-rasen\\\/#breadcrumb\",\"itemListElement\":[{\"@type\":\"ListItem\",\"position\":1,\"name\":\"Home\",\"item\":\"https:\\\/\\\/www.vallonchene.fr\\\/de\\\/\"},{\"@type\":\"ListItem\",\"position\":2,\"name\":\"Shop\",\"item\":\"https:\\\/\\\/www.vallonchene.fr\\\/de\\\/shop\\\/\"},{\"@type\":\"ListItem\",\"position\":3,\"name\":\"Online-Verkauf\",\"item\":\"https:\\\/\\\/www.vallonchene.fr\\\/de\\\/produkt-kategorie\\\/online-verkauf-de\\\/\"},{\"@type\":\"ListItem\",\"position\":4,\"name\":\"Baumschule\",\"item\":\"https:\\\/\\\/www.vallonchene.fr\\\/de\\\/produkt-kategorie\\\/online-verkauf-de\\\/baumschule-gaertnerei-de\\\/\"},{\"@type\":\"ListItem\",\"position\":5,\"name\":\"Koniferen\",\"item\":\"https:\\\/\\\/www.vallonchene.fr\\\/de\\\/produkt-kategorie\\\/online-verkauf-de\\\/baumschule-gaertnerei-de\\\/koniferen-de\\\/\"},{\"@type\":\"ListItem\",\"position\":6,\"name\":\"CRYPTOMERIA japonica &#8218;Rasen&#8216; (Sugi, Sicheltanne)\"}]},{\"@type\":\"WebSite\",\"@id\":\"https:\\\/\\\/www.vallonchene.fr\\\/de\\\/#website\",\"url\":\"https:\\\/\\\/www.vallonchene.fr\\\/de\\\/\",\"name\":\"Vallonch\u00eane\",\"description\":\"Die Baumschule, bei der Qualit\u00e4t ihre Wurzeln hat \u2013 Tel.: +49 (0)6838-5399840\",\"publisher\":{\"@id\":\"https:\\\/\\\/www.vallonchene.fr\\\/de\\\/#organization\"},\"potentialAction\":[{\"@type\":\"SearchAction\",\"target\":{\"@type\":\"EntryPoint\",\"urlTemplate\":\"https:\\\/\\\/www.vallonchene.fr\\\/de\\\/?s={search_term_string}\"},\"query-input\":{\"@type\":\"PropertyValueSpecification\",\"valueRequired\":true,\"valueName\":\"search_term_string\"}}],\"inLanguage\":\"de\"},{\"@type\":\"Organization\",\"@id\":\"https:\\\/\\\/www.vallonchene.fr\\\/de\\\/#organization\",\"name\":\"VALLONCHENE\",\"url\":\"https:\\\/\\\/www.vallonchene.fr\\\/de\\\/\",\"logo\":{\"@type\":\"ImageObject\",\"inLanguage\":\"de\",\"@id\":\"https:\\\/\\\/www.vallonchene.fr\\\/de\\\/#\\\/schema\\\/logo\\\/image\\\/\",\"url\":\"https:\\\/\\\/www.vallonchene.fr\\\/wp-content\\\/uploads\\\/2023\\\/03\\\/Logo-Vallonchene-site-et-R_hauteur_100.png\",\"contentUrl\":\"https:\\\/\\\/www.vallonchene.fr\\\/wp-content\\\/uploads\\\/2023\\\/03\\\/Logo-Vallonchene-site-et-R_hauteur_100.png\",\"width\":221,\"height\":100,\"caption\":\"VALLONCHENE\"},\"image\":{\"@id\":\"https:\\\/\\\/www.vallonchene.fr\\\/de\\\/#\\\/schema\\\/logo\\\/image\\\/\"},\"sameAs\":[\"https:\\\/\\\/www.facebook.com\\\/vallonchene.fr\",\"https:\\\/\\\/www.instagram.com\\\/vallonchene\\\/\",\"https:\\\/\\\/www.pinterest.fr\\\/vallonchene\\\/\"],\"taxID\":\"49454502300017\",\"hasMerchantReturnPolicy\":{\"@type\":\"MerchantReturnPolicy\",\"merchantReturnLink\":\"https:\\\/\\\/www.vallonchene.fr\\\/remboursements_retours\\\/\"}}]}<\/script>\n<meta property=\"og:availability\" content=\"instock\" \/>\n<meta property=\"product:availability\" content=\"instock\" \/>\n<meta property=\"product:retailer_item_id\" content=\"27345\" \/>\n<meta property=\"product:condition\" content=\"new\" \/>\n<!-- \/ Yoast SEO Premium plugin. -->","yoast_head_json":{"title":"CRYPTOMERIA japonica 'Rasen' (Sugi, Sicheltanne)","description":"Diese japanische Zeder (Sugi, Sicheltanne) w\u00e4chst als sehr schmalen S\u00e4ule. Das Laub von CRYPTOMERIA japonica 'Rasen' ist gr\u00fcn und nicht sehr dicht. Die Bl\u00e4tter und Zweige sind gewunden.","robots":{"index":"index","follow":"follow","max-snippet":"max-snippet:-1","max-image-preview":"max-image-preview:large","max-video-preview":"max-video-preview:-1"},"canonical":"https:\/\/www.vallonchene.fr\/de\/produkt\/cryptomeria-japonica-rasen\/","og_locale":"de_DE","og_type":"article","og_title":"CRYPTOMERIA japonica 'Rasen' (Sugi, Sicheltanne)","og_description":"Diese japanische Zeder (Sugi, Sicheltanne) w\u00e4chst als sehr schmalen S\u00e4ule. Das Laub von CRYPTOMERIA japonica 'Rasen' ist gr\u00fcn und nicht sehr dicht. Die Bl\u00e4tter und Zweige sind gewunden.","og_url":"https:\/\/www.vallonchene.fr\/de\/produkt\/cryptomeria-japonica-rasen\/","og_site_name":"Vallonch\u00eane","article_publisher":"https:\/\/www.facebook.com\/vallonchene.fr","article_modified_time":"2023-05-12T13:18:50+00:00","og_image":[{"width":800,"height":800,"url":"https:\/\/www.vallonchene.fr\/wp-content\/uploads\/2021\/08\/4293-27e-CRYPTOMERIA-japonica-Rasen-cedre-du-Japon-cryptomere-du-Japon.jpg","type":"image\/jpeg"}],"twitter_card":"summary_large_image","twitter_misc":{"Verf\u00fcgbarkeit":"Vorr\u00e4tig"},"schema":{"@context":"https:\/\/schema.org","@graph":[{"@type":"WebPage","@id":"https:\/\/www.vallonchene.fr\/de\/produkt\/cryptomeria-japonica-rasen\/","url":"https:\/\/www.vallonchene.fr\/de\/produkt\/cryptomeria-japonica-rasen\/","name":"CRYPTOMERIA japonica 'Rasen' (Sugi, Sicheltanne)","isPartOf":{"@id":"https:\/\/www.vallonchene.fr\/de\/#website"},"primaryImageOfPage":{"@id":"https:\/\/www.vallonchene.fr\/de\/produkt\/cryptomeria-japonica-rasen\/#primaryimage"},"image":{"@id":"https:\/\/www.vallonchene.fr\/de\/produkt\/cryptomeria-japonica-rasen\/#primaryimage"},"thumbnailUrl":"https:\/\/www.vallonchene.fr\/wp-content\/uploads\/2021\/08\/4293-27e-CRYPTOMERIA-japonica-Rasen-cedre-du-Japon-cryptomere-du-Japon.jpg","datePublished":"2021-08-31T10:55:22+00:00","dateModified":"2023-05-12T13:18:50+00:00","description":"Diese japanische Zeder (Sugi, Sicheltanne) w\u00e4chst als sehr schmalen S\u00e4ule. Das Laub von CRYPTOMERIA japonica 'Rasen' ist gr\u00fcn und nicht sehr dicht. Die Bl\u00e4tter und Zweige sind gewunden.","breadcrumb":{"@id":"https:\/\/www.vallonchene.fr\/de\/produkt\/cryptomeria-japonica-rasen\/#breadcrumb"},"inLanguage":"de","potentialAction":[{"@type":"ReadAction","target":["https:\/\/www.vallonchene.fr\/de\/produkt\/cryptomeria-japonica-rasen\/"]}]},{"@type":"ImageObject","inLanguage":"de","@id":"https:\/\/www.vallonchene.fr\/de\/produkt\/cryptomeria-japonica-rasen\/#primaryimage","url":"https:\/\/www.vallonchene.fr\/wp-content\/uploads\/2021\/08\/4293-27e-CRYPTOMERIA-japonica-Rasen-cedre-du-Japon-cryptomere-du-Japon.jpg","contentUrl":"https:\/\/www.vallonchene.fr\/wp-content\/uploads\/2021\/08\/4293-27e-CRYPTOMERIA-japonica-Rasen-cedre-du-Japon-cryptomere-du-Japon.jpg","width":800,"height":800},{"@type":"BreadcrumbList","@id":"https:\/\/www.vallonchene.fr\/de\/produkt\/cryptomeria-japonica-rasen\/#breadcrumb","itemListElement":[{"@type":"ListItem","position":1,"name":"Home","item":"https:\/\/www.vallonchene.fr\/de\/"},{"@type":"ListItem","position":2,"name":"Shop","item":"https:\/\/www.vallonchene.fr\/de\/shop\/"},{"@type":"ListItem","position":3,"name":"Online-Verkauf","item":"https:\/\/www.vallonchene.fr\/de\/produkt-kategorie\/online-verkauf-de\/"},{"@type":"ListItem","position":4,"name":"Baumschule","item":"https:\/\/www.vallonchene.fr\/de\/produkt-kategorie\/online-verkauf-de\/baumschule-gaertnerei-de\/"},{"@type":"ListItem","position":5,"name":"Koniferen","item":"https:\/\/www.vallonchene.fr\/de\/produkt-kategorie\/online-verkauf-de\/baumschule-gaertnerei-de\/koniferen-de\/"},{"@type":"ListItem","position":6,"name":"CRYPTOMERIA japonica &#8218;Rasen&#8216; (Sugi, Sicheltanne)"}]},{"@type":"WebSite","@id":"https:\/\/www.vallonchene.fr\/de\/#website","url":"https:\/\/www.vallonchene.fr\/de\/","name":"Vallonch\u00eane","description":"Die Baumschule, bei der Qualit\u00e4t ihre Wurzeln hat \u2013 Tel.: +49 (0)6838-5399840","publisher":{"@id":"https:\/\/www.vallonchene.fr\/de\/#organization"},"potentialAction":[{"@type":"SearchAction","target":{"@type":"EntryPoint","urlTemplate":"https:\/\/www.vallonchene.fr\/de\/?s={search_term_string}"},"query-input":{"@type":"PropertyValueSpecification","valueRequired":true,"valueName":"search_term_string"}}],"inLanguage":"de"},{"@type":"Organization","@id":"https:\/\/www.vallonchene.fr\/de\/#organization","name":"VALLONCHENE","url":"https:\/\/www.vallonchene.fr\/de\/","logo":{"@type":"ImageObject","inLanguage":"de","@id":"https:\/\/www.vallonchene.fr\/de\/#\/schema\/logo\/image\/","url":"https:\/\/www.vallonchene.fr\/wp-content\/uploads\/2023\/03\/Logo-Vallonchene-site-et-R_hauteur_100.png","contentUrl":"https:\/\/www.vallonchene.fr\/wp-content\/uploads\/2023\/03\/Logo-Vallonchene-site-et-R_hauteur_100.png","width":221,"height":100,"caption":"VALLONCHENE"},"image":{"@id":"https:\/\/www.vallonchene.fr\/de\/#\/schema\/logo\/image\/"},"sameAs":["https:\/\/www.facebook.com\/vallonchene.fr","https:\/\/www.instagram.com\/vallonchene\/","https:\/\/www.pinterest.fr\/vallonchene\/"],"taxID":"49454502300017","hasMerchantReturnPolicy":{"@type":"MerchantReturnPolicy","merchantReturnLink":"https:\/\/www.vallonchene.fr\/remboursements_retours\/"}}]},"og_availability":"instock","product_availability":"instock","product_retailer_item_id":"27345","product_condition":"new"},"_links":{"self":[{"href":"https:\/\/www.vallonchene.fr\/de\/wp-json\/wp\/v2\/product\/4458","targetHints":{"allow":["GET"]}}],"collection":[{"href":"https:\/\/www.vallonchene.fr\/de\/wp-json\/wp\/v2\/product"}],"about":[{"href":"https:\/\/www.vallonchene.fr\/de\/wp-json\/wp\/v2\/types\/product"}],"replies":[{"embeddable":true,"href":"https:\/\/www.vallonchene.fr\/de\/wp-json\/wp\/v2\/comments?post=4458"}],"wp:featuredmedia":[{"embeddable":true,"href":"https:\/\/www.vallonchene.fr\/de\/wp-json\/wp\/v2\/media\/4446"}],"wp:attachment":[{"href":"https:\/\/www.vallonchene.fr\/de\/wp-json\/wp\/v2\/media?parent=4458"}],"wp:term":[{"taxonomy":"product_brand","embeddable":true,"href":"https:\/\/www.vallonchene.fr\/de\/wp-json\/wp\/v2\/product_brand?post=4458"},{"taxonomy":"product_cat","embeddable":true,"href":"https:\/\/www.vallonchene.fr\/de\/wp-json\/wp\/v2\/product_cat?post=4458"},{"taxonomy":"product_tag","embeddable":true,"href":"https:\/\/www.vallonchene.fr\/de\/wp-json\/wp\/v2\/product_tag?post=4458"}],"curies":[{"name":"wp","href":"https:\/\/api.w.org\/{rel}","templated":true}]}}