{"id":4351,"date":"2021-08-31T10:47:23","date_gmt":"2021-08-31T10:47:23","guid":{"rendered":"https:\/\/testing.vallonchene.fr\/produit\/calocedrus-decurrens-berrima-gold\/"},"modified":"2025-10-22T09:41:41","modified_gmt":"2025-10-22T07:41:41","slug":"calocedrus-decurrens-berrima-gold","status":"publish","type":"product","link":"https:\/\/www.vallonchene.fr\/de\/produkt\/calocedrus-decurrens-berrima-gold\/","title":{"rendered":"CALOCEDRUS decurrens &#8218;Berrima Gold&#8216; (gelbe kalifornische Weihrauchzeder, Flusszeder)"},"content":{"rendered":"<p>Das Laub dieser seltenen <strong>kalifornischen Weihrauchzeder<\/strong> ist gelb. Aber die <strong>CALOCEDRUS decurrens &#8218;Berrima Gold&#8216;<\/strong> steht im Winter ganz besonders hervor, wenn ihr Laub leuchtend gelb und zu einer echten Attraktion im Garten verwandelt, indem sie zur Lichtquelle w\u00e4hrend dieser dunkleren Jahreszeit wird. Diese immergr\u00fcne Konifere w\u00e4chst in den ersten Jahren als Strauch und entwickelt sich dann zu einer S\u00e4ule. Sie w\u00e4chst sehr langsam.<\/p>\n","protected":false},"excerpt":{"rendered":"<p>Diese <b>kalifornische Weihrauchzeder<\/b> hat leuchtend gelbes Laub. Die <b>CALOCEDRUS decurrens &#8218;Berrima Gold&#8216;<\/b> w\u00e4chst s\u00e4ulenf\u00f6rmig. Sie ist sehr winterhart.<\/p>\n","protected":false},"featured_media":4344,"comment_status":"open","ping_status":"closed","template":"","meta":[],"product_brand":[],"product_cat":[255,225],"product_tag":[12188,12187],"class_list":{"0":"post-4351","1":"product","2":"type-product","3":"status-publish","4":"has-post-thumbnail","6":"product_cat-koniferen-de","7":"product_cat-online-verkauf-de","8":"product_tag-calocedrus-de","9":"product_tag-calocedrus-decurrens-de","10":"pa_couleurdufeuillage-gelb-de","11":"pa_exigencesenhumidite-feucht-de","12":"pa_exigencesenhumidite-normal-de","13":"pa_exigencesenhumidite-trocken-de","14":"pa_expositionspossibles-sonnigvon12bis17uhr-de","15":"pa_hauteurlivree-30-bis-40-cm","16":"pa_hauteurlivree-40-bis-50-cm","17":"pa_hauteurlivree-50-bis-60-cm","18":"pa_hauteurlivree-60-bis-80-cm","19":"pa_interetauprintemps-form-de","20":"pa_interetauprintemps-laub-de","21":"pa_interetenautomne-form-de","22":"pa_interetenautomne-laub-de","23":"pa_interetenete-form-de","24":"pa_interetenete-laub-de","25":"pa_interetenhiver-form-de","26":"pa_interetenhiver-laub-de","27":"pa_naturedufeuillage-immergrun-de","28":"pa_naturesdesolpossibles-leicht-de","29":"pa_naturesdesolpossibles-normal-de","30":"pa_particularites-form-de","31":"pa_periodedetaille-marz-de","32":"pa_phdusolacceptable-kalkigmehrals75-de","33":"pa_phdusolacceptable-neutralzw65u75-de","34":"pa_phdusolacceptable-sauerwenigerals65-de","35":"pa_portgraphisme-kolonnenformig-de","36":"pa_resistanceaufroidrusticite-frostbestandigunter_20c-de","37":"pa_tailledepot-4liter_topf-de","38":"pa_tailledepot-75liter_topf-de","39":"pa_utilisationpossible-alleinstehend-de","40":"pa_utilisationpossible-beet-de","41":"pa_utilisationpossible-kubelodertopf-de","43":"first","44":"instock","45":"taxable","46":"shipping-taxable","47":"purchasable","48":"product-type-variable"},"supplier_id":null,"supplier_sku":"","barcode":null,"atum_controlled":true,"out_stock_date":null,"out_stock_threshold":null,"inheritable":true,"inbound_stock":0,"stock_on_hold":0,"sold_today":0,"sales_last_days":0,"reserved_stock":0,"customer_returns":0,"warehouse_damage":0,"lost_in_post":0,"other_logs":0,"out_stock_days":null,"lost_sales":0,"has_location":false,"update_date":"2025-12-11T15:35:27","atum_locations":[],"atum_stock_status":"instock","restock_status":false,"low_stock_amount":"","sales_update_date":"2025-10-22T07:41:10","calc_backorders":null,"yoast_head":"<!-- This site is optimized with the Yoast SEO Premium plugin v27.5 (Yoast SEO v27.5) - https:\/\/yoast.com\/product\/yoast-seo-premium-wordpress\/ -->\n<title>CALOCEDRUS decurrens &#039;Berrima Gold&#039; (kalifornische Weihrauchzeder, Flusszeder)<\/title>\n<meta name=\"description\" content=\"Diese kalifornische Weihrauchzeder hat leuchtend gelbes Laub. Die CALOCEDRUS decurrens &#039;Berrima Gold&#039; w\u00e4chst s\u00e4ulenf\u00f6rmig. Sie ist sehr winterhart.\" \/>\n<meta name=\"robots\" content=\"index, follow, max-snippet:-1, max-image-preview:large, max-video-preview:-1\" \/>\n<link rel=\"canonical\" href=\"https:\/\/www.vallonchene.fr\/de\/produkt\/calocedrus-decurrens-berrima-gold\/\" \/>\n<meta property=\"og:locale\" content=\"de_DE\" \/>\n<meta property=\"og:type\" content=\"article\" \/>\n<meta property=\"og:title\" content=\"CALOCEDRUS decurrens &#039;Berrima Gold&#039; (gelbe kalifornische Weihrauchzeder, Flusszeder)\" \/>\n<meta property=\"og:description\" content=\"Diese kalifornische Weihrauchzeder hat leuchtend gelbes Laub. Die CALOCEDRUS decurrens &#039;Berrima Gold&#039; w\u00e4chst s\u00e4ulenf\u00f6rmig. Sie ist sehr winterhart.\" \/>\n<meta property=\"og:url\" content=\"https:\/\/www.vallonchene.fr\/de\/produkt\/calocedrus-decurrens-berrima-gold\/\" \/>\n<meta property=\"og:site_name\" content=\"Vallonch\u00eane\" \/>\n<meta property=\"article:publisher\" content=\"https:\/\/www.facebook.com\/vallonchene.fr\" \/>\n<meta property=\"article:modified_time\" content=\"2025-10-22T07:41:41+00:00\" \/>\n<meta property=\"og:image\" content=\"https:\/\/www.vallonchene.fr\/wp-content\/uploads\/2021\/08\/691-696-Vue-rapprochee-du-CALOCEDRUS-decurrens-Berrima-Gold-en-Octobre.jpg\" \/>\n\t<meta property=\"og:image:width\" content=\"1600\" \/>\n\t<meta property=\"og:image:height\" content=\"1600\" \/>\n\t<meta property=\"og:image:type\" content=\"image\/jpeg\" \/>\n<meta name=\"twitter:card\" content=\"summary_large_image\" \/>\n<meta name=\"twitter:label1\" content=\"Verf\u00fcgbarkeit\" \/>\n\t<meta name=\"twitter:data1\" content=\"Vorr\u00e4tig\" \/>\n<script type=\"application\/ld+json\" class=\"yoast-schema-graph\">{\"@context\":\"https:\\\/\\\/schema.org\",\"@graph\":[{\"@type\":\"WebPage\",\"@id\":\"https:\\\/\\\/www.vallonchene.fr\\\/de\\\/produkt\\\/calocedrus-decurrens-berrima-gold\\\/\",\"url\":\"https:\\\/\\\/www.vallonchene.fr\\\/de\\\/produkt\\\/calocedrus-decurrens-berrima-gold\\\/\",\"name\":\"CALOCEDRUS decurrens 'Berrima Gold' (kalifornische Weihrauchzeder, Flusszeder)\",\"isPartOf\":{\"@id\":\"https:\\\/\\\/www.vallonchene.fr\\\/de\\\/#website\"},\"primaryImageOfPage\":{\"@id\":\"https:\\\/\\\/www.vallonchene.fr\\\/de\\\/produkt\\\/calocedrus-decurrens-berrima-gold\\\/#primaryimage\"},\"image\":{\"@id\":\"https:\\\/\\\/www.vallonchene.fr\\\/de\\\/produkt\\\/calocedrus-decurrens-berrima-gold\\\/#primaryimage\"},\"thumbnailUrl\":\"https:\\\/\\\/www.vallonchene.fr\\\/wp-content\\\/uploads\\\/2021\\\/08\\\/691-696-Vue-rapprochee-du-CALOCEDRUS-decurrens-Berrima-Gold-en-Octobre.jpg\",\"datePublished\":\"2021-08-31T10:47:23+00:00\",\"dateModified\":\"2025-10-22T07:41:41+00:00\",\"description\":\"Diese kalifornische Weihrauchzeder hat leuchtend gelbes Laub. Die CALOCEDRUS decurrens 'Berrima Gold' w\u00e4chst s\u00e4ulenf\u00f6rmig. Sie ist sehr winterhart.\",\"breadcrumb\":{\"@id\":\"https:\\\/\\\/www.vallonchene.fr\\\/de\\\/produkt\\\/calocedrus-decurrens-berrima-gold\\\/#breadcrumb\"},\"inLanguage\":\"de\",\"potentialAction\":[{\"@type\":\"ReadAction\",\"target\":[\"https:\\\/\\\/www.vallonchene.fr\\\/de\\\/produkt\\\/calocedrus-decurrens-berrima-gold\\\/\"]}]},{\"@type\":\"ImageObject\",\"inLanguage\":\"de\",\"@id\":\"https:\\\/\\\/www.vallonchene.fr\\\/de\\\/produkt\\\/calocedrus-decurrens-berrima-gold\\\/#primaryimage\",\"url\":\"https:\\\/\\\/www.vallonchene.fr\\\/wp-content\\\/uploads\\\/2021\\\/08\\\/691-696-Vue-rapprochee-du-CALOCEDRUS-decurrens-Berrima-Gold-en-Octobre.jpg\",\"contentUrl\":\"https:\\\/\\\/www.vallonchene.fr\\\/wp-content\\\/uploads\\\/2021\\\/08\\\/691-696-Vue-rapprochee-du-CALOCEDRUS-decurrens-Berrima-Gold-en-Octobre.jpg\",\"width\":1600,\"height\":1600},{\"@type\":\"BreadcrumbList\",\"@id\":\"https:\\\/\\\/www.vallonchene.fr\\\/de\\\/produkt\\\/calocedrus-decurrens-berrima-gold\\\/#breadcrumb\",\"itemListElement\":[{\"@type\":\"ListItem\",\"position\":1,\"name\":\"Home\",\"item\":\"https:\\\/\\\/www.vallonchene.fr\\\/de\\\/\"},{\"@type\":\"ListItem\",\"position\":2,\"name\":\"Shop\",\"item\":\"https:\\\/\\\/www.vallonchene.fr\\\/de\\\/shop\\\/\"},{\"@type\":\"ListItem\",\"position\":3,\"name\":\"Online-Verkauf\",\"item\":\"https:\\\/\\\/www.vallonchene.fr\\\/de\\\/produkt-kategorie\\\/online-verkauf-de\\\/\"},{\"@type\":\"ListItem\",\"position\":4,\"name\":\"Baumschule\",\"item\":\"https:\\\/\\\/www.vallonchene.fr\\\/de\\\/produkt-kategorie\\\/online-verkauf-de\\\/baumschule-gaertnerei-de\\\/\"},{\"@type\":\"ListItem\",\"position\":5,\"name\":\"Koniferen\",\"item\":\"https:\\\/\\\/www.vallonchene.fr\\\/de\\\/produkt-kategorie\\\/online-verkauf-de\\\/baumschule-gaertnerei-de\\\/koniferen-de\\\/\"},{\"@type\":\"ListItem\",\"position\":6,\"name\":\"CALOCEDRUS decurrens &lsquo;Berrima Gold&rsquo; (gelbe kalifornische Weihrauchzeder, Flusszeder)\"}]},{\"@type\":\"WebSite\",\"@id\":\"https:\\\/\\\/www.vallonchene.fr\\\/de\\\/#website\",\"url\":\"https:\\\/\\\/www.vallonchene.fr\\\/de\\\/\",\"name\":\"Vallonch\u00eane\",\"description\":\"Die Baumschule, bei der Qualit\u00e4t ihre Wurzeln hat \u2013 Tel.: +49 (0)6838-5399840\",\"publisher\":{\"@id\":\"https:\\\/\\\/www.vallonchene.fr\\\/de\\\/#organization\"},\"potentialAction\":[{\"@type\":\"SearchAction\",\"target\":{\"@type\":\"EntryPoint\",\"urlTemplate\":\"https:\\\/\\\/www.vallonchene.fr\\\/de\\\/?s={search_term_string}\"},\"query-input\":{\"@type\":\"PropertyValueSpecification\",\"valueRequired\":true,\"valueName\":\"search_term_string\"}}],\"inLanguage\":\"de\"},{\"@type\":\"Organization\",\"@id\":\"https:\\\/\\\/www.vallonchene.fr\\\/de\\\/#organization\",\"name\":\"VALLONCHENE\",\"url\":\"https:\\\/\\\/www.vallonchene.fr\\\/de\\\/\",\"logo\":{\"@type\":\"ImageObject\",\"inLanguage\":\"de\",\"@id\":\"https:\\\/\\\/www.vallonchene.fr\\\/de\\\/#\\\/schema\\\/logo\\\/image\\\/\",\"url\":\"https:\\\/\\\/www.vallonchene.fr\\\/wp-content\\\/uploads\\\/2023\\\/03\\\/Logo-Vallonchene-site-et-R_hauteur_100.png\",\"contentUrl\":\"https:\\\/\\\/www.vallonchene.fr\\\/wp-content\\\/uploads\\\/2023\\\/03\\\/Logo-Vallonchene-site-et-R_hauteur_100.png\",\"width\":221,\"height\":100,\"caption\":\"VALLONCHENE\"},\"image\":{\"@id\":\"https:\\\/\\\/www.vallonchene.fr\\\/de\\\/#\\\/schema\\\/logo\\\/image\\\/\"},\"sameAs\":[\"https:\\\/\\\/www.facebook.com\\\/vallonchene.fr\",\"https:\\\/\\\/www.instagram.com\\\/vallonchene\\\/\",\"https:\\\/\\\/www.pinterest.fr\\\/vallonchene\\\/\"],\"taxID\":\"49454502300017\",\"hasMerchantReturnPolicy\":{\"@type\":\"MerchantReturnPolicy\",\"merchantReturnLink\":\"https:\\\/\\\/www.vallonchene.fr\\\/remboursements_retours\\\/\"}}]}<\/script>\n<meta property=\"og:availability\" content=\"instock\" \/>\n<meta property=\"product:availability\" content=\"instock\" \/>\n<meta property=\"product:retailer_item_id\" content=\"51348\" \/>\n<meta property=\"product:condition\" content=\"new\" \/>\n<!-- \/ Yoast SEO Premium plugin. -->","yoast_head_json":{"title":"CALOCEDRUS decurrens 'Berrima Gold' (kalifornische Weihrauchzeder, Flusszeder)","description":"Diese kalifornische Weihrauchzeder hat leuchtend gelbes Laub. Die CALOCEDRUS decurrens 'Berrima Gold' w\u00e4chst s\u00e4ulenf\u00f6rmig. Sie ist sehr winterhart.","robots":{"index":"index","follow":"follow","max-snippet":"max-snippet:-1","max-image-preview":"max-image-preview:large","max-video-preview":"max-video-preview:-1"},"canonical":"https:\/\/www.vallonchene.fr\/de\/produkt\/calocedrus-decurrens-berrima-gold\/","og_locale":"de_DE","og_type":"article","og_title":"CALOCEDRUS decurrens 'Berrima Gold' (gelbe kalifornische Weihrauchzeder, Flusszeder)","og_description":"Diese kalifornische Weihrauchzeder hat leuchtend gelbes Laub. Die CALOCEDRUS decurrens 'Berrima Gold' w\u00e4chst s\u00e4ulenf\u00f6rmig. Sie ist sehr winterhart.","og_url":"https:\/\/www.vallonchene.fr\/de\/produkt\/calocedrus-decurrens-berrima-gold\/","og_site_name":"Vallonch\u00eane","article_publisher":"https:\/\/www.facebook.com\/vallonchene.fr","article_modified_time":"2025-10-22T07:41:41+00:00","og_image":[{"width":1600,"height":1600,"url":"https:\/\/www.vallonchene.fr\/wp-content\/uploads\/2021\/08\/691-696-Vue-rapprochee-du-CALOCEDRUS-decurrens-Berrima-Gold-en-Octobre.jpg","type":"image\/jpeg"}],"twitter_card":"summary_large_image","twitter_misc":{"Verf\u00fcgbarkeit":"Vorr\u00e4tig"},"schema":{"@context":"https:\/\/schema.org","@graph":[{"@type":"WebPage","@id":"https:\/\/www.vallonchene.fr\/de\/produkt\/calocedrus-decurrens-berrima-gold\/","url":"https:\/\/www.vallonchene.fr\/de\/produkt\/calocedrus-decurrens-berrima-gold\/","name":"CALOCEDRUS decurrens 'Berrima Gold' (kalifornische Weihrauchzeder, Flusszeder)","isPartOf":{"@id":"https:\/\/www.vallonchene.fr\/de\/#website"},"primaryImageOfPage":{"@id":"https:\/\/www.vallonchene.fr\/de\/produkt\/calocedrus-decurrens-berrima-gold\/#primaryimage"},"image":{"@id":"https:\/\/www.vallonchene.fr\/de\/produkt\/calocedrus-decurrens-berrima-gold\/#primaryimage"},"thumbnailUrl":"https:\/\/www.vallonchene.fr\/wp-content\/uploads\/2021\/08\/691-696-Vue-rapprochee-du-CALOCEDRUS-decurrens-Berrima-Gold-en-Octobre.jpg","datePublished":"2021-08-31T10:47:23+00:00","dateModified":"2025-10-22T07:41:41+00:00","description":"Diese kalifornische Weihrauchzeder hat leuchtend gelbes Laub. Die CALOCEDRUS decurrens 'Berrima Gold' w\u00e4chst s\u00e4ulenf\u00f6rmig. Sie ist sehr winterhart.","breadcrumb":{"@id":"https:\/\/www.vallonchene.fr\/de\/produkt\/calocedrus-decurrens-berrima-gold\/#breadcrumb"},"inLanguage":"de","potentialAction":[{"@type":"ReadAction","target":["https:\/\/www.vallonchene.fr\/de\/produkt\/calocedrus-decurrens-berrima-gold\/"]}]},{"@type":"ImageObject","inLanguage":"de","@id":"https:\/\/www.vallonchene.fr\/de\/produkt\/calocedrus-decurrens-berrima-gold\/#primaryimage","url":"https:\/\/www.vallonchene.fr\/wp-content\/uploads\/2021\/08\/691-696-Vue-rapprochee-du-CALOCEDRUS-decurrens-Berrima-Gold-en-Octobre.jpg","contentUrl":"https:\/\/www.vallonchene.fr\/wp-content\/uploads\/2021\/08\/691-696-Vue-rapprochee-du-CALOCEDRUS-decurrens-Berrima-Gold-en-Octobre.jpg","width":1600,"height":1600},{"@type":"BreadcrumbList","@id":"https:\/\/www.vallonchene.fr\/de\/produkt\/calocedrus-decurrens-berrima-gold\/#breadcrumb","itemListElement":[{"@type":"ListItem","position":1,"name":"Home","item":"https:\/\/www.vallonchene.fr\/de\/"},{"@type":"ListItem","position":2,"name":"Shop","item":"https:\/\/www.vallonchene.fr\/de\/shop\/"},{"@type":"ListItem","position":3,"name":"Online-Verkauf","item":"https:\/\/www.vallonchene.fr\/de\/produkt-kategorie\/online-verkauf-de\/"},{"@type":"ListItem","position":4,"name":"Baumschule","item":"https:\/\/www.vallonchene.fr\/de\/produkt-kategorie\/online-verkauf-de\/baumschule-gaertnerei-de\/"},{"@type":"ListItem","position":5,"name":"Koniferen","item":"https:\/\/www.vallonchene.fr\/de\/produkt-kategorie\/online-verkauf-de\/baumschule-gaertnerei-de\/koniferen-de\/"},{"@type":"ListItem","position":6,"name":"CALOCEDRUS decurrens &lsquo;Berrima Gold&rsquo; (gelbe kalifornische Weihrauchzeder, Flusszeder)"}]},{"@type":"WebSite","@id":"https:\/\/www.vallonchene.fr\/de\/#website","url":"https:\/\/www.vallonchene.fr\/de\/","name":"Vallonch\u00eane","description":"Die Baumschule, bei der Qualit\u00e4t ihre Wurzeln hat \u2013 Tel.: +49 (0)6838-5399840","publisher":{"@id":"https:\/\/www.vallonchene.fr\/de\/#organization"},"potentialAction":[{"@type":"SearchAction","target":{"@type":"EntryPoint","urlTemplate":"https:\/\/www.vallonchene.fr\/de\/?s={search_term_string}"},"query-input":{"@type":"PropertyValueSpecification","valueRequired":true,"valueName":"search_term_string"}}],"inLanguage":"de"},{"@type":"Organization","@id":"https:\/\/www.vallonchene.fr\/de\/#organization","name":"VALLONCHENE","url":"https:\/\/www.vallonchene.fr\/de\/","logo":{"@type":"ImageObject","inLanguage":"de","@id":"https:\/\/www.vallonchene.fr\/de\/#\/schema\/logo\/image\/","url":"https:\/\/www.vallonchene.fr\/wp-content\/uploads\/2023\/03\/Logo-Vallonchene-site-et-R_hauteur_100.png","contentUrl":"https:\/\/www.vallonchene.fr\/wp-content\/uploads\/2023\/03\/Logo-Vallonchene-site-et-R_hauteur_100.png","width":221,"height":100,"caption":"VALLONCHENE"},"image":{"@id":"https:\/\/www.vallonchene.fr\/de\/#\/schema\/logo\/image\/"},"sameAs":["https:\/\/www.facebook.com\/vallonchene.fr","https:\/\/www.instagram.com\/vallonchene\/","https:\/\/www.pinterest.fr\/vallonchene\/"],"taxID":"49454502300017","hasMerchantReturnPolicy":{"@type":"MerchantReturnPolicy","merchantReturnLink":"https:\/\/www.vallonchene.fr\/remboursements_retours\/"}}]},"og_availability":"instock","product_availability":"instock","product_retailer_item_id":"51348","product_condition":"new"},"_links":{"self":[{"href":"https:\/\/www.vallonchene.fr\/de\/wp-json\/wp\/v2\/product\/4351","targetHints":{"allow":["GET"]}}],"collection":[{"href":"https:\/\/www.vallonchene.fr\/de\/wp-json\/wp\/v2\/product"}],"about":[{"href":"https:\/\/www.vallonchene.fr\/de\/wp-json\/wp\/v2\/types\/product"}],"replies":[{"embeddable":true,"href":"https:\/\/www.vallonchene.fr\/de\/wp-json\/wp\/v2\/comments?post=4351"}],"wp:featuredmedia":[{"embeddable":true,"href":"https:\/\/www.vallonchene.fr\/de\/wp-json\/wp\/v2\/media\/4344"}],"wp:attachment":[{"href":"https:\/\/www.vallonchene.fr\/de\/wp-json\/wp\/v2\/media?parent=4351"}],"wp:term":[{"taxonomy":"product_brand","embeddable":true,"href":"https:\/\/www.vallonchene.fr\/de\/wp-json\/wp\/v2\/product_brand?post=4351"},{"taxonomy":"product_cat","embeddable":true,"href":"https:\/\/www.vallonchene.fr\/de\/wp-json\/wp\/v2\/product_cat?post=4351"},{"taxonomy":"product_tag","embeddable":true,"href":"https:\/\/www.vallonchene.fr\/de\/wp-json\/wp\/v2\/product_tag?post=4351"}],"curies":[{"name":"wp","href":"https:\/\/api.w.org\/{rel}","templated":true}]}}