{"id":349,"date":"2021-08-31T11:17:45","date_gmt":"2021-08-31T09:17:45","guid":{"rendered":"https:\/\/testing.vallonchene.fr\/produit\/metasequoia-glyptostroboides-goldrush\/"},"modified":"2025-08-31T15:06:10","modified_gmt":"2025-08-31T13:06:10","slug":"metasequoia-glyptostroboides-gold-rush-2","status":"publish","type":"product","link":"https:\/\/www.vallonchene.fr\/de\/produkt\/metasequoia-glyptostroboides-gold-rush-2\/","title":{"rendered":"METASEQUOIA glyptostroboides &#8218;Gold Rush&#8216;"},"content":{"rendered":"<p>Die <strong>METASEQUOIA glyptostroboides &#8218;Gold Rush&#8216;<\/strong>, auch <strong>Urweltmammutbaum<\/strong> genannt, geh\u00f6rt zu den wenigen Koniferen, die Ihr Laub im Winter abwerfen.<\/p>\n<p>Im Herbst werden die ansonst sch\u00f6n gelben Bl\u00e4tter kupferrot. Im Gegensatz zu anderen Pflanzen mit gelbem Laub vertr\u00e4gt sie ausgezeichnet volle Sonne und verbrennt nicht. Je mehr Sonne sie bekommt, desto gelber wird das Laub.<\/p>\n<p>Es handelt sich hier um einen hervorragenden Struktur-Baum, der Ihrem Garten eine sch\u00f6n hellen Punkt verleiht. Die <strong>Urweltmammutb\u00e4ume<\/strong> vertragen perfekt feuchte B\u00f6den.<\/p>\n","protected":false},"excerpt":{"rendered":"<p>Die <strong>Urweltmammutbaum<\/strong> ist eine wundervolle Pflanze. Das Laub von <strong>METASEQUOIA glyptostroboides &#8218;Gold Rush&#8216;<\/strong> ist intensiv gelb. Sie vertr\u00e4gt ausgezeichnet volle Sonne. Das Laub f\u00e4rbt sich im Herbst kupferrot. Diese Konifere ist absolut winterhart.<\/p>\n","protected":false},"featured_media":31841,"comment_status":"open","ping_status":"closed","template":"","meta":[],"product_brand":[],"product_cat":[255],"product_tag":[10642,10640,10639,10641,10643],"class_list":{"0":"post-349","1":"product","2":"type-product","3":"status-publish","4":"has-post-thumbnail","6":"product_cat-koniferen-de","7":"product_tag-gold-rush-de","8":"product_tag-metasequoia-de","9":"product_tag-metasequoia-glyptostroboides-de","10":"product_tag-metasequoia-glyptostroboides-gol-de","11":"product_tag-metasequoia-glyptostroboides-goldrush-de","12":"pa_99-hauteurapproximativeapres1-3_5m-de","13":"pa_couleurdufeuillage-gelb-de","14":"pa_exigencesenhumidite-feucht-de","15":"pa_exigencesenhumidite-normal-de","16":"pa_exigencesenhumidite-sehrfeucht-de","17":"pa_exigencesenhumidite-trocken-de","18":"pa_expositionspossibles-ce-halbschattigsonnezw12und17-de","19":"pa_expositionspossibles-sonnigvon12bis17uhr-de","20":"pa_hauteurlivree-100-bis-125-cm","21":"pa_hauteurlivree-125-bis-150-cm","22":"pa_hauteurlivree-150-bis-175-cm","23":"pa_hauteurlivree-175-bis-200-cm","24":"pa_hauteurlivree-20-bis-30-cm","25":"pa_hauteurlivree-200-bis-250-cm","26":"pa_hauteurlivree-250-bis-300-cm","27":"pa_hauteurlivree-30-bis-40-cm","28":"pa_hauteurlivree-40-bis-50-cm","29":"pa_hauteurlivree-40-bis-60-cm","30":"pa_hauteurlivree-50-bis-60-cm","31":"pa_hauteurlivree-60-bis-80-cm","32":"pa_hauteurlivree-70-bis-80-cm","33":"pa_hauteurlivree-80-bis-100-cm","34":"pa_interetauprintemps-form-de","35":"pa_interetauprintemps-jungesprossen-de","36":"pa_interetauprintemps-laub-de","37":"pa_interetenautomne-form-de","38":"pa_interetenautomne-laub-de","39":"pa_interetenete-form-de","40":"pa_interetenete-laub-de","41":"pa_interetenhiver-form-de","42":"pa_naturedufeuillage-nichtimmergrun-de","43":"pa_naturesdesolpossibles-leicht-de","44":"pa_naturesdesolpossibles-normal-de","45":"pa_naturesdesolpossibles-schwer-de","46":"pa_particularites-form-de","47":"pa_periodedetaille-marz-de","48":"pa_phdusolacceptable-kalkigmehrals75-de","49":"pa_phdusolacceptable-neutralzw65u75-de","50":"pa_phdusolacceptable-sauerwenigerals65-de","51":"pa_portgraphisme-konisch-de","52":"pa_resistanceaufroidrusticite-frostbestandigunter_20c-de","53":"pa_tailledepot-10liter_topf-de","54":"pa_tailledepot-15liter_topf-de","55":"pa_tailledepot-2liter_topf-de","56":"pa_tailledepot-20liter_topf-de","57":"pa_tailledepot-3liter_topf-de","58":"pa_tailledepot-4liter_topf-de","59":"pa_tailledepot-5liter_topf-de","60":"pa_tailledepot-75liter_topf-de","61":"pa_tailledepot-jungpflanze-1-liter-topf","62":"pa_tailledepot-jungpflanze-topf-von-8-cm","64":"first","65":"instock","66":"taxable","67":"shipping-taxable","68":"purchasable","69":"product-type-variable","70":"has-default-attributes"},"supplier_id":null,"supplier_sku":"","barcode":null,"atum_controlled":true,"out_stock_date":null,"out_stock_threshold":null,"inheritable":true,"inbound_stock":0,"stock_on_hold":0,"sold_today":0,"sales_last_days":0,"reserved_stock":0,"customer_returns":0,"warehouse_damage":0,"lost_in_post":0,"other_logs":0,"out_stock_days":null,"lost_sales":0,"has_location":false,"update_date":"2026-04-29T08:49:42","atum_locations":[],"atum_stock_status":"instock","restock_status":false,"low_stock_amount":"","sales_update_date":"2025-08-31T13:05:55","calc_backorders":null,"yoast_head":"<!-- This site is optimized with the Yoast SEO Premium plugin v27.5 (Yoast SEO v27.5) - https:\/\/yoast.com\/product\/yoast-seo-premium-wordpress\/ -->\n<title>METASEQUOIA glyptostroboides &#039;Gold Rush&#039; - Urweltmammutbaum<\/title>\n<meta name=\"description\" content=\"Dieser Urweltmammutbaum ist eine wunderbare Pflanze. Das Laub des METASEQUOIA glyptostroboides &#039;Gold Rush&#039; ist hellgelb und gedeiht im vollen Sonnenlicht.\" \/>\n<meta name=\"robots\" content=\"index, follow, max-snippet:-1, max-image-preview:large, max-video-preview:-1\" \/>\n<link rel=\"canonical\" href=\"https:\/\/www.vallonchene.fr\/de\/produkt\/metasequoia-glyptostroboides-gold-rush-2\/\" \/>\n<meta property=\"og:locale\" content=\"de_DE\" \/>\n<meta property=\"og:type\" content=\"article\" \/>\n<meta property=\"og:title\" content=\"METASEQUOIA glyptostroboides &#039;Gold Rush&#039;\" \/>\n<meta property=\"og:description\" content=\"Dieser Urweltmammutbaum ist eine wunderbare Pflanze. Das Laub des METASEQUOIA glyptostroboides &#039;Gold Rush&#039; ist hellgelb und gedeiht im vollen Sonnenlicht.\" \/>\n<meta property=\"og:url\" content=\"https:\/\/www.vallonchene.fr\/de\/produkt\/metasequoia-glyptostroboides-gold-rush-2\/\" \/>\n<meta property=\"og:site_name\" content=\"Vallonch\u00eane\" \/>\n<meta property=\"article:publisher\" content=\"https:\/\/www.facebook.com\/vallonchene.fr\" \/>\n<meta property=\"article:modified_time\" content=\"2025-08-31T13:06:10+00:00\" \/>\n<meta property=\"og:image\" content=\"https:\/\/www.vallonchene.fr\/wp-content\/uploads\/2021\/08\/METASEQUOIA-glyptostroboides-Goldrush.webp\" \/>\n\t<meta property=\"og:image:width\" content=\"800\" \/>\n\t<meta property=\"og:image:height\" content=\"800\" \/>\n\t<meta property=\"og:image:type\" content=\"image\/webp\" \/>\n<meta name=\"twitter:card\" content=\"summary_large_image\" \/>\n<meta name=\"twitter:label1\" content=\"Verf\u00fcgbarkeit\" \/>\n\t<meta name=\"twitter:data1\" content=\"Vorr\u00e4tig\" \/>\n<script type=\"application\/ld+json\" class=\"yoast-schema-graph\">{\"@context\":\"https:\\\/\\\/schema.org\",\"@graph\":[{\"@type\":\"WebPage\",\"@id\":\"https:\\\/\\\/www.vallonchene.fr\\\/de\\\/produkt\\\/metasequoia-glyptostroboides-gold-rush-2\\\/\",\"url\":\"https:\\\/\\\/www.vallonchene.fr\\\/de\\\/produkt\\\/metasequoia-glyptostroboides-gold-rush-2\\\/\",\"name\":\"METASEQUOIA glyptostroboides 'Gold Rush' - Urweltmammutbaum\",\"isPartOf\":{\"@id\":\"https:\\\/\\\/www.vallonchene.fr\\\/de\\\/#website\"},\"primaryImageOfPage\":{\"@id\":\"https:\\\/\\\/www.vallonchene.fr\\\/de\\\/produkt\\\/metasequoia-glyptostroboides-gold-rush-2\\\/#primaryimage\"},\"image\":{\"@id\":\"https:\\\/\\\/www.vallonchene.fr\\\/de\\\/produkt\\\/metasequoia-glyptostroboides-gold-rush-2\\\/#primaryimage\"},\"thumbnailUrl\":\"https:\\\/\\\/www.vallonchene.fr\\\/wp-content\\\/uploads\\\/2021\\\/08\\\/METASEQUOIA-glyptostroboides-Goldrush.webp\",\"datePublished\":\"2021-08-31T09:17:45+00:00\",\"dateModified\":\"2025-08-31T13:06:10+00:00\",\"description\":\"Dieser Urweltmammutbaum ist eine wunderbare Pflanze. Das Laub des METASEQUOIA glyptostroboides 'Gold Rush' ist hellgelb und gedeiht im vollen Sonnenlicht.\",\"breadcrumb\":{\"@id\":\"https:\\\/\\\/www.vallonchene.fr\\\/de\\\/produkt\\\/metasequoia-glyptostroboides-gold-rush-2\\\/#breadcrumb\"},\"inLanguage\":\"de\",\"potentialAction\":[{\"@type\":\"ReadAction\",\"target\":[\"https:\\\/\\\/www.vallonchene.fr\\\/de\\\/produkt\\\/metasequoia-glyptostroboides-gold-rush-2\\\/\"]}]},{\"@type\":\"ImageObject\",\"inLanguage\":\"de\",\"@id\":\"https:\\\/\\\/www.vallonchene.fr\\\/de\\\/produkt\\\/metasequoia-glyptostroboides-gold-rush-2\\\/#primaryimage\",\"url\":\"https:\\\/\\\/www.vallonchene.fr\\\/wp-content\\\/uploads\\\/2021\\\/08\\\/METASEQUOIA-glyptostroboides-Goldrush.webp\",\"contentUrl\":\"https:\\\/\\\/www.vallonchene.fr\\\/wp-content\\\/uploads\\\/2021\\\/08\\\/METASEQUOIA-glyptostroboides-Goldrush.webp\",\"width\":800,\"height\":800,\"caption\":\"Feuillage jaune du METASEQUOIA glyptostroboides 'Goldrush' en plein \u00e9t\u00e9\"},{\"@type\":\"BreadcrumbList\",\"@id\":\"https:\\\/\\\/www.vallonchene.fr\\\/de\\\/produkt\\\/metasequoia-glyptostroboides-gold-rush-2\\\/#breadcrumb\",\"itemListElement\":[{\"@type\":\"ListItem\",\"position\":1,\"name\":\"Home\",\"item\":\"https:\\\/\\\/www.vallonchene.fr\\\/de\\\/\"},{\"@type\":\"ListItem\",\"position\":2,\"name\":\"Shop\",\"item\":\"https:\\\/\\\/www.vallonchene.fr\\\/de\\\/shop\\\/\"},{\"@type\":\"ListItem\",\"position\":3,\"name\":\"Online-Verkauf\",\"item\":\"https:\\\/\\\/www.vallonchene.fr\\\/de\\\/produkt-kategorie\\\/online-verkauf-de\\\/\"},{\"@type\":\"ListItem\",\"position\":4,\"name\":\"Baumschule\",\"item\":\"https:\\\/\\\/www.vallonchene.fr\\\/de\\\/produkt-kategorie\\\/online-verkauf-de\\\/baumschule-gaertnerei-de\\\/\"},{\"@type\":\"ListItem\",\"position\":5,\"name\":\"Koniferen\",\"item\":\"https:\\\/\\\/www.vallonchene.fr\\\/de\\\/produkt-kategorie\\\/online-verkauf-de\\\/baumschule-gaertnerei-de\\\/koniferen-de\\\/\"},{\"@type\":\"ListItem\",\"position\":6,\"name\":\"METASEQUOIA glyptostroboides &#8218;Gold Rush&#8216;\"}]},{\"@type\":\"WebSite\",\"@id\":\"https:\\\/\\\/www.vallonchene.fr\\\/de\\\/#website\",\"url\":\"https:\\\/\\\/www.vallonchene.fr\\\/de\\\/\",\"name\":\"Vallonch\u00eane\",\"description\":\"Die Baumschule, bei der Qualit\u00e4t ihre Wurzeln hat \u2013 Tel.: +49 (0)6838-5399840\",\"publisher\":{\"@id\":\"https:\\\/\\\/www.vallonchene.fr\\\/de\\\/#organization\"},\"potentialAction\":[{\"@type\":\"SearchAction\",\"target\":{\"@type\":\"EntryPoint\",\"urlTemplate\":\"https:\\\/\\\/www.vallonchene.fr\\\/de\\\/?s={search_term_string}\"},\"query-input\":{\"@type\":\"PropertyValueSpecification\",\"valueRequired\":true,\"valueName\":\"search_term_string\"}}],\"inLanguage\":\"de\"},{\"@type\":\"Organization\",\"@id\":\"https:\\\/\\\/www.vallonchene.fr\\\/de\\\/#organization\",\"name\":\"VALLONCHENE\",\"url\":\"https:\\\/\\\/www.vallonchene.fr\\\/de\\\/\",\"logo\":{\"@type\":\"ImageObject\",\"inLanguage\":\"de\",\"@id\":\"https:\\\/\\\/www.vallonchene.fr\\\/de\\\/#\\\/schema\\\/logo\\\/image\\\/\",\"url\":\"https:\\\/\\\/www.vallonchene.fr\\\/wp-content\\\/uploads\\\/2023\\\/03\\\/Logo-Vallonchene-site-et-R_hauteur_100.png\",\"contentUrl\":\"https:\\\/\\\/www.vallonchene.fr\\\/wp-content\\\/uploads\\\/2023\\\/03\\\/Logo-Vallonchene-site-et-R_hauteur_100.png\",\"width\":221,\"height\":100,\"caption\":\"VALLONCHENE\"},\"image\":{\"@id\":\"https:\\\/\\\/www.vallonchene.fr\\\/de\\\/#\\\/schema\\\/logo\\\/image\\\/\"},\"sameAs\":[\"https:\\\/\\\/www.facebook.com\\\/vallonchene.fr\",\"https:\\\/\\\/www.instagram.com\\\/vallonchene\\\/\",\"https:\\\/\\\/www.pinterest.fr\\\/vallonchene\\\/\"],\"taxID\":\"49454502300017\",\"hasMerchantReturnPolicy\":{\"@type\":\"MerchantReturnPolicy\",\"merchantReturnLink\":\"https:\\\/\\\/www.vallonchene.fr\\\/remboursements_retours\\\/\"}}]}<\/script>\n<meta property=\"og:availability\" content=\"instock\" \/>\n<meta property=\"product:availability\" content=\"instock\" \/>\n<meta property=\"product:retailer_item_id\" content=\"13792\" \/>\n<meta property=\"product:condition\" content=\"new\" \/>\n<!-- \/ Yoast SEO Premium plugin. -->","yoast_head_json":{"title":"METASEQUOIA glyptostroboides 'Gold Rush' - Urweltmammutbaum","description":"Dieser Urweltmammutbaum ist eine wunderbare Pflanze. Das Laub des METASEQUOIA glyptostroboides 'Gold Rush' ist hellgelb und gedeiht im vollen Sonnenlicht.","robots":{"index":"index","follow":"follow","max-snippet":"max-snippet:-1","max-image-preview":"max-image-preview:large","max-video-preview":"max-video-preview:-1"},"canonical":"https:\/\/www.vallonchene.fr\/de\/produkt\/metasequoia-glyptostroboides-gold-rush-2\/","og_locale":"de_DE","og_type":"article","og_title":"METASEQUOIA glyptostroboides 'Gold Rush'","og_description":"Dieser Urweltmammutbaum ist eine wunderbare Pflanze. Das Laub des METASEQUOIA glyptostroboides 'Gold Rush' ist hellgelb und gedeiht im vollen Sonnenlicht.","og_url":"https:\/\/www.vallonchene.fr\/de\/produkt\/metasequoia-glyptostroboides-gold-rush-2\/","og_site_name":"Vallonch\u00eane","article_publisher":"https:\/\/www.facebook.com\/vallonchene.fr","article_modified_time":"2025-08-31T13:06:10+00:00","og_image":[{"width":800,"height":800,"url":"https:\/\/www.vallonchene.fr\/wp-content\/uploads\/2021\/08\/METASEQUOIA-glyptostroboides-Goldrush.webp","type":"image\/webp"}],"twitter_card":"summary_large_image","twitter_misc":{"Verf\u00fcgbarkeit":"Vorr\u00e4tig"},"schema":{"@context":"https:\/\/schema.org","@graph":[{"@type":"WebPage","@id":"https:\/\/www.vallonchene.fr\/de\/produkt\/metasequoia-glyptostroboides-gold-rush-2\/","url":"https:\/\/www.vallonchene.fr\/de\/produkt\/metasequoia-glyptostroboides-gold-rush-2\/","name":"METASEQUOIA glyptostroboides 'Gold Rush' - Urweltmammutbaum","isPartOf":{"@id":"https:\/\/www.vallonchene.fr\/de\/#website"},"primaryImageOfPage":{"@id":"https:\/\/www.vallonchene.fr\/de\/produkt\/metasequoia-glyptostroboides-gold-rush-2\/#primaryimage"},"image":{"@id":"https:\/\/www.vallonchene.fr\/de\/produkt\/metasequoia-glyptostroboides-gold-rush-2\/#primaryimage"},"thumbnailUrl":"https:\/\/www.vallonchene.fr\/wp-content\/uploads\/2021\/08\/METASEQUOIA-glyptostroboides-Goldrush.webp","datePublished":"2021-08-31T09:17:45+00:00","dateModified":"2025-08-31T13:06:10+00:00","description":"Dieser Urweltmammutbaum ist eine wunderbare Pflanze. Das Laub des METASEQUOIA glyptostroboides 'Gold Rush' ist hellgelb und gedeiht im vollen Sonnenlicht.","breadcrumb":{"@id":"https:\/\/www.vallonchene.fr\/de\/produkt\/metasequoia-glyptostroboides-gold-rush-2\/#breadcrumb"},"inLanguage":"de","potentialAction":[{"@type":"ReadAction","target":["https:\/\/www.vallonchene.fr\/de\/produkt\/metasequoia-glyptostroboides-gold-rush-2\/"]}]},{"@type":"ImageObject","inLanguage":"de","@id":"https:\/\/www.vallonchene.fr\/de\/produkt\/metasequoia-glyptostroboides-gold-rush-2\/#primaryimage","url":"https:\/\/www.vallonchene.fr\/wp-content\/uploads\/2021\/08\/METASEQUOIA-glyptostroboides-Goldrush.webp","contentUrl":"https:\/\/www.vallonchene.fr\/wp-content\/uploads\/2021\/08\/METASEQUOIA-glyptostroboides-Goldrush.webp","width":800,"height":800,"caption":"Feuillage jaune du METASEQUOIA glyptostroboides 'Goldrush' en plein \u00e9t\u00e9"},{"@type":"BreadcrumbList","@id":"https:\/\/www.vallonchene.fr\/de\/produkt\/metasequoia-glyptostroboides-gold-rush-2\/#breadcrumb","itemListElement":[{"@type":"ListItem","position":1,"name":"Home","item":"https:\/\/www.vallonchene.fr\/de\/"},{"@type":"ListItem","position":2,"name":"Shop","item":"https:\/\/www.vallonchene.fr\/de\/shop\/"},{"@type":"ListItem","position":3,"name":"Online-Verkauf","item":"https:\/\/www.vallonchene.fr\/de\/produkt-kategorie\/online-verkauf-de\/"},{"@type":"ListItem","position":4,"name":"Baumschule","item":"https:\/\/www.vallonchene.fr\/de\/produkt-kategorie\/online-verkauf-de\/baumschule-gaertnerei-de\/"},{"@type":"ListItem","position":5,"name":"Koniferen","item":"https:\/\/www.vallonchene.fr\/de\/produkt-kategorie\/online-verkauf-de\/baumschule-gaertnerei-de\/koniferen-de\/"},{"@type":"ListItem","position":6,"name":"METASEQUOIA glyptostroboides &#8218;Gold Rush&#8216;"}]},{"@type":"WebSite","@id":"https:\/\/www.vallonchene.fr\/de\/#website","url":"https:\/\/www.vallonchene.fr\/de\/","name":"Vallonch\u00eane","description":"Die Baumschule, bei der Qualit\u00e4t ihre Wurzeln hat \u2013 Tel.: +49 (0)6838-5399840","publisher":{"@id":"https:\/\/www.vallonchene.fr\/de\/#organization"},"potentialAction":[{"@type":"SearchAction","target":{"@type":"EntryPoint","urlTemplate":"https:\/\/www.vallonchene.fr\/de\/?s={search_term_string}"},"query-input":{"@type":"PropertyValueSpecification","valueRequired":true,"valueName":"search_term_string"}}],"inLanguage":"de"},{"@type":"Organization","@id":"https:\/\/www.vallonchene.fr\/de\/#organization","name":"VALLONCHENE","url":"https:\/\/www.vallonchene.fr\/de\/","logo":{"@type":"ImageObject","inLanguage":"de","@id":"https:\/\/www.vallonchene.fr\/de\/#\/schema\/logo\/image\/","url":"https:\/\/www.vallonchene.fr\/wp-content\/uploads\/2023\/03\/Logo-Vallonchene-site-et-R_hauteur_100.png","contentUrl":"https:\/\/www.vallonchene.fr\/wp-content\/uploads\/2023\/03\/Logo-Vallonchene-site-et-R_hauteur_100.png","width":221,"height":100,"caption":"VALLONCHENE"},"image":{"@id":"https:\/\/www.vallonchene.fr\/de\/#\/schema\/logo\/image\/"},"sameAs":["https:\/\/www.facebook.com\/vallonchene.fr","https:\/\/www.instagram.com\/vallonchene\/","https:\/\/www.pinterest.fr\/vallonchene\/"],"taxID":"49454502300017","hasMerchantReturnPolicy":{"@type":"MerchantReturnPolicy","merchantReturnLink":"https:\/\/www.vallonchene.fr\/remboursements_retours\/"}}]},"og_availability":"instock","product_availability":"instock","product_retailer_item_id":"13792","product_condition":"new"},"_links":{"self":[{"href":"https:\/\/www.vallonchene.fr\/de\/wp-json\/wp\/v2\/product\/349","targetHints":{"allow":["GET"]}}],"collection":[{"href":"https:\/\/www.vallonchene.fr\/de\/wp-json\/wp\/v2\/product"}],"about":[{"href":"https:\/\/www.vallonchene.fr\/de\/wp-json\/wp\/v2\/types\/product"}],"replies":[{"embeddable":true,"href":"https:\/\/www.vallonchene.fr\/de\/wp-json\/wp\/v2\/comments?post=349"}],"wp:featuredmedia":[{"embeddable":true,"href":"https:\/\/www.vallonchene.fr\/de\/wp-json\/wp\/v2\/media\/31841"}],"wp:attachment":[{"href":"https:\/\/www.vallonchene.fr\/de\/wp-json\/wp\/v2\/media?parent=349"}],"wp:term":[{"taxonomy":"product_brand","embeddable":true,"href":"https:\/\/www.vallonchene.fr\/de\/wp-json\/wp\/v2\/product_brand?post=349"},{"taxonomy":"product_cat","embeddable":true,"href":"https:\/\/www.vallonchene.fr\/de\/wp-json\/wp\/v2\/product_cat?post=349"},{"taxonomy":"product_tag","embeddable":true,"href":"https:\/\/www.vallonchene.fr\/de\/wp-json\/wp\/v2\/product_tag?post=349"}],"curies":[{"name":"wp","href":"https:\/\/api.w.org\/{rel}","templated":true}]}}