{"id":3247,"date":"2021-08-31T11:37:29","date_gmt":"2021-08-31T11:37:29","guid":{"rendered":"https:\/\/testing.vallonchene.fr\/produit\/sequoiadendron-giganteum\/"},"modified":"2024-02-24T13:32:40","modified_gmt":"2024-02-24T13:32:40","slug":"sequoiadendron-giganteum","status":"publish","type":"product","link":"https:\/\/www.vallonchene.fr\/de\/produkt\/sequoiadendron-giganteum\/","title":{"rendered":"SEQUOIADENDRON giganteum (Riesenmammutbaum)"},"content":{"rendered":"<p>Der <strong>Riesenmammutbaum<\/strong> ist ein immergr\u00fcner Baum mit einem der besten Wurzelsysteme unter den B\u00e4umen, die ihm eine ausgezeichnete Widerstandsf\u00e4higkeit gegen starke Winde verleiht. Der <strong>SEQUOIADENDRON giganteum<\/strong> w\u00e4chst in den ersten 15 bis 20 Jahren regelm\u00e4\u00dfig und konisch und wird dann zu einer gro\u00dfen S\u00e4ule. Trotz der gro\u00dfen H\u00f6he, die Riesenmammutb\u00e4ume erreichen k\u00f6nnen, nehmen sie nur eine relativ kleine Fl\u00e4che des Bodens ein. Sie widerstehen sowohl in feuchteren B\u00f6den als auch in trockenen B\u00f6den. Es ist wahrscheinlich ein Baum, der dem Klimawandel leichter standhalten wird.<\/p>\n","protected":false},"excerpt":{"rendered":"<p>Der <strong>Riesenmammutbaum<\/strong> ist der perfekte Windschutz mit einer der besten Wurzelverankerungen. Der <strong>SEQUOIADENDRON giganteum<\/strong> w\u00e4chst regelm\u00e4ssig in konischer Form.<\/p>\n","protected":false},"featured_media":3231,"comment_status":"open","ping_status":"closed","template":"","meta":[],"product_brand":[],"product_cat":[255],"product_tag":[12119],"class_list":{"0":"post-3247","1":"product","2":"type-product","3":"status-publish","4":"has-post-thumbnail","6":"product_cat-koniferen-de","7":"product_tag-sequoiadendron-giganteum-de","8":"pa_99-hauteurapproximativeapres1-3_5m-de","9":"pa_couleurdufeuillage-grun-de","10":"pa_exigencesenhumidite-feucht-de","11":"pa_exigencesenhumidite-normal-de","12":"pa_exigencesenhumidite-trocken-de","13":"pa_expositionspossibles-ce-halbschattigsonnezw12und17-de","14":"pa_expositionspossibles-fc-schattigkeindirektessonnen-de","15":"pa_expositionspossibles-sonnigvon12bis17uhr-de","16":"pa_hauteurlivree-100-bis-125-cm","17":"pa_hauteurlivree-125-bis-150-cm","18":"pa_hauteurlivree-150-bis-175-cm","19":"pa_hauteurlivree-40-bis-50-cm","20":"pa_hauteurlivree-60-bis-80-cm","21":"pa_hauteurlivree-80-bis-100-cm","22":"pa_interetauprintemps-form-de","23":"pa_interetauprintemps-laub-de","24":"pa_interetenautomne-form-de","25":"pa_interetenautomne-laub-de","26":"pa_interetenete-form-de","27":"pa_interetenete-laub-de","28":"pa_interetenhiver-form-de","29":"pa_interetenhiver-laub-de","30":"pa_naturedufeuillage-immergrun-de","31":"pa_naturesdesolpossibles-leicht-de","32":"pa_naturesdesolpossibles-normal-de","33":"pa_naturesdesolpossibles-schwer-de","34":"pa_particularites-form-de","35":"pa_particularites-furbonsaigeeignet-de","36":"pa_periodedetaille-marz-de","37":"pa_phdusolacceptable-kalkigmehrals75-de","38":"pa_phdusolacceptable-neutralzw65u75-de","39":"pa_phdusolacceptable-sauerwenigerals65-de","40":"pa_portgraphisme-konisch-de","41":"pa_resistanceaufroidrusticite-frostbestandigunter_20c-de","42":"pa_tailledepot-10liter_topf-de","43":"pa_tailledepot-15liter_topf-de","44":"pa_tailledepot-20liter_topf-de","45":"pa_tailledepot-35liter_topf-de","46":"pa_tailledepot-5liter_topf-de","47":"pa_tailledepot-75liter_topf-de","48":"pa_utilisationpossible-alleinstehend-de","49":"pa_utilisationpossible-kubelodertopf-de","51":"first","52":"outofstock","53":"taxable","54":"shipping-taxable","55":"purchasable","56":"product-type-variable","57":"has-default-attributes"},"supplier_id":null,"supplier_sku":"","barcode":null,"atum_controlled":true,"out_stock_date":null,"out_stock_threshold":null,"inheritable":true,"inbound_stock":0,"stock_on_hold":0,"sold_today":0,"sales_last_days":0,"reserved_stock":0,"customer_returns":0,"warehouse_damage":0,"lost_in_post":0,"other_logs":0,"out_stock_days":0,"lost_sales":0,"has_location":false,"update_date":"2026-03-05T09:09:21","atum_locations":[],"atum_stock_status":"instock","restock_status":false,"low_stock_amount":"","sales_update_date":"2026-03-05T09:09:21","calc_backorders":null,"yoast_head":"<!-- This site is optimized with the Yoast SEO Premium plugin v27.5 (Yoast SEO v27.5) - https:\/\/yoast.com\/product\/yoast-seo-premium-wordpress\/ -->\n<title>SEQUOIADENDRON giganteum - Riesenmammutbaum<\/title>\n<meta name=\"description\" content=\"Der Riesenmammutbaum ist der perfekte Windschutz mit einer der besten Wurzelverankerungen. Der SEQUOIADENDRON giganteum w\u00e4chst regelm\u00e4ssig in konischer Form.\" \/>\n<meta name=\"robots\" content=\"index, follow, max-snippet:-1, max-image-preview:large, max-video-preview:-1\" \/>\n<link rel=\"canonical\" href=\"https:\/\/www.vallonchene.fr\/de\/produkt\/sequoiadendron-giganteum\/\" \/>\n<meta property=\"og:locale\" content=\"de_DE\" \/>\n<meta property=\"og:type\" content=\"article\" \/>\n<meta property=\"og:title\" content=\"SEQUOIADENDRON giganteum (Riesenmammutbaum)\" \/>\n<meta property=\"og:description\" content=\"Der Riesenmammutbaum ist der perfekte Windschutz mit einer der besten Wurzelverankerungen. Der SEQUOIADENDRON giganteum w\u00e4chst regelm\u00e4ssig in konischer Form.\" \/>\n<meta property=\"og:url\" content=\"https:\/\/www.vallonchene.fr\/de\/produkt\/sequoiadendron-giganteum\/\" \/>\n<meta property=\"og:site_name\" content=\"Vallonch\u00eane\" \/>\n<meta property=\"article:publisher\" content=\"https:\/\/www.facebook.com\/vallonchene.fr\" \/>\n<meta property=\"article:modified_time\" content=\"2024-02-24T13:32:40+00:00\" \/>\n<meta property=\"og:image\" content=\"https:\/\/www.vallonchene.fr\/wp-content\/uploads\/2021\/08\/4076-ace-SEQUOIADENDRON-giganteum-dans-le-soleil-dautomne.jpg\" \/>\n\t<meta property=\"og:image:width\" content=\"1500\" \/>\n\t<meta property=\"og:image:height\" content=\"1500\" \/>\n\t<meta property=\"og:image:type\" content=\"image\/jpeg\" \/>\n<meta name=\"twitter:card\" content=\"summary_large_image\" \/>\n<meta name=\"twitter:label1\" content=\"Verf\u00fcgbarkeit\" \/>\n\t<meta name=\"twitter:data1\" content=\"Nicht vorr\u00e4tig\" \/>\n<script type=\"application\/ld+json\" class=\"yoast-schema-graph\">{\"@context\":\"https:\\\/\\\/schema.org\",\"@graph\":[{\"@type\":\"WebPage\",\"@id\":\"https:\\\/\\\/www.vallonchene.fr\\\/de\\\/produkt\\\/sequoiadendron-giganteum\\\/\",\"url\":\"https:\\\/\\\/www.vallonchene.fr\\\/de\\\/produkt\\\/sequoiadendron-giganteum\\\/\",\"name\":\"SEQUOIADENDRON giganteum - Riesenmammutbaum\",\"isPartOf\":{\"@id\":\"https:\\\/\\\/www.vallonchene.fr\\\/de\\\/#website\"},\"primaryImageOfPage\":{\"@id\":\"https:\\\/\\\/www.vallonchene.fr\\\/de\\\/produkt\\\/sequoiadendron-giganteum\\\/#primaryimage\"},\"image\":{\"@id\":\"https:\\\/\\\/www.vallonchene.fr\\\/de\\\/produkt\\\/sequoiadendron-giganteum\\\/#primaryimage\"},\"thumbnailUrl\":\"https:\\\/\\\/www.vallonchene.fr\\\/wp-content\\\/uploads\\\/2021\\\/08\\\/4076-ace-SEQUOIADENDRON-giganteum-dans-le-soleil-dautomne.jpg\",\"datePublished\":\"2021-08-31T11:37:29+00:00\",\"dateModified\":\"2024-02-24T13:32:40+00:00\",\"description\":\"Der Riesenmammutbaum ist der perfekte Windschutz mit einer der besten Wurzelverankerungen. Der SEQUOIADENDRON giganteum w\u00e4chst regelm\u00e4ssig in konischer Form.\",\"breadcrumb\":{\"@id\":\"https:\\\/\\\/www.vallonchene.fr\\\/de\\\/produkt\\\/sequoiadendron-giganteum\\\/#breadcrumb\"},\"inLanguage\":\"de\",\"potentialAction\":[{\"@type\":\"ReadAction\",\"target\":[\"https:\\\/\\\/www.vallonchene.fr\\\/de\\\/produkt\\\/sequoiadendron-giganteum\\\/\"]}]},{\"@type\":\"ImageObject\",\"inLanguage\":\"de\",\"@id\":\"https:\\\/\\\/www.vallonchene.fr\\\/de\\\/produkt\\\/sequoiadendron-giganteum\\\/#primaryimage\",\"url\":\"https:\\\/\\\/www.vallonchene.fr\\\/wp-content\\\/uploads\\\/2021\\\/08\\\/4076-ace-SEQUOIADENDRON-giganteum-dans-le-soleil-dautomne.jpg\",\"contentUrl\":\"https:\\\/\\\/www.vallonchene.fr\\\/wp-content\\\/uploads\\\/2021\\\/08\\\/4076-ace-SEQUOIADENDRON-giganteum-dans-le-soleil-dautomne.jpg\",\"width\":1500,\"height\":1500},{\"@type\":\"BreadcrumbList\",\"@id\":\"https:\\\/\\\/www.vallonchene.fr\\\/de\\\/produkt\\\/sequoiadendron-giganteum\\\/#breadcrumb\",\"itemListElement\":[{\"@type\":\"ListItem\",\"position\":1,\"name\":\"Home\",\"item\":\"https:\\\/\\\/www.vallonchene.fr\\\/de\\\/\"},{\"@type\":\"ListItem\",\"position\":2,\"name\":\"Shop\",\"item\":\"https:\\\/\\\/www.vallonchene.fr\\\/de\\\/shop\\\/\"},{\"@type\":\"ListItem\",\"position\":3,\"name\":\"Online-Verkauf\",\"item\":\"https:\\\/\\\/www.vallonchene.fr\\\/de\\\/produkt-kategorie\\\/online-verkauf-de\\\/\"},{\"@type\":\"ListItem\",\"position\":4,\"name\":\"Baumschule\",\"item\":\"https:\\\/\\\/www.vallonchene.fr\\\/de\\\/produkt-kategorie\\\/online-verkauf-de\\\/baumschule-gaertnerei-de\\\/\"},{\"@type\":\"ListItem\",\"position\":5,\"name\":\"Koniferen\",\"item\":\"https:\\\/\\\/www.vallonchene.fr\\\/de\\\/produkt-kategorie\\\/online-verkauf-de\\\/baumschule-gaertnerei-de\\\/koniferen-de\\\/\"},{\"@type\":\"ListItem\",\"position\":6,\"name\":\"SEQUOIADENDRON giganteum (Riesenmammutbaum)\"}]},{\"@type\":\"WebSite\",\"@id\":\"https:\\\/\\\/www.vallonchene.fr\\\/de\\\/#website\",\"url\":\"https:\\\/\\\/www.vallonchene.fr\\\/de\\\/\",\"name\":\"Vallonch\u00eane\",\"description\":\"Die Baumschule, bei der Qualit\u00e4t ihre Wurzeln hat \u2013 Tel.: +49 (0)6838-5399840\",\"publisher\":{\"@id\":\"https:\\\/\\\/www.vallonchene.fr\\\/de\\\/#organization\"},\"potentialAction\":[{\"@type\":\"SearchAction\",\"target\":{\"@type\":\"EntryPoint\",\"urlTemplate\":\"https:\\\/\\\/www.vallonchene.fr\\\/de\\\/?s={search_term_string}\"},\"query-input\":{\"@type\":\"PropertyValueSpecification\",\"valueRequired\":true,\"valueName\":\"search_term_string\"}}],\"inLanguage\":\"de\"},{\"@type\":\"Organization\",\"@id\":\"https:\\\/\\\/www.vallonchene.fr\\\/de\\\/#organization\",\"name\":\"VALLONCHENE\",\"url\":\"https:\\\/\\\/www.vallonchene.fr\\\/de\\\/\",\"logo\":{\"@type\":\"ImageObject\",\"inLanguage\":\"de\",\"@id\":\"https:\\\/\\\/www.vallonchene.fr\\\/de\\\/#\\\/schema\\\/logo\\\/image\\\/\",\"url\":\"https:\\\/\\\/www.vallonchene.fr\\\/wp-content\\\/uploads\\\/2023\\\/03\\\/Logo-Vallonchene-site-et-R_hauteur_100.png\",\"contentUrl\":\"https:\\\/\\\/www.vallonchene.fr\\\/wp-content\\\/uploads\\\/2023\\\/03\\\/Logo-Vallonchene-site-et-R_hauteur_100.png\",\"width\":221,\"height\":100,\"caption\":\"VALLONCHENE\"},\"image\":{\"@id\":\"https:\\\/\\\/www.vallonchene.fr\\\/de\\\/#\\\/schema\\\/logo\\\/image\\\/\"},\"sameAs\":[\"https:\\\/\\\/www.facebook.com\\\/vallonchene.fr\",\"https:\\\/\\\/www.instagram.com\\\/vallonchene\\\/\",\"https:\\\/\\\/www.pinterest.fr\\\/vallonchene\\\/\"],\"taxID\":\"49454502300017\",\"hasMerchantReturnPolicy\":{\"@type\":\"MerchantReturnPolicy\",\"merchantReturnLink\":\"https:\\\/\\\/www.vallonchene.fr\\\/remboursements_retours\\\/\"}}]}<\/script>\n<meta property=\"og:availability\" content=\"out of stock\" \/>\n<meta property=\"product:availability\" content=\"out of stock\" \/>\n<meta property=\"product:retailer_item_id\" content=\"13154\" \/>\n<meta property=\"product:condition\" content=\"new\" \/>\n<!-- \/ Yoast SEO Premium plugin. -->","yoast_head_json":{"title":"SEQUOIADENDRON giganteum - Riesenmammutbaum","description":"Der Riesenmammutbaum ist der perfekte Windschutz mit einer der besten Wurzelverankerungen. Der SEQUOIADENDRON giganteum w\u00e4chst regelm\u00e4ssig in konischer Form.","robots":{"index":"index","follow":"follow","max-snippet":"max-snippet:-1","max-image-preview":"max-image-preview:large","max-video-preview":"max-video-preview:-1"},"canonical":"https:\/\/www.vallonchene.fr\/de\/produkt\/sequoiadendron-giganteum\/","og_locale":"de_DE","og_type":"article","og_title":"SEQUOIADENDRON giganteum (Riesenmammutbaum)","og_description":"Der Riesenmammutbaum ist der perfekte Windschutz mit einer der besten Wurzelverankerungen. Der SEQUOIADENDRON giganteum w\u00e4chst regelm\u00e4ssig in konischer Form.","og_url":"https:\/\/www.vallonchene.fr\/de\/produkt\/sequoiadendron-giganteum\/","og_site_name":"Vallonch\u00eane","article_publisher":"https:\/\/www.facebook.com\/vallonchene.fr","article_modified_time":"2024-02-24T13:32:40+00:00","og_image":[{"width":1500,"height":1500,"url":"https:\/\/www.vallonchene.fr\/wp-content\/uploads\/2021\/08\/4076-ace-SEQUOIADENDRON-giganteum-dans-le-soleil-dautomne.jpg","type":"image\/jpeg"}],"twitter_card":"summary_large_image","twitter_misc":{"Verf\u00fcgbarkeit":"Nicht vorr\u00e4tig"},"schema":{"@context":"https:\/\/schema.org","@graph":[{"@type":"WebPage","@id":"https:\/\/www.vallonchene.fr\/de\/produkt\/sequoiadendron-giganteum\/","url":"https:\/\/www.vallonchene.fr\/de\/produkt\/sequoiadendron-giganteum\/","name":"SEQUOIADENDRON giganteum - Riesenmammutbaum","isPartOf":{"@id":"https:\/\/www.vallonchene.fr\/de\/#website"},"primaryImageOfPage":{"@id":"https:\/\/www.vallonchene.fr\/de\/produkt\/sequoiadendron-giganteum\/#primaryimage"},"image":{"@id":"https:\/\/www.vallonchene.fr\/de\/produkt\/sequoiadendron-giganteum\/#primaryimage"},"thumbnailUrl":"https:\/\/www.vallonchene.fr\/wp-content\/uploads\/2021\/08\/4076-ace-SEQUOIADENDRON-giganteum-dans-le-soleil-dautomne.jpg","datePublished":"2021-08-31T11:37:29+00:00","dateModified":"2024-02-24T13:32:40+00:00","description":"Der Riesenmammutbaum ist der perfekte Windschutz mit einer der besten Wurzelverankerungen. Der SEQUOIADENDRON giganteum w\u00e4chst regelm\u00e4ssig in konischer Form.","breadcrumb":{"@id":"https:\/\/www.vallonchene.fr\/de\/produkt\/sequoiadendron-giganteum\/#breadcrumb"},"inLanguage":"de","potentialAction":[{"@type":"ReadAction","target":["https:\/\/www.vallonchene.fr\/de\/produkt\/sequoiadendron-giganteum\/"]}]},{"@type":"ImageObject","inLanguage":"de","@id":"https:\/\/www.vallonchene.fr\/de\/produkt\/sequoiadendron-giganteum\/#primaryimage","url":"https:\/\/www.vallonchene.fr\/wp-content\/uploads\/2021\/08\/4076-ace-SEQUOIADENDRON-giganteum-dans-le-soleil-dautomne.jpg","contentUrl":"https:\/\/www.vallonchene.fr\/wp-content\/uploads\/2021\/08\/4076-ace-SEQUOIADENDRON-giganteum-dans-le-soleil-dautomne.jpg","width":1500,"height":1500},{"@type":"BreadcrumbList","@id":"https:\/\/www.vallonchene.fr\/de\/produkt\/sequoiadendron-giganteum\/#breadcrumb","itemListElement":[{"@type":"ListItem","position":1,"name":"Home","item":"https:\/\/www.vallonchene.fr\/de\/"},{"@type":"ListItem","position":2,"name":"Shop","item":"https:\/\/www.vallonchene.fr\/de\/shop\/"},{"@type":"ListItem","position":3,"name":"Online-Verkauf","item":"https:\/\/www.vallonchene.fr\/de\/produkt-kategorie\/online-verkauf-de\/"},{"@type":"ListItem","position":4,"name":"Baumschule","item":"https:\/\/www.vallonchene.fr\/de\/produkt-kategorie\/online-verkauf-de\/baumschule-gaertnerei-de\/"},{"@type":"ListItem","position":5,"name":"Koniferen","item":"https:\/\/www.vallonchene.fr\/de\/produkt-kategorie\/online-verkauf-de\/baumschule-gaertnerei-de\/koniferen-de\/"},{"@type":"ListItem","position":6,"name":"SEQUOIADENDRON giganteum (Riesenmammutbaum)"}]},{"@type":"WebSite","@id":"https:\/\/www.vallonchene.fr\/de\/#website","url":"https:\/\/www.vallonchene.fr\/de\/","name":"Vallonch\u00eane","description":"Die Baumschule, bei der Qualit\u00e4t ihre Wurzeln hat \u2013 Tel.: +49 (0)6838-5399840","publisher":{"@id":"https:\/\/www.vallonchene.fr\/de\/#organization"},"potentialAction":[{"@type":"SearchAction","target":{"@type":"EntryPoint","urlTemplate":"https:\/\/www.vallonchene.fr\/de\/?s={search_term_string}"},"query-input":{"@type":"PropertyValueSpecification","valueRequired":true,"valueName":"search_term_string"}}],"inLanguage":"de"},{"@type":"Organization","@id":"https:\/\/www.vallonchene.fr\/de\/#organization","name":"VALLONCHENE","url":"https:\/\/www.vallonchene.fr\/de\/","logo":{"@type":"ImageObject","inLanguage":"de","@id":"https:\/\/www.vallonchene.fr\/de\/#\/schema\/logo\/image\/","url":"https:\/\/www.vallonchene.fr\/wp-content\/uploads\/2023\/03\/Logo-Vallonchene-site-et-R_hauteur_100.png","contentUrl":"https:\/\/www.vallonchene.fr\/wp-content\/uploads\/2023\/03\/Logo-Vallonchene-site-et-R_hauteur_100.png","width":221,"height":100,"caption":"VALLONCHENE"},"image":{"@id":"https:\/\/www.vallonchene.fr\/de\/#\/schema\/logo\/image\/"},"sameAs":["https:\/\/www.facebook.com\/vallonchene.fr","https:\/\/www.instagram.com\/vallonchene\/","https:\/\/www.pinterest.fr\/vallonchene\/"],"taxID":"49454502300017","hasMerchantReturnPolicy":{"@type":"MerchantReturnPolicy","merchantReturnLink":"https:\/\/www.vallonchene.fr\/remboursements_retours\/"}}]},"og_availability":"out of stock","product_availability":"out of stock","product_retailer_item_id":"13154","product_condition":"new"},"_links":{"self":[{"href":"https:\/\/www.vallonchene.fr\/de\/wp-json\/wp\/v2\/product\/3247","targetHints":{"allow":["GET"]}}],"collection":[{"href":"https:\/\/www.vallonchene.fr\/de\/wp-json\/wp\/v2\/product"}],"about":[{"href":"https:\/\/www.vallonchene.fr\/de\/wp-json\/wp\/v2\/types\/product"}],"replies":[{"embeddable":true,"href":"https:\/\/www.vallonchene.fr\/de\/wp-json\/wp\/v2\/comments?post=3247"}],"wp:featuredmedia":[{"embeddable":true,"href":"https:\/\/www.vallonchene.fr\/de\/wp-json\/wp\/v2\/media\/3231"}],"wp:attachment":[{"href":"https:\/\/www.vallonchene.fr\/de\/wp-json\/wp\/v2\/media?parent=3247"}],"wp:term":[{"taxonomy":"product_brand","embeddable":true,"href":"https:\/\/www.vallonchene.fr\/de\/wp-json\/wp\/v2\/product_brand?post=3247"},{"taxonomy":"product_cat","embeddable":true,"href":"https:\/\/www.vallonchene.fr\/de\/wp-json\/wp\/v2\/product_cat?post=3247"},{"taxonomy":"product_tag","embeddable":true,"href":"https:\/\/www.vallonchene.fr\/de\/wp-json\/wp\/v2\/product_tag?post=3247"}],"curies":[{"name":"wp","href":"https:\/\/api.w.org\/{rel}","templated":true}]}}