{"id":24914,"date":"2022-09-17T15:29:07","date_gmt":"2022-09-17T15:29:07","guid":{"rendered":"https:\/\/testing.vallonchene.fr\/produit\/glyptostrobus-pensilis-chinazypresse-wasserfichte\/"},"modified":"2026-03-20T12:25:25","modified_gmt":"2026-03-20T11:25:25","slug":"glyptostrobus-pensilis-chinazypresse-wasserfichte","status":"publish","type":"product","link":"https:\/\/www.vallonchene.fr\/de\/produkt\/glyptostrobus-pensilis-chinazypresse-wasserfichte\/","title":{"rendered":"GLYPTOSTROBUS pensilis (Chinazypresse, Wasserfichte)"},"content":{"rendered":"<p><strong>GLYPTOSTROBUS pensilis<\/strong> ist ein <strong>\u00e4u\u00dferst seltener Nadelbaum<\/strong> und bei Sammlern sehr beliebt. Ferner wird es als \u201e<strong>vom Aussterben bedroht<\/strong>\u201c eingestuft. Die <strong>Chinazypresse<\/strong> ist fast vollst\u00e4ndig aus ihrem nat\u00fcrlichen Lebensraum verschwunden. Dies ist auf die Ausbeutung ihres Edelholzes zur\u00fcckzuf\u00fchren. Tats\u00e4chlich verstr\u00f6mt es einen <strong>Duft<\/strong> und <strong>widersteht der Verrottung<\/strong> gut.<br \/>\nDieser Nadelbaum entwickelt <strong>ovale Zapfen<\/strong>. Er geh\u00f6rt zu den seltenen Nadelb\u00e4umen, die im Winter Bl\u00e4tter verlieren.<br \/>\nWie TAXODIUM entwickelt auch die Chinesische Sumpfzypresse mit zunehmendem Alter <strong><a href=\"https:\/\/de.wikipedia.org\/wiki\/Pneumatophor\" target=\"_blank\" rel=\"noopener\">Pneumatophoren<\/a><\/strong>.<br \/>\nIm Herbst schlie\u00dflich nimmt das normalerweise gr\u00fcne Laub <strong>leuchtende Kupfert\u00f6ne<\/strong> an.<\/p>\n<h2>Die Pflanzung von GLYPTOSTROBUS pensilis<\/h2>\n<p>Pflanzen Sie diesen Baum an einen <strong>feuchten<\/strong>, sogar <strong>sehr feuchten Ort<\/strong>. Nicht umsonst wird sie Wasserfirchte genannt.<br \/>\nSie mag einen Standort im <strong>Halbschatten<\/strong> oder in der <strong>vollen Sonne<\/strong> mit <strong>leichtem oder normalem Boden<\/strong> und einem <strong>sauren oder neutralen pH-Wert<\/strong>.<br \/>\nBei ordnungsgem\u00e4\u00dfer Installation h\u00e4lt es dann <strong>Temperaturen bis zu \u201310 \u00b0C<\/strong> stand.<\/p>\n<p>F\u00fcr eine gute Vorbereitung des Topfes oder des Pflanzlochs haben wir <a href=\"https:\/\/www.vallonchene.fr\/de\/wie-man-pflanzen-pflanzt-und-pflegt\/\" target=\"_blank\" rel=\"noreferrer noopener\"><strong>hier eine spezielle Anleitung zusammengestellt<\/strong><\/a>. Entdecken Sie hier, <a href=\"https:\/\/www.vallonchene.fr\/de\/den-garten-richtig-bewaessern-und-wasser-sparen\/\"><strong>wie man den Garten richtig bew\u00e4ssert und gleichzeitig Wasser spart<\/strong><\/a>.<\/p>\n<h2>Geschichte und Herkunft<\/h2>\n<p>GLYPTOSTROBUS pensilis ist die einzige lebende Art der Gattung.<\/p>\n<p>Ihr nat\u00fcrlicher Lebensraum liegt im tropischen S\u00fcdosten Chinas und im Norden Vietnams sowie in Zentral-Laos.<\/p>\n<p>G. pensilis w\u00e4chst nat\u00fcrlich an feuchten Orten (S\u00fcmpfen), entlang von Fl\u00fcssen und Teichen. Ihr ausgezeichnetes Wurzelsystem tr\u00e4gt zur Stabilisierung der Ufer bei. Dank ihrer Pneumatophoren kann sie auch bei \u00dcberschwemmungen atmen.<\/p>\n<p>Weiterhin wird das Holz f\u00fcr den Bau und die M\u00f6belherstellung verwendet. Ebenso wird es aufgrund seiner guten Feuchtigkeitsbest\u00e4ndigkeit im Br\u00fcckenbau eingesetzt.<\/p>\n<p>Im Jahr 1812 versuchten die Amerikaner, es f\u00fcr den Holzeinschlag zu kultivieren. Im Jahr 1830 haben die Europ\u00e4er es ausprobiert.<\/p>\n<p>Zu Beginn des 19. Jahrhunderts beschrieben verschiedene europ\u00e4ische Botaniker die Gattung als THUJA pensilis (<strong><a href=\"https:\/\/de.wikipedia.org\/wiki\/Aylmer_Bourke_Lambert\" target=\"_blank\" rel=\"noopener\">Aylmer Bourke Lambert<\/a><\/strong>), TAXODIUM japonicum var. heterophyllum (<strong><a href=\"https:\/\/de.wikipedia.org\/wiki\/Adolphe_Brongniart\" target=\"_blank\" rel=\"noopener\">Adolphe Brongniart<\/a><\/strong>). Es existieren aud die Synonyme GLYPTOSTROBUS aquaticus, GLYPTOSTROBUS sinensis oder auch GLYPTOSTROBUS lineatus.<\/p>\n","protected":false},"excerpt":{"rendered":"<p>Die <strong>Chinazypresse<\/strong> ist vom Aussterben bedroht. <strong>GLYPTOSTROBUS pensilis<\/strong> hat sommergr\u00fcnes Laub. Sie geh\u00f6rt zur Unterfamilie der Taxodiodieae.<\/p>\n","protected":false},"featured_media":44314,"comment_status":"open","ping_status":"closed","template":"","meta":[],"product_brand":[],"product_cat":[255],"product_tag":[],"class_list":{"0":"post-24914","1":"product","2":"type-product","3":"status-publish","4":"has-post-thumbnail","6":"product_cat-koniferen-de","7":"pa_99-hauteurapproximativeapres1-2_3m-de","8":"pa_couleurdufeuillage-grun-de","9":"pa_expositionspossibles-ce-halbschattigsonnezw12und17-de","10":"pa_expositionspossibles-sonnigvon12bis17uhr-de","11":"pa_hauteurlivree-100-bis-125-cm","12":"pa_hauteurlivree-125-bis-150-cm","13":"pa_hauteurlivree-15-bis-20-cm","14":"pa_hauteurlivree-150-bis-175-cm","15":"pa_hauteurlivree-20-bis-25cm","16":"pa_hauteurlivree-200-bis-250-cm","17":"pa_hauteurlivree-25-bis-30-cm","18":"pa_hauteurlivree-30-bis-35-cm","19":"pa_hauteurlivree-30-bis-40-cm","20":"pa_hauteurlivree-40-bis-50-cm","21":"pa_hauteurlivree-50-bis-60-cm","22":"pa_hauteurlivree-60-bis-80-cm","23":"pa_hauteurlivree-70-bis-80-cm","24":"pa_hauteurlivree-80-bis-100-cm","25":"pa_interetauprintemps-bluten-de","26":"pa_interetauprintemps-laub-de","27":"pa_interetenautomne-laub-de","28":"pa_interetenete-laub-de","29":"pa_interetenhiver-form-de","30":"pa_interetenhiver-zapfen-de","31":"pa_naturedufeuillage-nichtimmergrun-de","32":"pa_naturesdesolpossibles-leicht-de","33":"pa_naturesdesolpossibles-normal-de","34":"pa_particularites-vomaussterbenbedrohtepflanze-de","35":"pa_periodedefloraison-fruhling-de","36":"pa_phdusolacceptable-neutralzw65u75-de","37":"pa_phdusolacceptable-sauerwenigerals65-de","38":"pa_portgraphisme-aufrecht-de","39":"pa_resistanceaufroidrusticite-frostbestandigbis_10c-de","40":"pa_tailledepot-1liter_topf-de","41":"pa_tailledepot-10liter_topf-de","42":"pa_tailledepot-12liter_topf-de","43":"pa_tailledepot-15liter_topf-de","44":"pa_tailledepot-2liter_topf-de","45":"pa_tailledepot-20liter_topf-de","46":"pa_tailledepot-25liter_topf-de","47":"pa_tailledepot-3liter_topf-de","48":"pa_tailledepot-4liter_topf-de","49":"pa_tailledepot-5liter_topf-de","50":"pa_tailledepot-7_cm_topf-de","51":"pa_tailledepot-75liter_topf-de","52":"pa_utilisationpossible-alleinstehend-de","53":"pa_utilisationpossible-beet-de","55":"first","56":"instock","57":"taxable","58":"shipping-taxable","59":"purchasable","60":"product-type-variable","61":"has-default-attributes"},"supplier_id":null,"supplier_sku":"","barcode":null,"atum_controlled":true,"out_stock_date":null,"out_stock_threshold":null,"inheritable":true,"inbound_stock":0,"stock_on_hold":0,"sold_today":0,"sales_last_days":0,"reserved_stock":0,"customer_returns":0,"warehouse_damage":0,"lost_in_post":0,"other_logs":0,"out_stock_days":null,"lost_sales":0,"has_location":false,"update_date":"2026-01-26T09:21:01","atum_locations":[],"atum_stock_status":"instock","restock_status":false,"low_stock_amount":"","sales_update_date":"2025-07-23T15:50:37","calc_backorders":null,"yoast_head":"<!-- This site is optimized with the Yoast SEO Premium plugin v27.5 (Yoast SEO v27.5) - https:\/\/yoast.com\/product\/yoast-seo-premium-wordpress\/ -->\n<title>glyptostrobus pensilis (Chinazypresse, Wasserfichte)<\/title>\n<meta name=\"description\" content=\"Die Chinesische Sumpfzypresse ist vom Aussterben bedroht. GLYPTOSTROBUS pensilis hat sommergr\u00fcnes Laub. Es handelt sich um eine vom Aussterben bedrohte Art.\" \/>\n<meta name=\"robots\" content=\"index, follow, max-snippet:-1, max-image-preview:large, max-video-preview:-1\" \/>\n<link rel=\"canonical\" href=\"https:\/\/www.vallonchene.fr\/de\/produkt\/glyptostrobus-pensilis-chinazypresse-wasserfichte\/\" \/>\n<meta property=\"og:locale\" content=\"de_DE\" \/>\n<meta property=\"og:type\" content=\"article\" \/>\n<meta property=\"og:title\" content=\"GLYPTOSTROBUS pensilis (Chinazypresse, Wasserfichte)\" \/>\n<meta property=\"og:description\" content=\"Die Chinesische Sumpfzypresse ist vom Aussterben bedroht. GLYPTOSTROBUS pensilis hat sommergr\u00fcnes Laub. Es handelt sich um eine vom Aussterben bedrohte Art.\" \/>\n<meta property=\"og:url\" content=\"https:\/\/www.vallonchene.fr\/de\/produkt\/glyptostrobus-pensilis-chinazypresse-wasserfichte\/\" \/>\n<meta property=\"og:site_name\" content=\"Vallonch\u00eane\" \/>\n<meta property=\"article:publisher\" content=\"https:\/\/www.facebook.com\/vallonchene.fr\" \/>\n<meta property=\"article:modified_time\" content=\"2026-03-20T11:25:25+00:00\" \/>\n<meta property=\"og:image\" content=\"https:\/\/www.vallonchene.fr\/wp-content\/uploads\/2022\/09\/GLYPTOSTROBUS-pensilis.webp\" \/>\n\t<meta property=\"og:image:width\" content=\"1200\" \/>\n\t<meta property=\"og:image:height\" content=\"1200\" \/>\n\t<meta property=\"og:image:type\" content=\"image\/webp\" \/>\n<meta name=\"twitter:card\" content=\"summary_large_image\" \/>\n<meta name=\"twitter:label1\" content=\"Verf\u00fcgbarkeit\" \/>\n\t<meta name=\"twitter:data1\" content=\"Vorr\u00e4tig\" \/>\n<script type=\"application\/ld+json\" class=\"yoast-schema-graph\">{\"@context\":\"https:\\\/\\\/schema.org\",\"@graph\":[{\"@type\":\"WebPage\",\"@id\":\"https:\\\/\\\/www.vallonchene.fr\\\/de\\\/produkt\\\/glyptostrobus-pensilis-chinazypresse-wasserfichte\\\/\",\"url\":\"https:\\\/\\\/www.vallonchene.fr\\\/de\\\/produkt\\\/glyptostrobus-pensilis-chinazypresse-wasserfichte\\\/\",\"name\":\"glyptostrobus pensilis (Chinazypresse, Wasserfichte)\",\"isPartOf\":{\"@id\":\"https:\\\/\\\/www.vallonchene.fr\\\/de\\\/#website\"},\"primaryImageOfPage\":{\"@id\":\"https:\\\/\\\/www.vallonchene.fr\\\/de\\\/produkt\\\/glyptostrobus-pensilis-chinazypresse-wasserfichte\\\/#primaryimage\"},\"image\":{\"@id\":\"https:\\\/\\\/www.vallonchene.fr\\\/de\\\/produkt\\\/glyptostrobus-pensilis-chinazypresse-wasserfichte\\\/#primaryimage\"},\"thumbnailUrl\":\"https:\\\/\\\/www.vallonchene.fr\\\/wp-content\\\/uploads\\\/2022\\\/09\\\/GLYPTOSTROBUS-pensilis.webp\",\"datePublished\":\"2022-09-17T15:29:07+00:00\",\"dateModified\":\"2026-03-20T11:25:25+00:00\",\"description\":\"Die Chinesische Sumpfzypresse ist vom Aussterben bedroht. GLYPTOSTROBUS pensilis hat sommergr\u00fcnes Laub. Es handelt sich um eine vom Aussterben bedrohte Art.\",\"breadcrumb\":{\"@id\":\"https:\\\/\\\/www.vallonchene.fr\\\/de\\\/produkt\\\/glyptostrobus-pensilis-chinazypresse-wasserfichte\\\/#breadcrumb\"},\"inLanguage\":\"de\",\"potentialAction\":[{\"@type\":\"ReadAction\",\"target\":[\"https:\\\/\\\/www.vallonchene.fr\\\/de\\\/produkt\\\/glyptostrobus-pensilis-chinazypresse-wasserfichte\\\/\"]}]},{\"@type\":\"ImageObject\",\"inLanguage\":\"de\",\"@id\":\"https:\\\/\\\/www.vallonchene.fr\\\/de\\\/produkt\\\/glyptostrobus-pensilis-chinazypresse-wasserfichte\\\/#primaryimage\",\"url\":\"https:\\\/\\\/www.vallonchene.fr\\\/wp-content\\\/uploads\\\/2022\\\/09\\\/GLYPTOSTROBUS-pensilis.webp\",\"contentUrl\":\"https:\\\/\\\/www.vallonchene.fr\\\/wp-content\\\/uploads\\\/2022\\\/09\\\/GLYPTOSTROBUS-pensilis.webp\",\"width\":1200,\"height\":1200,\"caption\":\"Zweige und gr\u00fcnes Laub von GLYPTOSTROBUS pensilis\"},{\"@type\":\"BreadcrumbList\",\"@id\":\"https:\\\/\\\/www.vallonchene.fr\\\/de\\\/produkt\\\/glyptostrobus-pensilis-chinazypresse-wasserfichte\\\/#breadcrumb\",\"itemListElement\":[{\"@type\":\"ListItem\",\"position\":1,\"name\":\"Home\",\"item\":\"https:\\\/\\\/www.vallonchene.fr\\\/de\\\/\"},{\"@type\":\"ListItem\",\"position\":2,\"name\":\"Shop\",\"item\":\"https:\\\/\\\/www.vallonchene.fr\\\/de\\\/shop\\\/\"},{\"@type\":\"ListItem\",\"position\":3,\"name\":\"Online-Verkauf\",\"item\":\"https:\\\/\\\/www.vallonchene.fr\\\/de\\\/produkt-kategorie\\\/online-verkauf-de\\\/\"},{\"@type\":\"ListItem\",\"position\":4,\"name\":\"Baumschule\",\"item\":\"https:\\\/\\\/www.vallonchene.fr\\\/de\\\/produkt-kategorie\\\/online-verkauf-de\\\/baumschule-gaertnerei-de\\\/\"},{\"@type\":\"ListItem\",\"position\":5,\"name\":\"Koniferen\",\"item\":\"https:\\\/\\\/www.vallonchene.fr\\\/de\\\/produkt-kategorie\\\/online-verkauf-de\\\/baumschule-gaertnerei-de\\\/koniferen-de\\\/\"},{\"@type\":\"ListItem\",\"position\":6,\"name\":\"GLYPTOSTROBUS pensilis (Chinazypresse, Wasserfichte)\"}]},{\"@type\":\"WebSite\",\"@id\":\"https:\\\/\\\/www.vallonchene.fr\\\/de\\\/#website\",\"url\":\"https:\\\/\\\/www.vallonchene.fr\\\/de\\\/\",\"name\":\"Vallonch\u00eane\",\"description\":\"Die Baumschule, bei der Qualit\u00e4t ihre Wurzeln hat \u2013 Tel.: +49 (0)6838-5399840\",\"publisher\":{\"@id\":\"https:\\\/\\\/www.vallonchene.fr\\\/de\\\/#organization\"},\"potentialAction\":[{\"@type\":\"SearchAction\",\"target\":{\"@type\":\"EntryPoint\",\"urlTemplate\":\"https:\\\/\\\/www.vallonchene.fr\\\/de\\\/?s={search_term_string}\"},\"query-input\":{\"@type\":\"PropertyValueSpecification\",\"valueRequired\":true,\"valueName\":\"search_term_string\"}}],\"inLanguage\":\"de\"},{\"@type\":\"Organization\",\"@id\":\"https:\\\/\\\/www.vallonchene.fr\\\/de\\\/#organization\",\"name\":\"VALLONCHENE\",\"url\":\"https:\\\/\\\/www.vallonchene.fr\\\/de\\\/\",\"logo\":{\"@type\":\"ImageObject\",\"inLanguage\":\"de\",\"@id\":\"https:\\\/\\\/www.vallonchene.fr\\\/de\\\/#\\\/schema\\\/logo\\\/image\\\/\",\"url\":\"https:\\\/\\\/www.vallonchene.fr\\\/wp-content\\\/uploads\\\/2023\\\/03\\\/Logo-Vallonchene-site-et-R_hauteur_100.png\",\"contentUrl\":\"https:\\\/\\\/www.vallonchene.fr\\\/wp-content\\\/uploads\\\/2023\\\/03\\\/Logo-Vallonchene-site-et-R_hauteur_100.png\",\"width\":221,\"height\":100,\"caption\":\"VALLONCHENE\"},\"image\":{\"@id\":\"https:\\\/\\\/www.vallonchene.fr\\\/de\\\/#\\\/schema\\\/logo\\\/image\\\/\"},\"sameAs\":[\"https:\\\/\\\/www.facebook.com\\\/vallonchene.fr\",\"https:\\\/\\\/www.instagram.com\\\/vallonchene\\\/\",\"https:\\\/\\\/www.pinterest.fr\\\/vallonchene\\\/\"],\"taxID\":\"49454502300017\",\"hasMerchantReturnPolicy\":{\"@type\":\"MerchantReturnPolicy\",\"merchantReturnLink\":\"https:\\\/\\\/www.vallonchene.fr\\\/remboursements_retours\\\/\"}}]}<\/script>\n<meta property=\"og:availability\" content=\"instock\" \/>\n<meta property=\"product:availability\" content=\"instock\" \/>\n<meta property=\"product:retailer_item_id\" content=\"11163\" \/>\n<meta property=\"product:condition\" content=\"new\" \/>\n<!-- \/ Yoast SEO Premium plugin. -->","yoast_head_json":{"title":"glyptostrobus pensilis (Chinazypresse, Wasserfichte)","description":"Die Chinesische Sumpfzypresse ist vom Aussterben bedroht. GLYPTOSTROBUS pensilis hat sommergr\u00fcnes Laub. Es handelt sich um eine vom Aussterben bedrohte Art.","robots":{"index":"index","follow":"follow","max-snippet":"max-snippet:-1","max-image-preview":"max-image-preview:large","max-video-preview":"max-video-preview:-1"},"canonical":"https:\/\/www.vallonchene.fr\/de\/produkt\/glyptostrobus-pensilis-chinazypresse-wasserfichte\/","og_locale":"de_DE","og_type":"article","og_title":"GLYPTOSTROBUS pensilis (Chinazypresse, Wasserfichte)","og_description":"Die Chinesische Sumpfzypresse ist vom Aussterben bedroht. GLYPTOSTROBUS pensilis hat sommergr\u00fcnes Laub. Es handelt sich um eine vom Aussterben bedrohte Art.","og_url":"https:\/\/www.vallonchene.fr\/de\/produkt\/glyptostrobus-pensilis-chinazypresse-wasserfichte\/","og_site_name":"Vallonch\u00eane","article_publisher":"https:\/\/www.facebook.com\/vallonchene.fr","article_modified_time":"2026-03-20T11:25:25+00:00","og_image":[{"width":1200,"height":1200,"url":"https:\/\/www.vallonchene.fr\/wp-content\/uploads\/2022\/09\/GLYPTOSTROBUS-pensilis.webp","type":"image\/webp"}],"twitter_card":"summary_large_image","twitter_misc":{"Verf\u00fcgbarkeit":"Vorr\u00e4tig"},"schema":{"@context":"https:\/\/schema.org","@graph":[{"@type":"WebPage","@id":"https:\/\/www.vallonchene.fr\/de\/produkt\/glyptostrobus-pensilis-chinazypresse-wasserfichte\/","url":"https:\/\/www.vallonchene.fr\/de\/produkt\/glyptostrobus-pensilis-chinazypresse-wasserfichte\/","name":"glyptostrobus pensilis (Chinazypresse, Wasserfichte)","isPartOf":{"@id":"https:\/\/www.vallonchene.fr\/de\/#website"},"primaryImageOfPage":{"@id":"https:\/\/www.vallonchene.fr\/de\/produkt\/glyptostrobus-pensilis-chinazypresse-wasserfichte\/#primaryimage"},"image":{"@id":"https:\/\/www.vallonchene.fr\/de\/produkt\/glyptostrobus-pensilis-chinazypresse-wasserfichte\/#primaryimage"},"thumbnailUrl":"https:\/\/www.vallonchene.fr\/wp-content\/uploads\/2022\/09\/GLYPTOSTROBUS-pensilis.webp","datePublished":"2022-09-17T15:29:07+00:00","dateModified":"2026-03-20T11:25:25+00:00","description":"Die Chinesische Sumpfzypresse ist vom Aussterben bedroht. GLYPTOSTROBUS pensilis hat sommergr\u00fcnes Laub. Es handelt sich um eine vom Aussterben bedrohte Art.","breadcrumb":{"@id":"https:\/\/www.vallonchene.fr\/de\/produkt\/glyptostrobus-pensilis-chinazypresse-wasserfichte\/#breadcrumb"},"inLanguage":"de","potentialAction":[{"@type":"ReadAction","target":["https:\/\/www.vallonchene.fr\/de\/produkt\/glyptostrobus-pensilis-chinazypresse-wasserfichte\/"]}]},{"@type":"ImageObject","inLanguage":"de","@id":"https:\/\/www.vallonchene.fr\/de\/produkt\/glyptostrobus-pensilis-chinazypresse-wasserfichte\/#primaryimage","url":"https:\/\/www.vallonchene.fr\/wp-content\/uploads\/2022\/09\/GLYPTOSTROBUS-pensilis.webp","contentUrl":"https:\/\/www.vallonchene.fr\/wp-content\/uploads\/2022\/09\/GLYPTOSTROBUS-pensilis.webp","width":1200,"height":1200,"caption":"Zweige und gr\u00fcnes Laub von GLYPTOSTROBUS pensilis"},{"@type":"BreadcrumbList","@id":"https:\/\/www.vallonchene.fr\/de\/produkt\/glyptostrobus-pensilis-chinazypresse-wasserfichte\/#breadcrumb","itemListElement":[{"@type":"ListItem","position":1,"name":"Home","item":"https:\/\/www.vallonchene.fr\/de\/"},{"@type":"ListItem","position":2,"name":"Shop","item":"https:\/\/www.vallonchene.fr\/de\/shop\/"},{"@type":"ListItem","position":3,"name":"Online-Verkauf","item":"https:\/\/www.vallonchene.fr\/de\/produkt-kategorie\/online-verkauf-de\/"},{"@type":"ListItem","position":4,"name":"Baumschule","item":"https:\/\/www.vallonchene.fr\/de\/produkt-kategorie\/online-verkauf-de\/baumschule-gaertnerei-de\/"},{"@type":"ListItem","position":5,"name":"Koniferen","item":"https:\/\/www.vallonchene.fr\/de\/produkt-kategorie\/online-verkauf-de\/baumschule-gaertnerei-de\/koniferen-de\/"},{"@type":"ListItem","position":6,"name":"GLYPTOSTROBUS pensilis (Chinazypresse, Wasserfichte)"}]},{"@type":"WebSite","@id":"https:\/\/www.vallonchene.fr\/de\/#website","url":"https:\/\/www.vallonchene.fr\/de\/","name":"Vallonch\u00eane","description":"Die Baumschule, bei der Qualit\u00e4t ihre Wurzeln hat \u2013 Tel.: +49 (0)6838-5399840","publisher":{"@id":"https:\/\/www.vallonchene.fr\/de\/#organization"},"potentialAction":[{"@type":"SearchAction","target":{"@type":"EntryPoint","urlTemplate":"https:\/\/www.vallonchene.fr\/de\/?s={search_term_string}"},"query-input":{"@type":"PropertyValueSpecification","valueRequired":true,"valueName":"search_term_string"}}],"inLanguage":"de"},{"@type":"Organization","@id":"https:\/\/www.vallonchene.fr\/de\/#organization","name":"VALLONCHENE","url":"https:\/\/www.vallonchene.fr\/de\/","logo":{"@type":"ImageObject","inLanguage":"de","@id":"https:\/\/www.vallonchene.fr\/de\/#\/schema\/logo\/image\/","url":"https:\/\/www.vallonchene.fr\/wp-content\/uploads\/2023\/03\/Logo-Vallonchene-site-et-R_hauteur_100.png","contentUrl":"https:\/\/www.vallonchene.fr\/wp-content\/uploads\/2023\/03\/Logo-Vallonchene-site-et-R_hauteur_100.png","width":221,"height":100,"caption":"VALLONCHENE"},"image":{"@id":"https:\/\/www.vallonchene.fr\/de\/#\/schema\/logo\/image\/"},"sameAs":["https:\/\/www.facebook.com\/vallonchene.fr","https:\/\/www.instagram.com\/vallonchene\/","https:\/\/www.pinterest.fr\/vallonchene\/"],"taxID":"49454502300017","hasMerchantReturnPolicy":{"@type":"MerchantReturnPolicy","merchantReturnLink":"https:\/\/www.vallonchene.fr\/remboursements_retours\/"}}]},"og_availability":"instock","product_availability":"instock","product_retailer_item_id":"11163","product_condition":"new"},"_links":{"self":[{"href":"https:\/\/www.vallonchene.fr\/de\/wp-json\/wp\/v2\/product\/24914","targetHints":{"allow":["GET"]}}],"collection":[{"href":"https:\/\/www.vallonchene.fr\/de\/wp-json\/wp\/v2\/product"}],"about":[{"href":"https:\/\/www.vallonchene.fr\/de\/wp-json\/wp\/v2\/types\/product"}],"replies":[{"embeddable":true,"href":"https:\/\/www.vallonchene.fr\/de\/wp-json\/wp\/v2\/comments?post=24914"}],"wp:featuredmedia":[{"embeddable":true,"href":"https:\/\/www.vallonchene.fr\/de\/wp-json\/wp\/v2\/media\/44314"}],"wp:attachment":[{"href":"https:\/\/www.vallonchene.fr\/de\/wp-json\/wp\/v2\/media?parent=24914"}],"wp:term":[{"taxonomy":"product_brand","embeddable":true,"href":"https:\/\/www.vallonchene.fr\/de\/wp-json\/wp\/v2\/product_brand?post=24914"},{"taxonomy":"product_cat","embeddable":true,"href":"https:\/\/www.vallonchene.fr\/de\/wp-json\/wp\/v2\/product_cat?post=24914"},{"taxonomy":"product_tag","embeddable":true,"href":"https:\/\/www.vallonchene.fr\/de\/wp-json\/wp\/v2\/product_tag?post=24914"}],"curies":[{"name":"wp","href":"https:\/\/api.w.org\/{rel}","templated":true}]}}