{"id":2467,"date":"2021-08-31T10:51:42","date_gmt":"2021-08-31T10:51:42","guid":{"rendered":"https:\/\/testing.vallonchene.fr\/produit\/chimonanthus-praecox\/"},"modified":"2025-03-18T10:04:37","modified_gmt":"2025-03-18T09:04:37","slug":"chimonanthus-praecox","status":"publish","type":"product","link":"https:\/\/www.vallonchene.fr\/de\/produkt\/chimonanthus-praecox\/","title":{"rendered":"CHIMONANTHUS praecox"},"content":{"rendered":"","protected":false},"excerpt":{"rendered":"<p>Die <b>chinesische Winterbl\u00fcte<\/b> bl\u00fcht gelb im Winter. Die Blumen des <b>CHIMONANTHUS praecox<\/b> sind \u00e4u\u00dferst duftend. Es ist ein unverzichtbarer laubabwerfender Strauch f\u00fcr jeden Garten.  <\/p>\n","protected":false},"featured_media":2457,"comment_status":"open","ping_status":"closed","template":"","meta":[],"product_brand":[],"product_cat":[252],"product_tag":[12400,12401],"class_list":{"0":"post-2467","1":"product","2":"type-product","3":"status-publish","4":"has-post-thumbnail","6":"product_cat-straucher-und-baume-de","7":"product_tag-chimonanthus-praecox-de","8":"product_tag-chinesische-winterblute","9":"pa_99-hauteurapproximativeapres1-150a200m-de","10":"pa_couleurdesfleurs-gelb-de","11":"pa_couleurdufeuillage-grun-de","12":"pa_exigencesenhumidite-feucht-de","13":"pa_exigencesenhumidite-normal-de","14":"pa_exigencesenhumidite-trocken-de","15":"pa_expositionspossibles-ce-halbschattigsonnezw12und17-de","16":"pa_expositionspossibles-sonnigvon12bis17uhr-de","17":"pa_hauteurlivree-100-bis-125-cm","18":"pa_hauteurlivree-125-bis-150-cm","19":"pa_hauteurlivree-15-bis-20-cm","20":"pa_hauteurlivree-150-bis-175-cm","21":"pa_hauteurlivree-175-bis-200-cm","22":"pa_hauteurlivree-20-bis-30-cm","23":"pa_hauteurlivree-200-bis-250-cm","24":"pa_hauteurlivree-25-bis-30-cm","25":"pa_hauteurlivree-30-bis-35-cm","26":"pa_hauteurlivree-30-bis-40-cm","27":"pa_hauteurlivree-350-bis-400-cm","28":"pa_hauteurlivree-40-bis-50-cm","29":"pa_hauteurlivree-40-bis-60-cm","30":"pa_hauteurlivree-50-bis-60-cm","31":"pa_hauteurlivree-60-bis-80-cm","32":"pa_hauteurlivree-60-cm-stamm","33":"pa_hauteurlivree-70-bis-80-cm","34":"pa_hauteurlivree-80-bis-100-cm","35":"pa_interetauprintemps-jungesprossen-de","36":"pa_interetauprintemps-laub-de","37":"pa_interetenautomne-laub-de","38":"pa_interetenete-laub-de","39":"pa_interetenhiver-bluten-de","40":"pa_interetenhiver-parfum-de","41":"pa_naturedufeuillage-nichtimmergrun-de","42":"pa_naturesdesolpossibles-leicht-de","43":"pa_naturesdesolpossibles-normal-de","44":"pa_naturesdesolpossibles-schwer-de","45":"pa_particularites-duftend-de","46":"pa_particularites-schnittblumen-de","47":"pa_periodedefloraison-winter-de","48":"pa_periodedetaille-marz-de","49":"pa_phdusolacceptable-kalkigmehrals75-de","50":"pa_phdusolacceptable-neutralzw65u75-de","51":"pa_phdusolacceptable-sauerwenigerals65-de","52":"pa_portgraphisme-buissonnant-de","53":"pa_resistanceaufroidrusticite-frostbestandigunter_20c-de","54":"pa_tailledepot-1liter_topf-de","55":"pa_tailledepot-10liter_topf-de","56":"pa_tailledepot-12liter_topf-de","57":"pa_tailledepot-15liter_topf-de","58":"pa_tailledepot-18liter_topf-de","59":"pa_tailledepot-2liter_topf-de","60":"pa_tailledepot-20liter_topf-de","61":"pa_tailledepot-25liter_topf-de","62":"pa_tailledepot-3liter_topf-de","63":"pa_tailledepot-30liter_topf-de","64":"pa_tailledepot-4liter_topf-de","65":"pa_tailledepot-40liter_topf-de","66":"pa_tailledepot-45liter_topf-de","67":"pa_tailledepot-5liter_topf-de","68":"pa_tailledepot-75liter_topf-de","69":"pa_tailledepot-ballen-de","70":"pa_tailledepot-jungpflanze-1-liter-topf","71":"pa_utilisationpossible-beet-de","72":"pa_utilisationpossible-hecke-de","73":"pa_utilisationpossible-kubelodertopf-de","75":"first","76":"instock","77":"taxable","78":"shipping-taxable","79":"purchasable","80":"product-type-variable","81":"has-default-attributes"},"supplier_id":null,"supplier_sku":"","barcode":null,"atum_controlled":true,"out_stock_date":null,"out_stock_threshold":null,"inheritable":true,"inbound_stock":0,"stock_on_hold":0,"sold_today":0,"sales_last_days":0,"reserved_stock":0,"customer_returns":0,"warehouse_damage":0,"lost_in_post":0,"other_logs":0,"out_stock_days":null,"lost_sales":0,"has_location":false,"update_date":"2025-12-01T09:37:05","atum_locations":[],"atum_stock_status":"instock","restock_status":false,"low_stock_amount":"","sales_update_date":"2024-12-28T13:59:22","calc_backorders":null,"yoast_head":"<!-- This site is optimized with the Yoast SEO Premium plugin v27.4 (Yoast SEO v27.4) - https:\/\/yoast.com\/product\/yoast-seo-premium-wordpress\/ -->\n<title>CHIMONANTHUS praecox - Chinesische Winterbl\u00fcte<\/title>\n<meta name=\"description\" content=\"Die Chinesische Winterbl\u00fcte bl\u00fcht gelb im Winter. Die Blumen des CHIMONANTHUS praecox sind \u00e4u\u00dferst duftend. Es ist ein unverzichtbarer laubabwerfender Strauch.\" \/>\n<meta name=\"robots\" content=\"index, follow, max-snippet:-1, max-image-preview:large, max-video-preview:-1\" \/>\n<link rel=\"canonical\" href=\"https:\/\/www.vallonchene.fr\/de\/produkt\/chimonanthus-praecox\/\" \/>\n<meta property=\"og:locale\" content=\"de_DE\" \/>\n<meta property=\"og:type\" content=\"article\" \/>\n<meta property=\"og:title\" content=\"CHIMONANTHUS praecox\" \/>\n<meta property=\"og:description\" content=\"Die Chinesische Winterbl\u00fcte bl\u00fcht gelb im Winter. Die Blumen des CHIMONANTHUS praecox sind \u00e4u\u00dferst duftend. Es ist ein unverzichtbarer laubabwerfender Strauch.\" \/>\n<meta property=\"og:url\" content=\"https:\/\/www.vallonchene.fr\/de\/produkt\/chimonanthus-praecox\/\" \/>\n<meta property=\"og:site_name\" content=\"Vallonch\u00eane\" \/>\n<meta property=\"article:publisher\" content=\"https:\/\/www.facebook.com\/vallonchene.fr\" \/>\n<meta property=\"article:modified_time\" content=\"2025-03-18T09:04:37+00:00\" \/>\n<meta property=\"og:image\" content=\"https:\/\/www.vallonchene.fr\/wp-content\/uploads\/2021\/08\/944-4d2-CHIMONANTHUS-praecox-en-Septembre.jpg\" \/>\n\t<meta property=\"og:image:width\" content=\"1518\" \/>\n\t<meta property=\"og:image:height\" content=\"1518\" \/>\n\t<meta property=\"og:image:type\" content=\"image\/jpeg\" \/>\n<meta name=\"twitter:card\" content=\"summary_large_image\" \/>\n<meta name=\"twitter:label1\" content=\"Verf\u00fcgbarkeit\" \/>\n\t<meta name=\"twitter:data1\" content=\"Vorr\u00e4tig\" \/>\n<script type=\"application\/ld+json\" class=\"yoast-schema-graph\">{\"@context\":\"https:\\\/\\\/schema.org\",\"@graph\":[{\"@type\":\"WebPage\",\"@id\":\"https:\\\/\\\/www.vallonchene.fr\\\/de\\\/produkt\\\/chimonanthus-praecox\\\/\",\"url\":\"https:\\\/\\\/www.vallonchene.fr\\\/de\\\/produkt\\\/chimonanthus-praecox\\\/\",\"name\":\"CHIMONANTHUS praecox - Chinesische Winterbl\u00fcte\",\"isPartOf\":{\"@id\":\"https:\\\/\\\/www.vallonchene.fr\\\/de\\\/#website\"},\"primaryImageOfPage\":{\"@id\":\"https:\\\/\\\/www.vallonchene.fr\\\/de\\\/produkt\\\/chimonanthus-praecox\\\/#primaryimage\"},\"image\":{\"@id\":\"https:\\\/\\\/www.vallonchene.fr\\\/de\\\/produkt\\\/chimonanthus-praecox\\\/#primaryimage\"},\"thumbnailUrl\":\"https:\\\/\\\/www.vallonchene.fr\\\/wp-content\\\/uploads\\\/2021\\\/08\\\/944-4d2-CHIMONANTHUS-praecox-en-Septembre.jpg\",\"datePublished\":\"2021-08-31T10:51:42+00:00\",\"dateModified\":\"2025-03-18T09:04:37+00:00\",\"description\":\"Die Chinesische Winterbl\u00fcte bl\u00fcht gelb im Winter. Die Blumen des CHIMONANTHUS praecox sind \u00e4u\u00dferst duftend. Es ist ein unverzichtbarer laubabwerfender Strauch.\",\"breadcrumb\":{\"@id\":\"https:\\\/\\\/www.vallonchene.fr\\\/de\\\/produkt\\\/chimonanthus-praecox\\\/#breadcrumb\"},\"inLanguage\":\"de\",\"potentialAction\":[{\"@type\":\"ReadAction\",\"target\":[\"https:\\\/\\\/www.vallonchene.fr\\\/de\\\/produkt\\\/chimonanthus-praecox\\\/\"]}]},{\"@type\":\"ImageObject\",\"inLanguage\":\"de\",\"@id\":\"https:\\\/\\\/www.vallonchene.fr\\\/de\\\/produkt\\\/chimonanthus-praecox\\\/#primaryimage\",\"url\":\"https:\\\/\\\/www.vallonchene.fr\\\/wp-content\\\/uploads\\\/2021\\\/08\\\/944-4d2-CHIMONANTHUS-praecox-en-Septembre.jpg\",\"contentUrl\":\"https:\\\/\\\/www.vallonchene.fr\\\/wp-content\\\/uploads\\\/2021\\\/08\\\/944-4d2-CHIMONANTHUS-praecox-en-Septembre.jpg\",\"width\":1518,\"height\":1518},{\"@type\":\"BreadcrumbList\",\"@id\":\"https:\\\/\\\/www.vallonchene.fr\\\/de\\\/produkt\\\/chimonanthus-praecox\\\/#breadcrumb\",\"itemListElement\":[{\"@type\":\"ListItem\",\"position\":1,\"name\":\"Home\",\"item\":\"https:\\\/\\\/www.vallonchene.fr\\\/de\\\/\"},{\"@type\":\"ListItem\",\"position\":2,\"name\":\"Shop\",\"item\":\"https:\\\/\\\/www.vallonchene.fr\\\/de\\\/shop\\\/\"},{\"@type\":\"ListItem\",\"position\":3,\"name\":\"Online-Verkauf\",\"item\":\"https:\\\/\\\/www.vallonchene.fr\\\/de\\\/produkt-kategorie\\\/online-verkauf-de\\\/\"},{\"@type\":\"ListItem\",\"position\":4,\"name\":\"Baumschule\",\"item\":\"https:\\\/\\\/www.vallonchene.fr\\\/de\\\/produkt-kategorie\\\/online-verkauf-de\\\/baumschule-gaertnerei-de\\\/\"},{\"@type\":\"ListItem\",\"position\":5,\"name\":\"Str\u00e4ucher und B\u00e4ume\",\"item\":\"https:\\\/\\\/www.vallonchene.fr\\\/de\\\/produkt-kategorie\\\/online-verkauf-de\\\/baumschule-gaertnerei-de\\\/straucher-und-baume-de\\\/\"},{\"@type\":\"ListItem\",\"position\":6,\"name\":\"CHIMONANTHUS praecox\"}]},{\"@type\":\"WebSite\",\"@id\":\"https:\\\/\\\/www.vallonchene.fr\\\/de\\\/#website\",\"url\":\"https:\\\/\\\/www.vallonchene.fr\\\/de\\\/\",\"name\":\"Vallonch\u00eane\",\"description\":\"Die Baumschule, bei der Qualit\u00e4t ihre Wurzeln hat \u2013 Tel.: +49 (0)6838-5399840\",\"publisher\":{\"@id\":\"https:\\\/\\\/www.vallonchene.fr\\\/de\\\/#organization\"},\"potentialAction\":[{\"@type\":\"SearchAction\",\"target\":{\"@type\":\"EntryPoint\",\"urlTemplate\":\"https:\\\/\\\/www.vallonchene.fr\\\/de\\\/?s={search_term_string}\"},\"query-input\":{\"@type\":\"PropertyValueSpecification\",\"valueRequired\":true,\"valueName\":\"search_term_string\"}}],\"inLanguage\":\"de\"},{\"@type\":\"Organization\",\"@id\":\"https:\\\/\\\/www.vallonchene.fr\\\/de\\\/#organization\",\"name\":\"VALLONCHENE\",\"url\":\"https:\\\/\\\/www.vallonchene.fr\\\/de\\\/\",\"logo\":{\"@type\":\"ImageObject\",\"inLanguage\":\"de\",\"@id\":\"https:\\\/\\\/www.vallonchene.fr\\\/de\\\/#\\\/schema\\\/logo\\\/image\\\/\",\"url\":\"https:\\\/\\\/www.vallonchene.fr\\\/wp-content\\\/uploads\\\/2023\\\/03\\\/Logo-Vallonchene-site-et-R_hauteur_100.png\",\"contentUrl\":\"https:\\\/\\\/www.vallonchene.fr\\\/wp-content\\\/uploads\\\/2023\\\/03\\\/Logo-Vallonchene-site-et-R_hauteur_100.png\",\"width\":221,\"height\":100,\"caption\":\"VALLONCHENE\"},\"image\":{\"@id\":\"https:\\\/\\\/www.vallonchene.fr\\\/de\\\/#\\\/schema\\\/logo\\\/image\\\/\"},\"sameAs\":[\"https:\\\/\\\/www.facebook.com\\\/vallonchene.fr\",\"https:\\\/\\\/www.instagram.com\\\/vallonchene\\\/\",\"https:\\\/\\\/www.pinterest.fr\\\/vallonchene\\\/\"],\"taxID\":\"49454502300017\",\"hasMerchantReturnPolicy\":{\"@type\":\"MerchantReturnPolicy\",\"merchantReturnLink\":\"https:\\\/\\\/www.vallonchene.fr\\\/remboursements_retours\\\/\"}}]}<\/script>\n<meta property=\"og:availability\" content=\"instock\" \/>\n<meta property=\"product:availability\" content=\"instock\" \/>\n<meta property=\"product:retailer_item_id\" content=\"18953\" \/>\n<meta property=\"product:condition\" content=\"new\" \/>\n<!-- \/ Yoast SEO Premium plugin. -->","yoast_head_json":{"title":"CHIMONANTHUS praecox - Chinesische Winterbl\u00fcte","description":"Die Chinesische Winterbl\u00fcte bl\u00fcht gelb im Winter. Die Blumen des CHIMONANTHUS praecox sind \u00e4u\u00dferst duftend. Es ist ein unverzichtbarer laubabwerfender Strauch.","robots":{"index":"index","follow":"follow","max-snippet":"max-snippet:-1","max-image-preview":"max-image-preview:large","max-video-preview":"max-video-preview:-1"},"canonical":"https:\/\/www.vallonchene.fr\/de\/produkt\/chimonanthus-praecox\/","og_locale":"de_DE","og_type":"article","og_title":"CHIMONANTHUS praecox","og_description":"Die Chinesische Winterbl\u00fcte bl\u00fcht gelb im Winter. Die Blumen des CHIMONANTHUS praecox sind \u00e4u\u00dferst duftend. Es ist ein unverzichtbarer laubabwerfender Strauch.","og_url":"https:\/\/www.vallonchene.fr\/de\/produkt\/chimonanthus-praecox\/","og_site_name":"Vallonch\u00eane","article_publisher":"https:\/\/www.facebook.com\/vallonchene.fr","article_modified_time":"2025-03-18T09:04:37+00:00","og_image":[{"width":1518,"height":1518,"url":"https:\/\/www.vallonchene.fr\/wp-content\/uploads\/2021\/08\/944-4d2-CHIMONANTHUS-praecox-en-Septembre.jpg","type":"image\/jpeg"}],"twitter_card":"summary_large_image","twitter_misc":{"Verf\u00fcgbarkeit":"Vorr\u00e4tig"},"schema":{"@context":"https:\/\/schema.org","@graph":[{"@type":"WebPage","@id":"https:\/\/www.vallonchene.fr\/de\/produkt\/chimonanthus-praecox\/","url":"https:\/\/www.vallonchene.fr\/de\/produkt\/chimonanthus-praecox\/","name":"CHIMONANTHUS praecox - Chinesische Winterbl\u00fcte","isPartOf":{"@id":"https:\/\/www.vallonchene.fr\/de\/#website"},"primaryImageOfPage":{"@id":"https:\/\/www.vallonchene.fr\/de\/produkt\/chimonanthus-praecox\/#primaryimage"},"image":{"@id":"https:\/\/www.vallonchene.fr\/de\/produkt\/chimonanthus-praecox\/#primaryimage"},"thumbnailUrl":"https:\/\/www.vallonchene.fr\/wp-content\/uploads\/2021\/08\/944-4d2-CHIMONANTHUS-praecox-en-Septembre.jpg","datePublished":"2021-08-31T10:51:42+00:00","dateModified":"2025-03-18T09:04:37+00:00","description":"Die Chinesische Winterbl\u00fcte bl\u00fcht gelb im Winter. Die Blumen des CHIMONANTHUS praecox sind \u00e4u\u00dferst duftend. Es ist ein unverzichtbarer laubabwerfender Strauch.","breadcrumb":{"@id":"https:\/\/www.vallonchene.fr\/de\/produkt\/chimonanthus-praecox\/#breadcrumb"},"inLanguage":"de","potentialAction":[{"@type":"ReadAction","target":["https:\/\/www.vallonchene.fr\/de\/produkt\/chimonanthus-praecox\/"]}]},{"@type":"ImageObject","inLanguage":"de","@id":"https:\/\/www.vallonchene.fr\/de\/produkt\/chimonanthus-praecox\/#primaryimage","url":"https:\/\/www.vallonchene.fr\/wp-content\/uploads\/2021\/08\/944-4d2-CHIMONANTHUS-praecox-en-Septembre.jpg","contentUrl":"https:\/\/www.vallonchene.fr\/wp-content\/uploads\/2021\/08\/944-4d2-CHIMONANTHUS-praecox-en-Septembre.jpg","width":1518,"height":1518},{"@type":"BreadcrumbList","@id":"https:\/\/www.vallonchene.fr\/de\/produkt\/chimonanthus-praecox\/#breadcrumb","itemListElement":[{"@type":"ListItem","position":1,"name":"Home","item":"https:\/\/www.vallonchene.fr\/de\/"},{"@type":"ListItem","position":2,"name":"Shop","item":"https:\/\/www.vallonchene.fr\/de\/shop\/"},{"@type":"ListItem","position":3,"name":"Online-Verkauf","item":"https:\/\/www.vallonchene.fr\/de\/produkt-kategorie\/online-verkauf-de\/"},{"@type":"ListItem","position":4,"name":"Baumschule","item":"https:\/\/www.vallonchene.fr\/de\/produkt-kategorie\/online-verkauf-de\/baumschule-gaertnerei-de\/"},{"@type":"ListItem","position":5,"name":"Str\u00e4ucher und B\u00e4ume","item":"https:\/\/www.vallonchene.fr\/de\/produkt-kategorie\/online-verkauf-de\/baumschule-gaertnerei-de\/straucher-und-baume-de\/"},{"@type":"ListItem","position":6,"name":"CHIMONANTHUS praecox"}]},{"@type":"WebSite","@id":"https:\/\/www.vallonchene.fr\/de\/#website","url":"https:\/\/www.vallonchene.fr\/de\/","name":"Vallonch\u00eane","description":"Die Baumschule, bei der Qualit\u00e4t ihre Wurzeln hat \u2013 Tel.: +49 (0)6838-5399840","publisher":{"@id":"https:\/\/www.vallonchene.fr\/de\/#organization"},"potentialAction":[{"@type":"SearchAction","target":{"@type":"EntryPoint","urlTemplate":"https:\/\/www.vallonchene.fr\/de\/?s={search_term_string}"},"query-input":{"@type":"PropertyValueSpecification","valueRequired":true,"valueName":"search_term_string"}}],"inLanguage":"de"},{"@type":"Organization","@id":"https:\/\/www.vallonchene.fr\/de\/#organization","name":"VALLONCHENE","url":"https:\/\/www.vallonchene.fr\/de\/","logo":{"@type":"ImageObject","inLanguage":"de","@id":"https:\/\/www.vallonchene.fr\/de\/#\/schema\/logo\/image\/","url":"https:\/\/www.vallonchene.fr\/wp-content\/uploads\/2023\/03\/Logo-Vallonchene-site-et-R_hauteur_100.png","contentUrl":"https:\/\/www.vallonchene.fr\/wp-content\/uploads\/2023\/03\/Logo-Vallonchene-site-et-R_hauteur_100.png","width":221,"height":100,"caption":"VALLONCHENE"},"image":{"@id":"https:\/\/www.vallonchene.fr\/de\/#\/schema\/logo\/image\/"},"sameAs":["https:\/\/www.facebook.com\/vallonchene.fr","https:\/\/www.instagram.com\/vallonchene\/","https:\/\/www.pinterest.fr\/vallonchene\/"],"taxID":"49454502300017","hasMerchantReturnPolicy":{"@type":"MerchantReturnPolicy","merchantReturnLink":"https:\/\/www.vallonchene.fr\/remboursements_retours\/"}}]},"og_availability":"instock","product_availability":"instock","product_retailer_item_id":"18953","product_condition":"new"},"_links":{"self":[{"href":"https:\/\/www.vallonchene.fr\/de\/wp-json\/wp\/v2\/product\/2467","targetHints":{"allow":["GET"]}}],"collection":[{"href":"https:\/\/www.vallonchene.fr\/de\/wp-json\/wp\/v2\/product"}],"about":[{"href":"https:\/\/www.vallonchene.fr\/de\/wp-json\/wp\/v2\/types\/product"}],"replies":[{"embeddable":true,"href":"https:\/\/www.vallonchene.fr\/de\/wp-json\/wp\/v2\/comments?post=2467"}],"wp:featuredmedia":[{"embeddable":true,"href":"https:\/\/www.vallonchene.fr\/de\/wp-json\/wp\/v2\/media\/2457"}],"wp:attachment":[{"href":"https:\/\/www.vallonchene.fr\/de\/wp-json\/wp\/v2\/media?parent=2467"}],"wp:term":[{"taxonomy":"product_brand","embeddable":true,"href":"https:\/\/www.vallonchene.fr\/de\/wp-json\/wp\/v2\/product_brand?post=2467"},{"taxonomy":"product_cat","embeddable":true,"href":"https:\/\/www.vallonchene.fr\/de\/wp-json\/wp\/v2\/product_cat?post=2467"},{"taxonomy":"product_tag","embeddable":true,"href":"https:\/\/www.vallonchene.fr\/de\/wp-json\/wp\/v2\/product_tag?post=2467"}],"curies":[{"name":"wp","href":"https:\/\/api.w.org\/{rel}","templated":true}]}}