{"id":24118,"date":"2021-10-30T15:53:49","date_gmt":"2021-10-30T15:53:49","guid":{"rendered":"https:\/\/testing.vallonchene.fr\/produit\/cryptomeria-japonica-tomahawk-sicheltann-sugi-japanische-zeder\/"},"modified":"2026-04-27T08:44:11","modified_gmt":"2026-04-27T06:44:11","slug":"cryptomeria-japonica-tomahawk","status":"publish","type":"product","link":"https:\/\/www.vallonchene.fr\/de\/produkt\/cryptomeria-japonica-tomahawk\/","title":{"rendered":"CRYPTOMERIA japonica &#8218;Tomahawk&#8216;"},"content":{"rendered":"<p>Diese au\u00dfergew\u00f6hnliche <strong>Sicheltanne<\/strong> entwickelt recht dichte Triebe, die an Hahnenk\u00e4mme erinnern. Dies verleiht CRYTPOMERIA japonica &#8218;Tomahawk&#8216; ein sehr merkw\u00fcrdiges Aussehen. Sie sieht ihren Artgenossen \u00fcberhaupt nicht \u00e4hnlich.<br \/>\nFerner handelt es sich bei diesem Baum um eine <strong>Zwergpflanze<\/strong> oder <strong>Mini-Konifere<\/strong>. Dadurch w\u00e4chst sie sehr langsam und erreicht nach rund zehn Jahren eine H\u00f6he von lediglich 50 cm bis 1 Meter. Aus diesem Grund kann diese Pflanze in jedem Gartentyp ihren Platz finden: ob klein, mittelgro\u00df oder gro\u00df.<br \/>\nEbenso eignet sie sich hervorragend f\u00fcr <strong>Bonsai<\/strong>.<\/p>\n<p>Um alle derzeit zum Verkauf stehenden CRYPTOMERIA-Varienten anzuzeigen, <strong><a href=\"https:\/\/www.vallonchene.fr\/de\/?s=cryptomeria&amp;post_type=product&amp;dgwt_wcas=1&amp;lang=de&amp;filter_stock_status=instock\">klicken Sie bitte hier<\/a><\/strong>.<\/p>\n<h2>Pflanzung und Pflege von CRYPTOMERIA japonica &#8218;Tomahawk&#8216;<\/h2>\n<p>Pflanzen Sie diese Sicheltanne in die <strong>volle Sonne<\/strong> oder in den <strong>Halbschatten<\/strong> an einem <strong>feuchten<\/strong>, <strong>mittel feuchten<\/strong> oder <strong>trockenen<\/strong> Standort. Der Boden sollte <strong>leicht<\/strong> oder <strong>normal<\/strong> sein und einen <strong>sauren<\/strong>, <strong>kalkhaltigen<\/strong> oder <strong>neutralen pH-Wert<\/strong> haben.<br \/>\nEbenso f\u00fchlt sich diese Mini-Konifere in einem <strong>K\u00fcbel<\/strong>, einem <strong>Topf<\/strong> oder einem <strong>Blumenbeet<\/strong> wohl.<br \/>\nSie hat keine Angst vor der K\u00e4lte, da sie <strong>Temperaturen unter -20\u00b0 C<\/strong> standh\u00e4lt.<\/p>\n<p>F\u00fcr eine gute Vorbereitung des Topfes oder des Pflanzlochs haben wir <a href=\"https:\/\/www.vallonchene.fr\/de\/wie-man-pflanzen-pflanzt-und-pflegt\/\" target=\"_blank\" rel=\"noreferrer noopener\"><strong>hier eine spezielle Anleitung zusammengestellt<\/strong><\/a>. Entdecken Sie hier, <a href=\"https:\/\/www.vallonchene.fr\/de\/den-garten-richtig-bewaessern-und-wasser-sparen\/\"><strong>wie man den Garten richtig bew\u00e4ssert und gleichzeitig Wasser spart<\/strong><\/a>.<\/p>\n<h2>Geschichte und Herkunft<\/h2>\n<p>Anfangs tauchte CRYPTOMERIA japonica erstmals 1781 unter dem Namen CUPRESSUS japonica auf. Sp\u00e4ter, im Jahr 1839, wurde sie unter dem Namen identifiziert, den wir heute kennen.<\/p>\n<p>Weiterhin finden Sicheltannen ihren Ursprung in Ostasien und insbesondere in Japan und China. \u00dcberdies finden wir auch den Namen CRYPTOMERIA japonica var. sinensis oder sogar CRYPTOMERIA Fortunei. Sie unterscheiden sich jedoch nicht von den nat\u00fcrlichen Sorten, die in der Wildnis Japans vorkommen.<br \/>\nGenetische Analysen von Exemplaren auf dem <strong><a href=\"https:\/\/www.google.com\/url?sa=t&amp;rct=j&amp;q=&amp;esrc=s&amp;source=web&amp;cd=&amp;cad=rja&amp;uact=8&amp;ved=2ahUKEwjItMWe_eiCAxXzVaQEHRaZCeMQFnoECBAQAQ&amp;url=https%3A%2F%2Fde.wikipedia.org%2Fwiki%2FTianmu_Shan&amp;usg=AOvVaw20L622lQNRruxBtgx_S2r2&amp;opi=89978449\" target=\"_blank\" rel=\"noopener\">Tianmu Shan<\/a><\/strong> in China st\u00fctzen die Hypothese, dass es sich um eine Einf\u00fchrung handelt.<\/p>\n<p>Ansonsten wurde CRYPTOMERIA Mitte des 19. Jahrhunderts zur Holzgewinnung auf den <strong><a href=\"https:\/\/de.wikipedia.org\/wiki\/Azoren\" target=\"_blank\" rel=\"noopener\">Azoren<\/a><\/strong> eingef\u00fchrt.<\/p>\n<p>Schlie\u00dflich ist das Holz sehr duftend und resistent gegen Witterungseinfl\u00fcsse und Insekten. Es l\u00e4sst sich leicht s\u00e4gen und verarbeiten und wird zur Herstellung von M\u00f6beln und Innendekorationen verwendet. Letztendlich ist dieses Holz leicht, aber dennoch stark und wasserbest\u00e4ndig.<\/p>\n","protected":false},"excerpt":{"rendered":"<p>Diese <strong>Sicheltanne (Sugi, japanische Zeder) <\/strong>entwickelt ihre Zweige in F\u00e4cherform. <strong>CRYPTOMERIA japonica &#8218;Tomahawk&#8216;<\/strong> ist eine Zwergvariante mit einem kompakten Wuchs.<\/p>\n","protected":false},"featured_media":45215,"comment_status":"open","ping_status":"closed","template":"","meta":[],"product_brand":[],"product_cat":[255,10733],"product_tag":[],"class_list":{"0":"post-24118","1":"product","2":"type-product","3":"status-publish","4":"has-post-thumbnail","6":"product_cat-koniferen-de","7":"product_cat-seltene-pflanzen-sammlerpflanzen","8":"pa_99-hauteurapproximativeapres1-50_100cm-de","9":"pa_couleurdelecorce-kupferfarben-de","10":"pa_couleurdufeuillage-grun-de","11":"pa_exigencesenhumidite-feucht-de","12":"pa_exigencesenhumidite-normal-de","13":"pa_exigencesenhumidite-trocken-de","14":"pa_expositionspossibles-ce-halbschattigsonnezw12und17-de","15":"pa_expositionspossibles-sonnigvon12bis17uhr-de","16":"pa_hauteurlivree-20-bis-30-cm","17":"pa_hauteurlivree-20-bis-25cm","18":"pa_hauteurlivree-25-bis-30-cm","19":"pa_hauteurlivree-30-bis-40-cm","20":"pa_hauteurlivree-40-bis-50-cm","21":"pa_interetauprintemps-form-de","22":"pa_interetauprintemps-jungesprossen-de","23":"pa_interetauprintemps-laub-de","24":"pa_interetenautomne-form-de","25":"pa_interetenautomne-laub-de","26":"pa_interetenete-form-de","27":"pa_interetenete-laub-de","28":"pa_interetenhiver-form-de","29":"pa_interetenhiver-laub-de","30":"pa_naturedufeuillage-immergrun-de","31":"pa_naturesdesolpossibles-leicht-de","32":"pa_naturesdesolpossibles-normal-de","33":"pa_particularites-furbonsaigeeignet-de","34":"pa_phdusolacceptable-kalkigmehrals75-de","35":"pa_phdusolacceptable-neutralzw65u75-de","36":"pa_phdusolacceptable-sauerwenigerals65-de","37":"pa_portgraphisme-rund-de","38":"pa_resistanceaufroidrusticite-frostbestandigbis_20c-de","39":"pa_tailledepot-15liter_topf-de","40":"pa_tailledepot-4liter_topf-de","41":"pa_tailledepot-75liter_topf-de","42":"pa_utilisationpossible-beet-de","43":"pa_utilisationpossible-kubelodertopf-de","45":"first","46":"instock","47":"taxable","48":"shipping-taxable","49":"purchasable","50":"product-type-variable"},"supplier_id":null,"supplier_sku":"","barcode":null,"atum_controlled":true,"out_stock_date":null,"out_stock_threshold":null,"inheritable":true,"inbound_stock":0,"stock_on_hold":0,"sold_today":0,"sales_last_days":0,"reserved_stock":0,"customer_returns":0,"warehouse_damage":0,"lost_in_post":0,"other_logs":0,"out_stock_days":null,"lost_sales":0,"has_location":false,"update_date":"2026-04-15T12:22:48","atum_locations":[],"atum_stock_status":"outofstock","restock_status":false,"low_stock_amount":"","sales_update_date":"2026-02-18T15:50:19","calc_backorders":null,"yoast_head":"<!-- This site is optimized with the Yoast SEO Premium plugin v27.5 (Yoast SEO v27.5) - https:\/\/yoast.com\/product\/yoast-seo-premium-wordpress\/ -->\n<title>CRYPTOMERIA japonica &#039;Tomahawk&#039; - Sicheltanne, Sugi<\/title>\n<meta name=\"description\" content=\"Diese Sicheltanne (Sugi, japanische Zeder) entwickelt ihre Zweige in F\u00e4cherform. CRYPTOMERIA japonica &#039;Tomahawk&#039; ist eine Zwergvariante.\" \/>\n<meta name=\"robots\" content=\"index, follow, max-snippet:-1, max-image-preview:large, max-video-preview:-1\" \/>\n<link rel=\"canonical\" href=\"https:\/\/www.vallonchene.fr\/de\/produkt\/cryptomeria-japonica-tomahawk\/\" \/>\n<meta property=\"og:locale\" content=\"de_DE\" \/>\n<meta property=\"og:type\" content=\"article\" \/>\n<meta property=\"og:title\" content=\"CRYPTOMERIA japonica &#039;Tomahawk&#039;\" \/>\n<meta property=\"og:description\" content=\"Diese Sicheltanne (Sugi, japanische Zeder) entwickelt ihre Zweige in F\u00e4cherform. CRYPTOMERIA japonica &#039;Tomahawk&#039; ist eine Zwergvariante.\" \/>\n<meta property=\"og:url\" content=\"https:\/\/www.vallonchene.fr\/de\/produkt\/cryptomeria-japonica-tomahawk\/\" \/>\n<meta property=\"og:site_name\" content=\"Vallonch\u00eane\" \/>\n<meta property=\"article:publisher\" content=\"https:\/\/www.facebook.com\/vallonchene.fr\" \/>\n<meta property=\"article:modified_time\" content=\"2026-04-27T06:44:11+00:00\" \/>\n<meta property=\"og:image\" content=\"https:\/\/www.vallonchene.fr\/wp-content\/uploads\/2023\/11\/CRYPTOMERIA-japonica-Tomahawk_03.webp\" \/>\n\t<meta property=\"og:image:width\" content=\"1200\" \/>\n\t<meta property=\"og:image:height\" content=\"1200\" \/>\n\t<meta property=\"og:image:type\" content=\"image\/webp\" \/>\n<meta name=\"twitter:card\" content=\"summary_large_image\" \/>\n<meta name=\"twitter:label1\" content=\"Verf\u00fcgbarkeit\" \/>\n\t<meta name=\"twitter:data1\" content=\"Vorr\u00e4tig\" \/>\n<script type=\"application\/ld+json\" class=\"yoast-schema-graph\">{\"@context\":\"https:\\\/\\\/schema.org\",\"@graph\":[{\"@type\":\"WebPage\",\"@id\":\"https:\\\/\\\/www.vallonchene.fr\\\/de\\\/produkt\\\/cryptomeria-japonica-tomahawk\\\/\",\"url\":\"https:\\\/\\\/www.vallonchene.fr\\\/de\\\/produkt\\\/cryptomeria-japonica-tomahawk\\\/\",\"name\":\"CRYPTOMERIA japonica 'Tomahawk' - Sicheltanne, Sugi\",\"isPartOf\":{\"@id\":\"https:\\\/\\\/www.vallonchene.fr\\\/de\\\/#website\"},\"primaryImageOfPage\":{\"@id\":\"https:\\\/\\\/www.vallonchene.fr\\\/de\\\/produkt\\\/cryptomeria-japonica-tomahawk\\\/#primaryimage\"},\"image\":{\"@id\":\"https:\\\/\\\/www.vallonchene.fr\\\/de\\\/produkt\\\/cryptomeria-japonica-tomahawk\\\/#primaryimage\"},\"thumbnailUrl\":\"https:\\\/\\\/www.vallonchene.fr\\\/wp-content\\\/uploads\\\/2023\\\/11\\\/CRYPTOMERIA-japonica-Tomahawk_03.webp\",\"datePublished\":\"2021-10-30T15:53:49+00:00\",\"dateModified\":\"2026-04-27T06:44:11+00:00\",\"description\":\"Diese Sicheltanne (Sugi, japanische Zeder) entwickelt ihre Zweige in F\u00e4cherform. CRYPTOMERIA japonica 'Tomahawk' ist eine Zwergvariante.\",\"breadcrumb\":{\"@id\":\"https:\\\/\\\/www.vallonchene.fr\\\/de\\\/produkt\\\/cryptomeria-japonica-tomahawk\\\/#breadcrumb\"},\"inLanguage\":\"de\",\"potentialAction\":[{\"@type\":\"ReadAction\",\"target\":[\"https:\\\/\\\/www.vallonchene.fr\\\/de\\\/produkt\\\/cryptomeria-japonica-tomahawk\\\/\"]}]},{\"@type\":\"ImageObject\",\"inLanguage\":\"de\",\"@id\":\"https:\\\/\\\/www.vallonchene.fr\\\/de\\\/produkt\\\/cryptomeria-japonica-tomahawk\\\/#primaryimage\",\"url\":\"https:\\\/\\\/www.vallonchene.fr\\\/wp-content\\\/uploads\\\/2023\\\/11\\\/CRYPTOMERIA-japonica-Tomahawk_03.webp\",\"contentUrl\":\"https:\\\/\\\/www.vallonchene.fr\\\/wp-content\\\/uploads\\\/2023\\\/11\\\/CRYPTOMERIA-japonica-Tomahawk_03.webp\",\"width\":1200,\"height\":1200,\"caption\":\"Hahnenkammf\u00f6rmiges Laub von CRYPTOMERIA japonica 'Tomahawk'\"},{\"@type\":\"BreadcrumbList\",\"@id\":\"https:\\\/\\\/www.vallonchene.fr\\\/de\\\/produkt\\\/cryptomeria-japonica-tomahawk\\\/#breadcrumb\",\"itemListElement\":[{\"@type\":\"ListItem\",\"position\":1,\"name\":\"Home\",\"item\":\"https:\\\/\\\/www.vallonchene.fr\\\/de\\\/\"},{\"@type\":\"ListItem\",\"position\":2,\"name\":\"Shop\",\"item\":\"https:\\\/\\\/www.vallonchene.fr\\\/de\\\/shop\\\/\"},{\"@type\":\"ListItem\",\"position\":3,\"name\":\"Online-Verkauf\",\"item\":\"https:\\\/\\\/www.vallonchene.fr\\\/de\\\/produkt-kategorie\\\/online-verkauf-de\\\/\"},{\"@type\":\"ListItem\",\"position\":4,\"name\":\"Baumschule\",\"item\":\"https:\\\/\\\/www.vallonchene.fr\\\/de\\\/produkt-kategorie\\\/online-verkauf-de\\\/baumschule-gaertnerei-de\\\/\"},{\"@type\":\"ListItem\",\"position\":5,\"name\":\"Koniferen\",\"item\":\"https:\\\/\\\/www.vallonchene.fr\\\/de\\\/produkt-kategorie\\\/online-verkauf-de\\\/baumschule-gaertnerei-de\\\/koniferen-de\\\/\"},{\"@type\":\"ListItem\",\"position\":6,\"name\":\"CRYPTOMERIA japonica &#8216;Tomahawk&#8217;\"}]},{\"@type\":\"WebSite\",\"@id\":\"https:\\\/\\\/www.vallonchene.fr\\\/de\\\/#website\",\"url\":\"https:\\\/\\\/www.vallonchene.fr\\\/de\\\/\",\"name\":\"Vallonch\u00eane\",\"description\":\"Die Baumschule, bei der Qualit\u00e4t ihre Wurzeln hat \u2013 Tel.: +49 (0)6838-5399840\",\"publisher\":{\"@id\":\"https:\\\/\\\/www.vallonchene.fr\\\/de\\\/#organization\"},\"potentialAction\":[{\"@type\":\"SearchAction\",\"target\":{\"@type\":\"EntryPoint\",\"urlTemplate\":\"https:\\\/\\\/www.vallonchene.fr\\\/de\\\/?s={search_term_string}\"},\"query-input\":{\"@type\":\"PropertyValueSpecification\",\"valueRequired\":true,\"valueName\":\"search_term_string\"}}],\"inLanguage\":\"de\"},{\"@type\":\"Organization\",\"@id\":\"https:\\\/\\\/www.vallonchene.fr\\\/de\\\/#organization\",\"name\":\"VALLONCHENE\",\"url\":\"https:\\\/\\\/www.vallonchene.fr\\\/de\\\/\",\"logo\":{\"@type\":\"ImageObject\",\"inLanguage\":\"de\",\"@id\":\"https:\\\/\\\/www.vallonchene.fr\\\/de\\\/#\\\/schema\\\/logo\\\/image\\\/\",\"url\":\"https:\\\/\\\/www.vallonchene.fr\\\/wp-content\\\/uploads\\\/2023\\\/03\\\/Logo-Vallonchene-site-et-R_hauteur_100.png\",\"contentUrl\":\"https:\\\/\\\/www.vallonchene.fr\\\/wp-content\\\/uploads\\\/2023\\\/03\\\/Logo-Vallonchene-site-et-R_hauteur_100.png\",\"width\":221,\"height\":100,\"caption\":\"VALLONCHENE\"},\"image\":{\"@id\":\"https:\\\/\\\/www.vallonchene.fr\\\/de\\\/#\\\/schema\\\/logo\\\/image\\\/\"},\"sameAs\":[\"https:\\\/\\\/www.facebook.com\\\/vallonchene.fr\",\"https:\\\/\\\/www.instagram.com\\\/vallonchene\\\/\",\"https:\\\/\\\/www.pinterest.fr\\\/vallonchene\\\/\"],\"taxID\":\"49454502300017\",\"hasMerchantReturnPolicy\":{\"@type\":\"MerchantReturnPolicy\",\"merchantReturnLink\":\"https:\\\/\\\/www.vallonchene.fr\\\/remboursements_retours\\\/\"}}]}<\/script>\n<meta property=\"og:availability\" content=\"instock\" \/>\n<meta property=\"product:availability\" content=\"instock\" \/>\n<meta property=\"product:retailer_item_id\" content=\"31113\" \/>\n<meta property=\"product:condition\" content=\"new\" \/>\n<!-- \/ Yoast SEO Premium plugin. -->","yoast_head_json":{"title":"CRYPTOMERIA japonica 'Tomahawk' - Sicheltanne, Sugi","description":"Diese Sicheltanne (Sugi, japanische Zeder) entwickelt ihre Zweige in F\u00e4cherform. CRYPTOMERIA japonica 'Tomahawk' ist eine Zwergvariante.","robots":{"index":"index","follow":"follow","max-snippet":"max-snippet:-1","max-image-preview":"max-image-preview:large","max-video-preview":"max-video-preview:-1"},"canonical":"https:\/\/www.vallonchene.fr\/de\/produkt\/cryptomeria-japonica-tomahawk\/","og_locale":"de_DE","og_type":"article","og_title":"CRYPTOMERIA japonica 'Tomahawk'","og_description":"Diese Sicheltanne (Sugi, japanische Zeder) entwickelt ihre Zweige in F\u00e4cherform. CRYPTOMERIA japonica 'Tomahawk' ist eine Zwergvariante.","og_url":"https:\/\/www.vallonchene.fr\/de\/produkt\/cryptomeria-japonica-tomahawk\/","og_site_name":"Vallonch\u00eane","article_publisher":"https:\/\/www.facebook.com\/vallonchene.fr","article_modified_time":"2026-04-27T06:44:11+00:00","og_image":[{"width":1200,"height":1200,"url":"https:\/\/www.vallonchene.fr\/wp-content\/uploads\/2023\/11\/CRYPTOMERIA-japonica-Tomahawk_03.webp","type":"image\/webp"}],"twitter_card":"summary_large_image","twitter_misc":{"Verf\u00fcgbarkeit":"Vorr\u00e4tig"},"schema":{"@context":"https:\/\/schema.org","@graph":[{"@type":"WebPage","@id":"https:\/\/www.vallonchene.fr\/de\/produkt\/cryptomeria-japonica-tomahawk\/","url":"https:\/\/www.vallonchene.fr\/de\/produkt\/cryptomeria-japonica-tomahawk\/","name":"CRYPTOMERIA japonica 'Tomahawk' - Sicheltanne, Sugi","isPartOf":{"@id":"https:\/\/www.vallonchene.fr\/de\/#website"},"primaryImageOfPage":{"@id":"https:\/\/www.vallonchene.fr\/de\/produkt\/cryptomeria-japonica-tomahawk\/#primaryimage"},"image":{"@id":"https:\/\/www.vallonchene.fr\/de\/produkt\/cryptomeria-japonica-tomahawk\/#primaryimage"},"thumbnailUrl":"https:\/\/www.vallonchene.fr\/wp-content\/uploads\/2023\/11\/CRYPTOMERIA-japonica-Tomahawk_03.webp","datePublished":"2021-10-30T15:53:49+00:00","dateModified":"2026-04-27T06:44:11+00:00","description":"Diese Sicheltanne (Sugi, japanische Zeder) entwickelt ihre Zweige in F\u00e4cherform. CRYPTOMERIA japonica 'Tomahawk' ist eine Zwergvariante.","breadcrumb":{"@id":"https:\/\/www.vallonchene.fr\/de\/produkt\/cryptomeria-japonica-tomahawk\/#breadcrumb"},"inLanguage":"de","potentialAction":[{"@type":"ReadAction","target":["https:\/\/www.vallonchene.fr\/de\/produkt\/cryptomeria-japonica-tomahawk\/"]}]},{"@type":"ImageObject","inLanguage":"de","@id":"https:\/\/www.vallonchene.fr\/de\/produkt\/cryptomeria-japonica-tomahawk\/#primaryimage","url":"https:\/\/www.vallonchene.fr\/wp-content\/uploads\/2023\/11\/CRYPTOMERIA-japonica-Tomahawk_03.webp","contentUrl":"https:\/\/www.vallonchene.fr\/wp-content\/uploads\/2023\/11\/CRYPTOMERIA-japonica-Tomahawk_03.webp","width":1200,"height":1200,"caption":"Hahnenkammf\u00f6rmiges Laub von CRYPTOMERIA japonica 'Tomahawk'"},{"@type":"BreadcrumbList","@id":"https:\/\/www.vallonchene.fr\/de\/produkt\/cryptomeria-japonica-tomahawk\/#breadcrumb","itemListElement":[{"@type":"ListItem","position":1,"name":"Home","item":"https:\/\/www.vallonchene.fr\/de\/"},{"@type":"ListItem","position":2,"name":"Shop","item":"https:\/\/www.vallonchene.fr\/de\/shop\/"},{"@type":"ListItem","position":3,"name":"Online-Verkauf","item":"https:\/\/www.vallonchene.fr\/de\/produkt-kategorie\/online-verkauf-de\/"},{"@type":"ListItem","position":4,"name":"Baumschule","item":"https:\/\/www.vallonchene.fr\/de\/produkt-kategorie\/online-verkauf-de\/baumschule-gaertnerei-de\/"},{"@type":"ListItem","position":5,"name":"Koniferen","item":"https:\/\/www.vallonchene.fr\/de\/produkt-kategorie\/online-verkauf-de\/baumschule-gaertnerei-de\/koniferen-de\/"},{"@type":"ListItem","position":6,"name":"CRYPTOMERIA japonica &#8216;Tomahawk&#8217;"}]},{"@type":"WebSite","@id":"https:\/\/www.vallonchene.fr\/de\/#website","url":"https:\/\/www.vallonchene.fr\/de\/","name":"Vallonch\u00eane","description":"Die Baumschule, bei der Qualit\u00e4t ihre Wurzeln hat \u2013 Tel.: +49 (0)6838-5399840","publisher":{"@id":"https:\/\/www.vallonchene.fr\/de\/#organization"},"potentialAction":[{"@type":"SearchAction","target":{"@type":"EntryPoint","urlTemplate":"https:\/\/www.vallonchene.fr\/de\/?s={search_term_string}"},"query-input":{"@type":"PropertyValueSpecification","valueRequired":true,"valueName":"search_term_string"}}],"inLanguage":"de"},{"@type":"Organization","@id":"https:\/\/www.vallonchene.fr\/de\/#organization","name":"VALLONCHENE","url":"https:\/\/www.vallonchene.fr\/de\/","logo":{"@type":"ImageObject","inLanguage":"de","@id":"https:\/\/www.vallonchene.fr\/de\/#\/schema\/logo\/image\/","url":"https:\/\/www.vallonchene.fr\/wp-content\/uploads\/2023\/03\/Logo-Vallonchene-site-et-R_hauteur_100.png","contentUrl":"https:\/\/www.vallonchene.fr\/wp-content\/uploads\/2023\/03\/Logo-Vallonchene-site-et-R_hauteur_100.png","width":221,"height":100,"caption":"VALLONCHENE"},"image":{"@id":"https:\/\/www.vallonchene.fr\/de\/#\/schema\/logo\/image\/"},"sameAs":["https:\/\/www.facebook.com\/vallonchene.fr","https:\/\/www.instagram.com\/vallonchene\/","https:\/\/www.pinterest.fr\/vallonchene\/"],"taxID":"49454502300017","hasMerchantReturnPolicy":{"@type":"MerchantReturnPolicy","merchantReturnLink":"https:\/\/www.vallonchene.fr\/remboursements_retours\/"}}]},"og_availability":"instock","product_availability":"instock","product_retailer_item_id":"31113","product_condition":"new"},"_links":{"self":[{"href":"https:\/\/www.vallonchene.fr\/de\/wp-json\/wp\/v2\/product\/24118","targetHints":{"allow":["GET"]}}],"collection":[{"href":"https:\/\/www.vallonchene.fr\/de\/wp-json\/wp\/v2\/product"}],"about":[{"href":"https:\/\/www.vallonchene.fr\/de\/wp-json\/wp\/v2\/types\/product"}],"replies":[{"embeddable":true,"href":"https:\/\/www.vallonchene.fr\/de\/wp-json\/wp\/v2\/comments?post=24118"}],"wp:featuredmedia":[{"embeddable":true,"href":"https:\/\/www.vallonchene.fr\/de\/wp-json\/wp\/v2\/media\/45215"}],"wp:attachment":[{"href":"https:\/\/www.vallonchene.fr\/de\/wp-json\/wp\/v2\/media?parent=24118"}],"wp:term":[{"taxonomy":"product_brand","embeddable":true,"href":"https:\/\/www.vallonchene.fr\/de\/wp-json\/wp\/v2\/product_brand?post=24118"},{"taxonomy":"product_cat","embeddable":true,"href":"https:\/\/www.vallonchene.fr\/de\/wp-json\/wp\/v2\/product_cat?post=24118"},{"taxonomy":"product_tag","embeddable":true,"href":"https:\/\/www.vallonchene.fr\/de\/wp-json\/wp\/v2\/product_tag?post=24118"}],"curies":[{"name":"wp","href":"https:\/\/api.w.org\/{rel}","templated":true}]}}