{"id":2405,"date":"2021-08-31T10:54:58","date_gmt":"2021-08-31T10:54:58","guid":{"rendered":"https:\/\/testing.vallonchene.fr\/produit\/cryptomeria-japonica-elegans\/"},"modified":"2025-02-06T10:42:35","modified_gmt":"2025-02-06T09:42:35","slug":"cryptomeria-japonica-elegans","status":"publish","type":"product","link":"https:\/\/www.vallonchene.fr\/de\/produkt\/cryptomeria-japonica-elegans\/","title":{"rendered":"CRYPTOMERIA japonica &#8218;Elegans&#8216;"},"content":{"rendered":"<h2>Die Pflanze<\/h2>\n<p><strong>CRYPTOMERIA japonica &#8218;Elegans&#8216;<\/strong> ist eine au\u00dfergew\u00f6hnliche <strong>Sicheltanne<\/strong>, die Gartenliebhaber und exotische Pflanzenenthusiasten begeistern wird.<\/p>\n<p>Diese botanische Wunderpflanze zeichnet sich durch ihr <strong>feines und elegantes Laub<\/strong> aus, <strong>dessen Farben sich im Laufe der Jahreszeiten \u00e4ndern<\/strong>. Im Sommer zeigen ihre Nadeln ein helles und leuchtendes Gr\u00fcn. Im Winter nehmen sie dann einen typischen und warmen r\u00f6tlich-braunen Farbton an. So verleihen Sie Ihrem Garten w\u00e4hrend der k\u00e4ltesten Monate einen Farbtupfer.   <\/p>\n<p>Ferner zeichnet sich diese Sorte der CRYPTOMERIA durch ihr <strong>langsames Wachstum<\/strong> und ihre <strong>runde Form<\/strong> aus. Das Exemplar auf dem Foto befindet sich im <strong><a href=\"https:\/\/jardin.vallonchene.fr\/de\/\">Jardin de Vallonch\u00eane<\/a><\/strong> und ist etwa zwanzig Jahre alt. <\/p>\n<p>Abschlie\u00dfend f\u00fcgt sich dieser Nadelbaum perfekt in japanische G\u00e4rten, Hecken und Beete ein und bringt eine Note von Exotik und Gelassenheit in jeden Gr\u00fcnbereich.<\/p>\n<h2>Wie pflanzt und pflegt man CRYPTOMERIA japonica &#8218;Elegans&#8216;?<\/h2>\n<h3>Pflanzung<\/h3>\n<p>Um die Vorteile dieser wundersch\u00f6nen Pflanze voll auszusch\u00f6pfen, ist es wichtig, einige wichtige Schritte bei der Pflanzung zu befolgen.<\/p>\n<ol>\n<li>W\u00e4hlen Sie einen sonnigen oder halbschattigen Standort.<\/li>\n<li>Der Boden kann sauer, neutral oder kalkhaltig sein, und die Erde kann leicht, normal oder schwer sein.<\/li>\n<li><a href=\"https:\/\/www.vallonchene.fr\/comment-planter-et-entretenir-des-vegetaux\/comment-planter-et-entretenir-arbres-arbustes-et-coniferes\/\" target=\"_blank\" rel=\"noreferrer noopener\"><strong>F\u00fcr eine gute Vorbereitung des Pflanzlochs haben wir spezielle Anweisungen entwickelt, die hier verf\u00fcgbar sind. <\/strong><\/a><\/li>\n<\/ol>\n<h3>Pflege<\/h3>\n<ol>\n<li>Gie\u00dfen Sie regelm\u00e4\u00dfig (insbesondere w\u00e4hrend Trockenperioden), besonders in den ersten Jahren, um ein gutes Anwachsen zu gew\u00e4hrleisten.<\/li>\n<li>Eine Mulchschicht am Fu\u00df des Baumes hilft, die Feuchtigkeit zu bewahren und die Wurzeln vor der winterlichen K\u00e4lte zu sch\u00fctzen.<\/li>\n<li>Was den Schnitt betrifft, ist dieser nicht erforderlich, es sei denn, es m\u00fcssen tote oder kranke \u00c4ste entfernt werden. F\u00fchren Sie dies Anfang M\u00e4rz durch. <\/li>\n<li><a href=\"https:\/\/www.vallonchene.fr\/comment-bien-arroser-le-jardin-et-economiser-leau\/\"><strong>Lesen Sie hier auch unsere Tipps zum richtigen Gie\u00dfen und Wassersparen<\/strong><\/a>.<\/li>\n<\/ol>\n<h2>Geschichte und Herkunft von CRYPTOMERIA japonica &#8218;Elegans&#8216;<\/h2>\n<p>Der aus Japan stammende CRYPTOMERIA japonica, auch bekannt als Sicheltanne, wird in seinem Heimatland seit Jahrhunderten verehrt. Er wird oft in der N\u00e4he von Tempeln und Schreinen gepflanzt und symbolisiert Langlebigkeit und spirituellen Schutz. <\/p>\n<p>Die Sorte &#8218;Elegans&#8216; wurde im 19. Jahrhundert nach Europa eingef\u00fchrt, wo sie die G\u00e4rtner schnell mit ihrem wechselnden und eleganten Laub \u00fcberzeugte. Heute wird sie f\u00fcr ihre F\u00e4higkeit gesch\u00e4tzt, sich an verschiedene Klimazonen anzupassen und G\u00e4rten mit ihrer majest\u00e4tischen und beruhigenden Pr\u00e4senz zu versch\u00f6nern. <\/p>\n<p>Abschlie\u00dfend ist CRYPTOMERIA japonica &#8218;Elegans&#8216; ein wahres botanisches Juwel, das einen besonderen Platz in Ihrem Garten verdient. Mit seinen \u00e4sthetischen Qualit\u00e4ten, seiner Pflegeleichtigkeit und seiner reichen Geschichte wird er Ihnen das ganze Jahr \u00fcber Zufriedenheit und Staunen bringen. Lassen Sie sich von seiner zeitlosen Eleganz verzaubern.  <\/p>\n","protected":false},"excerpt":{"rendered":"<p>Diese <b>Sicheltanne<\/b> ist im Sommer gr\u00fcn und wird im Winter r\u00f6tlich-braun. <b>CRYPTOMERIA japonica &#8218;Elegans&#8216;<\/b> ist sehr gut f\u00fcr alle Arten von Schnitt geeignet. Sein leichtes Laub \u00e4hnelt, wenn \u00e4lter, Wolken.  <\/p>\n","protected":false},"featured_media":52295,"comment_status":"open","ping_status":"closed","template":"","meta":[],"product_brand":[],"product_cat":[255],"product_tag":[11347,11346,12284,12283,11349,11348],"class_list":{"0":"post-2405","1":"product","2":"type-product","3":"status-publish","4":"has-post-thumbnail","6":"product_cat-koniferen-de","7":"product_tag-cryptomeria-de","8":"product_tag-cryptomeria-japonica-de","9":"product_tag-cryptomeria-japonica-elegans-de","10":"product_tag-elegans-de","11":"product_tag-japanische-zeder-de","12":"product_tag-sicheltanne-de","13":"pa_99-hauteurapproximativeapres1-2_3m-de","14":"pa_couleurdelecorce-orange-de","15":"pa_couleurdufeuillage-grun-de","16":"pa_couleurdufeuillage-orange-de","17":"pa_exigencesenhumidite-feucht-de","18":"pa_exigencesenhumidite-normal-de","19":"pa_exigencesenhumidite-sehrfeucht-de","20":"pa_expositionspossibles-ce-halbschattigsonnezw12und17-de","21":"pa_expositionspossibles-sonnigvon12bis17uhr-de","22":"pa_hauteurlivree-70-bis-80-cm","23":"pa_hauteurlivree-80-bis-100-cm","24":"pa_interetauprintemps-form-de","25":"pa_interetauprintemps-laub-de","26":"pa_interetauprintemps-rinde-de","27":"pa_interetenautomne-form-de","28":"pa_interetenautomne-laub-de","29":"pa_interetenautomne-rinde-de","30":"pa_interetenete-form-de","31":"pa_interetenete-laub-de","32":"pa_interetenete-rinde-de","33":"pa_interetenhiver-form-de","34":"pa_interetenhiver-laub-de","35":"pa_interetenhiver-rinde-de","36":"pa_naturedufeuillage-immergrun-de","37":"pa_naturesdesolpossibles-leicht-de","38":"pa_naturesdesolpossibles-normal-de","39":"pa_naturesdesolpossibles-schwer-de","40":"pa_periodedetaille-marz-de","41":"pa_phdusolacceptable-kalkigmehrals75-de","42":"pa_phdusolacceptable-neutralzw65u75-de","43":"pa_phdusolacceptable-sauerwenigerals65-de","44":"pa_portgraphisme-rund-de","45":"pa_resistanceaufroidrusticite-frostbestandigunter_20c-de","46":"pa_tailledepot-75liter_topf-de","47":"pa_utilisationpossible-alleinstehend-de","48":"pa_utilisationpossible-beet-de","50":"first","51":"instock","52":"taxable","53":"shipping-taxable","54":"purchasable","55":"product-type-variable","56":"has-default-attributes"},"supplier_id":null,"supplier_sku":"","barcode":null,"atum_controlled":true,"out_stock_date":"2024-09-27 08:29:38","out_stock_threshold":null,"inheritable":true,"inbound_stock":0,"stock_on_hold":1,"sold_today":0,"sales_last_days":1,"reserved_stock":0,"customer_returns":0,"warehouse_damage":0,"lost_in_post":0,"other_logs":0,"out_stock_days":428,"lost_sales":0,"has_location":false,"update_date":"2026-04-14T10:07:05","atum_locations":[],"atum_stock_status":"instock","restock_status":false,"low_stock_amount":"","sales_update_date":"2025-07-23T15:50:39","calc_backorders":null,"yoast_head":"<!-- This site is optimized with the Yoast SEO Premium plugin v27.5 (Yoast SEO v27.5) - https:\/\/yoast.com\/product\/yoast-seo-premium-wordpress\/ -->\n<title>CRYPTOMERIA japonica &#039;Elegans&#039; - Sicheltanne, Sugi<\/title>\n<meta name=\"description\" content=\"Diese Sicheltanne ist im Sommer gr\u00fcn und wird im Winter r\u00f6tlich-braun. Das leichte Laub der CRYPTOMERIA japonica &#039;Elegans&#039; \u00e4hnelt, wenn \u00e4lter, Wolken.\" \/>\n<meta name=\"robots\" content=\"index, follow, max-snippet:-1, max-image-preview:large, max-video-preview:-1\" \/>\n<link rel=\"canonical\" href=\"https:\/\/www.vallonchene.fr\/de\/produkt\/cryptomeria-japonica-elegans\/\" \/>\n<meta property=\"og:locale\" content=\"de_DE\" \/>\n<meta property=\"og:type\" content=\"article\" \/>\n<meta property=\"og:title\" content=\"CRYPTOMERIA japonica &#039;Elegans&#039;\" \/>\n<meta property=\"og:description\" content=\"Diese Sicheltanne ist im Sommer gr\u00fcn und wird im Winter r\u00f6tlich-braun. Das leichte Laub der CRYPTOMERIA japonica &#039;Elegans&#039; \u00e4hnelt, wenn \u00e4lter, Wolken.\" \/>\n<meta property=\"og:url\" content=\"https:\/\/www.vallonchene.fr\/de\/produkt\/cryptomeria-japonica-elegans\/\" \/>\n<meta property=\"og:site_name\" content=\"Vallonch\u00eane\" \/>\n<meta property=\"article:publisher\" content=\"https:\/\/www.facebook.com\/vallonchene.fr\" \/>\n<meta property=\"article:modified_time\" content=\"2025-02-06T09:42:35+00:00\" \/>\n<meta property=\"og:image\" content=\"https:\/\/www.vallonchene.fr\/wp-content\/uploads\/2025\/02\/CRYPTOMERIA-japonica-Elegans_01.webp\" \/>\n\t<meta property=\"og:image:width\" content=\"1200\" \/>\n\t<meta property=\"og:image:height\" content=\"1200\" \/>\n\t<meta property=\"og:image:type\" content=\"image\/webp\" \/>\n<meta name=\"twitter:card\" content=\"summary_large_image\" \/>\n<meta name=\"twitter:label1\" content=\"Verf\u00fcgbarkeit\" \/>\n\t<meta name=\"twitter:data1\" content=\"Vorr\u00e4tig\" \/>\n<script type=\"application\/ld+json\" class=\"yoast-schema-graph\">{\"@context\":\"https:\\\/\\\/schema.org\",\"@graph\":[{\"@type\":\"WebPage\",\"@id\":\"https:\\\/\\\/www.vallonchene.fr\\\/de\\\/produkt\\\/cryptomeria-japonica-elegans\\\/\",\"url\":\"https:\\\/\\\/www.vallonchene.fr\\\/de\\\/produkt\\\/cryptomeria-japonica-elegans\\\/\",\"name\":\"CRYPTOMERIA japonica 'Elegans' - Sicheltanne, Sugi\",\"isPartOf\":{\"@id\":\"https:\\\/\\\/www.vallonchene.fr\\\/de\\\/#website\"},\"primaryImageOfPage\":{\"@id\":\"https:\\\/\\\/www.vallonchene.fr\\\/de\\\/produkt\\\/cryptomeria-japonica-elegans\\\/#primaryimage\"},\"image\":{\"@id\":\"https:\\\/\\\/www.vallonchene.fr\\\/de\\\/produkt\\\/cryptomeria-japonica-elegans\\\/#primaryimage\"},\"thumbnailUrl\":\"https:\\\/\\\/www.vallonchene.fr\\\/wp-content\\\/uploads\\\/2025\\\/02\\\/CRYPTOMERIA-japonica-Elegans_01.webp\",\"datePublished\":\"2021-08-31T10:54:58+00:00\",\"dateModified\":\"2025-02-06T09:42:35+00:00\",\"description\":\"Diese Sicheltanne ist im Sommer gr\u00fcn und wird im Winter r\u00f6tlich-braun. Das leichte Laub der CRYPTOMERIA japonica 'Elegans' \u00e4hnelt, wenn \u00e4lter, Wolken.\",\"breadcrumb\":{\"@id\":\"https:\\\/\\\/www.vallonchene.fr\\\/de\\\/produkt\\\/cryptomeria-japonica-elegans\\\/#breadcrumb\"},\"inLanguage\":\"de\",\"potentialAction\":[{\"@type\":\"ReadAction\",\"target\":[\"https:\\\/\\\/www.vallonchene.fr\\\/de\\\/produkt\\\/cryptomeria-japonica-elegans\\\/\"]}]},{\"@type\":\"ImageObject\",\"inLanguage\":\"de\",\"@id\":\"https:\\\/\\\/www.vallonchene.fr\\\/de\\\/produkt\\\/cryptomeria-japonica-elegans\\\/#primaryimage\",\"url\":\"https:\\\/\\\/www.vallonchene.fr\\\/wp-content\\\/uploads\\\/2025\\\/02\\\/CRYPTOMERIA-japonica-Elegans_01.webp\",\"contentUrl\":\"https:\\\/\\\/www.vallonchene.fr\\\/wp-content\\\/uploads\\\/2025\\\/02\\\/CRYPTOMERIA-japonica-Elegans_01.webp\",\"width\":1200,\"height\":1200,\"caption\":\"Nahaufnahme des gr\u00fcnen Laubes von CRYPTOMERIA japonica 'Elegans'\"},{\"@type\":\"BreadcrumbList\",\"@id\":\"https:\\\/\\\/www.vallonchene.fr\\\/de\\\/produkt\\\/cryptomeria-japonica-elegans\\\/#breadcrumb\",\"itemListElement\":[{\"@type\":\"ListItem\",\"position\":1,\"name\":\"Home\",\"item\":\"https:\\\/\\\/www.vallonchene.fr\\\/de\\\/\"},{\"@type\":\"ListItem\",\"position\":2,\"name\":\"Shop\",\"item\":\"https:\\\/\\\/www.vallonchene.fr\\\/de\\\/shop\\\/\"},{\"@type\":\"ListItem\",\"position\":3,\"name\":\"Online-Verkauf\",\"item\":\"https:\\\/\\\/www.vallonchene.fr\\\/de\\\/produkt-kategorie\\\/online-verkauf-de\\\/\"},{\"@type\":\"ListItem\",\"position\":4,\"name\":\"Baumschule\",\"item\":\"https:\\\/\\\/www.vallonchene.fr\\\/de\\\/produkt-kategorie\\\/online-verkauf-de\\\/baumschule-gaertnerei-de\\\/\"},{\"@type\":\"ListItem\",\"position\":5,\"name\":\"Koniferen\",\"item\":\"https:\\\/\\\/www.vallonchene.fr\\\/de\\\/produkt-kategorie\\\/online-verkauf-de\\\/baumschule-gaertnerei-de\\\/koniferen-de\\\/\"},{\"@type\":\"ListItem\",\"position\":6,\"name\":\"CRYPTOMERIA japonica &#8218;Elegans&#8216;\"}]},{\"@type\":\"WebSite\",\"@id\":\"https:\\\/\\\/www.vallonchene.fr\\\/de\\\/#website\",\"url\":\"https:\\\/\\\/www.vallonchene.fr\\\/de\\\/\",\"name\":\"Vallonch\u00eane\",\"description\":\"Die Baumschule, bei der Qualit\u00e4t ihre Wurzeln hat \u2013 Tel.: +49 (0)6838-5399840\",\"publisher\":{\"@id\":\"https:\\\/\\\/www.vallonchene.fr\\\/de\\\/#organization\"},\"potentialAction\":[{\"@type\":\"SearchAction\",\"target\":{\"@type\":\"EntryPoint\",\"urlTemplate\":\"https:\\\/\\\/www.vallonchene.fr\\\/de\\\/?s={search_term_string}\"},\"query-input\":{\"@type\":\"PropertyValueSpecification\",\"valueRequired\":true,\"valueName\":\"search_term_string\"}}],\"inLanguage\":\"de\"},{\"@type\":\"Organization\",\"@id\":\"https:\\\/\\\/www.vallonchene.fr\\\/de\\\/#organization\",\"name\":\"VALLONCHENE\",\"url\":\"https:\\\/\\\/www.vallonchene.fr\\\/de\\\/\",\"logo\":{\"@type\":\"ImageObject\",\"inLanguage\":\"de\",\"@id\":\"https:\\\/\\\/www.vallonchene.fr\\\/de\\\/#\\\/schema\\\/logo\\\/image\\\/\",\"url\":\"https:\\\/\\\/www.vallonchene.fr\\\/wp-content\\\/uploads\\\/2023\\\/03\\\/Logo-Vallonchene-site-et-R_hauteur_100.png\",\"contentUrl\":\"https:\\\/\\\/www.vallonchene.fr\\\/wp-content\\\/uploads\\\/2023\\\/03\\\/Logo-Vallonchene-site-et-R_hauteur_100.png\",\"width\":221,\"height\":100,\"caption\":\"VALLONCHENE\"},\"image\":{\"@id\":\"https:\\\/\\\/www.vallonchene.fr\\\/de\\\/#\\\/schema\\\/logo\\\/image\\\/\"},\"sameAs\":[\"https:\\\/\\\/www.facebook.com\\\/vallonchene.fr\",\"https:\\\/\\\/www.instagram.com\\\/vallonchene\\\/\",\"https:\\\/\\\/www.pinterest.fr\\\/vallonchene\\\/\"],\"taxID\":\"49454502300017\",\"hasMerchantReturnPolicy\":{\"@type\":\"MerchantReturnPolicy\",\"merchantReturnLink\":\"https:\\\/\\\/www.vallonchene.fr\\\/remboursements_retours\\\/\"}}]}<\/script>\n<meta property=\"og:availability\" content=\"instock\" \/>\n<meta property=\"product:availability\" content=\"instock\" \/>\n<meta property=\"product:retailer_item_id\" content=\"13436\" \/>\n<meta property=\"product:condition\" content=\"new\" \/>\n<!-- \/ Yoast SEO Premium plugin. -->","yoast_head_json":{"title":"CRYPTOMERIA japonica 'Elegans' - Sicheltanne, Sugi","description":"Diese Sicheltanne ist im Sommer gr\u00fcn und wird im Winter r\u00f6tlich-braun. Das leichte Laub der CRYPTOMERIA japonica 'Elegans' \u00e4hnelt, wenn \u00e4lter, Wolken.","robots":{"index":"index","follow":"follow","max-snippet":"max-snippet:-1","max-image-preview":"max-image-preview:large","max-video-preview":"max-video-preview:-1"},"canonical":"https:\/\/www.vallonchene.fr\/de\/produkt\/cryptomeria-japonica-elegans\/","og_locale":"de_DE","og_type":"article","og_title":"CRYPTOMERIA japonica 'Elegans'","og_description":"Diese Sicheltanne ist im Sommer gr\u00fcn und wird im Winter r\u00f6tlich-braun. Das leichte Laub der CRYPTOMERIA japonica 'Elegans' \u00e4hnelt, wenn \u00e4lter, Wolken.","og_url":"https:\/\/www.vallonchene.fr\/de\/produkt\/cryptomeria-japonica-elegans\/","og_site_name":"Vallonch\u00eane","article_publisher":"https:\/\/www.facebook.com\/vallonchene.fr","article_modified_time":"2025-02-06T09:42:35+00:00","og_image":[{"width":1200,"height":1200,"url":"https:\/\/www.vallonchene.fr\/wp-content\/uploads\/2025\/02\/CRYPTOMERIA-japonica-Elegans_01.webp","type":"image\/webp"}],"twitter_card":"summary_large_image","twitter_misc":{"Verf\u00fcgbarkeit":"Vorr\u00e4tig"},"schema":{"@context":"https:\/\/schema.org","@graph":[{"@type":"WebPage","@id":"https:\/\/www.vallonchene.fr\/de\/produkt\/cryptomeria-japonica-elegans\/","url":"https:\/\/www.vallonchene.fr\/de\/produkt\/cryptomeria-japonica-elegans\/","name":"CRYPTOMERIA japonica 'Elegans' - Sicheltanne, Sugi","isPartOf":{"@id":"https:\/\/www.vallonchene.fr\/de\/#website"},"primaryImageOfPage":{"@id":"https:\/\/www.vallonchene.fr\/de\/produkt\/cryptomeria-japonica-elegans\/#primaryimage"},"image":{"@id":"https:\/\/www.vallonchene.fr\/de\/produkt\/cryptomeria-japonica-elegans\/#primaryimage"},"thumbnailUrl":"https:\/\/www.vallonchene.fr\/wp-content\/uploads\/2025\/02\/CRYPTOMERIA-japonica-Elegans_01.webp","datePublished":"2021-08-31T10:54:58+00:00","dateModified":"2025-02-06T09:42:35+00:00","description":"Diese Sicheltanne ist im Sommer gr\u00fcn und wird im Winter r\u00f6tlich-braun. Das leichte Laub der CRYPTOMERIA japonica 'Elegans' \u00e4hnelt, wenn \u00e4lter, Wolken.","breadcrumb":{"@id":"https:\/\/www.vallonchene.fr\/de\/produkt\/cryptomeria-japonica-elegans\/#breadcrumb"},"inLanguage":"de","potentialAction":[{"@type":"ReadAction","target":["https:\/\/www.vallonchene.fr\/de\/produkt\/cryptomeria-japonica-elegans\/"]}]},{"@type":"ImageObject","inLanguage":"de","@id":"https:\/\/www.vallonchene.fr\/de\/produkt\/cryptomeria-japonica-elegans\/#primaryimage","url":"https:\/\/www.vallonchene.fr\/wp-content\/uploads\/2025\/02\/CRYPTOMERIA-japonica-Elegans_01.webp","contentUrl":"https:\/\/www.vallonchene.fr\/wp-content\/uploads\/2025\/02\/CRYPTOMERIA-japonica-Elegans_01.webp","width":1200,"height":1200,"caption":"Nahaufnahme des gr\u00fcnen Laubes von CRYPTOMERIA japonica 'Elegans'"},{"@type":"BreadcrumbList","@id":"https:\/\/www.vallonchene.fr\/de\/produkt\/cryptomeria-japonica-elegans\/#breadcrumb","itemListElement":[{"@type":"ListItem","position":1,"name":"Home","item":"https:\/\/www.vallonchene.fr\/de\/"},{"@type":"ListItem","position":2,"name":"Shop","item":"https:\/\/www.vallonchene.fr\/de\/shop\/"},{"@type":"ListItem","position":3,"name":"Online-Verkauf","item":"https:\/\/www.vallonchene.fr\/de\/produkt-kategorie\/online-verkauf-de\/"},{"@type":"ListItem","position":4,"name":"Baumschule","item":"https:\/\/www.vallonchene.fr\/de\/produkt-kategorie\/online-verkauf-de\/baumschule-gaertnerei-de\/"},{"@type":"ListItem","position":5,"name":"Koniferen","item":"https:\/\/www.vallonchene.fr\/de\/produkt-kategorie\/online-verkauf-de\/baumschule-gaertnerei-de\/koniferen-de\/"},{"@type":"ListItem","position":6,"name":"CRYPTOMERIA japonica &#8218;Elegans&#8216;"}]},{"@type":"WebSite","@id":"https:\/\/www.vallonchene.fr\/de\/#website","url":"https:\/\/www.vallonchene.fr\/de\/","name":"Vallonch\u00eane","description":"Die Baumschule, bei der Qualit\u00e4t ihre Wurzeln hat \u2013 Tel.: +49 (0)6838-5399840","publisher":{"@id":"https:\/\/www.vallonchene.fr\/de\/#organization"},"potentialAction":[{"@type":"SearchAction","target":{"@type":"EntryPoint","urlTemplate":"https:\/\/www.vallonchene.fr\/de\/?s={search_term_string}"},"query-input":{"@type":"PropertyValueSpecification","valueRequired":true,"valueName":"search_term_string"}}],"inLanguage":"de"},{"@type":"Organization","@id":"https:\/\/www.vallonchene.fr\/de\/#organization","name":"VALLONCHENE","url":"https:\/\/www.vallonchene.fr\/de\/","logo":{"@type":"ImageObject","inLanguage":"de","@id":"https:\/\/www.vallonchene.fr\/de\/#\/schema\/logo\/image\/","url":"https:\/\/www.vallonchene.fr\/wp-content\/uploads\/2023\/03\/Logo-Vallonchene-site-et-R_hauteur_100.png","contentUrl":"https:\/\/www.vallonchene.fr\/wp-content\/uploads\/2023\/03\/Logo-Vallonchene-site-et-R_hauteur_100.png","width":221,"height":100,"caption":"VALLONCHENE"},"image":{"@id":"https:\/\/www.vallonchene.fr\/de\/#\/schema\/logo\/image\/"},"sameAs":["https:\/\/www.facebook.com\/vallonchene.fr","https:\/\/www.instagram.com\/vallonchene\/","https:\/\/www.pinterest.fr\/vallonchene\/"],"taxID":"49454502300017","hasMerchantReturnPolicy":{"@type":"MerchantReturnPolicy","merchantReturnLink":"https:\/\/www.vallonchene.fr\/remboursements_retours\/"}}]},"og_availability":"instock","product_availability":"instock","product_retailer_item_id":"13436","product_condition":"new"},"_links":{"self":[{"href":"https:\/\/www.vallonchene.fr\/de\/wp-json\/wp\/v2\/product\/2405","targetHints":{"allow":["GET"]}}],"collection":[{"href":"https:\/\/www.vallonchene.fr\/de\/wp-json\/wp\/v2\/product"}],"about":[{"href":"https:\/\/www.vallonchene.fr\/de\/wp-json\/wp\/v2\/types\/product"}],"replies":[{"embeddable":true,"href":"https:\/\/www.vallonchene.fr\/de\/wp-json\/wp\/v2\/comments?post=2405"}],"wp:featuredmedia":[{"embeddable":true,"href":"https:\/\/www.vallonchene.fr\/de\/wp-json\/wp\/v2\/media\/52295"}],"wp:attachment":[{"href":"https:\/\/www.vallonchene.fr\/de\/wp-json\/wp\/v2\/media?parent=2405"}],"wp:term":[{"taxonomy":"product_brand","embeddable":true,"href":"https:\/\/www.vallonchene.fr\/de\/wp-json\/wp\/v2\/product_brand?post=2405"},{"taxonomy":"product_cat","embeddable":true,"href":"https:\/\/www.vallonchene.fr\/de\/wp-json\/wp\/v2\/product_cat?post=2405"},{"taxonomy":"product_tag","embeddable":true,"href":"https:\/\/www.vallonchene.fr\/de\/wp-json\/wp\/v2\/product_tag?post=2405"}],"curies":[{"name":"wp","href":"https:\/\/api.w.org\/{rel}","templated":true}]}}