{"id":23869,"date":"2021-09-29T17:34:17","date_gmt":"2021-09-29T17:34:17","guid":{"rendered":"https:\/\/testing.vallonchene.fr\/produit\/carpinus-x-betulus-williamson-s-gold-hainbuche-weissbuche-hagebuche\/"},"modified":"2025-12-07T18:15:56","modified_gmt":"2025-12-07T17:15:56","slug":"carpinus-x-betulus-williamson-s-gold-hainbuche-weissbuche-hagebuche","status":"publish","type":"product","link":"https:\/\/www.vallonchene.fr\/de\/produkt\/carpinus-x-betulus-williamson-s-gold-hainbuche-weissbuche-hagebuche\/","title":{"rendered":"CARPINUS x betulus &#8218;Williamson&#8217;s Gold&#8216;"},"content":{"rendered":"<h2>Die Pflanze<\/h2>\n<p><strong>CARPINUS x betulus &#8218;Williamson&#8217;s Gold&#8216;<\/strong> \u00fcberrascht mit seinem <strong>deutlich gelben Laub<\/strong> (siehe Fotos). Diese au\u00dfergew\u00f6hnliche <strong>Hainbuche<\/strong> hebt sich wirklich von anderen Hainbuchen ab. Sie strahlt regelrecht im Garten.<br \/>\n\u00dcberdies vertr\u00e4gt diese Pflanze im Gegensatz zu den meisten anderen Pflanzen mit gelben Bl\u00e4ttern die <strong>volle Sonne<\/strong> gut.<br \/>\nSchlie\u00dflich entwickelt sie, bevor sie ihr Laub verliert, auch <strong>wundersch\u00f6ne Herbstfarben<\/strong>, die Sie diese Jahreszeit zu sch\u00e4tzen lehrt.<\/p>\n<p>Um alle CARPINUS-Sorten zu sehen, die derzeit zum Verkauf stehen, <strong><a href=\"https:\/\/www.vallonchene.fr\/de\/?s=carpinus&amp;post_type=product&amp;dgwt_wcas=1&amp;lang=de&amp;filter_stock_status=instock\">klicken Sie bitte hier<\/a><\/strong>.<\/p>\n<h2>Pflanzung und Pflege von CARPINUS x betulus &#8218;Williamson&#8217;s Gold&#8216;<\/h2>\n<h3>Wie man diesen Baum pflanzt<\/h3>\n<ol>\n<li>Suchen Sie f\u00fcr dieser Hainbuche einen <strong>vollsonnigen Standort<\/strong>.<\/li>\n<li>Sie k\u00f6nnen sie in einen <strong>Beh\u00e4lter, Topf, Beet oder isoliert<\/strong> pflanzen. Wenn Sie sie in einen Topf oder Beh\u00e4lter pflanzen, wird ihr Wuchs automatisch eingeschr\u00e4nkt.<\/li>\n<li>Der Boden muss <strong>feucht, m\u00e4\u00dfig feucht oder trocken<\/strong> sein (in einem Topf oder Beh\u00e4lter muss das Gie\u00dfen nat\u00fcrlich \u00fcberwacht werden).<\/li>\n<li>Der Erde kann <strong>leicht, normal oder schwer<\/strong> sein und einen <strong>sauren, neutralen oder kalkhaltigen pH-Wert<\/strong> haben.<\/li>\n<\/ol>\n<p>F\u00fcr eine gute Vorbereitung des Topfes oder des Pflanzlochs haben wir <a href=\"https:\/\/www.vallonchene.fr\/de\/wie-man-pflanzen-pflanzt-und-pflegt\/\" target=\"_blank\" rel=\"noreferrer noopener\"><strong>hier eine spezielle Anleitung zusammengestellt<\/strong><\/a>. Entdecken Sie hier, <a href=\"https:\/\/www.vallonchene.fr\/de\/den-garten-richtig-bewaessern-und-wasser-sparen\/\"><strong>wie man den Garten richtig bew\u00e4ssert und gleichzeitig Wasser spart<\/strong><\/a>.<\/p>\n<h3>Pflege dieser Hainbuche<\/h3>\n<p>Wie alle Hainbuchen ist diese Pflanze sehr robust und bedarf keiner besonderen Pflege.<br \/>\nSelbstverst\u00e4ndlich akzeptiert sie den R\u00fcckschnitt auch bei dickeren \u00c4sten. Beschneiden Sie sie vorzugsweise im Februar oder M\u00e4rz, BEVOR neues Wachstum entsteht.<\/p>\n<h2>Geschichte und Herkunft<\/h2>\n<p>Die Typusart CARPINUS betulus ist in ganz Europa sowie in Westasien endemisch. Je nach Region erscheint sie in unterschiedlichen Maximalh\u00f6hen:<\/p>\n<ul>\n<li>Mitteleuropa: 700 bis 1.000 m<\/li>\n<li>Seealpen: 1.300 m<\/li>\n<li>Kaukasus: 2.000 m<\/li>\n<li><strong><a href=\"https:\/\/de.wikipedia.org\/wiki\/Elburs-Gebirge\" target=\"_blank\" rel=\"noopener\">Elburs-Gebirge<\/a><\/strong> (Iran und Aserbaidschan): 2.300 m<\/li>\n<\/ul>\n<p>Dieser Baum w\u00e4chst normalerweise in Mischw\u00e4ldern mit Eichen und Birken.<\/p>\n<p>Im Allgemeinen werden CARPINUS betulus wie CARPINUS x betulus &#8218;Williamson&#8217;s Gold&#8216; in Zierg\u00e4rten als isolierte Pflanzen oder einfach als geschnittene Heckenpflanzen verwendet.<\/p>\n<p>Das Holz ist schwer und hart. Es wird f\u00fcr die Werkzeugherstellung und Baukonstruktion verwendet. Ferner kann es auch zum Heizen verwendet werden, da es dann hohe Temperaturen entwickelt und nur langsam verbrennt. Sein Heizwert ist sehr hoch (2.300 kWh\/RM).<\/p>\n","protected":false},"excerpt":{"rendered":"<p>Diese <strong>Hainbuche<\/strong> hat ein intensive gelbes Laub. Die <strong>CARPINUS x betulus &#8218;Williamson&#8217;s Gold&#8216;<\/strong> ist eine echte Lichtquelle im Garten.<\/p>\n","protected":false},"featured_media":46651,"comment_status":"open","ping_status":"closed","template":"","meta":[],"product_brand":[],"product_cat":[252],"product_tag":[],"class_list":{"0":"post-23869","1":"product","2":"type-product","3":"status-publish","4":"has-post-thumbnail","6":"product_cat-straucher-und-baume-de","7":"pa_99-hauteurapproximativeapres1-2_3m-de","8":"pa_couleurdufeuillage-gelb-de","9":"pa_exigencesenhumidite-feucht-de","10":"pa_exigencesenhumidite-normal-de","11":"pa_exigencesenhumidite-trocken-de","12":"pa_expositionspossibles-sonnigvon12bis17uhr-de","13":"pa_hauteurlivree-150-bis-175-cm","14":"pa_interetauprintemps-bluten-de","15":"pa_interetauprintemps-laub-de","16":"pa_interetenautomne-laub-de","17":"pa_interetenete-laub-de","18":"pa_interetenhiver-laub-de","19":"pa_naturedufeuillage-marcescent-de","20":"pa_naturesdesolpossibles-leicht-de","21":"pa_naturesdesolpossibles-normal-de","22":"pa_naturesdesolpossibles-schwer-de","23":"pa_periodedefloraison-fruhling-de","24":"pa_periodedetaille-febr-de","25":"pa_periodedetaille-marz-de","26":"pa_phdusolacceptable-kalkigmehrals75-de","27":"pa_phdusolacceptable-neutralzw65u75-de","28":"pa_phdusolacceptable-sauerwenigerals65-de","29":"pa_portgraphisme-rund-de","30":"pa_resistanceaufroidrusticite-frostbestandigunter_20c-de","31":"pa_tailledepot-75liter_topf-de","32":"pa_utilisationpossible-alleinstehend-de","33":"pa_utilisationpossible-beet-de","34":"pa_utilisationpossible-hecke-de","35":"pa_utilisationpossible-kubelodertopf-de","37":"first","38":"instock","39":"taxable","40":"shipping-taxable","41":"purchasable","42":"product-type-variable"},"supplier_id":null,"supplier_sku":"","barcode":null,"atum_controlled":true,"out_stock_date":null,"out_stock_threshold":null,"inheritable":true,"inbound_stock":0,"stock_on_hold":0,"sold_today":0,"sales_last_days":0,"reserved_stock":0,"customer_returns":0,"warehouse_damage":0,"lost_in_post":0,"other_logs":0,"out_stock_days":0,"lost_sales":0,"has_location":false,"update_date":"2026-02-18T13:25:14","atum_locations":[],"atum_stock_status":"instock","restock_status":false,"low_stock_amount":"","sales_update_date":"2026-02-18T13:25:14","calc_backorders":null,"yoast_head":"<!-- This site is optimized with the Yoast SEO Premium plugin v27.5 (Yoast SEO v27.5) - https:\/\/yoast.com\/product\/yoast-seo-premium-wordpress\/ -->\n<title>CARPINUS x betulus &#039;Williamson&#039;s Gold&#039; - Hainbuche, Wei\u00dfbuche<\/title>\n<meta name=\"description\" content=\"Diese Hainbuche hat ein intensive gelbes Laub. Die CARPINUS x betulus &#039;Williamson&#039;s Gold&#039; ist eine echte Lichtquelle im Garten.\" \/>\n<meta name=\"robots\" content=\"index, follow, max-snippet:-1, max-image-preview:large, max-video-preview:-1\" \/>\n<link rel=\"canonical\" href=\"https:\/\/www.vallonchene.fr\/de\/produkt\/carpinus-x-betulus-williamson-s-gold-hainbuche-weissbuche-hagebuche\/\" \/>\n<meta property=\"og:locale\" content=\"de_DE\" \/>\n<meta property=\"og:type\" content=\"article\" \/>\n<meta property=\"og:title\" content=\"CARPINUS x betulus &#039;Williamson&#039;s Gold&#039;\" \/>\n<meta property=\"og:description\" content=\"Diese Hainbuche hat ein intensive gelbes Laub. Die CARPINUS x betulus &#039;Williamson&#039;s Gold&#039; ist eine echte Lichtquelle im Garten.\" \/>\n<meta property=\"og:url\" content=\"https:\/\/www.vallonchene.fr\/de\/produkt\/carpinus-x-betulus-williamson-s-gold-hainbuche-weissbuche-hagebuche\/\" \/>\n<meta property=\"og:site_name\" content=\"Vallonch\u00eane\" \/>\n<meta property=\"article:publisher\" content=\"https:\/\/www.facebook.com\/vallonchene.fr\" \/>\n<meta property=\"article:modified_time\" content=\"2025-12-07T17:15:56+00:00\" \/>\n<meta property=\"og:image\" content=\"https:\/\/www.vallonchene.fr\/wp-content\/uploads\/2024\/04\/CARPINUS-x-betulus-Williamsons-Gold_03.webp\" \/>\n\t<meta property=\"og:image:width\" content=\"1024\" \/>\n\t<meta property=\"og:image:height\" content=\"1022\" \/>\n\t<meta property=\"og:image:type\" content=\"image\/webp\" \/>\n<meta name=\"twitter:card\" content=\"summary_large_image\" \/>\n<meta name=\"twitter:label1\" content=\"Verf\u00fcgbarkeit\" \/>\n\t<meta name=\"twitter:data1\" content=\"Vorr\u00e4tig\" \/>\n<script type=\"application\/ld+json\" class=\"yoast-schema-graph\">{\"@context\":\"https:\\\/\\\/schema.org\",\"@graph\":[{\"@type\":\"WebPage\",\"@id\":\"https:\\\/\\\/www.vallonchene.fr\\\/de\\\/produkt\\\/carpinus-x-betulus-williamson-s-gold-hainbuche-weissbuche-hagebuche\\\/\",\"url\":\"https:\\\/\\\/www.vallonchene.fr\\\/de\\\/produkt\\\/carpinus-x-betulus-williamson-s-gold-hainbuche-weissbuche-hagebuche\\\/\",\"name\":\"CARPINUS x betulus 'Williamson's Gold' - Hainbuche, Wei\u00dfbuche\",\"isPartOf\":{\"@id\":\"https:\\\/\\\/www.vallonchene.fr\\\/de\\\/#website\"},\"primaryImageOfPage\":{\"@id\":\"https:\\\/\\\/www.vallonchene.fr\\\/de\\\/produkt\\\/carpinus-x-betulus-williamson-s-gold-hainbuche-weissbuche-hagebuche\\\/#primaryimage\"},\"image\":{\"@id\":\"https:\\\/\\\/www.vallonchene.fr\\\/de\\\/produkt\\\/carpinus-x-betulus-williamson-s-gold-hainbuche-weissbuche-hagebuche\\\/#primaryimage\"},\"thumbnailUrl\":\"https:\\\/\\\/www.vallonchene.fr\\\/wp-content\\\/uploads\\\/2024\\\/04\\\/CARPINUS-x-betulus-Williamsons-Gold_03.webp\",\"datePublished\":\"2021-09-29T17:34:17+00:00\",\"dateModified\":\"2025-12-07T17:15:56+00:00\",\"description\":\"Diese Hainbuche hat ein intensive gelbes Laub. Die CARPINUS x betulus 'Williamson's Gold' ist eine echte Lichtquelle im Garten.\",\"breadcrumb\":{\"@id\":\"https:\\\/\\\/www.vallonchene.fr\\\/de\\\/produkt\\\/carpinus-x-betulus-williamson-s-gold-hainbuche-weissbuche-hagebuche\\\/#breadcrumb\"},\"inLanguage\":\"de\",\"potentialAction\":[{\"@type\":\"ReadAction\",\"target\":[\"https:\\\/\\\/www.vallonchene.fr\\\/de\\\/produkt\\\/carpinus-x-betulus-williamson-s-gold-hainbuche-weissbuche-hagebuche\\\/\"]}]},{\"@type\":\"ImageObject\",\"inLanguage\":\"de\",\"@id\":\"https:\\\/\\\/www.vallonchene.fr\\\/de\\\/produkt\\\/carpinus-x-betulus-williamson-s-gold-hainbuche-weissbuche-hagebuche\\\/#primaryimage\",\"url\":\"https:\\\/\\\/www.vallonchene.fr\\\/wp-content\\\/uploads\\\/2024\\\/04\\\/CARPINUS-x-betulus-Williamsons-Gold_03.webp\",\"contentUrl\":\"https:\\\/\\\/www.vallonchene.fr\\\/wp-content\\\/uploads\\\/2024\\\/04\\\/CARPINUS-x-betulus-Williamsons-Gold_03.webp\",\"width\":1024,\"height\":1022,\"caption\":\"Nahaufnahme des vollst\u00e4ndig ausgebreiteten gelben Blattes von CARPINUS x betulus 'Williamson's Gold'\"},{\"@type\":\"BreadcrumbList\",\"@id\":\"https:\\\/\\\/www.vallonchene.fr\\\/de\\\/produkt\\\/carpinus-x-betulus-williamson-s-gold-hainbuche-weissbuche-hagebuche\\\/#breadcrumb\",\"itemListElement\":[{\"@type\":\"ListItem\",\"position\":1,\"name\":\"Home\",\"item\":\"https:\\\/\\\/www.vallonchene.fr\\\/de\\\/\"},{\"@type\":\"ListItem\",\"position\":2,\"name\":\"Shop\",\"item\":\"https:\\\/\\\/www.vallonchene.fr\\\/de\\\/shop\\\/\"},{\"@type\":\"ListItem\",\"position\":3,\"name\":\"Online-Verkauf\",\"item\":\"https:\\\/\\\/www.vallonchene.fr\\\/de\\\/produkt-kategorie\\\/online-verkauf-de\\\/\"},{\"@type\":\"ListItem\",\"position\":4,\"name\":\"Baumschule\",\"item\":\"https:\\\/\\\/www.vallonchene.fr\\\/de\\\/produkt-kategorie\\\/online-verkauf-de\\\/baumschule-gaertnerei-de\\\/\"},{\"@type\":\"ListItem\",\"position\":5,\"name\":\"Str\u00e4ucher und B\u00e4ume\",\"item\":\"https:\\\/\\\/www.vallonchene.fr\\\/de\\\/produkt-kategorie\\\/online-verkauf-de\\\/baumschule-gaertnerei-de\\\/straucher-und-baume-de\\\/\"},{\"@type\":\"ListItem\",\"position\":6,\"name\":\"CARPINUS x betulus &lsquo;Williamson&rsquo;s Gold&rsquo;\"}]},{\"@type\":\"WebSite\",\"@id\":\"https:\\\/\\\/www.vallonchene.fr\\\/de\\\/#website\",\"url\":\"https:\\\/\\\/www.vallonchene.fr\\\/de\\\/\",\"name\":\"Vallonch\u00eane\",\"description\":\"Die Baumschule, bei der Qualit\u00e4t ihre Wurzeln hat \u2013 Tel.: +49 (0)6838-5399840\",\"publisher\":{\"@id\":\"https:\\\/\\\/www.vallonchene.fr\\\/de\\\/#organization\"},\"potentialAction\":[{\"@type\":\"SearchAction\",\"target\":{\"@type\":\"EntryPoint\",\"urlTemplate\":\"https:\\\/\\\/www.vallonchene.fr\\\/de\\\/?s={search_term_string}\"},\"query-input\":{\"@type\":\"PropertyValueSpecification\",\"valueRequired\":true,\"valueName\":\"search_term_string\"}}],\"inLanguage\":\"de\"},{\"@type\":\"Organization\",\"@id\":\"https:\\\/\\\/www.vallonchene.fr\\\/de\\\/#organization\",\"name\":\"VALLONCHENE\",\"url\":\"https:\\\/\\\/www.vallonchene.fr\\\/de\\\/\",\"logo\":{\"@type\":\"ImageObject\",\"inLanguage\":\"de\",\"@id\":\"https:\\\/\\\/www.vallonchene.fr\\\/de\\\/#\\\/schema\\\/logo\\\/image\\\/\",\"url\":\"https:\\\/\\\/www.vallonchene.fr\\\/wp-content\\\/uploads\\\/2023\\\/03\\\/Logo-Vallonchene-site-et-R_hauteur_100.png\",\"contentUrl\":\"https:\\\/\\\/www.vallonchene.fr\\\/wp-content\\\/uploads\\\/2023\\\/03\\\/Logo-Vallonchene-site-et-R_hauteur_100.png\",\"width\":221,\"height\":100,\"caption\":\"VALLONCHENE\"},\"image\":{\"@id\":\"https:\\\/\\\/www.vallonchene.fr\\\/de\\\/#\\\/schema\\\/logo\\\/image\\\/\"},\"sameAs\":[\"https:\\\/\\\/www.facebook.com\\\/vallonchene.fr\",\"https:\\\/\\\/www.instagram.com\\\/vallonchene\\\/\",\"https:\\\/\\\/www.pinterest.fr\\\/vallonchene\\\/\"],\"taxID\":\"49454502300017\",\"hasMerchantReturnPolicy\":{\"@type\":\"MerchantReturnPolicy\",\"merchantReturnLink\":\"https:\\\/\\\/www.vallonchene.fr\\\/remboursements_retours\\\/\"}}]}<\/script>\n<meta property=\"og:availability\" content=\"instock\" \/>\n<meta property=\"product:availability\" content=\"instock\" \/>\n<meta property=\"product:condition\" content=\"new\" \/>\n<!-- \/ Yoast SEO Premium plugin. -->","yoast_head_json":{"title":"CARPINUS x betulus 'Williamson's Gold' - Hainbuche, Wei\u00dfbuche","description":"Diese Hainbuche hat ein intensive gelbes Laub. Die CARPINUS x betulus 'Williamson's Gold' ist eine echte Lichtquelle im Garten.","robots":{"index":"index","follow":"follow","max-snippet":"max-snippet:-1","max-image-preview":"max-image-preview:large","max-video-preview":"max-video-preview:-1"},"canonical":"https:\/\/www.vallonchene.fr\/de\/produkt\/carpinus-x-betulus-williamson-s-gold-hainbuche-weissbuche-hagebuche\/","og_locale":"de_DE","og_type":"article","og_title":"CARPINUS x betulus 'Williamson's Gold'","og_description":"Diese Hainbuche hat ein intensive gelbes Laub. Die CARPINUS x betulus 'Williamson's Gold' ist eine echte Lichtquelle im Garten.","og_url":"https:\/\/www.vallonchene.fr\/de\/produkt\/carpinus-x-betulus-williamson-s-gold-hainbuche-weissbuche-hagebuche\/","og_site_name":"Vallonch\u00eane","article_publisher":"https:\/\/www.facebook.com\/vallonchene.fr","article_modified_time":"2025-12-07T17:15:56+00:00","og_image":[{"width":1024,"height":1022,"url":"https:\/\/www.vallonchene.fr\/wp-content\/uploads\/2024\/04\/CARPINUS-x-betulus-Williamsons-Gold_03.webp","type":"image\/webp"}],"twitter_card":"summary_large_image","twitter_misc":{"Verf\u00fcgbarkeit":"Vorr\u00e4tig"},"schema":{"@context":"https:\/\/schema.org","@graph":[{"@type":"WebPage","@id":"https:\/\/www.vallonchene.fr\/de\/produkt\/carpinus-x-betulus-williamson-s-gold-hainbuche-weissbuche-hagebuche\/","url":"https:\/\/www.vallonchene.fr\/de\/produkt\/carpinus-x-betulus-williamson-s-gold-hainbuche-weissbuche-hagebuche\/","name":"CARPINUS x betulus 'Williamson's Gold' - Hainbuche, Wei\u00dfbuche","isPartOf":{"@id":"https:\/\/www.vallonchene.fr\/de\/#website"},"primaryImageOfPage":{"@id":"https:\/\/www.vallonchene.fr\/de\/produkt\/carpinus-x-betulus-williamson-s-gold-hainbuche-weissbuche-hagebuche\/#primaryimage"},"image":{"@id":"https:\/\/www.vallonchene.fr\/de\/produkt\/carpinus-x-betulus-williamson-s-gold-hainbuche-weissbuche-hagebuche\/#primaryimage"},"thumbnailUrl":"https:\/\/www.vallonchene.fr\/wp-content\/uploads\/2024\/04\/CARPINUS-x-betulus-Williamsons-Gold_03.webp","datePublished":"2021-09-29T17:34:17+00:00","dateModified":"2025-12-07T17:15:56+00:00","description":"Diese Hainbuche hat ein intensive gelbes Laub. Die CARPINUS x betulus 'Williamson's Gold' ist eine echte Lichtquelle im Garten.","breadcrumb":{"@id":"https:\/\/www.vallonchene.fr\/de\/produkt\/carpinus-x-betulus-williamson-s-gold-hainbuche-weissbuche-hagebuche\/#breadcrumb"},"inLanguage":"de","potentialAction":[{"@type":"ReadAction","target":["https:\/\/www.vallonchene.fr\/de\/produkt\/carpinus-x-betulus-williamson-s-gold-hainbuche-weissbuche-hagebuche\/"]}]},{"@type":"ImageObject","inLanguage":"de","@id":"https:\/\/www.vallonchene.fr\/de\/produkt\/carpinus-x-betulus-williamson-s-gold-hainbuche-weissbuche-hagebuche\/#primaryimage","url":"https:\/\/www.vallonchene.fr\/wp-content\/uploads\/2024\/04\/CARPINUS-x-betulus-Williamsons-Gold_03.webp","contentUrl":"https:\/\/www.vallonchene.fr\/wp-content\/uploads\/2024\/04\/CARPINUS-x-betulus-Williamsons-Gold_03.webp","width":1024,"height":1022,"caption":"Nahaufnahme des vollst\u00e4ndig ausgebreiteten gelben Blattes von CARPINUS x betulus 'Williamson's Gold'"},{"@type":"BreadcrumbList","@id":"https:\/\/www.vallonchene.fr\/de\/produkt\/carpinus-x-betulus-williamson-s-gold-hainbuche-weissbuche-hagebuche\/#breadcrumb","itemListElement":[{"@type":"ListItem","position":1,"name":"Home","item":"https:\/\/www.vallonchene.fr\/de\/"},{"@type":"ListItem","position":2,"name":"Shop","item":"https:\/\/www.vallonchene.fr\/de\/shop\/"},{"@type":"ListItem","position":3,"name":"Online-Verkauf","item":"https:\/\/www.vallonchene.fr\/de\/produkt-kategorie\/online-verkauf-de\/"},{"@type":"ListItem","position":4,"name":"Baumschule","item":"https:\/\/www.vallonchene.fr\/de\/produkt-kategorie\/online-verkauf-de\/baumschule-gaertnerei-de\/"},{"@type":"ListItem","position":5,"name":"Str\u00e4ucher und B\u00e4ume","item":"https:\/\/www.vallonchene.fr\/de\/produkt-kategorie\/online-verkauf-de\/baumschule-gaertnerei-de\/straucher-und-baume-de\/"},{"@type":"ListItem","position":6,"name":"CARPINUS x betulus &lsquo;Williamson&rsquo;s Gold&rsquo;"}]},{"@type":"WebSite","@id":"https:\/\/www.vallonchene.fr\/de\/#website","url":"https:\/\/www.vallonchene.fr\/de\/","name":"Vallonch\u00eane","description":"Die Baumschule, bei der Qualit\u00e4t ihre Wurzeln hat \u2013 Tel.: +49 (0)6838-5399840","publisher":{"@id":"https:\/\/www.vallonchene.fr\/de\/#organization"},"potentialAction":[{"@type":"SearchAction","target":{"@type":"EntryPoint","urlTemplate":"https:\/\/www.vallonchene.fr\/de\/?s={search_term_string}"},"query-input":{"@type":"PropertyValueSpecification","valueRequired":true,"valueName":"search_term_string"}}],"inLanguage":"de"},{"@type":"Organization","@id":"https:\/\/www.vallonchene.fr\/de\/#organization","name":"VALLONCHENE","url":"https:\/\/www.vallonchene.fr\/de\/","logo":{"@type":"ImageObject","inLanguage":"de","@id":"https:\/\/www.vallonchene.fr\/de\/#\/schema\/logo\/image\/","url":"https:\/\/www.vallonchene.fr\/wp-content\/uploads\/2023\/03\/Logo-Vallonchene-site-et-R_hauteur_100.png","contentUrl":"https:\/\/www.vallonchene.fr\/wp-content\/uploads\/2023\/03\/Logo-Vallonchene-site-et-R_hauteur_100.png","width":221,"height":100,"caption":"VALLONCHENE"},"image":{"@id":"https:\/\/www.vallonchene.fr\/de\/#\/schema\/logo\/image\/"},"sameAs":["https:\/\/www.facebook.com\/vallonchene.fr","https:\/\/www.instagram.com\/vallonchene\/","https:\/\/www.pinterest.fr\/vallonchene\/"],"taxID":"49454502300017","hasMerchantReturnPolicy":{"@type":"MerchantReturnPolicy","merchantReturnLink":"https:\/\/www.vallonchene.fr\/remboursements_retours\/"}}]},"og_availability":"instock","product_availability":"instock","product_condition":"new"},"_links":{"self":[{"href":"https:\/\/www.vallonchene.fr\/de\/wp-json\/wp\/v2\/product\/23869","targetHints":{"allow":["GET"]}}],"collection":[{"href":"https:\/\/www.vallonchene.fr\/de\/wp-json\/wp\/v2\/product"}],"about":[{"href":"https:\/\/www.vallonchene.fr\/de\/wp-json\/wp\/v2\/types\/product"}],"replies":[{"embeddable":true,"href":"https:\/\/www.vallonchene.fr\/de\/wp-json\/wp\/v2\/comments?post=23869"}],"wp:featuredmedia":[{"embeddable":true,"href":"https:\/\/www.vallonchene.fr\/de\/wp-json\/wp\/v2\/media\/46651"}],"wp:attachment":[{"href":"https:\/\/www.vallonchene.fr\/de\/wp-json\/wp\/v2\/media?parent=23869"}],"wp:term":[{"taxonomy":"product_brand","embeddable":true,"href":"https:\/\/www.vallonchene.fr\/de\/wp-json\/wp\/v2\/product_brand?post=23869"},{"taxonomy":"product_cat","embeddable":true,"href":"https:\/\/www.vallonchene.fr\/de\/wp-json\/wp\/v2\/product_cat?post=23869"},{"taxonomy":"product_tag","embeddable":true,"href":"https:\/\/www.vallonchene.fr\/de\/wp-json\/wp\/v2\/product_tag?post=23869"}],"curies":[{"name":"wp","href":"https:\/\/api.w.org\/{rel}","templated":true}]}}