{"id":23767,"date":"2021-09-15T17:52:09","date_gmt":"2021-09-15T17:52:09","guid":{"rendered":"https:\/\/testing.vallonchene.fr\/produit\/robinia-pseudoacacia-twisty-baby-gewoehnliche-robinie\/"},"modified":"2024-11-28T15:33:19","modified_gmt":"2024-11-28T14:33:19","slug":"robinia-pseudoacacia-twisty-baby-gewoehnliche-robinie","status":"publish","type":"product","link":"https:\/\/www.vallonchene.fr\/de\/produkt\/robinia-pseudoacacia-twisty-baby-gewoehnliche-robinie\/","title":{"rendered":"ROBINIA pseudoacacia &#8218;Twisty Baby&#8216;"},"content":{"rendered":"<h2>Die Pflanze<\/h2>\n<p data-sourcepos=\"3:1-3:77\">Suchen Sie einen ebenso dekorativen wie langlebigen Baum f\u00fcr Ihren Garten? Dann ist <strong>ROBINIA pseudoacacia &#8218;Twisty Baby&#8216;<\/strong> genau das Richtige f\u00fcr Sie. Dieses ganz besondere, neuartige Schmuckst\u00fcck der Gartenkunst wird garantiert alle Blicke auf sich ziehen.<br \/>\n Die <strong>gew\u00f6hnliche Robinie<\/strong> sticht besonders durch ihr <strong>zartes, gekr\u00e4useltes Laub<\/strong> hervor, das im Herbst in goldene T\u00f6ne leuchtet. Diese Eigenart verleiht ihr eine <strong>luftige Leichtigkeit<\/strong> und eine <strong>zarte Textur<\/strong>, die zum Verweilen einl\u00e4dt.<br \/>\n Das wahre Highlight dieses Baumes liegt jedoch in seinem <strong>Stamm und seinen \u00c4sten mit ihrem gewundenen Holz<\/strong>.  Sie schaffen eine <strong>auff\u00e4llige und absolut originelle Grafik<\/strong>. Diese Eigenschaft wird durch den Transparenz-Schnitt noch verst\u00e4rkt. Dies verleiht dem Baum eine <strong>k\u00fcnstlerische Dimension<\/strong>, die Ihre Aufmerksamkeit garantiert fesseln wird.<br \/>\n Sowohl im Sommer, wenn seine <strong>duftenden wei\u00dfen Bl\u00fcten<\/strong> in zarten Trauben erbl\u00fchen, als auch im Winter, wenn seine kahlen \u00c4ste die Komplexit\u00e4t ihrer Struktur offenbaren, beh\u00e4lt die gew\u00f6hnliche Robinie ihre <strong>Anziehungskraft<\/strong>.<br \/>\n Dank ihres <strong>langsamen Wachstums<\/strong> passt dieser Baum <strong>perfekt in kleine G\u00e4rten<\/strong>. Er erfordert nur minimale Pflege. Ferner ist er <strong>bemerkenswert resistent gegen K\u00e4lte und Trockenheit<\/strong> (sobald er sich gut etabliert hat). Dies macht ihn zur idealen Wahl f\u00fcr schwierige klimatische Bedingungen.<br \/>\n Um Ihnen einen schnellen und beeindruckenden Wuchs zu garantieren, werden unsere R. pseudoacacia &#8218;Twisty Baby&#8216; Pflanzen auf <strong>Stamm veredelt veredelt<\/strong>.<br \/>\n Dieser au\u00dfergew\u00f6hnliche Baum wird Ihren Garten <strong>versch\u00f6nern<\/strong> und Ihnen das <strong>ganze Jahr \u00fcber Freude<\/strong> bereiten.<\/p>\n<h2 data-sourcepos=\"3:1-3:77\">Wie pflanzt und pflegt man ROBINIA pseudoacacia &#8218;Twisty Baby&#8216;?<\/h2>\n<h3>Pflanzung<\/h3>\n<p>Dieser Robinie passt sich verschiedenen Umgebungen an und bietet so gro\u00dfe Freiheit bei der Integration in Ihrem Garten.<\/p>\n<p data-sourcepos=\"5:1-5:29\"><strong>Im Freiland oder im Topf: Sie haben die Wahl!<\/strong><\/p>\n<p data-sourcepos=\"7:1-7:97\">Dieser tolle Baum kann <strong>im Boden<\/strong> gedeihen, ob in Beeten oder alleinstehend. Er verleiht Ihren Gr\u00fcnanlagen einen Hauch von Charakter. Sie k\u00f6nnen sich auch f\u00fcr die <strong>Pflanzung in T\u00f6pfen oder Beh\u00e4ltern<\/strong> entscheiden, ideal zur Dekoration Ihrer Terrasse oder Ihres Balkons.<\/p>\n<p data-sourcepos=\"9:1-9:54\"><strong>Sonne oder Halbschatten: Er passt sich Ihren Vorlieben an<\/strong><\/p>\n<p data-sourcepos=\"11:1-11:201\">ROBINIA pseudoacacia &#8218;Twisty Baby&#8216; sch\u00e4tzt <strong>sonnige Standorte<\/strong>, vertr\u00e4gt aber auch <strong>Halbschatten<\/strong>. Pflanzen Sie sie also entsprechend Ihren W\u00fcnschen und der Gestaltung Ihres Gartens.<\/p>\n<p data-sourcepos=\"13:1-13:61\"><strong>Nasser, trockener oder mittelschwerer Boden: Sie ist nicht kompliziert<\/strong><\/p>\n<p data-sourcepos=\"15:1-15:27\">Ob Ihr Boden <strong>feucht, m\u00e4\u00dfig feucht oder trocken<\/strong> ist, ROBINIA pseudoacacia &#8218;Twisty Baby&#8216; kommt damit zurecht. Auch hinsichtlich des <strong>pH-Wertes des Bodens<\/strong> macht sie keine Launen und akzeptiert sowohl saure als auch neutrale oder kalkhaltige B\u00f6den.<\/p>\n<p data-sourcepos=\"17:1-17:53\"><strong>Leichter, normaler oder schwerer Boden: keine Einschr\u00e4nkungen<\/strong><\/p>\n<p data-sourcepos=\"19:1-19:196\">Die flexible Natur der ROBINIA pseudoacacia &#8218;Twisty Baby&#8216; erm\u00f6glicht ihr das Wachstum in B\u00f6den <strong>unterschiedlicher Textur<\/strong>. Ob <strong>leicht, normal oder schwer<\/strong>, dieser Baum wird keine Anspr\u00fcche stellen.<\/p>\n<p data-sourcepos=\"19:1-19:196\"><a href=\"https:\/\/www.vallonchene.fr\/comment-planter-et-entretenir-des-vegetaux\/\" target=\"_blank\" rel=\"noreferrer noopener\"><strong>F\u00fcr die richtige Vorbereitung des Topfes oder Pflanzlochs haben wir hier spezielle Anleitungen zusammengestellt<\/strong><\/a>.<\/p>\n<h3 data-sourcepos=\"19:1-19:196\">Pflege<\/h3>\n<p>Dieser Baum erfordert wenig Aufmerksamkeit, um Ihnen dennoch jahrelange Pracht zu schenken. Ein <strong>einfacher Transparenz-R\u00fcckschnitt<\/strong> im M\u00e4rz, bevor die Vegetation wieder einsetzt, reicht aus, um die nat\u00fcrlich harmonische Form zu betonen und die grafische Sch\u00f6nheit zu bewahren.<\/p>\n<p>Um die Bew\u00e4sserung der ROBINIA pseudoacacia &#8218;Twisty Baby&#8216; zu optimieren und den <strong>Wasserverbrauch zu reduzieren<\/strong>, z\u00f6gern Sie nicht, <a href=\"https:\/\/www.vallonchene.fr\/comment-bien-arroser-le-jardin-et-economiser-leau\/\"><strong>unsere speziellen Tipps hier zu konsultieren<\/strong><\/a>. Sie erhalten dort wertvolle Ratschl\u00e4ge, wie Sie Ihren Baum sinnvoll und \u00f6kologisch bew\u00e4ssern.<\/p>\n<h2>Geschichte und Herkunft<\/h2>\n<p data-sourcepos=\"3:1-3:66\">R. pseudoacacia &#8218;Twisty Baby&#8216;, auch bekannt als <strong>Zwerg-Trauerrobinie<\/strong>, ist eine relativ neue Variante von ROBINIA pseudoacacia, einem in Nordamerika beheimateten Baum.<\/p>\n<p data-sourcepos=\"5:1-5:27\"><strong>Eine amerikanische Kreation<\/strong><\/p>\n<p data-sourcepos=\"7:1-7:61\">Die Geschichte von R. pseudoacacia &#8218;Twisty Baby&#8216; begann <strong>1996<\/strong> in den Vereinigten Staaten. Zu diesem Zeitpunkt entdeckte ein amerikanischer G\u00e4rtner eine Robinie mit einer einzigartigen <strong>genetischen Mutation<\/strong>: Die \u00c4ste und der Stamm entwickelten sich <strong>verdreht und gewunden<\/strong>.<\/p>\n<p data-sourcepos=\"9:1-9:229\"><strong>Fasziniert von dieser Besonderheit<\/strong> beschloss der G\u00e4rtner, diese Mutation <strong>auf einen Wurzelstock zu pfropfen<\/strong>, um sie zu reproduzieren und eine neue Sorte zu schaffen. Nun war &#8218;Twisty Baby&#8216; geboren.<\/p>\n<p data-sourcepos=\"11:1-11:37\"><strong>Eine rasche Einf\u00fchrung in Europa<\/strong><\/p>\n<p data-sourcepos=\"13:1-13:106\">Robinia pseudoacacia &#8218;Twisty Baby&#8216; hat seit ihrer Entstehung <strong>gro\u00dfes Interesse<\/strong> bei Zierpflanzensammlern geweckt.<\/p>\n","protected":false},"excerpt":{"rendered":"<p>Diese <strong>gew\u00f6hnliche Robinie<\/strong> ist eine pr\u00e4chtige Trauerpflanze. <strong>ROBINIA pseudoacacia &#8218;Twisty Baby&#8216;<\/strong> hat dichtes gekr\u00e4useltes Laub und gewundenes Holz.<\/p>\n","protected":false},"featured_media":47828,"comment_status":"open","ping_status":"closed","template":"","meta":[],"product_brand":[],"product_cat":[252],"product_tag":[10994,10993,10996,10997,10995],"class_list":{"0":"post-23767","1":"product","2":"type-product","3":"status-publish","4":"has-post-thumbnail","6":"product_cat-straucher-und-baume-de","7":"product_tag-pseudoacacia-de","8":"product_tag-robinia-de","9":"product_tag-robinie-de","10":"product_tag-robinie-de-2","11":"product_tag-twisty-baby-de","12":"pa_99-hauteurapproximativeapres1-2_3m-de","13":"pa_couleurdesfleurs-weiss-de","14":"pa_couleurdufeuillage-grun-de","15":"pa_exigencesenhumidite-feucht-de","16":"pa_exigencesenhumidite-normal-de","17":"pa_exigencesenhumidite-trocken-de","18":"pa_expositionspossibles-ce-halbschattigsonnezw12und17-de","19":"pa_expositionspossibles-fc-schattigkeindirektessonnen-de","20":"pa_expositionspossibles-sonnigvon12bis17uhr-de","21":"pa_hauteurlivree-100-bis-125-cm","22":"pa_hauteurlivree-40-bis-50-cm","23":"pa_hauteurlivree-50-bis-60-cm","24":"pa_hauteurlivree-60-bis-80-cm","25":"pa_hauteurlivree-60-cm-stamm","26":"pa_hauteurlivree-70-bis-80-cm","27":"pa_hauteurlivree-80-bis-100-cm","28":"pa_interetauprintemps-bluten-de","29":"pa_interetauprintemps-form-de","30":"pa_interetauprintemps-jungesprossen-de","31":"pa_interetauprintemps-laub-de","32":"pa_interetenautomne-form-de","33":"pa_interetenautomne-laub-de","34":"pa_interetenete-form-de","35":"pa_interetenete-laub-de","36":"pa_interetenhiver-form-de","37":"pa_interetenhiver-rinde-de","38":"pa_naturedufeuillage-nichtimmergrun-de","39":"pa_naturesdesolpossibles-leicht-de","40":"pa_naturesdesolpossibles-normal-de","41":"pa_naturesdesolpossibles-schwer-de","42":"pa_particularites-form-de","43":"pa_particularites-furbonsaigeeignet-de","44":"pa_particularites-gewundenesholz-de","45":"pa_periodedefloraison-fruhling-de","46":"pa_periodedetaille-marz-de","47":"pa_phdusolacceptable-kalkigmehrals75-de","48":"pa_phdusolacceptable-neutralzw65u75-de","49":"pa_phdusolacceptable-sauerwenigerals65-de","50":"pa_portgraphisme-trauer-de","51":"pa_resistanceaufroidrusticite-frostbestandigunter_20c-de","52":"pa_tailledepot-1liter_topf-de","53":"pa_tailledepot-2liter_topf-de","54":"pa_tailledepot-3liter_topf-de","55":"pa_tailledepot-4liter_topf-de","56":"pa_tailledepot-5liter_topf-de","57":"pa_tailledepot-75liter_topf-de","58":"pa_utilisationpossible-alleinstehend-de","59":"pa_utilisationpossible-beet-de","60":"pa_utilisationpossible-kubelodertopf-de","62":"first","63":"instock","64":"taxable","65":"shipping-taxable","66":"purchasable","67":"product-type-variable","68":"has-default-attributes"},"supplier_id":null,"supplier_sku":"","barcode":null,"atum_controlled":true,"out_stock_date":null,"out_stock_threshold":null,"inheritable":true,"inbound_stock":0,"stock_on_hold":0,"sold_today":0,"sales_last_days":0,"reserved_stock":0,"customer_returns":0,"warehouse_damage":0,"lost_in_post":0,"other_logs":0,"out_stock_days":null,"lost_sales":0,"has_location":false,"update_date":"2026-04-15T12:21:36","atum_locations":[],"atum_stock_status":"instock","restock_status":false,"low_stock_amount":"","sales_update_date":"2026-02-18T15:50:19","calc_backorders":null,"yoast_head":"<!-- This site is optimized with the Yoast SEO Premium plugin v27.4 (Yoast SEO v27.4) - https:\/\/yoast.com\/product\/yoast-seo-premium-wordpress\/ -->\n<title>ROBINIA pseudoacacia &#039;Twisty Baby&#039; - gew\u00f6hnliche Robinie<\/title>\n<meta name=\"description\" content=\"Diese gew\u00f6hnliche Robinie ist eine pr\u00e4chtige Trauerpflanze. ROBINIA pseudoacacia &#039;Twisty Baby&#039; hat dichtes, gekr\u00e4useltes Blattwerk und gewundenes Holz.\" \/>\n<meta name=\"robots\" content=\"index, follow, max-snippet:-1, max-image-preview:large, max-video-preview:-1\" \/>\n<link rel=\"canonical\" href=\"https:\/\/www.vallonchene.fr\/de\/produkt\/robinia-pseudoacacia-twisty-baby-gewoehnliche-robinie\/\" \/>\n<meta property=\"og:locale\" content=\"de_DE\" \/>\n<meta property=\"og:type\" content=\"article\" \/>\n<meta property=\"og:title\" content=\"ROBINIA pseudoacacia &#039;Twisty Baby&#039;\" \/>\n<meta property=\"og:description\" content=\"Diese gew\u00f6hnliche Robinie ist eine pr\u00e4chtige Trauerpflanze. ROBINIA pseudoacacia &#039;Twisty Baby&#039; hat dichtes, gekr\u00e4useltes Blattwerk und gewundenes Holz.\" \/>\n<meta property=\"og:url\" content=\"https:\/\/www.vallonchene.fr\/de\/produkt\/robinia-pseudoacacia-twisty-baby-gewoehnliche-robinie\/\" \/>\n<meta property=\"og:site_name\" content=\"Vallonch\u00eane\" \/>\n<meta property=\"article:publisher\" content=\"https:\/\/www.facebook.com\/vallonchene.fr\" \/>\n<meta property=\"article:modified_time\" content=\"2024-11-28T14:33:19+00:00\" \/>\n<meta property=\"og:image\" content=\"https:\/\/www.vallonchene.fr\/wp-content\/uploads\/2024\/06\/ROBINIA-pseudoacacia-Twisty-Baby_02.webp\" \/>\n\t<meta property=\"og:image:width\" content=\"1024\" \/>\n\t<meta property=\"og:image:height\" content=\"1024\" \/>\n\t<meta property=\"og:image:type\" content=\"image\/webp\" \/>\n<meta name=\"twitter:card\" content=\"summary_large_image\" \/>\n<meta name=\"twitter:label1\" content=\"Verf\u00fcgbarkeit\" \/>\n\t<meta name=\"twitter:data1\" content=\"Vorr\u00e4tig\" \/>\n<script type=\"application\/ld+json\" class=\"yoast-schema-graph\">{\"@context\":\"https:\\\/\\\/schema.org\",\"@graph\":[{\"@type\":\"WebPage\",\"@id\":\"https:\\\/\\\/www.vallonchene.fr\\\/de\\\/produkt\\\/robinia-pseudoacacia-twisty-baby-gewoehnliche-robinie\\\/\",\"url\":\"https:\\\/\\\/www.vallonchene.fr\\\/de\\\/produkt\\\/robinia-pseudoacacia-twisty-baby-gewoehnliche-robinie\\\/\",\"name\":\"ROBINIA pseudoacacia 'Twisty Baby' - gew\u00f6hnliche Robinie\",\"isPartOf\":{\"@id\":\"https:\\\/\\\/www.vallonchene.fr\\\/de\\\/#website\"},\"primaryImageOfPage\":{\"@id\":\"https:\\\/\\\/www.vallonchene.fr\\\/de\\\/produkt\\\/robinia-pseudoacacia-twisty-baby-gewoehnliche-robinie\\\/#primaryimage\"},\"image\":{\"@id\":\"https:\\\/\\\/www.vallonchene.fr\\\/de\\\/produkt\\\/robinia-pseudoacacia-twisty-baby-gewoehnliche-robinie\\\/#primaryimage\"},\"thumbnailUrl\":\"https:\\\/\\\/www.vallonchene.fr\\\/wp-content\\\/uploads\\\/2024\\\/06\\\/ROBINIA-pseudoacacia-Twisty-Baby_02.webp\",\"datePublished\":\"2021-09-15T17:52:09+00:00\",\"dateModified\":\"2024-11-28T14:33:19+00:00\",\"description\":\"Diese gew\u00f6hnliche Robinie ist eine pr\u00e4chtige Trauerpflanze. ROBINIA pseudoacacia 'Twisty Baby' hat dichtes, gekr\u00e4useltes Blattwerk und gewundenes Holz.\",\"breadcrumb\":{\"@id\":\"https:\\\/\\\/www.vallonchene.fr\\\/de\\\/produkt\\\/robinia-pseudoacacia-twisty-baby-gewoehnliche-robinie\\\/#breadcrumb\"},\"inLanguage\":\"de\",\"potentialAction\":[{\"@type\":\"ReadAction\",\"target\":[\"https:\\\/\\\/www.vallonchene.fr\\\/de\\\/produkt\\\/robinia-pseudoacacia-twisty-baby-gewoehnliche-robinie\\\/\"]}]},{\"@type\":\"ImageObject\",\"inLanguage\":\"de\",\"@id\":\"https:\\\/\\\/www.vallonchene.fr\\\/de\\\/produkt\\\/robinia-pseudoacacia-twisty-baby-gewoehnliche-robinie\\\/#primaryimage\",\"url\":\"https:\\\/\\\/www.vallonchene.fr\\\/wp-content\\\/uploads\\\/2024\\\/06\\\/ROBINIA-pseudoacacia-Twisty-Baby_02.webp\",\"contentUrl\":\"https:\\\/\\\/www.vallonchene.fr\\\/wp-content\\\/uploads\\\/2024\\\/06\\\/ROBINIA-pseudoacacia-Twisty-Baby_02.webp\",\"width\":1024,\"height\":1024,\"caption\":\"Ein majest\u00e4tisches Exemplar der ROBINIA pseudoacacia 'Twisty Baby' im Valerianes-Garten\"},{\"@type\":\"BreadcrumbList\",\"@id\":\"https:\\\/\\\/www.vallonchene.fr\\\/de\\\/produkt\\\/robinia-pseudoacacia-twisty-baby-gewoehnliche-robinie\\\/#breadcrumb\",\"itemListElement\":[{\"@type\":\"ListItem\",\"position\":1,\"name\":\"Home\",\"item\":\"https:\\\/\\\/www.vallonchene.fr\\\/de\\\/\"},{\"@type\":\"ListItem\",\"position\":2,\"name\":\"Shop\",\"item\":\"https:\\\/\\\/www.vallonchene.fr\\\/de\\\/shop\\\/\"},{\"@type\":\"ListItem\",\"position\":3,\"name\":\"Online-Verkauf\",\"item\":\"https:\\\/\\\/www.vallonchene.fr\\\/de\\\/produkt-kategorie\\\/online-verkauf-de\\\/\"},{\"@type\":\"ListItem\",\"position\":4,\"name\":\"Baumschule\",\"item\":\"https:\\\/\\\/www.vallonchene.fr\\\/de\\\/produkt-kategorie\\\/online-verkauf-de\\\/baumschule-gaertnerei-de\\\/\"},{\"@type\":\"ListItem\",\"position\":5,\"name\":\"Str\u00e4ucher und B\u00e4ume\",\"item\":\"https:\\\/\\\/www.vallonchene.fr\\\/de\\\/produkt-kategorie\\\/online-verkauf-de\\\/baumschule-gaertnerei-de\\\/straucher-und-baume-de\\\/\"},{\"@type\":\"ListItem\",\"position\":6,\"name\":\"ROBINIA pseudoacacia &#8218;Twisty Baby&#8216;\"}]},{\"@type\":\"WebSite\",\"@id\":\"https:\\\/\\\/www.vallonchene.fr\\\/de\\\/#website\",\"url\":\"https:\\\/\\\/www.vallonchene.fr\\\/de\\\/\",\"name\":\"Vallonch\u00eane\",\"description\":\"Die Baumschule, bei der Qualit\u00e4t ihre Wurzeln hat \u2013 Tel.: +49 (0)6838-5399840\",\"publisher\":{\"@id\":\"https:\\\/\\\/www.vallonchene.fr\\\/de\\\/#organization\"},\"potentialAction\":[{\"@type\":\"SearchAction\",\"target\":{\"@type\":\"EntryPoint\",\"urlTemplate\":\"https:\\\/\\\/www.vallonchene.fr\\\/de\\\/?s={search_term_string}\"},\"query-input\":{\"@type\":\"PropertyValueSpecification\",\"valueRequired\":true,\"valueName\":\"search_term_string\"}}],\"inLanguage\":\"de\"},{\"@type\":\"Organization\",\"@id\":\"https:\\\/\\\/www.vallonchene.fr\\\/de\\\/#organization\",\"name\":\"VALLONCHENE\",\"url\":\"https:\\\/\\\/www.vallonchene.fr\\\/de\\\/\",\"logo\":{\"@type\":\"ImageObject\",\"inLanguage\":\"de\",\"@id\":\"https:\\\/\\\/www.vallonchene.fr\\\/de\\\/#\\\/schema\\\/logo\\\/image\\\/\",\"url\":\"https:\\\/\\\/www.vallonchene.fr\\\/wp-content\\\/uploads\\\/2023\\\/03\\\/Logo-Vallonchene-site-et-R_hauteur_100.png\",\"contentUrl\":\"https:\\\/\\\/www.vallonchene.fr\\\/wp-content\\\/uploads\\\/2023\\\/03\\\/Logo-Vallonchene-site-et-R_hauteur_100.png\",\"width\":221,\"height\":100,\"caption\":\"VALLONCHENE\"},\"image\":{\"@id\":\"https:\\\/\\\/www.vallonchene.fr\\\/de\\\/#\\\/schema\\\/logo\\\/image\\\/\"},\"sameAs\":[\"https:\\\/\\\/www.facebook.com\\\/vallonchene.fr\",\"https:\\\/\\\/www.instagram.com\\\/vallonchene\\\/\",\"https:\\\/\\\/www.pinterest.fr\\\/vallonchene\\\/\"],\"taxID\":\"49454502300017\",\"hasMerchantReturnPolicy\":{\"@type\":\"MerchantReturnPolicy\",\"merchantReturnLink\":\"https:\\\/\\\/www.vallonchene.fr\\\/remboursements_retours\\\/\"}}]}<\/script>\n<meta property=\"og:availability\" content=\"instock\" \/>\n<meta property=\"product:availability\" content=\"instock\" \/>\n<meta property=\"product:retailer_item_id\" content=\"29875\" \/>\n<meta property=\"product:condition\" content=\"new\" \/>\n<!-- \/ Yoast SEO Premium plugin. -->","yoast_head_json":{"title":"ROBINIA pseudoacacia 'Twisty Baby' - gew\u00f6hnliche Robinie","description":"Diese gew\u00f6hnliche Robinie ist eine pr\u00e4chtige Trauerpflanze. ROBINIA pseudoacacia 'Twisty Baby' hat dichtes, gekr\u00e4useltes Blattwerk und gewundenes Holz.","robots":{"index":"index","follow":"follow","max-snippet":"max-snippet:-1","max-image-preview":"max-image-preview:large","max-video-preview":"max-video-preview:-1"},"canonical":"https:\/\/www.vallonchene.fr\/de\/produkt\/robinia-pseudoacacia-twisty-baby-gewoehnliche-robinie\/","og_locale":"de_DE","og_type":"article","og_title":"ROBINIA pseudoacacia 'Twisty Baby'","og_description":"Diese gew\u00f6hnliche Robinie ist eine pr\u00e4chtige Trauerpflanze. ROBINIA pseudoacacia 'Twisty Baby' hat dichtes, gekr\u00e4useltes Blattwerk und gewundenes Holz.","og_url":"https:\/\/www.vallonchene.fr\/de\/produkt\/robinia-pseudoacacia-twisty-baby-gewoehnliche-robinie\/","og_site_name":"Vallonch\u00eane","article_publisher":"https:\/\/www.facebook.com\/vallonchene.fr","article_modified_time":"2024-11-28T14:33:19+00:00","og_image":[{"width":1024,"height":1024,"url":"https:\/\/www.vallonchene.fr\/wp-content\/uploads\/2024\/06\/ROBINIA-pseudoacacia-Twisty-Baby_02.webp","type":"image\/webp"}],"twitter_card":"summary_large_image","twitter_misc":{"Verf\u00fcgbarkeit":"Vorr\u00e4tig"},"schema":{"@context":"https:\/\/schema.org","@graph":[{"@type":"WebPage","@id":"https:\/\/www.vallonchene.fr\/de\/produkt\/robinia-pseudoacacia-twisty-baby-gewoehnliche-robinie\/","url":"https:\/\/www.vallonchene.fr\/de\/produkt\/robinia-pseudoacacia-twisty-baby-gewoehnliche-robinie\/","name":"ROBINIA pseudoacacia 'Twisty Baby' - gew\u00f6hnliche Robinie","isPartOf":{"@id":"https:\/\/www.vallonchene.fr\/de\/#website"},"primaryImageOfPage":{"@id":"https:\/\/www.vallonchene.fr\/de\/produkt\/robinia-pseudoacacia-twisty-baby-gewoehnliche-robinie\/#primaryimage"},"image":{"@id":"https:\/\/www.vallonchene.fr\/de\/produkt\/robinia-pseudoacacia-twisty-baby-gewoehnliche-robinie\/#primaryimage"},"thumbnailUrl":"https:\/\/www.vallonchene.fr\/wp-content\/uploads\/2024\/06\/ROBINIA-pseudoacacia-Twisty-Baby_02.webp","datePublished":"2021-09-15T17:52:09+00:00","dateModified":"2024-11-28T14:33:19+00:00","description":"Diese gew\u00f6hnliche Robinie ist eine pr\u00e4chtige Trauerpflanze. ROBINIA pseudoacacia 'Twisty Baby' hat dichtes, gekr\u00e4useltes Blattwerk und gewundenes Holz.","breadcrumb":{"@id":"https:\/\/www.vallonchene.fr\/de\/produkt\/robinia-pseudoacacia-twisty-baby-gewoehnliche-robinie\/#breadcrumb"},"inLanguage":"de","potentialAction":[{"@type":"ReadAction","target":["https:\/\/www.vallonchene.fr\/de\/produkt\/robinia-pseudoacacia-twisty-baby-gewoehnliche-robinie\/"]}]},{"@type":"ImageObject","inLanguage":"de","@id":"https:\/\/www.vallonchene.fr\/de\/produkt\/robinia-pseudoacacia-twisty-baby-gewoehnliche-robinie\/#primaryimage","url":"https:\/\/www.vallonchene.fr\/wp-content\/uploads\/2024\/06\/ROBINIA-pseudoacacia-Twisty-Baby_02.webp","contentUrl":"https:\/\/www.vallonchene.fr\/wp-content\/uploads\/2024\/06\/ROBINIA-pseudoacacia-Twisty-Baby_02.webp","width":1024,"height":1024,"caption":"Ein majest\u00e4tisches Exemplar der ROBINIA pseudoacacia 'Twisty Baby' im Valerianes-Garten"},{"@type":"BreadcrumbList","@id":"https:\/\/www.vallonchene.fr\/de\/produkt\/robinia-pseudoacacia-twisty-baby-gewoehnliche-robinie\/#breadcrumb","itemListElement":[{"@type":"ListItem","position":1,"name":"Home","item":"https:\/\/www.vallonchene.fr\/de\/"},{"@type":"ListItem","position":2,"name":"Shop","item":"https:\/\/www.vallonchene.fr\/de\/shop\/"},{"@type":"ListItem","position":3,"name":"Online-Verkauf","item":"https:\/\/www.vallonchene.fr\/de\/produkt-kategorie\/online-verkauf-de\/"},{"@type":"ListItem","position":4,"name":"Baumschule","item":"https:\/\/www.vallonchene.fr\/de\/produkt-kategorie\/online-verkauf-de\/baumschule-gaertnerei-de\/"},{"@type":"ListItem","position":5,"name":"Str\u00e4ucher und B\u00e4ume","item":"https:\/\/www.vallonchene.fr\/de\/produkt-kategorie\/online-verkauf-de\/baumschule-gaertnerei-de\/straucher-und-baume-de\/"},{"@type":"ListItem","position":6,"name":"ROBINIA pseudoacacia &#8218;Twisty Baby&#8216;"}]},{"@type":"WebSite","@id":"https:\/\/www.vallonchene.fr\/de\/#website","url":"https:\/\/www.vallonchene.fr\/de\/","name":"Vallonch\u00eane","description":"Die Baumschule, bei der Qualit\u00e4t ihre Wurzeln hat \u2013 Tel.: +49 (0)6838-5399840","publisher":{"@id":"https:\/\/www.vallonchene.fr\/de\/#organization"},"potentialAction":[{"@type":"SearchAction","target":{"@type":"EntryPoint","urlTemplate":"https:\/\/www.vallonchene.fr\/de\/?s={search_term_string}"},"query-input":{"@type":"PropertyValueSpecification","valueRequired":true,"valueName":"search_term_string"}}],"inLanguage":"de"},{"@type":"Organization","@id":"https:\/\/www.vallonchene.fr\/de\/#organization","name":"VALLONCHENE","url":"https:\/\/www.vallonchene.fr\/de\/","logo":{"@type":"ImageObject","inLanguage":"de","@id":"https:\/\/www.vallonchene.fr\/de\/#\/schema\/logo\/image\/","url":"https:\/\/www.vallonchene.fr\/wp-content\/uploads\/2023\/03\/Logo-Vallonchene-site-et-R_hauteur_100.png","contentUrl":"https:\/\/www.vallonchene.fr\/wp-content\/uploads\/2023\/03\/Logo-Vallonchene-site-et-R_hauteur_100.png","width":221,"height":100,"caption":"VALLONCHENE"},"image":{"@id":"https:\/\/www.vallonchene.fr\/de\/#\/schema\/logo\/image\/"},"sameAs":["https:\/\/www.facebook.com\/vallonchene.fr","https:\/\/www.instagram.com\/vallonchene\/","https:\/\/www.pinterest.fr\/vallonchene\/"],"taxID":"49454502300017","hasMerchantReturnPolicy":{"@type":"MerchantReturnPolicy","merchantReturnLink":"https:\/\/www.vallonchene.fr\/remboursements_retours\/"}}]},"og_availability":"instock","product_availability":"instock","product_retailer_item_id":"29875","product_condition":"new"},"_links":{"self":[{"href":"https:\/\/www.vallonchene.fr\/de\/wp-json\/wp\/v2\/product\/23767","targetHints":{"allow":["GET"]}}],"collection":[{"href":"https:\/\/www.vallonchene.fr\/de\/wp-json\/wp\/v2\/product"}],"about":[{"href":"https:\/\/www.vallonchene.fr\/de\/wp-json\/wp\/v2\/types\/product"}],"replies":[{"embeddable":true,"href":"https:\/\/www.vallonchene.fr\/de\/wp-json\/wp\/v2\/comments?post=23767"}],"wp:featuredmedia":[{"embeddable":true,"href":"https:\/\/www.vallonchene.fr\/de\/wp-json\/wp\/v2\/media\/47828"}],"wp:attachment":[{"href":"https:\/\/www.vallonchene.fr\/de\/wp-json\/wp\/v2\/media?parent=23767"}],"wp:term":[{"taxonomy":"product_brand","embeddable":true,"href":"https:\/\/www.vallonchene.fr\/de\/wp-json\/wp\/v2\/product_brand?post=23767"},{"taxonomy":"product_cat","embeddable":true,"href":"https:\/\/www.vallonchene.fr\/de\/wp-json\/wp\/v2\/product_cat?post=23767"},{"taxonomy":"product_tag","embeddable":true,"href":"https:\/\/www.vallonchene.fr\/de\/wp-json\/wp\/v2\/product_tag?post=23767"}],"curies":[{"name":"wp","href":"https:\/\/api.w.org\/{rel}","templated":true}]}}