{"id":23624,"date":"2021-08-31T11:10:30","date_gmt":"2021-08-31T11:10:30","guid":{"rendered":"https:\/\/testing.vallonchene.fr\/produit\/hydrangea-panciluata-hercules-grhp14\/"},"modified":"2025-10-09T18:18:54","modified_gmt":"2025-10-09T16:18:54","slug":"hydrangea-paniculata-hercules-grhp14","status":"publish","type":"product","link":"https:\/\/www.vallonchene.fr\/de\/produkt\/hydrangea-paniculata-hercules-grhp14\/","title":{"rendered":"HYDRANGEA paniculata &#8218;Hercules&#8216; (GRHP14)"},"content":{"rendered":"\r\n<p><strong>HYDRANGEA paniculata &#8218;Hercules&#8216;<\/strong> (R) ist eine der Rispenhortensien, die Sie unbedingt haben m\u00fcssen. <br \/>Tats\u00e4chlich entwickelt sie <strong>gro\u00dfe und zahlreiche Bl\u00fcten<\/strong>. Sie beginnen <strong>cremefarben<\/strong>, werden sp\u00e4ter in der Saison <strong>wei\u00df<\/strong> und enden <strong>rosa<\/strong>. Diese Rispen k\u00f6nnen <strong>bis zu 30 cm lang<\/strong> sein und mehrere Monate halten! Weiterhin sind<strong> die St\u00e4ngel sehr stark<\/strong> und biegen sich im Gegensatz zu vielen anderen HYDRANGEA paniculata NICHT unter dem Gewicht der Bl\u00fcten ein. Die Pflanze erreicht eine<strong> H\u00f6he von 1,5 m bis 2 m<\/strong>.<\/p>\r\n<p>Um die anderen derzeit erh\u00e4ltlichen HYDRANGEA-Sorten anzuzeigen, <a href=\"https:\/\/www.vallonchene.fr\/de\/?s=hydrangea&amp;post_type=product&amp;dgwt_wcas=1&amp;lang=de&amp;filter_stock_status=instock\"><strong>klicken Sie bitte hier<\/strong><\/a>.<\/p>\r\n\r\n\r\n\r\n\r\n\r\n<h2 id=\"h-wie-man-hydrangea-paniculata-hercules-r-pflanzt-und-pflegt\" class=\"wp-block-heading\">Wie man HYDRANGEA paniculata &#8218;Hercules&#8216; (R) pflanzt und pflegt<\/h2>\r\n\r\n\r\n\r\n<p>Pflanzen Sie diese Rispenhortensie <strong>an einen sonnigen Ort oder in den Halbschatten<\/strong>. Sie mag <strong>feuchte oder m\u00e4\u00dfig feuchte B\u00f6den<\/strong>, vertr\u00e4gt aber auch trockene B\u00f6den. Der Boden kann <strong>leicht, normal oder schwer<\/strong> sein und einen <strong>sauren, neutralen oder kalkhaltigen pH-Wert<\/strong> haben.<\/p>\r\n<p>HYDRANGEA paniculata eignen sich hervorragend f\u00fcr die <strong>Pflanzung in Hecken, K\u00fcbeln oder Beeten<\/strong>.<\/p>\r\n<p><strong>Tipp<\/strong>: Beschneiden Sie die HDYRANGEA paniculata &#8218;Hercules&#8216; (R) jedes Jahr im M\u00e4rz oder April um zwei drittel ihrer H\u00f6he. Je mehr Sie sie reduzieren, desto gr\u00f6\u00dfer werden die Bl\u00fcten in der folgenden Saison.<\/p>\r\n<p>F\u00fcr eine gute Vorbereitung des Topfes oder des Pflanzlochs haben wir <a href=\"https:\/\/www.vallonchene.fr\/de\/wie-man-pflanzen-pflanzt-und-pflegt\/\" target=\"_blank\" rel=\"noreferrer noopener\"><strong>hier eine spezielle Anleitung zusammengestellt<\/strong><\/a>. Entdecken Sie hier, <a href=\"https:\/\/www.vallonchene.fr\/de\/den-garten-richtig-bewaessern-und-wasser-sparen\/\"><strong>wie man den Garten richtig bew\u00e4ssert und gleichzeitig Wasser spart<\/strong><\/a>.<\/p>\r\n\r\n\r\n\r\n\r\n\r\n\r\n\r\n\r\n\r\n<h2 id=\"h-geschichte-und-herkunft\" class=\"wp-block-heading\">Geschichte und Herkunft<\/h2>\r\n\r\n\r\n\r\n<p>HYDRANGEA paniculata ist in Japan und China endemisch und wurde in die Vereinigten Staaten eingef\u00fchrt. Sie w\u00e4chst dort in artenreichen W\u00e4ldern, auf Wiesen und an Flussufern in H\u00f6henlagen von 300 bis 3.100 Metern.<\/p>\r\n<p>Rispenhortensien sind w\u00e4rmeliebend und k\u00e4lteresistent.<\/p>\r\n<p>Die Art wurde erstmals 1829 von <a href=\"https:\/\/de.wikipedia.org\/wiki\/Philipp_Franz_von_Siebold\"><strong>Philipp Franz von Siebold<\/strong><\/a> beschrieben.<\/p>\r\n<p>Heutzutage sch\u00e4tzen G\u00e4rtner sie und nutzen sie als Zierpflanze.<\/p>\r\n\r\n\r\n\r\n\r\n\r\n\r\n","protected":false},"excerpt":{"rendered":"<p>Diese <b>Rispenhortensie<\/b> entwickelt gro\u00dfe, wei\u00dfe Bl\u00fcten, die sehr dicht sind. Die St\u00e4mme der <b>HYDRANGEA paniculata &#8218;Hercules&#8216;<\/b> (R) sind sehr solide und biegen sich nicht unter dem Gewicht ihrer Bl\u00fcten.<\/p>\n","protected":false},"featured_media":23621,"comment_status":"open","ping_status":"closed","template":"","meta":[],"product_brand":[],"product_cat":[252],"product_tag":[10680,10677,10678,10679],"class_list":{"0":"post-23624","1":"product","2":"type-product","3":"status-publish","4":"has-post-thumbnail","6":"product_cat-straucher-und-baume-de","7":"product_tag-hercules-grhp14-de","8":"product_tag-hydrangea-de","9":"product_tag-hydrangea-paniculata-de","10":"product_tag-rispenhortensie-de","11":"pa_99-hauteurapproximativeapres1-150a200m-de","12":"pa_couleurdesfleurs-weiss-de","13":"pa_couleurdufeuillage-grun-de","14":"pa_exigencesenhumidite-feucht-de","15":"pa_exigencesenhumidite-normal-de","16":"pa_exigencesenhumidite-trocken-de","17":"pa_expositionspossibles-ce-halbschattigsonnezw12und17-de","18":"pa_expositionspossibles-sonnigvon12bis17uhr-de","19":"pa_hauteurlivree-40-bis-50-cm","20":"pa_hauteurlivree-60-bis-80-cm","21":"pa_interetauprintemps-laub-de","22":"pa_interetenautomne-laub-de","23":"pa_interetenete-bluten-de","24":"pa_interetenete-laub-de","25":"pa_naturedufeuillage-nichtimmergrun-de","26":"pa_naturesdesolpossibles-leicht-de","27":"pa_naturesdesolpossibles-normal-de","28":"pa_naturesdesolpossibles-schwer-de","29":"pa_periodedefloraison-sommer-de","30":"pa_periodedetaille-marz-de","31":"pa_phdusolacceptable-kalkigmehrals75-de","32":"pa_phdusolacceptable-neutralzw65u75-de","33":"pa_phdusolacceptable-sauerwenigerals65-de","34":"pa_portgraphisme-rund-de","35":"pa_resistanceaufroidrusticite-frostbestandigunter_20c-de","36":"pa_tailledepot-3liter_topf-de","37":"pa_tailledepot-4liter_topf-de","38":"pa_utilisationpossible-beet-de","39":"pa_utilisationpossible-hecke-de","40":"pa_utilisationpossible-kubelodertopf-de","42":"first","43":"outofstock","44":"taxable","45":"shipping-taxable","46":"purchasable","47":"product-type-variable","48":"has-default-attributes"},"supplier_id":null,"supplier_sku":"","barcode":null,"atum_controlled":true,"out_stock_date":null,"out_stock_threshold":null,"inheritable":true,"inbound_stock":0,"stock_on_hold":1,"sold_today":0,"sales_last_days":0,"reserved_stock":0,"customer_returns":0,"warehouse_damage":0,"lost_in_post":0,"other_logs":0,"out_stock_days":null,"lost_sales":0,"has_location":false,"update_date":"2026-03-19T09:41:47","atum_locations":[],"atum_stock_status":"instock","restock_status":false,"low_stock_amount":"","sales_update_date":"2024-12-28T13:56:49","calc_backorders":null,"yoast_head":"<!-- This site is optimized with the Yoast SEO Premium plugin v27.5 (Yoast SEO v27.5) - https:\/\/yoast.com\/product\/yoast-seo-premium-wordpress\/ -->\n<title>HYDRANGEA paniculata &#039;Hercules&#039; (GRHP14) - Rispenhortensie<\/title>\n<meta name=\"description\" content=\"Diese Rispenhortensie hat gro\u00dfe wei\u00dfe Bl\u00fcten, die sehr dicht sind. Die HYDRANGEA paniculata &#039;Hercules&#039; ist sehr frostbest\u00e4ndig.\" \/>\n<meta name=\"robots\" content=\"index, follow, max-snippet:-1, max-image-preview:large, max-video-preview:-1\" \/>\n<link rel=\"canonical\" href=\"https:\/\/www.vallonchene.fr\/de\/produkt\/hydrangea-paniculata-hercules-grhp14\/\" \/>\n<meta property=\"og:locale\" content=\"de_DE\" \/>\n<meta property=\"og:type\" content=\"article\" \/>\n<meta property=\"og:title\" content=\"HYDRANGEA paniculata &#039;Hercules&#039; (GRHP14)\" \/>\n<meta property=\"og:description\" content=\"Diese Rispenhortensie hat gro\u00dfe wei\u00dfe Bl\u00fcten, die sehr dicht sind. Die HYDRANGEA paniculata &#039;Hercules&#039; ist sehr frostbest\u00e4ndig.\" \/>\n<meta property=\"og:url\" content=\"https:\/\/www.vallonchene.fr\/de\/produkt\/hydrangea-paniculata-hercules-grhp14\/\" \/>\n<meta property=\"og:site_name\" content=\"Vallonch\u00eane\" \/>\n<meta property=\"article:publisher\" content=\"https:\/\/www.facebook.com\/vallonchene.fr\" \/>\n<meta property=\"article:modified_time\" content=\"2025-10-09T16:18:54+00:00\" \/>\n<meta property=\"og:image\" content=\"https:\/\/www.vallonchene.fr\/wp-content\/uploads\/2021\/08\/3937-2a2-HYDRANGEA-panciluata-Hercules-GRHP14.jpg\" \/>\n\t<meta property=\"og:image:width\" content=\"1600\" \/>\n\t<meta property=\"og:image:height\" content=\"1600\" \/>\n\t<meta property=\"og:image:type\" content=\"image\/jpeg\" \/>\n<meta name=\"twitter:card\" content=\"summary_large_image\" \/>\n<meta name=\"twitter:label1\" content=\"Verf\u00fcgbarkeit\" \/>\n\t<meta name=\"twitter:data1\" content=\"Nicht vorr\u00e4tig\" \/>\n<script type=\"application\/ld+json\" class=\"yoast-schema-graph\">{\"@context\":\"https:\\\/\\\/schema.org\",\"@graph\":[{\"@type\":\"WebPage\",\"@id\":\"https:\\\/\\\/www.vallonchene.fr\\\/de\\\/produkt\\\/hydrangea-paniculata-hercules-grhp14\\\/\",\"url\":\"https:\\\/\\\/www.vallonchene.fr\\\/de\\\/produkt\\\/hydrangea-paniculata-hercules-grhp14\\\/\",\"name\":\"HYDRANGEA paniculata 'Hercules' (GRHP14) - Rispenhortensie\",\"isPartOf\":{\"@id\":\"https:\\\/\\\/www.vallonchene.fr\\\/de\\\/#website\"},\"primaryImageOfPage\":{\"@id\":\"https:\\\/\\\/www.vallonchene.fr\\\/de\\\/produkt\\\/hydrangea-paniculata-hercules-grhp14\\\/#primaryimage\"},\"image\":{\"@id\":\"https:\\\/\\\/www.vallonchene.fr\\\/de\\\/produkt\\\/hydrangea-paniculata-hercules-grhp14\\\/#primaryimage\"},\"thumbnailUrl\":\"https:\\\/\\\/www.vallonchene.fr\\\/wp-content\\\/uploads\\\/2021\\\/08\\\/3937-2a2-HYDRANGEA-panciluata-Hercules-GRHP14.jpg\",\"datePublished\":\"2021-08-31T11:10:30+00:00\",\"dateModified\":\"2025-10-09T16:18:54+00:00\",\"description\":\"Diese Rispenhortensie hat gro\u00dfe wei\u00dfe Bl\u00fcten, die sehr dicht sind. Die HYDRANGEA paniculata 'Hercules' ist sehr frostbest\u00e4ndig.\",\"breadcrumb\":{\"@id\":\"https:\\\/\\\/www.vallonchene.fr\\\/de\\\/produkt\\\/hydrangea-paniculata-hercules-grhp14\\\/#breadcrumb\"},\"inLanguage\":\"de\",\"potentialAction\":[{\"@type\":\"ReadAction\",\"target\":[\"https:\\\/\\\/www.vallonchene.fr\\\/de\\\/produkt\\\/hydrangea-paniculata-hercules-grhp14\\\/\"]}]},{\"@type\":\"ImageObject\",\"inLanguage\":\"de\",\"@id\":\"https:\\\/\\\/www.vallonchene.fr\\\/de\\\/produkt\\\/hydrangea-paniculata-hercules-grhp14\\\/#primaryimage\",\"url\":\"https:\\\/\\\/www.vallonchene.fr\\\/wp-content\\\/uploads\\\/2021\\\/08\\\/3937-2a2-HYDRANGEA-panciluata-Hercules-GRHP14.jpg\",\"contentUrl\":\"https:\\\/\\\/www.vallonchene.fr\\\/wp-content\\\/uploads\\\/2021\\\/08\\\/3937-2a2-HYDRANGEA-panciluata-Hercules-GRHP14.jpg\",\"width\":1600,\"height\":1600},{\"@type\":\"BreadcrumbList\",\"@id\":\"https:\\\/\\\/www.vallonchene.fr\\\/de\\\/produkt\\\/hydrangea-paniculata-hercules-grhp14\\\/#breadcrumb\",\"itemListElement\":[{\"@type\":\"ListItem\",\"position\":1,\"name\":\"Home\",\"item\":\"https:\\\/\\\/www.vallonchene.fr\\\/de\\\/\"},{\"@type\":\"ListItem\",\"position\":2,\"name\":\"Shop\",\"item\":\"https:\\\/\\\/www.vallonchene.fr\\\/de\\\/shop\\\/\"},{\"@type\":\"ListItem\",\"position\":3,\"name\":\"Online-Verkauf\",\"item\":\"https:\\\/\\\/www.vallonchene.fr\\\/de\\\/produkt-kategorie\\\/online-verkauf-de\\\/\"},{\"@type\":\"ListItem\",\"position\":4,\"name\":\"Baumschule\",\"item\":\"https:\\\/\\\/www.vallonchene.fr\\\/de\\\/produkt-kategorie\\\/online-verkauf-de\\\/baumschule-gaertnerei-de\\\/\"},{\"@type\":\"ListItem\",\"position\":5,\"name\":\"Str\u00e4ucher und B\u00e4ume\",\"item\":\"https:\\\/\\\/www.vallonchene.fr\\\/de\\\/produkt-kategorie\\\/online-verkauf-de\\\/baumschule-gaertnerei-de\\\/straucher-und-baume-de\\\/\"},{\"@type\":\"ListItem\",\"position\":6,\"name\":\"HYDRANGEA paniculata &#8216;Hercules&#8217; (GRHP14)\"}]},{\"@type\":\"WebSite\",\"@id\":\"https:\\\/\\\/www.vallonchene.fr\\\/de\\\/#website\",\"url\":\"https:\\\/\\\/www.vallonchene.fr\\\/de\\\/\",\"name\":\"Vallonch\u00eane\",\"description\":\"Die Baumschule, bei der Qualit\u00e4t ihre Wurzeln hat \u2013 Tel.: +49 (0)6838-5399840\",\"publisher\":{\"@id\":\"https:\\\/\\\/www.vallonchene.fr\\\/de\\\/#organization\"},\"potentialAction\":[{\"@type\":\"SearchAction\",\"target\":{\"@type\":\"EntryPoint\",\"urlTemplate\":\"https:\\\/\\\/www.vallonchene.fr\\\/de\\\/?s={search_term_string}\"},\"query-input\":{\"@type\":\"PropertyValueSpecification\",\"valueRequired\":true,\"valueName\":\"search_term_string\"}}],\"inLanguage\":\"de\"},{\"@type\":\"Organization\",\"@id\":\"https:\\\/\\\/www.vallonchene.fr\\\/de\\\/#organization\",\"name\":\"VALLONCHENE\",\"url\":\"https:\\\/\\\/www.vallonchene.fr\\\/de\\\/\",\"logo\":{\"@type\":\"ImageObject\",\"inLanguage\":\"de\",\"@id\":\"https:\\\/\\\/www.vallonchene.fr\\\/de\\\/#\\\/schema\\\/logo\\\/image\\\/\",\"url\":\"https:\\\/\\\/www.vallonchene.fr\\\/wp-content\\\/uploads\\\/2023\\\/03\\\/Logo-Vallonchene-site-et-R_hauteur_100.png\",\"contentUrl\":\"https:\\\/\\\/www.vallonchene.fr\\\/wp-content\\\/uploads\\\/2023\\\/03\\\/Logo-Vallonchene-site-et-R_hauteur_100.png\",\"width\":221,\"height\":100,\"caption\":\"VALLONCHENE\"},\"image\":{\"@id\":\"https:\\\/\\\/www.vallonchene.fr\\\/de\\\/#\\\/schema\\\/logo\\\/image\\\/\"},\"sameAs\":[\"https:\\\/\\\/www.facebook.com\\\/vallonchene.fr\",\"https:\\\/\\\/www.instagram.com\\\/vallonchene\\\/\",\"https:\\\/\\\/www.pinterest.fr\\\/vallonchene\\\/\"],\"taxID\":\"49454502300017\",\"hasMerchantReturnPolicy\":{\"@type\":\"MerchantReturnPolicy\",\"merchantReturnLink\":\"https:\\\/\\\/www.vallonchene.fr\\\/remboursements_retours\\\/\"}}]}<\/script>\n<meta property=\"og:availability\" content=\"out of stock\" \/>\n<meta property=\"product:availability\" content=\"out of stock\" \/>\n<meta property=\"product:retailer_item_id\" content=\"44861\" \/>\n<meta property=\"product:condition\" content=\"new\" \/>\n<!-- \/ Yoast SEO Premium plugin. -->","yoast_head_json":{"title":"HYDRANGEA paniculata 'Hercules' (GRHP14) - Rispenhortensie","description":"Diese Rispenhortensie hat gro\u00dfe wei\u00dfe Bl\u00fcten, die sehr dicht sind. Die HYDRANGEA paniculata 'Hercules' ist sehr frostbest\u00e4ndig.","robots":{"index":"index","follow":"follow","max-snippet":"max-snippet:-1","max-image-preview":"max-image-preview:large","max-video-preview":"max-video-preview:-1"},"canonical":"https:\/\/www.vallonchene.fr\/de\/produkt\/hydrangea-paniculata-hercules-grhp14\/","og_locale":"de_DE","og_type":"article","og_title":"HYDRANGEA paniculata 'Hercules' (GRHP14)","og_description":"Diese Rispenhortensie hat gro\u00dfe wei\u00dfe Bl\u00fcten, die sehr dicht sind. Die HYDRANGEA paniculata 'Hercules' ist sehr frostbest\u00e4ndig.","og_url":"https:\/\/www.vallonchene.fr\/de\/produkt\/hydrangea-paniculata-hercules-grhp14\/","og_site_name":"Vallonch\u00eane","article_publisher":"https:\/\/www.facebook.com\/vallonchene.fr","article_modified_time":"2025-10-09T16:18:54+00:00","og_image":[{"width":1600,"height":1600,"url":"https:\/\/www.vallonchene.fr\/wp-content\/uploads\/2021\/08\/3937-2a2-HYDRANGEA-panciluata-Hercules-GRHP14.jpg","type":"image\/jpeg"}],"twitter_card":"summary_large_image","twitter_misc":{"Verf\u00fcgbarkeit":"Nicht vorr\u00e4tig"},"schema":{"@context":"https:\/\/schema.org","@graph":[{"@type":"WebPage","@id":"https:\/\/www.vallonchene.fr\/de\/produkt\/hydrangea-paniculata-hercules-grhp14\/","url":"https:\/\/www.vallonchene.fr\/de\/produkt\/hydrangea-paniculata-hercules-grhp14\/","name":"HYDRANGEA paniculata 'Hercules' (GRHP14) - Rispenhortensie","isPartOf":{"@id":"https:\/\/www.vallonchene.fr\/de\/#website"},"primaryImageOfPage":{"@id":"https:\/\/www.vallonchene.fr\/de\/produkt\/hydrangea-paniculata-hercules-grhp14\/#primaryimage"},"image":{"@id":"https:\/\/www.vallonchene.fr\/de\/produkt\/hydrangea-paniculata-hercules-grhp14\/#primaryimage"},"thumbnailUrl":"https:\/\/www.vallonchene.fr\/wp-content\/uploads\/2021\/08\/3937-2a2-HYDRANGEA-panciluata-Hercules-GRHP14.jpg","datePublished":"2021-08-31T11:10:30+00:00","dateModified":"2025-10-09T16:18:54+00:00","description":"Diese Rispenhortensie hat gro\u00dfe wei\u00dfe Bl\u00fcten, die sehr dicht sind. Die HYDRANGEA paniculata 'Hercules' ist sehr frostbest\u00e4ndig.","breadcrumb":{"@id":"https:\/\/www.vallonchene.fr\/de\/produkt\/hydrangea-paniculata-hercules-grhp14\/#breadcrumb"},"inLanguage":"de","potentialAction":[{"@type":"ReadAction","target":["https:\/\/www.vallonchene.fr\/de\/produkt\/hydrangea-paniculata-hercules-grhp14\/"]}]},{"@type":"ImageObject","inLanguage":"de","@id":"https:\/\/www.vallonchene.fr\/de\/produkt\/hydrangea-paniculata-hercules-grhp14\/#primaryimage","url":"https:\/\/www.vallonchene.fr\/wp-content\/uploads\/2021\/08\/3937-2a2-HYDRANGEA-panciluata-Hercules-GRHP14.jpg","contentUrl":"https:\/\/www.vallonchene.fr\/wp-content\/uploads\/2021\/08\/3937-2a2-HYDRANGEA-panciluata-Hercules-GRHP14.jpg","width":1600,"height":1600},{"@type":"BreadcrumbList","@id":"https:\/\/www.vallonchene.fr\/de\/produkt\/hydrangea-paniculata-hercules-grhp14\/#breadcrumb","itemListElement":[{"@type":"ListItem","position":1,"name":"Home","item":"https:\/\/www.vallonchene.fr\/de\/"},{"@type":"ListItem","position":2,"name":"Shop","item":"https:\/\/www.vallonchene.fr\/de\/shop\/"},{"@type":"ListItem","position":3,"name":"Online-Verkauf","item":"https:\/\/www.vallonchene.fr\/de\/produkt-kategorie\/online-verkauf-de\/"},{"@type":"ListItem","position":4,"name":"Baumschule","item":"https:\/\/www.vallonchene.fr\/de\/produkt-kategorie\/online-verkauf-de\/baumschule-gaertnerei-de\/"},{"@type":"ListItem","position":5,"name":"Str\u00e4ucher und B\u00e4ume","item":"https:\/\/www.vallonchene.fr\/de\/produkt-kategorie\/online-verkauf-de\/baumschule-gaertnerei-de\/straucher-und-baume-de\/"},{"@type":"ListItem","position":6,"name":"HYDRANGEA paniculata &#8216;Hercules&#8217; (GRHP14)"}]},{"@type":"WebSite","@id":"https:\/\/www.vallonchene.fr\/de\/#website","url":"https:\/\/www.vallonchene.fr\/de\/","name":"Vallonch\u00eane","description":"Die Baumschule, bei der Qualit\u00e4t ihre Wurzeln hat \u2013 Tel.: +49 (0)6838-5399840","publisher":{"@id":"https:\/\/www.vallonchene.fr\/de\/#organization"},"potentialAction":[{"@type":"SearchAction","target":{"@type":"EntryPoint","urlTemplate":"https:\/\/www.vallonchene.fr\/de\/?s={search_term_string}"},"query-input":{"@type":"PropertyValueSpecification","valueRequired":true,"valueName":"search_term_string"}}],"inLanguage":"de"},{"@type":"Organization","@id":"https:\/\/www.vallonchene.fr\/de\/#organization","name":"VALLONCHENE","url":"https:\/\/www.vallonchene.fr\/de\/","logo":{"@type":"ImageObject","inLanguage":"de","@id":"https:\/\/www.vallonchene.fr\/de\/#\/schema\/logo\/image\/","url":"https:\/\/www.vallonchene.fr\/wp-content\/uploads\/2023\/03\/Logo-Vallonchene-site-et-R_hauteur_100.png","contentUrl":"https:\/\/www.vallonchene.fr\/wp-content\/uploads\/2023\/03\/Logo-Vallonchene-site-et-R_hauteur_100.png","width":221,"height":100,"caption":"VALLONCHENE"},"image":{"@id":"https:\/\/www.vallonchene.fr\/de\/#\/schema\/logo\/image\/"},"sameAs":["https:\/\/www.facebook.com\/vallonchene.fr","https:\/\/www.instagram.com\/vallonchene\/","https:\/\/www.pinterest.fr\/vallonchene\/"],"taxID":"49454502300017","hasMerchantReturnPolicy":{"@type":"MerchantReturnPolicy","merchantReturnLink":"https:\/\/www.vallonchene.fr\/remboursements_retours\/"}}]},"og_availability":"out of stock","product_availability":"out of stock","product_retailer_item_id":"44861","product_condition":"new"},"_links":{"self":[{"href":"https:\/\/www.vallonchene.fr\/de\/wp-json\/wp\/v2\/product\/23624","targetHints":{"allow":["GET"]}}],"collection":[{"href":"https:\/\/www.vallonchene.fr\/de\/wp-json\/wp\/v2\/product"}],"about":[{"href":"https:\/\/www.vallonchene.fr\/de\/wp-json\/wp\/v2\/types\/product"}],"replies":[{"embeddable":true,"href":"https:\/\/www.vallonchene.fr\/de\/wp-json\/wp\/v2\/comments?post=23624"}],"wp:featuredmedia":[{"embeddable":true,"href":"https:\/\/www.vallonchene.fr\/de\/wp-json\/wp\/v2\/media\/23621"}],"wp:attachment":[{"href":"https:\/\/www.vallonchene.fr\/de\/wp-json\/wp\/v2\/media?parent=23624"}],"wp:term":[{"taxonomy":"product_brand","embeddable":true,"href":"https:\/\/www.vallonchene.fr\/de\/wp-json\/wp\/v2\/product_brand?post=23624"},{"taxonomy":"product_cat","embeddable":true,"href":"https:\/\/www.vallonchene.fr\/de\/wp-json\/wp\/v2\/product_cat?post=23624"},{"taxonomy":"product_tag","embeddable":true,"href":"https:\/\/www.vallonchene.fr\/de\/wp-json\/wp\/v2\/product_tag?post=23624"}],"curies":[{"name":"wp","href":"https:\/\/api.w.org\/{rel}","templated":true}]}}