{"id":23559,"date":"2021-08-31T11:04:10","date_gmt":"2021-08-31T11:04:10","guid":{"rendered":"https:\/\/testing.vallonchene.fr\/produit\/franklinia-alatamaha\/"},"modified":"2026-01-04T00:11:29","modified_gmt":"2026-01-03T23:11:29","slug":"franklinia-alatamaha","status":"publish","type":"product","link":"https:\/\/www.vallonchene.fr\/de\/produkt\/franklinia-alatamaha\/","title":{"rendered":"FRANKLINIA alatamaha"},"content":{"rendered":"<h2>Die Pflanze<\/h2>\n<p>Der <strong>FRANKLINIA alatamaha<\/strong> oder <strong>Franklinbaum<\/strong> stellt eine <strong>\u00e4u\u00dferst seltene<\/strong> Art dar. Wir betrachten ihn als ein echtes botanisches Juwel. Diese wunderbare Pflanze besitzt <strong>bemerkenswerte Zierqualit\u00e4ten<\/strong>.  <\/p>\n<p>Tats\u00e4chlich ziehen seine <strong>bezaubernden, duftenden Bl\u00fcten in reinem Wei\u00df mit gelbem Zentrum<\/strong> sowohl Blicke als auch Best\u00e4uber an. Sie erscheinen gegen Ende des Sommers und <strong>\u00e4hneln in Form und Gr\u00f6\u00dfe denen der Kamelien<\/strong>. <\/p>\n<p>Dann nimmt das normalerweise <strong>gr\u00fcne, sehr langgezogene Laub<\/strong> <strong>im Herbst leuchtende Farben von Scharlachrot bis Karmesinrot<\/strong> an.<\/p>\n<p>Schlie\u00dflich tragen Sie durch das Pflanzen dieses kleinen, <strong>kompakt wachsenden Laubbaums<\/strong> (ca. 2 m nach 10 Jahren) zu seiner Erhaltung bei, da er <strong>in seinem nat\u00fcrlichen Lebensraum ausgestorben<\/strong> ist. Seine blo\u00dfe Anwesenheit erh\u00f6ht die Biodiversit\u00e4t. <\/p>\n<h2>Wie pflanzt und pflegt man FRANKLINIA alatamaha?<\/h2>\n<h3>Pflanzung<\/h3>\n<p>Um den Franklinbaum erfolgreich zu kultivieren, beachten Sie die folgenden Empfehlungen:<\/p>\n<ol>\n<li>Er bevorzugt <strong>gem\u00e4\u00dfigte Zonen mit k\u00fchlen Sommern<\/strong>.<\/li>\n<li>W\u00e4hlen Sie f\u00fcr ihn einen <strong>Standort in voller Sonne oder im Halbschatten<\/strong>, fern von Pflanzen mit aggressiven Wurzelsystemen.<\/li>\n<li>Der <strong>Boden muss gut durchl\u00e4ssig sein<\/strong>.<\/li>\n<li>Er bevorzugt einen Boden mit <strong>saurem pH-Wert und hohem Gehalt an organischer Substanz<\/strong>.<\/li>\n<li><a href=\"https:\/\/www.vallonchene.fr\/comment-planter-et-entretenir-des-vegetaux\/comment-planter-et-entretenir-arbres-arbustes-et-coniferes\/\" target=\"_blank\" rel=\"noreferrer noopener\"><strong>F\u00fcr eine gute Vorbereitung des Pflanzlochs haben wir spezielle Anweisungen entwickelt, die hier verf\u00fcgbar sind. <\/strong><\/a><\/li>\n<\/ol>\n<h3>Pflege<\/h3>\n<p>Wie bei allen frisch gepflanzten Pflanzen ist <strong>eine regelm\u00e4\u00dfige Bew\u00e4sserung wichtig, insbesondere w\u00e4hrend der ersten zwei Jahre<\/strong>, um das Anwachsen zu erleichtern.<br \/> <a href=\"https:\/\/www.vallonchene.fr\/comment-bien-arroser-le-jardin-et-economiser-leau\/\"><strong>Lesen Sie hier auch unsere Tipps zum richtigen Gie\u00dfen und Wassersparen<\/strong><\/a>.<\/p>\n<p>Au\u00dferdem ben\u00f6tigt dieser kleine Baum keinen R\u00fcckschnitt. Entfernen Sie nur abgestorbene \u00c4ste, falls erforderlich. <\/p>\n<h2>Geschichte und Herkunft<\/h2>\n<p>Der <em>FRANKLINIA alatamaha<\/em> stammt aus dem Tal des Altamaha-Flusses in Georgia (USA). Seine Art ist seit Anfang des 19. Jahrhunderts in ihrem nat\u00fcrlichen Lebensraum ausgestorben. <\/p>\n<p>Dar\u00fcber hinaus sichert allein die Kultivierung durch engagierte Botaniker und leidenschaftliche G\u00e4rtner sein \u00dcberleben. Vierundzwanzig Exemplare wurden erfolglos in den nat\u00fcrlichen Lebensraum zur\u00fcckgef\u00fchrt. <\/p>\n<p>Au\u00dferdem benannte der Botaniker William Bartram ihn zu Ehren von Benjamin Franklin (ein enger Freund seines Vaters). Unter diesem Namen erschien er erstmals 1785 im Werk <em>Arbustrum Americanum<\/em>. <\/p>\n<p>&nbsp;<\/p>\n","protected":false},"excerpt":{"rendered":"<p>Der <b>Franklinbaum<\/b> ist die einzige Art seiner Gattung. Der <g id=\"gid_1\">FRANKLINIA alatamaha<\/g> entwickelt wei\u00dfe Bl\u00fcten mit gelbem Zentrum. Die Art ist in der nat\u00fcrlichen Umgebung ausgestorben.  <\/p>\n","protected":false},"featured_media":55286,"comment_status":"open","ping_status":"closed","template":"","meta":[],"product_brand":[],"product_cat":[252],"product_tag":[12689,12688],"class_list":{"0":"post-23559","1":"product","2":"type-product","3":"status-publish","4":"has-post-thumbnail","6":"product_cat-straucher-und-baume-de","7":"product_tag-franklinbaum-2","8":"product_tag-franklinia-alatamaha","9":"pa_99-hauteurapproximativeapres1-2_3m-de","10":"pa_couleurdelecorce-grun-de","11":"pa_couleurdesfleurs-gelb-de","12":"pa_couleurdesfleurs-weiss-de","13":"pa_couleurdufeuillage-grun-de","14":"pa_exigencesenhumidite-normal-de","15":"pa_expositionspossibles-ce-halbschattigsonnezw12und17-de","16":"pa_expositionspossibles-sonnigvon12bis17uhr-de","17":"pa_hauteurlivree-30-bis-40-cm","18":"pa_hauteurlivree-60-bis-80-cm","19":"pa_hauteurlivree-80-bis-100-cm","20":"pa_interetauprintemps-bluten-de","21":"pa_interetauprintemps-laub-de","22":"pa_interetenautomne-laub-de","23":"pa_interetenete-laub-de","24":"pa_naturedufeuillage-nichtimmergrun-de","25":"pa_naturesdesolpossibles-leicht-de","26":"pa_naturesdesolpossibles-normal-de","27":"pa_periodedefloraison-fruhling-de","28":"pa_phdusolacceptable-neutralzw65u75-de","29":"pa_portgraphisme-rund-de","30":"pa_resistanceaufroidrusticite-frostbestandigbis_10c-de","31":"pa_tailledepot-2liter_topf-de","32":"pa_tailledepot-3liter_topf-de","33":"pa_tailledepot-4liter_topf-de","34":"pa_tailledepot-75liter_topf-de","35":"pa_utilisationpossible-alleinstehend-de","36":"pa_utilisationpossible-beet-de","38":"first","39":"instock","40":"taxable","41":"shipping-taxable","42":"purchasable","43":"product-type-variable"},"supplier_id":null,"supplier_sku":"","barcode":null,"atum_controlled":true,"out_stock_date":null,"out_stock_threshold":null,"inheritable":true,"inbound_stock":0,"stock_on_hold":1,"sold_today":0,"sales_last_days":0,"reserved_stock":0,"customer_returns":0,"warehouse_damage":0,"lost_in_post":0,"other_logs":0,"out_stock_days":null,"lost_sales":0,"has_location":false,"update_date":"2026-03-23T08:40:11","atum_locations":[],"atum_stock_status":"instock","restock_status":false,"low_stock_amount":"","sales_update_date":"2025-10-31T13:59:09","calc_backorders":null,"yoast_head":"<!-- This site is optimized with the Yoast SEO Premium plugin v27.4 (Yoast SEO v27.4) - https:\/\/yoast.com\/product\/yoast-seo-premium-wordpress\/ -->\n<title>FRANKLINIA alatamaha - Franklinbaum<\/title>\n<meta name=\"description\" content=\"Der FRANKLINIA alatamaha ist die einzige Art seiner Gattung. Der Franklinbaum tr\u00e4gt wei\u00dfe Bl\u00fcten mit gelbem Zentrum. Die Art ist in der Natur ausgestorben.\" \/>\n<meta name=\"robots\" content=\"index, follow, max-snippet:-1, max-image-preview:large, max-video-preview:-1\" \/>\n<link rel=\"canonical\" href=\"https:\/\/www.vallonchene.fr\/de\/produkt\/franklinia-alatamaha\/\" \/>\n<meta property=\"og:locale\" content=\"de_DE\" \/>\n<meta property=\"og:type\" content=\"article\" \/>\n<meta property=\"og:title\" content=\"FRANKLINIA alatamaha\" \/>\n<meta property=\"og:description\" content=\"Der FRANKLINIA alatamaha ist die einzige Art seiner Gattung. Der Franklinbaum tr\u00e4gt wei\u00dfe Bl\u00fcten mit gelbem Zentrum. Die Art ist in der Natur ausgestorben.\" \/>\n<meta property=\"og:url\" content=\"https:\/\/www.vallonchene.fr\/de\/produkt\/franklinia-alatamaha\/\" \/>\n<meta property=\"og:site_name\" content=\"Vallonch\u00eane\" \/>\n<meta property=\"article:publisher\" content=\"https:\/\/www.facebook.com\/vallonchene.fr\" \/>\n<meta property=\"article:modified_time\" content=\"2026-01-03T23:11:29+00:00\" \/>\n<meta property=\"og:image\" content=\"https:\/\/www.vallonchene.fr\/wp-content\/uploads\/2025\/10\/4248-8ae-FRANKLINIA-alatamaha.webp\" \/>\n\t<meta property=\"og:image:width\" content=\"1200\" \/>\n\t<meta property=\"og:image:height\" content=\"1200\" \/>\n\t<meta property=\"og:image:type\" content=\"image\/webp\" \/>\n<meta name=\"twitter:card\" content=\"summary_large_image\" \/>\n<meta name=\"twitter:label1\" content=\"Verf\u00fcgbarkeit\" \/>\n\t<meta name=\"twitter:data1\" content=\"Vorr\u00e4tig\" \/>\n<script type=\"application\/ld+json\" class=\"yoast-schema-graph\">{\"@context\":\"https:\\\/\\\/schema.org\",\"@graph\":[{\"@type\":\"WebPage\",\"@id\":\"https:\\\/\\\/www.vallonchene.fr\\\/de\\\/produkt\\\/franklinia-alatamaha\\\/\",\"url\":\"https:\\\/\\\/www.vallonchene.fr\\\/de\\\/produkt\\\/franklinia-alatamaha\\\/\",\"name\":\"FRANKLINIA alatamaha - Franklinbaum\",\"isPartOf\":{\"@id\":\"https:\\\/\\\/www.vallonchene.fr\\\/de\\\/#website\"},\"primaryImageOfPage\":{\"@id\":\"https:\\\/\\\/www.vallonchene.fr\\\/de\\\/produkt\\\/franklinia-alatamaha\\\/#primaryimage\"},\"image\":{\"@id\":\"https:\\\/\\\/www.vallonchene.fr\\\/de\\\/produkt\\\/franklinia-alatamaha\\\/#primaryimage\"},\"thumbnailUrl\":\"https:\\\/\\\/www.vallonchene.fr\\\/wp-content\\\/uploads\\\/2025\\\/10\\\/4248-8ae-FRANKLINIA-alatamaha.webp\",\"datePublished\":\"2021-08-31T11:04:10+00:00\",\"dateModified\":\"2026-01-03T23:11:29+00:00\",\"description\":\"Der FRANKLINIA alatamaha ist die einzige Art seiner Gattung. Der Franklinbaum tr\u00e4gt wei\u00dfe Bl\u00fcten mit gelbem Zentrum. Die Art ist in der Natur ausgestorben.\",\"breadcrumb\":{\"@id\":\"https:\\\/\\\/www.vallonchene.fr\\\/de\\\/produkt\\\/franklinia-alatamaha\\\/#breadcrumb\"},\"inLanguage\":\"de\",\"potentialAction\":[{\"@type\":\"ReadAction\",\"target\":[\"https:\\\/\\\/www.vallonchene.fr\\\/de\\\/produkt\\\/franklinia-alatamaha\\\/\"]}]},{\"@type\":\"ImageObject\",\"inLanguage\":\"de\",\"@id\":\"https:\\\/\\\/www.vallonchene.fr\\\/de\\\/produkt\\\/franklinia-alatamaha\\\/#primaryimage\",\"url\":\"https:\\\/\\\/www.vallonchene.fr\\\/wp-content\\\/uploads\\\/2025\\\/10\\\/4248-8ae-FRANKLINIA-alatamaha.webp\",\"contentUrl\":\"https:\\\/\\\/www.vallonchene.fr\\\/wp-content\\\/uploads\\\/2025\\\/10\\\/4248-8ae-FRANKLINIA-alatamaha.webp\",\"width\":1200,\"height\":1200,\"caption\":\"Wei\u00dfe Bl\u00fcten mit gelbem Zentrum des FRANKLINIA alatamaha, die in Gr\u00f6\u00dfe und Form denen eines Kameliengew\u00e4chses \u00e4hneln.\"},{\"@type\":\"BreadcrumbList\",\"@id\":\"https:\\\/\\\/www.vallonchene.fr\\\/de\\\/produkt\\\/franklinia-alatamaha\\\/#breadcrumb\",\"itemListElement\":[{\"@type\":\"ListItem\",\"position\":1,\"name\":\"Home\",\"item\":\"https:\\\/\\\/www.vallonchene.fr\\\/de\\\/\"},{\"@type\":\"ListItem\",\"position\":2,\"name\":\"Shop\",\"item\":\"https:\\\/\\\/www.vallonchene.fr\\\/de\\\/shop\\\/\"},{\"@type\":\"ListItem\",\"position\":3,\"name\":\"Online-Verkauf\",\"item\":\"https:\\\/\\\/www.vallonchene.fr\\\/de\\\/produkt-kategorie\\\/online-verkauf-de\\\/\"},{\"@type\":\"ListItem\",\"position\":4,\"name\":\"Baumschule\",\"item\":\"https:\\\/\\\/www.vallonchene.fr\\\/de\\\/produkt-kategorie\\\/online-verkauf-de\\\/baumschule-gaertnerei-de\\\/\"},{\"@type\":\"ListItem\",\"position\":5,\"name\":\"Str\u00e4ucher und B\u00e4ume\",\"item\":\"https:\\\/\\\/www.vallonchene.fr\\\/de\\\/produkt-kategorie\\\/online-verkauf-de\\\/baumschule-gaertnerei-de\\\/straucher-und-baume-de\\\/\"},{\"@type\":\"ListItem\",\"position\":6,\"name\":\"FRANKLINIA alatamaha\"}]},{\"@type\":\"WebSite\",\"@id\":\"https:\\\/\\\/www.vallonchene.fr\\\/de\\\/#website\",\"url\":\"https:\\\/\\\/www.vallonchene.fr\\\/de\\\/\",\"name\":\"Vallonch\u00eane\",\"description\":\"Die Baumschule, bei der Qualit\u00e4t ihre Wurzeln hat \u2013 Tel.: +49 (0)6838-5399840\",\"publisher\":{\"@id\":\"https:\\\/\\\/www.vallonchene.fr\\\/de\\\/#organization\"},\"potentialAction\":[{\"@type\":\"SearchAction\",\"target\":{\"@type\":\"EntryPoint\",\"urlTemplate\":\"https:\\\/\\\/www.vallonchene.fr\\\/de\\\/?s={search_term_string}\"},\"query-input\":{\"@type\":\"PropertyValueSpecification\",\"valueRequired\":true,\"valueName\":\"search_term_string\"}}],\"inLanguage\":\"de\"},{\"@type\":\"Organization\",\"@id\":\"https:\\\/\\\/www.vallonchene.fr\\\/de\\\/#organization\",\"name\":\"VALLONCHENE\",\"url\":\"https:\\\/\\\/www.vallonchene.fr\\\/de\\\/\",\"logo\":{\"@type\":\"ImageObject\",\"inLanguage\":\"de\",\"@id\":\"https:\\\/\\\/www.vallonchene.fr\\\/de\\\/#\\\/schema\\\/logo\\\/image\\\/\",\"url\":\"https:\\\/\\\/www.vallonchene.fr\\\/wp-content\\\/uploads\\\/2023\\\/03\\\/Logo-Vallonchene-site-et-R_hauteur_100.png\",\"contentUrl\":\"https:\\\/\\\/www.vallonchene.fr\\\/wp-content\\\/uploads\\\/2023\\\/03\\\/Logo-Vallonchene-site-et-R_hauteur_100.png\",\"width\":221,\"height\":100,\"caption\":\"VALLONCHENE\"},\"image\":{\"@id\":\"https:\\\/\\\/www.vallonchene.fr\\\/de\\\/#\\\/schema\\\/logo\\\/image\\\/\"},\"sameAs\":[\"https:\\\/\\\/www.facebook.com\\\/vallonchene.fr\",\"https:\\\/\\\/www.instagram.com\\\/vallonchene\\\/\",\"https:\\\/\\\/www.pinterest.fr\\\/vallonchene\\\/\"],\"taxID\":\"49454502300017\",\"hasMerchantReturnPolicy\":{\"@type\":\"MerchantReturnPolicy\",\"merchantReturnLink\":\"https:\\\/\\\/www.vallonchene.fr\\\/remboursements_retours\\\/\"}}]}<\/script>\n<meta property=\"og:availability\" content=\"instock\" \/>\n<meta property=\"product:availability\" content=\"instock\" \/>\n<meta property=\"product:retailer_item_id\" content=\"56969\" \/>\n<meta property=\"product:condition\" content=\"new\" \/>\n<!-- \/ Yoast SEO Premium plugin. -->","yoast_head_json":{"title":"FRANKLINIA alatamaha - Franklinbaum","description":"Der FRANKLINIA alatamaha ist die einzige Art seiner Gattung. Der Franklinbaum tr\u00e4gt wei\u00dfe Bl\u00fcten mit gelbem Zentrum. Die Art ist in der Natur ausgestorben.","robots":{"index":"index","follow":"follow","max-snippet":"max-snippet:-1","max-image-preview":"max-image-preview:large","max-video-preview":"max-video-preview:-1"},"canonical":"https:\/\/www.vallonchene.fr\/de\/produkt\/franklinia-alatamaha\/","og_locale":"de_DE","og_type":"article","og_title":"FRANKLINIA alatamaha","og_description":"Der FRANKLINIA alatamaha ist die einzige Art seiner Gattung. Der Franklinbaum tr\u00e4gt wei\u00dfe Bl\u00fcten mit gelbem Zentrum. Die Art ist in der Natur ausgestorben.","og_url":"https:\/\/www.vallonchene.fr\/de\/produkt\/franklinia-alatamaha\/","og_site_name":"Vallonch\u00eane","article_publisher":"https:\/\/www.facebook.com\/vallonchene.fr","article_modified_time":"2026-01-03T23:11:29+00:00","og_image":[{"width":1200,"height":1200,"url":"https:\/\/www.vallonchene.fr\/wp-content\/uploads\/2025\/10\/4248-8ae-FRANKLINIA-alatamaha.webp","type":"image\/webp"}],"twitter_card":"summary_large_image","twitter_misc":{"Verf\u00fcgbarkeit":"Vorr\u00e4tig"},"schema":{"@context":"https:\/\/schema.org","@graph":[{"@type":"WebPage","@id":"https:\/\/www.vallonchene.fr\/de\/produkt\/franklinia-alatamaha\/","url":"https:\/\/www.vallonchene.fr\/de\/produkt\/franklinia-alatamaha\/","name":"FRANKLINIA alatamaha - Franklinbaum","isPartOf":{"@id":"https:\/\/www.vallonchene.fr\/de\/#website"},"primaryImageOfPage":{"@id":"https:\/\/www.vallonchene.fr\/de\/produkt\/franklinia-alatamaha\/#primaryimage"},"image":{"@id":"https:\/\/www.vallonchene.fr\/de\/produkt\/franklinia-alatamaha\/#primaryimage"},"thumbnailUrl":"https:\/\/www.vallonchene.fr\/wp-content\/uploads\/2025\/10\/4248-8ae-FRANKLINIA-alatamaha.webp","datePublished":"2021-08-31T11:04:10+00:00","dateModified":"2026-01-03T23:11:29+00:00","description":"Der FRANKLINIA alatamaha ist die einzige Art seiner Gattung. Der Franklinbaum tr\u00e4gt wei\u00dfe Bl\u00fcten mit gelbem Zentrum. Die Art ist in der Natur ausgestorben.","breadcrumb":{"@id":"https:\/\/www.vallonchene.fr\/de\/produkt\/franklinia-alatamaha\/#breadcrumb"},"inLanguage":"de","potentialAction":[{"@type":"ReadAction","target":["https:\/\/www.vallonchene.fr\/de\/produkt\/franklinia-alatamaha\/"]}]},{"@type":"ImageObject","inLanguage":"de","@id":"https:\/\/www.vallonchene.fr\/de\/produkt\/franklinia-alatamaha\/#primaryimage","url":"https:\/\/www.vallonchene.fr\/wp-content\/uploads\/2025\/10\/4248-8ae-FRANKLINIA-alatamaha.webp","contentUrl":"https:\/\/www.vallonchene.fr\/wp-content\/uploads\/2025\/10\/4248-8ae-FRANKLINIA-alatamaha.webp","width":1200,"height":1200,"caption":"Wei\u00dfe Bl\u00fcten mit gelbem Zentrum des FRANKLINIA alatamaha, die in Gr\u00f6\u00dfe und Form denen eines Kameliengew\u00e4chses \u00e4hneln."},{"@type":"BreadcrumbList","@id":"https:\/\/www.vallonchene.fr\/de\/produkt\/franklinia-alatamaha\/#breadcrumb","itemListElement":[{"@type":"ListItem","position":1,"name":"Home","item":"https:\/\/www.vallonchene.fr\/de\/"},{"@type":"ListItem","position":2,"name":"Shop","item":"https:\/\/www.vallonchene.fr\/de\/shop\/"},{"@type":"ListItem","position":3,"name":"Online-Verkauf","item":"https:\/\/www.vallonchene.fr\/de\/produkt-kategorie\/online-verkauf-de\/"},{"@type":"ListItem","position":4,"name":"Baumschule","item":"https:\/\/www.vallonchene.fr\/de\/produkt-kategorie\/online-verkauf-de\/baumschule-gaertnerei-de\/"},{"@type":"ListItem","position":5,"name":"Str\u00e4ucher und B\u00e4ume","item":"https:\/\/www.vallonchene.fr\/de\/produkt-kategorie\/online-verkauf-de\/baumschule-gaertnerei-de\/straucher-und-baume-de\/"},{"@type":"ListItem","position":6,"name":"FRANKLINIA alatamaha"}]},{"@type":"WebSite","@id":"https:\/\/www.vallonchene.fr\/de\/#website","url":"https:\/\/www.vallonchene.fr\/de\/","name":"Vallonch\u00eane","description":"Die Baumschule, bei der Qualit\u00e4t ihre Wurzeln hat \u2013 Tel.: +49 (0)6838-5399840","publisher":{"@id":"https:\/\/www.vallonchene.fr\/de\/#organization"},"potentialAction":[{"@type":"SearchAction","target":{"@type":"EntryPoint","urlTemplate":"https:\/\/www.vallonchene.fr\/de\/?s={search_term_string}"},"query-input":{"@type":"PropertyValueSpecification","valueRequired":true,"valueName":"search_term_string"}}],"inLanguage":"de"},{"@type":"Organization","@id":"https:\/\/www.vallonchene.fr\/de\/#organization","name":"VALLONCHENE","url":"https:\/\/www.vallonchene.fr\/de\/","logo":{"@type":"ImageObject","inLanguage":"de","@id":"https:\/\/www.vallonchene.fr\/de\/#\/schema\/logo\/image\/","url":"https:\/\/www.vallonchene.fr\/wp-content\/uploads\/2023\/03\/Logo-Vallonchene-site-et-R_hauteur_100.png","contentUrl":"https:\/\/www.vallonchene.fr\/wp-content\/uploads\/2023\/03\/Logo-Vallonchene-site-et-R_hauteur_100.png","width":221,"height":100,"caption":"VALLONCHENE"},"image":{"@id":"https:\/\/www.vallonchene.fr\/de\/#\/schema\/logo\/image\/"},"sameAs":["https:\/\/www.facebook.com\/vallonchene.fr","https:\/\/www.instagram.com\/vallonchene\/","https:\/\/www.pinterest.fr\/vallonchene\/"],"taxID":"49454502300017","hasMerchantReturnPolicy":{"@type":"MerchantReturnPolicy","merchantReturnLink":"https:\/\/www.vallonchene.fr\/remboursements_retours\/"}}]},"og_availability":"instock","product_availability":"instock","product_retailer_item_id":"56969","product_condition":"new"},"_links":{"self":[{"href":"https:\/\/www.vallonchene.fr\/de\/wp-json\/wp\/v2\/product\/23559","targetHints":{"allow":["GET"]}}],"collection":[{"href":"https:\/\/www.vallonchene.fr\/de\/wp-json\/wp\/v2\/product"}],"about":[{"href":"https:\/\/www.vallonchene.fr\/de\/wp-json\/wp\/v2\/types\/product"}],"replies":[{"embeddable":true,"href":"https:\/\/www.vallonchene.fr\/de\/wp-json\/wp\/v2\/comments?post=23559"}],"wp:featuredmedia":[{"embeddable":true,"href":"https:\/\/www.vallonchene.fr\/de\/wp-json\/wp\/v2\/media\/55286"}],"wp:attachment":[{"href":"https:\/\/www.vallonchene.fr\/de\/wp-json\/wp\/v2\/media?parent=23559"}],"wp:term":[{"taxonomy":"product_brand","embeddable":true,"href":"https:\/\/www.vallonchene.fr\/de\/wp-json\/wp\/v2\/product_brand?post=23559"},{"taxonomy":"product_cat","embeddable":true,"href":"https:\/\/www.vallonchene.fr\/de\/wp-json\/wp\/v2\/product_cat?post=23559"},{"taxonomy":"product_tag","embeddable":true,"href":"https:\/\/www.vallonchene.fr\/de\/wp-json\/wp\/v2\/product_tag?post=23559"}],"curies":[{"name":"wp","href":"https:\/\/api.w.org\/{rel}","templated":true}]}}