{"id":23193,"date":"2021-08-31T11:30:50","date_gmt":"2021-08-31T11:30:50","guid":{"rendered":"https:\/\/testing.vallonchene.fr\/produit\/prunus-the-bride\/"},"modified":"2026-03-18T16:00:11","modified_gmt":"2026-03-18T15:00:11","slug":"prunus-the-bride","status":"publish","type":"product","link":"https:\/\/www.vallonchene.fr\/de\/produkt\/prunus-the-bride\/","title":{"rendered":"PRUNUS &#8218;The Bride&#8216;"},"content":{"rendered":"<h2>Die Pflanze<\/h2>\n<p>Der <strong>PRUNUS &#8218;The Bride&#8216;<\/strong> pr\u00e4sentiert sich als eine <strong>Zierkirsche<\/strong>, der als ein Juwel betrachtet werden kann. Er ist n\u00e4mlich weitaus weniger bekannt als die gro\u00dfen Klassiker der japanischen Zierkirschen. Das hindert ihn jedoch nicht daran, mit seiner unglaublich \u00fcppigen Bl\u00fcte zu \u00fcberraschen.<\/p>\n<p>Dar\u00fcber hinaus sind seine Bl\u00fcten reinwei\u00df mit einem Hauch von Rosa an der Basis jedes Bl\u00fctenblattes (wenn die Bl\u00fcte altert). Dies verleiht ihm ein besonders zartes Aussehen.<\/p>\n<p>Des Weiteren machen seine geringere Gr\u00f6\u00dfe im Vergleich zu einem <em>PRUNUS x yedoensis<\/em> und seine kompakte Silhouette ihn zu einer hervorragenden Pflanze f\u00fcr kleine G\u00e4rten oder Beete. Er wird auch nach einem Jahrzehnt nicht mehr als 2 bis 3 Meter hoch werden.<\/p>\n<p>Dann werden Ihre Bienenfreunde und andere Best\u00e4uber Ihnen danken, denn die Bl\u00fcten sind reich an Nektar. Im fr\u00fchen Fr\u00fchjahr oder sogar am Ende des Winters, wenn Nahrungsquellen noch rar sind, wird dieser kleine Baum zu einer willkommenen Rastst\u00e4tte.<\/p>\n<p>Sie werden bemerkt haben, dass wir ein Foto des Blattes ver\u00f6ffentlicht haben, das auf den ersten Blick unscheinbar wirkt. Dennoch werden Sie dieses frische und recht leuchtende Gr\u00fcn feststellen. Dar\u00fcber hinaus bleibt das Laub den ganzen Sommer \u00fcber sauber und gesund.<\/p>\n<p>Das gro\u00dfe Finale findet im Herbst statt, wenn das Laub eine warme Farbe von Gelb bis zu einem zarten Orange annimmt.<\/p>\n<p>Schlie\u00dflich ist der <em>P. &#8218;The Bride&#8216;<\/em> eine zuverl\u00e4ssige, winterharte, wartungsfreie und krankheitsresistente Pflanze. Was will man mehr als G\u00e4rtner.<\/p>\n<h2>Geschichte und Herkunft<\/h2>\n<p>Der <em>PRUNUS &#8218;The Bride&#8216;<\/em> ist ein S\u00e4mling von <em>PRUNUS &#8218;Pandora&#8216;<\/em>, der ebenfalls wegen seines hohen Zierwerts kultiviert wird. Er wurde jedoch nicht in Japan hybridisiert. Er wird dem Arboretum von Kalmthout (Belgien) zugeschrieben, wo er 1989 entdeckt worden sein soll.<\/p>\n<p>Sein poetischer Name &#8218;The Bride&#8216; (bedeutend &#8218;Die Braut&#8216;) erinnert an seine elegante, reinwei\u00dfe Erscheinung (zu Beginn der Bl\u00fcte). Wenn er vollst\u00e4ndig mit Bl\u00fcten bedeckt ist, erinnert er an ein Brautkleid.<\/p>\n<p>Diese pr\u00e4chtige Pflanze wurde Ende des 20. Jahrhunderts eingef\u00fchrt. Die Z\u00fcchter suchten zu dieser Zeit aktiv nach Zierkirsch-Sorten, die f\u00fcr Stadtg\u00e4rten geeignet sind. Diese Sorte steht f\u00fcr eine Bewegung, die sich von den gro\u00dfen B\u00e4umen in Parks hin zu kompakteren und eleganteren Kultivaren entfernt.<\/p>\n<h2>Wie pflanzt und pflegt man den PRUNUS &#8218;The Bride&#8216;?<\/h2>\n<h3>Die Pflanzung<\/h3>\n<p>Wie bereits erw\u00e4hnt, ist diese Zierkirsche eine sehr robuste und pflegeleichte Pflanze. Ber\u00fccksichtigen Sie jedoch die folgenden Punkte, um ihr die besten Chancen zu bieten:<\/p>\n<ol>\n<li>Finden Sie einen sonnigen Standort f\u00fcr sie. Dies garantiert eine optimale Bl\u00fcte.<\/li>\n<li>Der Standort kann mittelm\u00e4\u00dfig feucht bis trocken sein.<\/li>\n<li>In Bezug auf den Boden ist dieser kleine Baum wirklich nicht anspruchsvoll. Er begn\u00fcgt sich mit einem leichten, normalen oder schweren Boden mit einem sauren, neutralen oder kalkhaltigen pH-Wert.<\/li>\n<li>F\u00fcr eine gute Vorbereitung des Pflanzlochs haben wir <a href=\"https:\/\/www.vallonchene.fr\/comment-planter-et-entretenir-des-vegetaux\/comment-planter-et-entretenir-arbres-arbustes-et-coniferes\/\" target=\"_blank\" rel=\"noreferrer noopener\"><strong>spezifische Anweisungen hier verf\u00fcgbar.<\/strong><\/a><\/li>\n<\/ol>\n<h3>Die Pflege<\/h3>\n<p>Wie bei jeder neu in die Erde gepflanzten Pflanze sorgen Sie f\u00fcr eine regelm\u00e4\u00dfige Bew\u00e4sserung in den ersten beiden Jahren und besonders w\u00e4hrend trockener Perioden. Lesen Sie auch <a href=\"https:\/\/www.vallonchene.fr\/comment-bien-arroser-le-jardin-et-economiser-leau\/\"><strong>unsere Tipps, wie Sie richtig gie\u00dfen und Wasser sparen k\u00f6nnen, hier<\/strong><\/a>.<\/p>\n<p><strong>WICHTIG<\/strong>: Vermeiden Sie jeglichen Schnitt an Zierkirschen. Sie vertragen es nicht. Der Schnitt verurteilt die Pflanze in der Regel langfristig.<\/p>\n<p>&nbsp;<\/p>\n","protected":false},"excerpt":{"rendered":"<p>Diese <strong>Zierkirsche<\/strong> hat wei\u00dfe Bl\u00fcten. Das Laub der <strong>PRUNUS &#8218;The Bride&#8216;<\/strong> nimmt im Herbst leuchtende Farben an.<\/p>\n","protected":false},"featured_media":58190,"comment_status":"open","ping_status":"closed","template":"","meta":[],"product_brand":[],"product_cat":[252],"product_tag":[10707,13502],"class_list":{"0":"post-23193","1":"product","2":"type-product","3":"status-publish","4":"has-post-thumbnail","6":"product_cat-straucher-und-baume-de","7":"product_tag-prunus-de","8":"product_tag-zierkirsche","9":"pa_99-hauteurapproximativeapres1-2_3m-de","10":"pa_couleurdesfleurs-weiss-de","11":"pa_couleurdufeuillage-grun-de","12":"pa_exigencesenhumidite-normal-de","13":"pa_exigencesenhumidite-trocken-de","14":"pa_expositionspossibles-sonnigvon12bis17uhr-de","15":"pa_hauteurlivree-125-bis-150-cm","16":"pa_interetauprintemps-bluten-de","17":"pa_interetauprintemps-form-de","18":"pa_interetauprintemps-laub-de","19":"pa_interetenautomne-form-de","20":"pa_interetenautomne-laub-de","21":"pa_interetenete-form-de","22":"pa_interetenete-laub-de","23":"pa_interetenhiver-form-de","24":"pa_naturedufeuillage-nichtimmergrun-de","25":"pa_naturesdesolpossibles-leicht-de","26":"pa_naturesdesolpossibles-normal-de","27":"pa_naturesdesolpossibles-schwer-de","28":"pa_periodedefloraison-fruhling-de","29":"pa_phdusolacceptable-kalkigmehrals75-de","30":"pa_phdusolacceptable-neutralzw65u75-de","31":"pa_phdusolacceptable-sauerwenigerals65-de","32":"pa_portgraphisme-ausgebreitet-de","33":"pa_resistanceaufroidrusticite-frostbestandigunter_20c-de","34":"pa_tailledepot-75liter_topf-de","35":"pa_utilisationpossible-alleinstehend-de","36":"pa_utilisationpossible-beet-de","38":"first","39":"instock","40":"taxable","41":"shipping-taxable","42":"purchasable","43":"product-type-variable"},"supplier_id":null,"supplier_sku":"","barcode":null,"atum_controlled":true,"out_stock_date":null,"out_stock_threshold":null,"inheritable":true,"inbound_stock":0,"stock_on_hold":0,"sold_today":0,"sales_last_days":0,"reserved_stock":0,"customer_returns":0,"warehouse_damage":0,"lost_in_post":0,"other_logs":0,"out_stock_days":0,"lost_sales":0,"has_location":false,"update_date":"2026-04-26T13:07:43","atum_locations":[],"atum_stock_status":"instock","restock_status":false,"low_stock_amount":"","sales_update_date":"2026-04-16T08:15:53","calc_backorders":null,"yoast_head":"<!-- This site is optimized with the Yoast SEO Premium plugin v27.5 (Yoast SEO v27.5) - https:\/\/yoast.com\/product\/yoast-seo-premium-wordpress\/ -->\n<title>PRUNUS &#039;The Bride&#039; - Zierkirsche<\/title>\n<meta name=\"description\" content=\"Diese Zierkirsche entwickelt eine F\u00fclle wei\u00dfer Bl\u00fcten. Das Laub der PRUNUS &#039;The Bride&#039; f\u00e4rbt sich im Herbst in leuchtenden Farben.\" \/>\n<meta name=\"robots\" content=\"index, follow, max-snippet:-1, max-image-preview:large, max-video-preview:-1\" \/>\n<link rel=\"canonical\" href=\"https:\/\/www.vallonchene.fr\/de\/produkt\/prunus-the-bride\/\" \/>\n<meta property=\"og:locale\" content=\"de_DE\" \/>\n<meta property=\"og:type\" content=\"article\" \/>\n<meta property=\"og:title\" content=\"PRUNUS &#039;The Bride&#039;\" \/>\n<meta property=\"og:description\" content=\"Diese Zierkirsche entwickelt eine F\u00fclle wei\u00dfer Bl\u00fcten. Das Laub der PRUNUS &#039;The Bride&#039; f\u00e4rbt sich im Herbst in leuchtenden Farben.\" \/>\n<meta property=\"og:url\" content=\"https:\/\/www.vallonchene.fr\/de\/produkt\/prunus-the-bride\/\" \/>\n<meta property=\"og:site_name\" content=\"Vallonch\u00eane\" \/>\n<meta property=\"article:publisher\" content=\"https:\/\/www.facebook.com\/vallonchene.fr\" \/>\n<meta property=\"article:modified_time\" content=\"2026-03-18T15:00:11+00:00\" \/>\n<meta property=\"og:image\" content=\"https:\/\/www.vallonchene.fr\/wp-content\/uploads\/2026\/03\/P1000300.webp\" \/>\n\t<meta property=\"og:image:width\" content=\"1000\" \/>\n\t<meta property=\"og:image:height\" content=\"1000\" \/>\n\t<meta property=\"og:image:type\" content=\"image\/webp\" \/>\n<meta name=\"twitter:card\" content=\"summary_large_image\" \/>\n<meta name=\"twitter:label1\" content=\"Verf\u00fcgbarkeit\" \/>\n\t<meta name=\"twitter:data1\" content=\"Vorr\u00e4tig\" \/>\n<script type=\"application\/ld+json\" class=\"yoast-schema-graph\">{\"@context\":\"https:\\\/\\\/schema.org\",\"@graph\":[{\"@type\":\"WebPage\",\"@id\":\"https:\\\/\\\/www.vallonchene.fr\\\/de\\\/produkt\\\/prunus-the-bride\\\/\",\"url\":\"https:\\\/\\\/www.vallonchene.fr\\\/de\\\/produkt\\\/prunus-the-bride\\\/\",\"name\":\"PRUNUS 'The Bride' - Zierkirsche\",\"isPartOf\":{\"@id\":\"https:\\\/\\\/www.vallonchene.fr\\\/de\\\/#website\"},\"primaryImageOfPage\":{\"@id\":\"https:\\\/\\\/www.vallonchene.fr\\\/de\\\/produkt\\\/prunus-the-bride\\\/#primaryimage\"},\"image\":{\"@id\":\"https:\\\/\\\/www.vallonchene.fr\\\/de\\\/produkt\\\/prunus-the-bride\\\/#primaryimage\"},\"thumbnailUrl\":\"https:\\\/\\\/www.vallonchene.fr\\\/wp-content\\\/uploads\\\/2026\\\/03\\\/P1000300.webp\",\"datePublished\":\"2021-08-31T11:30:50+00:00\",\"dateModified\":\"2026-03-18T15:00:11+00:00\",\"description\":\"Diese Zierkirsche entwickelt eine F\u00fclle wei\u00dfer Bl\u00fcten. Das Laub der PRUNUS 'The Bride' f\u00e4rbt sich im Herbst in leuchtenden Farben.\",\"breadcrumb\":{\"@id\":\"https:\\\/\\\/www.vallonchene.fr\\\/de\\\/produkt\\\/prunus-the-bride\\\/#breadcrumb\"},\"inLanguage\":\"de\",\"potentialAction\":[{\"@type\":\"ReadAction\",\"target\":[\"https:\\\/\\\/www.vallonchene.fr\\\/de\\\/produkt\\\/prunus-the-bride\\\/\"]}]},{\"@type\":\"ImageObject\",\"inLanguage\":\"de\",\"@id\":\"https:\\\/\\\/www.vallonchene.fr\\\/de\\\/produkt\\\/prunus-the-bride\\\/#primaryimage\",\"url\":\"https:\\\/\\\/www.vallonchene.fr\\\/wp-content\\\/uploads\\\/2026\\\/03\\\/P1000300.webp\",\"contentUrl\":\"https:\\\/\\\/www.vallonchene.fr\\\/wp-content\\\/uploads\\\/2026\\\/03\\\/P1000300.webp\",\"width\":1000,\"height\":1000,\"caption\":\"Nahaufnahme der Bl\u00fcten von PRUNUS 'The Bride'\"},{\"@type\":\"BreadcrumbList\",\"@id\":\"https:\\\/\\\/www.vallonchene.fr\\\/de\\\/produkt\\\/prunus-the-bride\\\/#breadcrumb\",\"itemListElement\":[{\"@type\":\"ListItem\",\"position\":1,\"name\":\"Home\",\"item\":\"https:\\\/\\\/www.vallonchene.fr\\\/de\\\/\"},{\"@type\":\"ListItem\",\"position\":2,\"name\":\"Shop\",\"item\":\"https:\\\/\\\/www.vallonchene.fr\\\/de\\\/shop\\\/\"},{\"@type\":\"ListItem\",\"position\":3,\"name\":\"Online-Verkauf\",\"item\":\"https:\\\/\\\/www.vallonchene.fr\\\/de\\\/produkt-kategorie\\\/online-verkauf-de\\\/\"},{\"@type\":\"ListItem\",\"position\":4,\"name\":\"Baumschule\",\"item\":\"https:\\\/\\\/www.vallonchene.fr\\\/de\\\/produkt-kategorie\\\/online-verkauf-de\\\/baumschule-gaertnerei-de\\\/\"},{\"@type\":\"ListItem\",\"position\":5,\"name\":\"Str\u00e4ucher und B\u00e4ume\",\"item\":\"https:\\\/\\\/www.vallonchene.fr\\\/de\\\/produkt-kategorie\\\/online-verkauf-de\\\/baumschule-gaertnerei-de\\\/straucher-und-baume-de\\\/\"},{\"@type\":\"ListItem\",\"position\":6,\"name\":\"PRUNUS &#8218;The Bride&#8216;\"}]},{\"@type\":\"WebSite\",\"@id\":\"https:\\\/\\\/www.vallonchene.fr\\\/de\\\/#website\",\"url\":\"https:\\\/\\\/www.vallonchene.fr\\\/de\\\/\",\"name\":\"Vallonch\u00eane\",\"description\":\"Die Baumschule, bei der Qualit\u00e4t ihre Wurzeln hat \u2013 Tel.: +49 (0)6838-5399840\",\"publisher\":{\"@id\":\"https:\\\/\\\/www.vallonchene.fr\\\/de\\\/#organization\"},\"potentialAction\":[{\"@type\":\"SearchAction\",\"target\":{\"@type\":\"EntryPoint\",\"urlTemplate\":\"https:\\\/\\\/www.vallonchene.fr\\\/de\\\/?s={search_term_string}\"},\"query-input\":{\"@type\":\"PropertyValueSpecification\",\"valueRequired\":true,\"valueName\":\"search_term_string\"}}],\"inLanguage\":\"de\"},{\"@type\":\"Organization\",\"@id\":\"https:\\\/\\\/www.vallonchene.fr\\\/de\\\/#organization\",\"name\":\"VALLONCHENE\",\"url\":\"https:\\\/\\\/www.vallonchene.fr\\\/de\\\/\",\"logo\":{\"@type\":\"ImageObject\",\"inLanguage\":\"de\",\"@id\":\"https:\\\/\\\/www.vallonchene.fr\\\/de\\\/#\\\/schema\\\/logo\\\/image\\\/\",\"url\":\"https:\\\/\\\/www.vallonchene.fr\\\/wp-content\\\/uploads\\\/2023\\\/03\\\/Logo-Vallonchene-site-et-R_hauteur_100.png\",\"contentUrl\":\"https:\\\/\\\/www.vallonchene.fr\\\/wp-content\\\/uploads\\\/2023\\\/03\\\/Logo-Vallonchene-site-et-R_hauteur_100.png\",\"width\":221,\"height\":100,\"caption\":\"VALLONCHENE\"},\"image\":{\"@id\":\"https:\\\/\\\/www.vallonchene.fr\\\/de\\\/#\\\/schema\\\/logo\\\/image\\\/\"},\"sameAs\":[\"https:\\\/\\\/www.facebook.com\\\/vallonchene.fr\",\"https:\\\/\\\/www.instagram.com\\\/vallonchene\\\/\",\"https:\\\/\\\/www.pinterest.fr\\\/vallonchene\\\/\"],\"taxID\":\"49454502300017\",\"hasMerchantReturnPolicy\":{\"@type\":\"MerchantReturnPolicy\",\"merchantReturnLink\":\"https:\\\/\\\/www.vallonchene.fr\\\/remboursements_retours\\\/\"}}]}<\/script>\n<meta property=\"og:availability\" content=\"instock\" \/>\n<meta property=\"product:availability\" content=\"instock\" \/>\n<meta property=\"product:retailer_item_id\" content=\"17351\" \/>\n<meta property=\"product:condition\" content=\"new\" \/>\n<!-- \/ Yoast SEO Premium plugin. -->","yoast_head_json":{"title":"PRUNUS 'The Bride' - Zierkirsche","description":"Diese Zierkirsche entwickelt eine F\u00fclle wei\u00dfer Bl\u00fcten. Das Laub der PRUNUS 'The Bride' f\u00e4rbt sich im Herbst in leuchtenden Farben.","robots":{"index":"index","follow":"follow","max-snippet":"max-snippet:-1","max-image-preview":"max-image-preview:large","max-video-preview":"max-video-preview:-1"},"canonical":"https:\/\/www.vallonchene.fr\/de\/produkt\/prunus-the-bride\/","og_locale":"de_DE","og_type":"article","og_title":"PRUNUS 'The Bride'","og_description":"Diese Zierkirsche entwickelt eine F\u00fclle wei\u00dfer Bl\u00fcten. Das Laub der PRUNUS 'The Bride' f\u00e4rbt sich im Herbst in leuchtenden Farben.","og_url":"https:\/\/www.vallonchene.fr\/de\/produkt\/prunus-the-bride\/","og_site_name":"Vallonch\u00eane","article_publisher":"https:\/\/www.facebook.com\/vallonchene.fr","article_modified_time":"2026-03-18T15:00:11+00:00","og_image":[{"width":1000,"height":1000,"url":"https:\/\/www.vallonchene.fr\/wp-content\/uploads\/2026\/03\/P1000300.webp","type":"image\/webp"}],"twitter_card":"summary_large_image","twitter_misc":{"Verf\u00fcgbarkeit":"Vorr\u00e4tig"},"schema":{"@context":"https:\/\/schema.org","@graph":[{"@type":"WebPage","@id":"https:\/\/www.vallonchene.fr\/de\/produkt\/prunus-the-bride\/","url":"https:\/\/www.vallonchene.fr\/de\/produkt\/prunus-the-bride\/","name":"PRUNUS 'The Bride' - Zierkirsche","isPartOf":{"@id":"https:\/\/www.vallonchene.fr\/de\/#website"},"primaryImageOfPage":{"@id":"https:\/\/www.vallonchene.fr\/de\/produkt\/prunus-the-bride\/#primaryimage"},"image":{"@id":"https:\/\/www.vallonchene.fr\/de\/produkt\/prunus-the-bride\/#primaryimage"},"thumbnailUrl":"https:\/\/www.vallonchene.fr\/wp-content\/uploads\/2026\/03\/P1000300.webp","datePublished":"2021-08-31T11:30:50+00:00","dateModified":"2026-03-18T15:00:11+00:00","description":"Diese Zierkirsche entwickelt eine F\u00fclle wei\u00dfer Bl\u00fcten. Das Laub der PRUNUS 'The Bride' f\u00e4rbt sich im Herbst in leuchtenden Farben.","breadcrumb":{"@id":"https:\/\/www.vallonchene.fr\/de\/produkt\/prunus-the-bride\/#breadcrumb"},"inLanguage":"de","potentialAction":[{"@type":"ReadAction","target":["https:\/\/www.vallonchene.fr\/de\/produkt\/prunus-the-bride\/"]}]},{"@type":"ImageObject","inLanguage":"de","@id":"https:\/\/www.vallonchene.fr\/de\/produkt\/prunus-the-bride\/#primaryimage","url":"https:\/\/www.vallonchene.fr\/wp-content\/uploads\/2026\/03\/P1000300.webp","contentUrl":"https:\/\/www.vallonchene.fr\/wp-content\/uploads\/2026\/03\/P1000300.webp","width":1000,"height":1000,"caption":"Nahaufnahme der Bl\u00fcten von PRUNUS 'The Bride'"},{"@type":"BreadcrumbList","@id":"https:\/\/www.vallonchene.fr\/de\/produkt\/prunus-the-bride\/#breadcrumb","itemListElement":[{"@type":"ListItem","position":1,"name":"Home","item":"https:\/\/www.vallonchene.fr\/de\/"},{"@type":"ListItem","position":2,"name":"Shop","item":"https:\/\/www.vallonchene.fr\/de\/shop\/"},{"@type":"ListItem","position":3,"name":"Online-Verkauf","item":"https:\/\/www.vallonchene.fr\/de\/produkt-kategorie\/online-verkauf-de\/"},{"@type":"ListItem","position":4,"name":"Baumschule","item":"https:\/\/www.vallonchene.fr\/de\/produkt-kategorie\/online-verkauf-de\/baumschule-gaertnerei-de\/"},{"@type":"ListItem","position":5,"name":"Str\u00e4ucher und B\u00e4ume","item":"https:\/\/www.vallonchene.fr\/de\/produkt-kategorie\/online-verkauf-de\/baumschule-gaertnerei-de\/straucher-und-baume-de\/"},{"@type":"ListItem","position":6,"name":"PRUNUS &#8218;The Bride&#8216;"}]},{"@type":"WebSite","@id":"https:\/\/www.vallonchene.fr\/de\/#website","url":"https:\/\/www.vallonchene.fr\/de\/","name":"Vallonch\u00eane","description":"Die Baumschule, bei der Qualit\u00e4t ihre Wurzeln hat \u2013 Tel.: +49 (0)6838-5399840","publisher":{"@id":"https:\/\/www.vallonchene.fr\/de\/#organization"},"potentialAction":[{"@type":"SearchAction","target":{"@type":"EntryPoint","urlTemplate":"https:\/\/www.vallonchene.fr\/de\/?s={search_term_string}"},"query-input":{"@type":"PropertyValueSpecification","valueRequired":true,"valueName":"search_term_string"}}],"inLanguage":"de"},{"@type":"Organization","@id":"https:\/\/www.vallonchene.fr\/de\/#organization","name":"VALLONCHENE","url":"https:\/\/www.vallonchene.fr\/de\/","logo":{"@type":"ImageObject","inLanguage":"de","@id":"https:\/\/www.vallonchene.fr\/de\/#\/schema\/logo\/image\/","url":"https:\/\/www.vallonchene.fr\/wp-content\/uploads\/2023\/03\/Logo-Vallonchene-site-et-R_hauteur_100.png","contentUrl":"https:\/\/www.vallonchene.fr\/wp-content\/uploads\/2023\/03\/Logo-Vallonchene-site-et-R_hauteur_100.png","width":221,"height":100,"caption":"VALLONCHENE"},"image":{"@id":"https:\/\/www.vallonchene.fr\/de\/#\/schema\/logo\/image\/"},"sameAs":["https:\/\/www.facebook.com\/vallonchene.fr","https:\/\/www.instagram.com\/vallonchene\/","https:\/\/www.pinterest.fr\/vallonchene\/"],"taxID":"49454502300017","hasMerchantReturnPolicy":{"@type":"MerchantReturnPolicy","merchantReturnLink":"https:\/\/www.vallonchene.fr\/remboursements_retours\/"}}]},"og_availability":"instock","product_availability":"instock","product_retailer_item_id":"17351","product_condition":"new"},"_links":{"self":[{"href":"https:\/\/www.vallonchene.fr\/de\/wp-json\/wp\/v2\/product\/23193","targetHints":{"allow":["GET"]}}],"collection":[{"href":"https:\/\/www.vallonchene.fr\/de\/wp-json\/wp\/v2\/product"}],"about":[{"href":"https:\/\/www.vallonchene.fr\/de\/wp-json\/wp\/v2\/types\/product"}],"replies":[{"embeddable":true,"href":"https:\/\/www.vallonchene.fr\/de\/wp-json\/wp\/v2\/comments?post=23193"}],"wp:featuredmedia":[{"embeddable":true,"href":"https:\/\/www.vallonchene.fr\/de\/wp-json\/wp\/v2\/media\/58190"}],"wp:attachment":[{"href":"https:\/\/www.vallonchene.fr\/de\/wp-json\/wp\/v2\/media?parent=23193"}],"wp:term":[{"taxonomy":"product_brand","embeddable":true,"href":"https:\/\/www.vallonchene.fr\/de\/wp-json\/wp\/v2\/product_brand?post=23193"},{"taxonomy":"product_cat","embeddable":true,"href":"https:\/\/www.vallonchene.fr\/de\/wp-json\/wp\/v2\/product_cat?post=23193"},{"taxonomy":"product_tag","embeddable":true,"href":"https:\/\/www.vallonchene.fr\/de\/wp-json\/wp\/v2\/product_tag?post=23193"}],"curies":[{"name":"wp","href":"https:\/\/api.w.org\/{rel}","templated":true}]}}