{"id":23177,"date":"2021-08-31T11:23:24","date_gmt":"2021-08-31T11:23:24","guid":{"rendered":"https:\/\/testing.vallonchene.fr\/produit\/pilgerodendron-uviferum\/"},"modified":"2026-01-20T11:16:06","modified_gmt":"2026-01-20T10:16:06","slug":"pilgerodendron-uviferum","status":"publish","type":"product","link":"https:\/\/www.vallonchene.fr\/de\/produkt\/pilgerodendron-uviferum\/","title":{"rendered":"PILGERODENDRON uviferum"},"content":{"rendered":"<h2>Die Pflanze<\/h2>\n<p> Die <b>Chilenische Flusszeder<\/b> geh\u00f6rt zu den besonders begehrten Nadelb\u00e4umen unter Kennern. Die <strong>PILGERODENDRON uviferum<\/strong> ist die <strong>einzige bekannte Art ihrer Gattung<\/strong>. Sie verleiht Ihrem Garten eine <strong>einzigartige<\/strong> <strong>Eleganz<\/strong>. Urspr\u00fcnglich aus den feuchten Regionen S\u00fcdamerikas stammend, zeichnet sich dieser <strong>langsam wachsende Baum<\/strong> durch seinen <strong>schmalen, kegelf\u00f6rmigen Wuchs<\/strong> und sein <strong>dichtes, sattgr\u00fcnes Laub<\/strong> aus. Seine sich in Platten abl\u00f6sende <strong>rotbraune Rinde<\/strong> verleiht ihm ein einzigartiges Aussehen. In seinem nat\u00fcrlichen Lebensraum findet man noch heute Exemplare mit einem Stammdurchmesser von 1,50 m (sehr alt), obwohl es Berichte \u00fcber Exemplare mit einem Durchmesser von bis zu 3 m gibt (vor der \u00dcbernutzung).      <\/p>\n<h2>Wie pflanzt und pflegt man PILGERODENDRON uviferum?<\/h2>\n<ol>\n<li><strong>Pflanzung:<\/strong> Um Ihre Zypresse von Las Guaitecas erfolgreich zu pflanzen, w\u00e4hlen Sie einen sonnigen bis halbschattigen Standort mit einem gut durchl\u00e4ssigen Boden. Der Boden kann leicht, normal oder schwer sein und einen sauren, neutralen oder kalkhaltigen pH-Wert haben. Dieser Baum bevorzugt ein k\u00fchles und feuchtes Klima, vertr\u00e4gt aber auch Trockenperioden, sobald er gut angewachsen ist. <strong><a href=\"https:\/\/www.vallonchene.fr\/comment-planter-et-entretenir-des-vegetaux\/\">F\u00fcr die Vorbereitung des Pflanzlochs finden Sie hier unsere Pflanztipps<\/a><\/strong>.   <\/li>\n<li><strong>Pflege:<\/strong> Die Chilenische Flusszeder ist sehr pflegeleicht. Wir empfehlen eine regelm\u00e4\u00dfige Bew\u00e4sserung im ersten und gegebenenfalls auch im zweiten Jahr nach der Pflanzung. Danach k\u00f6nnen die Gie\u00dfintervalle vergr\u00f6\u00dfert werden.  <a href=\"https:\/\/www.vallonchene.fr\/comment-bien-arroser-le-jardin-et-economiser-leau\/\"><strong>Lesen Sie hier auch unsere Tipps zum richtigen Gie\u00dfen und Wassersparen<\/strong><\/a>.<\/li>\n<\/ol>\n<h2>Geschichte und Herkunft<\/h2>\n<p data-sourcepos=\"13:1-13:519\">Die Chilenische Flusszeder ist ein wahrhaftiger Zeuge der Erdgeschichte. Tats\u00e4chlich handelt es sich um das s\u00fcdlichste Nadelbaumgew\u00e4chs der Erde, das in Regionen mit extremen klimatischen Bedingungen w\u00e4chst.<br data-mce-bogus=\"1\"> <\/p>\n<p data-sourcepos=\"13:1-13:519\">Die indigene Bev\u00f6lkerung nutzte das Holz f\u00fcr den Bau von Booten und H\u00e4usern. Im 19. Jahrhundert erlebte PILGERODENDRON uviferum einen wahren Boom. So wurde sein Holz f\u00fcr die Herstellung von Eisenbahnschwellen verwendet.<br data-mce-bogus=\"1\">  <\/p>\n<p data-sourcepos=\"13:1-13:519\">\u00dcber seine botanische Bedeutung hinaus besitzt dieser Baum auch eine wirtschaftliche Relevanz. Sein sehr dichtes und widerstandsf\u00e4higes Holz wird besonders in der M\u00f6belherstellung und im Bootbau gesch\u00e4tzt.<br data-mce-bogus=\"1\"> <\/p>\n<p data-sourcepos=\"13:1-13:519\">Jedoch hat die intensive Nutzung zu einer starken Verringerung der Best\u00e4nde gef\u00fchrt, weshalb ein Schutz der Art unerl\u00e4sslich ist. Er ist zudem auf der Roten Liste der gef\u00e4hrdeten Arten aufgef\u00fchrt.<br data-mce-bogus=\"1\"> <\/p>\n<p data-sourcepos=\"15:1-15:266\">Indem Sie sich f\u00fcr eine Chilenische Flusszeder entscheiden, <strong>tragen Sie zum Erhalt einer einzigartigen Art bei<\/strong>. Dar\u00fcber hinaus bereichern Sie Ihren Garten um ein au\u00dfergew\u00f6hnliches Exemplar. Dieser geschichtstr\u00e4chtige und symboltr\u00e4chtige Baum wird Sie viele Jahre lang erfreuen.  <\/p>\n<p>&nbsp;<\/p>\n","protected":false},"excerpt":{"rendered":"<p>EXTREM SELTEN! Diese <b>Chilenische Flusszeder<\/b> ist die einzige bekannte Art ihrer Gattung. Das <b>PILGERODENDRON uviferum<\/b> bildet einen dichten, schmalen Wuchs.  <\/p>\n","protected":false},"featured_media":50071,"comment_status":"open","ping_status":"closed","template":"","meta":[],"product_brand":[],"product_cat":[10733,252],"product_tag":[11454,11453],"class_list":{"0":"post-23177","1":"product","2":"type-product","3":"status-publish","4":"has-post-thumbnail","6":"product_cat-seltene-pflanzen-sammlerpflanzen","7":"product_cat-straucher-und-baume-de","8":"product_tag-chilenische-scheinzypresse","9":"product_tag-pilgerodendron-uviferum-de","10":"pa_99-hauteurapproximativeapres1-150a200m-de","11":"pa_couleurdufeuillage-grun-de","12":"pa_exigencesenhumidite-feucht-de","13":"pa_exigencesenhumidite-normal-de","14":"pa_exigencesenhumidite-trocken-de","15":"pa_expositionspossibles-ce-halbschattigsonnezw12und17-de","16":"pa_expositionspossibles-sonnigvon12bis17uhr-de","17":"pa_hauteurlivree-100-bis-125-cm","18":"pa_hauteurlivree-15-bis-20-cm","19":"pa_hauteurlivree-40-bis-50-cm","20":"pa_hauteurlivree-40-bis-60-cm","21":"pa_hauteurlivree-60-bis-80-cm","22":"pa_hauteurlivree-70-bis-80-cm","23":"pa_hauteurlivree-80-bis-100-cm","24":"pa_interetauprintemps-form-de","25":"pa_interetauprintemps-laub-de","26":"pa_interetenautomne-form-de","27":"pa_interetenautomne-laub-de","28":"pa_interetenete-form-de","29":"pa_interetenete-laub-de","30":"pa_interetenhiver-form-de","31":"pa_interetenhiver-laub-de","32":"pa_naturedufeuillage-immergrun-de","33":"pa_naturesdesolpossibles-leicht-de","34":"pa_naturesdesolpossibles-normal-de","35":"pa_naturesdesolpossibles-schwer-de","36":"pa_particularites-furbonsaigeeignet-de","37":"pa_periodedetaille-marz-de","38":"pa_phdusolacceptable-kalkigmehrals75-de","39":"pa_phdusolacceptable-neutralzw65u75-de","40":"pa_phdusolacceptable-sauerwenigerals65-de","41":"pa_portgraphisme-kolonnenformig-de","42":"pa_resistanceaufroidrusticite-frostbestandigbis_20c-de","43":"pa_tailledepot-2liter_topf-de","44":"pa_tailledepot-3liter_topf-de","45":"pa_tailledepot-5liter_topf-de","46":"pa_tailledepot-75liter_topf-de","47":"pa_utilisationpossible-alleinstehend-de","48":"pa_utilisationpossible-beet-de","50":"first","51":"instock","52":"taxable","53":"shipping-taxable","54":"purchasable","55":"product-type-variable","56":"has-default-attributes"},"supplier_id":null,"supplier_sku":"","barcode":null,"atum_controlled":true,"out_stock_date":null,"out_stock_threshold":null,"inheritable":true,"inbound_stock":0,"stock_on_hold":0,"sold_today":0,"sales_last_days":1,"reserved_stock":0,"customer_returns":0,"warehouse_damage":0,"lost_in_post":0,"other_logs":0,"out_stock_days":null,"lost_sales":0,"has_location":false,"update_date":"2026-04-20T07:40:15","atum_locations":[],"atum_stock_status":"instock","restock_status":false,"low_stock_amount":"","sales_update_date":"2025-07-05T13:08:46","calc_backorders":null,"yoast_head":"<!-- This site is optimized with the Yoast SEO Premium plugin v27.4 (Yoast SEO v27.4) - https:\/\/yoast.com\/product\/yoast-seo-premium-wordpress\/ -->\n<title>PILGERODENDRON uviferum - Chilenische Flusszeder<\/title>\n<meta name=\"description\" content=\"EXTREM SELTEN! Diese Chilenische Flusszeder ist die EINZIGE Art ihrer Gattung. Die PILGERODENDRON uviferum w\u00e4chst sehr dicht in einer schmalen S\u00e4ulenform.\" \/>\n<meta name=\"robots\" content=\"index, follow, max-snippet:-1, max-image-preview:large, max-video-preview:-1\" \/>\n<link rel=\"canonical\" href=\"https:\/\/www.vallonchene.fr\/de\/produkt\/pilgerodendron-uviferum\/\" \/>\n<meta property=\"og:locale\" content=\"de_DE\" \/>\n<meta property=\"og:type\" content=\"article\" \/>\n<meta property=\"og:title\" content=\"PILGERODENDRON uviferum\" \/>\n<meta property=\"og:description\" content=\"EXTREM SELTEN! Diese Chilenische Flusszeder ist die EINZIGE Art ihrer Gattung. Die PILGERODENDRON uviferum w\u00e4chst sehr dicht in einer schmalen S\u00e4ulenform.\" \/>\n<meta property=\"og:url\" content=\"https:\/\/www.vallonchene.fr\/de\/produkt\/pilgerodendron-uviferum\/\" \/>\n<meta property=\"og:site_name\" content=\"Vallonch\u00eane\" \/>\n<meta property=\"article:publisher\" content=\"https:\/\/www.facebook.com\/vallonchene.fr\" \/>\n<meta property=\"article:modified_time\" content=\"2026-01-20T10:16:06+00:00\" \/>\n<meta property=\"og:image\" content=\"https:\/\/www.vallonchene.fr\/wp-content\/uploads\/2024\/11\/PILGERODENDRON-uviferum.webp\" \/>\n\t<meta property=\"og:image:width\" content=\"1200\" \/>\n\t<meta property=\"og:image:height\" content=\"1200\" \/>\n\t<meta property=\"og:image:type\" content=\"image\/webp\" \/>\n<meta name=\"twitter:card\" content=\"summary_large_image\" \/>\n<meta name=\"twitter:label1\" content=\"Verf\u00fcgbarkeit\" \/>\n\t<meta name=\"twitter:data1\" content=\"Vorr\u00e4tig\" \/>\n<script type=\"application\/ld+json\" class=\"yoast-schema-graph\">{\"@context\":\"https:\\\/\\\/schema.org\",\"@graph\":[{\"@type\":\"WebPage\",\"@id\":\"https:\\\/\\\/www.vallonchene.fr\\\/de\\\/produkt\\\/pilgerodendron-uviferum\\\/\",\"url\":\"https:\\\/\\\/www.vallonchene.fr\\\/de\\\/produkt\\\/pilgerodendron-uviferum\\\/\",\"name\":\"PILGERODENDRON uviferum - Chilenische Flusszeder\",\"isPartOf\":{\"@id\":\"https:\\\/\\\/www.vallonchene.fr\\\/de\\\/#website\"},\"primaryImageOfPage\":{\"@id\":\"https:\\\/\\\/www.vallonchene.fr\\\/de\\\/produkt\\\/pilgerodendron-uviferum\\\/#primaryimage\"},\"image\":{\"@id\":\"https:\\\/\\\/www.vallonchene.fr\\\/de\\\/produkt\\\/pilgerodendron-uviferum\\\/#primaryimage\"},\"thumbnailUrl\":\"https:\\\/\\\/www.vallonchene.fr\\\/wp-content\\\/uploads\\\/2024\\\/11\\\/PILGERODENDRON-uviferum.webp\",\"datePublished\":\"2021-08-31T11:23:24+00:00\",\"dateModified\":\"2026-01-20T10:16:06+00:00\",\"description\":\"EXTREM SELTEN! Diese Chilenische Flusszeder ist die EINZIGE Art ihrer Gattung. Die PILGERODENDRON uviferum w\u00e4chst sehr dicht in einer schmalen S\u00e4ulenform.\",\"breadcrumb\":{\"@id\":\"https:\\\/\\\/www.vallonchene.fr\\\/de\\\/produkt\\\/pilgerodendron-uviferum\\\/#breadcrumb\"},\"inLanguage\":\"de\",\"potentialAction\":[{\"@type\":\"ReadAction\",\"target\":[\"https:\\\/\\\/www.vallonchene.fr\\\/de\\\/produkt\\\/pilgerodendron-uviferum\\\/\"]}]},{\"@type\":\"ImageObject\",\"inLanguage\":\"de\",\"@id\":\"https:\\\/\\\/www.vallonchene.fr\\\/de\\\/produkt\\\/pilgerodendron-uviferum\\\/#primaryimage\",\"url\":\"https:\\\/\\\/www.vallonchene.fr\\\/wp-content\\\/uploads\\\/2024\\\/11\\\/PILGERODENDRON-uviferum.webp\",\"contentUrl\":\"https:\\\/\\\/www.vallonchene.fr\\\/wp-content\\\/uploads\\\/2024\\\/11\\\/PILGERODENDRON-uviferum.webp\",\"width\":1200,\"height\":1200,\"caption\":\"Nahaufnahme des gr\u00fcnen Laubes von PILGERODENDRON uviferum\"},{\"@type\":\"BreadcrumbList\",\"@id\":\"https:\\\/\\\/www.vallonchene.fr\\\/de\\\/produkt\\\/pilgerodendron-uviferum\\\/#breadcrumb\",\"itemListElement\":[{\"@type\":\"ListItem\",\"position\":1,\"name\":\"Home\",\"item\":\"https:\\\/\\\/www.vallonchene.fr\\\/de\\\/\"},{\"@type\":\"ListItem\",\"position\":2,\"name\":\"Shop\",\"item\":\"https:\\\/\\\/www.vallonchene.fr\\\/de\\\/shop\\\/\"},{\"@type\":\"ListItem\",\"position\":3,\"name\":\"Online-Verkauf\",\"item\":\"https:\\\/\\\/www.vallonchene.fr\\\/de\\\/produkt-kategorie\\\/online-verkauf-de\\\/\"},{\"@type\":\"ListItem\",\"position\":4,\"name\":\"Baumschule\",\"item\":\"https:\\\/\\\/www.vallonchene.fr\\\/de\\\/produkt-kategorie\\\/online-verkauf-de\\\/baumschule-gaertnerei-de\\\/\"},{\"@type\":\"ListItem\",\"position\":5,\"name\":\"Str\u00e4ucher und B\u00e4ume\",\"item\":\"https:\\\/\\\/www.vallonchene.fr\\\/de\\\/produkt-kategorie\\\/online-verkauf-de\\\/baumschule-gaertnerei-de\\\/straucher-und-baume-de\\\/\"},{\"@type\":\"ListItem\",\"position\":6,\"name\":\"PILGERODENDRON uviferum\"}]},{\"@type\":\"WebSite\",\"@id\":\"https:\\\/\\\/www.vallonchene.fr\\\/de\\\/#website\",\"url\":\"https:\\\/\\\/www.vallonchene.fr\\\/de\\\/\",\"name\":\"Vallonch\u00eane\",\"description\":\"Die Baumschule, bei der Qualit\u00e4t ihre Wurzeln hat \u2013 Tel.: +49 (0)6838-5399840\",\"publisher\":{\"@id\":\"https:\\\/\\\/www.vallonchene.fr\\\/de\\\/#organization\"},\"potentialAction\":[{\"@type\":\"SearchAction\",\"target\":{\"@type\":\"EntryPoint\",\"urlTemplate\":\"https:\\\/\\\/www.vallonchene.fr\\\/de\\\/?s={search_term_string}\"},\"query-input\":{\"@type\":\"PropertyValueSpecification\",\"valueRequired\":true,\"valueName\":\"search_term_string\"}}],\"inLanguage\":\"de\"},{\"@type\":\"Organization\",\"@id\":\"https:\\\/\\\/www.vallonchene.fr\\\/de\\\/#organization\",\"name\":\"VALLONCHENE\",\"url\":\"https:\\\/\\\/www.vallonchene.fr\\\/de\\\/\",\"logo\":{\"@type\":\"ImageObject\",\"inLanguage\":\"de\",\"@id\":\"https:\\\/\\\/www.vallonchene.fr\\\/de\\\/#\\\/schema\\\/logo\\\/image\\\/\",\"url\":\"https:\\\/\\\/www.vallonchene.fr\\\/wp-content\\\/uploads\\\/2023\\\/03\\\/Logo-Vallonchene-site-et-R_hauteur_100.png\",\"contentUrl\":\"https:\\\/\\\/www.vallonchene.fr\\\/wp-content\\\/uploads\\\/2023\\\/03\\\/Logo-Vallonchene-site-et-R_hauteur_100.png\",\"width\":221,\"height\":100,\"caption\":\"VALLONCHENE\"},\"image\":{\"@id\":\"https:\\\/\\\/www.vallonchene.fr\\\/de\\\/#\\\/schema\\\/logo\\\/image\\\/\"},\"sameAs\":[\"https:\\\/\\\/www.facebook.com\\\/vallonchene.fr\",\"https:\\\/\\\/www.instagram.com\\\/vallonchene\\\/\",\"https:\\\/\\\/www.pinterest.fr\\\/vallonchene\\\/\"],\"taxID\":\"49454502300017\",\"hasMerchantReturnPolicy\":{\"@type\":\"MerchantReturnPolicy\",\"merchantReturnLink\":\"https:\\\/\\\/www.vallonchene.fr\\\/remboursements_retours\\\/\"}}]}<\/script>\n<meta property=\"og:availability\" content=\"instock\" \/>\n<meta property=\"product:availability\" content=\"instock\" \/>\n<meta property=\"product:retailer_item_id\" content=\"17689\" \/>\n<meta property=\"product:condition\" content=\"new\" \/>\n<!-- \/ Yoast SEO Premium plugin. -->","yoast_head_json":{"title":"PILGERODENDRON uviferum - Chilenische Flusszeder","description":"EXTREM SELTEN! Diese Chilenische Flusszeder ist die EINZIGE Art ihrer Gattung. Die PILGERODENDRON uviferum w\u00e4chst sehr dicht in einer schmalen S\u00e4ulenform.","robots":{"index":"index","follow":"follow","max-snippet":"max-snippet:-1","max-image-preview":"max-image-preview:large","max-video-preview":"max-video-preview:-1"},"canonical":"https:\/\/www.vallonchene.fr\/de\/produkt\/pilgerodendron-uviferum\/","og_locale":"de_DE","og_type":"article","og_title":"PILGERODENDRON uviferum","og_description":"EXTREM SELTEN! Diese Chilenische Flusszeder ist die EINZIGE Art ihrer Gattung. Die PILGERODENDRON uviferum w\u00e4chst sehr dicht in einer schmalen S\u00e4ulenform.","og_url":"https:\/\/www.vallonchene.fr\/de\/produkt\/pilgerodendron-uviferum\/","og_site_name":"Vallonch\u00eane","article_publisher":"https:\/\/www.facebook.com\/vallonchene.fr","article_modified_time":"2026-01-20T10:16:06+00:00","og_image":[{"width":1200,"height":1200,"url":"https:\/\/www.vallonchene.fr\/wp-content\/uploads\/2024\/11\/PILGERODENDRON-uviferum.webp","type":"image\/webp"}],"twitter_card":"summary_large_image","twitter_misc":{"Verf\u00fcgbarkeit":"Vorr\u00e4tig"},"schema":{"@context":"https:\/\/schema.org","@graph":[{"@type":"WebPage","@id":"https:\/\/www.vallonchene.fr\/de\/produkt\/pilgerodendron-uviferum\/","url":"https:\/\/www.vallonchene.fr\/de\/produkt\/pilgerodendron-uviferum\/","name":"PILGERODENDRON uviferum - Chilenische Flusszeder","isPartOf":{"@id":"https:\/\/www.vallonchene.fr\/de\/#website"},"primaryImageOfPage":{"@id":"https:\/\/www.vallonchene.fr\/de\/produkt\/pilgerodendron-uviferum\/#primaryimage"},"image":{"@id":"https:\/\/www.vallonchene.fr\/de\/produkt\/pilgerodendron-uviferum\/#primaryimage"},"thumbnailUrl":"https:\/\/www.vallonchene.fr\/wp-content\/uploads\/2024\/11\/PILGERODENDRON-uviferum.webp","datePublished":"2021-08-31T11:23:24+00:00","dateModified":"2026-01-20T10:16:06+00:00","description":"EXTREM SELTEN! Diese Chilenische Flusszeder ist die EINZIGE Art ihrer Gattung. Die PILGERODENDRON uviferum w\u00e4chst sehr dicht in einer schmalen S\u00e4ulenform.","breadcrumb":{"@id":"https:\/\/www.vallonchene.fr\/de\/produkt\/pilgerodendron-uviferum\/#breadcrumb"},"inLanguage":"de","potentialAction":[{"@type":"ReadAction","target":["https:\/\/www.vallonchene.fr\/de\/produkt\/pilgerodendron-uviferum\/"]}]},{"@type":"ImageObject","inLanguage":"de","@id":"https:\/\/www.vallonchene.fr\/de\/produkt\/pilgerodendron-uviferum\/#primaryimage","url":"https:\/\/www.vallonchene.fr\/wp-content\/uploads\/2024\/11\/PILGERODENDRON-uviferum.webp","contentUrl":"https:\/\/www.vallonchene.fr\/wp-content\/uploads\/2024\/11\/PILGERODENDRON-uviferum.webp","width":1200,"height":1200,"caption":"Nahaufnahme des gr\u00fcnen Laubes von PILGERODENDRON uviferum"},{"@type":"BreadcrumbList","@id":"https:\/\/www.vallonchene.fr\/de\/produkt\/pilgerodendron-uviferum\/#breadcrumb","itemListElement":[{"@type":"ListItem","position":1,"name":"Home","item":"https:\/\/www.vallonchene.fr\/de\/"},{"@type":"ListItem","position":2,"name":"Shop","item":"https:\/\/www.vallonchene.fr\/de\/shop\/"},{"@type":"ListItem","position":3,"name":"Online-Verkauf","item":"https:\/\/www.vallonchene.fr\/de\/produkt-kategorie\/online-verkauf-de\/"},{"@type":"ListItem","position":4,"name":"Baumschule","item":"https:\/\/www.vallonchene.fr\/de\/produkt-kategorie\/online-verkauf-de\/baumschule-gaertnerei-de\/"},{"@type":"ListItem","position":5,"name":"Str\u00e4ucher und B\u00e4ume","item":"https:\/\/www.vallonchene.fr\/de\/produkt-kategorie\/online-verkauf-de\/baumschule-gaertnerei-de\/straucher-und-baume-de\/"},{"@type":"ListItem","position":6,"name":"PILGERODENDRON uviferum"}]},{"@type":"WebSite","@id":"https:\/\/www.vallonchene.fr\/de\/#website","url":"https:\/\/www.vallonchene.fr\/de\/","name":"Vallonch\u00eane","description":"Die Baumschule, bei der Qualit\u00e4t ihre Wurzeln hat \u2013 Tel.: +49 (0)6838-5399840","publisher":{"@id":"https:\/\/www.vallonchene.fr\/de\/#organization"},"potentialAction":[{"@type":"SearchAction","target":{"@type":"EntryPoint","urlTemplate":"https:\/\/www.vallonchene.fr\/de\/?s={search_term_string}"},"query-input":{"@type":"PropertyValueSpecification","valueRequired":true,"valueName":"search_term_string"}}],"inLanguage":"de"},{"@type":"Organization","@id":"https:\/\/www.vallonchene.fr\/de\/#organization","name":"VALLONCHENE","url":"https:\/\/www.vallonchene.fr\/de\/","logo":{"@type":"ImageObject","inLanguage":"de","@id":"https:\/\/www.vallonchene.fr\/de\/#\/schema\/logo\/image\/","url":"https:\/\/www.vallonchene.fr\/wp-content\/uploads\/2023\/03\/Logo-Vallonchene-site-et-R_hauteur_100.png","contentUrl":"https:\/\/www.vallonchene.fr\/wp-content\/uploads\/2023\/03\/Logo-Vallonchene-site-et-R_hauteur_100.png","width":221,"height":100,"caption":"VALLONCHENE"},"image":{"@id":"https:\/\/www.vallonchene.fr\/de\/#\/schema\/logo\/image\/"},"sameAs":["https:\/\/www.facebook.com\/vallonchene.fr","https:\/\/www.instagram.com\/vallonchene\/","https:\/\/www.pinterest.fr\/vallonchene\/"],"taxID":"49454502300017","hasMerchantReturnPolicy":{"@type":"MerchantReturnPolicy","merchantReturnLink":"https:\/\/www.vallonchene.fr\/remboursements_retours\/"}}]},"og_availability":"instock","product_availability":"instock","product_retailer_item_id":"17689","product_condition":"new"},"_links":{"self":[{"href":"https:\/\/www.vallonchene.fr\/de\/wp-json\/wp\/v2\/product\/23177","targetHints":{"allow":["GET"]}}],"collection":[{"href":"https:\/\/www.vallonchene.fr\/de\/wp-json\/wp\/v2\/product"}],"about":[{"href":"https:\/\/www.vallonchene.fr\/de\/wp-json\/wp\/v2\/types\/product"}],"replies":[{"embeddable":true,"href":"https:\/\/www.vallonchene.fr\/de\/wp-json\/wp\/v2\/comments?post=23177"}],"wp:featuredmedia":[{"embeddable":true,"href":"https:\/\/www.vallonchene.fr\/de\/wp-json\/wp\/v2\/media\/50071"}],"wp:attachment":[{"href":"https:\/\/www.vallonchene.fr\/de\/wp-json\/wp\/v2\/media?parent=23177"}],"wp:term":[{"taxonomy":"product_brand","embeddable":true,"href":"https:\/\/www.vallonchene.fr\/de\/wp-json\/wp\/v2\/product_brand?post=23177"},{"taxonomy":"product_cat","embeddable":true,"href":"https:\/\/www.vallonchene.fr\/de\/wp-json\/wp\/v2\/product_cat?post=23177"},{"taxonomy":"product_tag","embeddable":true,"href":"https:\/\/www.vallonchene.fr\/de\/wp-json\/wp\/v2\/product_tag?post=23177"}],"curies":[{"name":"wp","href":"https:\/\/api.w.org\/{rel}","templated":true}]}}