{"id":22250,"date":"2021-08-31T10:46:47","date_gmt":"2021-08-31T10:46:47","guid":{"rendered":"https:\/\/testing.vallonchene.fr\/produit\/brassaiopsis-hispida\/"},"modified":"2025-04-27T18:34:41","modified_gmt":"2025-04-27T17:34:41","slug":"brassaiopsis-hispida","status":"publish","type":"product","link":"https:\/\/www.vallonchene.fr\/de\/produkt\/brassaiopsis-hispida\/","title":{"rendered":"BRASSAIOPSIS hispida"},"content":{"rendered":"<h2>Die Pflanze<\/h2>\n<p><strong>BRASSAIOPSIS hispida<\/strong> geh\u00f6rt wie <strong><a href=\"https:\/\/www.vallonchene.fr\/produkt\/brassaiopsis-mitis\/\">BRASSAIOPSIS mitis<\/a><\/strong> oder <strong><a href=\"https:\/\/www.vallonchene.fr\/produkt\/brassaiopsis-hainla\/\">BRASSAIOPSIS hainla<\/a><\/strong> zweifellos zu DEN Sammlerpflanzen der letzten Jahre. Sie geh\u00f6ren zur Familie der Araliengew\u00e4chse (Araliaceae).<br \/>\nDas Laub des BRASSAIOPSIS hispida ist <strong>immergr\u00fcn<\/strong>, <strong>ziemlich dick<\/strong>, <strong>leicht behaart<\/strong> und von blassgr\u00fcner Farbe. Jedes Blatt hat 9 bis 11 gro\u00dfe Lappen und erreicht einen Durchmesser von etwa vierzig Zentimetern. Die Blattstiele sind 20 bis 40 cm lang.<br \/>\nDer frische Austrieb im Fr\u00fchling ist besonders bemerkenswert und unterscheidet sich deutlich vom ausgewachsenen Blatt. Er hat n\u00e4mlich eine auff\u00e4llig <strong>bronzene Farbe<\/strong> (siehe Foto).<br \/>\nDer B. hispida w\u00e4chst <strong>schlank und aufrecht<\/strong>.<br \/>  In ihrem nat\u00fcrlichen Lebensraum kann sie eine H\u00f6he von 5 Metern erreichen.<br \/>\n<strong>Alle auf unserer Website verkauften BRASSAIOPSIS werden von uns durch Stecklinge vermehrt, um die genetische Identit\u00e4t sicherzustellen und verf\u00fcgen bereits \u00fcber einen Stamm. <\/strong>Die H\u00f6he wird bei jeder Gr\u00f6\u00dfe in Zentimetern angegeben.<\/p>\n<p>Um alle derzeit zum Verkauf stehenden BRASSAIOPSIS anzuzeigen, <a href=\"https:\/\/www.vallonchene.fr\/de\/?s=brassaiopsis&amp;post_type=product&amp;dgwt_wcas=1&amp;lang=de&amp;filter_stock_status=instock\"><strong>klicken Sie bitte hier<\/strong><\/a>.<\/p>\n<h2>Wie pflanzt und pflegt man BRASSAIOPSIS hispida?<\/h2>\n<h3>Die Pflanzung<\/h3>\n<ol>\n<li>Wie alle Araliaceae bevorzugt B. hispida <strong>schattige Standorte<\/strong>. <strong>Vermeiden Sie direktes Sonnenlicht<\/strong>.<\/li>\n<li>W\u00e4hlen Sie einen <strong>windgesch\u00fctzten<\/strong> und <strong>m\u00e4\u00dfig feuchten Standort<\/strong>, der im Winter jedoch ausreichend entw\u00e4ssert ist, um F\u00e4ulnis zu vermeiden.<\/li>\n<li>Der Boden sollte <strong>leicht oder normal<\/strong> sein und einen <strong>sauren, neutralen oder kalkhaltigen pH-Wert<\/strong> haben.<\/li>\n<li>Sch\u00fctzen Sie die Pflanze kurz vor dem ersten Frost mit Mulch an der Basis und einer Winterabdeckung. Entfernen Sie diesen Schutz, sobald der Sp\u00e4tfrost vor\u00fcber ist.<\/li>\n<li><a href=\"https:\/\/www.vallonchene.fr\/comment-planter-et-entretenir-des-vegetaux\/\" target=\"_blank\" rel=\"noreferrer noopener\"><strong>F\u00fcr die richtige Vorbereitung des Topfes oder Pflanzlochs haben wir hier spezielle Anleitungen zusammengestellt<\/strong><\/a>.<\/li>\n<\/ol>\n<h2>Die Pflege<\/h2>\n<p>Achten Sie in D\u00fcrreperioden in den ersten zwei Jahren auf eine gute Bew\u00e4sserung.<br \/>\nB. hispida <strong>erfordert au\u00dfer dem Winterschutz nur wenig Pflege<\/strong> (siehe oben).<br \/>\nBei Bedarf k\u00f6nnen Sie die Pflanze nach dem letzten Frost und vor dem Neuaustrieb beschneiden.<br \/>\n<a href=\"https:\/\/www.vallonchene.fr\/comment-bien-arroser-le-jardin-et-economiser-leau\/\"><strong>Lesen Sie hier auch unsere Tipps zum richtigen Gie\u00dfen und Wassersparen<\/strong><\/a>.<\/p>\n<h2>Geschichte und Herkunft<\/h2>\n<p>BRASSAIOPSIS sind in Asien endemisch. Sie kommen vom Himalaya \u00fcber China, Vietnam, Thailand und Indonesien vor.<\/p>\n<p>Botaniker erw\u00e4hnten BRASSAIOPSIS hispida erstmals im Jahr 1864.<\/p>\n","protected":false},"excerpt":{"rendered":"<p><b>BRASSAIOPSIS hispida<\/b> ist eine sehr seltene Form der <b>Araliaceae<\/b>. Mit ihrem dichten Laub, den Farben ihrer neuen Triebe und ihren sehr geraden St\u00e4mmen ist sie besonders dekorativ.<\/p>\n<p><strong>Alle auf unserer Website verkauften BRASSAIOPSIS werden von uns durch Stecklinge vermehrt, um die genetische Identit\u00e4t sicherzustellen und verf\u00fcgen bereits \u00fcber einen Stamm. <\/strong>Die H\u00f6he wird bei jeder Gr\u00f6\u00dfe in Zentimetern angegeben.<\/p>\n","protected":false},"featured_media":47459,"comment_status":"open","ping_status":"closed","template":"","meta":[],"product_brand":[],"product_cat":[10733,252],"product_tag":[10778],"class_list":{"0":"post-22250","1":"product","2":"type-product","3":"status-publish","4":"has-post-thumbnail","6":"product_cat-seltene-pflanzen-sammlerpflanzen","7":"product_cat-straucher-und-baume-de","8":"product_tag-brassaiopsis-hispida-de","9":"pa_99-hauteurapproximativeapres1-3_5m-de","10":"pa_couleurdelecorce-grau-de","11":"pa_couleurdufeuillage-grun-de","12":"pa_exigencesenhumidite-feucht-de","13":"pa_expositionspossibles-fc-schattigkeindirektessonnen-de","14":"pa_hauteurlivree-15-bis-20-cm","15":"pa_hauteurlivree-25-bis-30-cm","16":"pa_hauteurlivree-30-bis-40-cm","17":"pa_hauteurlivree-40-bis-50-cm","18":"pa_hauteurlivree-60-bis-80-cm","19":"pa_interetauprintemps-form-de","20":"pa_interetauprintemps-jungesprossen-de","21":"pa_interetauprintemps-laub-de","22":"pa_interetenautomne-form-de","23":"pa_interetenautomne-laub-de","24":"pa_interetenautomne-rinde-de","25":"pa_interetenete-form-de","26":"pa_interetenete-laub-de","27":"pa_interetenete-rinde-de","28":"pa_interetenhiver-form-de","29":"pa_interetenhiver-laub-de","30":"pa_interetenhiver-rinde-de","31":"pa_naturedufeuillage-immergrun-de","32":"pa_naturesdesolpossibles-leicht-de","33":"pa_naturesdesolpossibles-normal-de","34":"pa_particularites-form-de","35":"pa_phdusolacceptable-kalkigmehrals75-de","36":"pa_phdusolacceptable-neutralzw65u75-de","37":"pa_phdusolacceptable-sauerwenigerals65-de","38":"pa_resistanceaufroidrusticite-88-schutzbedurftigkanngeschut-de","39":"pa_tailledepot-10liter_topf-de","40":"pa_tailledepot-4liter_topf-de","41":"pa_utilisationpossible-beet-de","42":"pa_utilisationpossible-kubelodertopf-de","44":"first","45":"outofstock","46":"taxable","47":"shipping-taxable","48":"purchasable","49":"product-type-variable","50":"has-default-attributes"},"supplier_id":null,"supplier_sku":"","barcode":null,"atum_controlled":true,"out_stock_date":null,"out_stock_threshold":null,"inheritable":true,"inbound_stock":0,"stock_on_hold":0,"sold_today":0,"sales_last_days":0,"reserved_stock":0,"customer_returns":0,"warehouse_damage":0,"lost_in_post":0,"other_logs":0,"out_stock_days":null,"lost_sales":0,"has_location":false,"update_date":"2026-01-01T10:37:30","atum_locations":[],"atum_stock_status":"outofstock","restock_status":false,"low_stock_amount":"","sales_update_date":"2024-06-14T08:10:03","calc_backorders":null,"yoast_head":"<!-- This site is optimized with the Yoast SEO Premium plugin v27.5 (Yoast SEO v27.5) - https:\/\/yoast.com\/product\/yoast-seo-premium-wordpress\/ -->\n<title>BRASSAIOPSIS hispida<\/title>\n<meta name=\"description\" content=\"BRASSAIOPSIS hispida ist eine sehr seltene Form der Araliaceae. Mit ihrem dichten Laub und der Farbe ihrer neuen Triebe ist sie sehr dekorativ.\" \/>\n<meta name=\"robots\" content=\"index, follow, max-snippet:-1, max-image-preview:large, max-video-preview:-1\" \/>\n<link rel=\"canonical\" href=\"https:\/\/www.vallonchene.fr\/de\/produkt\/brassaiopsis-hispida\/\" \/>\n<meta property=\"og:locale\" content=\"de_DE\" \/>\n<meta property=\"og:type\" content=\"article\" \/>\n<meta property=\"og:title\" content=\"BRASSAIOPSIS hispida\" \/>\n<meta property=\"og:description\" content=\"BRASSAIOPSIS hispida ist eine sehr seltene Form der Araliaceae. Mit ihrem dichten Laub und der Farbe ihrer neuen Triebe ist sie sehr dekorativ.\" \/>\n<meta property=\"og:url\" content=\"https:\/\/www.vallonchene.fr\/de\/produkt\/brassaiopsis-hispida\/\" \/>\n<meta property=\"og:site_name\" content=\"Vallonch\u00eane\" \/>\n<meta property=\"article:publisher\" content=\"https:\/\/www.facebook.com\/vallonchene.fr\" \/>\n<meta property=\"article:modified_time\" content=\"2025-04-27T17:34:41+00:00\" \/>\n<meta property=\"og:image\" content=\"https:\/\/www.vallonchene.fr\/wp-content\/uploads\/2024\/05\/BRASSAIOPSIS-hispida.webp\" \/>\n\t<meta property=\"og:image:width\" content=\"1024\" \/>\n\t<meta property=\"og:image:height\" content=\"1021\" \/>\n\t<meta property=\"og:image:type\" content=\"image\/webp\" \/>\n<meta name=\"twitter:card\" content=\"summary_large_image\" \/>\n<meta name=\"twitter:label1\" content=\"Verf\u00fcgbarkeit\" \/>\n\t<meta name=\"twitter:data1\" content=\"Nicht vorr\u00e4tig\" \/>\n<script type=\"application\/ld+json\" class=\"yoast-schema-graph\">{\"@context\":\"https:\\\/\\\/schema.org\",\"@graph\":[{\"@type\":\"WebPage\",\"@id\":\"https:\\\/\\\/www.vallonchene.fr\\\/de\\\/produkt\\\/brassaiopsis-hispida\\\/\",\"url\":\"https:\\\/\\\/www.vallonchene.fr\\\/de\\\/produkt\\\/brassaiopsis-hispida\\\/\",\"name\":\"BRASSAIOPSIS hispida\",\"isPartOf\":{\"@id\":\"https:\\\/\\\/www.vallonchene.fr\\\/de\\\/#website\"},\"primaryImageOfPage\":{\"@id\":\"https:\\\/\\\/www.vallonchene.fr\\\/de\\\/produkt\\\/brassaiopsis-hispida\\\/#primaryimage\"},\"image\":{\"@id\":\"https:\\\/\\\/www.vallonchene.fr\\\/de\\\/produkt\\\/brassaiopsis-hispida\\\/#primaryimage\"},\"thumbnailUrl\":\"https:\\\/\\\/www.vallonchene.fr\\\/wp-content\\\/uploads\\\/2024\\\/05\\\/BRASSAIOPSIS-hispida.webp\",\"datePublished\":\"2021-08-31T10:46:47+00:00\",\"dateModified\":\"2025-04-27T17:34:41+00:00\",\"description\":\"BRASSAIOPSIS hispida ist eine sehr seltene Form der Araliaceae. Mit ihrem dichten Laub und der Farbe ihrer neuen Triebe ist sie sehr dekorativ.\",\"breadcrumb\":{\"@id\":\"https:\\\/\\\/www.vallonchene.fr\\\/de\\\/produkt\\\/brassaiopsis-hispida\\\/#breadcrumb\"},\"inLanguage\":\"de\",\"potentialAction\":[{\"@type\":\"ReadAction\",\"target\":[\"https:\\\/\\\/www.vallonchene.fr\\\/de\\\/produkt\\\/brassaiopsis-hispida\\\/\"]}]},{\"@type\":\"ImageObject\",\"inLanguage\":\"de\",\"@id\":\"https:\\\/\\\/www.vallonchene.fr\\\/de\\\/produkt\\\/brassaiopsis-hispida\\\/#primaryimage\",\"url\":\"https:\\\/\\\/www.vallonchene.fr\\\/wp-content\\\/uploads\\\/2024\\\/05\\\/BRASSAIOPSIS-hispida.webp\",\"contentUrl\":\"https:\\\/\\\/www.vallonchene.fr\\\/wp-content\\\/uploads\\\/2024\\\/05\\\/BRASSAIOPSIS-hispida.webp\",\"width\":1024,\"height\":1021,\"caption\":\"Junger bronzefarbener Trieb von BRASSAIOPSIS hispida\"},{\"@type\":\"BreadcrumbList\",\"@id\":\"https:\\\/\\\/www.vallonchene.fr\\\/de\\\/produkt\\\/brassaiopsis-hispida\\\/#breadcrumb\",\"itemListElement\":[{\"@type\":\"ListItem\",\"position\":1,\"name\":\"Home\",\"item\":\"https:\\\/\\\/www.vallonchene.fr\\\/de\\\/\"},{\"@type\":\"ListItem\",\"position\":2,\"name\":\"Shop\",\"item\":\"https:\\\/\\\/www.vallonchene.fr\\\/de\\\/shop\\\/\"},{\"@type\":\"ListItem\",\"position\":3,\"name\":\"Online-Verkauf\",\"item\":\"https:\\\/\\\/www.vallonchene.fr\\\/de\\\/produkt-kategorie\\\/online-verkauf-de\\\/\"},{\"@type\":\"ListItem\",\"position\":4,\"name\":\"Baumschule\",\"item\":\"https:\\\/\\\/www.vallonchene.fr\\\/de\\\/produkt-kategorie\\\/online-verkauf-de\\\/baumschule-gaertnerei-de\\\/\"},{\"@type\":\"ListItem\",\"position\":5,\"name\":\"Str\u00e4ucher und B\u00e4ume\",\"item\":\"https:\\\/\\\/www.vallonchene.fr\\\/de\\\/produkt-kategorie\\\/online-verkauf-de\\\/baumschule-gaertnerei-de\\\/straucher-und-baume-de\\\/\"},{\"@type\":\"ListItem\",\"position\":6,\"name\":\"BRASSAIOPSIS hispida\"}]},{\"@type\":\"WebSite\",\"@id\":\"https:\\\/\\\/www.vallonchene.fr\\\/de\\\/#website\",\"url\":\"https:\\\/\\\/www.vallonchene.fr\\\/de\\\/\",\"name\":\"Vallonch\u00eane\",\"description\":\"Die Baumschule, bei der Qualit\u00e4t ihre Wurzeln hat \u2013 Tel.: +49 (0)6838-5399840\",\"publisher\":{\"@id\":\"https:\\\/\\\/www.vallonchene.fr\\\/de\\\/#organization\"},\"potentialAction\":[{\"@type\":\"SearchAction\",\"target\":{\"@type\":\"EntryPoint\",\"urlTemplate\":\"https:\\\/\\\/www.vallonchene.fr\\\/de\\\/?s={search_term_string}\"},\"query-input\":{\"@type\":\"PropertyValueSpecification\",\"valueRequired\":true,\"valueName\":\"search_term_string\"}}],\"inLanguage\":\"de\"},{\"@type\":\"Organization\",\"@id\":\"https:\\\/\\\/www.vallonchene.fr\\\/de\\\/#organization\",\"name\":\"VALLONCHENE\",\"url\":\"https:\\\/\\\/www.vallonchene.fr\\\/de\\\/\",\"logo\":{\"@type\":\"ImageObject\",\"inLanguage\":\"de\",\"@id\":\"https:\\\/\\\/www.vallonchene.fr\\\/de\\\/#\\\/schema\\\/logo\\\/image\\\/\",\"url\":\"https:\\\/\\\/www.vallonchene.fr\\\/wp-content\\\/uploads\\\/2023\\\/03\\\/Logo-Vallonchene-site-et-R_hauteur_100.png\",\"contentUrl\":\"https:\\\/\\\/www.vallonchene.fr\\\/wp-content\\\/uploads\\\/2023\\\/03\\\/Logo-Vallonchene-site-et-R_hauteur_100.png\",\"width\":221,\"height\":100,\"caption\":\"VALLONCHENE\"},\"image\":{\"@id\":\"https:\\\/\\\/www.vallonchene.fr\\\/de\\\/#\\\/schema\\\/logo\\\/image\\\/\"},\"sameAs\":[\"https:\\\/\\\/www.facebook.com\\\/vallonchene.fr\",\"https:\\\/\\\/www.instagram.com\\\/vallonchene\\\/\",\"https:\\\/\\\/www.pinterest.fr\\\/vallonchene\\\/\"],\"taxID\":\"49454502300017\",\"hasMerchantReturnPolicy\":{\"@type\":\"MerchantReturnPolicy\",\"merchantReturnLink\":\"https:\\\/\\\/www.vallonchene.fr\\\/remboursements_retours\\\/\"}}]}<\/script>\n<meta property=\"og:availability\" content=\"out of stock\" \/>\n<meta property=\"product:availability\" content=\"out of stock\" \/>\n<meta property=\"product:retailer_item_id\" content=\"88538\" \/>\n<meta property=\"product:condition\" content=\"new\" \/>\n<!-- \/ Yoast SEO Premium plugin. -->","yoast_head_json":{"title":"BRASSAIOPSIS hispida","description":"BRASSAIOPSIS hispida ist eine sehr seltene Form der Araliaceae. Mit ihrem dichten Laub und der Farbe ihrer neuen Triebe ist sie sehr dekorativ.","robots":{"index":"index","follow":"follow","max-snippet":"max-snippet:-1","max-image-preview":"max-image-preview:large","max-video-preview":"max-video-preview:-1"},"canonical":"https:\/\/www.vallonchene.fr\/de\/produkt\/brassaiopsis-hispida\/","og_locale":"de_DE","og_type":"article","og_title":"BRASSAIOPSIS hispida","og_description":"BRASSAIOPSIS hispida ist eine sehr seltene Form der Araliaceae. Mit ihrem dichten Laub und der Farbe ihrer neuen Triebe ist sie sehr dekorativ.","og_url":"https:\/\/www.vallonchene.fr\/de\/produkt\/brassaiopsis-hispida\/","og_site_name":"Vallonch\u00eane","article_publisher":"https:\/\/www.facebook.com\/vallonchene.fr","article_modified_time":"2025-04-27T17:34:41+00:00","og_image":[{"width":1024,"height":1021,"url":"https:\/\/www.vallonchene.fr\/wp-content\/uploads\/2024\/05\/BRASSAIOPSIS-hispida.webp","type":"image\/webp"}],"twitter_card":"summary_large_image","twitter_misc":{"Verf\u00fcgbarkeit":"Nicht vorr\u00e4tig"},"schema":{"@context":"https:\/\/schema.org","@graph":[{"@type":"WebPage","@id":"https:\/\/www.vallonchene.fr\/de\/produkt\/brassaiopsis-hispida\/","url":"https:\/\/www.vallonchene.fr\/de\/produkt\/brassaiopsis-hispida\/","name":"BRASSAIOPSIS hispida","isPartOf":{"@id":"https:\/\/www.vallonchene.fr\/de\/#website"},"primaryImageOfPage":{"@id":"https:\/\/www.vallonchene.fr\/de\/produkt\/brassaiopsis-hispida\/#primaryimage"},"image":{"@id":"https:\/\/www.vallonchene.fr\/de\/produkt\/brassaiopsis-hispida\/#primaryimage"},"thumbnailUrl":"https:\/\/www.vallonchene.fr\/wp-content\/uploads\/2024\/05\/BRASSAIOPSIS-hispida.webp","datePublished":"2021-08-31T10:46:47+00:00","dateModified":"2025-04-27T17:34:41+00:00","description":"BRASSAIOPSIS hispida ist eine sehr seltene Form der Araliaceae. Mit ihrem dichten Laub und der Farbe ihrer neuen Triebe ist sie sehr dekorativ.","breadcrumb":{"@id":"https:\/\/www.vallonchene.fr\/de\/produkt\/brassaiopsis-hispida\/#breadcrumb"},"inLanguage":"de","potentialAction":[{"@type":"ReadAction","target":["https:\/\/www.vallonchene.fr\/de\/produkt\/brassaiopsis-hispida\/"]}]},{"@type":"ImageObject","inLanguage":"de","@id":"https:\/\/www.vallonchene.fr\/de\/produkt\/brassaiopsis-hispida\/#primaryimage","url":"https:\/\/www.vallonchene.fr\/wp-content\/uploads\/2024\/05\/BRASSAIOPSIS-hispida.webp","contentUrl":"https:\/\/www.vallonchene.fr\/wp-content\/uploads\/2024\/05\/BRASSAIOPSIS-hispida.webp","width":1024,"height":1021,"caption":"Junger bronzefarbener Trieb von BRASSAIOPSIS hispida"},{"@type":"BreadcrumbList","@id":"https:\/\/www.vallonchene.fr\/de\/produkt\/brassaiopsis-hispida\/#breadcrumb","itemListElement":[{"@type":"ListItem","position":1,"name":"Home","item":"https:\/\/www.vallonchene.fr\/de\/"},{"@type":"ListItem","position":2,"name":"Shop","item":"https:\/\/www.vallonchene.fr\/de\/shop\/"},{"@type":"ListItem","position":3,"name":"Online-Verkauf","item":"https:\/\/www.vallonchene.fr\/de\/produkt-kategorie\/online-verkauf-de\/"},{"@type":"ListItem","position":4,"name":"Baumschule","item":"https:\/\/www.vallonchene.fr\/de\/produkt-kategorie\/online-verkauf-de\/baumschule-gaertnerei-de\/"},{"@type":"ListItem","position":5,"name":"Str\u00e4ucher und B\u00e4ume","item":"https:\/\/www.vallonchene.fr\/de\/produkt-kategorie\/online-verkauf-de\/baumschule-gaertnerei-de\/straucher-und-baume-de\/"},{"@type":"ListItem","position":6,"name":"BRASSAIOPSIS hispida"}]},{"@type":"WebSite","@id":"https:\/\/www.vallonchene.fr\/de\/#website","url":"https:\/\/www.vallonchene.fr\/de\/","name":"Vallonch\u00eane","description":"Die Baumschule, bei der Qualit\u00e4t ihre Wurzeln hat \u2013 Tel.: +49 (0)6838-5399840","publisher":{"@id":"https:\/\/www.vallonchene.fr\/de\/#organization"},"potentialAction":[{"@type":"SearchAction","target":{"@type":"EntryPoint","urlTemplate":"https:\/\/www.vallonchene.fr\/de\/?s={search_term_string}"},"query-input":{"@type":"PropertyValueSpecification","valueRequired":true,"valueName":"search_term_string"}}],"inLanguage":"de"},{"@type":"Organization","@id":"https:\/\/www.vallonchene.fr\/de\/#organization","name":"VALLONCHENE","url":"https:\/\/www.vallonchene.fr\/de\/","logo":{"@type":"ImageObject","inLanguage":"de","@id":"https:\/\/www.vallonchene.fr\/de\/#\/schema\/logo\/image\/","url":"https:\/\/www.vallonchene.fr\/wp-content\/uploads\/2023\/03\/Logo-Vallonchene-site-et-R_hauteur_100.png","contentUrl":"https:\/\/www.vallonchene.fr\/wp-content\/uploads\/2023\/03\/Logo-Vallonchene-site-et-R_hauteur_100.png","width":221,"height":100,"caption":"VALLONCHENE"},"image":{"@id":"https:\/\/www.vallonchene.fr\/de\/#\/schema\/logo\/image\/"},"sameAs":["https:\/\/www.facebook.com\/vallonchene.fr","https:\/\/www.instagram.com\/vallonchene\/","https:\/\/www.pinterest.fr\/vallonchene\/"],"taxID":"49454502300017","hasMerchantReturnPolicy":{"@type":"MerchantReturnPolicy","merchantReturnLink":"https:\/\/www.vallonchene.fr\/remboursements_retours\/"}}]},"og_availability":"out of stock","product_availability":"out of stock","product_retailer_item_id":"88538","product_condition":"new"},"_links":{"self":[{"href":"https:\/\/www.vallonchene.fr\/de\/wp-json\/wp\/v2\/product\/22250","targetHints":{"allow":["GET"]}}],"collection":[{"href":"https:\/\/www.vallonchene.fr\/de\/wp-json\/wp\/v2\/product"}],"about":[{"href":"https:\/\/www.vallonchene.fr\/de\/wp-json\/wp\/v2\/types\/product"}],"replies":[{"embeddable":true,"href":"https:\/\/www.vallonchene.fr\/de\/wp-json\/wp\/v2\/comments?post=22250"}],"wp:featuredmedia":[{"embeddable":true,"href":"https:\/\/www.vallonchene.fr\/de\/wp-json\/wp\/v2\/media\/47459"}],"wp:attachment":[{"href":"https:\/\/www.vallonchene.fr\/de\/wp-json\/wp\/v2\/media?parent=22250"}],"wp:term":[{"taxonomy":"product_brand","embeddable":true,"href":"https:\/\/www.vallonchene.fr\/de\/wp-json\/wp\/v2\/product_brand?post=22250"},{"taxonomy":"product_cat","embeddable":true,"href":"https:\/\/www.vallonchene.fr\/de\/wp-json\/wp\/v2\/product_cat?post=22250"},{"taxonomy":"product_tag","embeddable":true,"href":"https:\/\/www.vallonchene.fr\/de\/wp-json\/wp\/v2\/product_tag?post=22250"}],"curies":[{"name":"wp","href":"https:\/\/api.w.org\/{rel}","templated":true}]}}