{"id":22167,"date":"2021-08-31T11:18:16","date_gmt":"2021-08-31T11:18:16","guid":{"rendered":"https:\/\/testing.vallonchene.fr\/produit\/musella-lasiocarpa\/"},"modified":"2024-01-07T10:59:19","modified_gmt":"2024-01-07T10:59:19","slug":"musella-lasiocarpa-chinesische-zwergbanane","status":"publish","type":"product","link":"https:\/\/www.vallonchene.fr\/de\/produkt\/musella-lasiocarpa-chinesische-zwergbanane\/","title":{"rendered":"MUSELLA lasiocarpa &#8211; chinesische Zwergbanane"},"content":{"rendered":"<p>Die <strong>MUSELLA lasiocarpa<\/strong> geh\u00f6rt zu den Pflanzen, die im Garten f\u00fcr eine <strong>exotische Atmosph\u00e4re<\/strong> sorgen. Es handelt sich um eine <strong>chinesische Zwergbananenstaude<\/strong>, die eine H\u00f6he von <strong>1 m bis 1,50 m<\/strong> nicht \u00fcberschreitet. Ihr Laub ist <strong>bl\u00e4ulich<\/strong>.<br \/>\nDie eigentliche Show beginnt jedoch, wenn sie anf\u00e4ngt, ihre <strong>sch\u00f6ne, gro\u00dfe gelbe Bl\u00fcte<\/strong> zu entwickeln (siehe Foto). Sie hat einen Durchmesser von ca. 20 cm und ist der einer Lotusblume sehr \u00e4hnlich. So unglaublich es auch scheint, sie ist eine der wenigen Blumen in der Pflanzenwelt, die sich mehrere Jahre an der Pflanze erh\u00e4lt! Ja, Sie haben richtig gelesen, die gleiche Blume h\u00e4lt mehrere Jahre. Diese Aussage basiert auf unseren eigenen Erfahrungen in unserer Baumschule, wo die Blume sogar <strong>Temperaturen von bis zu \u22124\u00a0\u00b0C<\/strong> (an einem gesch\u00fctzten Standort) \u00fcberstanden hat.<br \/>\nWie die meisten Stauden, die wir produzieren, wird auch diese durch Teilung vermehrt, um Ihnen von Anfang an eine sch\u00f6ne, starke Pflanze zu garantieren.<\/p>\n<p>Um unsere anderen derzeit zum Verkauf stehenden Stauden anzuzeigen, <a href=\"https:\/\/www.vallonchene.fr\/de\/produkt-kategorie\/online-verkauf-de\/baumschule-gaertnerei-de\/stauden-de\/?filter_stock_status=instock\" target=\"_blank\" rel=\"noreferrer noopener\"><strong>klicken Sie bitte hier<\/strong><\/a>.<\/p>\n<h2 id=\"h-wie-man-musella-lasiocarpa-pflanzt\" class=\"wp-block-heading\">Wie man MUSELLA lasiocarpa pflanzt<\/h2>\n<p>Sie k\u00f6nnen diese Zwergbananenstaude <strong>in die Erde oder in einen Topf<\/strong> pflanzen. Wenn Sie sie in die Erde pflanzen, m\u00fcssen Sie sie im Winter sch\u00fctzen. Sie beginnt dann jedes Jahr von Neuem zu wachsen. Wenn Sie sie hingegen in einen Topf pflanzen, m\u00fcssen Sie sie im Winter (vor dem ersten Frost) vor dem Erfrieren sch\u00fctzen. Sie wird dann von Jahr zu Jahr weiterwachsen.<br \/>\nPflanzen oder stellen Sie sie in die <strong>volle Sonne<\/strong>. Zur Erinnerung: Die T\u00f6pfe werden gerne auf der Terrasse oder dem Balkon verwendet. Ziehen Sie jedoch auch die Platzierung in einem Beet mit anderen Pflanzen in Betracht.<\/p>\n<p>F\u00fcr eine gute Vorbereitung des Topfes haben wir <a href=\"https:\/\/www.vallonchene.fr\/de\/wie-man-pflanzen-pflanzt-und-pflegt\/wie-man-in-toepfen-fuer-terrassen-pflanzt\/\" target=\"_blank\" rel=\"noreferrer noopener\"><strong>hier eine spezielle Anleitung zusammengestellt<\/strong><\/a>.<\/p>\n<h2 id=\"h-geschichte-und-herkunft\" class=\"wp-block-heading\">Geschichte und Herkunft<\/h2>\n<p>Diese Pflanzenart wird auch <strong>chinesische Zwergbanane<\/strong> oder <strong>Felsenbanane<\/strong> (\u00dcbersetzung des chinesischen Namens) genannt. Die Engl\u00e4nder nennen sie auch <strong>goldenen Lotus-Bananenbaum<\/strong>.<\/p>\n<p>MUSELLA lasiocarpa kommt endemisch in den chinesischen Provinzen <strong>Sichuan, Guizhou und Yunnan<\/strong> vor. Sie w\u00e4chst dort in <strong>H\u00f6henlagen bis zu 2.500 Metern<\/strong>. Sie tr\u00e4gt auch das Synonym <strong>MUSA lasiocarpa<\/strong>.<br \/>\nWenn auch ihre \u00d6koregion als \u201esubtropisch\u201c angegeben ist, w\u00e4chst sie auf nat\u00fcrliche Weise in relativ trockenen und kalten Bergregionen.<\/p>\n<p>Diese wunderbare Pflanze wurde von der RHS (Royal Horticultural Society) mit der Auszeichnung \u201eGarden Merit\u201c ausgezeichnet.<\/p>\n<p>Es wurde jedoch angenommen, dass sie in ihrem nat\u00fcrlichen Lebensraum ausgestorben sei. In den Jahren 2004 und 2019 wurden dann Populationen in Yunnan gefunden.<\/p>\n<p>Obwohl diese Art mittlerweile <strong>als bedroht eingestuft<\/strong> wird, wird sie immer noch als Futtermittel oder zum Weben von Seilen verwendet.<\/p>\n","protected":false},"excerpt":{"rendered":"<p>Die <b>chinesiche Zwergbanane<\/b> hat ein sch\u00f6nes, bl\u00e4uliches Laub. Die Bl\u00fcte der <b>MUSELLA lasiocarpa<\/b> kann mehrere Jahre \u00fcberleben, wenn sie gesch\u00fctzt steht.<\/p>\n","protected":false},"featured_media":41138,"comment_status":"open","ping_status":"closed","template":"","meta":[],"product_brand":[],"product_cat":[264],"product_tag":[10600,10601,10599],"class_list":{"0":"post-22167","1":"product","2":"type-product","3":"status-publish","4":"has-post-thumbnail","6":"product_cat-stauden-de","7":"product_tag-chinesische-zwergbanane","8":"product_tag-goldener-lotus","9":"product_tag-musella-lasiocarpa-de","10":"pa_99-hauteurapproximativeapres1-100a150m-de","11":"pa_couleurdesfleurs-gelb-de","12":"pa_couleurdufeuillage-blau-de","13":"pa_exigencesenhumidite-feucht-de","14":"pa_exigencesenhumidite-normal-de","15":"pa_exigencesenhumidite-trocken-de","16":"pa_expositionspossibles-sonnigvon12bis17uhr-de","17":"pa_hauteurlivree-n-v","18":"pa_interetauprintemps-bluten-de","19":"pa_interetauprintemps-laub-de","20":"pa_interetenautomne-bluten-de","21":"pa_interetenautomne-laub-de","22":"pa_interetenete-bluten-de","23":"pa_interetenete-laub-de","24":"pa_interetenhiver-bluten-de","25":"pa_interetenhiver-laub-de","26":"pa_naturedufeuillage-immergrun-de","27":"pa_naturesdesolpossibles-leicht-de","28":"pa_naturesdesolpossibles-normal-de","29":"pa_naturesdesolpossibles-schwer-de","30":"pa_periodedefloraison-fruhling-de","31":"pa_periodedefloraison-herbst-de","32":"pa_periodedefloraison-sommer-de","33":"pa_periodedefloraison-winter-de","34":"pa_phdusolacceptable-kalkigmehrals75-de","35":"pa_phdusolacceptable-neutralzw65u75-de","36":"pa_phdusolacceptable-sauerwenigerals65-de","37":"pa_portgraphisme-buissonnant-de","38":"pa_resistanceaufroidrusticite-frostbestandigbis_10c-de","39":"pa_tailledepot-10liter_topf-de","40":"pa_tailledepot-5liter_topf-de","41":"pa_utilisationpossible-beet-de","42":"pa_utilisationpossible-kubelodertopf-de","44":"first","45":"instock","46":"taxable","47":"shipping-taxable","48":"purchasable","49":"product-type-variable","50":"has-default-attributes"},"supplier_id":null,"supplier_sku":"","barcode":null,"atum_controlled":true,"out_stock_date":null,"out_stock_threshold":null,"inheritable":true,"inbound_stock":0,"stock_on_hold":0,"sold_today":0,"sales_last_days":0,"reserved_stock":0,"customer_returns":0,"warehouse_damage":0,"lost_in_post":0,"other_logs":0,"out_stock_days":null,"lost_sales":0,"has_location":false,"update_date":"2026-02-27T10:42:09","atum_locations":[],"atum_stock_status":"instock","restock_status":false,"low_stock_amount":"","sales_update_date":"2025-03-12T10:01:28","calc_backorders":null,"yoast_head":"<!-- This site is optimized with the Yoast SEO Premium plugin v27.4 (Yoast SEO v27.4) - https:\/\/yoast.com\/product\/yoast-seo-premium-wordpress\/ -->\n<title>MUSELLA lasiocarpa - chinesischer Zwergbanane<\/title>\n<meta name=\"description\" content=\"Die chinesische Zwergbanane hat ein sch\u00f6nes, bl\u00e4uliches Laub. Die Bl\u00fcte von MUSELLA lasiocarpa kann mehrere Jahre \u00fcberleben.\" \/>\n<meta name=\"robots\" content=\"index, follow, max-snippet:-1, max-image-preview:large, max-video-preview:-1\" \/>\n<link rel=\"canonical\" href=\"https:\/\/www.vallonchene.fr\/de\/produkt\/musella-lasiocarpa-chinesische-zwergbanane\/\" \/>\n<meta property=\"og:locale\" content=\"de_DE\" \/>\n<meta property=\"og:type\" content=\"article\" \/>\n<meta property=\"og:title\" content=\"MUSELLA lasiocarpa - chinesische Zwergbanane\" \/>\n<meta property=\"og:description\" content=\"Die chinesische Zwergbanane hat ein sch\u00f6nes, bl\u00e4uliches Laub. Die Bl\u00fcte von MUSELLA lasiocarpa kann mehrere Jahre \u00fcberleben.\" \/>\n<meta property=\"og:url\" content=\"https:\/\/www.vallonchene.fr\/de\/produkt\/musella-lasiocarpa-chinesische-zwergbanane\/\" \/>\n<meta property=\"og:site_name\" content=\"Vallonch\u00eane\" \/>\n<meta property=\"article:publisher\" content=\"https:\/\/www.facebook.com\/vallonchene.fr\" \/>\n<meta property=\"article:modified_time\" content=\"2024-01-07T10:59:19+00:00\" \/>\n<meta property=\"og:image\" content=\"https:\/\/www.vallonchene.fr\/wp-content\/uploads\/2023\/06\/MUSELLA-lasiocarpa_01.webp\" \/>\n\t<meta property=\"og:image:width\" content=\"1000\" \/>\n\t<meta property=\"og:image:height\" content=\"1000\" \/>\n\t<meta property=\"og:image:type\" content=\"image\/webp\" \/>\n<meta name=\"twitter:card\" content=\"summary_large_image\" \/>\n<meta name=\"twitter:label1\" content=\"Verf\u00fcgbarkeit\" \/>\n\t<meta name=\"twitter:data1\" content=\"Vorr\u00e4tig\" \/>\n<script type=\"application\/ld+json\" class=\"yoast-schema-graph\">{\"@context\":\"https:\\\/\\\/schema.org\",\"@graph\":[{\"@type\":\"WebPage\",\"@id\":\"https:\\\/\\\/www.vallonchene.fr\\\/de\\\/produkt\\\/musella-lasiocarpa-chinesische-zwergbanane\\\/\",\"url\":\"https:\\\/\\\/www.vallonchene.fr\\\/de\\\/produkt\\\/musella-lasiocarpa-chinesische-zwergbanane\\\/\",\"name\":\"MUSELLA lasiocarpa - chinesischer Zwergbanane\",\"isPartOf\":{\"@id\":\"https:\\\/\\\/www.vallonchene.fr\\\/de\\\/#website\"},\"primaryImageOfPage\":{\"@id\":\"https:\\\/\\\/www.vallonchene.fr\\\/de\\\/produkt\\\/musella-lasiocarpa-chinesische-zwergbanane\\\/#primaryimage\"},\"image\":{\"@id\":\"https:\\\/\\\/www.vallonchene.fr\\\/de\\\/produkt\\\/musella-lasiocarpa-chinesische-zwergbanane\\\/#primaryimage\"},\"thumbnailUrl\":\"https:\\\/\\\/www.vallonchene.fr\\\/wp-content\\\/uploads\\\/2023\\\/06\\\/MUSELLA-lasiocarpa_01.webp\",\"datePublished\":\"2021-08-31T11:18:16+00:00\",\"dateModified\":\"2024-01-07T10:59:19+00:00\",\"description\":\"Die chinesische Zwergbanane hat ein sch\u00f6nes, bl\u00e4uliches Laub. Die Bl\u00fcte von MUSELLA lasiocarpa kann mehrere Jahre \u00fcberleben.\",\"breadcrumb\":{\"@id\":\"https:\\\/\\\/www.vallonchene.fr\\\/de\\\/produkt\\\/musella-lasiocarpa-chinesische-zwergbanane\\\/#breadcrumb\"},\"inLanguage\":\"de\",\"potentialAction\":[{\"@type\":\"ReadAction\",\"target\":[\"https:\\\/\\\/www.vallonchene.fr\\\/de\\\/produkt\\\/musella-lasiocarpa-chinesische-zwergbanane\\\/\"]}]},{\"@type\":\"ImageObject\",\"inLanguage\":\"de\",\"@id\":\"https:\\\/\\\/www.vallonchene.fr\\\/de\\\/produkt\\\/musella-lasiocarpa-chinesische-zwergbanane\\\/#primaryimage\",\"url\":\"https:\\\/\\\/www.vallonchene.fr\\\/wp-content\\\/uploads\\\/2023\\\/06\\\/MUSELLA-lasiocarpa_01.webp\",\"contentUrl\":\"https:\\\/\\\/www.vallonchene.fr\\\/wp-content\\\/uploads\\\/2023\\\/06\\\/MUSELLA-lasiocarpa_01.webp\",\"width\":1000,\"height\":1000,\"caption\":\"Gelbe Bl\u00fcte von MUSELLA lasiocarpa die mehrere Jahre andauert\"},{\"@type\":\"BreadcrumbList\",\"@id\":\"https:\\\/\\\/www.vallonchene.fr\\\/de\\\/produkt\\\/musella-lasiocarpa-chinesische-zwergbanane\\\/#breadcrumb\",\"itemListElement\":[{\"@type\":\"ListItem\",\"position\":1,\"name\":\"Home\",\"item\":\"https:\\\/\\\/www.vallonchene.fr\\\/de\\\/\"},{\"@type\":\"ListItem\",\"position\":2,\"name\":\"Shop\",\"item\":\"https:\\\/\\\/www.vallonchene.fr\\\/de\\\/shop\\\/\"},{\"@type\":\"ListItem\",\"position\":3,\"name\":\"Online-Verkauf\",\"item\":\"https:\\\/\\\/www.vallonchene.fr\\\/de\\\/produkt-kategorie\\\/online-verkauf-de\\\/\"},{\"@type\":\"ListItem\",\"position\":4,\"name\":\"Baumschule\",\"item\":\"https:\\\/\\\/www.vallonchene.fr\\\/de\\\/produkt-kategorie\\\/online-verkauf-de\\\/baumschule-gaertnerei-de\\\/\"},{\"@type\":\"ListItem\",\"position\":5,\"name\":\"Stauden\",\"item\":\"https:\\\/\\\/www.vallonchene.fr\\\/de\\\/produkt-kategorie\\\/online-verkauf-de\\\/baumschule-gaertnerei-de\\\/stauden-de\\\/\"},{\"@type\":\"ListItem\",\"position\":6,\"name\":\"MUSELLA lasiocarpa &#8211; chinesische Zwergbanane\"}]},{\"@type\":\"WebSite\",\"@id\":\"https:\\\/\\\/www.vallonchene.fr\\\/de\\\/#website\",\"url\":\"https:\\\/\\\/www.vallonchene.fr\\\/de\\\/\",\"name\":\"Vallonch\u00eane\",\"description\":\"Die Baumschule, bei der Qualit\u00e4t ihre Wurzeln hat \u2013 Tel.: +49 (0)6838-5399840\",\"publisher\":{\"@id\":\"https:\\\/\\\/www.vallonchene.fr\\\/de\\\/#organization\"},\"potentialAction\":[{\"@type\":\"SearchAction\",\"target\":{\"@type\":\"EntryPoint\",\"urlTemplate\":\"https:\\\/\\\/www.vallonchene.fr\\\/de\\\/?s={search_term_string}\"},\"query-input\":{\"@type\":\"PropertyValueSpecification\",\"valueRequired\":true,\"valueName\":\"search_term_string\"}}],\"inLanguage\":\"de\"},{\"@type\":\"Organization\",\"@id\":\"https:\\\/\\\/www.vallonchene.fr\\\/de\\\/#organization\",\"name\":\"VALLONCHENE\",\"url\":\"https:\\\/\\\/www.vallonchene.fr\\\/de\\\/\",\"logo\":{\"@type\":\"ImageObject\",\"inLanguage\":\"de\",\"@id\":\"https:\\\/\\\/www.vallonchene.fr\\\/de\\\/#\\\/schema\\\/logo\\\/image\\\/\",\"url\":\"https:\\\/\\\/www.vallonchene.fr\\\/wp-content\\\/uploads\\\/2023\\\/03\\\/Logo-Vallonchene-site-et-R_hauteur_100.png\",\"contentUrl\":\"https:\\\/\\\/www.vallonchene.fr\\\/wp-content\\\/uploads\\\/2023\\\/03\\\/Logo-Vallonchene-site-et-R_hauteur_100.png\",\"width\":221,\"height\":100,\"caption\":\"VALLONCHENE\"},\"image\":{\"@id\":\"https:\\\/\\\/www.vallonchene.fr\\\/de\\\/#\\\/schema\\\/logo\\\/image\\\/\"},\"sameAs\":[\"https:\\\/\\\/www.facebook.com\\\/vallonchene.fr\",\"https:\\\/\\\/www.instagram.com\\\/vallonchene\\\/\",\"https:\\\/\\\/www.pinterest.fr\\\/vallonchene\\\/\"],\"taxID\":\"49454502300017\",\"hasMerchantReturnPolicy\":{\"@type\":\"MerchantReturnPolicy\",\"merchantReturnLink\":\"https:\\\/\\\/www.vallonchene.fr\\\/remboursements_retours\\\/\"}}]}<\/script>\n<meta property=\"og:availability\" content=\"instock\" \/>\n<meta property=\"product:availability\" content=\"instock\" \/>\n<meta property=\"product:retailer_item_id\" content=\"85891\" \/>\n<meta property=\"product:condition\" content=\"new\" \/>\n<!-- \/ Yoast SEO Premium plugin. -->","yoast_head_json":{"title":"MUSELLA lasiocarpa - chinesischer Zwergbanane","description":"Die chinesische Zwergbanane hat ein sch\u00f6nes, bl\u00e4uliches Laub. Die Bl\u00fcte von MUSELLA lasiocarpa kann mehrere Jahre \u00fcberleben.","robots":{"index":"index","follow":"follow","max-snippet":"max-snippet:-1","max-image-preview":"max-image-preview:large","max-video-preview":"max-video-preview:-1"},"canonical":"https:\/\/www.vallonchene.fr\/de\/produkt\/musella-lasiocarpa-chinesische-zwergbanane\/","og_locale":"de_DE","og_type":"article","og_title":"MUSELLA lasiocarpa - chinesische Zwergbanane","og_description":"Die chinesische Zwergbanane hat ein sch\u00f6nes, bl\u00e4uliches Laub. Die Bl\u00fcte von MUSELLA lasiocarpa kann mehrere Jahre \u00fcberleben.","og_url":"https:\/\/www.vallonchene.fr\/de\/produkt\/musella-lasiocarpa-chinesische-zwergbanane\/","og_site_name":"Vallonch\u00eane","article_publisher":"https:\/\/www.facebook.com\/vallonchene.fr","article_modified_time":"2024-01-07T10:59:19+00:00","og_image":[{"width":1000,"height":1000,"url":"https:\/\/www.vallonchene.fr\/wp-content\/uploads\/2023\/06\/MUSELLA-lasiocarpa_01.webp","type":"image\/webp"}],"twitter_card":"summary_large_image","twitter_misc":{"Verf\u00fcgbarkeit":"Vorr\u00e4tig"},"schema":{"@context":"https:\/\/schema.org","@graph":[{"@type":"WebPage","@id":"https:\/\/www.vallonchene.fr\/de\/produkt\/musella-lasiocarpa-chinesische-zwergbanane\/","url":"https:\/\/www.vallonchene.fr\/de\/produkt\/musella-lasiocarpa-chinesische-zwergbanane\/","name":"MUSELLA lasiocarpa - chinesischer Zwergbanane","isPartOf":{"@id":"https:\/\/www.vallonchene.fr\/de\/#website"},"primaryImageOfPage":{"@id":"https:\/\/www.vallonchene.fr\/de\/produkt\/musella-lasiocarpa-chinesische-zwergbanane\/#primaryimage"},"image":{"@id":"https:\/\/www.vallonchene.fr\/de\/produkt\/musella-lasiocarpa-chinesische-zwergbanane\/#primaryimage"},"thumbnailUrl":"https:\/\/www.vallonchene.fr\/wp-content\/uploads\/2023\/06\/MUSELLA-lasiocarpa_01.webp","datePublished":"2021-08-31T11:18:16+00:00","dateModified":"2024-01-07T10:59:19+00:00","description":"Die chinesische Zwergbanane hat ein sch\u00f6nes, bl\u00e4uliches Laub. Die Bl\u00fcte von MUSELLA lasiocarpa kann mehrere Jahre \u00fcberleben.","breadcrumb":{"@id":"https:\/\/www.vallonchene.fr\/de\/produkt\/musella-lasiocarpa-chinesische-zwergbanane\/#breadcrumb"},"inLanguage":"de","potentialAction":[{"@type":"ReadAction","target":["https:\/\/www.vallonchene.fr\/de\/produkt\/musella-lasiocarpa-chinesische-zwergbanane\/"]}]},{"@type":"ImageObject","inLanguage":"de","@id":"https:\/\/www.vallonchene.fr\/de\/produkt\/musella-lasiocarpa-chinesische-zwergbanane\/#primaryimage","url":"https:\/\/www.vallonchene.fr\/wp-content\/uploads\/2023\/06\/MUSELLA-lasiocarpa_01.webp","contentUrl":"https:\/\/www.vallonchene.fr\/wp-content\/uploads\/2023\/06\/MUSELLA-lasiocarpa_01.webp","width":1000,"height":1000,"caption":"Gelbe Bl\u00fcte von MUSELLA lasiocarpa die mehrere Jahre andauert"},{"@type":"BreadcrumbList","@id":"https:\/\/www.vallonchene.fr\/de\/produkt\/musella-lasiocarpa-chinesische-zwergbanane\/#breadcrumb","itemListElement":[{"@type":"ListItem","position":1,"name":"Home","item":"https:\/\/www.vallonchene.fr\/de\/"},{"@type":"ListItem","position":2,"name":"Shop","item":"https:\/\/www.vallonchene.fr\/de\/shop\/"},{"@type":"ListItem","position":3,"name":"Online-Verkauf","item":"https:\/\/www.vallonchene.fr\/de\/produkt-kategorie\/online-verkauf-de\/"},{"@type":"ListItem","position":4,"name":"Baumschule","item":"https:\/\/www.vallonchene.fr\/de\/produkt-kategorie\/online-verkauf-de\/baumschule-gaertnerei-de\/"},{"@type":"ListItem","position":5,"name":"Stauden","item":"https:\/\/www.vallonchene.fr\/de\/produkt-kategorie\/online-verkauf-de\/baumschule-gaertnerei-de\/stauden-de\/"},{"@type":"ListItem","position":6,"name":"MUSELLA lasiocarpa &#8211; chinesische Zwergbanane"}]},{"@type":"WebSite","@id":"https:\/\/www.vallonchene.fr\/de\/#website","url":"https:\/\/www.vallonchene.fr\/de\/","name":"Vallonch\u00eane","description":"Die Baumschule, bei der Qualit\u00e4t ihre Wurzeln hat \u2013 Tel.: +49 (0)6838-5399840","publisher":{"@id":"https:\/\/www.vallonchene.fr\/de\/#organization"},"potentialAction":[{"@type":"SearchAction","target":{"@type":"EntryPoint","urlTemplate":"https:\/\/www.vallonchene.fr\/de\/?s={search_term_string}"},"query-input":{"@type":"PropertyValueSpecification","valueRequired":true,"valueName":"search_term_string"}}],"inLanguage":"de"},{"@type":"Organization","@id":"https:\/\/www.vallonchene.fr\/de\/#organization","name":"VALLONCHENE","url":"https:\/\/www.vallonchene.fr\/de\/","logo":{"@type":"ImageObject","inLanguage":"de","@id":"https:\/\/www.vallonchene.fr\/de\/#\/schema\/logo\/image\/","url":"https:\/\/www.vallonchene.fr\/wp-content\/uploads\/2023\/03\/Logo-Vallonchene-site-et-R_hauteur_100.png","contentUrl":"https:\/\/www.vallonchene.fr\/wp-content\/uploads\/2023\/03\/Logo-Vallonchene-site-et-R_hauteur_100.png","width":221,"height":100,"caption":"VALLONCHENE"},"image":{"@id":"https:\/\/www.vallonchene.fr\/de\/#\/schema\/logo\/image\/"},"sameAs":["https:\/\/www.facebook.com\/vallonchene.fr","https:\/\/www.instagram.com\/vallonchene\/","https:\/\/www.pinterest.fr\/vallonchene\/"],"taxID":"49454502300017","hasMerchantReturnPolicy":{"@type":"MerchantReturnPolicy","merchantReturnLink":"https:\/\/www.vallonchene.fr\/remboursements_retours\/"}}]},"og_availability":"instock","product_availability":"instock","product_retailer_item_id":"85891","product_condition":"new"},"_links":{"self":[{"href":"https:\/\/www.vallonchene.fr\/de\/wp-json\/wp\/v2\/product\/22167","targetHints":{"allow":["GET"]}}],"collection":[{"href":"https:\/\/www.vallonchene.fr\/de\/wp-json\/wp\/v2\/product"}],"about":[{"href":"https:\/\/www.vallonchene.fr\/de\/wp-json\/wp\/v2\/types\/product"}],"replies":[{"embeddable":true,"href":"https:\/\/www.vallonchene.fr\/de\/wp-json\/wp\/v2\/comments?post=22167"}],"wp:featuredmedia":[{"embeddable":true,"href":"https:\/\/www.vallonchene.fr\/de\/wp-json\/wp\/v2\/media\/41138"}],"wp:attachment":[{"href":"https:\/\/www.vallonchene.fr\/de\/wp-json\/wp\/v2\/media?parent=22167"}],"wp:term":[{"taxonomy":"product_brand","embeddable":true,"href":"https:\/\/www.vallonchene.fr\/de\/wp-json\/wp\/v2\/product_brand?post=22167"},{"taxonomy":"product_cat","embeddable":true,"href":"https:\/\/www.vallonchene.fr\/de\/wp-json\/wp\/v2\/product_cat?post=22167"},{"taxonomy":"product_tag","embeddable":true,"href":"https:\/\/www.vallonchene.fr\/de\/wp-json\/wp\/v2\/product_tag?post=22167"}],"curies":[{"name":"wp","href":"https:\/\/api.w.org\/{rel}","templated":true}]}}