{"id":20195,"date":"2021-08-31T11:42:49","date_gmt":"2021-08-31T11:42:49","guid":{"rendered":"https:\/\/testing.vallonchene.fr\/produit\/viburnum-lantana-aureum\/"},"modified":"2026-02-15T15:51:19","modified_gmt":"2026-02-15T14:51:19","slug":"viburnum-lantana-aureum","status":"publish","type":"product","link":"https:\/\/www.vallonchene.fr\/de\/produkt\/viburnum-lantana-aureum\/","title":{"rendered":"VIBURNUM lantana &#8218;Aureum&#8216;"},"content":{"rendered":"","protected":false},"excerpt":{"rendered":"<p>Dieser <b>Wollige Schneeball<\/b> bl\u00fcht im Fr\u00fchjahr reichlich. Das gelbe und immergr\u00fcne Laub des <b>VIBURNUM lantana &#8218;Aureum&#8216;<\/b> ist das ganze Jahr \u00fcber sehr dekorativ.<\/p>\n","protected":false},"featured_media":20193,"comment_status":"open","ping_status":"closed","template":"","meta":[],"product_brand":[],"product_cat":[251],"product_tag":[1478,1910,7997],"class_list":{"0":"post-20195","1":"product","2":"type-product","3":"status-publish","4":"has-post-thumbnail","6":"product_cat-arbustes-et-arbres","7":"product_tag-viburnum","8":"product_tag-viburnum-lantana","9":"product_tag-viorne-lantane","10":"pa_99-hauteurapproximativeapres1-150a200m","11":"pa_couleurdesfleurs-blanc","12":"pa_couleurdufeuillage-jaune","13":"pa_exigencesenhumidite-fraisahumide","14":"pa_exigencesenhumidite-moyen","15":"pa_exigencesenhumidite-sec","16":"pa_expositionspossibles-pleinsoleilde12ha17hmin","17":"pa_hauteurlivree-40-a-50-cm","18":"pa_interetauprintemps-fleurs","19":"pa_interetauprintemps-feuillage","20":"pa_interetauprintemps-parfum","21":"pa_interetenautomne-feuillage","22":"pa_interetenete-feuillage","23":"pa_interetenhiver-feuillage","24":"pa_naturedufeuillage-persistant","25":"pa_naturesdesolpossibles-leger","26":"pa_naturesdesolpossibles-normal","27":"pa_naturesdesolpossibles-lourd","28":"pa_particularites-parfume","29":"pa_periodedefloraison-printemps","30":"pa_periodedetaille-mars","31":"pa_phdusolacceptable-calcaireplusde75","32":"pa_phdusolacceptable-neutreentre65et75","33":"pa_phdusolacceptable-acidemoinsde65","34":"pa_portgraphisme-buissonnant","35":"pa_resistanceaufroidrusticite-resistant-en-dessous-de-moins-20-degree-c","36":"pa_tailledepot-pot-de-2-litres","37":"pa_utilisationpossible-massif","38":"pa_utilisationpossible-haie","39":"pa_utilisationpossible-bacoupot","41":"first","42":"instock","43":"taxable","44":"shipping-taxable","45":"purchasable","46":"product-type-variable"},"supplier_id":null,"supplier_sku":"","barcode":null,"atum_controlled":true,"out_stock_date":"2024-09-26 14:37:53","out_stock_threshold":null,"inheritable":true,"inbound_stock":0,"stock_on_hold":0,"sold_today":0,"sales_last_days":0,"reserved_stock":0,"customer_returns":0,"warehouse_damage":0,"lost_in_post":0,"other_logs":0,"out_stock_days":507,"lost_sales":0,"has_location":false,"update_date":"2026-02-16T09:30:39","atum_locations":[],"atum_stock_status":"instock","restock_status":false,"low_stock_amount":"","sales_update_date":"2024-07-11T11:13:24","calc_backorders":null,"yoast_head":"<!-- This site is optimized with the Yoast SEO Premium plugin v27.3 (Yoast SEO v27.3) - https:\/\/yoast.com\/product\/yoast-seo-premium-wordpress\/ -->\n<title>VIBURNUM lantana &#039;Aureum&#039; - Wolliger Schneeball<\/title>\n<meta name=\"description\" content=\"Dieser Wollige Schneeball bl\u00fcht im Fr\u00fchjahr reichlich. Das gelbe und immergr\u00fcne Laub von VIBURNUM lantana &#039;Aureum&#039; ist das ganze Jahr \u00fcber sehr dekorativ.\" \/>\n<meta name=\"robots\" content=\"index, follow, max-snippet:-1, max-image-preview:large, max-video-preview:-1\" \/>\n<link rel=\"canonical\" href=\"https:\/\/www.vallonchene.fr\/de\/produkt\/viburnum-lantana-aureum\/\" \/>\n<meta property=\"og:locale\" content=\"de_DE\" \/>\n<meta property=\"og:type\" content=\"article\" \/>\n<meta property=\"og:title\" content=\"VIBURNUM lantana &#039;Aureum&#039;\" \/>\n<meta property=\"og:description\" content=\"Dieser Wollige Schneeball bl\u00fcht im Fr\u00fchjahr reichlich. Das gelbe und immergr\u00fcne Laub von VIBURNUM lantana &#039;Aureum&#039; ist das ganze Jahr \u00fcber sehr dekorativ.\" \/>\n<meta property=\"og:url\" content=\"https:\/\/www.vallonchene.fr\/de\/produkt\/viburnum-lantana-aureum\/\" \/>\n<meta property=\"og:site_name\" content=\"Vallonch\u00eane\" \/>\n<meta property=\"article:publisher\" content=\"https:\/\/www.facebook.com\/vallonchene.fr\" \/>\n<meta property=\"article:modified_time\" content=\"2026-02-15T14:51:19+00:00\" \/>\n<meta property=\"og:image\" content=\"https:\/\/www.vallonchene.fr\/wp-content\/uploads\/2021\/08\/3861-5b6-VIBURNUM-lantana-Aureum-en-Avril.jpg\" \/>\n\t<meta property=\"og:image:width\" content=\"1600\" \/>\n\t<meta property=\"og:image:height\" content=\"1600\" \/>\n\t<meta property=\"og:image:type\" content=\"image\/jpeg\" \/>\n<meta name=\"twitter:card\" content=\"summary_large_image\" \/>\n<meta name=\"twitter:label1\" content=\"Verf\u00fcgbarkeit\" \/>\n\t<meta name=\"twitter:data1\" content=\"Vorr\u00e4tig\" \/>\n<script type=\"application\/ld+json\" class=\"yoast-schema-graph\">{\"@context\":\"https:\\\/\\\/schema.org\",\"@graph\":[{\"@type\":\"WebPage\",\"@id\":\"https:\\\/\\\/www.vallonchene.fr\\\/de\\\/produkt\\\/viburnum-lantana-aureum\\\/\",\"url\":\"https:\\\/\\\/www.vallonchene.fr\\\/de\\\/produkt\\\/viburnum-lantana-aureum\\\/\",\"name\":\"VIBURNUM lantana 'Aureum' - Wolliger Schneeball\",\"isPartOf\":{\"@id\":\"https:\\\/\\\/www.vallonchene.fr\\\/de\\\/#website\"},\"primaryImageOfPage\":{\"@id\":\"https:\\\/\\\/www.vallonchene.fr\\\/de\\\/produkt\\\/viburnum-lantana-aureum\\\/#primaryimage\"},\"image\":{\"@id\":\"https:\\\/\\\/www.vallonchene.fr\\\/de\\\/produkt\\\/viburnum-lantana-aureum\\\/#primaryimage\"},\"thumbnailUrl\":\"https:\\\/\\\/www.vallonchene.fr\\\/wp-content\\\/uploads\\\/2021\\\/08\\\/3861-5b6-VIBURNUM-lantana-Aureum-en-Avril.jpg\",\"datePublished\":\"2021-08-31T11:42:49+00:00\",\"dateModified\":\"2026-02-15T14:51:19+00:00\",\"description\":\"Dieser Wollige Schneeball bl\u00fcht im Fr\u00fchjahr reichlich. Das gelbe und immergr\u00fcne Laub von VIBURNUM lantana 'Aureum' ist das ganze Jahr \u00fcber sehr dekorativ.\",\"breadcrumb\":{\"@id\":\"https:\\\/\\\/www.vallonchene.fr\\\/de\\\/produkt\\\/viburnum-lantana-aureum\\\/#breadcrumb\"},\"inLanguage\":\"de\",\"potentialAction\":[{\"@type\":\"ReadAction\",\"target\":[\"https:\\\/\\\/www.vallonchene.fr\\\/de\\\/produkt\\\/viburnum-lantana-aureum\\\/\"]}]},{\"@type\":\"ImageObject\",\"inLanguage\":\"de\",\"@id\":\"https:\\\/\\\/www.vallonchene.fr\\\/de\\\/produkt\\\/viburnum-lantana-aureum\\\/#primaryimage\",\"url\":\"https:\\\/\\\/www.vallonchene.fr\\\/wp-content\\\/uploads\\\/2021\\\/08\\\/3861-5b6-VIBURNUM-lantana-Aureum-en-Avril.jpg\",\"contentUrl\":\"https:\\\/\\\/www.vallonchene.fr\\\/wp-content\\\/uploads\\\/2021\\\/08\\\/3861-5b6-VIBURNUM-lantana-Aureum-en-Avril.jpg\",\"width\":1600,\"height\":1600,\"caption\":\"VIBURNUM lantana 'Aureum' im April\"},{\"@type\":\"BreadcrumbList\",\"@id\":\"https:\\\/\\\/www.vallonchene.fr\\\/de\\\/produkt\\\/viburnum-lantana-aureum\\\/#breadcrumb\",\"itemListElement\":[{\"@type\":\"ListItem\",\"position\":1,\"name\":\"Home\",\"item\":\"https:\\\/\\\/www.vallonchene.fr\\\/de\\\/\"},{\"@type\":\"ListItem\",\"position\":2,\"name\":\"Shop\",\"item\":\"https:\\\/\\\/www.vallonchene.fr\\\/de\\\/shop\\\/\"},{\"@type\":\"ListItem\",\"position\":3,\"name\":\"Online-Verkauf\",\"item\":\"https:\\\/\\\/www.vallonchene.fr\\\/de\\\/produkt-kategorie\\\/online-verkauf-de\\\/\"},{\"@type\":\"ListItem\",\"position\":4,\"name\":\"Baumschule\",\"item\":\"https:\\\/\\\/www.vallonchene.fr\\\/de\\\/produkt-kategorie\\\/online-verkauf-de\\\/baumschule-gaertnerei-de\\\/\"},{\"@type\":\"ListItem\",\"position\":5,\"name\":\"Str\u00e4ucher und B\u00e4ume\",\"item\":\"https:\\\/\\\/www.vallonchene.fr\\\/de\\\/produkt-kategorie\\\/online-verkauf-de\\\/baumschule-gaertnerei-de\\\/straucher-und-baume-de\\\/\"},{\"@type\":\"ListItem\",\"position\":6,\"name\":\"VIBURNUM lantana &lsquo;Aureum&rsquo;\"}]},{\"@type\":\"WebSite\",\"@id\":\"https:\\\/\\\/www.vallonchene.fr\\\/de\\\/#website\",\"url\":\"https:\\\/\\\/www.vallonchene.fr\\\/de\\\/\",\"name\":\"Vallonch\u00eane\",\"description\":\"Die Baumschule, bei der Qualit\u00e4t ihre Wurzeln hat \u2013 Tel.: +49 (0)6838-5399840\",\"publisher\":{\"@id\":\"https:\\\/\\\/www.vallonchene.fr\\\/de\\\/#organization\"},\"potentialAction\":[{\"@type\":\"SearchAction\",\"target\":{\"@type\":\"EntryPoint\",\"urlTemplate\":\"https:\\\/\\\/www.vallonchene.fr\\\/de\\\/?s={search_term_string}\"},\"query-input\":{\"@type\":\"PropertyValueSpecification\",\"valueRequired\":true,\"valueName\":\"search_term_string\"}}],\"inLanguage\":\"de\"},{\"@type\":\"Organization\",\"@id\":\"https:\\\/\\\/www.vallonchene.fr\\\/de\\\/#organization\",\"name\":\"VALLONCHENE\",\"url\":\"https:\\\/\\\/www.vallonchene.fr\\\/de\\\/\",\"logo\":{\"@type\":\"ImageObject\",\"inLanguage\":\"de\",\"@id\":\"https:\\\/\\\/www.vallonchene.fr\\\/de\\\/#\\\/schema\\\/logo\\\/image\\\/\",\"url\":\"https:\\\/\\\/www.vallonchene.fr\\\/wp-content\\\/uploads\\\/2023\\\/03\\\/Logo-Vallonchene-site-et-R_hauteur_100.png\",\"contentUrl\":\"https:\\\/\\\/www.vallonchene.fr\\\/wp-content\\\/uploads\\\/2023\\\/03\\\/Logo-Vallonchene-site-et-R_hauteur_100.png\",\"width\":221,\"height\":100,\"caption\":\"VALLONCHENE\"},\"image\":{\"@id\":\"https:\\\/\\\/www.vallonchene.fr\\\/de\\\/#\\\/schema\\\/logo\\\/image\\\/\"},\"sameAs\":[\"https:\\\/\\\/www.facebook.com\\\/vallonchene.fr\",\"https:\\\/\\\/www.instagram.com\\\/vallonchene\\\/\",\"https:\\\/\\\/www.pinterest.fr\\\/vallonchene\\\/\"],\"taxID\":\"49454502300017\",\"hasMerchantReturnPolicy\":{\"@type\":\"MerchantReturnPolicy\",\"merchantReturnLink\":\"https:\\\/\\\/www.vallonchene.fr\\\/remboursements_retours\\\/\"}}]}<\/script>\n<meta property=\"og:availability\" content=\"instock\" \/>\n<meta property=\"product:availability\" content=\"instock\" \/>\n<meta property=\"product:retailer_item_id\" content=\"58746\" \/>\n<meta property=\"product:condition\" content=\"new\" \/>\n<!-- \/ Yoast SEO Premium plugin. -->","yoast_head_json":{"title":"VIBURNUM lantana 'Aureum' - Wolliger Schneeball","description":"Dieser Wollige Schneeball bl\u00fcht im Fr\u00fchjahr reichlich. Das gelbe und immergr\u00fcne Laub von VIBURNUM lantana 'Aureum' ist das ganze Jahr \u00fcber sehr dekorativ.","robots":{"index":"index","follow":"follow","max-snippet":"max-snippet:-1","max-image-preview":"max-image-preview:large","max-video-preview":"max-video-preview:-1"},"canonical":"https:\/\/www.vallonchene.fr\/de\/produkt\/viburnum-lantana-aureum\/","og_locale":"de_DE","og_type":"article","og_title":"VIBURNUM lantana 'Aureum'","og_description":"Dieser Wollige Schneeball bl\u00fcht im Fr\u00fchjahr reichlich. Das gelbe und immergr\u00fcne Laub von VIBURNUM lantana 'Aureum' ist das ganze Jahr \u00fcber sehr dekorativ.","og_url":"https:\/\/www.vallonchene.fr\/de\/produkt\/viburnum-lantana-aureum\/","og_site_name":"Vallonch\u00eane","article_publisher":"https:\/\/www.facebook.com\/vallonchene.fr","article_modified_time":"2026-02-15T14:51:19+00:00","og_image":[{"width":1600,"height":1600,"url":"https:\/\/www.vallonchene.fr\/wp-content\/uploads\/2021\/08\/3861-5b6-VIBURNUM-lantana-Aureum-en-Avril.jpg","type":"image\/jpeg"}],"twitter_card":"summary_large_image","twitter_misc":{"Verf\u00fcgbarkeit":"Vorr\u00e4tig"},"schema":{"@context":"https:\/\/schema.org","@graph":[{"@type":"WebPage","@id":"https:\/\/www.vallonchene.fr\/de\/produkt\/viburnum-lantana-aureum\/","url":"https:\/\/www.vallonchene.fr\/de\/produkt\/viburnum-lantana-aureum\/","name":"VIBURNUM lantana 'Aureum' - Wolliger Schneeball","isPartOf":{"@id":"https:\/\/www.vallonchene.fr\/de\/#website"},"primaryImageOfPage":{"@id":"https:\/\/www.vallonchene.fr\/de\/produkt\/viburnum-lantana-aureum\/#primaryimage"},"image":{"@id":"https:\/\/www.vallonchene.fr\/de\/produkt\/viburnum-lantana-aureum\/#primaryimage"},"thumbnailUrl":"https:\/\/www.vallonchene.fr\/wp-content\/uploads\/2021\/08\/3861-5b6-VIBURNUM-lantana-Aureum-en-Avril.jpg","datePublished":"2021-08-31T11:42:49+00:00","dateModified":"2026-02-15T14:51:19+00:00","description":"Dieser Wollige Schneeball bl\u00fcht im Fr\u00fchjahr reichlich. Das gelbe und immergr\u00fcne Laub von VIBURNUM lantana 'Aureum' ist das ganze Jahr \u00fcber sehr dekorativ.","breadcrumb":{"@id":"https:\/\/www.vallonchene.fr\/de\/produkt\/viburnum-lantana-aureum\/#breadcrumb"},"inLanguage":"de","potentialAction":[{"@type":"ReadAction","target":["https:\/\/www.vallonchene.fr\/de\/produkt\/viburnum-lantana-aureum\/"]}]},{"@type":"ImageObject","inLanguage":"de","@id":"https:\/\/www.vallonchene.fr\/de\/produkt\/viburnum-lantana-aureum\/#primaryimage","url":"https:\/\/www.vallonchene.fr\/wp-content\/uploads\/2021\/08\/3861-5b6-VIBURNUM-lantana-Aureum-en-Avril.jpg","contentUrl":"https:\/\/www.vallonchene.fr\/wp-content\/uploads\/2021\/08\/3861-5b6-VIBURNUM-lantana-Aureum-en-Avril.jpg","width":1600,"height":1600,"caption":"VIBURNUM lantana 'Aureum' im April"},{"@type":"BreadcrumbList","@id":"https:\/\/www.vallonchene.fr\/de\/produkt\/viburnum-lantana-aureum\/#breadcrumb","itemListElement":[{"@type":"ListItem","position":1,"name":"Home","item":"https:\/\/www.vallonchene.fr\/de\/"},{"@type":"ListItem","position":2,"name":"Shop","item":"https:\/\/www.vallonchene.fr\/de\/shop\/"},{"@type":"ListItem","position":3,"name":"Online-Verkauf","item":"https:\/\/www.vallonchene.fr\/de\/produkt-kategorie\/online-verkauf-de\/"},{"@type":"ListItem","position":4,"name":"Baumschule","item":"https:\/\/www.vallonchene.fr\/de\/produkt-kategorie\/online-verkauf-de\/baumschule-gaertnerei-de\/"},{"@type":"ListItem","position":5,"name":"Str\u00e4ucher und B\u00e4ume","item":"https:\/\/www.vallonchene.fr\/de\/produkt-kategorie\/online-verkauf-de\/baumschule-gaertnerei-de\/straucher-und-baume-de\/"},{"@type":"ListItem","position":6,"name":"VIBURNUM lantana &lsquo;Aureum&rsquo;"}]},{"@type":"WebSite","@id":"https:\/\/www.vallonchene.fr\/de\/#website","url":"https:\/\/www.vallonchene.fr\/de\/","name":"Vallonch\u00eane","description":"Die Baumschule, bei der Qualit\u00e4t ihre Wurzeln hat \u2013 Tel.: +49 (0)6838-5399840","publisher":{"@id":"https:\/\/www.vallonchene.fr\/de\/#organization"},"potentialAction":[{"@type":"SearchAction","target":{"@type":"EntryPoint","urlTemplate":"https:\/\/www.vallonchene.fr\/de\/?s={search_term_string}"},"query-input":{"@type":"PropertyValueSpecification","valueRequired":true,"valueName":"search_term_string"}}],"inLanguage":"de"},{"@type":"Organization","@id":"https:\/\/www.vallonchene.fr\/de\/#organization","name":"VALLONCHENE","url":"https:\/\/www.vallonchene.fr\/de\/","logo":{"@type":"ImageObject","inLanguage":"de","@id":"https:\/\/www.vallonchene.fr\/de\/#\/schema\/logo\/image\/","url":"https:\/\/www.vallonchene.fr\/wp-content\/uploads\/2023\/03\/Logo-Vallonchene-site-et-R_hauteur_100.png","contentUrl":"https:\/\/www.vallonchene.fr\/wp-content\/uploads\/2023\/03\/Logo-Vallonchene-site-et-R_hauteur_100.png","width":221,"height":100,"caption":"VALLONCHENE"},"image":{"@id":"https:\/\/www.vallonchene.fr\/de\/#\/schema\/logo\/image\/"},"sameAs":["https:\/\/www.facebook.com\/vallonchene.fr","https:\/\/www.instagram.com\/vallonchene\/","https:\/\/www.pinterest.fr\/vallonchene\/"],"taxID":"49454502300017","hasMerchantReturnPolicy":{"@type":"MerchantReturnPolicy","merchantReturnLink":"https:\/\/www.vallonchene.fr\/remboursements_retours\/"}}]},"og_availability":"instock","product_availability":"instock","product_retailer_item_id":"58746","product_condition":"new"},"_links":{"self":[{"href":"https:\/\/www.vallonchene.fr\/de\/wp-json\/wp\/v2\/product\/20195","targetHints":{"allow":["GET"]}}],"collection":[{"href":"https:\/\/www.vallonchene.fr\/de\/wp-json\/wp\/v2\/product"}],"about":[{"href":"https:\/\/www.vallonchene.fr\/de\/wp-json\/wp\/v2\/types\/product"}],"replies":[{"embeddable":true,"href":"https:\/\/www.vallonchene.fr\/de\/wp-json\/wp\/v2\/comments?post=20195"}],"wp:featuredmedia":[{"embeddable":true,"href":"https:\/\/www.vallonchene.fr\/de\/wp-json\/wp\/v2\/media\/20193"}],"wp:attachment":[{"href":"https:\/\/www.vallonchene.fr\/de\/wp-json\/wp\/v2\/media?parent=20195"}],"wp:term":[{"taxonomy":"product_brand","embeddable":true,"href":"https:\/\/www.vallonchene.fr\/de\/wp-json\/wp\/v2\/product_brand?post=20195"},{"taxonomy":"product_cat","embeddable":true,"href":"https:\/\/www.vallonchene.fr\/de\/wp-json\/wp\/v2\/product_cat?post=20195"},{"taxonomy":"product_tag","embeddable":true,"href":"https:\/\/www.vallonchene.fr\/de\/wp-json\/wp\/v2\/product_tag?post=20195"}],"curies":[{"name":"wp","href":"https:\/\/api.w.org\/{rel}","templated":true}]}}