{"id":19122,"date":"2021-08-31T10:41:44","date_gmt":"2021-08-31T10:41:44","guid":{"rendered":"https:\/\/testing.vallonchene.fr\/produit\/acer-conspicuum-red-flamingo\/"},"modified":"2021-08-31T10:41:44","modified_gmt":"2021-08-31T10:41:44","slug":"acer-conspicuum-red-flamingo","status":"publish","type":"product","link":"https:\/\/www.vallonchene.fr\/de\/produkt\/acer-conspicuum-red-flamingo\/","title":{"rendered":"ACER conspicuum &#8218;Red Flamingo&#8216; (Schlangenhaut-Ahorn)"},"content":{"rendered":"<p>Unter den <strong>Schlangenhaut-Ahornen<\/strong> ist der <strong>ACER conspicuum &#8218;Red Flamingo&#8216;<\/strong> wohl einer der Bemerkenswertesten, da er nicht nur diese besonders ausgepr\u00e4gte Rinde mit wei\u00dfen Streifen, sondern auch leuchtend rote Triebe aufweist. Seine Bl\u00e4tter sind am Anfang leuchtend rosa und dann bunt, mit einem helleren Rosa gemischt mit Gr\u00fcn. Wenn die Wachstumsperiode abgeschlossen ist, bleiben die Bl\u00e4tter gr\u00fcn und wei\u00df bunt. Pflanzen Sie dieses B\u00e4umchen in gut durchl\u00e4ssige Erde!<\/p>\n","protected":false},"excerpt":{"rendered":"<p>Dieser <strong>Schlangenhaut-Ahorn<\/strong> ist ganz besonders interessant wegen seiner tollen, wei\u00df gestreiften Rinde. Die Bl\u00e4tter des\u00a0<strong>ACER conspicuum &#8218;Red Flamingo&#8216;<\/strong> sind wei\u00df, gr\u00fcn und rosa bunt. Die jungen Sprossen im Fr\u00fchling sind hellrot.<\/p>\n","protected":false},"featured_media":19107,"comment_status":"open","ping_status":"closed","template":"","meta":[],"product_brand":[],"product_cat":[252],"product_tag":[],"class_list":{"0":"post-19122","1":"product","2":"type-product","3":"status-publish","4":"has-post-thumbnail","6":"product_cat-straucher-und-baume-de","7":"pa_99-hauteurapproximativeapres1-2_3m-de","8":"pa_couleurdelecorce-grun-de","9":"pa_couleurdelecorce-rot-de","10":"pa_couleurdelecorce-weiss-de","11":"pa_couleurdufeuillage-bunt-de","12":"pa_couleurdufeuillage-grun-de","13":"pa_couleurdufeuillage-rosa-de","14":"pa_couleurdufeuillage-weiss-de","15":"pa_exigencesenhumidite-normal-de","16":"pa_exigencesenhumidite-trocken-de","17":"pa_expositionspossibles-ce-halbschattigsonnezw12und17-de","18":"pa_expositionspossibles-sonnigvon12bis17uhr-de","19":"pa_hauteurlivree-100-bis-125-cm","20":"pa_hauteurlivree-125-bis-150-cm","21":"pa_hauteurlivree-175-bis-200-cm","22":"pa_hauteurlivree-200-bis-250-cm","23":"pa_hauteurlivree-80-bis-100-cm","24":"pa_interetauprintemps-jungesprossen-de","25":"pa_interetauprintemps-laub-de","26":"pa_interetauprintemps-rinde-de","27":"pa_interetenautomne-laub-de","28":"pa_interetenautomne-rinde-de","29":"pa_interetenete-laub-de","30":"pa_interetenete-rinde-de","31":"pa_interetenhiver-rinde-de","32":"pa_naturedufeuillage-nichtimmergrun-de","33":"pa_naturesdesolpossibles-leicht-de","34":"pa_naturesdesolpossibles-normal-de","35":"pa_particularites-besondersschonerinde-de","36":"pa_particularites-form-de","37":"pa_periodedefloraison-fruhling-de","38":"pa_periodedetaille-juni-de","39":"pa_phdusolacceptable-neutralzw65u75-de","40":"pa_phdusolacceptable-sauerwenigerals65-de","41":"pa_portgraphisme-ausgebreitet-de","42":"pa_resistanceaufroidrusticite-frostbestandigunter_20c-de","43":"pa_tailledepot-10liter_topf-de","44":"pa_tailledepot-3liter_topf-de","45":"pa_tailledepot-75liter_topf-de","46":"pa_utilisationpossible-alleinstehend-de","47":"pa_utilisationpossible-beet-de","48":"pa_utilisationpossible-kubelodertopf-de","50":"first","51":"outofstock","52":"taxable","53":"shipping-taxable","54":"purchasable","55":"product-type-variable","56":"has-default-attributes"},"supplier_id":null,"supplier_sku":"","barcode":null,"atum_controlled":true,"out_stock_date":null,"out_stock_threshold":null,"inheritable":false,"inbound_stock":0,"stock_on_hold":0,"sold_today":0,"sales_last_days":0,"reserved_stock":0,"customer_returns":0,"warehouse_damage":0,"lost_in_post":0,"other_logs":0,"out_stock_days":null,"lost_sales":0,"has_location":false,"update_date":"2025-03-13T14:14:24","atum_locations":[],"atum_stock_status":"outofstock","restock_status":false,"low_stock_amount":"","sales_update_date":"2025-03-13T14:14:23","calc_backorders":null,"yoast_head":"<!-- This site is optimized with the Yoast SEO Premium plugin v27.4 (Yoast SEO v27.4) - https:\/\/yoast.com\/product\/yoast-seo-premium-wordpress\/ -->\n<title>ACER conspicuum &#039;Red Flamingo&#039; (Schlangenhaut-Ahorn)<\/title>\n<meta name=\"description\" content=\"Dieser Schlangenhaut-Ahorn ist ganz besonders interessant wegen seiner tollen, wei\u00df gestreiften Rinde. Die Bl\u00e4tter des ACER conspicuum &#039;Red Flamingo&#039; sind wei\u00df, gr\u00fcn und rosa bunt.\" \/>\n<meta name=\"robots\" content=\"index, follow, max-snippet:-1, max-image-preview:large, max-video-preview:-1\" \/>\n<link rel=\"canonical\" href=\"https:\/\/www.vallonchene.fr\/de\/produkt\/acer-conspicuum-red-flamingo\/\" \/>\n<meta property=\"og:locale\" content=\"de_DE\" \/>\n<meta property=\"og:type\" content=\"article\" \/>\n<meta property=\"og:title\" content=\"ACER conspicuum &#039;Red Flamingo&#039; (Schlangenhaut-Ahorn)\" \/>\n<meta property=\"og:description\" content=\"Dieser Schlangenhaut-Ahorn ist ganz besonders interessant wegen seiner tollen, wei\u00df gestreiften Rinde. Die Bl\u00e4tter des ACER conspicuum &#039;Red Flamingo&#039; sind wei\u00df, gr\u00fcn und rosa bunt.\" \/>\n<meta property=\"og:url\" content=\"https:\/\/www.vallonchene.fr\/de\/produkt\/acer-conspicuum-red-flamingo\/\" \/>\n<meta property=\"og:site_name\" content=\"Vallonch\u00eane\" \/>\n<meta property=\"article:publisher\" content=\"https:\/\/www.facebook.com\/vallonchene.fr\" \/>\n<meta property=\"og:image\" content=\"https:\/\/www.vallonchene.fr\/wp-content\/uploads\/2021\/08\/261-3f3-feuillage-de-lACER-conspicuum-Red-Flamingo-en-Septembre.jpg\" \/>\n\t<meta property=\"og:image:width\" content=\"1600\" \/>\n\t<meta property=\"og:image:height\" content=\"1600\" \/>\n\t<meta property=\"og:image:type\" content=\"image\/jpeg\" \/>\n<meta name=\"twitter:card\" content=\"summary_large_image\" \/>\n<meta name=\"twitter:label1\" content=\"Verf\u00fcgbarkeit\" \/>\n\t<meta name=\"twitter:data1\" content=\"Nicht vorr\u00e4tig\" \/>\n<script type=\"application\/ld+json\" class=\"yoast-schema-graph\">{\"@context\":\"https:\\\/\\\/schema.org\",\"@graph\":[{\"@type\":\"WebPage\",\"@id\":\"https:\\\/\\\/www.vallonchene.fr\\\/de\\\/produkt\\\/acer-conspicuum-red-flamingo\\\/\",\"url\":\"https:\\\/\\\/www.vallonchene.fr\\\/de\\\/produkt\\\/acer-conspicuum-red-flamingo\\\/\",\"name\":\"ACER conspicuum 'Red Flamingo' (Schlangenhaut-Ahorn)\",\"isPartOf\":{\"@id\":\"https:\\\/\\\/www.vallonchene.fr\\\/de\\\/#website\"},\"primaryImageOfPage\":{\"@id\":\"https:\\\/\\\/www.vallonchene.fr\\\/de\\\/produkt\\\/acer-conspicuum-red-flamingo\\\/#primaryimage\"},\"image\":{\"@id\":\"https:\\\/\\\/www.vallonchene.fr\\\/de\\\/produkt\\\/acer-conspicuum-red-flamingo\\\/#primaryimage\"},\"thumbnailUrl\":\"https:\\\/\\\/www.vallonchene.fr\\\/wp-content\\\/uploads\\\/2021\\\/08\\\/261-3f3-feuillage-de-lACER-conspicuum-Red-Flamingo-en-Septembre.jpg\",\"datePublished\":\"2021-08-31T10:41:44+00:00\",\"description\":\"Dieser Schlangenhaut-Ahorn ist ganz besonders interessant wegen seiner tollen, wei\u00df gestreiften Rinde. Die Bl\u00e4tter des ACER conspicuum 'Red Flamingo' sind wei\u00df, gr\u00fcn und rosa bunt.\",\"breadcrumb\":{\"@id\":\"https:\\\/\\\/www.vallonchene.fr\\\/de\\\/produkt\\\/acer-conspicuum-red-flamingo\\\/#breadcrumb\"},\"inLanguage\":\"de\",\"potentialAction\":[{\"@type\":\"ReadAction\",\"target\":[\"https:\\\/\\\/www.vallonchene.fr\\\/de\\\/produkt\\\/acer-conspicuum-red-flamingo\\\/\"]}]},{\"@type\":\"ImageObject\",\"inLanguage\":\"de\",\"@id\":\"https:\\\/\\\/www.vallonchene.fr\\\/de\\\/produkt\\\/acer-conspicuum-red-flamingo\\\/#primaryimage\",\"url\":\"https:\\\/\\\/www.vallonchene.fr\\\/wp-content\\\/uploads\\\/2021\\\/08\\\/261-3f3-feuillage-de-lACER-conspicuum-Red-Flamingo-en-Septembre.jpg\",\"contentUrl\":\"https:\\\/\\\/www.vallonchene.fr\\\/wp-content\\\/uploads\\\/2021\\\/08\\\/261-3f3-feuillage-de-lACER-conspicuum-Red-Flamingo-en-Septembre.jpg\",\"width\":1600,\"height\":1600},{\"@type\":\"BreadcrumbList\",\"@id\":\"https:\\\/\\\/www.vallonchene.fr\\\/de\\\/produkt\\\/acer-conspicuum-red-flamingo\\\/#breadcrumb\",\"itemListElement\":[{\"@type\":\"ListItem\",\"position\":1,\"name\":\"Home\",\"item\":\"https:\\\/\\\/www.vallonchene.fr\\\/de\\\/\"},{\"@type\":\"ListItem\",\"position\":2,\"name\":\"Shop\",\"item\":\"https:\\\/\\\/www.vallonchene.fr\\\/de\\\/shop\\\/\"},{\"@type\":\"ListItem\",\"position\":3,\"name\":\"Online-Verkauf\",\"item\":\"https:\\\/\\\/www.vallonchene.fr\\\/de\\\/produkt-kategorie\\\/online-verkauf-de\\\/\"},{\"@type\":\"ListItem\",\"position\":4,\"name\":\"Baumschule\",\"item\":\"https:\\\/\\\/www.vallonchene.fr\\\/de\\\/produkt-kategorie\\\/online-verkauf-de\\\/baumschule-gaertnerei-de\\\/\"},{\"@type\":\"ListItem\",\"position\":5,\"name\":\"Str\u00e4ucher und B\u00e4ume\",\"item\":\"https:\\\/\\\/www.vallonchene.fr\\\/de\\\/produkt-kategorie\\\/online-verkauf-de\\\/baumschule-gaertnerei-de\\\/straucher-und-baume-de\\\/\"},{\"@type\":\"ListItem\",\"position\":6,\"name\":\"ACER conspicuum &#8218;Red Flamingo&#8216; (Schlangenhaut-Ahorn)\"}]},{\"@type\":\"WebSite\",\"@id\":\"https:\\\/\\\/www.vallonchene.fr\\\/de\\\/#website\",\"url\":\"https:\\\/\\\/www.vallonchene.fr\\\/de\\\/\",\"name\":\"Vallonch\u00eane\",\"description\":\"Die Baumschule, bei der Qualit\u00e4t ihre Wurzeln hat \u2013 Tel.: +49 (0)6838-5399840\",\"publisher\":{\"@id\":\"https:\\\/\\\/www.vallonchene.fr\\\/de\\\/#organization\"},\"potentialAction\":[{\"@type\":\"SearchAction\",\"target\":{\"@type\":\"EntryPoint\",\"urlTemplate\":\"https:\\\/\\\/www.vallonchene.fr\\\/de\\\/?s={search_term_string}\"},\"query-input\":{\"@type\":\"PropertyValueSpecification\",\"valueRequired\":true,\"valueName\":\"search_term_string\"}}],\"inLanguage\":\"de\"},{\"@type\":\"Organization\",\"@id\":\"https:\\\/\\\/www.vallonchene.fr\\\/de\\\/#organization\",\"name\":\"VALLONCHENE\",\"url\":\"https:\\\/\\\/www.vallonchene.fr\\\/de\\\/\",\"logo\":{\"@type\":\"ImageObject\",\"inLanguage\":\"de\",\"@id\":\"https:\\\/\\\/www.vallonchene.fr\\\/de\\\/#\\\/schema\\\/logo\\\/image\\\/\",\"url\":\"https:\\\/\\\/www.vallonchene.fr\\\/wp-content\\\/uploads\\\/2023\\\/03\\\/Logo-Vallonchene-site-et-R_hauteur_100.png\",\"contentUrl\":\"https:\\\/\\\/www.vallonchene.fr\\\/wp-content\\\/uploads\\\/2023\\\/03\\\/Logo-Vallonchene-site-et-R_hauteur_100.png\",\"width\":221,\"height\":100,\"caption\":\"VALLONCHENE\"},\"image\":{\"@id\":\"https:\\\/\\\/www.vallonchene.fr\\\/de\\\/#\\\/schema\\\/logo\\\/image\\\/\"},\"sameAs\":[\"https:\\\/\\\/www.facebook.com\\\/vallonchene.fr\",\"https:\\\/\\\/www.instagram.com\\\/vallonchene\\\/\",\"https:\\\/\\\/www.pinterest.fr\\\/vallonchene\\\/\"],\"taxID\":\"49454502300017\",\"hasMerchantReturnPolicy\":{\"@type\":\"MerchantReturnPolicy\",\"merchantReturnLink\":\"https:\\\/\\\/www.vallonchene.fr\\\/remboursements_retours\\\/\"}}]}<\/script>\n<meta property=\"og:availability\" content=\"out of stock\" \/>\n<meta property=\"product:availability\" content=\"out of stock\" \/>\n<meta property=\"product:retailer_item_id\" content=\"33926\" \/>\n<meta property=\"product:condition\" content=\"new\" \/>\n<!-- \/ Yoast SEO Premium plugin. -->","yoast_head_json":{"title":"ACER conspicuum 'Red Flamingo' (Schlangenhaut-Ahorn)","description":"Dieser Schlangenhaut-Ahorn ist ganz besonders interessant wegen seiner tollen, wei\u00df gestreiften Rinde. Die Bl\u00e4tter des ACER conspicuum 'Red Flamingo' sind wei\u00df, gr\u00fcn und rosa bunt.","robots":{"index":"index","follow":"follow","max-snippet":"max-snippet:-1","max-image-preview":"max-image-preview:large","max-video-preview":"max-video-preview:-1"},"canonical":"https:\/\/www.vallonchene.fr\/de\/produkt\/acer-conspicuum-red-flamingo\/","og_locale":"de_DE","og_type":"article","og_title":"ACER conspicuum 'Red Flamingo' (Schlangenhaut-Ahorn)","og_description":"Dieser Schlangenhaut-Ahorn ist ganz besonders interessant wegen seiner tollen, wei\u00df gestreiften Rinde. Die Bl\u00e4tter des ACER conspicuum 'Red Flamingo' sind wei\u00df, gr\u00fcn und rosa bunt.","og_url":"https:\/\/www.vallonchene.fr\/de\/produkt\/acer-conspicuum-red-flamingo\/","og_site_name":"Vallonch\u00eane","article_publisher":"https:\/\/www.facebook.com\/vallonchene.fr","og_image":[{"width":1600,"height":1600,"url":"https:\/\/www.vallonchene.fr\/wp-content\/uploads\/2021\/08\/261-3f3-feuillage-de-lACER-conspicuum-Red-Flamingo-en-Septembre.jpg","type":"image\/jpeg"}],"twitter_card":"summary_large_image","twitter_misc":{"Verf\u00fcgbarkeit":"Nicht vorr\u00e4tig"},"schema":{"@context":"https:\/\/schema.org","@graph":[{"@type":"WebPage","@id":"https:\/\/www.vallonchene.fr\/de\/produkt\/acer-conspicuum-red-flamingo\/","url":"https:\/\/www.vallonchene.fr\/de\/produkt\/acer-conspicuum-red-flamingo\/","name":"ACER conspicuum 'Red Flamingo' (Schlangenhaut-Ahorn)","isPartOf":{"@id":"https:\/\/www.vallonchene.fr\/de\/#website"},"primaryImageOfPage":{"@id":"https:\/\/www.vallonchene.fr\/de\/produkt\/acer-conspicuum-red-flamingo\/#primaryimage"},"image":{"@id":"https:\/\/www.vallonchene.fr\/de\/produkt\/acer-conspicuum-red-flamingo\/#primaryimage"},"thumbnailUrl":"https:\/\/www.vallonchene.fr\/wp-content\/uploads\/2021\/08\/261-3f3-feuillage-de-lACER-conspicuum-Red-Flamingo-en-Septembre.jpg","datePublished":"2021-08-31T10:41:44+00:00","description":"Dieser Schlangenhaut-Ahorn ist ganz besonders interessant wegen seiner tollen, wei\u00df gestreiften Rinde. Die Bl\u00e4tter des ACER conspicuum 'Red Flamingo' sind wei\u00df, gr\u00fcn und rosa bunt.","breadcrumb":{"@id":"https:\/\/www.vallonchene.fr\/de\/produkt\/acer-conspicuum-red-flamingo\/#breadcrumb"},"inLanguage":"de","potentialAction":[{"@type":"ReadAction","target":["https:\/\/www.vallonchene.fr\/de\/produkt\/acer-conspicuum-red-flamingo\/"]}]},{"@type":"ImageObject","inLanguage":"de","@id":"https:\/\/www.vallonchene.fr\/de\/produkt\/acer-conspicuum-red-flamingo\/#primaryimage","url":"https:\/\/www.vallonchene.fr\/wp-content\/uploads\/2021\/08\/261-3f3-feuillage-de-lACER-conspicuum-Red-Flamingo-en-Septembre.jpg","contentUrl":"https:\/\/www.vallonchene.fr\/wp-content\/uploads\/2021\/08\/261-3f3-feuillage-de-lACER-conspicuum-Red-Flamingo-en-Septembre.jpg","width":1600,"height":1600},{"@type":"BreadcrumbList","@id":"https:\/\/www.vallonchene.fr\/de\/produkt\/acer-conspicuum-red-flamingo\/#breadcrumb","itemListElement":[{"@type":"ListItem","position":1,"name":"Home","item":"https:\/\/www.vallonchene.fr\/de\/"},{"@type":"ListItem","position":2,"name":"Shop","item":"https:\/\/www.vallonchene.fr\/de\/shop\/"},{"@type":"ListItem","position":3,"name":"Online-Verkauf","item":"https:\/\/www.vallonchene.fr\/de\/produkt-kategorie\/online-verkauf-de\/"},{"@type":"ListItem","position":4,"name":"Baumschule","item":"https:\/\/www.vallonchene.fr\/de\/produkt-kategorie\/online-verkauf-de\/baumschule-gaertnerei-de\/"},{"@type":"ListItem","position":5,"name":"Str\u00e4ucher und B\u00e4ume","item":"https:\/\/www.vallonchene.fr\/de\/produkt-kategorie\/online-verkauf-de\/baumschule-gaertnerei-de\/straucher-und-baume-de\/"},{"@type":"ListItem","position":6,"name":"ACER conspicuum &#8218;Red Flamingo&#8216; (Schlangenhaut-Ahorn)"}]},{"@type":"WebSite","@id":"https:\/\/www.vallonchene.fr\/de\/#website","url":"https:\/\/www.vallonchene.fr\/de\/","name":"Vallonch\u00eane","description":"Die Baumschule, bei der Qualit\u00e4t ihre Wurzeln hat \u2013 Tel.: +49 (0)6838-5399840","publisher":{"@id":"https:\/\/www.vallonchene.fr\/de\/#organization"},"potentialAction":[{"@type":"SearchAction","target":{"@type":"EntryPoint","urlTemplate":"https:\/\/www.vallonchene.fr\/de\/?s={search_term_string}"},"query-input":{"@type":"PropertyValueSpecification","valueRequired":true,"valueName":"search_term_string"}}],"inLanguage":"de"},{"@type":"Organization","@id":"https:\/\/www.vallonchene.fr\/de\/#organization","name":"VALLONCHENE","url":"https:\/\/www.vallonchene.fr\/de\/","logo":{"@type":"ImageObject","inLanguage":"de","@id":"https:\/\/www.vallonchene.fr\/de\/#\/schema\/logo\/image\/","url":"https:\/\/www.vallonchene.fr\/wp-content\/uploads\/2023\/03\/Logo-Vallonchene-site-et-R_hauteur_100.png","contentUrl":"https:\/\/www.vallonchene.fr\/wp-content\/uploads\/2023\/03\/Logo-Vallonchene-site-et-R_hauteur_100.png","width":221,"height":100,"caption":"VALLONCHENE"},"image":{"@id":"https:\/\/www.vallonchene.fr\/de\/#\/schema\/logo\/image\/"},"sameAs":["https:\/\/www.facebook.com\/vallonchene.fr","https:\/\/www.instagram.com\/vallonchene\/","https:\/\/www.pinterest.fr\/vallonchene\/"],"taxID":"49454502300017","hasMerchantReturnPolicy":{"@type":"MerchantReturnPolicy","merchantReturnLink":"https:\/\/www.vallonchene.fr\/remboursements_retours\/"}}]},"og_availability":"out of stock","product_availability":"out of stock","product_retailer_item_id":"33926","product_condition":"new"},"_links":{"self":[{"href":"https:\/\/www.vallonchene.fr\/de\/wp-json\/wp\/v2\/product\/19122","targetHints":{"allow":["GET"]}}],"collection":[{"href":"https:\/\/www.vallonchene.fr\/de\/wp-json\/wp\/v2\/product"}],"about":[{"href":"https:\/\/www.vallonchene.fr\/de\/wp-json\/wp\/v2\/types\/product"}],"replies":[{"embeddable":true,"href":"https:\/\/www.vallonchene.fr\/de\/wp-json\/wp\/v2\/comments?post=19122"}],"wp:featuredmedia":[{"embeddable":true,"href":"https:\/\/www.vallonchene.fr\/de\/wp-json\/wp\/v2\/media\/19107"}],"wp:attachment":[{"href":"https:\/\/www.vallonchene.fr\/de\/wp-json\/wp\/v2\/media?parent=19122"}],"wp:term":[{"taxonomy":"product_brand","embeddable":true,"href":"https:\/\/www.vallonchene.fr\/de\/wp-json\/wp\/v2\/product_brand?post=19122"},{"taxonomy":"product_cat","embeddable":true,"href":"https:\/\/www.vallonchene.fr\/de\/wp-json\/wp\/v2\/product_cat?post=19122"},{"taxonomy":"product_tag","embeddable":true,"href":"https:\/\/www.vallonchene.fr\/de\/wp-json\/wp\/v2\/product_tag?post=19122"}],"curies":[{"name":"wp","href":"https:\/\/api.w.org\/{rel}","templated":true}]}}