{"id":18830,"date":"2021-08-31T11:30:50","date_gmt":"2021-08-31T11:30:50","guid":{"rendered":"https:\/\/testing.vallonchene.fr\/produit\/prunus-tai-haku\/"},"modified":"2026-03-25T11:20:33","modified_gmt":"2026-03-25T10:20:33","slug":"prunus-tai-haku","status":"publish","type":"product","link":"https:\/\/www.vallonchene.fr\/de\/produkt\/prunus-tai-haku\/","title":{"rendered":"PRUNUS &#8218;Tai-haku&#8216;"},"content":{"rendered":"<h2>Die Pflanze<\/h2>\n<p>Der <em>PRUNUS &#8218;Tai-Haku&#8216;<\/em> ist ein <em>Zierkirschbaum<\/em> mit einer au\u00dfergew\u00f6hnlichen Geschichte (siehe unten &#8222;Geschichte und Herkunft&#8220;). In seiner Heimat, Japan, galt er lange Zeit als ausgestorben. Nur alte Zeichnungen erinnerten an seine fr\u00fchere Existenz.<\/p>\n<p>Dieser Kirschbaum, auch Gro\u00dfe Wei\u00dfe Kirsche genannt, entwickelt au\u00dfergew\u00f6hnlich gro\u00dfe, reinwei\u00dfe Bl\u00fcten, die bis zu 60 mm Durchmesser erreichen k\u00f6nnen. Wahrscheinlich sind dies die gr\u00f6\u00dften Bl\u00fcten aller Kirschb\u00e4ume.<\/p>\n<p>Dar\u00fcber hinaus w\u00e4chst dieser kleine Baum nicht so sehr in die H\u00f6he, sondern eher in die Breite. Er hat eine recht ausladende Silhouette. Dies macht ihn zu einem wichtigen strukturellen Element f\u00fcr einen Garten, auch im Winter.<\/p>\n<p>Im Herbst pr\u00e4sentiert er sich dann erneut mit seinem Laub, das leuchtende Farben von intensivem Gelb bis zu scharlachrotem Rot annimmt (siehe Fotos). Er wird dann zu einer echten Lichtquelle.<\/p>\n<p>Um alle derzeit zum Verkauf verf\u00fcgbaren <EM>PRUNUS<\/EM> zu sehen, <strong><a href=\"https:\/\/www.vallonchene.fr\/de\/?s=prunus&amp;post_type=product&amp;lang=de&amp;filter_stock_status=instock\">klicken Sie bitte hier<\/a><\/strong>.<\/p>\n<h2>Geschichte und Herkunft<\/h2>\n<p>In Japan galt der <em>PRUNUS &#8218;Tai-Haku&#8216;<\/em> als ausgestorben. Mehrhundertj\u00e4hrige Zeichnungen bewahrten die Spuren dieser au\u00dfergew\u00f6hnlichen Pflanze.<\/p>\n<p>1923 entdeckte Collingwood Ingram, Spitzname &#8222;Cherry Ingram&#8220;, ein gro\u00dfer Kirschkenner, ihn (wieder) in einem Hobbygarten in Sussex, Gro\u00dfbritannien. Er war von seinen ungew\u00f6hnlich gro\u00dfen Bl\u00fcten angezogen.<\/p>\n<p>Erst 1926, bei einem Besuch in Japan, zeigte er japanischen Experten ein Bild der Bl\u00fcten dieses mysteri\u00f6sen Baumes. Diese enth\u00fcllten ihm dann ein illustriertes Logbuch aus dem 18. Jahrhundert, das genau dieselbe Bl\u00fcte darstellte: den &#8222;Tai-haku&#8220; (was &#8222;Gro\u00dfer Wei\u00dfer&#8220; bedeutet).<\/p>\n<p>Als er erkannte, dass dies wahrscheinlich das letzte lebende Exemplar der Welt war, entnahm Ingram Veredelungszweige, um sie nach Japan zur\u00fcckzuschicken. Die ersten Versuche scheiterten (von 1926 bis 1930), da die Veredelungszweige ausgetrocknet waren. Die langen Schiffsreisen durch sehr warme Gebiete stellten sie vor gro\u00dfe Herausforderungen.<\/p>\n<p>1932, bei seinem f\u00fcnften Versuch, schaffte er es schlie\u00dflich, lebende Veredelungszweige zu schicken, indem er sie in Kartoffeln steckte. C. Ingram schickte sie dann mit der Transsibirischen Eisenbahn, um die starke Hitze zu vermeiden. Eine Gedenktafel erinnert an diese Geschichte im Tempel von Kyoto-Gyoen, wo die Nachkommen dieser &#8222;reisenden&#8220; Veredelungszweige jedes Fr\u00fchjahr noch immer bl\u00fchen.<\/p>\n<p>Alle <EM>PRUNUS &#8218;Tai-Haku&#8216;<\/EM>, die Sie heute finden, stammen aus diesem unglaublichen Fund.<\/p>\n<h2>Wie pflanzt und pflegt man den PRUNUS &#8218;Tai-Haku&#8216;?<\/h2>\n<h3>Die Pflanzung<\/h3>\n<p>Im Allgemeinen kann man sagen, dass dieser Zierkirschbaum eine widerstandsf\u00e4hige und pflegeleichte Pflanze ist. Um ihm die besten Chancen zu geben, beachten Sie die folgenden Punkte:<\/p>\n<ol>\n<li>Finden Sie einen sonnigen oder halbschattigen Standort. Bevorzugen Sie jedoch die volle Sonne, um die Bl\u00fcte zu f\u00f6rdern.<\/li>\n<li>W\u00e4hlen Sie einen relativ offenen Standort, da er eher breit als hoch w\u00e4chst.<\/li>\n<li>Der Standort kann k\u00fchl-feucht, m\u00e4\u00dfig feucht oder trocken sein.<\/li>\n<li>Er w\u00e4chst in leichtem, normalem oder schwerem Boden mit einem sauren, neutralen oder kalkhaltigen pH-Wert.<\/li>\n<li>F\u00fcr eine gute Vorbereitung des Pflanzlochs haben wir <a href=\"https:\/\/www.vallonchene.fr\/comment-planter-et-entretenir-des-vegetaux\/comment-planter-et-entretenir-arbres-arbustes-et-coniferes\/\" target=\"_blank\" rel=\"noreferrer noopener\"><strong>spezifische Anweisungen hier verf\u00fcgbar.<\/strong><\/a<\/li>\n<\/ol>\n<h3>Die Pflege<\/h3>\n<p>Wie bei jeder neu in die Erde gepflanzten Pflanze sollten Sie die ersten zwei Jahre regelm\u00e4\u00dfig gie\u00dfen, insbesondere w\u00e4hrend trockener Perioden. Lesen Sie auch <a href=\"https:\/\/www.vallonchene.fr\/comment-bien-arroser-le-jardin-et-economiser-leau\/\"><strong>unsere Tipps zum richtigen Gie\u00dfen und Wassersparen hier<\/strong><\/a>.<\/p>\n<p><strong>WICHTIG<\/strong>: Vermeiden Sie jeglichen Schnitt an Zierkirschb\u00e4umen. Sie vertragen ihn nicht. Ein Schnitt verurteilt die Pflanze in der Regel langfristig.<\/p>\n","protected":false},"excerpt":{"rendered":"<p>Die <strong>Gro\u00dfe Wei\u00dfe Kirsche<\/strong> hat die gr\u00f6\u00dften Bl\u00fcten unter allen Kirschbl\u00fcten. Der <strong>PRUNUS &#8218;Tai-haku&#8216;<\/strong> hat einen sehr breit ausladenden Wuchs. Die Bl\u00fcten sind schneewei\u00df und das Herbstlaub nimmt reizvolle r\u00f6tlich-orange bis gelbe Farben an.<\/p>\n","protected":false},"featured_media":44879,"comment_status":"open","ping_status":"closed","template":"","meta":[],"product_brand":[],"product_cat":[252],"product_tag":[13504,10707,13502],"class_list":{"0":"post-18830","1":"product","2":"type-product","3":"status-publish","4":"has-post-thumbnail","6":"product_cat-straucher-und-baume-de","7":"product_tag-grose-weise-kirsche","8":"product_tag-prunus-de","9":"product_tag-zierkirsche","10":"pa_99-hauteurapproximativeapres1-2_3m-de","11":"pa_couleurdesfleurs-weiss-de","12":"pa_couleurdufeuillage-grun-de","13":"pa_exigencesenhumidite-feucht-de","14":"pa_exigencesenhumidite-normal-de","15":"pa_exigencesenhumidite-trocken-de","16":"pa_expositionspossibles-ce-halbschattigsonnezw12und17-de","17":"pa_expositionspossibles-sonnigvon12bis17uhr-de","18":"pa_hauteurlivree-125-bis-150-cm","19":"pa_hauteurlivree-50-bis-60-cm","20":"pa_interetauprintemps-bluten-de","21":"pa_interetauprintemps-form-de","22":"pa_interetauprintemps-laub-de","23":"pa_interetenautomne-form-de","24":"pa_interetenautomne-laub-de","25":"pa_interetenete-form-de","26":"pa_interetenete-laub-de","27":"pa_interetenhiver-form-de","28":"pa_naturedufeuillage-nichtimmergrun-de","29":"pa_naturesdesolpossibles-leicht-de","30":"pa_naturesdesolpossibles-normal-de","31":"pa_naturesdesolpossibles-schwer-de","32":"pa_particularites-form-de","33":"pa_periodedefloraison-fruhling-de","34":"pa_phdusolacceptable-kalkigmehrals75-de","35":"pa_phdusolacceptable-neutralzw65u75-de","36":"pa_phdusolacceptable-sauerwenigerals65-de","37":"pa_portgraphisme-ausgebreitet-de","38":"pa_resistanceaufroidrusticite-frostbestandigunter_20c-de","39":"pa_tailledepot-3liter_topf-de","40":"pa_tailledepot-75liter_topf-de","41":"pa_utilisationpossible-alleinstehend-de","42":"pa_utilisationpossible-beet-de","44":"first","45":"instock","46":"taxable","47":"shipping-taxable","48":"purchasable","49":"product-type-variable"},"supplier_id":null,"supplier_sku":"","barcode":null,"atum_controlled":true,"out_stock_date":null,"out_stock_threshold":null,"inheritable":true,"inbound_stock":0,"stock_on_hold":0,"sold_today":0,"sales_last_days":0,"reserved_stock":0,"customer_returns":0,"warehouse_damage":0,"lost_in_post":0,"other_logs":0,"out_stock_days":null,"lost_sales":0,"has_location":false,"update_date":"2026-04-26T13:07:43","atum_locations":[],"atum_stock_status":"instock","restock_status":false,"low_stock_amount":"","sales_update_date":"2026-04-16T08:15:53","calc_backorders":null,"yoast_head":"<!-- This site is optimized with the Yoast SEO Premium plugin v27.4 (Yoast SEO v27.4) - https:\/\/yoast.com\/product\/yoast-seo-premium-wordpress\/ -->\n<title>PRUNUS &#039;Tai-haku&#039; - Gro\u00dfe Wei\u00dfe Kirsche<\/title>\n<meta name=\"description\" content=\"Die Gro\u00dfe Wei\u00dfe Kirsche hat die gr\u00f6\u00dften Bl\u00fcten unter allen Kirschbl\u00fcten. Der PRUNUS &#039;Tai-haku&#039; hat einen sehr breit ausladenden Wuchs. Die Bl\u00fcten sind wei\u00df.\" \/>\n<meta name=\"robots\" content=\"index, follow, max-snippet:-1, max-image-preview:large, max-video-preview:-1\" \/>\n<link rel=\"canonical\" href=\"https:\/\/www.vallonchene.fr\/de\/produkt\/prunus-tai-haku\/\" \/>\n<meta property=\"og:locale\" content=\"de_DE\" \/>\n<meta property=\"og:type\" content=\"article\" \/>\n<meta property=\"og:title\" content=\"PRUNUS &#039;Tai-haku&#039;\" \/>\n<meta property=\"og:description\" content=\"Die Gro\u00dfe Wei\u00dfe Kirsche hat die gr\u00f6\u00dften Bl\u00fcten unter allen Kirschbl\u00fcten. Der PRUNUS &#039;Tai-haku&#039; hat einen sehr breit ausladenden Wuchs. Die Bl\u00fcten sind wei\u00df.\" \/>\n<meta property=\"og:url\" content=\"https:\/\/www.vallonchene.fr\/de\/produkt\/prunus-tai-haku\/\" \/>\n<meta property=\"og:site_name\" content=\"Vallonch\u00eane\" \/>\n<meta property=\"article:publisher\" content=\"https:\/\/www.facebook.com\/vallonchene.fr\" \/>\n<meta property=\"article:modified_time\" content=\"2026-03-25T10:20:33+00:00\" \/>\n<meta property=\"og:image\" content=\"https:\/\/www.vallonchene.fr\/wp-content\/uploads\/2023\/11\/FILE_NAME_09.webp\" \/>\n\t<meta property=\"og:image:width\" content=\"1200\" \/>\n\t<meta property=\"og:image:height\" content=\"1200\" \/>\n\t<meta property=\"og:image:type\" content=\"image\/webp\" \/>\n<meta name=\"twitter:card\" content=\"summary_large_image\" \/>\n<meta name=\"twitter:label1\" content=\"Verf\u00fcgbarkeit\" \/>\n\t<meta name=\"twitter:data1\" content=\"Vorr\u00e4tig\" \/>\n<script type=\"application\/ld+json\" class=\"yoast-schema-graph\">{\"@context\":\"https:\\\/\\\/schema.org\",\"@graph\":[{\"@type\":\"WebPage\",\"@id\":\"https:\\\/\\\/www.vallonchene.fr\\\/de\\\/produkt\\\/prunus-tai-haku\\\/\",\"url\":\"https:\\\/\\\/www.vallonchene.fr\\\/de\\\/produkt\\\/prunus-tai-haku\\\/\",\"name\":\"PRUNUS 'Tai-haku' - Gro\u00dfe Wei\u00dfe Kirsche\",\"isPartOf\":{\"@id\":\"https:\\\/\\\/www.vallonchene.fr\\\/de\\\/#website\"},\"primaryImageOfPage\":{\"@id\":\"https:\\\/\\\/www.vallonchene.fr\\\/de\\\/produkt\\\/prunus-tai-haku\\\/#primaryimage\"},\"image\":{\"@id\":\"https:\\\/\\\/www.vallonchene.fr\\\/de\\\/produkt\\\/prunus-tai-haku\\\/#primaryimage\"},\"thumbnailUrl\":\"https:\\\/\\\/www.vallonchene.fr\\\/wp-content\\\/uploads\\\/2023\\\/11\\\/FILE_NAME_09.webp\",\"datePublished\":\"2021-08-31T11:30:50+00:00\",\"dateModified\":\"2026-03-25T10:20:33+00:00\",\"description\":\"Die Gro\u00dfe Wei\u00dfe Kirsche hat die gr\u00f6\u00dften Bl\u00fcten unter allen Kirschbl\u00fcten. Der PRUNUS 'Tai-haku' hat einen sehr breit ausladenden Wuchs. Die Bl\u00fcten sind wei\u00df.\",\"breadcrumb\":{\"@id\":\"https:\\\/\\\/www.vallonchene.fr\\\/de\\\/produkt\\\/prunus-tai-haku\\\/#breadcrumb\"},\"inLanguage\":\"de\",\"potentialAction\":[{\"@type\":\"ReadAction\",\"target\":[\"https:\\\/\\\/www.vallonchene.fr\\\/de\\\/produkt\\\/prunus-tai-haku\\\/\"]}]},{\"@type\":\"ImageObject\",\"inLanguage\":\"de\",\"@id\":\"https:\\\/\\\/www.vallonchene.fr\\\/de\\\/produkt\\\/prunus-tai-haku\\\/#primaryimage\",\"url\":\"https:\\\/\\\/www.vallonchene.fr\\\/wp-content\\\/uploads\\\/2023\\\/11\\\/FILE_NAME_09.webp\",\"contentUrl\":\"https:\\\/\\\/www.vallonchene.fr\\\/wp-content\\\/uploads\\\/2023\\\/11\\\/FILE_NAME_09.webp\",\"width\":1200,\"height\":1200,\"caption\":\"Bl\u00fcten des PRUNUS 'Tai-Haku'\"},{\"@type\":\"BreadcrumbList\",\"@id\":\"https:\\\/\\\/www.vallonchene.fr\\\/de\\\/produkt\\\/prunus-tai-haku\\\/#breadcrumb\",\"itemListElement\":[{\"@type\":\"ListItem\",\"position\":1,\"name\":\"Home\",\"item\":\"https:\\\/\\\/www.vallonchene.fr\\\/de\\\/\"},{\"@type\":\"ListItem\",\"position\":2,\"name\":\"Shop\",\"item\":\"https:\\\/\\\/www.vallonchene.fr\\\/de\\\/shop\\\/\"},{\"@type\":\"ListItem\",\"position\":3,\"name\":\"Online-Verkauf\",\"item\":\"https:\\\/\\\/www.vallonchene.fr\\\/de\\\/produkt-kategorie\\\/online-verkauf-de\\\/\"},{\"@type\":\"ListItem\",\"position\":4,\"name\":\"Baumschule\",\"item\":\"https:\\\/\\\/www.vallonchene.fr\\\/de\\\/produkt-kategorie\\\/online-verkauf-de\\\/baumschule-gaertnerei-de\\\/\"},{\"@type\":\"ListItem\",\"position\":5,\"name\":\"Str\u00e4ucher und B\u00e4ume\",\"item\":\"https:\\\/\\\/www.vallonchene.fr\\\/de\\\/produkt-kategorie\\\/online-verkauf-de\\\/baumschule-gaertnerei-de\\\/straucher-und-baume-de\\\/\"},{\"@type\":\"ListItem\",\"position\":6,\"name\":\"PRUNUS &#8218;Tai-haku&#8216;\"}]},{\"@type\":\"WebSite\",\"@id\":\"https:\\\/\\\/www.vallonchene.fr\\\/de\\\/#website\",\"url\":\"https:\\\/\\\/www.vallonchene.fr\\\/de\\\/\",\"name\":\"Vallonch\u00eane\",\"description\":\"Die Baumschule, bei der Qualit\u00e4t ihre Wurzeln hat \u2013 Tel.: +49 (0)6838-5399840\",\"publisher\":{\"@id\":\"https:\\\/\\\/www.vallonchene.fr\\\/de\\\/#organization\"},\"potentialAction\":[{\"@type\":\"SearchAction\",\"target\":{\"@type\":\"EntryPoint\",\"urlTemplate\":\"https:\\\/\\\/www.vallonchene.fr\\\/de\\\/?s={search_term_string}\"},\"query-input\":{\"@type\":\"PropertyValueSpecification\",\"valueRequired\":true,\"valueName\":\"search_term_string\"}}],\"inLanguage\":\"de\"},{\"@type\":\"Organization\",\"@id\":\"https:\\\/\\\/www.vallonchene.fr\\\/de\\\/#organization\",\"name\":\"VALLONCHENE\",\"url\":\"https:\\\/\\\/www.vallonchene.fr\\\/de\\\/\",\"logo\":{\"@type\":\"ImageObject\",\"inLanguage\":\"de\",\"@id\":\"https:\\\/\\\/www.vallonchene.fr\\\/de\\\/#\\\/schema\\\/logo\\\/image\\\/\",\"url\":\"https:\\\/\\\/www.vallonchene.fr\\\/wp-content\\\/uploads\\\/2023\\\/03\\\/Logo-Vallonchene-site-et-R_hauteur_100.png\",\"contentUrl\":\"https:\\\/\\\/www.vallonchene.fr\\\/wp-content\\\/uploads\\\/2023\\\/03\\\/Logo-Vallonchene-site-et-R_hauteur_100.png\",\"width\":221,\"height\":100,\"caption\":\"VALLONCHENE\"},\"image\":{\"@id\":\"https:\\\/\\\/www.vallonchene.fr\\\/de\\\/#\\\/schema\\\/logo\\\/image\\\/\"},\"sameAs\":[\"https:\\\/\\\/www.facebook.com\\\/vallonchene.fr\",\"https:\\\/\\\/www.instagram.com\\\/vallonchene\\\/\",\"https:\\\/\\\/www.pinterest.fr\\\/vallonchene\\\/\"],\"taxID\":\"49454502300017\",\"hasMerchantReturnPolicy\":{\"@type\":\"MerchantReturnPolicy\",\"merchantReturnLink\":\"https:\\\/\\\/www.vallonchene.fr\\\/remboursements_retours\\\/\"}}]}<\/script>\n<meta property=\"og:availability\" content=\"instock\" \/>\n<meta property=\"product:availability\" content=\"instock\" \/>\n<meta property=\"product:retailer_item_id\" content=\"71353\" \/>\n<meta property=\"product:condition\" content=\"new\" \/>\n<!-- \/ Yoast SEO Premium plugin. -->","yoast_head_json":{"title":"PRUNUS 'Tai-haku' - Gro\u00dfe Wei\u00dfe Kirsche","description":"Die Gro\u00dfe Wei\u00dfe Kirsche hat die gr\u00f6\u00dften Bl\u00fcten unter allen Kirschbl\u00fcten. Der PRUNUS 'Tai-haku' hat einen sehr breit ausladenden Wuchs. Die Bl\u00fcten sind wei\u00df.","robots":{"index":"index","follow":"follow","max-snippet":"max-snippet:-1","max-image-preview":"max-image-preview:large","max-video-preview":"max-video-preview:-1"},"canonical":"https:\/\/www.vallonchene.fr\/de\/produkt\/prunus-tai-haku\/","og_locale":"de_DE","og_type":"article","og_title":"PRUNUS 'Tai-haku'","og_description":"Die Gro\u00dfe Wei\u00dfe Kirsche hat die gr\u00f6\u00dften Bl\u00fcten unter allen Kirschbl\u00fcten. Der PRUNUS 'Tai-haku' hat einen sehr breit ausladenden Wuchs. Die Bl\u00fcten sind wei\u00df.","og_url":"https:\/\/www.vallonchene.fr\/de\/produkt\/prunus-tai-haku\/","og_site_name":"Vallonch\u00eane","article_publisher":"https:\/\/www.facebook.com\/vallonchene.fr","article_modified_time":"2026-03-25T10:20:33+00:00","og_image":[{"width":1200,"height":1200,"url":"https:\/\/www.vallonchene.fr\/wp-content\/uploads\/2023\/11\/FILE_NAME_09.webp","type":"image\/webp"}],"twitter_card":"summary_large_image","twitter_misc":{"Verf\u00fcgbarkeit":"Vorr\u00e4tig"},"schema":{"@context":"https:\/\/schema.org","@graph":[{"@type":"WebPage","@id":"https:\/\/www.vallonchene.fr\/de\/produkt\/prunus-tai-haku\/","url":"https:\/\/www.vallonchene.fr\/de\/produkt\/prunus-tai-haku\/","name":"PRUNUS 'Tai-haku' - Gro\u00dfe Wei\u00dfe Kirsche","isPartOf":{"@id":"https:\/\/www.vallonchene.fr\/de\/#website"},"primaryImageOfPage":{"@id":"https:\/\/www.vallonchene.fr\/de\/produkt\/prunus-tai-haku\/#primaryimage"},"image":{"@id":"https:\/\/www.vallonchene.fr\/de\/produkt\/prunus-tai-haku\/#primaryimage"},"thumbnailUrl":"https:\/\/www.vallonchene.fr\/wp-content\/uploads\/2023\/11\/FILE_NAME_09.webp","datePublished":"2021-08-31T11:30:50+00:00","dateModified":"2026-03-25T10:20:33+00:00","description":"Die Gro\u00dfe Wei\u00dfe Kirsche hat die gr\u00f6\u00dften Bl\u00fcten unter allen Kirschbl\u00fcten. Der PRUNUS 'Tai-haku' hat einen sehr breit ausladenden Wuchs. Die Bl\u00fcten sind wei\u00df.","breadcrumb":{"@id":"https:\/\/www.vallonchene.fr\/de\/produkt\/prunus-tai-haku\/#breadcrumb"},"inLanguage":"de","potentialAction":[{"@type":"ReadAction","target":["https:\/\/www.vallonchene.fr\/de\/produkt\/prunus-tai-haku\/"]}]},{"@type":"ImageObject","inLanguage":"de","@id":"https:\/\/www.vallonchene.fr\/de\/produkt\/prunus-tai-haku\/#primaryimage","url":"https:\/\/www.vallonchene.fr\/wp-content\/uploads\/2023\/11\/FILE_NAME_09.webp","contentUrl":"https:\/\/www.vallonchene.fr\/wp-content\/uploads\/2023\/11\/FILE_NAME_09.webp","width":1200,"height":1200,"caption":"Bl\u00fcten des PRUNUS 'Tai-Haku'"},{"@type":"BreadcrumbList","@id":"https:\/\/www.vallonchene.fr\/de\/produkt\/prunus-tai-haku\/#breadcrumb","itemListElement":[{"@type":"ListItem","position":1,"name":"Home","item":"https:\/\/www.vallonchene.fr\/de\/"},{"@type":"ListItem","position":2,"name":"Shop","item":"https:\/\/www.vallonchene.fr\/de\/shop\/"},{"@type":"ListItem","position":3,"name":"Online-Verkauf","item":"https:\/\/www.vallonchene.fr\/de\/produkt-kategorie\/online-verkauf-de\/"},{"@type":"ListItem","position":4,"name":"Baumschule","item":"https:\/\/www.vallonchene.fr\/de\/produkt-kategorie\/online-verkauf-de\/baumschule-gaertnerei-de\/"},{"@type":"ListItem","position":5,"name":"Str\u00e4ucher und B\u00e4ume","item":"https:\/\/www.vallonchene.fr\/de\/produkt-kategorie\/online-verkauf-de\/baumschule-gaertnerei-de\/straucher-und-baume-de\/"},{"@type":"ListItem","position":6,"name":"PRUNUS &#8218;Tai-haku&#8216;"}]},{"@type":"WebSite","@id":"https:\/\/www.vallonchene.fr\/de\/#website","url":"https:\/\/www.vallonchene.fr\/de\/","name":"Vallonch\u00eane","description":"Die Baumschule, bei der Qualit\u00e4t ihre Wurzeln hat \u2013 Tel.: +49 (0)6838-5399840","publisher":{"@id":"https:\/\/www.vallonchene.fr\/de\/#organization"},"potentialAction":[{"@type":"SearchAction","target":{"@type":"EntryPoint","urlTemplate":"https:\/\/www.vallonchene.fr\/de\/?s={search_term_string}"},"query-input":{"@type":"PropertyValueSpecification","valueRequired":true,"valueName":"search_term_string"}}],"inLanguage":"de"},{"@type":"Organization","@id":"https:\/\/www.vallonchene.fr\/de\/#organization","name":"VALLONCHENE","url":"https:\/\/www.vallonchene.fr\/de\/","logo":{"@type":"ImageObject","inLanguage":"de","@id":"https:\/\/www.vallonchene.fr\/de\/#\/schema\/logo\/image\/","url":"https:\/\/www.vallonchene.fr\/wp-content\/uploads\/2023\/03\/Logo-Vallonchene-site-et-R_hauteur_100.png","contentUrl":"https:\/\/www.vallonchene.fr\/wp-content\/uploads\/2023\/03\/Logo-Vallonchene-site-et-R_hauteur_100.png","width":221,"height":100,"caption":"VALLONCHENE"},"image":{"@id":"https:\/\/www.vallonchene.fr\/de\/#\/schema\/logo\/image\/"},"sameAs":["https:\/\/www.facebook.com\/vallonchene.fr","https:\/\/www.instagram.com\/vallonchene\/","https:\/\/www.pinterest.fr\/vallonchene\/"],"taxID":"49454502300017","hasMerchantReturnPolicy":{"@type":"MerchantReturnPolicy","merchantReturnLink":"https:\/\/www.vallonchene.fr\/remboursements_retours\/"}}]},"og_availability":"instock","product_availability":"instock","product_retailer_item_id":"71353","product_condition":"new"},"_links":{"self":[{"href":"https:\/\/www.vallonchene.fr\/de\/wp-json\/wp\/v2\/product\/18830","targetHints":{"allow":["GET"]}}],"collection":[{"href":"https:\/\/www.vallonchene.fr\/de\/wp-json\/wp\/v2\/product"}],"about":[{"href":"https:\/\/www.vallonchene.fr\/de\/wp-json\/wp\/v2\/types\/product"}],"replies":[{"embeddable":true,"href":"https:\/\/www.vallonchene.fr\/de\/wp-json\/wp\/v2\/comments?post=18830"}],"wp:featuredmedia":[{"embeddable":true,"href":"https:\/\/www.vallonchene.fr\/de\/wp-json\/wp\/v2\/media\/44879"}],"wp:attachment":[{"href":"https:\/\/www.vallonchene.fr\/de\/wp-json\/wp\/v2\/media?parent=18830"}],"wp:term":[{"taxonomy":"product_brand","embeddable":true,"href":"https:\/\/www.vallonchene.fr\/de\/wp-json\/wp\/v2\/product_brand?post=18830"},{"taxonomy":"product_cat","embeddable":true,"href":"https:\/\/www.vallonchene.fr\/de\/wp-json\/wp\/v2\/product_cat?post=18830"},{"taxonomy":"product_tag","embeddable":true,"href":"https:\/\/www.vallonchene.fr\/de\/wp-json\/wp\/v2\/product_tag?post=18830"}],"curies":[{"name":"wp","href":"https:\/\/api.w.org\/{rel}","templated":true}]}}