{"id":18701,"date":"2021-08-31T11:16:10","date_gmt":"2021-08-31T11:16:10","guid":{"rendered":"https:\/\/testing.vallonchene.fr\/produit\/magnolia-judy-zuk\/"},"modified":"2026-04-20T10:21:36","modified_gmt":"2026-04-20T08:21:36","slug":"magnolia-judy-zuk","status":"publish","type":"product","link":"https:\/\/www.vallonchene.fr\/de\/produkt\/magnolia-judy-zuk\/","title":{"rendered":"MAGNOLIA &#8218;Judy Zuk&#8216;"},"content":{"rendered":"<h2>Die Pflanze<\/h2>\n<p>Die <em>MAGNOLIA &#8218;Judy Zuk&#8216;<\/em> kann als eine der spektakul\u00e4rsten gelbbl\u00fchenden <em>Magnolien<\/em> angesehen werden. Sie zeichnet sich nicht nur durch ihre Farben, sondern auch durch ihre multisensorische Erfahrung aus.<\/p>\n<p>Tats\u00e4chlich weisen viele gelbbl\u00fchende Magnolien sehr zarte T\u00f6ne auf, manchmal sogar cremefarben. Im Gegensatz dazu haben die Bl\u00fcten dieser Magnolie ein intensives Goldgelb. Was sie noch besonderer macht, sind die Nuancen von Lila, Aprikose und tiefem Rosa an der Basis der Bl\u00fctenbl\u00e4tter.<\/p>\n<p>Dar\u00fcber hinaus verstr\u00f6men die Bl\u00fcten einen Duft, der sich von dem anderer Magnolien unterscheidet (oft an Zitrone und Vanille erinnernd). Sie zeichnen sich durch einen fruchtigen und w\u00fcrzigen Duft aus. Dies ist eine der duftendsten Magnolien.<\/p>\n<p>Auch ihre Form ist ganz besonders. Wie Sie auf dem Foto auf unserer Website sehen k\u00f6nnen, w\u00e4chst diese Magnolie in einer besonders aufrechten Form. Dadurch ben\u00f6tigt sie sehr wenig Platz und ist daher besonders interessant f\u00fcr kleine G\u00e4rten oder begrenzte Fl\u00e4chen.<\/p>\n<p>Als Kr\u00f6nung bl\u00fcht die <em>M. &#8218;Judy Zuk&#8216;<\/em> viel sp\u00e4ter als andere Magnolien. Dies sch\u00fctzt ihre Bl\u00fcten vor Sp\u00e4tfr\u00f6sten.<\/p>\n<h2>Geschichte und Herkunft<\/h2>\n<p>Die <em>MAGNOLIA &#8218;Judy Zuk&#8216;<\/em> wurde im Brooklyn Botanic Garden (BBG) gez\u00fcchtet und zu Ehren von Judy Zuk, der ehemaligen Pr\u00e4sidentin des Gartens und Direktorin des Scott Arboretum, benannt. Ihre Kollegen erkannten sie als Titanin der Welt der Gartenbaukunst an. Au\u00dferdem hatte sie eine besondere Vorliebe f\u00fcr Magnolien.<\/p>\n<p>Das Brooklyn Botanic Garden verf\u00fcgte \u00fcber ein Magnolien-Hybridisierungsprogramm, das 1953 begann und 1991 endete. Die Kreuzungen wurden in einer ihrer Au\u00dfenstellen, dem Kitchawan Research Center, durchgef\u00fchrt.<\/p>\n<p>So trug das BBG zur Entwicklung von acht Hybriden bei, die noch heute kommerziell erh\u00e4ltlich sind. Zu diesen Hybriden geh\u00f6ren <em>MAGNOLIA &#8218;Elizabeth&#8216;<\/em>, <em><strong><a href=\"https:\/\/www.vallonchene.fr\/produkt\/magnolia-x-yellow-bird\/\">MAGNOLIA &#8218;Yellow Bird&#8216;<\/a><\/strong><\/em>, <em><strong><a href=\"https:\/\/www.vallonchene.fr\/produkt\/magnolia-lois\/\">MAGNOLIA &#8218;Lois&#8216;<\/a><\/strong><\/em> und die <strong><a href=\"https:\/\/www.vallonchene.fr\/produkt\/magnolia-black-beauty\/\"><em>MAGNOLIA &#8218;Black Beauty&#8216;<\/em><\/a> <\/strong>, um nur einige zu nennen.<\/p>\n<p>Schlie\u00dflich ist die <em>M. &#8218;Judy Zuk&#8216;<\/em> eine Kreuzung aus <em>M. acuminata<\/em>, <em>M. liliiflora<\/em> und <em>M. stellata<\/em>.<\/p>\n<h2>Wie pflanzt und pflegt man die MAGNOLIA &#8218;Judy Zuk&#8216;?<\/h2>\n<h3>Die Pflanzung<\/h3>\n<p>Diese Magnolie ist eine widerstandsf\u00e4hige Pflanze. Um ihr die besten Chancen auf Anwachsen zu geben, beachten Sie Folgendes:<\/p>\n<ol>\n<li>Finden Sie einen sonnigen oder halbschattigen Standort f\u00fcr sie. F\u00fcr eine \u00fcppigere Bl\u00fcte bevorzugen Sie jedoch die volle Sonne.<\/li>\n<li>Der Standort kann k\u00fchl bis feucht, m\u00e4\u00dfig feucht oder trocken sein.<\/li>\n<li>Sie vertr\u00e4gt leichten oder normalen Boden mit saurem oder neutralem pH-Wert.<\/li>\n<li>F\u00fcr eine gute Vorbereitung des Pflanzlochs haben wir <a href=\"https:\/\/www.vallonchene.fr\/comment-planter-et-entretenir-des-vegetaux\/comment-planter-et-entretenir-arbres-arbustes-et-coniferes\/\" target=\"_blank\" rel=\"noreferrer noopener\"><strong>spezifische Anweisungen hier verf\u00fcgbar<\/strong><\/a>.<\/li>\n<\/ol>\n<h3>Die Pflege<\/h3>\n<p>Wie bei jeder frisch gepflanzten Pflanze sollten Sie die ersten zwei Jahre regelm\u00e4\u00dfig gie\u00dfen, insbesondere w\u00e4hrend trockener Perioden. Lesen Sie auch <a href=\"https:\/\/www.vallonchene.fr\/comment-bien-arroser-le-jardin-et-economiser-leau\/\"><strong>unsere Tipps zum richtigen Gie\u00dfen und Wassersparen hier<\/strong><\/a>.<\/p>\n<p>Wenn Sie diese Magnolie schneiden m\u00f6chten, tun Sie dies im M\u00e4rz vor dem neuen Austrieb. <strong>Denken Sie daran, ein Wundverschlussmittel vom Typ <em>Lac Balsam<\/em> auf die Schnittwunden aufzutragen, sobald sie trocken sind.<\/strong><\/p>\n","protected":false},"excerpt":{"rendered":"<p>Diese <strong>Magnolie<\/strong> hat einen sehr aufrechten Wuchs. Die intensiv gelben Bl\u00fcten der <strong>MAGNOLIA &#8218;Judy Zuk&#8216;<\/strong> entwickeln sich im Fr\u00fchjahr gleichzeitig mit dem Laub. Sie ist vollkommen winterhart.<\/p>\n","protected":false},"featured_media":58502,"comment_status":"open","ping_status":"closed","template":"","meta":[],"product_brand":[],"product_cat":[252],"product_tag":[11405],"class_list":{"0":"post-18701","1":"product","2":"type-product","3":"status-publish","4":"has-post-thumbnail","6":"product_cat-straucher-und-baume-de","7":"product_tag-magnolia-de","8":"pa_99-hauteurapproximativeapres1-2_3m-de","9":"pa_couleurdesfleurs-gelb-de","10":"pa_couleurdufeuillage-grun-de","11":"pa_exigencesenhumidite-feucht-de","12":"pa_exigencesenhumidite-normal-de","13":"pa_exigencesenhumidite-trocken-de","14":"pa_expositionspossibles-ce-halbschattigsonnezw12und17-de","15":"pa_expositionspossibles-sonnigvon12bis17uhr-de","16":"pa_hauteurlivree-100-bis-125-cm","17":"pa_hauteurlivree-125-bis-150-cm","18":"pa_interetauprintemps-bluten-de","19":"pa_interetauprintemps-form-de","20":"pa_interetauprintemps-laub-de","21":"pa_interetenautomne-form-de","22":"pa_interetenautomne-laub-de","23":"pa_interetenete-form-de","24":"pa_interetenete-laub-de","25":"pa_interetenhiver-form-de","26":"pa_naturedufeuillage-nichtimmergrun-de","27":"pa_naturesdesolpossibles-leicht-de","28":"pa_naturesdesolpossibles-normal-de","29":"pa_particularites-form-de","30":"pa_periodedefloraison-fruhling-de","31":"pa_periodedetaille-marz-de","32":"pa_phdusolacceptable-neutralzw65u75-de","33":"pa_phdusolacceptable-sauerwenigerals65-de","34":"pa_portgraphisme-kolonnenformig-de","35":"pa_resistanceaufroidrusticite-frostbestandigunter_20c-de","36":"pa_tailledepot-3liter_topf-de","37":"pa_utilisationpossible-alleinstehend-de","38":"pa_utilisationpossible-beet-de","40":"first","41":"outofstock","42":"taxable","43":"shipping-taxable","44":"purchasable","45":"product-type-variable"},"supplier_id":null,"supplier_sku":"","barcode":null,"atum_controlled":true,"out_stock_date":"2024-09-26 15:17:25","out_stock_threshold":null,"inheritable":true,"inbound_stock":0,"stock_on_hold":1,"sold_today":0,"sales_last_days":1,"reserved_stock":null,"customer_returns":null,"warehouse_damage":null,"lost_in_post":null,"other_logs":null,"out_stock_days":566,"lost_sales":0,"has_location":false,"update_date":"2026-04-21T08:16:26","atum_locations":[],"atum_stock_status":"instock","restock_status":false,"low_stock_amount":"","sales_update_date":null,"calc_backorders":null,"yoast_head":"<!-- This site is optimized with the Yoast SEO Premium plugin v27.4 (Yoast SEO v27.4) - https:\/\/yoast.com\/product\/yoast-seo-premium-wordpress\/ -->\n<title>MAGNOLIA &#039;Judy Zuk&#039; - Magnolie<\/title>\n<meta name=\"description\" content=\"Diese Magnolie hat einen sehr aufrechten Wuchs. Die intensiv gelben Bl\u00fcten der MAGNOLIA &#039;Judy Zuk&#039; entwickeln sich im Fr\u00fchjahr gleichzeitig mit dem Laub.\" \/>\n<meta name=\"robots\" content=\"index, follow, max-snippet:-1, max-image-preview:large, max-video-preview:-1\" \/>\n<link rel=\"canonical\" href=\"https:\/\/www.vallonchene.fr\/de\/produkt\/magnolia-judy-zuk\/\" \/>\n<meta property=\"og:locale\" content=\"de_DE\" \/>\n<meta property=\"og:type\" content=\"article\" \/>\n<meta property=\"og:title\" content=\"MAGNOLIA &#039;Judy Zuk&#039;\" \/>\n<meta property=\"og:description\" content=\"Diese Magnolie hat einen sehr aufrechten Wuchs. Die intensiv gelben Bl\u00fcten der MAGNOLIA &#039;Judy Zuk&#039; entwickeln sich im Fr\u00fchjahr gleichzeitig mit dem Laub.\" \/>\n<meta property=\"og:url\" content=\"https:\/\/www.vallonchene.fr\/de\/produkt\/magnolia-judy-zuk\/\" \/>\n<meta property=\"og:site_name\" content=\"Vallonch\u00eane\" \/>\n<meta property=\"article:publisher\" content=\"https:\/\/www.facebook.com\/vallonchene.fr\" \/>\n<meta property=\"article:modified_time\" content=\"2026-04-20T08:21:36+00:00\" \/>\n<meta property=\"og:image\" content=\"https:\/\/www.vallonchene.fr\/wp-content\/uploads\/2026\/04\/MAGNOLIA-Judy-Zuk_03.webp\" \/>\n\t<meta property=\"og:image:width\" content=\"1000\" \/>\n\t<meta property=\"og:image:height\" content=\"1000\" \/>\n\t<meta property=\"og:image:type\" content=\"image\/webp\" \/>\n<meta name=\"twitter:card\" content=\"summary_large_image\" \/>\n<meta name=\"twitter:label1\" content=\"Verf\u00fcgbarkeit\" \/>\n\t<meta name=\"twitter:data1\" content=\"Nicht vorr\u00e4tig\" \/>\n<script type=\"application\/ld+json\" class=\"yoast-schema-graph\">{\"@context\":\"https:\\\/\\\/schema.org\",\"@graph\":[{\"@type\":\"WebPage\",\"@id\":\"https:\\\/\\\/www.vallonchene.fr\\\/de\\\/produkt\\\/magnolia-judy-zuk\\\/\",\"url\":\"https:\\\/\\\/www.vallonchene.fr\\\/de\\\/produkt\\\/magnolia-judy-zuk\\\/\",\"name\":\"MAGNOLIA 'Judy Zuk' - Magnolie\",\"isPartOf\":{\"@id\":\"https:\\\/\\\/www.vallonchene.fr\\\/de\\\/#website\"},\"primaryImageOfPage\":{\"@id\":\"https:\\\/\\\/www.vallonchene.fr\\\/de\\\/produkt\\\/magnolia-judy-zuk\\\/#primaryimage\"},\"image\":{\"@id\":\"https:\\\/\\\/www.vallonchene.fr\\\/de\\\/produkt\\\/magnolia-judy-zuk\\\/#primaryimage\"},\"thumbnailUrl\":\"https:\\\/\\\/www.vallonchene.fr\\\/wp-content\\\/uploads\\\/2026\\\/04\\\/MAGNOLIA-Judy-Zuk_03.webp\",\"datePublished\":\"2021-08-31T11:16:10+00:00\",\"dateModified\":\"2026-04-20T08:21:36+00:00\",\"description\":\"Diese Magnolie hat einen sehr aufrechten Wuchs. Die intensiv gelben Bl\u00fcten der MAGNOLIA 'Judy Zuk' entwickeln sich im Fr\u00fchjahr gleichzeitig mit dem Laub.\",\"breadcrumb\":{\"@id\":\"https:\\\/\\\/www.vallonchene.fr\\\/de\\\/produkt\\\/magnolia-judy-zuk\\\/#breadcrumb\"},\"inLanguage\":\"de\",\"potentialAction\":[{\"@type\":\"ReadAction\",\"target\":[\"https:\\\/\\\/www.vallonchene.fr\\\/de\\\/produkt\\\/magnolia-judy-zuk\\\/\"]}]},{\"@type\":\"ImageObject\",\"inLanguage\":\"de\",\"@id\":\"https:\\\/\\\/www.vallonchene.fr\\\/de\\\/produkt\\\/magnolia-judy-zuk\\\/#primaryimage\",\"url\":\"https:\\\/\\\/www.vallonchene.fr\\\/wp-content\\\/uploads\\\/2026\\\/04\\\/MAGNOLIA-Judy-Zuk_03.webp\",\"contentUrl\":\"https:\\\/\\\/www.vallonchene.fr\\\/wp-content\\\/uploads\\\/2026\\\/04\\\/MAGNOLIA-Judy-Zuk_03.webp\",\"width\":1000,\"height\":1000,\"caption\":\"Fast offene gelbe Bl\u00fcte der MAGNOLIA 'Judy Zuk'\"},{\"@type\":\"BreadcrumbList\",\"@id\":\"https:\\\/\\\/www.vallonchene.fr\\\/de\\\/produkt\\\/magnolia-judy-zuk\\\/#breadcrumb\",\"itemListElement\":[{\"@type\":\"ListItem\",\"position\":1,\"name\":\"Home\",\"item\":\"https:\\\/\\\/www.vallonchene.fr\\\/de\\\/\"},{\"@type\":\"ListItem\",\"position\":2,\"name\":\"Shop\",\"item\":\"https:\\\/\\\/www.vallonchene.fr\\\/de\\\/shop\\\/\"},{\"@type\":\"ListItem\",\"position\":3,\"name\":\"Online-Verkauf\",\"item\":\"https:\\\/\\\/www.vallonchene.fr\\\/de\\\/produkt-kategorie\\\/online-verkauf-de\\\/\"},{\"@type\":\"ListItem\",\"position\":4,\"name\":\"Baumschule\",\"item\":\"https:\\\/\\\/www.vallonchene.fr\\\/de\\\/produkt-kategorie\\\/online-verkauf-de\\\/baumschule-gaertnerei-de\\\/\"},{\"@type\":\"ListItem\",\"position\":5,\"name\":\"Str\u00e4ucher und B\u00e4ume\",\"item\":\"https:\\\/\\\/www.vallonchene.fr\\\/de\\\/produkt-kategorie\\\/online-verkauf-de\\\/baumschule-gaertnerei-de\\\/straucher-und-baume-de\\\/\"},{\"@type\":\"ListItem\",\"position\":6,\"name\":\"MAGNOLIA &#8218;Judy Zuk&#8216;\"}]},{\"@type\":\"WebSite\",\"@id\":\"https:\\\/\\\/www.vallonchene.fr\\\/de\\\/#website\",\"url\":\"https:\\\/\\\/www.vallonchene.fr\\\/de\\\/\",\"name\":\"Vallonch\u00eane\",\"description\":\"Die Baumschule, bei der Qualit\u00e4t ihre Wurzeln hat \u2013 Tel.: +49 (0)6838-5399840\",\"publisher\":{\"@id\":\"https:\\\/\\\/www.vallonchene.fr\\\/de\\\/#organization\"},\"potentialAction\":[{\"@type\":\"SearchAction\",\"target\":{\"@type\":\"EntryPoint\",\"urlTemplate\":\"https:\\\/\\\/www.vallonchene.fr\\\/de\\\/?s={search_term_string}\"},\"query-input\":{\"@type\":\"PropertyValueSpecification\",\"valueRequired\":true,\"valueName\":\"search_term_string\"}}],\"inLanguage\":\"de\"},{\"@type\":\"Organization\",\"@id\":\"https:\\\/\\\/www.vallonchene.fr\\\/de\\\/#organization\",\"name\":\"VALLONCHENE\",\"url\":\"https:\\\/\\\/www.vallonchene.fr\\\/de\\\/\",\"logo\":{\"@type\":\"ImageObject\",\"inLanguage\":\"de\",\"@id\":\"https:\\\/\\\/www.vallonchene.fr\\\/de\\\/#\\\/schema\\\/logo\\\/image\\\/\",\"url\":\"https:\\\/\\\/www.vallonchene.fr\\\/wp-content\\\/uploads\\\/2023\\\/03\\\/Logo-Vallonchene-site-et-R_hauteur_100.png\",\"contentUrl\":\"https:\\\/\\\/www.vallonchene.fr\\\/wp-content\\\/uploads\\\/2023\\\/03\\\/Logo-Vallonchene-site-et-R_hauteur_100.png\",\"width\":221,\"height\":100,\"caption\":\"VALLONCHENE\"},\"image\":{\"@id\":\"https:\\\/\\\/www.vallonchene.fr\\\/de\\\/#\\\/schema\\\/logo\\\/image\\\/\"},\"sameAs\":[\"https:\\\/\\\/www.facebook.com\\\/vallonchene.fr\",\"https:\\\/\\\/www.instagram.com\\\/vallonchene\\\/\",\"https:\\\/\\\/www.pinterest.fr\\\/vallonchene\\\/\"],\"taxID\":\"49454502300017\",\"hasMerchantReturnPolicy\":{\"@type\":\"MerchantReturnPolicy\",\"merchantReturnLink\":\"https:\\\/\\\/www.vallonchene.fr\\\/remboursements_retours\\\/\"}}]}<\/script>\n<meta property=\"og:availability\" content=\"out of stock\" \/>\n<meta property=\"product:availability\" content=\"out of stock\" \/>\n<meta property=\"product:retailer_item_id\" content=\"84161\" \/>\n<meta property=\"product:condition\" content=\"new\" \/>\n<!-- \/ Yoast SEO Premium plugin. -->","yoast_head_json":{"title":"MAGNOLIA 'Judy Zuk' - Magnolie","description":"Diese Magnolie hat einen sehr aufrechten Wuchs. Die intensiv gelben Bl\u00fcten der MAGNOLIA 'Judy Zuk' entwickeln sich im Fr\u00fchjahr gleichzeitig mit dem Laub.","robots":{"index":"index","follow":"follow","max-snippet":"max-snippet:-1","max-image-preview":"max-image-preview:large","max-video-preview":"max-video-preview:-1"},"canonical":"https:\/\/www.vallonchene.fr\/de\/produkt\/magnolia-judy-zuk\/","og_locale":"de_DE","og_type":"article","og_title":"MAGNOLIA 'Judy Zuk'","og_description":"Diese Magnolie hat einen sehr aufrechten Wuchs. Die intensiv gelben Bl\u00fcten der MAGNOLIA 'Judy Zuk' entwickeln sich im Fr\u00fchjahr gleichzeitig mit dem Laub.","og_url":"https:\/\/www.vallonchene.fr\/de\/produkt\/magnolia-judy-zuk\/","og_site_name":"Vallonch\u00eane","article_publisher":"https:\/\/www.facebook.com\/vallonchene.fr","article_modified_time":"2026-04-20T08:21:36+00:00","og_image":[{"width":1000,"height":1000,"url":"https:\/\/www.vallonchene.fr\/wp-content\/uploads\/2026\/04\/MAGNOLIA-Judy-Zuk_03.webp","type":"image\/webp"}],"twitter_card":"summary_large_image","twitter_misc":{"Verf\u00fcgbarkeit":"Nicht vorr\u00e4tig"},"schema":{"@context":"https:\/\/schema.org","@graph":[{"@type":"WebPage","@id":"https:\/\/www.vallonchene.fr\/de\/produkt\/magnolia-judy-zuk\/","url":"https:\/\/www.vallonchene.fr\/de\/produkt\/magnolia-judy-zuk\/","name":"MAGNOLIA 'Judy Zuk' - Magnolie","isPartOf":{"@id":"https:\/\/www.vallonchene.fr\/de\/#website"},"primaryImageOfPage":{"@id":"https:\/\/www.vallonchene.fr\/de\/produkt\/magnolia-judy-zuk\/#primaryimage"},"image":{"@id":"https:\/\/www.vallonchene.fr\/de\/produkt\/magnolia-judy-zuk\/#primaryimage"},"thumbnailUrl":"https:\/\/www.vallonchene.fr\/wp-content\/uploads\/2026\/04\/MAGNOLIA-Judy-Zuk_03.webp","datePublished":"2021-08-31T11:16:10+00:00","dateModified":"2026-04-20T08:21:36+00:00","description":"Diese Magnolie hat einen sehr aufrechten Wuchs. Die intensiv gelben Bl\u00fcten der MAGNOLIA 'Judy Zuk' entwickeln sich im Fr\u00fchjahr gleichzeitig mit dem Laub.","breadcrumb":{"@id":"https:\/\/www.vallonchene.fr\/de\/produkt\/magnolia-judy-zuk\/#breadcrumb"},"inLanguage":"de","potentialAction":[{"@type":"ReadAction","target":["https:\/\/www.vallonchene.fr\/de\/produkt\/magnolia-judy-zuk\/"]}]},{"@type":"ImageObject","inLanguage":"de","@id":"https:\/\/www.vallonchene.fr\/de\/produkt\/magnolia-judy-zuk\/#primaryimage","url":"https:\/\/www.vallonchene.fr\/wp-content\/uploads\/2026\/04\/MAGNOLIA-Judy-Zuk_03.webp","contentUrl":"https:\/\/www.vallonchene.fr\/wp-content\/uploads\/2026\/04\/MAGNOLIA-Judy-Zuk_03.webp","width":1000,"height":1000,"caption":"Fast offene gelbe Bl\u00fcte der MAGNOLIA 'Judy Zuk'"},{"@type":"BreadcrumbList","@id":"https:\/\/www.vallonchene.fr\/de\/produkt\/magnolia-judy-zuk\/#breadcrumb","itemListElement":[{"@type":"ListItem","position":1,"name":"Home","item":"https:\/\/www.vallonchene.fr\/de\/"},{"@type":"ListItem","position":2,"name":"Shop","item":"https:\/\/www.vallonchene.fr\/de\/shop\/"},{"@type":"ListItem","position":3,"name":"Online-Verkauf","item":"https:\/\/www.vallonchene.fr\/de\/produkt-kategorie\/online-verkauf-de\/"},{"@type":"ListItem","position":4,"name":"Baumschule","item":"https:\/\/www.vallonchene.fr\/de\/produkt-kategorie\/online-verkauf-de\/baumschule-gaertnerei-de\/"},{"@type":"ListItem","position":5,"name":"Str\u00e4ucher und B\u00e4ume","item":"https:\/\/www.vallonchene.fr\/de\/produkt-kategorie\/online-verkauf-de\/baumschule-gaertnerei-de\/straucher-und-baume-de\/"},{"@type":"ListItem","position":6,"name":"MAGNOLIA &#8218;Judy Zuk&#8216;"}]},{"@type":"WebSite","@id":"https:\/\/www.vallonchene.fr\/de\/#website","url":"https:\/\/www.vallonchene.fr\/de\/","name":"Vallonch\u00eane","description":"Die Baumschule, bei der Qualit\u00e4t ihre Wurzeln hat \u2013 Tel.: +49 (0)6838-5399840","publisher":{"@id":"https:\/\/www.vallonchene.fr\/de\/#organization"},"potentialAction":[{"@type":"SearchAction","target":{"@type":"EntryPoint","urlTemplate":"https:\/\/www.vallonchene.fr\/de\/?s={search_term_string}"},"query-input":{"@type":"PropertyValueSpecification","valueRequired":true,"valueName":"search_term_string"}}],"inLanguage":"de"},{"@type":"Organization","@id":"https:\/\/www.vallonchene.fr\/de\/#organization","name":"VALLONCHENE","url":"https:\/\/www.vallonchene.fr\/de\/","logo":{"@type":"ImageObject","inLanguage":"de","@id":"https:\/\/www.vallonchene.fr\/de\/#\/schema\/logo\/image\/","url":"https:\/\/www.vallonchene.fr\/wp-content\/uploads\/2023\/03\/Logo-Vallonchene-site-et-R_hauteur_100.png","contentUrl":"https:\/\/www.vallonchene.fr\/wp-content\/uploads\/2023\/03\/Logo-Vallonchene-site-et-R_hauteur_100.png","width":221,"height":100,"caption":"VALLONCHENE"},"image":{"@id":"https:\/\/www.vallonchene.fr\/de\/#\/schema\/logo\/image\/"},"sameAs":["https:\/\/www.facebook.com\/vallonchene.fr","https:\/\/www.instagram.com\/vallonchene\/","https:\/\/www.pinterest.fr\/vallonchene\/"],"taxID":"49454502300017","hasMerchantReturnPolicy":{"@type":"MerchantReturnPolicy","merchantReturnLink":"https:\/\/www.vallonchene.fr\/remboursements_retours\/"}}]},"og_availability":"out of stock","product_availability":"out of stock","product_retailer_item_id":"84161","product_condition":"new"},"_links":{"self":[{"href":"https:\/\/www.vallonchene.fr\/de\/wp-json\/wp\/v2\/product\/18701","targetHints":{"allow":["GET"]}}],"collection":[{"href":"https:\/\/www.vallonchene.fr\/de\/wp-json\/wp\/v2\/product"}],"about":[{"href":"https:\/\/www.vallonchene.fr\/de\/wp-json\/wp\/v2\/types\/product"}],"replies":[{"embeddable":true,"href":"https:\/\/www.vallonchene.fr\/de\/wp-json\/wp\/v2\/comments?post=18701"}],"wp:featuredmedia":[{"embeddable":true,"href":"https:\/\/www.vallonchene.fr\/de\/wp-json\/wp\/v2\/media\/58502"}],"wp:attachment":[{"href":"https:\/\/www.vallonchene.fr\/de\/wp-json\/wp\/v2\/media?parent=18701"}],"wp:term":[{"taxonomy":"product_brand","embeddable":true,"href":"https:\/\/www.vallonchene.fr\/de\/wp-json\/wp\/v2\/product_brand?post=18701"},{"taxonomy":"product_cat","embeddable":true,"href":"https:\/\/www.vallonchene.fr\/de\/wp-json\/wp\/v2\/product_cat?post=18701"},{"taxonomy":"product_tag","embeddable":true,"href":"https:\/\/www.vallonchene.fr\/de\/wp-json\/wp\/v2\/product_tag?post=18701"}],"curies":[{"name":"wp","href":"https:\/\/api.w.org\/{rel}","templated":true}]}}