{"id":1810,"date":"2021-08-31T11:42:01","date_gmt":"2021-08-31T11:42:01","guid":{"rendered":"https:\/\/testing.vallonchene.fr\/produit\/tsuga-canadensis-gentsch-white\/"},"modified":"2024-03-14T08:55:20","modified_gmt":"2024-03-14T08:55:20","slug":"tsuga-canadensis-gentsch-white","status":"publish","type":"product","link":"https:\/\/www.vallonchene.fr\/de\/produkt\/tsuga-canadensis-gentsch-white\/","title":{"rendered":"TSUGA canadensis &#8218;Gentsch White&#8216;"},"content":{"rendered":"<p><strong>TSUGA canadensis &#8218;Gentsch White&#8216;<\/strong> ist eine <strong>kanadische Hemlocktanne<\/strong>. Sie hat viele Qualit\u00e4ten:<\/p>\n<ul>\n<li>Im Fr\u00fchling sind die <strong>Triebe toll wei\u00df<\/strong>. Dies ist sehr \u00fcberraschend und in der Pflanzenwelt selten. Dadurch erhellen Sie den Garten.<\/li>\n<li><strong>Dann werden diese wei\u00dfen Triebe bunt<\/strong> (wei\u00df und gr\u00fcn). Diese Mischf\u00e4rbung geht zum Herbst ins Gr\u00fcne \u00fcber.<\/li>\n<li>Im Gegensatz zur Typusart entwickelt sich T. &#8218;Gentsch White&#8216; zu einem <strong>Busch<\/strong> (siehe Foto).<\/li>\n<li>Das sehr langsame Wachstum erm\u00f6glicht es der Pflanze, auch in kleinen G\u00e4rten einen Platz zu finden.<\/li>\n<li>Ihr <strong>kleines, sehr feines immergr\u00fcnes Blattwerk<\/strong> und seine Grafik pr\u00e4destinieren diese Pflanze f\u00fcr den <strong>Bonsai<\/strong>.<\/li>\n<\/ul>\n<p>Um unsere anderen derzeit zum Verkauf stehenden TSUGA zu entdecken, <strong><a href=\"https:\/\/www.vallonchene.fr\/de\/?s=tsuga&amp;post_type=product&amp;dgwt_wcas=1&amp;lang=de&amp;filter_stock_status=instock\" target=\"_blank\" rel=\"noopener\">klicken Sie bitte hier<\/a><\/strong>.<\/p>\n<h2>Wie man TSUGA canadensis &#8218;Gentsch White&#8216; pflanzt und pflegt<\/h2>\n<ol>\n<li>Finden Sie einen Standort, <strong>vorzugsweise im Halbschatten<\/strong>, obwohl er auch mit <strong>voller Sonne<\/strong> zufrieden ist.<\/li>\n<li>Diese kleine Konifere kann in einen <strong>Topf, Beh\u00e4lter oder in ein Beet<\/strong> gepflanzt werden.<\/li>\n<li>Sie w\u00e4chst in <strong>leichtem, normalem oder schwerem Boden<\/strong>, der <strong>feucht, m\u00e4\u00dfig feucht oder trocken<\/strong> sein kann. Sie vertr\u00e4gt einen <strong>sauren, neutralen oder kalkhaltigen pH-Wert<\/strong>.<\/li>\n<li><strong>Beschneiden Sie die Pflanze vorzugsweise im M\u00e4rz<\/strong> vor neuem Wuchs (falls erforderlich).<\/li>\n<\/ol>\n<p>F\u00fcr eine gute Vorbereitung des Topfes oder des Pflanzlochs haben wir <a href=\"https:\/\/www.vallonchene.fr\/de\/wie-man-pflanzen-pflanzt-und-pflegt\/\" target=\"_blank\" rel=\"noreferrer noopener\"><strong>hier eine spezielle Anleitung zusammengestellt<\/strong><\/a>. Entdecken Sie hier, <a href=\"https:\/\/www.vallonchene.fr\/de\/den-garten-richtig-bewaessern-und-wasser-sparen\/\"><strong>wie man den Garten richtig bew\u00e4ssert und gleichzeitig Wasser spart<\/strong><\/a>.<\/p>\n<h2>Geschichte und Herkunft<\/h2>\n<p>TSUGA canadensis stammt aus Nordamerika. Das Gebiet erstreckt sich von <strong><a href=\"https:\/\/de.wikipedia.org\/wiki\/Minnesota\" target=\"_blank\" rel=\"noopener\">Minnesota<\/a><\/strong>, <strong><a href=\"https:\/\/de.wikipedia.org\/wiki\/Georgia\" target=\"_blank\" rel=\"noopener\">Georgia<\/a><\/strong> und <strong><a href=\"https:\/\/de.wikipedia.org\/wiki\/Alabama\" target=\"_blank\" rel=\"noopener\">Alabama<\/a><\/strong> bis <strong><a href=\"https:\/\/de.wikipedia.org\/wiki\/Nova_Scotia\" target=\"_blank\" rel=\"noopener\">Nova Scotia<\/a><\/strong> und S\u00fcd-<strong><a href=\"https:\/\/de.wikipedia.org\/wiki\/Qu%C3%A9bec\" target=\"_blank\" rel=\"noopener\">Quebec<\/a><\/strong>. Sie werden in ihrem nat\u00fcrlichen Lebensraum als \u201enahezu gef\u00e4hrdet\u201c eingestuft.<\/p>\n<p>TSUGA leben sehr lange. Die \u00e4ltesten Exemplare sind mehr als 500 Jahre alt. Obwohl die Typusart eine H\u00f6he von 30 Metern erreichen kann, wird TSUGA canadensis &#8218;Gentsch White&#8216; nach 10 Jahren nur eine H\u00f6he von 1,50 m erreichen. Aufgrund ihres langsamen Wachstums ist die H\u00f6he im Erwachsenenalter stark reduziert.<\/p>\n<p>Die ersten Exemplare f\u00fchrten die Briten 1735 ein. Ebenso werden sie von den Deutschen h\u00e4ufig angebaut und auch in der Forstwirtschaft eingesetzt.<\/p>\n<p>Die Rinde dieses Nadelbaums enth\u00e4lt viel Tannine. Infolgedessen wurde sie in gro\u00dfem Umfang von der Lederindustrie benutzt. Das Holz wird f\u00fcr Bau- und <strong><a href=\"https:\/\/de.wikipedia.org\/wiki\/Bahnschwelle\" target=\"_blank\" rel=\"noopener\">Eisenbahnschwellen<\/a><\/strong> verwendet.<\/p>\n","protected":false},"excerpt":{"rendered":"<p>Diese <strong>kanadische Hemlocktanne<\/strong> ist eine langsam wachsende Sorte. Das Laub der <strong>TSUGA canadensis &#8218;Gentsch White&#8216;<\/strong> ist weiss\/gr\u00fcn bunt. Diese Pflanze ist sehr gut f\u00fcr kleine G\u00e4rten geeignet. SEHR SELTEN.<\/p>\n","protected":false},"featured_media":46002,"comment_status":"open","ping_status":"closed","template":"","meta":[],"product_brand":[],"product_cat":[255,10733],"product_tag":[13153],"class_list":{"0":"post-1810","1":"product","2":"type-product","3":"status-publish","4":"has-post-thumbnail","6":"product_cat-koniferen-de","7":"product_cat-seltene-pflanzen-sammlerpflanzen","8":"product_tag-kanadische-hemlocktanne-2","9":"pa_99-hauteurapproximativeapres1-100a150m-de","10":"pa_couleurdufeuillage-bunt-de","11":"pa_couleurdufeuillage-grun-de","12":"pa_couleurdufeuillage-weiss-de","13":"pa_exigencesenhumidite-feucht-de","14":"pa_exigencesenhumidite-normal-de","15":"pa_exigencesenhumidite-trocken-de","16":"pa_expositionspossibles-ce-halbschattigsonnezw12und17-de","17":"pa_expositionspossibles-fc-schattigkeindirektessonnen-de","18":"pa_expositionspossibles-sonnigvon12bis17uhr-de","19":"pa_hauteurlivree-100-bis-125-cm","20":"pa_hauteurlivree-20-bis-25cm","21":"pa_hauteurlivree-20-bis-30-cm","22":"pa_hauteurlivree-30-bis-40-cm","23":"pa_hauteurlivree-50-bis-60-cm","24":"pa_hauteurlivree-60-bis-80-cm","25":"pa_hauteurlivree-80-bis-100-cm","26":"pa_interetauprintemps-form-de","27":"pa_interetauprintemps-jungesprossen-de","28":"pa_interetauprintemps-laub-de","29":"pa_interetenautomne-form-de","30":"pa_interetenautomne-laub-de","31":"pa_interetenete-form-de","32":"pa_interetenete-laub-de","33":"pa_interetenhiver-form-de","34":"pa_interetenhiver-laub-de","35":"pa_naturedufeuillage-immergrun-de","36":"pa_naturesdesolpossibles-leicht-de","37":"pa_naturesdesolpossibles-normal-de","38":"pa_naturesdesolpossibles-schwer-de","39":"pa_particularites-form-de","40":"pa_particularites-furbonsaigeeignet-de","41":"pa_periodedetaille-marz-de","42":"pa_phdusolacceptable-kalkigmehrals75-de","43":"pa_phdusolacceptable-neutralzw65u75-de","44":"pa_phdusolacceptable-sauerwenigerals65-de","45":"pa_portgraphisme-buissonnant-de","46":"pa_resistanceaufroidrusticite-frostbestandigunter_20c-de","47":"pa_tailledepot-10liter_topf-de","48":"pa_tailledepot-3liter_topf-de","49":"pa_tailledepot-4liter_topf-de","50":"pa_tailledepot-5liter_topf-de","51":"pa_tailledepot-75liter_topf-de","52":"pa_utilisationpossible-beet-de","53":"pa_utilisationpossible-kubelodertopf-de","55":"first","56":"instock","57":"taxable","58":"shipping-taxable","59":"purchasable","60":"product-type-variable","61":"has-default-attributes"},"supplier_id":null,"supplier_sku":"","barcode":null,"atum_controlled":true,"out_stock_date":null,"out_stock_threshold":null,"inheritable":true,"inbound_stock":0,"stock_on_hold":0,"sold_today":0,"sales_last_days":0,"reserved_stock":0,"customer_returns":0,"warehouse_damage":0,"lost_in_post":0,"other_logs":0,"out_stock_days":null,"lost_sales":0,"has_location":false,"update_date":"2026-03-04T13:39:52","atum_locations":[],"atum_stock_status":"instock","restock_status":false,"low_stock_amount":"","sales_update_date":"2024-07-11T11:56:01","calc_backorders":null,"yoast_head":"<!-- This site is optimized with the Yoast SEO Premium plugin v27.4 (Yoast SEO v27.4) - https:\/\/yoast.com\/product\/yoast-seo-premium-wordpress\/ -->\n<title>TSUGA canadensis &#039;Gentsch White&#039; - kanadische Hemlocktanne<\/title>\n<meta name=\"description\" content=\"Diese kanadische Hemlocktanne w\u00e4chst sehr langsam. Das Laub der TSUGA canadensis &#039;Gentsch White&#039; ist wei\u00df\/gr\u00fcn bunt. Diese Pflanze ist eine RARIT\u00c4T.\" \/>\n<meta name=\"robots\" content=\"index, follow, max-snippet:-1, max-image-preview:large, max-video-preview:-1\" \/>\n<link rel=\"canonical\" href=\"https:\/\/www.vallonchene.fr\/de\/produkt\/tsuga-canadensis-gentsch-white\/\" \/>\n<meta property=\"og:locale\" content=\"de_DE\" \/>\n<meta property=\"og:type\" content=\"article\" \/>\n<meta property=\"og:title\" content=\"TSUGA canadensis &#039;Gentsch White&#039;\" \/>\n<meta property=\"og:description\" content=\"Diese kanadische Hemlocktanne w\u00e4chst sehr langsam. Das Laub der TSUGA canadensis &#039;Gentsch White&#039; ist wei\u00df\/gr\u00fcn bunt. Diese Pflanze ist eine RARIT\u00c4T.\" \/>\n<meta property=\"og:url\" content=\"https:\/\/www.vallonchene.fr\/de\/produkt\/tsuga-canadensis-gentsch-white\/\" \/>\n<meta property=\"og:site_name\" content=\"Vallonch\u00eane\" \/>\n<meta property=\"article:publisher\" content=\"https:\/\/www.facebook.com\/vallonchene.fr\" \/>\n<meta property=\"article:modified_time\" content=\"2024-03-14T08:55:20+00:00\" \/>\n<meta property=\"og:image\" content=\"https:\/\/www.vallonchene.fr\/wp-content\/uploads\/2024\/03\/TSUGA-canadensis-Gentsch-White_01.webp\" \/>\n\t<meta property=\"og:image:width\" content=\"1000\" \/>\n\t<meta property=\"og:image:height\" content=\"1000\" \/>\n\t<meta property=\"og:image:type\" content=\"image\/webp\" \/>\n<meta name=\"twitter:card\" content=\"summary_large_image\" \/>\n<meta name=\"twitter:label1\" content=\"Verf\u00fcgbarkeit\" \/>\n\t<meta name=\"twitter:data1\" content=\"Vorr\u00e4tig\" \/>\n<script type=\"application\/ld+json\" class=\"yoast-schema-graph\">{\"@context\":\"https:\\\/\\\/schema.org\",\"@graph\":[{\"@type\":\"WebPage\",\"@id\":\"https:\\\/\\\/www.vallonchene.fr\\\/de\\\/produkt\\\/tsuga-canadensis-gentsch-white\\\/\",\"url\":\"https:\\\/\\\/www.vallonchene.fr\\\/de\\\/produkt\\\/tsuga-canadensis-gentsch-white\\\/\",\"name\":\"TSUGA canadensis 'Gentsch White' - kanadische Hemlocktanne\",\"isPartOf\":{\"@id\":\"https:\\\/\\\/www.vallonchene.fr\\\/de\\\/#website\"},\"primaryImageOfPage\":{\"@id\":\"https:\\\/\\\/www.vallonchene.fr\\\/de\\\/produkt\\\/tsuga-canadensis-gentsch-white\\\/#primaryimage\"},\"image\":{\"@id\":\"https:\\\/\\\/www.vallonchene.fr\\\/de\\\/produkt\\\/tsuga-canadensis-gentsch-white\\\/#primaryimage\"},\"thumbnailUrl\":\"https:\\\/\\\/www.vallonchene.fr\\\/wp-content\\\/uploads\\\/2024\\\/03\\\/TSUGA-canadensis-Gentsch-White_01.webp\",\"datePublished\":\"2021-08-31T11:42:01+00:00\",\"dateModified\":\"2024-03-14T08:55:20+00:00\",\"description\":\"Diese kanadische Hemlocktanne w\u00e4chst sehr langsam. Das Laub der TSUGA canadensis 'Gentsch White' ist wei\u00df\\\/gr\u00fcn bunt. Diese Pflanze ist eine RARIT\u00c4T.\",\"breadcrumb\":{\"@id\":\"https:\\\/\\\/www.vallonchene.fr\\\/de\\\/produkt\\\/tsuga-canadensis-gentsch-white\\\/#breadcrumb\"},\"inLanguage\":\"de\",\"potentialAction\":[{\"@type\":\"ReadAction\",\"target\":[\"https:\\\/\\\/www.vallonchene.fr\\\/de\\\/produkt\\\/tsuga-canadensis-gentsch-white\\\/\"]}]},{\"@type\":\"ImageObject\",\"inLanguage\":\"de\",\"@id\":\"https:\\\/\\\/www.vallonchene.fr\\\/de\\\/produkt\\\/tsuga-canadensis-gentsch-white\\\/#primaryimage\",\"url\":\"https:\\\/\\\/www.vallonchene.fr\\\/wp-content\\\/uploads\\\/2024\\\/03\\\/TSUGA-canadensis-Gentsch-White_01.webp\",\"contentUrl\":\"https:\\\/\\\/www.vallonchene.fr\\\/wp-content\\\/uploads\\\/2024\\\/03\\\/TSUGA-canadensis-Gentsch-White_01.webp\",\"width\":1000,\"height\":1000,\"caption\":\"Nahaufnahme der wei\u00dfen Triebe und gr\u00fcnen Bl\u00e4tter von TSUGA canadensis 'Gentsch White'\"},{\"@type\":\"BreadcrumbList\",\"@id\":\"https:\\\/\\\/www.vallonchene.fr\\\/de\\\/produkt\\\/tsuga-canadensis-gentsch-white\\\/#breadcrumb\",\"itemListElement\":[{\"@type\":\"ListItem\",\"position\":1,\"name\":\"Home\",\"item\":\"https:\\\/\\\/www.vallonchene.fr\\\/de\\\/\"},{\"@type\":\"ListItem\",\"position\":2,\"name\":\"Shop\",\"item\":\"https:\\\/\\\/www.vallonchene.fr\\\/de\\\/shop\\\/\"},{\"@type\":\"ListItem\",\"position\":3,\"name\":\"Online-Verkauf\",\"item\":\"https:\\\/\\\/www.vallonchene.fr\\\/de\\\/produkt-kategorie\\\/online-verkauf-de\\\/\"},{\"@type\":\"ListItem\",\"position\":4,\"name\":\"Baumschule\",\"item\":\"https:\\\/\\\/www.vallonchene.fr\\\/de\\\/produkt-kategorie\\\/online-verkauf-de\\\/baumschule-gaertnerei-de\\\/\"},{\"@type\":\"ListItem\",\"position\":5,\"name\":\"Koniferen\",\"item\":\"https:\\\/\\\/www.vallonchene.fr\\\/de\\\/produkt-kategorie\\\/online-verkauf-de\\\/baumschule-gaertnerei-de\\\/koniferen-de\\\/\"},{\"@type\":\"ListItem\",\"position\":6,\"name\":\"TSUGA canadensis &#8218;Gentsch White&#8216;\"}]},{\"@type\":\"WebSite\",\"@id\":\"https:\\\/\\\/www.vallonchene.fr\\\/de\\\/#website\",\"url\":\"https:\\\/\\\/www.vallonchene.fr\\\/de\\\/\",\"name\":\"Vallonch\u00eane\",\"description\":\"Die Baumschule, bei der Qualit\u00e4t ihre Wurzeln hat \u2013 Tel.: +49 (0)6838-5399840\",\"publisher\":{\"@id\":\"https:\\\/\\\/www.vallonchene.fr\\\/de\\\/#organization\"},\"potentialAction\":[{\"@type\":\"SearchAction\",\"target\":{\"@type\":\"EntryPoint\",\"urlTemplate\":\"https:\\\/\\\/www.vallonchene.fr\\\/de\\\/?s={search_term_string}\"},\"query-input\":{\"@type\":\"PropertyValueSpecification\",\"valueRequired\":true,\"valueName\":\"search_term_string\"}}],\"inLanguage\":\"de\"},{\"@type\":\"Organization\",\"@id\":\"https:\\\/\\\/www.vallonchene.fr\\\/de\\\/#organization\",\"name\":\"VALLONCHENE\",\"url\":\"https:\\\/\\\/www.vallonchene.fr\\\/de\\\/\",\"logo\":{\"@type\":\"ImageObject\",\"inLanguage\":\"de\",\"@id\":\"https:\\\/\\\/www.vallonchene.fr\\\/de\\\/#\\\/schema\\\/logo\\\/image\\\/\",\"url\":\"https:\\\/\\\/www.vallonchene.fr\\\/wp-content\\\/uploads\\\/2023\\\/03\\\/Logo-Vallonchene-site-et-R_hauteur_100.png\",\"contentUrl\":\"https:\\\/\\\/www.vallonchene.fr\\\/wp-content\\\/uploads\\\/2023\\\/03\\\/Logo-Vallonchene-site-et-R_hauteur_100.png\",\"width\":221,\"height\":100,\"caption\":\"VALLONCHENE\"},\"image\":{\"@id\":\"https:\\\/\\\/www.vallonchene.fr\\\/de\\\/#\\\/schema\\\/logo\\\/image\\\/\"},\"sameAs\":[\"https:\\\/\\\/www.facebook.com\\\/vallonchene.fr\",\"https:\\\/\\\/www.instagram.com\\\/vallonchene\\\/\",\"https:\\\/\\\/www.pinterest.fr\\\/vallonchene\\\/\"],\"taxID\":\"49454502300017\",\"hasMerchantReturnPolicy\":{\"@type\":\"MerchantReturnPolicy\",\"merchantReturnLink\":\"https:\\\/\\\/www.vallonchene.fr\\\/remboursements_retours\\\/\"}}]}<\/script>\n<meta property=\"og:availability\" content=\"instock\" \/>\n<meta property=\"product:availability\" content=\"instock\" \/>\n<meta property=\"product:retailer_item_id\" content=\"45857\" \/>\n<meta property=\"product:condition\" content=\"new\" \/>\n<!-- \/ Yoast SEO Premium plugin. -->","yoast_head_json":{"title":"TSUGA canadensis 'Gentsch White' - kanadische Hemlocktanne","description":"Diese kanadische Hemlocktanne w\u00e4chst sehr langsam. Das Laub der TSUGA canadensis 'Gentsch White' ist wei\u00df\/gr\u00fcn bunt. Diese Pflanze ist eine RARIT\u00c4T.","robots":{"index":"index","follow":"follow","max-snippet":"max-snippet:-1","max-image-preview":"max-image-preview:large","max-video-preview":"max-video-preview:-1"},"canonical":"https:\/\/www.vallonchene.fr\/de\/produkt\/tsuga-canadensis-gentsch-white\/","og_locale":"de_DE","og_type":"article","og_title":"TSUGA canadensis 'Gentsch White'","og_description":"Diese kanadische Hemlocktanne w\u00e4chst sehr langsam. Das Laub der TSUGA canadensis 'Gentsch White' ist wei\u00df\/gr\u00fcn bunt. Diese Pflanze ist eine RARIT\u00c4T.","og_url":"https:\/\/www.vallonchene.fr\/de\/produkt\/tsuga-canadensis-gentsch-white\/","og_site_name":"Vallonch\u00eane","article_publisher":"https:\/\/www.facebook.com\/vallonchene.fr","article_modified_time":"2024-03-14T08:55:20+00:00","og_image":[{"width":1000,"height":1000,"url":"https:\/\/www.vallonchene.fr\/wp-content\/uploads\/2024\/03\/TSUGA-canadensis-Gentsch-White_01.webp","type":"image\/webp"}],"twitter_card":"summary_large_image","twitter_misc":{"Verf\u00fcgbarkeit":"Vorr\u00e4tig"},"schema":{"@context":"https:\/\/schema.org","@graph":[{"@type":"WebPage","@id":"https:\/\/www.vallonchene.fr\/de\/produkt\/tsuga-canadensis-gentsch-white\/","url":"https:\/\/www.vallonchene.fr\/de\/produkt\/tsuga-canadensis-gentsch-white\/","name":"TSUGA canadensis 'Gentsch White' - kanadische Hemlocktanne","isPartOf":{"@id":"https:\/\/www.vallonchene.fr\/de\/#website"},"primaryImageOfPage":{"@id":"https:\/\/www.vallonchene.fr\/de\/produkt\/tsuga-canadensis-gentsch-white\/#primaryimage"},"image":{"@id":"https:\/\/www.vallonchene.fr\/de\/produkt\/tsuga-canadensis-gentsch-white\/#primaryimage"},"thumbnailUrl":"https:\/\/www.vallonchene.fr\/wp-content\/uploads\/2024\/03\/TSUGA-canadensis-Gentsch-White_01.webp","datePublished":"2021-08-31T11:42:01+00:00","dateModified":"2024-03-14T08:55:20+00:00","description":"Diese kanadische Hemlocktanne w\u00e4chst sehr langsam. Das Laub der TSUGA canadensis 'Gentsch White' ist wei\u00df\/gr\u00fcn bunt. Diese Pflanze ist eine RARIT\u00c4T.","breadcrumb":{"@id":"https:\/\/www.vallonchene.fr\/de\/produkt\/tsuga-canadensis-gentsch-white\/#breadcrumb"},"inLanguage":"de","potentialAction":[{"@type":"ReadAction","target":["https:\/\/www.vallonchene.fr\/de\/produkt\/tsuga-canadensis-gentsch-white\/"]}]},{"@type":"ImageObject","inLanguage":"de","@id":"https:\/\/www.vallonchene.fr\/de\/produkt\/tsuga-canadensis-gentsch-white\/#primaryimage","url":"https:\/\/www.vallonchene.fr\/wp-content\/uploads\/2024\/03\/TSUGA-canadensis-Gentsch-White_01.webp","contentUrl":"https:\/\/www.vallonchene.fr\/wp-content\/uploads\/2024\/03\/TSUGA-canadensis-Gentsch-White_01.webp","width":1000,"height":1000,"caption":"Nahaufnahme der wei\u00dfen Triebe und gr\u00fcnen Bl\u00e4tter von TSUGA canadensis 'Gentsch White'"},{"@type":"BreadcrumbList","@id":"https:\/\/www.vallonchene.fr\/de\/produkt\/tsuga-canadensis-gentsch-white\/#breadcrumb","itemListElement":[{"@type":"ListItem","position":1,"name":"Home","item":"https:\/\/www.vallonchene.fr\/de\/"},{"@type":"ListItem","position":2,"name":"Shop","item":"https:\/\/www.vallonchene.fr\/de\/shop\/"},{"@type":"ListItem","position":3,"name":"Online-Verkauf","item":"https:\/\/www.vallonchene.fr\/de\/produkt-kategorie\/online-verkauf-de\/"},{"@type":"ListItem","position":4,"name":"Baumschule","item":"https:\/\/www.vallonchene.fr\/de\/produkt-kategorie\/online-verkauf-de\/baumschule-gaertnerei-de\/"},{"@type":"ListItem","position":5,"name":"Koniferen","item":"https:\/\/www.vallonchene.fr\/de\/produkt-kategorie\/online-verkauf-de\/baumschule-gaertnerei-de\/koniferen-de\/"},{"@type":"ListItem","position":6,"name":"TSUGA canadensis &#8218;Gentsch White&#8216;"}]},{"@type":"WebSite","@id":"https:\/\/www.vallonchene.fr\/de\/#website","url":"https:\/\/www.vallonchene.fr\/de\/","name":"Vallonch\u00eane","description":"Die Baumschule, bei der Qualit\u00e4t ihre Wurzeln hat \u2013 Tel.: +49 (0)6838-5399840","publisher":{"@id":"https:\/\/www.vallonchene.fr\/de\/#organization"},"potentialAction":[{"@type":"SearchAction","target":{"@type":"EntryPoint","urlTemplate":"https:\/\/www.vallonchene.fr\/de\/?s={search_term_string}"},"query-input":{"@type":"PropertyValueSpecification","valueRequired":true,"valueName":"search_term_string"}}],"inLanguage":"de"},{"@type":"Organization","@id":"https:\/\/www.vallonchene.fr\/de\/#organization","name":"VALLONCHENE","url":"https:\/\/www.vallonchene.fr\/de\/","logo":{"@type":"ImageObject","inLanguage":"de","@id":"https:\/\/www.vallonchene.fr\/de\/#\/schema\/logo\/image\/","url":"https:\/\/www.vallonchene.fr\/wp-content\/uploads\/2023\/03\/Logo-Vallonchene-site-et-R_hauteur_100.png","contentUrl":"https:\/\/www.vallonchene.fr\/wp-content\/uploads\/2023\/03\/Logo-Vallonchene-site-et-R_hauteur_100.png","width":221,"height":100,"caption":"VALLONCHENE"},"image":{"@id":"https:\/\/www.vallonchene.fr\/de\/#\/schema\/logo\/image\/"},"sameAs":["https:\/\/www.facebook.com\/vallonchene.fr","https:\/\/www.instagram.com\/vallonchene\/","https:\/\/www.pinterest.fr\/vallonchene\/"],"taxID":"49454502300017","hasMerchantReturnPolicy":{"@type":"MerchantReturnPolicy","merchantReturnLink":"https:\/\/www.vallonchene.fr\/remboursements_retours\/"}}]},"og_availability":"instock","product_availability":"instock","product_retailer_item_id":"45857","product_condition":"new"},"_links":{"self":[{"href":"https:\/\/www.vallonchene.fr\/de\/wp-json\/wp\/v2\/product\/1810","targetHints":{"allow":["GET"]}}],"collection":[{"href":"https:\/\/www.vallonchene.fr\/de\/wp-json\/wp\/v2\/product"}],"about":[{"href":"https:\/\/www.vallonchene.fr\/de\/wp-json\/wp\/v2\/types\/product"}],"replies":[{"embeddable":true,"href":"https:\/\/www.vallonchene.fr\/de\/wp-json\/wp\/v2\/comments?post=1810"}],"wp:featuredmedia":[{"embeddable":true,"href":"https:\/\/www.vallonchene.fr\/de\/wp-json\/wp\/v2\/media\/46002"}],"wp:attachment":[{"href":"https:\/\/www.vallonchene.fr\/de\/wp-json\/wp\/v2\/media?parent=1810"}],"wp:term":[{"taxonomy":"product_brand","embeddable":true,"href":"https:\/\/www.vallonchene.fr\/de\/wp-json\/wp\/v2\/product_brand?post=1810"},{"taxonomy":"product_cat","embeddable":true,"href":"https:\/\/www.vallonchene.fr\/de\/wp-json\/wp\/v2\/product_cat?post=1810"},{"taxonomy":"product_tag","embeddable":true,"href":"https:\/\/www.vallonchene.fr\/de\/wp-json\/wp\/v2\/product_tag?post=1810"}],"curies":[{"name":"wp","href":"https:\/\/api.w.org\/{rel}","templated":true}]}}