{"id":17055,"date":"2021-08-31T10:44:40","date_gmt":"2021-08-31T09:44:40","guid":{"rendered":"https:\/\/testing.vallonchene.fr\/produit\/aesculus-hippocastanum-monstrosa\/"},"modified":"2024-11-20T11:43:39","modified_gmt":"2024-11-20T10:43:39","slug":"aesculus-hippocastanum-monstrosa","status":"publish","type":"product","link":"https:\/\/www.vallonchene.fr\/de\/produkt\/aesculus-hippocastanum-monstrosa\/","title":{"rendered":"AESCULUS hippocastanum &#8218;Monstrosa&#8216;"},"content":{"rendered":"<h2>Die Pflanze<\/h2>\n<p>Die <strong>AESCULUS hippocastanum &#8218;Monstrosa&#8216;<\/strong> geh\u00f6rt zur Familie der <strong>Rosskastanien<\/strong>. Es ist ein <strong>winziger Zierbaum<\/strong> von <strong>einzigartiger Sch\u00f6nheit<\/strong>.<br \/>\n Sein <strong>kompakter Wuchs<\/strong> und seine <strong>gewundenen \u00c4ste mit ihren Verwachsungen<\/strong> machen ihn zu einem bemerkenswerten architektonischen Element in jedem Garten.<br \/>\n Sein <strong>sommergr\u00fcnes Laub<\/strong> in einem leuchtenden Gr\u00fcn bringt im Fr\u00fchling eine frische Note.<br \/>\n Dar\u00fcber hinaus w\u00e4chst diese Sorte extrem langsam, was sie ideal f\u00fcr kleine R\u00e4ume macht. Zweifellos qualifiziert sie sich als Zwergbaum.<br \/>\n Schlie\u00dflich widersteht dieses kleine Wunder problemlos Temperaturen unter -20\u00b0C. Um alle derzeit verf\u00fcgbaren AESCULUS zu sehen, <strong><a href=\"https:\/\/www.vallonchene.fr\/de\/?s=aesculus&amp;post_type=product&amp;dgwt_wcas=1&amp;lang=de&amp;filter_stock_status=instock\">klicken Sie bitte hier<\/a><\/strong>.  <\/p>\n<h2>Wie pflanzt und pflegt man AESCULUS hippocastanum &#8218;Monstrosa&#8216;?<\/h2>\n<ol>\n<li><strong>Pflanzung:<\/strong>Pflanzen Sie sie an einem sonnigen oder halbschattigen Standort. Sie gedeiht sowohl in T\u00f6pfen als auch in Beeten. Der Boden kann leicht, normal oder schwer sein. Sie vertr\u00e4gt feuchten, m\u00e4\u00dfig feuchten und trockenen Boden (nach dem vollst\u00e4ndigen Anwachsen) mit einem pH-Wert von sauer bis alkalisch.<br \/>\n <strong><a href=\"https:\/\/www.vallonchene.fr\/comment-planter-et-entretenir-des-vegetaux\/\">F\u00fcr die Vorbereitung des Pflanzlochs folgen Sie bitte unseren Pflanztipps hier<\/a><\/strong>.   <\/li>\n<li><strong>Pflege: <br \/><\/strong> Gie\u00dfen Sie diese Rosskastanie regelm\u00e4\u00dfig in den ersten ein bis zwei Jahren nach der Pflanzung, bis sie gut angewachsen ist. Aufgrund ihrer Zwergform und ihres sehr kompakten Wuchses ben\u00f6tigt sie keinen Schnitt. Falls Sie dennoch schneiden m\u00fcssen, tun Sie dies im M\u00e4rz vor dem Neuaustrieb.<br \/>\n <a href=\"https:\/\/www.vallonchene.fr\/comment-bien-arroser-le-jardin-et-economiser-leau\/\"><strong>Lesen Sie hier unsere Tipps zum sparsamen Gie\u00dfen<\/strong><\/a>.  <\/li>\n<\/ol>\n<h2>Geschichte und Herkunft<\/h2>\n<p>Die AESCULUS hippocastanum stammt urspr\u00fcnglich aus Europa, genauer gesagt vom Balkan. In ihrem nat\u00fcrlichen Lebensraum wird diese Art von Botanikern als gef\u00e4hrdet eingestuft. Die AESCULUS hippocastanum &#8218;Monstrosa&#8216; hingegen ist eine bei Sammlern sehr beliebte Selektion. Aufgrund ihrer Zwergwuchsform wird sie haupts\u00e4chlich in privaten G\u00e4rten gepflanzt, w\u00e4hrend die Wildform h\u00e4ufig in \u00f6ffentlichen Parks zu finden ist. Schlie\u00dflich werden Rinde, Bl\u00fcten und Fr\u00fcchte dieser Art f\u00fcr medizinische Zubereitungen verwendet.   <\/p>\n<p>&nbsp;<\/p>\n","protected":false},"excerpt":{"rendered":"<p>Diese <strong>Rosskastanie<\/strong> weist Verwachsungen an den \u00c4sten auf. Die <strong>AESCULUS hippocastanum &#8218;Monstrosa&#8216;<\/strong> ist eine kompakte Zwergform mit gr\u00fcnem Laub. <\/p>\n","protected":false},"featured_media":50193,"comment_status":"open","ping_status":"closed","template":"","meta":[],"product_brand":[],"product_cat":[10733,252],"product_tag":[11414,11462,11461,11464,11465,11463,11466],"class_list":{"0":"post-17055","1":"product","2":"type-product","3":"status-publish","4":"has-post-thumbnail","6":"product_cat-seltene-pflanzen-sammlerpflanzen","7":"product_cat-straucher-und-baume-de","8":"product_tag-aesculus-de","9":"product_tag-aesculus-hippocastanum-de","10":"product_tag-aesculus-hippocastanum-monstrosa-de","11":"product_tag-gemeine-rosskastanie-de","12":"product_tag-gewohnliche-rosskastanie","13":"product_tag-monstrosa-de","14":"product_tag-weise-rosskastanie","15":"pa_99-hauteurapproximativeapres1-100a150m-de","16":"pa_couleurdufeuillage-grun-de","17":"pa_exigencesenhumidite-feucht-de","18":"pa_exigencesenhumidite-normal-de","19":"pa_exigencesenhumidite-trocken-de","20":"pa_expositionspossibles-ce-halbschattigsonnezw12und17-de","21":"pa_expositionspossibles-sonnigvon12bis17uhr-de","22":"pa_hauteurlivree-10-bis-15-cm","23":"pa_hauteurlivree-15-bis-20-cm","24":"pa_hauteurlivree-50-cm-stamm","25":"pa_hauteurlivree-90-cm-stamm","26":"pa_interetauprintemps-form-de","27":"pa_interetauprintemps-jungesprossen-de","28":"pa_interetauprintemps-laub-de","29":"pa_interetenautomne-form-de","30":"pa_interetenautomne-laub-de","31":"pa_interetenete-form-de","32":"pa_interetenete-laub-de","33":"pa_interetenhiver-form-de","34":"pa_naturedufeuillage-nichtimmergrun-de","35":"pa_naturesdesolpossibles-leicht-de","36":"pa_naturesdesolpossibles-normal-de","37":"pa_naturesdesolpossibles-schwer-de","38":"pa_particularites-form-de","39":"pa_particularites-furbonsaigeeignet-de","40":"pa_periodedetaille-marz-de","41":"pa_phdusolacceptable-kalkigmehrals75-de","42":"pa_phdusolacceptable-neutralzw65u75-de","43":"pa_phdusolacceptable-sauerwenigerals65-de","44":"pa_portgraphisme-rund-de","45":"pa_resistanceaufroidrusticite-frostbestandigunter_20c-de","46":"pa_tailledepot-15liter_topf-de","47":"pa_tailledepot-2liter_topf-de","48":"pa_utilisationpossible-beet-de","49":"pa_utilisationpossible-kubelodertopf-de","51":"first","52":"instock","53":"taxable","54":"shipping-taxable","55":"purchasable","56":"product-type-variable","57":"has-default-attributes"},"supplier_id":null,"supplier_sku":"","barcode":null,"atum_controlled":true,"out_stock_date":null,"out_stock_threshold":null,"inheritable":true,"inbound_stock":0,"stock_on_hold":0,"sold_today":0,"sales_last_days":0,"reserved_stock":0,"customer_returns":0,"warehouse_damage":0,"lost_in_post":0,"other_logs":0,"out_stock_days":null,"lost_sales":0,"has_location":false,"update_date":"2025-10-26T14:17:17","atum_locations":[],"atum_stock_status":"instock","restock_status":false,"low_stock_amount":"","sales_update_date":"2025-10-26T14:17:17","calc_backorders":null,"yoast_head":"<!-- This site is optimized with the Yoast SEO Premium plugin v27.4 (Yoast SEO v27.4) - https:\/\/yoast.com\/product\/yoast-seo-premium-wordpress\/ -->\n<title>AESCULUS hippocastanum &#039;Monstrosa&#039; (Gew\u00f6hnliche Rosskastanie)<\/title>\n<meta name=\"description\" content=\"Diese Gew\u00f6hnliche Rosskastanie weist Verwachsungen an den \u00c4sten auf. Die AESCULUS hippocastanum &#039;Monstrosa&#039; ist eine Zwergform mit gr\u00fcnem Laub.\" \/>\n<meta name=\"robots\" content=\"index, follow, max-snippet:-1, max-image-preview:large, max-video-preview:-1\" \/>\n<link rel=\"canonical\" href=\"https:\/\/www.vallonchene.fr\/de\/produkt\/aesculus-hippocastanum-monstrosa\/\" \/>\n<meta property=\"og:locale\" content=\"de_DE\" \/>\n<meta property=\"og:type\" content=\"article\" \/>\n<meta property=\"og:title\" content=\"AESCULUS hippocastanum &#039;Monstrosa&#039;\" \/>\n<meta property=\"og:description\" content=\"Diese Gew\u00f6hnliche Rosskastanie weist Verwachsungen an den \u00c4sten auf. Die AESCULUS hippocastanum &#039;Monstrosa&#039; ist eine Zwergform mit gr\u00fcnem Laub.\" \/>\n<meta property=\"og:url\" content=\"https:\/\/www.vallonchene.fr\/de\/produkt\/aesculus-hippocastanum-monstrosa\/\" \/>\n<meta property=\"og:site_name\" content=\"Vallonch\u00eane\" \/>\n<meta property=\"article:publisher\" content=\"https:\/\/www.facebook.com\/vallonchene.fr\" \/>\n<meta property=\"article:modified_time\" content=\"2024-11-20T10:43:39+00:00\" \/>\n<meta property=\"og:image\" content=\"https:\/\/www.vallonchene.fr\/wp-content\/uploads\/2024\/11\/AESCULUS-hippocastanum-Monstrosa.webp\" \/>\n\t<meta property=\"og:image:width\" content=\"1200\" \/>\n\t<meta property=\"og:image:height\" content=\"1200\" \/>\n\t<meta property=\"og:image:type\" content=\"image\/webp\" \/>\n<meta name=\"twitter:card\" content=\"summary_large_image\" \/>\n<meta name=\"twitter:label1\" content=\"Verf\u00fcgbarkeit\" \/>\n\t<meta name=\"twitter:data1\" content=\"Vorr\u00e4tig\" \/>\n<script type=\"application\/ld+json\" class=\"yoast-schema-graph\">{\"@context\":\"https:\\\/\\\/schema.org\",\"@graph\":[{\"@type\":\"WebPage\",\"@id\":\"https:\\\/\\\/www.vallonchene.fr\\\/de\\\/produkt\\\/aesculus-hippocastanum-monstrosa\\\/\",\"url\":\"https:\\\/\\\/www.vallonchene.fr\\\/de\\\/produkt\\\/aesculus-hippocastanum-monstrosa\\\/\",\"name\":\"AESCULUS hippocastanum 'Monstrosa' (Gew\u00f6hnliche Rosskastanie)\",\"isPartOf\":{\"@id\":\"https:\\\/\\\/www.vallonchene.fr\\\/de\\\/#website\"},\"primaryImageOfPage\":{\"@id\":\"https:\\\/\\\/www.vallonchene.fr\\\/de\\\/produkt\\\/aesculus-hippocastanum-monstrosa\\\/#primaryimage\"},\"image\":{\"@id\":\"https:\\\/\\\/www.vallonchene.fr\\\/de\\\/produkt\\\/aesculus-hippocastanum-monstrosa\\\/#primaryimage\"},\"thumbnailUrl\":\"https:\\\/\\\/www.vallonchene.fr\\\/wp-content\\\/uploads\\\/2024\\\/11\\\/AESCULUS-hippocastanum-Monstrosa.webp\",\"datePublished\":\"2021-08-31T09:44:40+00:00\",\"dateModified\":\"2024-11-20T10:43:39+00:00\",\"description\":\"Diese Gew\u00f6hnliche Rosskastanie weist Verwachsungen an den \u00c4sten auf. Die AESCULUS hippocastanum 'Monstrosa' ist eine Zwergform mit gr\u00fcnem Laub.\",\"breadcrumb\":{\"@id\":\"https:\\\/\\\/www.vallonchene.fr\\\/de\\\/produkt\\\/aesculus-hippocastanum-monstrosa\\\/#breadcrumb\"},\"inLanguage\":\"de\",\"potentialAction\":[{\"@type\":\"ReadAction\",\"target\":[\"https:\\\/\\\/www.vallonchene.fr\\\/de\\\/produkt\\\/aesculus-hippocastanum-monstrosa\\\/\"]}]},{\"@type\":\"ImageObject\",\"inLanguage\":\"de\",\"@id\":\"https:\\\/\\\/www.vallonchene.fr\\\/de\\\/produkt\\\/aesculus-hippocastanum-monstrosa\\\/#primaryimage\",\"url\":\"https:\\\/\\\/www.vallonchene.fr\\\/wp-content\\\/uploads\\\/2024\\\/11\\\/AESCULUS-hippocastanum-Monstrosa.webp\",\"contentUrl\":\"https:\\\/\\\/www.vallonchene.fr\\\/wp-content\\\/uploads\\\/2024\\\/11\\\/AESCULUS-hippocastanum-Monstrosa.webp\",\"width\":1200,\"height\":1200,\"caption\":\"Holz des AESCULUS hippocastanum 'Monstrosa' nach dem Laubfall, das die Fasciation an seinem Holz zeigt\"},{\"@type\":\"BreadcrumbList\",\"@id\":\"https:\\\/\\\/www.vallonchene.fr\\\/de\\\/produkt\\\/aesculus-hippocastanum-monstrosa\\\/#breadcrumb\",\"itemListElement\":[{\"@type\":\"ListItem\",\"position\":1,\"name\":\"Home\",\"item\":\"https:\\\/\\\/www.vallonchene.fr\\\/de\\\/\"},{\"@type\":\"ListItem\",\"position\":2,\"name\":\"Shop\",\"item\":\"https:\\\/\\\/www.vallonchene.fr\\\/de\\\/shop\\\/\"},{\"@type\":\"ListItem\",\"position\":3,\"name\":\"Online-Verkauf\",\"item\":\"https:\\\/\\\/www.vallonchene.fr\\\/de\\\/produkt-kategorie\\\/online-verkauf-de\\\/\"},{\"@type\":\"ListItem\",\"position\":4,\"name\":\"Baumschule\",\"item\":\"https:\\\/\\\/www.vallonchene.fr\\\/de\\\/produkt-kategorie\\\/online-verkauf-de\\\/baumschule-gaertnerei-de\\\/\"},{\"@type\":\"ListItem\",\"position\":5,\"name\":\"Str\u00e4ucher und B\u00e4ume\",\"item\":\"https:\\\/\\\/www.vallonchene.fr\\\/de\\\/produkt-kategorie\\\/online-verkauf-de\\\/baumschule-gaertnerei-de\\\/straucher-und-baume-de\\\/\"},{\"@type\":\"ListItem\",\"position\":6,\"name\":\"AESCULUS hippocastanum &#8218;Monstrosa&#8216;\"}]},{\"@type\":\"WebSite\",\"@id\":\"https:\\\/\\\/www.vallonchene.fr\\\/de\\\/#website\",\"url\":\"https:\\\/\\\/www.vallonchene.fr\\\/de\\\/\",\"name\":\"Vallonch\u00eane\",\"description\":\"Die Baumschule, bei der Qualit\u00e4t ihre Wurzeln hat \u2013 Tel.: +49 (0)6838-5399840\",\"publisher\":{\"@id\":\"https:\\\/\\\/www.vallonchene.fr\\\/de\\\/#organization\"},\"potentialAction\":[{\"@type\":\"SearchAction\",\"target\":{\"@type\":\"EntryPoint\",\"urlTemplate\":\"https:\\\/\\\/www.vallonchene.fr\\\/de\\\/?s={search_term_string}\"},\"query-input\":{\"@type\":\"PropertyValueSpecification\",\"valueRequired\":true,\"valueName\":\"search_term_string\"}}],\"inLanguage\":\"de\"},{\"@type\":\"Organization\",\"@id\":\"https:\\\/\\\/www.vallonchene.fr\\\/de\\\/#organization\",\"name\":\"VALLONCHENE\",\"url\":\"https:\\\/\\\/www.vallonchene.fr\\\/de\\\/\",\"logo\":{\"@type\":\"ImageObject\",\"inLanguage\":\"de\",\"@id\":\"https:\\\/\\\/www.vallonchene.fr\\\/de\\\/#\\\/schema\\\/logo\\\/image\\\/\",\"url\":\"https:\\\/\\\/www.vallonchene.fr\\\/wp-content\\\/uploads\\\/2023\\\/03\\\/Logo-Vallonchene-site-et-R_hauteur_100.png\",\"contentUrl\":\"https:\\\/\\\/www.vallonchene.fr\\\/wp-content\\\/uploads\\\/2023\\\/03\\\/Logo-Vallonchene-site-et-R_hauteur_100.png\",\"width\":221,\"height\":100,\"caption\":\"VALLONCHENE\"},\"image\":{\"@id\":\"https:\\\/\\\/www.vallonchene.fr\\\/de\\\/#\\\/schema\\\/logo\\\/image\\\/\"},\"sameAs\":[\"https:\\\/\\\/www.facebook.com\\\/vallonchene.fr\",\"https:\\\/\\\/www.instagram.com\\\/vallonchene\\\/\",\"https:\\\/\\\/www.pinterest.fr\\\/vallonchene\\\/\"],\"taxID\":\"49454502300017\",\"hasMerchantReturnPolicy\":{\"@type\":\"MerchantReturnPolicy\",\"merchantReturnLink\":\"https:\\\/\\\/www.vallonchene.fr\\\/remboursements_retours\\\/\"}}]}<\/script>\n<meta property=\"og:availability\" content=\"instock\" \/>\n<meta property=\"product:availability\" content=\"instock\" \/>\n<meta property=\"product:retailer_item_id\" content=\"13132\" \/>\n<meta property=\"product:condition\" content=\"new\" \/>\n<!-- \/ Yoast SEO Premium plugin. -->","yoast_head_json":{"title":"AESCULUS hippocastanum 'Monstrosa' (Gew\u00f6hnliche Rosskastanie)","description":"Diese Gew\u00f6hnliche Rosskastanie weist Verwachsungen an den \u00c4sten auf. Die AESCULUS hippocastanum 'Monstrosa' ist eine Zwergform mit gr\u00fcnem Laub.","robots":{"index":"index","follow":"follow","max-snippet":"max-snippet:-1","max-image-preview":"max-image-preview:large","max-video-preview":"max-video-preview:-1"},"canonical":"https:\/\/www.vallonchene.fr\/de\/produkt\/aesculus-hippocastanum-monstrosa\/","og_locale":"de_DE","og_type":"article","og_title":"AESCULUS hippocastanum 'Monstrosa'","og_description":"Diese Gew\u00f6hnliche Rosskastanie weist Verwachsungen an den \u00c4sten auf. Die AESCULUS hippocastanum 'Monstrosa' ist eine Zwergform mit gr\u00fcnem Laub.","og_url":"https:\/\/www.vallonchene.fr\/de\/produkt\/aesculus-hippocastanum-monstrosa\/","og_site_name":"Vallonch\u00eane","article_publisher":"https:\/\/www.facebook.com\/vallonchene.fr","article_modified_time":"2024-11-20T10:43:39+00:00","og_image":[{"width":1200,"height":1200,"url":"https:\/\/www.vallonchene.fr\/wp-content\/uploads\/2024\/11\/AESCULUS-hippocastanum-Monstrosa.webp","type":"image\/webp"}],"twitter_card":"summary_large_image","twitter_misc":{"Verf\u00fcgbarkeit":"Vorr\u00e4tig"},"schema":{"@context":"https:\/\/schema.org","@graph":[{"@type":"WebPage","@id":"https:\/\/www.vallonchene.fr\/de\/produkt\/aesculus-hippocastanum-monstrosa\/","url":"https:\/\/www.vallonchene.fr\/de\/produkt\/aesculus-hippocastanum-monstrosa\/","name":"AESCULUS hippocastanum 'Monstrosa' (Gew\u00f6hnliche Rosskastanie)","isPartOf":{"@id":"https:\/\/www.vallonchene.fr\/de\/#website"},"primaryImageOfPage":{"@id":"https:\/\/www.vallonchene.fr\/de\/produkt\/aesculus-hippocastanum-monstrosa\/#primaryimage"},"image":{"@id":"https:\/\/www.vallonchene.fr\/de\/produkt\/aesculus-hippocastanum-monstrosa\/#primaryimage"},"thumbnailUrl":"https:\/\/www.vallonchene.fr\/wp-content\/uploads\/2024\/11\/AESCULUS-hippocastanum-Monstrosa.webp","datePublished":"2021-08-31T09:44:40+00:00","dateModified":"2024-11-20T10:43:39+00:00","description":"Diese Gew\u00f6hnliche Rosskastanie weist Verwachsungen an den \u00c4sten auf. Die AESCULUS hippocastanum 'Monstrosa' ist eine Zwergform mit gr\u00fcnem Laub.","breadcrumb":{"@id":"https:\/\/www.vallonchene.fr\/de\/produkt\/aesculus-hippocastanum-monstrosa\/#breadcrumb"},"inLanguage":"de","potentialAction":[{"@type":"ReadAction","target":["https:\/\/www.vallonchene.fr\/de\/produkt\/aesculus-hippocastanum-monstrosa\/"]}]},{"@type":"ImageObject","inLanguage":"de","@id":"https:\/\/www.vallonchene.fr\/de\/produkt\/aesculus-hippocastanum-monstrosa\/#primaryimage","url":"https:\/\/www.vallonchene.fr\/wp-content\/uploads\/2024\/11\/AESCULUS-hippocastanum-Monstrosa.webp","contentUrl":"https:\/\/www.vallonchene.fr\/wp-content\/uploads\/2024\/11\/AESCULUS-hippocastanum-Monstrosa.webp","width":1200,"height":1200,"caption":"Holz des AESCULUS hippocastanum 'Monstrosa' nach dem Laubfall, das die Fasciation an seinem Holz zeigt"},{"@type":"BreadcrumbList","@id":"https:\/\/www.vallonchene.fr\/de\/produkt\/aesculus-hippocastanum-monstrosa\/#breadcrumb","itemListElement":[{"@type":"ListItem","position":1,"name":"Home","item":"https:\/\/www.vallonchene.fr\/de\/"},{"@type":"ListItem","position":2,"name":"Shop","item":"https:\/\/www.vallonchene.fr\/de\/shop\/"},{"@type":"ListItem","position":3,"name":"Online-Verkauf","item":"https:\/\/www.vallonchene.fr\/de\/produkt-kategorie\/online-verkauf-de\/"},{"@type":"ListItem","position":4,"name":"Baumschule","item":"https:\/\/www.vallonchene.fr\/de\/produkt-kategorie\/online-verkauf-de\/baumschule-gaertnerei-de\/"},{"@type":"ListItem","position":5,"name":"Str\u00e4ucher und B\u00e4ume","item":"https:\/\/www.vallonchene.fr\/de\/produkt-kategorie\/online-verkauf-de\/baumschule-gaertnerei-de\/straucher-und-baume-de\/"},{"@type":"ListItem","position":6,"name":"AESCULUS hippocastanum &#8218;Monstrosa&#8216;"}]},{"@type":"WebSite","@id":"https:\/\/www.vallonchene.fr\/de\/#website","url":"https:\/\/www.vallonchene.fr\/de\/","name":"Vallonch\u00eane","description":"Die Baumschule, bei der Qualit\u00e4t ihre Wurzeln hat \u2013 Tel.: +49 (0)6838-5399840","publisher":{"@id":"https:\/\/www.vallonchene.fr\/de\/#organization"},"potentialAction":[{"@type":"SearchAction","target":{"@type":"EntryPoint","urlTemplate":"https:\/\/www.vallonchene.fr\/de\/?s={search_term_string}"},"query-input":{"@type":"PropertyValueSpecification","valueRequired":true,"valueName":"search_term_string"}}],"inLanguage":"de"},{"@type":"Organization","@id":"https:\/\/www.vallonchene.fr\/de\/#organization","name":"VALLONCHENE","url":"https:\/\/www.vallonchene.fr\/de\/","logo":{"@type":"ImageObject","inLanguage":"de","@id":"https:\/\/www.vallonchene.fr\/de\/#\/schema\/logo\/image\/","url":"https:\/\/www.vallonchene.fr\/wp-content\/uploads\/2023\/03\/Logo-Vallonchene-site-et-R_hauteur_100.png","contentUrl":"https:\/\/www.vallonchene.fr\/wp-content\/uploads\/2023\/03\/Logo-Vallonchene-site-et-R_hauteur_100.png","width":221,"height":100,"caption":"VALLONCHENE"},"image":{"@id":"https:\/\/www.vallonchene.fr\/de\/#\/schema\/logo\/image\/"},"sameAs":["https:\/\/www.facebook.com\/vallonchene.fr","https:\/\/www.instagram.com\/vallonchene\/","https:\/\/www.pinterest.fr\/vallonchene\/"],"taxID":"49454502300017","hasMerchantReturnPolicy":{"@type":"MerchantReturnPolicy","merchantReturnLink":"https:\/\/www.vallonchene.fr\/remboursements_retours\/"}}]},"og_availability":"instock","product_availability":"instock","product_retailer_item_id":"13132","product_condition":"new"},"_links":{"self":[{"href":"https:\/\/www.vallonchene.fr\/de\/wp-json\/wp\/v2\/product\/17055","targetHints":{"allow":["GET"]}}],"collection":[{"href":"https:\/\/www.vallonchene.fr\/de\/wp-json\/wp\/v2\/product"}],"about":[{"href":"https:\/\/www.vallonchene.fr\/de\/wp-json\/wp\/v2\/types\/product"}],"replies":[{"embeddable":true,"href":"https:\/\/www.vallonchene.fr\/de\/wp-json\/wp\/v2\/comments?post=17055"}],"wp:featuredmedia":[{"embeddable":true,"href":"https:\/\/www.vallonchene.fr\/de\/wp-json\/wp\/v2\/media\/50193"}],"wp:attachment":[{"href":"https:\/\/www.vallonchene.fr\/de\/wp-json\/wp\/v2\/media?parent=17055"}],"wp:term":[{"taxonomy":"product_brand","embeddable":true,"href":"https:\/\/www.vallonchene.fr\/de\/wp-json\/wp\/v2\/product_brand?post=17055"},{"taxonomy":"product_cat","embeddable":true,"href":"https:\/\/www.vallonchene.fr\/de\/wp-json\/wp\/v2\/product_cat?post=17055"},{"taxonomy":"product_tag","embeddable":true,"href":"https:\/\/www.vallonchene.fr\/de\/wp-json\/wp\/v2\/product_tag?post=17055"}],"curies":[{"name":"wp","href":"https:\/\/api.w.org\/{rel}","templated":true}]}}