{"id":15566,"date":"2021-08-31T11:19:06","date_gmt":"2021-08-31T11:19:06","guid":{"rendered":"https:\/\/testing.vallonchene.fr\/produit\/paeonia-lactiflora-duchesse-de-nemours\/"},"modified":"2021-08-31T11:19:06","modified_gmt":"2021-08-31T11:19:06","slug":"paeonia-lactiflora-duchesse-de-nemours","status":"publish","type":"product","link":"https:\/\/www.vallonchene.fr\/de\/produkt\/paeonia-lactiflora-duchesse-de-nemours\/","title":{"rendered":"PAEONIA lactiflora &#8218;Duchesse de Nemours&#8216;"},"content":{"rendered":"","protected":false},"excerpt":{"rendered":"<p>Diese <strong>Edelpfingstrose<\/strong> hat doppelte, duftende, schneewei\u00dfe Bl\u00fcten. Die <strong>PAEONIA lactiflora &#8218;Duchesse de Nemours&#8216;<\/strong> ist absolut k\u00e4ltebest\u00e4ndig.<\/p>\n","protected":false},"featured_media":0,"comment_status":"open","ping_status":"closed","template":"","meta":[],"product_brand":[],"product_cat":[263],"product_tag":[],"class_list":{"0":"post-15566","1":"product","2":"type-product","3":"status-publish","5":"product_cat-vivaces","6":"pa_99-hauteurapproximativeapres1-50a100cm","7":"pa_couleurdesfleurs-blanc","8":"pa_couleurdufeuillage-vert","9":"pa_exigencesenhumidite-fraisahumide","10":"pa_exigencesenhumidite-moyen","11":"pa_exigencesenhumidite-sec","12":"pa_expositionspossibles-33-mi_ombreeviterlesoleilde12","13":"pa_expositionspossibles-pleinsoleilde12ha17hmin","14":"pa_interetauprintemps-fleurs","15":"pa_interetauprintemps-feuillage","16":"pa_interetauprintemps-parfum","17":"pa_interetenete-feuillage","18":"pa_naturedufeuillage-caduc","19":"pa_naturesdesolpossibles-leger","20":"pa_naturesdesolpossibles-normal","21":"pa_naturesdesolpossibles-lourd","22":"pa_particularites-parfume","23":"pa_particularites-fleursacouper","24":"pa_periodedefloraison-printemps","25":"pa_periodedetaille-sept","26":"pa_phdusolacceptable-calcaireplusde75","27":"pa_phdusolacceptable-neutreentre65et75","28":"pa_phdusolacceptable-acidemoinsde65","29":"pa_portgraphisme-arrondi","30":"pa_resistanceaufroidrusticite-resistant-en-dessous-de-moins-20-degree-c","31":"pa_utilisationpossible-massif","32":"pa_utilisationpossible-bacoupot","34":"first","35":"outofstock","36":"taxable","37":"shipping-taxable","38":"purchasable","39":"product-type-simple"},"supplier_id":null,"supplier_sku":"","barcode":null,"atum_controlled":true,"out_stock_date":"2024-09-26 15:12:57","out_stock_threshold":null,"inheritable":false,"inbound_stock":null,"stock_on_hold":null,"sold_today":null,"sales_last_days":null,"reserved_stock":null,"customer_returns":null,"warehouse_damage":null,"lost_in_post":null,"other_logs":null,"out_stock_days":null,"lost_sales":null,"has_location":null,"update_date":"2024-09-26T13:12:59","atum_locations":[],"atum_stock_status":"outofstock","restock_status":false,"low_stock_amount":"","sales_update_date":null,"calc_backorders":null,"yoast_head":"<!-- This site is optimized with the Yoast SEO Premium plugin v27.3 (Yoast SEO v27.3) - https:\/\/yoast.com\/product\/yoast-seo-premium-wordpress\/ -->\n<title>PAEONIA lactiflora &#039;Duchesse de Nemours&#039; - Edelpfingstrose<\/title>\n<meta name=\"description\" content=\"Diese Edelpfingstrose hat doppelte, duftende, schneewei\u00dfe Bl\u00fcten. Die PAEONIA lactiflora &#039;Duchesse de Nemours&#039; ist absolut k\u00e4ltebest\u00e4ndig.\" \/>\n<meta name=\"robots\" content=\"index, follow, max-snippet:-1, max-image-preview:large, max-video-preview:-1\" \/>\n<link rel=\"canonical\" href=\"https:\/\/www.vallonchene.fr\/de\/produkt\/paeonia-lactiflora-duchesse-de-nemours\/\" \/>\n<meta property=\"og:locale\" content=\"de_DE\" \/>\n<meta property=\"og:type\" content=\"article\" \/>\n<meta property=\"og:title\" content=\"PAEONIA lactiflora &#039;Duchesse de Nemours&#039;\" \/>\n<meta property=\"og:description\" content=\"Diese Edelpfingstrose hat doppelte, duftende, schneewei\u00dfe Bl\u00fcten. Die PAEONIA lactiflora &#039;Duchesse de Nemours&#039; ist absolut k\u00e4ltebest\u00e4ndig.\" \/>\n<meta property=\"og:url\" content=\"https:\/\/www.vallonchene.fr\/de\/produkt\/paeonia-lactiflora-duchesse-de-nemours\/\" \/>\n<meta property=\"og:site_name\" content=\"Vallonch\u00eane\" \/>\n<meta property=\"article:publisher\" content=\"https:\/\/www.facebook.com\/vallonchene.fr\" \/>\n<meta name=\"twitter:card\" content=\"summary_large_image\" \/>\n<meta name=\"twitter:label1\" content=\"Preis\" \/>\n\t<meta name=\"twitter:data1\" content=\"0,00&nbsp;&euro;\" \/>\n\t<meta name=\"twitter:label2\" content=\"Verf\u00fcgbarkeit\" \/>\n\t<meta name=\"twitter:data2\" content=\"Nicht vorr\u00e4tig\" \/>\n<script type=\"application\/ld+json\" class=\"yoast-schema-graph\">{\"@context\":\"https:\\\/\\\/schema.org\",\"@graph\":[{\"@type\":\"WebPage\",\"@id\":\"https:\\\/\\\/www.vallonchene.fr\\\/de\\\/produkt\\\/paeonia-lactiflora-duchesse-de-nemours\\\/\",\"url\":\"https:\\\/\\\/www.vallonchene.fr\\\/de\\\/produkt\\\/paeonia-lactiflora-duchesse-de-nemours\\\/\",\"name\":\"PAEONIA lactiflora 'Duchesse de Nemours' - Edelpfingstrose\",\"isPartOf\":{\"@id\":\"https:\\\/\\\/www.vallonchene.fr\\\/de\\\/#website\"},\"datePublished\":\"2021-08-31T11:19:06+00:00\",\"description\":\"Diese Edelpfingstrose hat doppelte, duftende, schneewei\u00dfe Bl\u00fcten. Die PAEONIA lactiflora 'Duchesse de Nemours' ist absolut k\u00e4ltebest\u00e4ndig.\",\"breadcrumb\":{\"@id\":\"https:\\\/\\\/www.vallonchene.fr\\\/de\\\/produkt\\\/paeonia-lactiflora-duchesse-de-nemours\\\/#breadcrumb\"},\"inLanguage\":\"de\",\"potentialAction\":[{\"@type\":\"ReadAction\",\"target\":[\"https:\\\/\\\/www.vallonchene.fr\\\/de\\\/produkt\\\/paeonia-lactiflora-duchesse-de-nemours\\\/\"]}]},{\"@type\":\"BreadcrumbList\",\"@id\":\"https:\\\/\\\/www.vallonchene.fr\\\/de\\\/produkt\\\/paeonia-lactiflora-duchesse-de-nemours\\\/#breadcrumb\",\"itemListElement\":[{\"@type\":\"ListItem\",\"position\":1,\"name\":\"Home\",\"item\":\"https:\\\/\\\/www.vallonchene.fr\\\/de\\\/\"},{\"@type\":\"ListItem\",\"position\":2,\"name\":\"Shop\",\"item\":\"https:\\\/\\\/www.vallonchene.fr\\\/de\\\/shop\\\/\"},{\"@type\":\"ListItem\",\"position\":3,\"name\":\"Online-Verkauf\",\"item\":\"https:\\\/\\\/www.vallonchene.fr\\\/de\\\/produkt-kategorie\\\/online-verkauf-de\\\/\"},{\"@type\":\"ListItem\",\"position\":4,\"name\":\"Baumschule\",\"item\":\"https:\\\/\\\/www.vallonchene.fr\\\/de\\\/produkt-kategorie\\\/online-verkauf-de\\\/baumschule-gaertnerei-de\\\/\"},{\"@type\":\"ListItem\",\"position\":5,\"name\":\"Stauden\",\"item\":\"https:\\\/\\\/www.vallonchene.fr\\\/de\\\/produkt-kategorie\\\/online-verkauf-de\\\/baumschule-gaertnerei-de\\\/stauden-de\\\/\"},{\"@type\":\"ListItem\",\"position\":6,\"name\":\"PAEONIA lactiflora &#8216;Duchesse de Nemours&#8217;\"}]},{\"@type\":\"WebSite\",\"@id\":\"https:\\\/\\\/www.vallonchene.fr\\\/de\\\/#website\",\"url\":\"https:\\\/\\\/www.vallonchene.fr\\\/de\\\/\",\"name\":\"Vallonch\u00eane\",\"description\":\"Die Baumschule, bei der Qualit\u00e4t ihre Wurzeln hat \u2013 Tel.: +49 (0)6838-5399840\",\"publisher\":{\"@id\":\"https:\\\/\\\/www.vallonchene.fr\\\/de\\\/#organization\"},\"potentialAction\":[{\"@type\":\"SearchAction\",\"target\":{\"@type\":\"EntryPoint\",\"urlTemplate\":\"https:\\\/\\\/www.vallonchene.fr\\\/de\\\/?s={search_term_string}\"},\"query-input\":{\"@type\":\"PropertyValueSpecification\",\"valueRequired\":true,\"valueName\":\"search_term_string\"}}],\"inLanguage\":\"de\"},{\"@type\":\"Organization\",\"@id\":\"https:\\\/\\\/www.vallonchene.fr\\\/de\\\/#organization\",\"name\":\"VALLONCHENE\",\"url\":\"https:\\\/\\\/www.vallonchene.fr\\\/de\\\/\",\"logo\":{\"@type\":\"ImageObject\",\"inLanguage\":\"de\",\"@id\":\"https:\\\/\\\/www.vallonchene.fr\\\/de\\\/#\\\/schema\\\/logo\\\/image\\\/\",\"url\":\"https:\\\/\\\/www.vallonchene.fr\\\/wp-content\\\/uploads\\\/2023\\\/03\\\/Logo-Vallonchene-site-et-R_hauteur_100.png\",\"contentUrl\":\"https:\\\/\\\/www.vallonchene.fr\\\/wp-content\\\/uploads\\\/2023\\\/03\\\/Logo-Vallonchene-site-et-R_hauteur_100.png\",\"width\":221,\"height\":100,\"caption\":\"VALLONCHENE\"},\"image\":{\"@id\":\"https:\\\/\\\/www.vallonchene.fr\\\/de\\\/#\\\/schema\\\/logo\\\/image\\\/\"},\"sameAs\":[\"https:\\\/\\\/www.facebook.com\\\/vallonchene.fr\",\"https:\\\/\\\/www.instagram.com\\\/vallonchene\\\/\",\"https:\\\/\\\/www.pinterest.fr\\\/vallonchene\\\/\"],\"taxID\":\"49454502300017\",\"hasMerchantReturnPolicy\":{\"@type\":\"MerchantReturnPolicy\",\"merchantReturnLink\":\"https:\\\/\\\/www.vallonchene.fr\\\/remboursements_retours\\\/\"}}]}<\/script>\n<meta property=\"product:price:amount\" content=\"0.00\" \/>\n<meta property=\"product:price:currency\" content=\"EUR\" \/>\n<meta property=\"og:availability\" content=\"out of stock\" \/>\n<meta property=\"product:availability\" content=\"out of stock\" \/>\n<meta property=\"product:retailer_item_id\" content=\"49664\" \/>\n<meta property=\"product:condition\" content=\"new\" \/>\n<!-- \/ Yoast SEO Premium plugin. -->","yoast_head_json":{"title":"PAEONIA lactiflora 'Duchesse de Nemours' - Edelpfingstrose","description":"Diese Edelpfingstrose hat doppelte, duftende, schneewei\u00dfe Bl\u00fcten. Die PAEONIA lactiflora 'Duchesse de Nemours' ist absolut k\u00e4ltebest\u00e4ndig.","robots":{"index":"index","follow":"follow","max-snippet":"max-snippet:-1","max-image-preview":"max-image-preview:large","max-video-preview":"max-video-preview:-1"},"canonical":"https:\/\/www.vallonchene.fr\/de\/produkt\/paeonia-lactiflora-duchesse-de-nemours\/","og_locale":"de_DE","og_type":"article","og_title":"PAEONIA lactiflora 'Duchesse de Nemours'","og_description":"Diese Edelpfingstrose hat doppelte, duftende, schneewei\u00dfe Bl\u00fcten. Die PAEONIA lactiflora 'Duchesse de Nemours' ist absolut k\u00e4ltebest\u00e4ndig.","og_url":"https:\/\/www.vallonchene.fr\/de\/produkt\/paeonia-lactiflora-duchesse-de-nemours\/","og_site_name":"Vallonch\u00eane","article_publisher":"https:\/\/www.facebook.com\/vallonchene.fr","twitter_card":"summary_large_image","twitter_misc":{"Preis":"0,00&nbsp;&euro;","Verf\u00fcgbarkeit":"Nicht vorr\u00e4tig"},"schema":{"@context":"https:\/\/schema.org","@graph":[{"@type":"WebPage","@id":"https:\/\/www.vallonchene.fr\/de\/produkt\/paeonia-lactiflora-duchesse-de-nemours\/","url":"https:\/\/www.vallonchene.fr\/de\/produkt\/paeonia-lactiflora-duchesse-de-nemours\/","name":"PAEONIA lactiflora 'Duchesse de Nemours' - Edelpfingstrose","isPartOf":{"@id":"https:\/\/www.vallonchene.fr\/de\/#website"},"datePublished":"2021-08-31T11:19:06+00:00","description":"Diese Edelpfingstrose hat doppelte, duftende, schneewei\u00dfe Bl\u00fcten. Die PAEONIA lactiflora 'Duchesse de Nemours' ist absolut k\u00e4ltebest\u00e4ndig.","breadcrumb":{"@id":"https:\/\/www.vallonchene.fr\/de\/produkt\/paeonia-lactiflora-duchesse-de-nemours\/#breadcrumb"},"inLanguage":"de","potentialAction":[{"@type":"ReadAction","target":["https:\/\/www.vallonchene.fr\/de\/produkt\/paeonia-lactiflora-duchesse-de-nemours\/"]}]},{"@type":"BreadcrumbList","@id":"https:\/\/www.vallonchene.fr\/de\/produkt\/paeonia-lactiflora-duchesse-de-nemours\/#breadcrumb","itemListElement":[{"@type":"ListItem","position":1,"name":"Home","item":"https:\/\/www.vallonchene.fr\/de\/"},{"@type":"ListItem","position":2,"name":"Shop","item":"https:\/\/www.vallonchene.fr\/de\/shop\/"},{"@type":"ListItem","position":3,"name":"Online-Verkauf","item":"https:\/\/www.vallonchene.fr\/de\/produkt-kategorie\/online-verkauf-de\/"},{"@type":"ListItem","position":4,"name":"Baumschule","item":"https:\/\/www.vallonchene.fr\/de\/produkt-kategorie\/online-verkauf-de\/baumschule-gaertnerei-de\/"},{"@type":"ListItem","position":5,"name":"Stauden","item":"https:\/\/www.vallonchene.fr\/de\/produkt-kategorie\/online-verkauf-de\/baumschule-gaertnerei-de\/stauden-de\/"},{"@type":"ListItem","position":6,"name":"PAEONIA lactiflora &#8216;Duchesse de Nemours&#8217;"}]},{"@type":"WebSite","@id":"https:\/\/www.vallonchene.fr\/de\/#website","url":"https:\/\/www.vallonchene.fr\/de\/","name":"Vallonch\u00eane","description":"Die Baumschule, bei der Qualit\u00e4t ihre Wurzeln hat \u2013 Tel.: +49 (0)6838-5399840","publisher":{"@id":"https:\/\/www.vallonchene.fr\/de\/#organization"},"potentialAction":[{"@type":"SearchAction","target":{"@type":"EntryPoint","urlTemplate":"https:\/\/www.vallonchene.fr\/de\/?s={search_term_string}"},"query-input":{"@type":"PropertyValueSpecification","valueRequired":true,"valueName":"search_term_string"}}],"inLanguage":"de"},{"@type":"Organization","@id":"https:\/\/www.vallonchene.fr\/de\/#organization","name":"VALLONCHENE","url":"https:\/\/www.vallonchene.fr\/de\/","logo":{"@type":"ImageObject","inLanguage":"de","@id":"https:\/\/www.vallonchene.fr\/de\/#\/schema\/logo\/image\/","url":"https:\/\/www.vallonchene.fr\/wp-content\/uploads\/2023\/03\/Logo-Vallonchene-site-et-R_hauteur_100.png","contentUrl":"https:\/\/www.vallonchene.fr\/wp-content\/uploads\/2023\/03\/Logo-Vallonchene-site-et-R_hauteur_100.png","width":221,"height":100,"caption":"VALLONCHENE"},"image":{"@id":"https:\/\/www.vallonchene.fr\/de\/#\/schema\/logo\/image\/"},"sameAs":["https:\/\/www.facebook.com\/vallonchene.fr","https:\/\/www.instagram.com\/vallonchene\/","https:\/\/www.pinterest.fr\/vallonchene\/"],"taxID":"49454502300017","hasMerchantReturnPolicy":{"@type":"MerchantReturnPolicy","merchantReturnLink":"https:\/\/www.vallonchene.fr\/remboursements_retours\/"}}]},"product_price_amount":"0.00","product_price_currency":"EUR","og_availability":"out of stock","product_availability":"out of stock","product_retailer_item_id":"49664","product_condition":"new"},"_links":{"self":[{"href":"https:\/\/www.vallonchene.fr\/de\/wp-json\/wp\/v2\/product\/15566","targetHints":{"allow":["GET"]}}],"collection":[{"href":"https:\/\/www.vallonchene.fr\/de\/wp-json\/wp\/v2\/product"}],"about":[{"href":"https:\/\/www.vallonchene.fr\/de\/wp-json\/wp\/v2\/types\/product"}],"replies":[{"embeddable":true,"href":"https:\/\/www.vallonchene.fr\/de\/wp-json\/wp\/v2\/comments?post=15566"}],"wp:attachment":[{"href":"https:\/\/www.vallonchene.fr\/de\/wp-json\/wp\/v2\/media?parent=15566"}],"wp:term":[{"taxonomy":"product_brand","embeddable":true,"href":"https:\/\/www.vallonchene.fr\/de\/wp-json\/wp\/v2\/product_brand?post=15566"},{"taxonomy":"product_cat","embeddable":true,"href":"https:\/\/www.vallonchene.fr\/de\/wp-json\/wp\/v2\/product_cat?post=15566"},{"taxonomy":"product_tag","embeddable":true,"href":"https:\/\/www.vallonchene.fr\/de\/wp-json\/wp\/v2\/product_tag?post=15566"}],"curies":[{"name":"wp","href":"https:\/\/api.w.org\/{rel}","templated":true}]}}