{"id":14041,"date":"2021-08-31T11:14:16","date_gmt":"2021-08-31T11:14:16","guid":{"rendered":"https:\/\/testing.vallonchene.fr\/produit\/ligustrum-japonicum-texanum\/"},"modified":"2024-02-17T14:59:44","modified_gmt":"2024-02-17T14:59:44","slug":"ligustrum-japonicum-texanum-japanischer-liguster","status":"publish","type":"product","link":"https:\/\/www.vallonchene.fr\/de\/produkt\/ligustrum-japonicum-texanum-japanischer-liguster\/","title":{"rendered":"LIGUSTRUM japonicum &#8218;Texanum&#8216;"},"content":{"rendered":"<p><strong>LIGUSTRUM japonicum &#8218;Texanum&#8216;<\/strong> entwickelt pr\u00e4chtig <strong>gl\u00e4nzende und leicht gewellte Bl\u00e4tter<\/strong>. Sie sind dicker als die anderer Liguster. Manchmal kann man lesen, dass dieser japanische Liguster halbimmergr\u00fcn ist. Allerdings hat er sich in unserer G\u00e4rtnerei als immergr\u00fcn bewiesen. Ebenso ist diese Sorte k\u00e4lte- und d\u00fcrreresistent wie andere Ligusterarten. <br \/>Im Sommer erscheinen seine gro\u00dfen wei\u00dfen Bl\u00fcten in gro\u00dfer Zahl und verbreiten einen tollen Duft im Garten. Sie sind bei Schmetterlingen und Bienen sehr beliebt. Ferner lieben V\u00f6gel die darauffolgenden Beeren. Dieser Strauch wird nicht h\u00f6her als 2,5 bis 3 Meter und w\u00e4chst recht kompakt.<\/p>\r\n\r\n<h2 id=\"h-wie-man-ligustrum-japonicum-texanum-pflanzt\" class=\"wp-block-heading\">Wie man LIGUSTRUM japonicum &#8218;Texanum&#8216; pflanzt<\/h2>\r\n\r\n\r\n\r\n<p>Suchen Sie einen Platz <strong>im Halbschatten oder in der vollen Sonne<\/strong>. Sie k\u00f6nnen diesen Strauch in einen Topf, in ein Beet oder sogar in eine Hecke pflanzen.<\/p>\r\n\r\n\r\n\r\n<p>Dieser anspruchslose japanische Liguster akzeptiert <strong>leichte, normale oder schwere B\u00f6den<\/strong> und ist <strong>mit jedem pH-Wert zufrieden<\/strong>. Der Boden kann trocken, leicht feucht oder nass sein. Achten Sie jedoch in den ersten zwei Jahren auf eine gute Bew\u00e4sserung.<\/p>\r\n\r\n\r\n\r\n<p>F\u00fcr eine gute Vorbereitung des Topfes oder des Pflanzlochs haben wir <a href=\"https:\/\/www.vallonchene.fr\/de\/wie-man-pflanzen-pflanzt-und-pflegt\/\" target=\"_blank\" rel=\"noreferrer noopener\"><strong>hier eine spezielle Anleitung zusammengestellt<\/strong><\/a>. Entdecken Sie hier, <a href=\"https:\/\/www.vallonchene.fr\/de\/den-garten-richtig-bewaessern-und-wasser-sparen\/\"><strong>wie man den Garten richtig bew\u00e4ssert und gleichzeitig Wasser spart<\/strong><\/a>.<\/p>\r\n\r\n<h2 id=\"h-geschichte-und-herkunft\" class=\"wp-block-heading\">Geschichte und Herkunft<\/h2>\r\n\r\n\r\n\r\n<p>LIGUSTRUM japonicum &#8218;Texanum&#8216; wurde 1954 in Texas aus einem LIGUSTRUM japonicum gewonnen.<\/p>\r\n\r\n\r\n\r\n<p>Die Typusart LIGUSTRUM japonicum ist in Zentral- und S\u00fcdjapan endemisch. Sie wird auch in anderen Regionen angebaut. Ebenso ist sie in Kalifornien und im S\u00fcdosten der USA, von Texas bis Virginia, eingeb\u00fcrgert.<\/p>\r\n\r\n\r\n\r\n<p>Der japanische Liguster kam 1845 aus Japan und Korea nach Nordamerika.<\/p>\r\n\r\n\r\n\r\n<p>In Europa wird er als Zierpflanze verwendet. Der ber\u00fchmte <a href=\"https:\/\/de.wikipedia.org\/wiki\/Carl_Peter_Thunberg\"><strong>Carl Peter Thunberg<\/strong><\/a> beschrieb ihn erstmals im Jahr 1780.<\/p>\r\n\r\n\r\n\r\n<p>Schlie\u00dflich nutzen die Japaner diese Art auch f\u00fcr die Bonsai-Kunst.<\/p>\r\n","protected":false},"excerpt":{"rendered":"<p>Dieser <strong>japanische Liguster<\/strong> hat ein sehr gl\u00e4nzendes Laub. Im Sommer entwickelt <strong>LIGUSTRUM japonicum &#8218;Texanum&#8216;<\/strong> viele gro\u00dfe, wei\u00dfe Bl\u00fcten mit einem tollen Duft. Er ist winterhart und eignet sich auch f\u00fcr Hecken.<\/p>\n","protected":false},"featured_media":41850,"comment_status":"open","ping_status":"closed","template":"","meta":[],"product_brand":[],"product_cat":[252],"product_tag":[10650,10651],"class_list":{"0":"post-14041","1":"product","2":"type-product","3":"status-publish","4":"has-post-thumbnail","6":"product_cat-straucher-und-baume-de","7":"product_tag-ligustrum-de","8":"product_tag-ligustrum-japonicum-de","9":"pa_99-hauteurapproximativeapres1-100a150m-de","10":"pa_couleurdesfleurs-weiss-de","11":"pa_couleurdufeuillage-grun-de","12":"pa_exigencesenhumidite-feucht-de","13":"pa_exigencesenhumidite-normal-de","14":"pa_exigencesenhumidite-trocken-de","15":"pa_expositionspossibles-ce-halbschattigsonnezw12und17-de","16":"pa_expositionspossibles-sonnigvon12bis17uhr-de","17":"pa_hauteurlivree-30-bis-40-cm","18":"pa_hauteurlivree-40-bis-50-cm","19":"pa_hauteurlivree-80-bis-100-cm","20":"pa_interetauprintemps-laub-de","21":"pa_interetenautomne-laub-de","22":"pa_interetenete-bluten-de","23":"pa_interetenete-laub-de","24":"pa_interetenete-parfum-de","25":"pa_interetenhiver-laub-de","26":"pa_naturedufeuillage-glatt-de","27":"pa_naturedufeuillage-immergrun-de","28":"pa_naturesdesolpossibles-leicht-de","29":"pa_naturesdesolpossibles-normal-de","30":"pa_naturesdesolpossibles-schwer-de","31":"pa_particularites-duftend-de","32":"pa_periodedefloraison-fruhling-de","33":"pa_periodedefloraison-sommer-de","34":"pa_periodedetaille-marz-de","35":"pa_phdusolacceptable-kalkigmehrals75-de","36":"pa_phdusolacceptable-neutralzw65u75-de","37":"pa_phdusolacceptable-sauerwenigerals65-de","38":"pa_portgraphisme-buissonnant-de","39":"pa_portgraphisme-oval-de","40":"pa_resistanceaufroidrusticite-frostbestandigunter_20c-de","41":"pa_tailledepot-5liter_topf-de","42":"pa_tailledepot-75liter_topf-de","43":"pa_utilisationpossible-beet-de","44":"pa_utilisationpossible-hecke-de","45":"pa_utilisationpossible-kubelodertopf-de","47":"first","48":"instock","49":"taxable","50":"shipping-taxable","51":"purchasable","52":"product-type-variable"},"supplier_id":null,"supplier_sku":"","barcode":null,"atum_controlled":true,"out_stock_date":null,"out_stock_threshold":null,"inheritable":true,"inbound_stock":0,"stock_on_hold":0,"sold_today":0,"sales_last_days":0,"reserved_stock":0,"customer_returns":0,"warehouse_damage":0,"lost_in_post":0,"other_logs":0,"out_stock_days":0,"lost_sales":0,"has_location":false,"update_date":"2026-03-15T13:26:26","atum_locations":[],"atum_stock_status":"instock","restock_status":false,"low_stock_amount":"","sales_update_date":"2026-01-23T13:06:10","calc_backorders":null,"yoast_head":"<!-- This site is optimized with the Yoast SEO Premium plugin v27.4 (Yoast SEO v27.4) - https:\/\/yoast.com\/product\/yoast-seo-premium-wordpress\/ -->\n<title>LIGUSTRUM japonicum &#039;Texanum&#039; - japanischer Liguster<\/title>\n<meta name=\"description\" content=\"Dieser japanische Liguster hat sehr gl\u00e4nzendes Laub. Im Sommer entwickelt LIGUSTRUM japonicum &#039;Texanum&#039; viele gro\u00dfe, wei\u00dfe Bl\u00fcten mit einem tollen Duft.\" \/>\n<meta name=\"robots\" content=\"index, follow, max-snippet:-1, max-image-preview:large, max-video-preview:-1\" \/>\n<link rel=\"canonical\" href=\"https:\/\/www.vallonchene.fr\/de\/produkt\/ligustrum-japonicum-texanum-japanischer-liguster\/\" \/>\n<meta property=\"og:locale\" content=\"de_DE\" \/>\n<meta property=\"og:type\" content=\"article\" \/>\n<meta property=\"og:title\" content=\"LIGUSTRUM japonicum &#039;Texanum&#039;\" \/>\n<meta property=\"og:description\" content=\"Dieser japanische Liguster hat sehr gl\u00e4nzendes Laub. Im Sommer entwickelt LIGUSTRUM japonicum &#039;Texanum&#039; viele gro\u00dfe, wei\u00dfe Bl\u00fcten mit einem tollen Duft.\" \/>\n<meta property=\"og:url\" content=\"https:\/\/www.vallonchene.fr\/de\/produkt\/ligustrum-japonicum-texanum-japanischer-liguster\/\" \/>\n<meta property=\"og:site_name\" content=\"Vallonch\u00eane\" \/>\n<meta property=\"article:publisher\" content=\"https:\/\/www.facebook.com\/vallonchene.fr\" \/>\n<meta property=\"article:modified_time\" content=\"2024-02-17T14:59:44+00:00\" \/>\n<meta property=\"og:image\" content=\"https:\/\/www.vallonchene.fr\/wp-content\/uploads\/2023\/07\/LIGUSTRUM-japonicum-Texanum_04.webp\" \/>\n\t<meta property=\"og:image:width\" content=\"1200\" \/>\n\t<meta property=\"og:image:height\" content=\"1200\" \/>\n\t<meta property=\"og:image:type\" content=\"image\/webp\" \/>\n<meta name=\"twitter:card\" content=\"summary_large_image\" \/>\n<meta name=\"twitter:label1\" content=\"Verf\u00fcgbarkeit\" \/>\n\t<meta name=\"twitter:data1\" content=\"Vorr\u00e4tig\" \/>\n<script type=\"application\/ld+json\" class=\"yoast-schema-graph\">{\"@context\":\"https:\\\/\\\/schema.org\",\"@graph\":[{\"@type\":\"WebPage\",\"@id\":\"https:\\\/\\\/www.vallonchene.fr\\\/de\\\/produkt\\\/ligustrum-japonicum-texanum-japanischer-liguster\\\/\",\"url\":\"https:\\\/\\\/www.vallonchene.fr\\\/de\\\/produkt\\\/ligustrum-japonicum-texanum-japanischer-liguster\\\/\",\"name\":\"LIGUSTRUM japonicum 'Texanum' - japanischer Liguster\",\"isPartOf\":{\"@id\":\"https:\\\/\\\/www.vallonchene.fr\\\/de\\\/#website\"},\"primaryImageOfPage\":{\"@id\":\"https:\\\/\\\/www.vallonchene.fr\\\/de\\\/produkt\\\/ligustrum-japonicum-texanum-japanischer-liguster\\\/#primaryimage\"},\"image\":{\"@id\":\"https:\\\/\\\/www.vallonchene.fr\\\/de\\\/produkt\\\/ligustrum-japonicum-texanum-japanischer-liguster\\\/#primaryimage\"},\"thumbnailUrl\":\"https:\\\/\\\/www.vallonchene.fr\\\/wp-content\\\/uploads\\\/2023\\\/07\\\/LIGUSTRUM-japonicum-Texanum_04.webp\",\"datePublished\":\"2021-08-31T11:14:16+00:00\",\"dateModified\":\"2024-02-17T14:59:44+00:00\",\"description\":\"Dieser japanische Liguster hat sehr gl\u00e4nzendes Laub. Im Sommer entwickelt LIGUSTRUM japonicum 'Texanum' viele gro\u00dfe, wei\u00dfe Bl\u00fcten mit einem tollen Duft.\",\"breadcrumb\":{\"@id\":\"https:\\\/\\\/www.vallonchene.fr\\\/de\\\/produkt\\\/ligustrum-japonicum-texanum-japanischer-liguster\\\/#breadcrumb\"},\"inLanguage\":\"de\",\"potentialAction\":[{\"@type\":\"ReadAction\",\"target\":[\"https:\\\/\\\/www.vallonchene.fr\\\/de\\\/produkt\\\/ligustrum-japonicum-texanum-japanischer-liguster\\\/\"]}]},{\"@type\":\"ImageObject\",\"inLanguage\":\"de\",\"@id\":\"https:\\\/\\\/www.vallonchene.fr\\\/de\\\/produkt\\\/ligustrum-japonicum-texanum-japanischer-liguster\\\/#primaryimage\",\"url\":\"https:\\\/\\\/www.vallonchene.fr\\\/wp-content\\\/uploads\\\/2023\\\/07\\\/LIGUSTRUM-japonicum-Texanum_04.webp\",\"contentUrl\":\"https:\\\/\\\/www.vallonchene.fr\\\/wp-content\\\/uploads\\\/2023\\\/07\\\/LIGUSTRUM-japonicum-Texanum_04.webp\",\"width\":1200,\"height\":1200,\"caption\":\"Fleurs blanches avec avec une abeille du LIGUSTRUM japonicum 'Texanum'\"},{\"@type\":\"BreadcrumbList\",\"@id\":\"https:\\\/\\\/www.vallonchene.fr\\\/de\\\/produkt\\\/ligustrum-japonicum-texanum-japanischer-liguster\\\/#breadcrumb\",\"itemListElement\":[{\"@type\":\"ListItem\",\"position\":1,\"name\":\"Home\",\"item\":\"https:\\\/\\\/www.vallonchene.fr\\\/de\\\/\"},{\"@type\":\"ListItem\",\"position\":2,\"name\":\"Shop\",\"item\":\"https:\\\/\\\/www.vallonchene.fr\\\/de\\\/shop\\\/\"},{\"@type\":\"ListItem\",\"position\":3,\"name\":\"Online-Verkauf\",\"item\":\"https:\\\/\\\/www.vallonchene.fr\\\/de\\\/produkt-kategorie\\\/online-verkauf-de\\\/\"},{\"@type\":\"ListItem\",\"position\":4,\"name\":\"Baumschule\",\"item\":\"https:\\\/\\\/www.vallonchene.fr\\\/de\\\/produkt-kategorie\\\/online-verkauf-de\\\/baumschule-gaertnerei-de\\\/\"},{\"@type\":\"ListItem\",\"position\":5,\"name\":\"Str\u00e4ucher und B\u00e4ume\",\"item\":\"https:\\\/\\\/www.vallonchene.fr\\\/de\\\/produkt-kategorie\\\/online-verkauf-de\\\/baumschule-gaertnerei-de\\\/straucher-und-baume-de\\\/\"},{\"@type\":\"ListItem\",\"position\":6,\"name\":\"LIGUSTRUM japonicum &#8216;Texanum&#8217;\"}]},{\"@type\":\"WebSite\",\"@id\":\"https:\\\/\\\/www.vallonchene.fr\\\/de\\\/#website\",\"url\":\"https:\\\/\\\/www.vallonchene.fr\\\/de\\\/\",\"name\":\"Vallonch\u00eane\",\"description\":\"Die Baumschule, bei der Qualit\u00e4t ihre Wurzeln hat \u2013 Tel.: +49 (0)6838-5399840\",\"publisher\":{\"@id\":\"https:\\\/\\\/www.vallonchene.fr\\\/de\\\/#organization\"},\"potentialAction\":[{\"@type\":\"SearchAction\",\"target\":{\"@type\":\"EntryPoint\",\"urlTemplate\":\"https:\\\/\\\/www.vallonchene.fr\\\/de\\\/?s={search_term_string}\"},\"query-input\":{\"@type\":\"PropertyValueSpecification\",\"valueRequired\":true,\"valueName\":\"search_term_string\"}}],\"inLanguage\":\"de\"},{\"@type\":\"Organization\",\"@id\":\"https:\\\/\\\/www.vallonchene.fr\\\/de\\\/#organization\",\"name\":\"VALLONCHENE\",\"url\":\"https:\\\/\\\/www.vallonchene.fr\\\/de\\\/\",\"logo\":{\"@type\":\"ImageObject\",\"inLanguage\":\"de\",\"@id\":\"https:\\\/\\\/www.vallonchene.fr\\\/de\\\/#\\\/schema\\\/logo\\\/image\\\/\",\"url\":\"https:\\\/\\\/www.vallonchene.fr\\\/wp-content\\\/uploads\\\/2023\\\/03\\\/Logo-Vallonchene-site-et-R_hauteur_100.png\",\"contentUrl\":\"https:\\\/\\\/www.vallonchene.fr\\\/wp-content\\\/uploads\\\/2023\\\/03\\\/Logo-Vallonchene-site-et-R_hauteur_100.png\",\"width\":221,\"height\":100,\"caption\":\"VALLONCHENE\"},\"image\":{\"@id\":\"https:\\\/\\\/www.vallonchene.fr\\\/de\\\/#\\\/schema\\\/logo\\\/image\\\/\"},\"sameAs\":[\"https:\\\/\\\/www.facebook.com\\\/vallonchene.fr\",\"https:\\\/\\\/www.instagram.com\\\/vallonchene\\\/\",\"https:\\\/\\\/www.pinterest.fr\\\/vallonchene\\\/\"],\"taxID\":\"49454502300017\",\"hasMerchantReturnPolicy\":{\"@type\":\"MerchantReturnPolicy\",\"merchantReturnLink\":\"https:\\\/\\\/www.vallonchene.fr\\\/remboursements_retours\\\/\"}}]}<\/script>\n<meta property=\"og:availability\" content=\"instock\" \/>\n<meta property=\"product:availability\" content=\"instock\" \/>\n<meta property=\"product:retailer_item_id\" content=\"61248\" \/>\n<meta property=\"product:condition\" content=\"new\" \/>\n<!-- \/ Yoast SEO Premium plugin. -->","yoast_head_json":{"title":"LIGUSTRUM japonicum 'Texanum' - japanischer Liguster","description":"Dieser japanische Liguster hat sehr gl\u00e4nzendes Laub. Im Sommer entwickelt LIGUSTRUM japonicum 'Texanum' viele gro\u00dfe, wei\u00dfe Bl\u00fcten mit einem tollen Duft.","robots":{"index":"index","follow":"follow","max-snippet":"max-snippet:-1","max-image-preview":"max-image-preview:large","max-video-preview":"max-video-preview:-1"},"canonical":"https:\/\/www.vallonchene.fr\/de\/produkt\/ligustrum-japonicum-texanum-japanischer-liguster\/","og_locale":"de_DE","og_type":"article","og_title":"LIGUSTRUM japonicum 'Texanum'","og_description":"Dieser japanische Liguster hat sehr gl\u00e4nzendes Laub. Im Sommer entwickelt LIGUSTRUM japonicum 'Texanum' viele gro\u00dfe, wei\u00dfe Bl\u00fcten mit einem tollen Duft.","og_url":"https:\/\/www.vallonchene.fr\/de\/produkt\/ligustrum-japonicum-texanum-japanischer-liguster\/","og_site_name":"Vallonch\u00eane","article_publisher":"https:\/\/www.facebook.com\/vallonchene.fr","article_modified_time":"2024-02-17T14:59:44+00:00","og_image":[{"width":1200,"height":1200,"url":"https:\/\/www.vallonchene.fr\/wp-content\/uploads\/2023\/07\/LIGUSTRUM-japonicum-Texanum_04.webp","type":"image\/webp"}],"twitter_card":"summary_large_image","twitter_misc":{"Verf\u00fcgbarkeit":"Vorr\u00e4tig"},"schema":{"@context":"https:\/\/schema.org","@graph":[{"@type":"WebPage","@id":"https:\/\/www.vallonchene.fr\/de\/produkt\/ligustrum-japonicum-texanum-japanischer-liguster\/","url":"https:\/\/www.vallonchene.fr\/de\/produkt\/ligustrum-japonicum-texanum-japanischer-liguster\/","name":"LIGUSTRUM japonicum 'Texanum' - japanischer Liguster","isPartOf":{"@id":"https:\/\/www.vallonchene.fr\/de\/#website"},"primaryImageOfPage":{"@id":"https:\/\/www.vallonchene.fr\/de\/produkt\/ligustrum-japonicum-texanum-japanischer-liguster\/#primaryimage"},"image":{"@id":"https:\/\/www.vallonchene.fr\/de\/produkt\/ligustrum-japonicum-texanum-japanischer-liguster\/#primaryimage"},"thumbnailUrl":"https:\/\/www.vallonchene.fr\/wp-content\/uploads\/2023\/07\/LIGUSTRUM-japonicum-Texanum_04.webp","datePublished":"2021-08-31T11:14:16+00:00","dateModified":"2024-02-17T14:59:44+00:00","description":"Dieser japanische Liguster hat sehr gl\u00e4nzendes Laub. Im Sommer entwickelt LIGUSTRUM japonicum 'Texanum' viele gro\u00dfe, wei\u00dfe Bl\u00fcten mit einem tollen Duft.","breadcrumb":{"@id":"https:\/\/www.vallonchene.fr\/de\/produkt\/ligustrum-japonicum-texanum-japanischer-liguster\/#breadcrumb"},"inLanguage":"de","potentialAction":[{"@type":"ReadAction","target":["https:\/\/www.vallonchene.fr\/de\/produkt\/ligustrum-japonicum-texanum-japanischer-liguster\/"]}]},{"@type":"ImageObject","inLanguage":"de","@id":"https:\/\/www.vallonchene.fr\/de\/produkt\/ligustrum-japonicum-texanum-japanischer-liguster\/#primaryimage","url":"https:\/\/www.vallonchene.fr\/wp-content\/uploads\/2023\/07\/LIGUSTRUM-japonicum-Texanum_04.webp","contentUrl":"https:\/\/www.vallonchene.fr\/wp-content\/uploads\/2023\/07\/LIGUSTRUM-japonicum-Texanum_04.webp","width":1200,"height":1200,"caption":"Fleurs blanches avec avec une abeille du LIGUSTRUM japonicum 'Texanum'"},{"@type":"BreadcrumbList","@id":"https:\/\/www.vallonchene.fr\/de\/produkt\/ligustrum-japonicum-texanum-japanischer-liguster\/#breadcrumb","itemListElement":[{"@type":"ListItem","position":1,"name":"Home","item":"https:\/\/www.vallonchene.fr\/de\/"},{"@type":"ListItem","position":2,"name":"Shop","item":"https:\/\/www.vallonchene.fr\/de\/shop\/"},{"@type":"ListItem","position":3,"name":"Online-Verkauf","item":"https:\/\/www.vallonchene.fr\/de\/produkt-kategorie\/online-verkauf-de\/"},{"@type":"ListItem","position":4,"name":"Baumschule","item":"https:\/\/www.vallonchene.fr\/de\/produkt-kategorie\/online-verkauf-de\/baumschule-gaertnerei-de\/"},{"@type":"ListItem","position":5,"name":"Str\u00e4ucher und B\u00e4ume","item":"https:\/\/www.vallonchene.fr\/de\/produkt-kategorie\/online-verkauf-de\/baumschule-gaertnerei-de\/straucher-und-baume-de\/"},{"@type":"ListItem","position":6,"name":"LIGUSTRUM japonicum &#8216;Texanum&#8217;"}]},{"@type":"WebSite","@id":"https:\/\/www.vallonchene.fr\/de\/#website","url":"https:\/\/www.vallonchene.fr\/de\/","name":"Vallonch\u00eane","description":"Die Baumschule, bei der Qualit\u00e4t ihre Wurzeln hat \u2013 Tel.: +49 (0)6838-5399840","publisher":{"@id":"https:\/\/www.vallonchene.fr\/de\/#organization"},"potentialAction":[{"@type":"SearchAction","target":{"@type":"EntryPoint","urlTemplate":"https:\/\/www.vallonchene.fr\/de\/?s={search_term_string}"},"query-input":{"@type":"PropertyValueSpecification","valueRequired":true,"valueName":"search_term_string"}}],"inLanguage":"de"},{"@type":"Organization","@id":"https:\/\/www.vallonchene.fr\/de\/#organization","name":"VALLONCHENE","url":"https:\/\/www.vallonchene.fr\/de\/","logo":{"@type":"ImageObject","inLanguage":"de","@id":"https:\/\/www.vallonchene.fr\/de\/#\/schema\/logo\/image\/","url":"https:\/\/www.vallonchene.fr\/wp-content\/uploads\/2023\/03\/Logo-Vallonchene-site-et-R_hauteur_100.png","contentUrl":"https:\/\/www.vallonchene.fr\/wp-content\/uploads\/2023\/03\/Logo-Vallonchene-site-et-R_hauteur_100.png","width":221,"height":100,"caption":"VALLONCHENE"},"image":{"@id":"https:\/\/www.vallonchene.fr\/de\/#\/schema\/logo\/image\/"},"sameAs":["https:\/\/www.facebook.com\/vallonchene.fr","https:\/\/www.instagram.com\/vallonchene\/","https:\/\/www.pinterest.fr\/vallonchene\/"],"taxID":"49454502300017","hasMerchantReturnPolicy":{"@type":"MerchantReturnPolicy","merchantReturnLink":"https:\/\/www.vallonchene.fr\/remboursements_retours\/"}}]},"og_availability":"instock","product_availability":"instock","product_retailer_item_id":"61248","product_condition":"new"},"_links":{"self":[{"href":"https:\/\/www.vallonchene.fr\/de\/wp-json\/wp\/v2\/product\/14041","targetHints":{"allow":["GET"]}}],"collection":[{"href":"https:\/\/www.vallonchene.fr\/de\/wp-json\/wp\/v2\/product"}],"about":[{"href":"https:\/\/www.vallonchene.fr\/de\/wp-json\/wp\/v2\/types\/product"}],"replies":[{"embeddable":true,"href":"https:\/\/www.vallonchene.fr\/de\/wp-json\/wp\/v2\/comments?post=14041"}],"wp:featuredmedia":[{"embeddable":true,"href":"https:\/\/www.vallonchene.fr\/de\/wp-json\/wp\/v2\/media\/41850"}],"wp:attachment":[{"href":"https:\/\/www.vallonchene.fr\/de\/wp-json\/wp\/v2\/media?parent=14041"}],"wp:term":[{"taxonomy":"product_brand","embeddable":true,"href":"https:\/\/www.vallonchene.fr\/de\/wp-json\/wp\/v2\/product_brand?post=14041"},{"taxonomy":"product_cat","embeddable":true,"href":"https:\/\/www.vallonchene.fr\/de\/wp-json\/wp\/v2\/product_cat?post=14041"},{"taxonomy":"product_tag","embeddable":true,"href":"https:\/\/www.vallonchene.fr\/de\/wp-json\/wp\/v2\/product_tag?post=14041"}],"curies":[{"name":"wp","href":"https:\/\/api.w.org\/{rel}","templated":true}]}}