{"id":14024,"date":"2021-08-31T11:14:16","date_gmt":"2021-08-31T11:14:16","guid":{"rendered":"https:\/\/testing.vallonchene.fr\/produit\/ligustrum-japonicum-rotundifolium\/"},"modified":"2021-08-31T11:14:16","modified_gmt":"2021-08-31T11:14:16","slug":"ligustrum-japonicum-rotundifolium","status":"publish","type":"product","link":"https:\/\/www.vallonchene.fr\/de\/produkt\/ligustrum-japonicum-rotundifolium\/","title":{"rendered":"LIGUSTRUM japonicum &#8218;Rotundifolium&#8216;"},"content":{"rendered":"","protected":false},"excerpt":{"rendered":"<p>Dieser <strong>japnische Liguster<\/strong> w\u00e4chst sehr langsam. Der <strong>LIGUSTRUM japonicum &#8218;Rotundifolium&#8216;<\/strong> ist eine sehr dichtwachsende Form. Sein Laub ist gr\u00fcn, sehr gl\u00e4nzend und immergr\u00fcn.<\/p>\n","protected":false},"featured_media":14016,"comment_status":"open","ping_status":"closed","template":"","meta":[],"product_brand":[],"product_cat":[252],"product_tag":[10650,10651],"class_list":{"0":"post-14024","1":"product","2":"type-product","3":"status-publish","4":"has-post-thumbnail","6":"product_cat-straucher-und-baume-de","7":"product_tag-ligustrum-de","8":"product_tag-ligustrum-japonicum-de","9":"pa_99-hauteurapproximativeapres1-50_100cm-de","10":"pa_couleurdesfleurs-weiss-de","11":"pa_couleurdufeuillage-grun-de","12":"pa_exigencesenhumidite-feucht-de","13":"pa_exigencesenhumidite-normal-de","14":"pa_exigencesenhumidite-trocken-de","15":"pa_expositionspossibles-ce-halbschattigsonnezw12und17-de","16":"pa_expositionspossibles-fc-schattigkeindirektessonnen-de","17":"pa_expositionspossibles-sonnigvon12bis17uhr-de","18":"pa_hauteurlivree-100-bis-125-cm","19":"pa_hauteurlivree-125-bis-150-cm","20":"pa_hauteurlivree-15-bis-20-cm","21":"pa_hauteurlivree-150-bis-175-cm","22":"pa_hauteurlivree-20-bis-25cm","23":"pa_hauteurlivree-200-bis-250-cm","24":"pa_hauteurlivree-25-bis-30-cm","25":"pa_hauteurlivree-30-bis-35-cm","26":"pa_hauteurlivree-30-bis-40-cm","27":"pa_hauteurlivree-40-bis-50-cm","28":"pa_hauteurlivree-50-bis-60-cm","29":"pa_hauteurlivree-60-bis-80-cm","30":"pa_hauteurlivree-80-bis-100-cm","31":"pa_hauteurlivree-n-v","32":"pa_interetauprintemps-bluten-de","33":"pa_interetauprintemps-laub-de","34":"pa_interetenautomne-laub-de","35":"pa_interetenete-laub-de","36":"pa_interetenhiver-laub-de","37":"pa_naturedufeuillage-immergrun-de","38":"pa_naturesdesolpossibles-leicht-de","39":"pa_naturesdesolpossibles-normal-de","40":"pa_naturesdesolpossibles-schwer-de","41":"pa_particularites-furbonsaigeeignet-de","42":"pa_periodedefloraison-fruhling-de","43":"pa_periodedetaille-april-de","44":"pa_periodedetaille-marz-de","45":"pa_phdusolacceptable-kalkigmehrals75-de","46":"pa_phdusolacceptable-neutralzw65u75-de","47":"pa_phdusolacceptable-sauerwenigerals65-de","48":"pa_portgraphisme-ausgestreckt-de","49":"pa_portgraphisme-rund-de","50":"pa_resistanceaufroidrusticite-frostbestandigunter_20c-de","51":"pa_tailledepot-1liter_topf-de","52":"pa_tailledepot-10liter_topf-de","53":"pa_tailledepot-12liter_topf-de","54":"pa_tailledepot-15liter_topf-de","55":"pa_tailledepot-2liter_topf-de","56":"pa_tailledepot-20liter_topf-de","57":"pa_tailledepot-25liter_topf-de","58":"pa_tailledepot-3liter_topf-de","59":"pa_tailledepot-4liter_topf-de","60":"pa_tailledepot-5liter_topf-de","61":"pa_tailledepot-7_cm_topf-de","62":"pa_tailledepot-75liter_topf-de","63":"pa_utilisationpossible-beet-de","64":"pa_utilisationpossible-kubelodertopf-de","66":"first","67":"instock","68":"taxable","69":"shipping-taxable","70":"purchasable","71":"product-type-variable","72":"has-default-attributes"},"supplier_id":null,"supplier_sku":"","barcode":null,"atum_controlled":true,"out_stock_date":null,"out_stock_threshold":null,"inheritable":true,"inbound_stock":0,"stock_on_hold":null,"sold_today":null,"sales_last_days":null,"reserved_stock":null,"customer_returns":null,"warehouse_damage":null,"lost_in_post":null,"other_logs":null,"out_stock_days":null,"lost_sales":null,"has_location":false,"update_date":"2026-03-03T09:48:13","atum_locations":[],"atum_stock_status":"instock","restock_status":false,"low_stock_amount":"","sales_update_date":null,"calc_backorders":null,"yoast_head":"<!-- This site is optimized with the Yoast SEO Premium plugin v27.3 (Yoast SEO v27.3) - https:\/\/yoast.com\/product\/yoast-seo-premium-wordpress\/ -->\n<title>LIGUSTRUM japonicum &#039;Rotundifolium&#039; - japanischer Liguster<\/title>\n<meta name=\"description\" content=\"Dieser japnische Liguster w\u00e4chst sehr langsam. Der LIGUSTRUM japonicum &#039;Rotundifolium&#039; ist eine sehr dichtwachsende Form. Sein Laub ist gr\u00fcn, sehr gl\u00e4nzend und immergr\u00fcn.\" \/>\n<meta name=\"robots\" content=\"index, follow, max-snippet:-1, max-image-preview:large, max-video-preview:-1\" \/>\n<link rel=\"canonical\" href=\"https:\/\/www.vallonchene.fr\/de\/produkt\/ligustrum-japonicum-rotundifolium\/\" \/>\n<meta property=\"og:locale\" content=\"de_DE\" \/>\n<meta property=\"og:type\" content=\"article\" \/>\n<meta property=\"og:title\" content=\"LIGUSTRUM japonicum &#039;Rotundifolium&#039;\" \/>\n<meta property=\"og:description\" content=\"Dieser japnische Liguster w\u00e4chst sehr langsam. Der LIGUSTRUM japonicum &#039;Rotundifolium&#039; ist eine sehr dichtwachsende Form. Sein Laub ist gr\u00fcn, sehr gl\u00e4nzend und immergr\u00fcn.\" \/>\n<meta property=\"og:url\" content=\"https:\/\/www.vallonchene.fr\/de\/produkt\/ligustrum-japonicum-rotundifolium\/\" \/>\n<meta property=\"og:site_name\" content=\"Vallonch\u00eane\" \/>\n<meta property=\"article:publisher\" content=\"https:\/\/www.facebook.com\/vallonchene.fr\" \/>\n<meta property=\"og:image\" content=\"https:\/\/www.vallonchene.fr\/wp-content\/uploads\/2021\/08\/2189-f2f-LIGUSTRUM-japonicum-Rotundifolium-en-Mars.jpg\" \/>\n\t<meta property=\"og:image:width\" content=\"1600\" \/>\n\t<meta property=\"og:image:height\" content=\"1600\" \/>\n\t<meta property=\"og:image:type\" content=\"image\/jpeg\" \/>\n<meta name=\"twitter:card\" content=\"summary_large_image\" \/>\n<meta name=\"twitter:label1\" content=\"Verf\u00fcgbarkeit\" \/>\n\t<meta name=\"twitter:data1\" content=\"Vorr\u00e4tig\" \/>\n<script type=\"application\/ld+json\" class=\"yoast-schema-graph\">{\"@context\":\"https:\\\/\\\/schema.org\",\"@graph\":[{\"@type\":\"WebPage\",\"@id\":\"https:\\\/\\\/www.vallonchene.fr\\\/de\\\/produkt\\\/ligustrum-japonicum-rotundifolium\\\/\",\"url\":\"https:\\\/\\\/www.vallonchene.fr\\\/de\\\/produkt\\\/ligustrum-japonicum-rotundifolium\\\/\",\"name\":\"LIGUSTRUM japonicum 'Rotundifolium' - japanischer Liguster\",\"isPartOf\":{\"@id\":\"https:\\\/\\\/www.vallonchene.fr\\\/de\\\/#website\"},\"primaryImageOfPage\":{\"@id\":\"https:\\\/\\\/www.vallonchene.fr\\\/de\\\/produkt\\\/ligustrum-japonicum-rotundifolium\\\/#primaryimage\"},\"image\":{\"@id\":\"https:\\\/\\\/www.vallonchene.fr\\\/de\\\/produkt\\\/ligustrum-japonicum-rotundifolium\\\/#primaryimage\"},\"thumbnailUrl\":\"https:\\\/\\\/www.vallonchene.fr\\\/wp-content\\\/uploads\\\/2021\\\/08\\\/2189-f2f-LIGUSTRUM-japonicum-Rotundifolium-en-Mars.jpg\",\"datePublished\":\"2021-08-31T11:14:16+00:00\",\"description\":\"Dieser japnische Liguster w\u00e4chst sehr langsam. Der LIGUSTRUM japonicum 'Rotundifolium' ist eine sehr dichtwachsende Form. Sein Laub ist gr\u00fcn, sehr gl\u00e4nzend und immergr\u00fcn.\",\"breadcrumb\":{\"@id\":\"https:\\\/\\\/www.vallonchene.fr\\\/de\\\/produkt\\\/ligustrum-japonicum-rotundifolium\\\/#breadcrumb\"},\"inLanguage\":\"de\",\"potentialAction\":[{\"@type\":\"ReadAction\",\"target\":[\"https:\\\/\\\/www.vallonchene.fr\\\/de\\\/produkt\\\/ligustrum-japonicum-rotundifolium\\\/\"]}]},{\"@type\":\"ImageObject\",\"inLanguage\":\"de\",\"@id\":\"https:\\\/\\\/www.vallonchene.fr\\\/de\\\/produkt\\\/ligustrum-japonicum-rotundifolium\\\/#primaryimage\",\"url\":\"https:\\\/\\\/www.vallonchene.fr\\\/wp-content\\\/uploads\\\/2021\\\/08\\\/2189-f2f-LIGUSTRUM-japonicum-Rotundifolium-en-Mars.jpg\",\"contentUrl\":\"https:\\\/\\\/www.vallonchene.fr\\\/wp-content\\\/uploads\\\/2021\\\/08\\\/2189-f2f-LIGUSTRUM-japonicum-Rotundifolium-en-Mars.jpg\",\"width\":1600,\"height\":1600},{\"@type\":\"BreadcrumbList\",\"@id\":\"https:\\\/\\\/www.vallonchene.fr\\\/de\\\/produkt\\\/ligustrum-japonicum-rotundifolium\\\/#breadcrumb\",\"itemListElement\":[{\"@type\":\"ListItem\",\"position\":1,\"name\":\"Home\",\"item\":\"https:\\\/\\\/www.vallonchene.fr\\\/de\\\/\"},{\"@type\":\"ListItem\",\"position\":2,\"name\":\"Shop\",\"item\":\"https:\\\/\\\/www.vallonchene.fr\\\/de\\\/shop\\\/\"},{\"@type\":\"ListItem\",\"position\":3,\"name\":\"Online-Verkauf\",\"item\":\"https:\\\/\\\/www.vallonchene.fr\\\/de\\\/produkt-kategorie\\\/online-verkauf-de\\\/\"},{\"@type\":\"ListItem\",\"position\":4,\"name\":\"Baumschule\",\"item\":\"https:\\\/\\\/www.vallonchene.fr\\\/de\\\/produkt-kategorie\\\/online-verkauf-de\\\/baumschule-gaertnerei-de\\\/\"},{\"@type\":\"ListItem\",\"position\":5,\"name\":\"Str\u00e4ucher und B\u00e4ume\",\"item\":\"https:\\\/\\\/www.vallonchene.fr\\\/de\\\/produkt-kategorie\\\/online-verkauf-de\\\/baumschule-gaertnerei-de\\\/straucher-und-baume-de\\\/\"},{\"@type\":\"ListItem\",\"position\":6,\"name\":\"LIGUSTRUM japonicum &#8218;Rotundifolium&#8216;\"}]},{\"@type\":\"WebSite\",\"@id\":\"https:\\\/\\\/www.vallonchene.fr\\\/de\\\/#website\",\"url\":\"https:\\\/\\\/www.vallonchene.fr\\\/de\\\/\",\"name\":\"Vallonch\u00eane\",\"description\":\"Die Baumschule, bei der Qualit\u00e4t ihre Wurzeln hat \u2013 Tel.: +49 (0)6838-5399840\",\"publisher\":{\"@id\":\"https:\\\/\\\/www.vallonchene.fr\\\/de\\\/#organization\"},\"potentialAction\":[{\"@type\":\"SearchAction\",\"target\":{\"@type\":\"EntryPoint\",\"urlTemplate\":\"https:\\\/\\\/www.vallonchene.fr\\\/de\\\/?s={search_term_string}\"},\"query-input\":{\"@type\":\"PropertyValueSpecification\",\"valueRequired\":true,\"valueName\":\"search_term_string\"}}],\"inLanguage\":\"de\"},{\"@type\":\"Organization\",\"@id\":\"https:\\\/\\\/www.vallonchene.fr\\\/de\\\/#organization\",\"name\":\"VALLONCHENE\",\"url\":\"https:\\\/\\\/www.vallonchene.fr\\\/de\\\/\",\"logo\":{\"@type\":\"ImageObject\",\"inLanguage\":\"de\",\"@id\":\"https:\\\/\\\/www.vallonchene.fr\\\/de\\\/#\\\/schema\\\/logo\\\/image\\\/\",\"url\":\"https:\\\/\\\/www.vallonchene.fr\\\/wp-content\\\/uploads\\\/2023\\\/03\\\/Logo-Vallonchene-site-et-R_hauteur_100.png\",\"contentUrl\":\"https:\\\/\\\/www.vallonchene.fr\\\/wp-content\\\/uploads\\\/2023\\\/03\\\/Logo-Vallonchene-site-et-R_hauteur_100.png\",\"width\":221,\"height\":100,\"caption\":\"VALLONCHENE\"},\"image\":{\"@id\":\"https:\\\/\\\/www.vallonchene.fr\\\/de\\\/#\\\/schema\\\/logo\\\/image\\\/\"},\"sameAs\":[\"https:\\\/\\\/www.facebook.com\\\/vallonchene.fr\",\"https:\\\/\\\/www.instagram.com\\\/vallonchene\\\/\",\"https:\\\/\\\/www.pinterest.fr\\\/vallonchene\\\/\"],\"taxID\":\"49454502300017\",\"hasMerchantReturnPolicy\":{\"@type\":\"MerchantReturnPolicy\",\"merchantReturnLink\":\"https:\\\/\\\/www.vallonchene.fr\\\/remboursements_retours\\\/\"}}]}<\/script>\n<meta property=\"og:availability\" content=\"instock\" \/>\n<meta property=\"product:availability\" content=\"instock\" \/>\n<meta property=\"product:retailer_item_id\" content=\"14023\" \/>\n<meta property=\"product:condition\" content=\"new\" \/>\n<!-- \/ Yoast SEO Premium plugin. -->","yoast_head_json":{"title":"LIGUSTRUM japonicum 'Rotundifolium' - japanischer Liguster","description":"Dieser japnische Liguster w\u00e4chst sehr langsam. Der LIGUSTRUM japonicum 'Rotundifolium' ist eine sehr dichtwachsende Form. Sein Laub ist gr\u00fcn, sehr gl\u00e4nzend und immergr\u00fcn.","robots":{"index":"index","follow":"follow","max-snippet":"max-snippet:-1","max-image-preview":"max-image-preview:large","max-video-preview":"max-video-preview:-1"},"canonical":"https:\/\/www.vallonchene.fr\/de\/produkt\/ligustrum-japonicum-rotundifolium\/","og_locale":"de_DE","og_type":"article","og_title":"LIGUSTRUM japonicum 'Rotundifolium'","og_description":"Dieser japnische Liguster w\u00e4chst sehr langsam. Der LIGUSTRUM japonicum 'Rotundifolium' ist eine sehr dichtwachsende Form. Sein Laub ist gr\u00fcn, sehr gl\u00e4nzend und immergr\u00fcn.","og_url":"https:\/\/www.vallonchene.fr\/de\/produkt\/ligustrum-japonicum-rotundifolium\/","og_site_name":"Vallonch\u00eane","article_publisher":"https:\/\/www.facebook.com\/vallonchene.fr","og_image":[{"width":1600,"height":1600,"url":"https:\/\/www.vallonchene.fr\/wp-content\/uploads\/2021\/08\/2189-f2f-LIGUSTRUM-japonicum-Rotundifolium-en-Mars.jpg","type":"image\/jpeg"}],"twitter_card":"summary_large_image","twitter_misc":{"Verf\u00fcgbarkeit":"Vorr\u00e4tig"},"schema":{"@context":"https:\/\/schema.org","@graph":[{"@type":"WebPage","@id":"https:\/\/www.vallonchene.fr\/de\/produkt\/ligustrum-japonicum-rotundifolium\/","url":"https:\/\/www.vallonchene.fr\/de\/produkt\/ligustrum-japonicum-rotundifolium\/","name":"LIGUSTRUM japonicum 'Rotundifolium' - japanischer Liguster","isPartOf":{"@id":"https:\/\/www.vallonchene.fr\/de\/#website"},"primaryImageOfPage":{"@id":"https:\/\/www.vallonchene.fr\/de\/produkt\/ligustrum-japonicum-rotundifolium\/#primaryimage"},"image":{"@id":"https:\/\/www.vallonchene.fr\/de\/produkt\/ligustrum-japonicum-rotundifolium\/#primaryimage"},"thumbnailUrl":"https:\/\/www.vallonchene.fr\/wp-content\/uploads\/2021\/08\/2189-f2f-LIGUSTRUM-japonicum-Rotundifolium-en-Mars.jpg","datePublished":"2021-08-31T11:14:16+00:00","description":"Dieser japnische Liguster w\u00e4chst sehr langsam. Der LIGUSTRUM japonicum 'Rotundifolium' ist eine sehr dichtwachsende Form. Sein Laub ist gr\u00fcn, sehr gl\u00e4nzend und immergr\u00fcn.","breadcrumb":{"@id":"https:\/\/www.vallonchene.fr\/de\/produkt\/ligustrum-japonicum-rotundifolium\/#breadcrumb"},"inLanguage":"de","potentialAction":[{"@type":"ReadAction","target":["https:\/\/www.vallonchene.fr\/de\/produkt\/ligustrum-japonicum-rotundifolium\/"]}]},{"@type":"ImageObject","inLanguage":"de","@id":"https:\/\/www.vallonchene.fr\/de\/produkt\/ligustrum-japonicum-rotundifolium\/#primaryimage","url":"https:\/\/www.vallonchene.fr\/wp-content\/uploads\/2021\/08\/2189-f2f-LIGUSTRUM-japonicum-Rotundifolium-en-Mars.jpg","contentUrl":"https:\/\/www.vallonchene.fr\/wp-content\/uploads\/2021\/08\/2189-f2f-LIGUSTRUM-japonicum-Rotundifolium-en-Mars.jpg","width":1600,"height":1600},{"@type":"BreadcrumbList","@id":"https:\/\/www.vallonchene.fr\/de\/produkt\/ligustrum-japonicum-rotundifolium\/#breadcrumb","itemListElement":[{"@type":"ListItem","position":1,"name":"Home","item":"https:\/\/www.vallonchene.fr\/de\/"},{"@type":"ListItem","position":2,"name":"Shop","item":"https:\/\/www.vallonchene.fr\/de\/shop\/"},{"@type":"ListItem","position":3,"name":"Online-Verkauf","item":"https:\/\/www.vallonchene.fr\/de\/produkt-kategorie\/online-verkauf-de\/"},{"@type":"ListItem","position":4,"name":"Baumschule","item":"https:\/\/www.vallonchene.fr\/de\/produkt-kategorie\/online-verkauf-de\/baumschule-gaertnerei-de\/"},{"@type":"ListItem","position":5,"name":"Str\u00e4ucher und B\u00e4ume","item":"https:\/\/www.vallonchene.fr\/de\/produkt-kategorie\/online-verkauf-de\/baumschule-gaertnerei-de\/straucher-und-baume-de\/"},{"@type":"ListItem","position":6,"name":"LIGUSTRUM japonicum &#8218;Rotundifolium&#8216;"}]},{"@type":"WebSite","@id":"https:\/\/www.vallonchene.fr\/de\/#website","url":"https:\/\/www.vallonchene.fr\/de\/","name":"Vallonch\u00eane","description":"Die Baumschule, bei der Qualit\u00e4t ihre Wurzeln hat \u2013 Tel.: +49 (0)6838-5399840","publisher":{"@id":"https:\/\/www.vallonchene.fr\/de\/#organization"},"potentialAction":[{"@type":"SearchAction","target":{"@type":"EntryPoint","urlTemplate":"https:\/\/www.vallonchene.fr\/de\/?s={search_term_string}"},"query-input":{"@type":"PropertyValueSpecification","valueRequired":true,"valueName":"search_term_string"}}],"inLanguage":"de"},{"@type":"Organization","@id":"https:\/\/www.vallonchene.fr\/de\/#organization","name":"VALLONCHENE","url":"https:\/\/www.vallonchene.fr\/de\/","logo":{"@type":"ImageObject","inLanguage":"de","@id":"https:\/\/www.vallonchene.fr\/de\/#\/schema\/logo\/image\/","url":"https:\/\/www.vallonchene.fr\/wp-content\/uploads\/2023\/03\/Logo-Vallonchene-site-et-R_hauteur_100.png","contentUrl":"https:\/\/www.vallonchene.fr\/wp-content\/uploads\/2023\/03\/Logo-Vallonchene-site-et-R_hauteur_100.png","width":221,"height":100,"caption":"VALLONCHENE"},"image":{"@id":"https:\/\/www.vallonchene.fr\/de\/#\/schema\/logo\/image\/"},"sameAs":["https:\/\/www.facebook.com\/vallonchene.fr","https:\/\/www.instagram.com\/vallonchene\/","https:\/\/www.pinterest.fr\/vallonchene\/"],"taxID":"49454502300017","hasMerchantReturnPolicy":{"@type":"MerchantReturnPolicy","merchantReturnLink":"https:\/\/www.vallonchene.fr\/remboursements_retours\/"}}]},"og_availability":"instock","product_availability":"instock","product_retailer_item_id":"14023","product_condition":"new"},"_links":{"self":[{"href":"https:\/\/www.vallonchene.fr\/de\/wp-json\/wp\/v2\/product\/14024","targetHints":{"allow":["GET"]}}],"collection":[{"href":"https:\/\/www.vallonchene.fr\/de\/wp-json\/wp\/v2\/product"}],"about":[{"href":"https:\/\/www.vallonchene.fr\/de\/wp-json\/wp\/v2\/types\/product"}],"replies":[{"embeddable":true,"href":"https:\/\/www.vallonchene.fr\/de\/wp-json\/wp\/v2\/comments?post=14024"}],"wp:featuredmedia":[{"embeddable":true,"href":"https:\/\/www.vallonchene.fr\/de\/wp-json\/wp\/v2\/media\/14016"}],"wp:attachment":[{"href":"https:\/\/www.vallonchene.fr\/de\/wp-json\/wp\/v2\/media?parent=14024"}],"wp:term":[{"taxonomy":"product_brand","embeddable":true,"href":"https:\/\/www.vallonchene.fr\/de\/wp-json\/wp\/v2\/product_brand?post=14024"},{"taxonomy":"product_cat","embeddable":true,"href":"https:\/\/www.vallonchene.fr\/de\/wp-json\/wp\/v2\/product_cat?post=14024"},{"taxonomy":"product_tag","embeddable":true,"href":"https:\/\/www.vallonchene.fr\/de\/wp-json\/wp\/v2\/product_tag?post=14024"}],"curies":[{"name":"wp","href":"https:\/\/api.w.org\/{rel}","templated":true}]}}