{"id":47963,"date":"2024-07-03T09:05:31","date_gmt":"2024-07-03T09:05:31","guid":{"rendered":"https:\/\/www.vallonchene.fr\/koniferen-und-laubbaeume-eine-perfekte-verbindung-fuer-einen-bezaubernden-garten-zu-jeder-jahreszeit\/"},"modified":"2024-07-04T08:28:00","modified_gmt":"2024-07-04T08:28:00","slug":"koniferen-und-laubbaeume-eine-perfekte-verbindung-fuer-einen-bezaubernden-garten-zu-jeder-jahreszeit","status":"publish","type":"page","link":"https:\/\/www.vallonchene.fr\/de\/koniferen-und-laubbaeume-eine-perfekte-verbindung-fuer-einen-bezaubernden-garten-zu-jeder-jahreszeit\/","title":{"rendered":"Koniferen und Laubb\u00e4ume: eine perfekte Verbindung f\u00fcr einen bezaubernden Garten zu jeder Jahreszeit"},"content":{"rendered":"\n<p>Laubb\u00e4ume und Koniferen (Nadelb\u00e4ume), zwei unterschiedliche Pflanzenfamilien, die unsere Landschaften pr\u00e4gen und unsere G\u00e4rten versch\u00f6nern. Obwohl sie oft gegens\u00e4tzlich sind, bietet ihre Komplementarit\u00e4t eine \u00fcberw\u00e4ltigende und abwechslungsreiche g\u00e4rtnerische Palette, die die Schaffung harmonischer und dynamischer G\u00e4rten f\u00fcr das ganze Jahr erm\u00f6glicht. <br\/>So bietet Vallonch\u00eane nicht nur <a href=\"https:\/\/www.vallonchene.fr\/de\/produkt-kategorie\/online-verkauf-de\/baumschule-gaertnerei-de\/straucher-und-baume-de\/?filter_stock_status=instock\"><strong>ein umfangreiches Sortiment an au\u00dfergew\u00f6hnlichen Laubb\u00e4umen<\/strong><\/a> zum Verkauf an, sondern auch <a href=\"https:\/\/www.vallonchene.fr\/de\/produkt-kategorie\/online-verkauf-de\/baumschule-gaertnerei-de\/koniferen-de\/?filter_stock_status=instock\"><strong>eine der gr\u00f6\u00dften Nadelbaumsammlungen Europas<\/strong><\/a>.<\/p>\n\n<h3 class=\"wp-block-heading\" id=\"h-la-regle-d-or-du-1-3-2-3-pour-un-jardin-des-quatre-saisons\">Die goldene Regel von 1\/3 \u2013 2\/3 f\u00fcr einen Vier-Jahreszeiten-Garten<\/h3>\n\n<p>F\u00fcr einen Garten, der dauerhaftes visuelles Interesse bietet, ist es allgemein anerkannt, dass Sie 1\/3 immergr\u00fcne Pflanzen, haupts\u00e4chlich Nadelb\u00e4ume, mit 2\/3 Laubpflanzen kombinieren sollten, die von Laubb\u00e4umen dominiert werden. Diese goldene Regel erm\u00f6glicht es, die jeweiligen Reize jeder Kategorie in Einklang zu bringen und einen Garten zu schaffen, der sich mit den Jahreszeiten ver\u00e4ndert. Wenn der Garten jedoch haupts\u00e4chlich aus Laubpflanzen besteht, wird er den ganzen Winter \u00fcber h\u00f6llisch langweilig.<\/p>\n\n<h3 class=\"wp-block-heading\" id=\"h-les-atouts-incomparables-des-coniferes-pour-un-jardin-majestueux\">Die unvergleichlichen Vorteile von Nadelb\u00e4umen f\u00fcr einen majest\u00e4tischen Garten<\/h3>\n\n<p>Koniferen, die im Allgemeinen wenig bekannt oder sogar verachtet sind, stecken voller Eigenschaften, die sie in dem Landschaftsbau unverzichtbar machen.<\/p>\n\n<ul class=\"wp-block-list\">\n<li><strong>Widerstandsf\u00e4hig und angepasst:<\/strong> Sobald sich Nadelb\u00e4ume gut etabliert haben, sind sie bemerkenswert d\u00fcrretolerant, ein wertvoller Vorteil angesichts trockener Sommer und globaler Erw\u00e4rmung.<\/li>\n\n\n\n<li><strong>Bezaubernde Farben und Formen:<\/strong> Weit entfernt von der gr\u00fcnen Einf\u00e4ltigkeit, die oft f\u00e4lschlicherweise assoziiert wird, weisen Nadelb\u00e4ume eine Palette von Farben und Formen auf, die je nach Jahreszeit variieren. Von sanftem Gr\u00fcn bis hin zu tiefem Blau, darunter auch Gold- und Kupfert\u00f6ne, erhellen sie den Garten das ganze Jahr \u00fcber, besonders im Winter, wenn ihr immergr\u00fcnes Laub einen auff\u00e4lligen Kontrast zu den kahlen Laubb\u00e4umen bildet. Ihre grafischen Silhouetten, ob Pyramiden-, S\u00e4ulen- oder Kriechform, modellieren den Raum und verleihen dem Garten einen Hauch von Struktur.<\/li>\n\n\n\n<li><strong>Ruhepol f\u00fcr Wildtiere:<\/strong> Nadelb\u00e4ume stellen mit ihrem dichten Blattwerk und ihrer verzweigten Struktur einen wichtigen Zufluchtsort f\u00fcr V\u00f6gel und Kleins\u00e4uger wie Eichh\u00f6rnchen dar und f\u00f6rdern so die Artenvielfalt im Garten.<\/li>\n\n\n\n<li><strong>Minimale Pflege:<\/strong> Entgegen der landl\u00e4ufigen Meinung ben\u00f6tigen Nadelb\u00e4ume nur wenig oder gar keine Pflege. <\/li>\n\n\n\n<li><strong>Bemerkenswerte Vielseitigkeit:<\/strong> Koniferen eignen sich f\u00fcr eine Vielzahl von Verwendungsm\u00f6glichkeiten: einzeln f\u00fcr einen majest\u00e4tischen Akzent, in B\u00fcscheln, in strukturierten Hecken, in Bonsai oder Niwaki f\u00fcr eine k\u00fcnstlerische Note, in T\u00f6pfen zur Verzierung von Terrassen oder sogar als Formschnitt f\u00fcr originelle Pflanzenkreationen.<\/li>\n\n\n\n<li><strong>Champions des Widerstands:<\/strong> Ausgestattet mit einem oft kr\u00e4ftigen Wurzelsystem verankern bestimmte Nadelb\u00e4ume den Boden und widerstehen wirksam heftigen Winden und Erosion.<\/li>\n\n\n\n<li><strong>Vorl\u00e4ufer der Pflanzenwelt:<\/strong> Nadelb\u00e4ume sind keine einfachen gr\u00fcnen B\u00e4ume, sondern stellen eine faszinierende Pflanzenlinie dar, die lange vor den Laubb\u00e4umen auftauchte und die Erde bereits vor Millionen von Jahren bev\u00f6lkerte.<\/li>\n<\/ul>\n\n<h3 class=\"wp-block-heading\" id=\"h-briser-les-cliches-pour-un-jardin-unique\">Mit Klischees brechen und einen einzigartigen Garten schaffen<\/h3>\n\n<p>Die Wahl von Nadelb\u00e4umen f\u00fcr Ihren Garten bedeutet nicht, dass Sie sich auf die \u00fcblicherweise f\u00fcr Hecken verwendeten Tannen und Zedern beschr\u00e4nken. Die Welt der Nadelb\u00e4ume ist unendlich reich und birgt ungeahnte Sch\u00e4tze.<\/p>\n\n<ul class=\"wp-block-list\">\n<li><strong>Ungew\u00f6hnliche Formen und Texturen:<\/strong> Viele Sorten zeichnen sich durch originelle Formen und Texturen aus, die weit von den erwarteten konischen Silhouetten entfernt sind. Blaue Nadeln, rissige Rinde, h\u00e4ngende \u00c4ste, in Etagen oder S\u00e4ulenform \u2013 Nadelb\u00e4ume bieten eine tolle Vielfalt, die \u00fcberraschen und in Erstaunen versetzen wird.<\/li>\n\n\n\n<li><strong>Anpassungsf\u00e4higkeit an feuchte Umgebungen:<\/strong> Bestimmte Nadelb\u00e4ume gedeihen perfekt in feuchten Umgebungen, wie zum Beispiel Cryptomeria japonica, Taxodium distichum oder Sequoiadedron giganteum.<\/li>\n\n\n\n<li><strong>Zwergsorten f\u00fcr kleine R\u00e4ume:<\/strong> Nadelb\u00e4ume sind nicht nur gro\u00dfe, majest\u00e4tische B\u00e4ume. Es gibt viele Zwerg- oder Miniatursorten, die sich ideal f\u00fcr kleine G\u00e4rten oder T\u00f6pfe eignen und es Ihnen erm\u00f6glichen, ihre Sch\u00f6nheit auch auf engstem Raum zu genie\u00dfen.<\/li>\n\n\n\n<li><strong>Winterlaub f\u00fcr ein kontinuierliches Schauspiel:<\/strong> W\u00e4hrend die meisten Nadelb\u00e4ume immergr\u00fcn sind, verlieren einige, wie Taxodium distichum und Metasequoia glyptostroboides, ihr Laub im Winter und sorgen so f\u00fcr eine Herbstf\u00e4rbung, bevor sie ihr Laub f\u00fcr den Winter abwerfen.<\/li>\n<\/ul>\n\n<h3 class=\"wp-block-heading\" id=\"h-une-protection-naturelle-contre-les-vents\"><strong>Nat\u00fcrlicher Schutz vor Wind<\/strong><\/h3>\n\n<p>Nadelb\u00e4ume haben einen oft \u00fcbersehenen Vorteil: sie stellen dank ihres dichten Laubs und ihres verzweigten Wuchses einen hervorragenden Windschutz dar. Sie erm\u00f6glichen die Schaffung eines gesch\u00fctzteren Mikroklimas im Garten und bewahren so andere Pflanzen vor austrocknenden Winden und kalter Zugluft. Ebenso k\u00f6nnen sie als Schutz f\u00fcr Geb\u00e4ude und Gartenm\u00f6bel dienen und die Auswirkungen von Wind und L\u00e4rm verringern.<\/p>\n\n<h2 class=\"wp-block-heading\" id=\"h-conclusion-une-alliance-harmonieuse-pour-un-jardin-enchante\"><strong>Fazit: Eine harmonische Allianz f\u00fcr einen bezaubernden Garten<\/strong><\/h2>\n\n<p>Durch die geschickte Kombination von Nadel- und Laubb\u00e4umen ist es m\u00f6glich, einen Garten zu schaffen, der das ganze Jahr \u00fcber optisch und \u00f6kologisch interessant ist. Nadelb\u00e4ume verleihen dem Garten mit ihren vielf\u00e4ltigen Vorteilen Struktur, Farbe, Schutz und Widerstandsf\u00e4higkeit, w\u00e4hrend Laubb\u00e4ume das Ganze abrunden.<\/p>\n\n<p>Nadelb\u00e4ume sind keine einfachen gr\u00fcnen B\u00e4ume, sondern faszinierende und wertvolle Pflanzen f\u00fcr den Garten. Indem Sie sie in Ihren Garten integrieren, schaffen Sie eine Oase der Ruhe und Sch\u00f6nheit, die Sie zu jeder Jahreszeit in Erstaunen versetzen wird.<\/p>\n\n<p>Z\u00f6gern Sie nicht, die reiche Vielfalt an Nadelb\u00e4umen in Vallonch\u00eane zu erkunden (<a href=\"https:\/\/www.vallonchene.fr\/de\/produkt-kategorie\/online-verkauf-de\/baumschule-gaertnerei-de\/koniferen-de\/?filter_stock_status=instock\"><strong>indem Sie hier klicken<\/strong><\/a>), um ungeahnte Sch\u00e4tze zu entdecken, die Ihren Garten bereichern und ihm eine einzigartige Pers\u00f6nlichkeit verleihen.<\/p>\n","protected":false},"excerpt":{"rendered":"<p>Laubb\u00e4ume und Koniferen (Nadelb\u00e4ume), zwei unterschiedliche Pflanzenfamilien, die unsere Landschaften pr\u00e4gen und unsere G\u00e4rten versch\u00f6nern. Obwohl sie oft gegens\u00e4tzlich sind, bietet ihre Komplementarit\u00e4t eine \u00fcberw\u00e4ltigende und abwechslungsreiche g\u00e4rtnerische Palette, die die Schaffung harmonischer und dynamischer G\u00e4rten f\u00fcr das ganze Jahr erm\u00f6glicht. So bietet Vallonch\u00eane nicht nur ein umfangreiches Sortiment an au\u00dfergew\u00f6hnlichen Laubb\u00e4umen zum Verkauf an, [&hellip;]<\/p>\n","protected":false},"author":1,"featured_media":47976,"parent":0,"menu_order":0,"comment_status":"closed","ping_status":"closed","template":"","meta":{"footnotes":""},"class_list":["post-47963","page","type-page","status-publish","has-post-thumbnail","hentry"],"yoast_head":"<!-- This site is optimized with the Yoast SEO Premium plugin v27.5 (Yoast SEO v27.5) - https:\/\/yoast.com\/product\/yoast-seo-premium-wordpress\/ -->\n<title>Koniferen und Laubb\u00e4ume: Eine perfekte Verbindung f\u00fcr einen bezaubernden Garten<\/title>\n<meta name=\"robots\" content=\"index, follow, max-snippet:-1, max-image-preview:large, max-video-preview:-1\" \/>\n<link rel=\"canonical\" href=\"https:\/\/www.vallonchene.fr\/de\/koniferen-und-laubbaeume-eine-perfekte-verbindung-fuer-einen-bezaubernden-garten-zu-jeder-jahreszeit\/\" \/>\n<meta property=\"og:locale\" content=\"de_DE\" \/>\n<meta property=\"og:type\" content=\"article\" \/>\n<meta property=\"og:title\" content=\"Koniferen und Laubb\u00e4ume: eine perfekte Verbindung f\u00fcr einen bezaubernden Garten zu jeder Jahreszeit\" \/>\n<meta property=\"og:description\" content=\"Laubb\u00e4ume und Koniferen (Nadelb\u00e4ume), zwei unterschiedliche Pflanzenfamilien, die unsere Landschaften pr\u00e4gen und unsere G\u00e4rten versch\u00f6nern. Obwohl sie oft gegens\u00e4tzlich sind, bietet ihre Komplementarit\u00e4t eine \u00fcberw\u00e4ltigende und abwechslungsreiche g\u00e4rtnerische Palette, die die Schaffung harmonischer und dynamischer G\u00e4rten f\u00fcr das ganze Jahr erm\u00f6glicht. So bietet Vallonch\u00eane nicht nur ein umfangreiches Sortiment an au\u00dfergew\u00f6hnlichen Laubb\u00e4umen zum Verkauf an, [&hellip;]\" \/>\n<meta property=\"og:url\" content=\"https:\/\/www.vallonchene.fr\/de\/koniferen-und-laubbaeume-eine-perfekte-verbindung-fuer-einen-bezaubernden-garten-zu-jeder-jahreszeit\/\" \/>\n<meta property=\"og:site_name\" content=\"Vallonch\u00eane\" \/>\n<meta property=\"article:publisher\" content=\"https:\/\/www.facebook.com\/vallonchene.fr\" \/>\n<meta property=\"article:modified_time\" content=\"2024-07-04T08:28:00+00:00\" \/>\n<meta property=\"og:image\" content=\"https:\/\/www.vallonchene.fr\/wp-content\/uploads\/2024\/07\/conifers.webp\" \/>\n\t<meta property=\"og:image:width\" content=\"1024\" \/>\n\t<meta property=\"og:image:height\" content=\"341\" \/>\n\t<meta property=\"og:image:type\" content=\"image\/webp\" \/>\n<meta name=\"twitter:card\" content=\"summary_large_image\" \/>\n<meta name=\"twitter:label1\" content=\"Gesch\u00e4tzte Lesezeit\" \/>\n\t<meta name=\"twitter:data1\" content=\"5\u00a0Minuten\" \/>\n<script type=\"application\/ld+json\" class=\"yoast-schema-graph\">{\"@context\":\"https:\\\/\\\/schema.org\",\"@graph\":[{\"@type\":\"WebPage\",\"@id\":\"https:\\\/\\\/www.vallonchene.fr\\\/de\\\/koniferen-und-laubbaeume-eine-perfekte-verbindung-fuer-einen-bezaubernden-garten-zu-jeder-jahreszeit\\\/\",\"url\":\"https:\\\/\\\/www.vallonchene.fr\\\/de\\\/koniferen-und-laubbaeume-eine-perfekte-verbindung-fuer-einen-bezaubernden-garten-zu-jeder-jahreszeit\\\/\",\"name\":\"Koniferen und Laubb\u00e4ume: Eine perfekte Verbindung f\u00fcr einen bezaubernden Garten\",\"isPartOf\":{\"@id\":\"https:\\\/\\\/www.vallonchene.fr\\\/de\\\/#website\"},\"primaryImageOfPage\":{\"@id\":\"https:\\\/\\\/www.vallonchene.fr\\\/de\\\/koniferen-und-laubbaeume-eine-perfekte-verbindung-fuer-einen-bezaubernden-garten-zu-jeder-jahreszeit\\\/#primaryimage\"},\"image\":{\"@id\":\"https:\\\/\\\/www.vallonchene.fr\\\/de\\\/koniferen-und-laubbaeume-eine-perfekte-verbindung-fuer-einen-bezaubernden-garten-zu-jeder-jahreszeit\\\/#primaryimage\"},\"thumbnailUrl\":\"https:\\\/\\\/www.vallonchene.fr\\\/wp-content\\\/uploads\\\/2024\\\/07\\\/conifers.webp\",\"datePublished\":\"2024-07-03T09:05:31+00:00\",\"dateModified\":\"2024-07-04T08:28:00+00:00\",\"breadcrumb\":{\"@id\":\"https:\\\/\\\/www.vallonchene.fr\\\/de\\\/koniferen-und-laubbaeume-eine-perfekte-verbindung-fuer-einen-bezaubernden-garten-zu-jeder-jahreszeit\\\/#breadcrumb\"},\"inLanguage\":\"de\",\"potentialAction\":[{\"@type\":\"ReadAction\",\"target\":[\"https:\\\/\\\/www.vallonchene.fr\\\/de\\\/koniferen-und-laubbaeume-eine-perfekte-verbindung-fuer-einen-bezaubernden-garten-zu-jeder-jahreszeit\\\/\"]}]},{\"@type\":\"ImageObject\",\"inLanguage\":\"de\",\"@id\":\"https:\\\/\\\/www.vallonchene.fr\\\/de\\\/koniferen-und-laubbaeume-eine-perfekte-verbindung-fuer-einen-bezaubernden-garten-zu-jeder-jahreszeit\\\/#primaryimage\",\"url\":\"https:\\\/\\\/www.vallonchene.fr\\\/wp-content\\\/uploads\\\/2024\\\/07\\\/conifers.webp\",\"contentUrl\":\"https:\\\/\\\/www.vallonchene.fr\\\/wp-content\\\/uploads\\\/2024\\\/07\\\/conifers.webp\",\"width\":1024,\"height\":341,\"caption\":\"Eine Mischung von Koniferen aller Farben\"},{\"@type\":\"BreadcrumbList\",\"@id\":\"https:\\\/\\\/www.vallonchene.fr\\\/de\\\/koniferen-und-laubbaeume-eine-perfekte-verbindung-fuer-einen-bezaubernden-garten-zu-jeder-jahreszeit\\\/#breadcrumb\",\"itemListElement\":[{\"@type\":\"ListItem\",\"position\":1,\"name\":\"Home\",\"item\":\"https:\\\/\\\/www.vallonchene.fr\\\/de\\\/\"},{\"@type\":\"ListItem\",\"position\":2,\"name\":\"Koniferen und Laubb\u00e4ume: eine perfekte Verbindung f\u00fcr einen bezaubernden Garten zu jeder Jahreszeit\"}]},{\"@type\":\"WebSite\",\"@id\":\"https:\\\/\\\/www.vallonchene.fr\\\/de\\\/#website\",\"url\":\"https:\\\/\\\/www.vallonchene.fr\\\/de\\\/\",\"name\":\"Vallonch\u00eane\",\"description\":\"Die Baumschule, bei der Qualit\u00e4t ihre Wurzeln hat \u2013 Tel.: +49 (0)6838-5399840\",\"publisher\":{\"@id\":\"https:\\\/\\\/www.vallonchene.fr\\\/de\\\/#organization\"},\"potentialAction\":[{\"@type\":\"SearchAction\",\"target\":{\"@type\":\"EntryPoint\",\"urlTemplate\":\"https:\\\/\\\/www.vallonchene.fr\\\/de\\\/?s={search_term_string}\"},\"query-input\":{\"@type\":\"PropertyValueSpecification\",\"valueRequired\":true,\"valueName\":\"search_term_string\"}}],\"inLanguage\":\"de\"},{\"@type\":\"Organization\",\"@id\":\"https:\\\/\\\/www.vallonchene.fr\\\/de\\\/#organization\",\"name\":\"VALLONCHENE\",\"url\":\"https:\\\/\\\/www.vallonchene.fr\\\/de\\\/\",\"logo\":{\"@type\":\"ImageObject\",\"inLanguage\":\"de\",\"@id\":\"https:\\\/\\\/www.vallonchene.fr\\\/de\\\/#\\\/schema\\\/logo\\\/image\\\/\",\"url\":\"https:\\\/\\\/www.vallonchene.fr\\\/wp-content\\\/uploads\\\/2023\\\/03\\\/Logo-Vallonchene-site-et-R_hauteur_100.png\",\"contentUrl\":\"https:\\\/\\\/www.vallonchene.fr\\\/wp-content\\\/uploads\\\/2023\\\/03\\\/Logo-Vallonchene-site-et-R_hauteur_100.png\",\"width\":221,\"height\":100,\"caption\":\"VALLONCHENE\"},\"image\":{\"@id\":\"https:\\\/\\\/www.vallonchene.fr\\\/de\\\/#\\\/schema\\\/logo\\\/image\\\/\"},\"sameAs\":[\"https:\\\/\\\/www.facebook.com\\\/vallonchene.fr\",\"https:\\\/\\\/www.instagram.com\\\/vallonchene\\\/\",\"https:\\\/\\\/www.pinterest.fr\\\/vallonchene\\\/\"],\"taxID\":\"49454502300017\",\"hasMerchantReturnPolicy\":{\"@type\":\"MerchantReturnPolicy\",\"merchantReturnLink\":\"https:\\\/\\\/www.vallonchene.fr\\\/remboursements_retours\\\/\"}}]}<\/script>\n<!-- \/ Yoast SEO Premium plugin. -->","yoast_head_json":{"title":"Koniferen und Laubb\u00e4ume: Eine perfekte Verbindung f\u00fcr einen bezaubernden Garten","robots":{"index":"index","follow":"follow","max-snippet":"max-snippet:-1","max-image-preview":"max-image-preview:large","max-video-preview":"max-video-preview:-1"},"canonical":"https:\/\/www.vallonchene.fr\/de\/koniferen-und-laubbaeume-eine-perfekte-verbindung-fuer-einen-bezaubernden-garten-zu-jeder-jahreszeit\/","og_locale":"de_DE","og_type":"article","og_title":"Koniferen und Laubb\u00e4ume: eine perfekte Verbindung f\u00fcr einen bezaubernden Garten zu jeder Jahreszeit","og_description":"Laubb\u00e4ume und Koniferen (Nadelb\u00e4ume), zwei unterschiedliche Pflanzenfamilien, die unsere Landschaften pr\u00e4gen und unsere G\u00e4rten versch\u00f6nern. Obwohl sie oft gegens\u00e4tzlich sind, bietet ihre Komplementarit\u00e4t eine \u00fcberw\u00e4ltigende und abwechslungsreiche g\u00e4rtnerische Palette, die die Schaffung harmonischer und dynamischer G\u00e4rten f\u00fcr das ganze Jahr erm\u00f6glicht. So bietet Vallonch\u00eane nicht nur ein umfangreiches Sortiment an au\u00dfergew\u00f6hnlichen Laubb\u00e4umen zum Verkauf an, [&hellip;]","og_url":"https:\/\/www.vallonchene.fr\/de\/koniferen-und-laubbaeume-eine-perfekte-verbindung-fuer-einen-bezaubernden-garten-zu-jeder-jahreszeit\/","og_site_name":"Vallonch\u00eane","article_publisher":"https:\/\/www.facebook.com\/vallonchene.fr","article_modified_time":"2024-07-04T08:28:00+00:00","og_image":[{"width":1024,"height":341,"url":"https:\/\/www.vallonchene.fr\/wp-content\/uploads\/2024\/07\/conifers.webp","type":"image\/webp"}],"twitter_card":"summary_large_image","twitter_misc":{"Gesch\u00e4tzte Lesezeit":"5\u00a0Minuten"},"schema":{"@context":"https:\/\/schema.org","@graph":[{"@type":"WebPage","@id":"https:\/\/www.vallonchene.fr\/de\/koniferen-und-laubbaeume-eine-perfekte-verbindung-fuer-einen-bezaubernden-garten-zu-jeder-jahreszeit\/","url":"https:\/\/www.vallonchene.fr\/de\/koniferen-und-laubbaeume-eine-perfekte-verbindung-fuer-einen-bezaubernden-garten-zu-jeder-jahreszeit\/","name":"Koniferen und Laubb\u00e4ume: Eine perfekte Verbindung f\u00fcr einen bezaubernden Garten","isPartOf":{"@id":"https:\/\/www.vallonchene.fr\/de\/#website"},"primaryImageOfPage":{"@id":"https:\/\/www.vallonchene.fr\/de\/koniferen-und-laubbaeume-eine-perfekte-verbindung-fuer-einen-bezaubernden-garten-zu-jeder-jahreszeit\/#primaryimage"},"image":{"@id":"https:\/\/www.vallonchene.fr\/de\/koniferen-und-laubbaeume-eine-perfekte-verbindung-fuer-einen-bezaubernden-garten-zu-jeder-jahreszeit\/#primaryimage"},"thumbnailUrl":"https:\/\/www.vallonchene.fr\/wp-content\/uploads\/2024\/07\/conifers.webp","datePublished":"2024-07-03T09:05:31+00:00","dateModified":"2024-07-04T08:28:00+00:00","breadcrumb":{"@id":"https:\/\/www.vallonchene.fr\/de\/koniferen-und-laubbaeume-eine-perfekte-verbindung-fuer-einen-bezaubernden-garten-zu-jeder-jahreszeit\/#breadcrumb"},"inLanguage":"de","potentialAction":[{"@type":"ReadAction","target":["https:\/\/www.vallonchene.fr\/de\/koniferen-und-laubbaeume-eine-perfekte-verbindung-fuer-einen-bezaubernden-garten-zu-jeder-jahreszeit\/"]}]},{"@type":"ImageObject","inLanguage":"de","@id":"https:\/\/www.vallonchene.fr\/de\/koniferen-und-laubbaeume-eine-perfekte-verbindung-fuer-einen-bezaubernden-garten-zu-jeder-jahreszeit\/#primaryimage","url":"https:\/\/www.vallonchene.fr\/wp-content\/uploads\/2024\/07\/conifers.webp","contentUrl":"https:\/\/www.vallonchene.fr\/wp-content\/uploads\/2024\/07\/conifers.webp","width":1024,"height":341,"caption":"Eine Mischung von Koniferen aller Farben"},{"@type":"BreadcrumbList","@id":"https:\/\/www.vallonchene.fr\/de\/koniferen-und-laubbaeume-eine-perfekte-verbindung-fuer-einen-bezaubernden-garten-zu-jeder-jahreszeit\/#breadcrumb","itemListElement":[{"@type":"ListItem","position":1,"name":"Home","item":"https:\/\/www.vallonchene.fr\/de\/"},{"@type":"ListItem","position":2,"name":"Koniferen und Laubb\u00e4ume: eine perfekte Verbindung f\u00fcr einen bezaubernden Garten zu jeder Jahreszeit"}]},{"@type":"WebSite","@id":"https:\/\/www.vallonchene.fr\/de\/#website","url":"https:\/\/www.vallonchene.fr\/de\/","name":"Vallonch\u00eane","description":"Die Baumschule, bei der Qualit\u00e4t ihre Wurzeln hat \u2013 Tel.: +49 (0)6838-5399840","publisher":{"@id":"https:\/\/www.vallonchene.fr\/de\/#organization"},"potentialAction":[{"@type":"SearchAction","target":{"@type":"EntryPoint","urlTemplate":"https:\/\/www.vallonchene.fr\/de\/?s={search_term_string}"},"query-input":{"@type":"PropertyValueSpecification","valueRequired":true,"valueName":"search_term_string"}}],"inLanguage":"de"},{"@type":"Organization","@id":"https:\/\/www.vallonchene.fr\/de\/#organization","name":"VALLONCHENE","url":"https:\/\/www.vallonchene.fr\/de\/","logo":{"@type":"ImageObject","inLanguage":"de","@id":"https:\/\/www.vallonchene.fr\/de\/#\/schema\/logo\/image\/","url":"https:\/\/www.vallonchene.fr\/wp-content\/uploads\/2023\/03\/Logo-Vallonchene-site-et-R_hauteur_100.png","contentUrl":"https:\/\/www.vallonchene.fr\/wp-content\/uploads\/2023\/03\/Logo-Vallonchene-site-et-R_hauteur_100.png","width":221,"height":100,"caption":"VALLONCHENE"},"image":{"@id":"https:\/\/www.vallonchene.fr\/de\/#\/schema\/logo\/image\/"},"sameAs":["https:\/\/www.facebook.com\/vallonchene.fr","https:\/\/www.instagram.com\/vallonchene\/","https:\/\/www.pinterest.fr\/vallonchene\/"],"taxID":"49454502300017","hasMerchantReturnPolicy":{"@type":"MerchantReturnPolicy","merchantReturnLink":"https:\/\/www.vallonchene.fr\/remboursements_retours\/"}}]}},"_links":{"self":[{"href":"https:\/\/www.vallonchene.fr\/de\/wp-json\/wp\/v2\/pages\/47963","targetHints":{"allow":["GET"]}}],"collection":[{"href":"https:\/\/www.vallonchene.fr\/de\/wp-json\/wp\/v2\/pages"}],"about":[{"href":"https:\/\/www.vallonchene.fr\/de\/wp-json\/wp\/v2\/types\/page"}],"author":[{"embeddable":true,"href":"https:\/\/www.vallonchene.fr\/de\/wp-json\/wp\/v2\/users\/1"}],"replies":[{"embeddable":true,"href":"https:\/\/www.vallonchene.fr\/de\/wp-json\/wp\/v2\/comments?post=47963"}],"version-history":[{"count":0,"href":"https:\/\/www.vallonchene.fr\/de\/wp-json\/wp\/v2\/pages\/47963\/revisions"}],"wp:featuredmedia":[{"embeddable":true,"href":"https:\/\/www.vallonchene.fr\/de\/wp-json\/wp\/v2\/media\/47976"}],"wp:attachment":[{"href":"https:\/\/www.vallonchene.fr\/de\/wp-json\/wp\/v2\/media?parent=47963"}],"curies":[{"name":"wp","href":"https:\/\/api.w.org\/{rel}","templated":true}]}}