{"id":41311,"date":"2023-06-16T09:38:54","date_gmt":"2023-06-16T09:38:54","guid":{"rendered":"https:\/\/www.vallonchene.fr\/?page_id=41311"},"modified":"2023-06-16T13:31:17","modified_gmt":"2023-06-16T13:31:17","slug":"abonnieren-sie-den-newsletter","status":"publish","type":"page","link":"https:\/\/www.vallonchene.fr\/de\/abonnieren-sie-den-newsletter\/","title":{"rendered":"Abonnieren Sie den Newsletter"},"content":{"rendered":"\n<p>Vallonch\u00eane war schon immer eine Baumschule, die sich f\u00fcr die <strong>Erhaltung von Pflanzenarten<\/strong> und die <strong>F\u00f6rderung des Gartenbaus<\/strong> eingesetzt hat.<\/p>\n\n\n\n<p>Angesichts dessen ver\u00f6ffentlichen wir regelm\u00e4\u00dfig Artikel um:<\/p>\n\n\n\n<ul class=\"wp-block-list\">\n<li> die Aufmerksamkeit der \u00d6ffentlichkeit auf besonders interessante Pflanzen (neu oder alt) zu lenken und<\/li>\n\n\n\n<li> unsere professionellen Kenntnisse Anf\u00e4ngern, leidenschaftlichen und motivierten G\u00e4rtnern zug\u00e4nglich zu machen.<\/li>\n<\/ul>\n\n\n\n<p>Hier finden Sie unsere neuesten Ver\u00f6ffentlichungen. F\u00fcr \u00e4ltere Artikel laden wir Sie ein, <a href=\"https:\/\/jardin.vallonchene.fr\/de\/publikationen\/\" target=\"_blank\" rel=\"noreferrer noopener\"><strong>die entsprechende Seite auf der Website des Jardin de Vallonch\u00eane hier zu konsultieren<\/strong><\/a>.<\/p>\n\n\n\n<p>Wenn Sie Pflanz- und Pflegeanweisungen suchen, <a href=\"https:\/\/www.vallonchene.fr\/de\/wie-man-pflanzen-pflanzt-und-pflegt\/\"><strong>schauen Sie sich hier unsere speziell f\u00fcr diesen Zweck entwickelten Seiten an<\/strong><\/a>.<\/p>\n\n\n\n<h2 class=\"wp-block-heading\" id=\"h-abonnieren-sie-jetzt-den-gratis-newsletter\">Abonnieren Sie jetzt den Gratis-Newsletter!<\/h2>\n\n\n\n<p>Abonnieren Sie unseren kostenlosen Newsletter und erhalten Sie automatisch unsere neuen Publikationen zum Thema Pflanzen und Gartenbau. Wenn Sie den Newsletter nicht mehr w\u00fcnschen, k\u00f6nnen Sie ihn jederzeit mit einem einfachen Klick am Ende des Newsletters abbestellen.<\/p>\n\n\n\n<p><strong>Wenn Sie Englisch bevorzugen<\/strong>, <a href=\"https:\/\/www.vallonchene.fr\/en\/subscribe-to-our-newsletter\/\">abonnieren Sie hier den Newsletter auf ENGLISCH<\/a>.<br><strong>Wenn Sie Franz\u00f6sisch bevorzugen<\/strong>, <a href=\"https:\/\/www.vallonchene.fr\/abonnez-vous-a-la-newsletter\/\">abonnieren Sie hier den Newsletter auf FRANZ\u00d6SISCH<\/a>.<\/p>\n\n\n<div class='fluentform ff-default fluentform_wrapper_13 ffs_default_wrap'><form data-form_id=\"13\" id=\"fluentform_13\" class=\"frm-fluent-form fluent_form_13 ff-el-form-top ff_form_instance_13_1 ff-form-loading ffs_default\" data-form_instance=\"ff_form_instance_13_1\" method=\"POST\" ><fieldset  style=\"border: none!important;margin: 0!important;padding: 0!important;background-color: transparent!important;box-shadow: none!important;outline: none!important; min-inline-size: 100%;\">\n                    <legend class=\"ff_screen_reader_title\" style=\"display: block; margin: 0!important;padding: 0!important;height: 0!important;text-indent: -999999px;width: 0!important;overflow:hidden;\">Souscription G\u00e9n\u00e9rale DE sans OPT-IN<\/legend>        <div\n                style=\"display: none!important; position: absolute!important; transform: translateX(1000%)!important;\"\n                class=\"ff-el-group ff-hpsf-container\"\n        >\n            <div class=\"ff-el-input--label asterisk-right\">\n                <label for=\"ff_13_item_sf\" aria-label=\"Subscribe\">\n                    Subscribe                <\/label>\n            <\/div>\n            <div class=\"ff-el-input--content\">\n                <input type=\"text\"\n                       name=\"item_13__fluent_sf\"\n                       class=\"ff-el-form-control\"\n                       id=\"ff_13_item_sf\"\n                \/>\n            <\/div>\n        <\/div>\n        <input type='hidden' name='__fluent_form_embded_post_id' value='41311' \/><input type=\"hidden\" id=\"_fluentform_13_fluentformnonce\" name=\"_fluentform_13_fluentformnonce\" value=\"c5600f206d\" \/><input type=\"hidden\" name=\"_wp_http_referer\" value=\"\/de\/wp-json\/wp\/v2\/pages\/41311\" \/><div data-type=\"name-element\" data-name=\"names\" class=\" ff-field_container ff-name-field-wrapper\" ><div class='ff-t-container'><div class='ff-t-cell '><div class='ff-el-group'><div class=\"ff-el-input--label ff-el-is-required asterisk-right\"><label for='ff_13_names_first_name_' id='label_ff_13_names_first_name_' >Vorname<\/label><\/div><div class='ff-el-input--content'><input type=\"text\" name=\"names[first_name]\" id=\"ff_13_names_first_name_\" class=\"ff-el-form-control\" aria-invalid=\"false\" aria-required=true><\/div><\/div><\/div><div class='ff-t-cell '><div class='ff-el-group'><div class=\"ff-el-input--label ff-el-is-required asterisk-right\"><label for='ff_13_names_last_name_' id='label_ff_13_names_last_name_' >Name<\/label><\/div><div class='ff-el-input--content'><input type=\"text\" name=\"names[last_name]\" id=\"ff_13_names_last_name_\" class=\"ff-el-form-control\" aria-invalid=\"false\" aria-required=true><\/div><\/div><\/div><\/div><\/div><div class='ff-el-group'><div class=\"ff-el-input--label ff-el-is-required asterisk-right\"><label for='ff_13_email' id='label_ff_13_email' aria-label=\"Email\">Email<\/label><\/div><div class='ff-el-input--content'><input type=\"email\" name=\"email\" id=\"ff_13_email\" class=\"ff-el-form-control\" data-name=\"email\"  aria-invalid=\"false\" aria-required=true><\/div><\/div><div class='ff-el-group    ff-el-input--content'><div class='ff-el-form-check ff-el-tc'><label aria-label='Ich bin damit einverstanden, dass diese Website die Informationen in diesem Formular speichert, um auf mein Abonnement ausf\u00fchren zu k\u00f6nnen.\nIch kann jederzeit mein Abonnement stornieren, indem ich auf den Link unten in der Newsletter klicke.' class='ff-el-form-check-label ff_tc_label' for=gdpr-agreement_b020661e188da2b0415fe90e1edf14ba><span class='ff_tc_checkbox'><input type=\"checkbox\" name=\"gdpr-agreement\" class=\"ff-el-form-check-input ff_gdpr_field\" data-name=\"gdpr-agreement\" id=\"gdpr-agreement_b020661e188da2b0415fe90e1edf14ba\"  value='on' aria-invalid='false' aria-required=true><\/span> <div class='ff_t_c'>Ich bin damit einverstanden, dass diese Website die Informationen in diesem Formular speichert, um auf mein Abonnement ausf\u00fchren zu k\u00f6nnen.\nIch kann jederzeit mein Abonnement stornieren, indem ich auf den Link unten in der Newsletter klicke.<\/div><\/label><\/div><\/div><div class='ff-el-group ff-text-left ff_submit_btn_wrapper'><button type=\"submit\" class=\"ff-btn ff-btn-submit ff-btn-md ff_btn_style\"  aria-label=\"Gratis abonnieren\">Gratis abonnieren<\/button><\/div>\t\t<div id=\"cf-turnstile-fluent-590904278\"\r\n\t\tclass=\"cf-turnstile\" \t\tdata-sitekey=\"0x4AAAAAAAEQmtNTo7HKVVoq\"\r\n\t\tdata-theme=\"light\"\r\n\t\tdata-language=\"auto\"\r\n\t\tdata-size=\"normal\"\r\n\t\tdata-retry=\"auto\" data-retry-interval=\"1000\"\r\n\t\tdata-refresh-expired=\"auto\"\r\n\t\tdata-refresh-timeout=\"auto\"\r\n\t\tdata-action=\"fluent-form-13\"\r\n\t\tdata-callback=\"turnstileFluentCallback\"\r\n\t\t\t\tdata-appearance=\"always\"><\/div>\r\n\t\t\t<script>document.addEventListener(\"DOMContentLoaded\", function() { setTimeout(function(){ var e=document.getElementById(\"cf-turnstile-fluent-590904278\"); if(e&&!e.innerHTML.trim()){turnstile.render(e, {sitekey:\"0x4AAAAAAAEQmtNTo7HKVVoq\"});} }, 200); });<\/script>\r\n\t\t\t<br class=\"cf-turnstile-br cf-turnstile-br-fluent-590904278\">\r\n\t\t\t\t<style>#cf-turnstile-fluent-590904278 { margin-left: -15px; }<\/style>\r\n\t\t<\/fieldset><\/form><div id='fluentform_13_errors' class='ff-errors-in-stack ff_form_instance_13_1 ff-form-loading_errors ff_form_instance_13_1_errors'><\/div><\/div>            <script type=\"text\/javascript\">\n                window.fluent_form_ff_form_instance_13_1 = {\"id\":\"13\",\"settings\":{\"layout\":{\"labelPlacement\":\"top\",\"helpMessagePlacement\":\"with_label\",\"errorMessagePlacement\":\"inline\"},\"restrictions\":{\"denyEmptySubmission\":{\"enabled\":false}}},\"form_instance\":\"ff_form_instance_13_1\",\"form_id_selector\":\"fluentform_13\",\"rules\":{\"names[first_name]\":{\"required\":{\"value\":true,\"message\":\"Dieses Feld ist erforderlich\"}},\"names[middle_name]\":{\"required\":{\"value\":false,\"message\":\"This field is required\"}},\"names[last_name]\":{\"required\":{\"value\":true,\"message\":\"Dieses Feld ist erforderlich\"}},\"email\":{\"required\":{\"value\":true,\"message\":\"Dieses Feld ist erforderlich\"},\"email\":{\"value\":true,\"message\":\"Bitte geben Sie eine g\\u00fcltige Email-Adresse ein\"}},\"gdpr-agreement\":{\"required\":{\"value\":true,\"message\":\"Dieses K\\u00e4stchen ist erforderlich\"}}},\"debounce_time\":300};\n                            <\/script>\n            \n","protected":false},"excerpt":{"rendered":"<p>Vallonch\u00eane war schon immer eine Baumschule, die sich f\u00fcr die Erhaltung von Pflanzenarten und die F\u00f6rderung des Gartenbaus eingesetzt hat. Angesichts dessen ver\u00f6ffentlichen wir regelm\u00e4\u00dfig Artikel um: Hier finden Sie unsere neuesten Ver\u00f6ffentlichungen. F\u00fcr \u00e4ltere Artikel laden wir Sie ein, die entsprechende Seite auf der Website des Jardin de Vallonch\u00eane hier zu konsultieren. Wenn Sie [&hellip;]<\/p>\n","protected":false},"author":1,"featured_media":27287,"parent":0,"menu_order":0,"comment_status":"closed","ping_status":"closed","template":"","meta":{"footnotes":""},"class_list":["post-41311","page","type-page","status-publish","has-post-thumbnail","hentry"],"yoast_head":"<!-- This site is optimized with the Yoast SEO Premium plugin v27.3 (Yoast SEO v27.3) - https:\/\/yoast.com\/product\/yoast-seo-premium-wordpress\/ -->\n<title>Abonnieren Sie den Newsletter - Vallonch\u00eane<\/title>\n<meta name=\"robots\" content=\"index, follow, max-snippet:-1, max-image-preview:large, max-video-preview:-1\" \/>\n<link rel=\"canonical\" href=\"https:\/\/www.vallonchene.fr\/de\/abonnieren-sie-den-newsletter\/\" \/>\n<meta property=\"og:locale\" content=\"de_DE\" \/>\n<meta property=\"og:type\" content=\"article\" \/>\n<meta property=\"og:title\" content=\"Abonnieren Sie den Newsletter\" \/>\n<meta property=\"og:description\" content=\"Vallonch\u00eane war schon immer eine Baumschule, die sich f\u00fcr die Erhaltung von Pflanzenarten und die F\u00f6rderung des Gartenbaus eingesetzt hat. Angesichts dessen ver\u00f6ffentlichen wir regelm\u00e4\u00dfig Artikel um: Hier finden Sie unsere neuesten Ver\u00f6ffentlichungen. F\u00fcr \u00e4ltere Artikel laden wir Sie ein, die entsprechende Seite auf der Website des Jardin de Vallonch\u00eane hier zu konsultieren. Wenn Sie [&hellip;]\" \/>\n<meta property=\"og:url\" content=\"https:\/\/www.vallonchene.fr\/de\/abonnieren-sie-den-newsletter\/\" \/>\n<meta property=\"og:site_name\" content=\"Vallonch\u00eane\" \/>\n<meta property=\"article:publisher\" content=\"https:\/\/www.facebook.com\/vallonchene.fr\" \/>\n<meta property=\"article:modified_time\" content=\"2023-06-16T13:31:17+00:00\" \/>\n<meta property=\"og:image\" content=\"https:\/\/www.vallonchene.fr\/wp-content\/uploads\/2023\/04\/Vallonchene-ACANTHUS_01.webp\" \/>\n\t<meta property=\"og:image:width\" content=\"1200\" \/>\n\t<meta property=\"og:image:height\" content=\"400\" \/>\n\t<meta property=\"og:image:type\" content=\"image\/webp\" \/>\n<meta name=\"twitter:card\" content=\"summary_large_image\" \/>\n<meta name=\"twitter:label1\" content=\"Gesch\u00e4tzte Lesezeit\" \/>\n\t<meta name=\"twitter:data1\" content=\"1\u00a0Minute\" \/>\n<script type=\"application\/ld+json\" class=\"yoast-schema-graph\">{\"@context\":\"https:\\\/\\\/schema.org\",\"@graph\":[{\"@type\":\"WebPage\",\"@id\":\"https:\\\/\\\/www.vallonchene.fr\\\/de\\\/abonnieren-sie-den-newsletter\\\/\",\"url\":\"https:\\\/\\\/www.vallonchene.fr\\\/de\\\/abonnieren-sie-den-newsletter\\\/\",\"name\":\"Abonnieren Sie den Newsletter - Vallonch\u00eane\",\"isPartOf\":{\"@id\":\"https:\\\/\\\/www.vallonchene.fr\\\/de\\\/#website\"},\"primaryImageOfPage\":{\"@id\":\"https:\\\/\\\/www.vallonchene.fr\\\/de\\\/abonnieren-sie-den-newsletter\\\/#primaryimage\"},\"image\":{\"@id\":\"https:\\\/\\\/www.vallonchene.fr\\\/de\\\/abonnieren-sie-den-newsletter\\\/#primaryimage\"},\"thumbnailUrl\":\"https:\\\/\\\/www.vallonchene.fr\\\/wp-content\\\/uploads\\\/2023\\\/04\\\/Vallonchene-ACANTHUS_01.webp\",\"datePublished\":\"2023-06-16T09:38:54+00:00\",\"dateModified\":\"2023-06-16T13:31:17+00:00\",\"breadcrumb\":{\"@id\":\"https:\\\/\\\/www.vallonchene.fr\\\/de\\\/abonnieren-sie-den-newsletter\\\/#breadcrumb\"},\"inLanguage\":\"de\",\"potentialAction\":[{\"@type\":\"ReadAction\",\"target\":[\"https:\\\/\\\/www.vallonchene.fr\\\/de\\\/abonnieren-sie-den-newsletter\\\/\"]}]},{\"@type\":\"ImageObject\",\"inLanguage\":\"de\",\"@id\":\"https:\\\/\\\/www.vallonchene.fr\\\/de\\\/abonnieren-sie-den-newsletter\\\/#primaryimage\",\"url\":\"https:\\\/\\\/www.vallonchene.fr\\\/wp-content\\\/uploads\\\/2023\\\/04\\\/Vallonchene-ACANTHUS_01.webp\",\"contentUrl\":\"https:\\\/\\\/www.vallonchene.fr\\\/wp-content\\\/uploads\\\/2023\\\/04\\\/Vallonchene-ACANTHUS_01.webp\",\"width\":1200,\"height\":400,\"caption\":\"Acanthus dans le jardin de Vallonch\u00eane\"},{\"@type\":\"BreadcrumbList\",\"@id\":\"https:\\\/\\\/www.vallonchene.fr\\\/de\\\/abonnieren-sie-den-newsletter\\\/#breadcrumb\",\"itemListElement\":[{\"@type\":\"ListItem\",\"position\":1,\"name\":\"Home\",\"item\":\"https:\\\/\\\/www.vallonchene.fr\\\/de\\\/\"},{\"@type\":\"ListItem\",\"position\":2,\"name\":\"Abonnieren Sie den Newsletter\"}]},{\"@type\":\"WebSite\",\"@id\":\"https:\\\/\\\/www.vallonchene.fr\\\/de\\\/#website\",\"url\":\"https:\\\/\\\/www.vallonchene.fr\\\/de\\\/\",\"name\":\"Vallonch\u00eane\",\"description\":\"Die Baumschule, bei der Qualit\u00e4t ihre Wurzeln hat \u2013 Tel.: +49 (0)6838-5399840\",\"publisher\":{\"@id\":\"https:\\\/\\\/www.vallonchene.fr\\\/de\\\/#organization\"},\"potentialAction\":[{\"@type\":\"SearchAction\",\"target\":{\"@type\":\"EntryPoint\",\"urlTemplate\":\"https:\\\/\\\/www.vallonchene.fr\\\/de\\\/?s={search_term_string}\"},\"query-input\":{\"@type\":\"PropertyValueSpecification\",\"valueRequired\":true,\"valueName\":\"search_term_string\"}}],\"inLanguage\":\"de\"},{\"@type\":\"Organization\",\"@id\":\"https:\\\/\\\/www.vallonchene.fr\\\/de\\\/#organization\",\"name\":\"VALLONCHENE\",\"url\":\"https:\\\/\\\/www.vallonchene.fr\\\/de\\\/\",\"logo\":{\"@type\":\"ImageObject\",\"inLanguage\":\"de\",\"@id\":\"https:\\\/\\\/www.vallonchene.fr\\\/de\\\/#\\\/schema\\\/logo\\\/image\\\/\",\"url\":\"https:\\\/\\\/www.vallonchene.fr\\\/wp-content\\\/uploads\\\/2023\\\/03\\\/Logo-Vallonchene-site-et-R_hauteur_100.png\",\"contentUrl\":\"https:\\\/\\\/www.vallonchene.fr\\\/wp-content\\\/uploads\\\/2023\\\/03\\\/Logo-Vallonchene-site-et-R_hauteur_100.png\",\"width\":221,\"height\":100,\"caption\":\"VALLONCHENE\"},\"image\":{\"@id\":\"https:\\\/\\\/www.vallonchene.fr\\\/de\\\/#\\\/schema\\\/logo\\\/image\\\/\"},\"sameAs\":[\"https:\\\/\\\/www.facebook.com\\\/vallonchene.fr\",\"https:\\\/\\\/www.instagram.com\\\/vallonchene\\\/\",\"https:\\\/\\\/www.pinterest.fr\\\/vallonchene\\\/\"],\"taxID\":\"49454502300017\",\"hasMerchantReturnPolicy\":{\"@type\":\"MerchantReturnPolicy\",\"merchantReturnLink\":\"https:\\\/\\\/www.vallonchene.fr\\\/remboursements_retours\\\/\"}}]}<\/script>\n<!-- \/ Yoast SEO Premium plugin. -->","yoast_head_json":{"title":"Abonnieren Sie den Newsletter - Vallonch\u00eane","robots":{"index":"index","follow":"follow","max-snippet":"max-snippet:-1","max-image-preview":"max-image-preview:large","max-video-preview":"max-video-preview:-1"},"canonical":"https:\/\/www.vallonchene.fr\/de\/abonnieren-sie-den-newsletter\/","og_locale":"de_DE","og_type":"article","og_title":"Abonnieren Sie den Newsletter","og_description":"Vallonch\u00eane war schon immer eine Baumschule, die sich f\u00fcr die Erhaltung von Pflanzenarten und die F\u00f6rderung des Gartenbaus eingesetzt hat. Angesichts dessen ver\u00f6ffentlichen wir regelm\u00e4\u00dfig Artikel um: Hier finden Sie unsere neuesten Ver\u00f6ffentlichungen. F\u00fcr \u00e4ltere Artikel laden wir Sie ein, die entsprechende Seite auf der Website des Jardin de Vallonch\u00eane hier zu konsultieren. Wenn Sie [&hellip;]","og_url":"https:\/\/www.vallonchene.fr\/de\/abonnieren-sie-den-newsletter\/","og_site_name":"Vallonch\u00eane","article_publisher":"https:\/\/www.facebook.com\/vallonchene.fr","article_modified_time":"2023-06-16T13:31:17+00:00","og_image":[{"width":1200,"height":400,"url":"https:\/\/www.vallonchene.fr\/wp-content\/uploads\/2023\/04\/Vallonchene-ACANTHUS_01.webp","type":"image\/webp"}],"twitter_card":"summary_large_image","twitter_misc":{"Gesch\u00e4tzte Lesezeit":"1\u00a0Minute"},"schema":{"@context":"https:\/\/schema.org","@graph":[{"@type":"WebPage","@id":"https:\/\/www.vallonchene.fr\/de\/abonnieren-sie-den-newsletter\/","url":"https:\/\/www.vallonchene.fr\/de\/abonnieren-sie-den-newsletter\/","name":"Abonnieren Sie den Newsletter - Vallonch\u00eane","isPartOf":{"@id":"https:\/\/www.vallonchene.fr\/de\/#website"},"primaryImageOfPage":{"@id":"https:\/\/www.vallonchene.fr\/de\/abonnieren-sie-den-newsletter\/#primaryimage"},"image":{"@id":"https:\/\/www.vallonchene.fr\/de\/abonnieren-sie-den-newsletter\/#primaryimage"},"thumbnailUrl":"https:\/\/www.vallonchene.fr\/wp-content\/uploads\/2023\/04\/Vallonchene-ACANTHUS_01.webp","datePublished":"2023-06-16T09:38:54+00:00","dateModified":"2023-06-16T13:31:17+00:00","breadcrumb":{"@id":"https:\/\/www.vallonchene.fr\/de\/abonnieren-sie-den-newsletter\/#breadcrumb"},"inLanguage":"de","potentialAction":[{"@type":"ReadAction","target":["https:\/\/www.vallonchene.fr\/de\/abonnieren-sie-den-newsletter\/"]}]},{"@type":"ImageObject","inLanguage":"de","@id":"https:\/\/www.vallonchene.fr\/de\/abonnieren-sie-den-newsletter\/#primaryimage","url":"https:\/\/www.vallonchene.fr\/wp-content\/uploads\/2023\/04\/Vallonchene-ACANTHUS_01.webp","contentUrl":"https:\/\/www.vallonchene.fr\/wp-content\/uploads\/2023\/04\/Vallonchene-ACANTHUS_01.webp","width":1200,"height":400,"caption":"Acanthus dans le jardin de Vallonch\u00eane"},{"@type":"BreadcrumbList","@id":"https:\/\/www.vallonchene.fr\/de\/abonnieren-sie-den-newsletter\/#breadcrumb","itemListElement":[{"@type":"ListItem","position":1,"name":"Home","item":"https:\/\/www.vallonchene.fr\/de\/"},{"@type":"ListItem","position":2,"name":"Abonnieren Sie den Newsletter"}]},{"@type":"WebSite","@id":"https:\/\/www.vallonchene.fr\/de\/#website","url":"https:\/\/www.vallonchene.fr\/de\/","name":"Vallonch\u00eane","description":"Die Baumschule, bei der Qualit\u00e4t ihre Wurzeln hat \u2013 Tel.: +49 (0)6838-5399840","publisher":{"@id":"https:\/\/www.vallonchene.fr\/de\/#organization"},"potentialAction":[{"@type":"SearchAction","target":{"@type":"EntryPoint","urlTemplate":"https:\/\/www.vallonchene.fr\/de\/?s={search_term_string}"},"query-input":{"@type":"PropertyValueSpecification","valueRequired":true,"valueName":"search_term_string"}}],"inLanguage":"de"},{"@type":"Organization","@id":"https:\/\/www.vallonchene.fr\/de\/#organization","name":"VALLONCHENE","url":"https:\/\/www.vallonchene.fr\/de\/","logo":{"@type":"ImageObject","inLanguage":"de","@id":"https:\/\/www.vallonchene.fr\/de\/#\/schema\/logo\/image\/","url":"https:\/\/www.vallonchene.fr\/wp-content\/uploads\/2023\/03\/Logo-Vallonchene-site-et-R_hauteur_100.png","contentUrl":"https:\/\/www.vallonchene.fr\/wp-content\/uploads\/2023\/03\/Logo-Vallonchene-site-et-R_hauteur_100.png","width":221,"height":100,"caption":"VALLONCHENE"},"image":{"@id":"https:\/\/www.vallonchene.fr\/de\/#\/schema\/logo\/image\/"},"sameAs":["https:\/\/www.facebook.com\/vallonchene.fr","https:\/\/www.instagram.com\/vallonchene\/","https:\/\/www.pinterest.fr\/vallonchene\/"],"taxID":"49454502300017","hasMerchantReturnPolicy":{"@type":"MerchantReturnPolicy","merchantReturnLink":"https:\/\/www.vallonchene.fr\/remboursements_retours\/"}}]}},"_links":{"self":[{"href":"https:\/\/www.vallonchene.fr\/de\/wp-json\/wp\/v2\/pages\/41311","targetHints":{"allow":["GET"]}}],"collection":[{"href":"https:\/\/www.vallonchene.fr\/de\/wp-json\/wp\/v2\/pages"}],"about":[{"href":"https:\/\/www.vallonchene.fr\/de\/wp-json\/wp\/v2\/types\/page"}],"author":[{"embeddable":true,"href":"https:\/\/www.vallonchene.fr\/de\/wp-json\/wp\/v2\/users\/1"}],"replies":[{"embeddable":true,"href":"https:\/\/www.vallonchene.fr\/de\/wp-json\/wp\/v2\/comments?post=41311"}],"version-history":[{"count":0,"href":"https:\/\/www.vallonchene.fr\/de\/wp-json\/wp\/v2\/pages\/41311\/revisions"}],"wp:featuredmedia":[{"embeddable":true,"href":"https:\/\/www.vallonchene.fr\/de\/wp-json\/wp\/v2\/media\/27287"}],"wp:attachment":[{"href":"https:\/\/www.vallonchene.fr\/de\/wp-json\/wp\/v2\/media?parent=41311"}],"curies":[{"name":"wp","href":"https:\/\/api.w.org\/{rel}","templated":true}]}}