{"id":27474,"date":"2023-04-15T15:35:01","date_gmt":"2023-04-15T15:35:01","guid":{"rendered":"https:\/\/testing.vallonchene.fr\/coaching-fuer-den-garten\/"},"modified":"2024-06-12T15:26:17","modified_gmt":"2024-06-12T15:26:17","slug":"coaching-fuer-den-garten","status":"publish","type":"page","link":"https:\/\/www.vallonchene.fr\/de\/coaching-fuer-den-garten\/","title":{"rendered":"Coaching f\u00fcr den Garten"},"content":{"rendered":"\n<p>In der Baumschule Vallonch\u00eane bieten wir Coaching-Dienstleistungen f\u00fcr den Garten an. Suchen Sie Hilfe beim Anlegen Ihrer Blumenbeete? Ben\u00f6tigen Sie Beratung f\u00fcr Ihren bereits angelegten Garten? Wahrscheinlich haben Sie es schon allein versucht, indem Sie Informationen auf verschiedene Weise gesammelt haben (B\u00fccher, Zeitschriften, Fernseh- oder Radiosendungen \u2026)? Vielleicht haben Sie Pflanzen verloren oder andere Ausf\u00e4lle verzeichnet. Im Allgemeinen f\u00fchrt dies zu nichts und schlimmer noch, Sie verschwenden wertvolle Zeit und Geld!<\/p>\n\n<p>Nat\u00fcrlich ist die Pflanzenwelt sehr komplex. Jede Pflanze hat ihre Anforderungen, Volumina, Wachstumsraten usw. Sie ben\u00f6tigen professionelle Informationen.<\/p>\n\n<p>Um Ihnen zu helfen, haben wir speziell zwei L\u00f6sungen entwickelt, damit auch Sie Ihren Traumgarten verwirklichen k\u00f6nnen. Auch wenn Sie nur Anf\u00e4nger sind. Jede dieser L\u00f6sungen hat ihre Vorteile und ist f\u00fcr den einen oder anderen besser geeignet:<\/p>\n\n<div class=\"wp-block-media-text has-media-on-the-right is-stacked-on-mobile is-vertically-aligned-center has-background\" style=\"background-color:#f1f5c7\"><div class=\"wp-block-media-text__content\">\n<div class=\"wp-block-group\" style=\"padding-top:2em;padding-right:2em;padding-bottom:2em;padding-left:2em\"><div class=\"wp-block-group__inner-container is-layout-flow wp-block-group-is-layout-flow\">\n<p style=\"font-size:36px;line-height:1.2\"><strong>Kostenlose Hilfe bei der Gestaltung Ihres Gartens<\/strong><\/p>\n\n\n\n<p class=\"has-extra-small-font-size\"><a href=\"https:\/\/www.vallonchene.fr\/de\/kostenlose-hilfe-bei-der-gartengestaltung\/\">Mehr dar\u00fcber hier<\/a><\/p>\n<\/div><\/div>\n<\/div><figure class=\"wp-block-media-text__media\"><a href=\"\/coaching-pour-le-jardin\/aide-gratuite-a-la-composition-de-votre-jardin\/\"><img decoding=\"async\" width=\"650\" height=\"650\" src=\"https:\/\/www.vallonchene.fr\/wp-content\/uploads\/2023\/04\/Vallonchene-jardin.webp\" alt=\"G\u00eete de Vallonch\u00eane\" class=\"wp-image-27460 size-full\" srcset=\"https:\/\/www.vallonchene.fr\/wp-content\/uploads\/2023\/04\/Vallonchene-jardin.webp 650w, https:\/\/www.vallonchene.fr\/wp-content\/uploads\/2023\/04\/Vallonchene-jardin-324x324.webp 324w, https:\/\/www.vallonchene.fr\/wp-content\/uploads\/2023\/04\/Vallonchene-jardin-100x100.webp 100w, https:\/\/www.vallonchene.fr\/wp-content\/uploads\/2023\/04\/Vallonchene-jardin-416x416.webp 416w, https:\/\/www.vallonchene.fr\/wp-content\/uploads\/2023\/04\/Vallonchene-jardin-64x64.webp 64w, https:\/\/www.vallonchene.fr\/wp-content\/uploads\/2023\/04\/Vallonchene-jardin-300x300.webp 300w, https:\/\/www.vallonchene.fr\/wp-content\/uploads\/2023\/04\/Vallonchene-jardin-150x150.webp 150w, https:\/\/www.vallonchene.fr\/wp-content\/uploads\/2023\/04\/Vallonchene-jardin-32x32.webp 32w\" sizes=\"(max-width: 650px) 100vw, 650px\" \/><\/a><\/figure><\/div>\n\n<hr class=\"wp-block-separator has-alpha-channel-opacity\"\/>\n\n<div class=\"wp-block-media-text has-media-on-the-right is-stacked-on-mobile is-vertically-aligned-center has-background\" style=\"background-color:#8dd2fc45\"><div class=\"wp-block-media-text__content\">\n<div class=\"wp-block-group\" style=\"padding-top:2em;padding-right:2em;padding-bottom:2em;padding-left:2em\"><div class=\"wp-block-group__inner-container is-layout-flow wp-block-group-is-layout-flow\">\n<p style=\"font-size:36px;line-height:1.2\"><strong>Beratungsdienstleistung zu Hause<\/strong><\/p>\n\n\n\n<p class=\"has-extra-small-font-size\"><a href=\"\/coaching-pour-le-jardin\/prestation-conseil-de-jardin-a-domicile\/\">Plus de d\u00e9tails ici<\/a><\/p>\n<\/div><\/div>\n<\/div><figure class=\"wp-block-media-text__media\"><a href=\"\/coaching-pour-le-jardin\/prestation-conseil-de-jardin-a-domicile\/\"><img decoding=\"async\" width=\"650\" height=\"650\" src=\"https:\/\/www.vallonchene.fr\/wp-content\/uploads\/2023\/04\/Plan-paysager.webp\" alt=\"Extrait d'un plan paysager\" class=\"wp-image-27464 size-full\" srcset=\"https:\/\/www.vallonchene.fr\/wp-content\/uploads\/2023\/04\/Plan-paysager.webp 650w, https:\/\/www.vallonchene.fr\/wp-content\/uploads\/2023\/04\/Plan-paysager-324x324.webp 324w, https:\/\/www.vallonchene.fr\/wp-content\/uploads\/2023\/04\/Plan-paysager-100x100.webp 100w, https:\/\/www.vallonchene.fr\/wp-content\/uploads\/2023\/04\/Plan-paysager-416x416.webp 416w, https:\/\/www.vallonchene.fr\/wp-content\/uploads\/2023\/04\/Plan-paysager-64x64.webp 64w, https:\/\/www.vallonchene.fr\/wp-content\/uploads\/2023\/04\/Plan-paysager-300x300.webp 300w, https:\/\/www.vallonchene.fr\/wp-content\/uploads\/2023\/04\/Plan-paysager-150x150.webp 150w, https:\/\/www.vallonchene.fr\/wp-content\/uploads\/2023\/04\/Plan-paysager-32x32.webp 32w\" sizes=\"(max-width: 650px) 100vw, 650px\" \/><\/a><\/figure><\/div>\n\n<p>Enfin, sachez \u00e9galement, lorsque vous achetez des v\u00e9g\u00e9taux \u00e0 Vallonch\u00eane, \u00e0 distance via notre site Internet ou sur place \u00e0 la p\u00e9pini\u00e8re, nous serons toujours \u00e0 votre \u00e9coute pour vous aider. M\u00eame si vous avez des questions qui surviennent apr\u00e8s l&#8217;achat.<\/p>\n","protected":false},"excerpt":{"rendered":"<p>In der Baumschule Vallonch\u00eane bieten wir Coaching-Dienstleistungen f\u00fcr den Garten an. Suchen Sie Hilfe beim Anlegen Ihrer Blumenbeete? Ben\u00f6tigen Sie Beratung f\u00fcr Ihren bereits angelegten Garten? Wahrscheinlich haben Sie es schon allein versucht, indem Sie Informationen auf verschiedene Weise gesammelt haben (B\u00fccher, Zeitschriften, Fernseh- oder Radiosendungen \u2026)? Vielleicht haben Sie Pflanzen verloren oder andere Ausf\u00e4lle [&hellip;]<\/p>\n","protected":false},"author":1,"featured_media":27287,"parent":0,"menu_order":0,"comment_status":"closed","ping_status":"closed","template":"","meta":{"footnotes":""},"class_list":["post-27474","page","type-page","status-publish","has-post-thumbnail","hentry"],"yoast_head":"<!-- This site is optimized with the Yoast SEO Premium plugin v27.5 (Yoast SEO v27.5) - https:\/\/yoast.com\/product\/yoast-seo-premium-wordpress\/ -->\n<title>Coaching f\u00fcr den Garten - Vallonch\u00eane<\/title>\n<meta name=\"description\" content=\"Wir bieten Coaching-Dienstleistungen f\u00fcr den Garten an: entweder w\u00e4hrend Ihres Besuchs in unserer Baumschule (verbunden mit Ihrem Kauf) oder bei Ihnen zu Hause.\" \/>\n<meta name=\"robots\" content=\"index, follow, max-snippet:-1, max-image-preview:large, max-video-preview:-1\" \/>\n<link rel=\"canonical\" href=\"https:\/\/www.vallonchene.fr\/de\/coaching-fuer-den-garten\/\" \/>\n<meta property=\"og:locale\" content=\"de_DE\" \/>\n<meta property=\"og:type\" content=\"article\" \/>\n<meta property=\"og:title\" content=\"Coaching f\u00fcr den Garten\" \/>\n<meta property=\"og:description\" content=\"Wir bieten Coaching-Dienstleistungen f\u00fcr den Garten an: entweder w\u00e4hrend Ihres Besuchs in unserer Baumschule (verbunden mit Ihrem Kauf) oder bei Ihnen zu Hause.\" \/>\n<meta property=\"og:url\" content=\"https:\/\/www.vallonchene.fr\/de\/coaching-fuer-den-garten\/\" \/>\n<meta property=\"og:site_name\" content=\"Vallonch\u00eane\" \/>\n<meta property=\"article:publisher\" content=\"https:\/\/www.facebook.com\/vallonchene.fr\" \/>\n<meta property=\"article:modified_time\" content=\"2024-06-12T15:26:17+00:00\" \/>\n<meta property=\"og:image\" content=\"https:\/\/www.vallonchene.fr\/wp-content\/uploads\/2023\/04\/Vallonchene-ACANTHUS_01.webp\" \/>\n\t<meta property=\"og:image:width\" content=\"1200\" \/>\n\t<meta property=\"og:image:height\" content=\"400\" \/>\n\t<meta property=\"og:image:type\" content=\"image\/webp\" \/>\n<meta name=\"twitter:card\" content=\"summary_large_image\" \/>\n<meta name=\"twitter:label1\" content=\"Gesch\u00e4tzte Lesezeit\" \/>\n\t<meta name=\"twitter:data1\" content=\"1\u00a0Minute\" \/>\n<script type=\"application\/ld+json\" class=\"yoast-schema-graph\">{\"@context\":\"https:\\\/\\\/schema.org\",\"@graph\":[{\"@type\":\"WebPage\",\"@id\":\"https:\\\/\\\/www.vallonchene.fr\\\/de\\\/coaching-fuer-den-garten\\\/\",\"url\":\"https:\\\/\\\/www.vallonchene.fr\\\/de\\\/coaching-fuer-den-garten\\\/\",\"name\":\"Coaching f\u00fcr den Garten - Vallonch\u00eane\",\"isPartOf\":{\"@id\":\"https:\\\/\\\/www.vallonchene.fr\\\/de\\\/#website\"},\"primaryImageOfPage\":{\"@id\":\"https:\\\/\\\/www.vallonchene.fr\\\/de\\\/coaching-fuer-den-garten\\\/#primaryimage\"},\"image\":{\"@id\":\"https:\\\/\\\/www.vallonchene.fr\\\/de\\\/coaching-fuer-den-garten\\\/#primaryimage\"},\"thumbnailUrl\":\"https:\\\/\\\/www.vallonchene.fr\\\/wp-content\\\/uploads\\\/2023\\\/04\\\/Vallonchene-ACANTHUS_01.webp\",\"datePublished\":\"2023-04-15T15:35:01+00:00\",\"dateModified\":\"2024-06-12T15:26:17+00:00\",\"description\":\"Wir bieten Coaching-Dienstleistungen f\u00fcr den Garten an: entweder w\u00e4hrend Ihres Besuchs in unserer Baumschule (verbunden mit Ihrem Kauf) oder bei Ihnen zu Hause.\",\"breadcrumb\":{\"@id\":\"https:\\\/\\\/www.vallonchene.fr\\\/de\\\/coaching-fuer-den-garten\\\/#breadcrumb\"},\"inLanguage\":\"de\",\"potentialAction\":[{\"@type\":\"ReadAction\",\"target\":[\"https:\\\/\\\/www.vallonchene.fr\\\/de\\\/coaching-fuer-den-garten\\\/\"]}]},{\"@type\":\"ImageObject\",\"inLanguage\":\"de\",\"@id\":\"https:\\\/\\\/www.vallonchene.fr\\\/de\\\/coaching-fuer-den-garten\\\/#primaryimage\",\"url\":\"https:\\\/\\\/www.vallonchene.fr\\\/wp-content\\\/uploads\\\/2023\\\/04\\\/Vallonchene-ACANTHUS_01.webp\",\"contentUrl\":\"https:\\\/\\\/www.vallonchene.fr\\\/wp-content\\\/uploads\\\/2023\\\/04\\\/Vallonchene-ACANTHUS_01.webp\",\"width\":1200,\"height\":400,\"caption\":\"Acanthus dans le jardin de Vallonch\u00eane\"},{\"@type\":\"BreadcrumbList\",\"@id\":\"https:\\\/\\\/www.vallonchene.fr\\\/de\\\/coaching-fuer-den-garten\\\/#breadcrumb\",\"itemListElement\":[{\"@type\":\"ListItem\",\"position\":1,\"name\":\"Home\",\"item\":\"https:\\\/\\\/www.vallonchene.fr\\\/de\\\/\"},{\"@type\":\"ListItem\",\"position\":2,\"name\":\"Coaching f\u00fcr den Garten\"}]},{\"@type\":\"WebSite\",\"@id\":\"https:\\\/\\\/www.vallonchene.fr\\\/de\\\/#website\",\"url\":\"https:\\\/\\\/www.vallonchene.fr\\\/de\\\/\",\"name\":\"Vallonch\u00eane\",\"description\":\"Die Baumschule, bei der Qualit\u00e4t ihre Wurzeln hat \u2013 Tel.: +49 (0)6838-5399840\",\"publisher\":{\"@id\":\"https:\\\/\\\/www.vallonchene.fr\\\/de\\\/#organization\"},\"potentialAction\":[{\"@type\":\"SearchAction\",\"target\":{\"@type\":\"EntryPoint\",\"urlTemplate\":\"https:\\\/\\\/www.vallonchene.fr\\\/de\\\/?s={search_term_string}\"},\"query-input\":{\"@type\":\"PropertyValueSpecification\",\"valueRequired\":true,\"valueName\":\"search_term_string\"}}],\"inLanguage\":\"de\"},{\"@type\":\"Organization\",\"@id\":\"https:\\\/\\\/www.vallonchene.fr\\\/de\\\/#organization\",\"name\":\"VALLONCHENE\",\"url\":\"https:\\\/\\\/www.vallonchene.fr\\\/de\\\/\",\"logo\":{\"@type\":\"ImageObject\",\"inLanguage\":\"de\",\"@id\":\"https:\\\/\\\/www.vallonchene.fr\\\/de\\\/#\\\/schema\\\/logo\\\/image\\\/\",\"url\":\"https:\\\/\\\/www.vallonchene.fr\\\/wp-content\\\/uploads\\\/2023\\\/03\\\/Logo-Vallonchene-site-et-R_hauteur_100.png\",\"contentUrl\":\"https:\\\/\\\/www.vallonchene.fr\\\/wp-content\\\/uploads\\\/2023\\\/03\\\/Logo-Vallonchene-site-et-R_hauteur_100.png\",\"width\":221,\"height\":100,\"caption\":\"VALLONCHENE\"},\"image\":{\"@id\":\"https:\\\/\\\/www.vallonchene.fr\\\/de\\\/#\\\/schema\\\/logo\\\/image\\\/\"},\"sameAs\":[\"https:\\\/\\\/www.facebook.com\\\/vallonchene.fr\",\"https:\\\/\\\/www.instagram.com\\\/vallonchene\\\/\",\"https:\\\/\\\/www.pinterest.fr\\\/vallonchene\\\/\"],\"taxID\":\"49454502300017\",\"hasMerchantReturnPolicy\":{\"@type\":\"MerchantReturnPolicy\",\"merchantReturnLink\":\"https:\\\/\\\/www.vallonchene.fr\\\/remboursements_retours\\\/\"}}]}<\/script>\n<!-- \/ Yoast SEO Premium plugin. -->","yoast_head_json":{"title":"Coaching f\u00fcr den Garten - Vallonch\u00eane","description":"Wir bieten Coaching-Dienstleistungen f\u00fcr den Garten an: entweder w\u00e4hrend Ihres Besuchs in unserer Baumschule (verbunden mit Ihrem Kauf) oder bei Ihnen zu Hause.","robots":{"index":"index","follow":"follow","max-snippet":"max-snippet:-1","max-image-preview":"max-image-preview:large","max-video-preview":"max-video-preview:-1"},"canonical":"https:\/\/www.vallonchene.fr\/de\/coaching-fuer-den-garten\/","og_locale":"de_DE","og_type":"article","og_title":"Coaching f\u00fcr den Garten","og_description":"Wir bieten Coaching-Dienstleistungen f\u00fcr den Garten an: entweder w\u00e4hrend Ihres Besuchs in unserer Baumschule (verbunden mit Ihrem Kauf) oder bei Ihnen zu Hause.","og_url":"https:\/\/www.vallonchene.fr\/de\/coaching-fuer-den-garten\/","og_site_name":"Vallonch\u00eane","article_publisher":"https:\/\/www.facebook.com\/vallonchene.fr","article_modified_time":"2024-06-12T15:26:17+00:00","og_image":[{"width":1200,"height":400,"url":"https:\/\/www.vallonchene.fr\/wp-content\/uploads\/2023\/04\/Vallonchene-ACANTHUS_01.webp","type":"image\/webp"}],"twitter_card":"summary_large_image","twitter_misc":{"Gesch\u00e4tzte Lesezeit":"1\u00a0Minute"},"schema":{"@context":"https:\/\/schema.org","@graph":[{"@type":"WebPage","@id":"https:\/\/www.vallonchene.fr\/de\/coaching-fuer-den-garten\/","url":"https:\/\/www.vallonchene.fr\/de\/coaching-fuer-den-garten\/","name":"Coaching f\u00fcr den Garten - Vallonch\u00eane","isPartOf":{"@id":"https:\/\/www.vallonchene.fr\/de\/#website"},"primaryImageOfPage":{"@id":"https:\/\/www.vallonchene.fr\/de\/coaching-fuer-den-garten\/#primaryimage"},"image":{"@id":"https:\/\/www.vallonchene.fr\/de\/coaching-fuer-den-garten\/#primaryimage"},"thumbnailUrl":"https:\/\/www.vallonchene.fr\/wp-content\/uploads\/2023\/04\/Vallonchene-ACANTHUS_01.webp","datePublished":"2023-04-15T15:35:01+00:00","dateModified":"2024-06-12T15:26:17+00:00","description":"Wir bieten Coaching-Dienstleistungen f\u00fcr den Garten an: entweder w\u00e4hrend Ihres Besuchs in unserer Baumschule (verbunden mit Ihrem Kauf) oder bei Ihnen zu Hause.","breadcrumb":{"@id":"https:\/\/www.vallonchene.fr\/de\/coaching-fuer-den-garten\/#breadcrumb"},"inLanguage":"de","potentialAction":[{"@type":"ReadAction","target":["https:\/\/www.vallonchene.fr\/de\/coaching-fuer-den-garten\/"]}]},{"@type":"ImageObject","inLanguage":"de","@id":"https:\/\/www.vallonchene.fr\/de\/coaching-fuer-den-garten\/#primaryimage","url":"https:\/\/www.vallonchene.fr\/wp-content\/uploads\/2023\/04\/Vallonchene-ACANTHUS_01.webp","contentUrl":"https:\/\/www.vallonchene.fr\/wp-content\/uploads\/2023\/04\/Vallonchene-ACANTHUS_01.webp","width":1200,"height":400,"caption":"Acanthus dans le jardin de Vallonch\u00eane"},{"@type":"BreadcrumbList","@id":"https:\/\/www.vallonchene.fr\/de\/coaching-fuer-den-garten\/#breadcrumb","itemListElement":[{"@type":"ListItem","position":1,"name":"Home","item":"https:\/\/www.vallonchene.fr\/de\/"},{"@type":"ListItem","position":2,"name":"Coaching f\u00fcr den Garten"}]},{"@type":"WebSite","@id":"https:\/\/www.vallonchene.fr\/de\/#website","url":"https:\/\/www.vallonchene.fr\/de\/","name":"Vallonch\u00eane","description":"Die Baumschule, bei der Qualit\u00e4t ihre Wurzeln hat \u2013 Tel.: +49 (0)6838-5399840","publisher":{"@id":"https:\/\/www.vallonchene.fr\/de\/#organization"},"potentialAction":[{"@type":"SearchAction","target":{"@type":"EntryPoint","urlTemplate":"https:\/\/www.vallonchene.fr\/de\/?s={search_term_string}"},"query-input":{"@type":"PropertyValueSpecification","valueRequired":true,"valueName":"search_term_string"}}],"inLanguage":"de"},{"@type":"Organization","@id":"https:\/\/www.vallonchene.fr\/de\/#organization","name":"VALLONCHENE","url":"https:\/\/www.vallonchene.fr\/de\/","logo":{"@type":"ImageObject","inLanguage":"de","@id":"https:\/\/www.vallonchene.fr\/de\/#\/schema\/logo\/image\/","url":"https:\/\/www.vallonchene.fr\/wp-content\/uploads\/2023\/03\/Logo-Vallonchene-site-et-R_hauteur_100.png","contentUrl":"https:\/\/www.vallonchene.fr\/wp-content\/uploads\/2023\/03\/Logo-Vallonchene-site-et-R_hauteur_100.png","width":221,"height":100,"caption":"VALLONCHENE"},"image":{"@id":"https:\/\/www.vallonchene.fr\/de\/#\/schema\/logo\/image\/"},"sameAs":["https:\/\/www.facebook.com\/vallonchene.fr","https:\/\/www.instagram.com\/vallonchene\/","https:\/\/www.pinterest.fr\/vallonchene\/"],"taxID":"49454502300017","hasMerchantReturnPolicy":{"@type":"MerchantReturnPolicy","merchantReturnLink":"https:\/\/www.vallonchene.fr\/remboursements_retours\/"}}]}},"_links":{"self":[{"href":"https:\/\/www.vallonchene.fr\/de\/wp-json\/wp\/v2\/pages\/27474","targetHints":{"allow":["GET"]}}],"collection":[{"href":"https:\/\/www.vallonchene.fr\/de\/wp-json\/wp\/v2\/pages"}],"about":[{"href":"https:\/\/www.vallonchene.fr\/de\/wp-json\/wp\/v2\/types\/page"}],"author":[{"embeddable":true,"href":"https:\/\/www.vallonchene.fr\/de\/wp-json\/wp\/v2\/users\/1"}],"replies":[{"embeddable":true,"href":"https:\/\/www.vallonchene.fr\/de\/wp-json\/wp\/v2\/comments?post=27474"}],"version-history":[{"count":0,"href":"https:\/\/www.vallonchene.fr\/de\/wp-json\/wp\/v2\/pages\/27474\/revisions"}],"wp:featuredmedia":[{"embeddable":true,"href":"https:\/\/www.vallonchene.fr\/de\/wp-json\/wp\/v2\/media\/27287"}],"wp:attachment":[{"href":"https:\/\/www.vallonchene.fr\/de\/wp-json\/wp\/v2\/media?parent=27474"}],"curies":[{"name":"wp","href":"https:\/\/api.w.org\/{rel}","templated":true}]}}