{"id":27280,"date":"2023-04-15T15:45:52","date_gmt":"2023-04-15T15:45:52","guid":{"rendered":"https:\/\/testing.vallonchene.fr\/?page_id=27280"},"modified":"2023-04-16T09:14:45","modified_gmt":"2023-04-16T09:14:45","slug":"kostenlose-hilfe-bei-der-gartengestaltung","status":"publish","type":"page","link":"https:\/\/www.vallonchene.fr\/de\/coaching-fuer-den-garten\/kostenlose-hilfe-bei-der-gartengestaltung\/","title":{"rendered":"Kostenlose Hilfe bei der Gartengestaltung"},"content":{"rendered":"<div class=\"wp-block-image\">\n<figure class=\"alignright size-full\"><a href=\"https:\/\/www.vallonchene.fr\/wp-content\/uploads\/2023\/04\/Vallonchene-ACANTHUS.webp\"><img decoding=\"async\" width=\"300\" height=\"225\" src=\"https:\/\/www.vallonchene.fr\/wp-content\/uploads\/2023\/04\/Vallonchene-ACANTHUS.webp\" alt=\"Vallonch\u00eane, vue du jardin\" class=\"wp-image-27263\" srcset=\"https:\/\/www.vallonchene.fr\/wp-content\/uploads\/2023\/04\/Vallonchene-ACANTHUS.webp 300w, https:\/\/www.vallonchene.fr\/wp-content\/uploads\/2023\/04\/Vallonchene-ACANTHUS-64x48.webp 64w\" sizes=\"(max-width: 300px) 100vw, 300px\" \/><\/a><figcaption class=\"wp-element-caption\">Eine Ansicht des <a href=\"https:\/\/jardin.vallonchene.fr\/de\/\" target=\"_blank\" rel=\"noreferrer noopener\">Vallonch\u00eane Gartens<\/a><\/figcaption><\/figure>\n<\/div>\n\n\n<p>Sie wissen nicht, wie Sie Ihren zuk\u00fcnftigen <strong>Garten anlegen<\/strong> sollen? Sie kennen nicht das Wachstumsverhalten, den idealen Standort, die Feuchtigkeitsanforderungen der Pflanzen \u2026? Wir sind da, um Ihnen zu helfen. Unsere <strong>kostenlose Hilfe bei der Gartengestaltung<\/strong> ist die L\u00f6sung.<\/p>\n\n\n\n<p>Machen Sie einfach einen Termin mit uns in unserer Baumschule und wir helfen Ihnen bei der Wahl und der Anordnung Ihrer Pflanzen. Anschlie\u00dfend k\u00f6nnen Sie mit den gekauften Pflanzen nach Hause fahren und in aller Ruhe Ihren Garten beginnen.<\/p>\n\n\n\n<p>Bringen Sie uns die Ma\u00dfe Ihrer Beete und einige Fotos (auf Papier oder Ihrem Handy). Wir machen dann einen Spaziergang durch unsere Baumschule: Sie zeigen uns die Pflanzen, die Ihnen gefallen und wir beraten Sie \u00fcber die Machbarkeit, schlagen Alternativen vor und k\u00fcmmern uns um die Platzierung im Beet. Anschlie\u00dfend \u00fcbertragen wir die Zusammenstellung auf ein Schema. Sie brauchen dann nur noch zu pflanzen unter Anwendung unserer zus\u00e4tzlichen \u201ePflanzenf\u00fchrer\u201c (ausgereicht bei jedem Verkauf).<\/p>\n","protected":false},"excerpt":{"rendered":"<p>Sie wissen nicht, wie Sie Ihren zuk\u00fcnftigen Garten anlegen sollen? Sie kennen nicht das Wachstumsverhalten, den idealen Standort, die Feuchtigkeitsanforderungen der Pflanzen \u2026? Wir sind da, um Ihnen zu helfen. Unsere kostenlose Hilfe bei der Gartengestaltung ist die L\u00f6sung. Machen Sie einfach einen Termin mit uns in unserer Baumschule und wir helfen Ihnen bei der [&hellip;]<\/p>\n","protected":false},"author":1,"featured_media":27480,"parent":27474,"menu_order":0,"comment_status":"closed","ping_status":"closed","template":"","meta":{"footnotes":""},"class_list":["post-27280","page","type-page","status-publish","has-post-thumbnail","hentry"],"yoast_head":"<!-- This site is optimized with the Yoast SEO Premium plugin v27.5 (Yoast SEO v27.5) - https:\/\/yoast.com\/product\/yoast-seo-premium-wordpress\/ -->\n<title>Kostenlose Hilfe bei der Gartengestaltung - Vallonch\u00eane<\/title>\n<meta name=\"description\" content=\"Wir bieten in unserer Baumschule eine kostenlose Hilfe bei der Gartengestaltung, damit Sie Ihren Traumgarten verwirklichen k\u00f6nnen.\" \/>\n<meta name=\"robots\" content=\"index, follow, max-snippet:-1, max-image-preview:large, max-video-preview:-1\" \/>\n<link rel=\"canonical\" href=\"https:\/\/www.vallonchene.fr\/de\/coaching-fuer-den-garten\/kostenlose-hilfe-bei-der-gartengestaltung\/\" \/>\n<meta property=\"og:locale\" content=\"de_DE\" \/>\n<meta property=\"og:type\" content=\"article\" \/>\n<meta property=\"og:title\" content=\"Kostenlose Hilfe bei der Gartengestaltung\" \/>\n<meta property=\"og:description\" content=\"Wir bieten in unserer Baumschule eine kostenlose Hilfe bei der Gartengestaltung, damit Sie Ihren Traumgarten verwirklichen k\u00f6nnen.\" \/>\n<meta property=\"og:url\" content=\"https:\/\/www.vallonchene.fr\/de\/coaching-fuer-den-garten\/kostenlose-hilfe-bei-der-gartengestaltung\/\" \/>\n<meta property=\"og:site_name\" content=\"Vallonch\u00eane\" \/>\n<meta property=\"article:publisher\" content=\"https:\/\/www.facebook.com\/vallonchene.fr\" \/>\n<meta property=\"article:modified_time\" content=\"2023-04-16T09:14:45+00:00\" \/>\n<meta property=\"og:image\" content=\"https:\/\/www.vallonchene.fr\/wp-content\/uploads\/2023\/04\/Vallonchene-jardin_01.webp\" \/>\n\t<meta property=\"og:image:width\" content=\"1200\" \/>\n\t<meta property=\"og:image:height\" content=\"400\" \/>\n\t<meta property=\"og:image:type\" content=\"image\/webp\" \/>\n<meta name=\"twitter:card\" content=\"summary_large_image\" \/>\n<meta name=\"twitter:label1\" content=\"Gesch\u00e4tzte Lesezeit\" \/>\n\t<meta name=\"twitter:data1\" content=\"2\u00a0Minuten\" \/>\n<script type=\"application\/ld+json\" class=\"yoast-schema-graph\">{\"@context\":\"https:\\\/\\\/schema.org\",\"@graph\":[{\"@type\":\"WebPage\",\"@id\":\"https:\\\/\\\/www.vallonchene.fr\\\/de\\\/coaching-fuer-den-garten\\\/kostenlose-hilfe-bei-der-gartengestaltung\\\/\",\"url\":\"https:\\\/\\\/www.vallonchene.fr\\\/de\\\/coaching-fuer-den-garten\\\/kostenlose-hilfe-bei-der-gartengestaltung\\\/\",\"name\":\"Kostenlose Hilfe bei der Gartengestaltung - Vallonch\u00eane\",\"isPartOf\":{\"@id\":\"https:\\\/\\\/www.vallonchene.fr\\\/de\\\/#website\"},\"primaryImageOfPage\":{\"@id\":\"https:\\\/\\\/www.vallonchene.fr\\\/de\\\/coaching-fuer-den-garten\\\/kostenlose-hilfe-bei-der-gartengestaltung\\\/#primaryimage\"},\"image\":{\"@id\":\"https:\\\/\\\/www.vallonchene.fr\\\/de\\\/coaching-fuer-den-garten\\\/kostenlose-hilfe-bei-der-gartengestaltung\\\/#primaryimage\"},\"thumbnailUrl\":\"https:\\\/\\\/www.vallonchene.fr\\\/wp-content\\\/uploads\\\/2023\\\/04\\\/Vallonchene-jardin_01.webp\",\"datePublished\":\"2023-04-15T15:45:52+00:00\",\"dateModified\":\"2023-04-16T09:14:45+00:00\",\"description\":\"Wir bieten in unserer Baumschule eine kostenlose Hilfe bei der Gartengestaltung, damit Sie Ihren Traumgarten verwirklichen k\u00f6nnen.\",\"breadcrumb\":{\"@id\":\"https:\\\/\\\/www.vallonchene.fr\\\/de\\\/coaching-fuer-den-garten\\\/kostenlose-hilfe-bei-der-gartengestaltung\\\/#breadcrumb\"},\"inLanguage\":\"de\",\"potentialAction\":[{\"@type\":\"ReadAction\",\"target\":[\"https:\\\/\\\/www.vallonchene.fr\\\/de\\\/coaching-fuer-den-garten\\\/kostenlose-hilfe-bei-der-gartengestaltung\\\/\"]}]},{\"@type\":\"ImageObject\",\"inLanguage\":\"de\",\"@id\":\"https:\\\/\\\/www.vallonchene.fr\\\/de\\\/coaching-fuer-den-garten\\\/kostenlose-hilfe-bei-der-gartengestaltung\\\/#primaryimage\",\"url\":\"https:\\\/\\\/www.vallonchene.fr\\\/wp-content\\\/uploads\\\/2023\\\/04\\\/Vallonchene-jardin_01.webp\",\"contentUrl\":\"https:\\\/\\\/www.vallonchene.fr\\\/wp-content\\\/uploads\\\/2023\\\/04\\\/Vallonchene-jardin_01.webp\",\"width\":1200,\"height\":400,\"caption\":\"Vue en transparence du g\u00eete de Vallonch\u00eane\"},{\"@type\":\"BreadcrumbList\",\"@id\":\"https:\\\/\\\/www.vallonchene.fr\\\/de\\\/coaching-fuer-den-garten\\\/kostenlose-hilfe-bei-der-gartengestaltung\\\/#breadcrumb\",\"itemListElement\":[{\"@type\":\"ListItem\",\"position\":1,\"name\":\"Home\",\"item\":\"https:\\\/\\\/www.vallonchene.fr\\\/de\\\/\"},{\"@type\":\"ListItem\",\"position\":2,\"name\":\"Coaching f\u00fcr den Garten\",\"item\":\"https:\\\/\\\/www.vallonchene.fr\\\/de\\\/coaching-pour-le-jardin\\\/\"},{\"@type\":\"ListItem\",\"position\":3,\"name\":\"Kostenlose Hilfe bei der Gartengestaltung\"}]},{\"@type\":\"WebSite\",\"@id\":\"https:\\\/\\\/www.vallonchene.fr\\\/de\\\/#website\",\"url\":\"https:\\\/\\\/www.vallonchene.fr\\\/de\\\/\",\"name\":\"Vallonch\u00eane\",\"description\":\"Die Baumschule, bei der Qualit\u00e4t ihre Wurzeln hat \u2013 Tel.: +49 (0)6838-5399840\",\"publisher\":{\"@id\":\"https:\\\/\\\/www.vallonchene.fr\\\/de\\\/#organization\"},\"potentialAction\":[{\"@type\":\"SearchAction\",\"target\":{\"@type\":\"EntryPoint\",\"urlTemplate\":\"https:\\\/\\\/www.vallonchene.fr\\\/de\\\/?s={search_term_string}\"},\"query-input\":{\"@type\":\"PropertyValueSpecification\",\"valueRequired\":true,\"valueName\":\"search_term_string\"}}],\"inLanguage\":\"de\"},{\"@type\":\"Organization\",\"@id\":\"https:\\\/\\\/www.vallonchene.fr\\\/de\\\/#organization\",\"name\":\"VALLONCHENE\",\"url\":\"https:\\\/\\\/www.vallonchene.fr\\\/de\\\/\",\"logo\":{\"@type\":\"ImageObject\",\"inLanguage\":\"de\",\"@id\":\"https:\\\/\\\/www.vallonchene.fr\\\/de\\\/#\\\/schema\\\/logo\\\/image\\\/\",\"url\":\"https:\\\/\\\/www.vallonchene.fr\\\/wp-content\\\/uploads\\\/2023\\\/03\\\/Logo-Vallonchene-site-et-R_hauteur_100.png\",\"contentUrl\":\"https:\\\/\\\/www.vallonchene.fr\\\/wp-content\\\/uploads\\\/2023\\\/03\\\/Logo-Vallonchene-site-et-R_hauteur_100.png\",\"width\":221,\"height\":100,\"caption\":\"VALLONCHENE\"},\"image\":{\"@id\":\"https:\\\/\\\/www.vallonchene.fr\\\/de\\\/#\\\/schema\\\/logo\\\/image\\\/\"},\"sameAs\":[\"https:\\\/\\\/www.facebook.com\\\/vallonchene.fr\",\"https:\\\/\\\/www.instagram.com\\\/vallonchene\\\/\",\"https:\\\/\\\/www.pinterest.fr\\\/vallonchene\\\/\"],\"taxID\":\"49454502300017\",\"hasMerchantReturnPolicy\":{\"@type\":\"MerchantReturnPolicy\",\"merchantReturnLink\":\"https:\\\/\\\/www.vallonchene.fr\\\/remboursements_retours\\\/\"}}]}<\/script>\n<!-- \/ Yoast SEO Premium plugin. -->","yoast_head_json":{"title":"Kostenlose Hilfe bei der Gartengestaltung - Vallonch\u00eane","description":"Wir bieten in unserer Baumschule eine kostenlose Hilfe bei der Gartengestaltung, damit Sie Ihren Traumgarten verwirklichen k\u00f6nnen.","robots":{"index":"index","follow":"follow","max-snippet":"max-snippet:-1","max-image-preview":"max-image-preview:large","max-video-preview":"max-video-preview:-1"},"canonical":"https:\/\/www.vallonchene.fr\/de\/coaching-fuer-den-garten\/kostenlose-hilfe-bei-der-gartengestaltung\/","og_locale":"de_DE","og_type":"article","og_title":"Kostenlose Hilfe bei der Gartengestaltung","og_description":"Wir bieten in unserer Baumschule eine kostenlose Hilfe bei der Gartengestaltung, damit Sie Ihren Traumgarten verwirklichen k\u00f6nnen.","og_url":"https:\/\/www.vallonchene.fr\/de\/coaching-fuer-den-garten\/kostenlose-hilfe-bei-der-gartengestaltung\/","og_site_name":"Vallonch\u00eane","article_publisher":"https:\/\/www.facebook.com\/vallonchene.fr","article_modified_time":"2023-04-16T09:14:45+00:00","og_image":[{"width":1200,"height":400,"url":"https:\/\/www.vallonchene.fr\/wp-content\/uploads\/2023\/04\/Vallonchene-jardin_01.webp","type":"image\/webp"}],"twitter_card":"summary_large_image","twitter_misc":{"Gesch\u00e4tzte Lesezeit":"2\u00a0Minuten"},"schema":{"@context":"https:\/\/schema.org","@graph":[{"@type":"WebPage","@id":"https:\/\/www.vallonchene.fr\/de\/coaching-fuer-den-garten\/kostenlose-hilfe-bei-der-gartengestaltung\/","url":"https:\/\/www.vallonchene.fr\/de\/coaching-fuer-den-garten\/kostenlose-hilfe-bei-der-gartengestaltung\/","name":"Kostenlose Hilfe bei der Gartengestaltung - Vallonch\u00eane","isPartOf":{"@id":"https:\/\/www.vallonchene.fr\/de\/#website"},"primaryImageOfPage":{"@id":"https:\/\/www.vallonchene.fr\/de\/coaching-fuer-den-garten\/kostenlose-hilfe-bei-der-gartengestaltung\/#primaryimage"},"image":{"@id":"https:\/\/www.vallonchene.fr\/de\/coaching-fuer-den-garten\/kostenlose-hilfe-bei-der-gartengestaltung\/#primaryimage"},"thumbnailUrl":"https:\/\/www.vallonchene.fr\/wp-content\/uploads\/2023\/04\/Vallonchene-jardin_01.webp","datePublished":"2023-04-15T15:45:52+00:00","dateModified":"2023-04-16T09:14:45+00:00","description":"Wir bieten in unserer Baumschule eine kostenlose Hilfe bei der Gartengestaltung, damit Sie Ihren Traumgarten verwirklichen k\u00f6nnen.","breadcrumb":{"@id":"https:\/\/www.vallonchene.fr\/de\/coaching-fuer-den-garten\/kostenlose-hilfe-bei-der-gartengestaltung\/#breadcrumb"},"inLanguage":"de","potentialAction":[{"@type":"ReadAction","target":["https:\/\/www.vallonchene.fr\/de\/coaching-fuer-den-garten\/kostenlose-hilfe-bei-der-gartengestaltung\/"]}]},{"@type":"ImageObject","inLanguage":"de","@id":"https:\/\/www.vallonchene.fr\/de\/coaching-fuer-den-garten\/kostenlose-hilfe-bei-der-gartengestaltung\/#primaryimage","url":"https:\/\/www.vallonchene.fr\/wp-content\/uploads\/2023\/04\/Vallonchene-jardin_01.webp","contentUrl":"https:\/\/www.vallonchene.fr\/wp-content\/uploads\/2023\/04\/Vallonchene-jardin_01.webp","width":1200,"height":400,"caption":"Vue en transparence du g\u00eete de Vallonch\u00eane"},{"@type":"BreadcrumbList","@id":"https:\/\/www.vallonchene.fr\/de\/coaching-fuer-den-garten\/kostenlose-hilfe-bei-der-gartengestaltung\/#breadcrumb","itemListElement":[{"@type":"ListItem","position":1,"name":"Home","item":"https:\/\/www.vallonchene.fr\/de\/"},{"@type":"ListItem","position":2,"name":"Coaching f\u00fcr den Garten","item":"https:\/\/www.vallonchene.fr\/de\/coaching-pour-le-jardin\/"},{"@type":"ListItem","position":3,"name":"Kostenlose Hilfe bei der Gartengestaltung"}]},{"@type":"WebSite","@id":"https:\/\/www.vallonchene.fr\/de\/#website","url":"https:\/\/www.vallonchene.fr\/de\/","name":"Vallonch\u00eane","description":"Die Baumschule, bei der Qualit\u00e4t ihre Wurzeln hat \u2013 Tel.: +49 (0)6838-5399840","publisher":{"@id":"https:\/\/www.vallonchene.fr\/de\/#organization"},"potentialAction":[{"@type":"SearchAction","target":{"@type":"EntryPoint","urlTemplate":"https:\/\/www.vallonchene.fr\/de\/?s={search_term_string}"},"query-input":{"@type":"PropertyValueSpecification","valueRequired":true,"valueName":"search_term_string"}}],"inLanguage":"de"},{"@type":"Organization","@id":"https:\/\/www.vallonchene.fr\/de\/#organization","name":"VALLONCHENE","url":"https:\/\/www.vallonchene.fr\/de\/","logo":{"@type":"ImageObject","inLanguage":"de","@id":"https:\/\/www.vallonchene.fr\/de\/#\/schema\/logo\/image\/","url":"https:\/\/www.vallonchene.fr\/wp-content\/uploads\/2023\/03\/Logo-Vallonchene-site-et-R_hauteur_100.png","contentUrl":"https:\/\/www.vallonchene.fr\/wp-content\/uploads\/2023\/03\/Logo-Vallonchene-site-et-R_hauteur_100.png","width":221,"height":100,"caption":"VALLONCHENE"},"image":{"@id":"https:\/\/www.vallonchene.fr\/de\/#\/schema\/logo\/image\/"},"sameAs":["https:\/\/www.facebook.com\/vallonchene.fr","https:\/\/www.instagram.com\/vallonchene\/","https:\/\/www.pinterest.fr\/vallonchene\/"],"taxID":"49454502300017","hasMerchantReturnPolicy":{"@type":"MerchantReturnPolicy","merchantReturnLink":"https:\/\/www.vallonchene.fr\/remboursements_retours\/"}}]}},"_links":{"self":[{"href":"https:\/\/www.vallonchene.fr\/de\/wp-json\/wp\/v2\/pages\/27280","targetHints":{"allow":["GET"]}}],"collection":[{"href":"https:\/\/www.vallonchene.fr\/de\/wp-json\/wp\/v2\/pages"}],"about":[{"href":"https:\/\/www.vallonchene.fr\/de\/wp-json\/wp\/v2\/types\/page"}],"author":[{"embeddable":true,"href":"https:\/\/www.vallonchene.fr\/de\/wp-json\/wp\/v2\/users\/1"}],"replies":[{"embeddable":true,"href":"https:\/\/www.vallonchene.fr\/de\/wp-json\/wp\/v2\/comments?post=27280"}],"version-history":[{"count":0,"href":"https:\/\/www.vallonchene.fr\/de\/wp-json\/wp\/v2\/pages\/27280\/revisions"}],"up":[{"embeddable":true,"href":"https:\/\/www.vallonchene.fr\/de\/wp-json\/wp\/v2\/pages\/27474"}],"wp:featuredmedia":[{"embeddable":true,"href":"https:\/\/www.vallonchene.fr\/de\/wp-json\/wp\/v2\/media\/27480"}],"wp:attachment":[{"href":"https:\/\/www.vallonchene.fr\/de\/wp-json\/wp\/v2\/media?parent=27280"}],"curies":[{"name":"wp","href":"https:\/\/api.w.org\/{rel}","templated":true}]}}