{"id":27239,"date":"2023-04-15T12:50:16","date_gmt":"2023-04-15T11:50:16","guid":{"rendered":"https:\/\/testing.vallonchene.fr\/?page_id=27239"},"modified":"2024-12-06T15:16:29","modified_gmt":"2024-12-06T14:16:29","slug":"nutzungsbedingungen","status":"publish","type":"page","link":"https:\/\/www.vallonchene.fr\/de\/nutzungsbedingungen\/","title":{"rendered":"Nutzungsbedingungen"},"content":{"rendered":"\n<p>1. Zustandekommen des Vertrags<\/p>\n\n\n\n<p>Mit Ihrer Bestellung geben Sie ein verbindliches Angebot an uns ab, einen Vertrag mit Ihnen zu schlie\u00dfen. Mit der Zusendung einer Auftragsbest\u00e4tigung per E-Mail an Sie oder der Lieferung der bestellten Ware k\u00f6nnen wir dieses Angebot annehmen. Zun\u00e4chst erhalten Sie eine Best\u00e4tigung des Eingangs Ihrer Bestellung per E-Mail an die von Ihnen angegebene E-Mail-Adresse (Bestellbest\u00e4tigung). Ein Kaufvertrag kommt jedoch erst mit dem Versand unserer Auftragsbest\u00e4tigung per E-Mail an Sie oder mit der Lieferung der bestellten Ware zustande.<\/p>\n\n\n\n<p>1.1&nbsp;Name, Anschrift u. Informationen zum Betreiber von www.vallonchene.fr<\/p>\n\n\n\n<p>VALLONCHENE<br>1426, chemin d&#8217;Atteville<br>76440 SOMMERY, Frankreich<\/p>\n\n\n\n<p>T\u00e9l. : 02 35 90 02 02<br>E-mail : office at vallonchene Punkt fr<\/p>\n\n\n\n<p>Handelsregistrer: Dieppe (76), Frankreich<br>Registernummer: 49454502300017<br>EU-USt.-ID: FR02494545023<\/p>\n\n\n\n<p>2. Eigentumsvorbehalt<\/p>\n\n\n\n<p>Die gelieferte Ware bleibt bis zur vollst\u00e4ndigen Bezahlung aller Forderungen unser Eigentum.<\/p>\n\n\n\n<p>3. Preise, Versandkosten, R\u00fccksendekosten bei Widerruf<\/p>\n\n\n\n<p>Alle Preise sind Endpreise, sie enthalten die gesetzliche Mehrwertsteuer.<br>Soweit Sie von einem bestehenden Widerrufsrecht Gebrauch machen, haben Sie die regelm\u00e4\u00dfigen Kosten der R\u00fccksendung zu tragen, wenn die gelieferte Ware der bestellten entspricht.<\/p>\n\n\n\n<p>4. Lieferbedingungen<\/p>\n\n\n\n<p>Sofern nicht beim Angebot anders angegeben, bringen wir die Ware innerhalb von 2 Werktagen nach Zahlungseingang in den Versand. Bei Lieferung auf Rechnung oder Zahlung per Lastschrift bringen wir die Ware, sofern nicht beim Angebot anders angegeben, innerhalb von 2 Werktagen nach Zustellung der Auftragsbest\u00e4tigung in den Versand.<br>Sollte es sich bei den bestellten Artikeln um Pflanzen handeln, so k\u00f6nnen wir den Versand vor\u00fcbergehend einstellen, wenn die Klimabedinungen (Hitze oder K\u00e4lte) die Qualit\u00e4t der Pflanzen w\u00e4hrend des Transports beeintr\u00e4chtigen k\u00f6nnte.<br>Eine R\u00fccksendung der Waren kann nur nach vorheriger und ausdr\u00fccklicher schriftlicher Genehmigung des Verk\u00e4ufers erfolgen.<\/p>\n\n\n\n<p>5. Zahlungsbedingungen<\/p>\n\n\n\n<p>Die Zahlung erfolgt wahlweise per Vorkasse durch Vorab-\u00dcberweisung oder per Kreditkarte. Wir behalten uns vor, einzelne Zahlungsarten auszuschlie\u00dfen. Bei Wahl der Zahlungsart Vorkasse nennen wir Ihnen die Bankverbindung in der Auftragsbest\u00e4tigung. Der Rechnungsbetrag ist binnen 5 Tagen auf unser Konto zu \u00fcberweisen. Ein Zur\u00fcckbehaltungsrecht k\u00f6nnen Sie nur aus\u00fcben, soweit die Anspr\u00fcche aus dem gleichen Vertragsverh\u00e4ltnis resultieren.<\/p>\n\n\n\n<p>6. Gew\u00e4hrleistung<\/p>\n\n\n\n<p>Die Gew\u00e4hrleistung richtet sich nach den gesetzlichen Bestimmungen. Soweit gebrauchte Waren Gegenstand des Kaufvertrags sind und der K\u00e4ufer nicht Verbraucher ist, wird die Gew\u00e4hrleistung ausgeschlossen.<\/p>\n\n\n\n<p>Der Verk\u00e4ufer liefert eine vertragsgem\u00e4\u00dfe Ware und haftet f\u00fcr alle zum Zeitpunkt der Lieferung bestehenden Vertragswidrigkeiten. Er haftet auch f\u00fcr M\u00e4ngel, die sich aus der Verpackung, der Montageanleitung oder der Installation ergeben, wenn sie ihm vertraglich zugerechnet oder unter seiner Verantwortung durchgef\u00fchrt wurden.<\/p>\n\n\n\n<ul class=\"wp-block-list\">\n<li>Der K\u00e4ufer hat eine Frist von zwei Jahren ab \u00dcbergabe der Immobilie, um zu handeln.<\/li>\n\n\n\n<li>Der K\u00e4ufer kann zwischen der Reparatur oder dem Ersatz der Ware w\u00e4hlen. Der Verk\u00e4ufer darf jedoch nicht nach Wahl des K\u00e4ufers vorgehen, wenn diese Wahl im Hinblick auf den Wert der Ware oder die Bedeutung des Mangels mit offensichtlich unverh\u00e4ltnism\u00e4\u00dfigen Kosten im Vergleich zu der anderen Methode verbunden ist. Er ist dann verpflichtet, nach der vom K\u00e4ufer nicht gew\u00e4hlten Methode vorzugehen, sofern dies nicht unm\u00f6glich ist.<\/li>\n\n\n\n<li>Der K\u00e4ufer ist w\u00e4hrend der sechs Monate nach Lieferung der Ware vom Nachweis der Vertragswidrigkeit der Ware befreit. Diese Frist verl\u00e4ngert sich ab dem 18. M\u00e4rz 2016 auf vierundzwanzig Monate, mit Ausnahme von Gebrauchtwaren.<\/li>\n<\/ul>\n\n\n\n<p>Die gesetzliche Konformit\u00e4tsgarantie gilt unabh\u00e4ngig von einer eventuell gew\u00e4hrten gewerblichen Garantie.<br>Der Verk\u00e4ufer ist an die Garantie wegen versteckter M\u00e4ngel der verkauften Sache gebunden, die sie f\u00fcr den bestimmungsgem\u00e4\u00dfen Gebrauch ungeeignet machen oder diesen Gebrauch so beeintr\u00e4chtigen, dass der K\u00e4ufer sie nicht erworben h\u00e4tte oder einen geringeren Preis bezahlt h\u00e4tte, wenn er sie gekannt h\u00e4tte.<br>Alle auf www.vallonchene.fr aufgegebenen Bestellungen unterliegen franz\u00f6sischem Recht.<\/p>\n\n\n\n<p>6.1 R\u00fccktrittsrecht<\/p>\n\n\n\n<p>Der Verbraucher hat eine Frist von 14 Tagen, um ohne Angabe von Gr\u00fcnden zur\u00fcckzutreten oder Strafen zu zahlen, mit Ausnahme der Kosten f\u00fcr die R\u00fccksendung des Produkts:<\/p>\n\n\n\n<p>ab Erhalt seines Einkaufs (Warenverkauf),<\/p>\n\n\n\n<p>ab Annahme des Angebots zur Erbringung von Dienstleistungen.<\/p>\n\n\n\n<p>Der Verk\u00e4ufer oder Dienstleister erstattet dem K\u00e4ufer so schnell wie m\u00f6glich und sp\u00e4testens innerhalb von drei\u00dfig Tagen nach dem R\u00fccktrittsdatum.<\/p>\n\n\n\n<p>Die Produkte m\u00fcssen in der Originalverpackung und in neuem Zustand an VALLONCHENE SARL zur\u00fcckgesendet werden.<\/p>\n\n\n\n<p>BESTELLUNGEN F\u00dcR PFLANZEN MIT NACKTEN WURZELN gelten aufgrund ihrer \u00e4u\u00dferst prek\u00e4ren Situation und verbunden mit einer sehr reduzierten Saisonalit\u00e4t als ma\u00dfgeschneiderte Bestellungen und sind daher gem\u00e4\u00df dem Gesetz vom Widerrufsrecht ausgeschlossen.<\/p>\n\n\n\n<p><a href=\"\/wp-content\/uploads\/2023\/04\/Widerrufsformular_DE.pdf\" target=\"_blank\" rel=\"noreferrer noopener\">Das Widerrufsformular k\u00f6nnen Sie hier herunterladen.<\/a><\/p>\n\n\n\n<p>7. Datenschutz<\/p>\n\n\n\n<p>Bei Anbahnung, Abschluss, Abwicklung und R\u00fcckabwicklung eines Kaufvertrages werden von uns Daten im Rahmen der gesetzlichen Bestimmungen erhoben, gespeichert und verarbeitet.Beim Besuch unseres Internetangebots werden die aktuell von Ihrem PC verwendete IP-Adresse, Datum und Uhrzeit, der Browsertyp und das Betriebssystem Ihres PC sowie die von Ihnen betrachteten Seiten protokolliert. R\u00fcckschl\u00fcsse auf personenbezogene Daten sind uns damit jedoch nicht m\u00f6glich und auch nicht beabsichtigt.Die personenbezogenen Daten, die Sie uns z. B. bei einer Bestellung oder per E-Mail mitteilen (z. B. Ihr Name und Ihre Kontaktdaten), werden nur zur Korrespondenz mit Ihnen und nur f\u00fcr den Zweck verarbeitet, zu dem Sie uns die Daten zur Verf\u00fcgung gestellt haben. Wir geben Ihre Daten nur an das mit der Lieferung beauftragte Versandunternehmen weiter, soweit dies zur Lieferung der Waren notwendig ist. Zur Abwicklung von Zahlungen geben wir Ihre Zahlungsdaten an das mit der Zahlung beauftragte Kreditinstitut weiter.Wir versichern, dass wir Ihre personenbezogenen Daten im \u00dcbrigen nicht an Dritte weitergeben, es sei denn, dass wir dazu gesetzlich verpflichtet w\u00e4ren oder Sie vorher ausdr\u00fccklich eingewilligt haben. Soweit wir zur Durchf\u00fchrung und Abwicklung von Verarbeitungsprozessen Dienstleistungen Dritter in Anspruch nehmen, werden die Bestimmungen des Bundesdatenschutzgesetzes eingehalten.Dauer der SpeicherungPersonenbezogene Daten, die uns \u00fcber unsere Website mitgeteilt worden sind, werden nur so lange gespeichert, bis der Zweck erf\u00fcllt ist, zu dem sie uns anvertraut wurden. Soweit handels- und steuerrechtliche Aufbewahrungsfristen zu beachten sind, kann die Dauer der Speicherung bestimmter Daten bis zu 10 Jahre betragen.Ihre RechteSollten Sie mit der Speicherung Ihrer personenbezogenen Daten nicht mehr einverstanden oder diese unrichtig geworden sein, werden wir auf eine entsprechende Weisung hin im Rahmen der gesetzlichen Bestimmungen die L\u00f6schung, Korrektur oder Sperrung Ihrer Daten veranlassen. Auf Wunsch erhalten Sie unentgeltlich Auskunft \u00fcber alle personenbezogenen Daten, die wir \u00fcber Sie gespeichert haben. Bei Fragen zur Erhebung, Verarbeitung oder Nutzung Ihrer personenbezogenen Daten, f\u00fcr Ausk\u00fcnfte, Berichtigung, Sperrung oder L\u00f6schung von Daten wenden Sie sich bitte an:VALLONCHENE SARL1426, chemin d&#8217;Atteville76440 SOMMERYFranceSoweit wir von unserem Internetangebot auf die Webseiten Dritter verweisen oder verlinken, k\u00f6nnen wir keine Gew\u00e4hr und Haftung f\u00fcr die Richtigkeit bzw. Vollst\u00e4ndigkeit der Inhalte und die Datensicherheit dieser Websites \u00fcbernehmen. Da wir keinen Einfluss auf die Einhaltung datenschutzrechtlicher Bestimmungen durch Dritte haben, sollten Sie die jeweils angebotenen Datenschutzerkl\u00e4rungen gesondert pr\u00fcfen. [Jeder Betreiber eines Online-Shops ist gem. \u00a7 13 Telemediengesetz verpflichtet, eine sog. Datenschutzerkl\u00e4rung bereitzustellen. Diese sollte wie das Impressum von jeder Seite aus mit einem Klick erreichbar sein und mit &#8218;Datenschutz&#8216; oder &#8218;Datenschutzerkl\u00e4rung&#8216; bezeichnet werden. F\u00fcr diese Erkl\u00e4rung kann z. B. der (ggf. individuell angepasste) Text von Ziffer 8 dieser Muster-AGB verwendet werden.<\/p>\n\n\n\n<p>8. Anwendbares Recht<\/p>\n\n\n\n<p>Es gilt ausschlie\u00dflich franz\u00f6sisches Recht. Gegen\u00fcber einem Verbraucher gilt diese Rechtswahl nur insoweit, als dadurch keine zwingenden gesetzlichen Bestimmungen des Staates, in dem er seinen Wohnsitz oder gew\u00f6hnlichen Aufenthalt hat, eingeschr\u00e4nkt werden.<\/p>\n\n\n\n<p>9.&nbsp;Streitigkeiten<\/p>\n\n\n\n<p>Falls Sie trotz all unserer Bem\u00fchungen Produkte und Dienstleistungen von h\u00f6chster Qualit\u00e4t zu liefern ein Problem haben, nehmen Sie bitte UMGEHEND mit uns Kontakt auf (siehe 1.1), damit wir Ihnen so gut wie m\u00f6glich helfen k\u00f6nnen.<\/p>\n\n\n\n<p>Dar\u00fcber hinaus k\u00f6nnen Sie dann die&nbsp;<a href=\"https:\/\/ec.europa.eu\/consumers\/odr\/main\/index.cfm?event=main.home2.show&amp;lng=DE\">Plattform der EU-Kommission zur Online-Streitbeilegung (bitte hier klicken)<\/a>&nbsp;kontaktieren.<\/p>\n\n\n\n<p>11. Fehler, Ungenauigkeiten und Auslassungen<\/p>\n\n\n\n<p>Gelegentlich k\u00f6nnen auf unserer Website oder im Service Informationen enthalten sein, die typografische Fehler,<sup><\/sup> Ungenauigkeiten oder Auslassungen enthalten, die sich auf Produktbeschreibungen, Preise, Werbeaktionen,<sup><\/sup> Angebote, Versandkosten f\u00fcr Produkte, Laufzeiten und Verf\u00fcgbarkeit beziehen. Wir behalten uns das Recht vor, alle Fehler, Ungenauigkeiten oder Auslassungen zu korrigieren und Informationen zu \u00e4ndern oder zu aktualisieren oder Bestellungen<sup><\/sup> zu stornieren, wenn irgendwelche Informationen im Service oder auf einer verwandten Website<sup><\/sup> zu irgendeinem Zeitpunkt ungenau sind, ohne vorherige Ank\u00fcndigung (auch nachdem Sie Ihre Bestellung aufgegeben haben). &nbsp;<\/p>\n\n\n\n<h3 class=\"wp-block-heading\" id=\"h-anhang\">Anhang<\/h3>\n\n\n\n<p>Nutzungsbedingungen f\u00fcr Produktbewertungen und Kommentare<\/p>\n\n\n\n<p>F\u00fcr die Erstellung von Rezensionen zu den auf www.vallonchene.fr pr\u00e4sentierten Produkten gelten die folgenden Regeln. Diese Regeln k\u00f6nnen ohne vorherige Ank\u00fcndigung ge\u00e4ndert werden und Kommentare, die die ge\u00e4nderten Bedingungen nicht mehr erf\u00fcllen, werden ohne vorherige Ank\u00fcndigung entfernt.<\/p>\n\n\n\n<p>Um einen Produktkommentar schreiben zu k\u00f6nnen, muss der Nutzer folgende Bedingungen erf\u00fcllen:<\/p>\n\n\n\n<p>1. Der Benutzer muss ein Konto auf www.vallonchene.fr erstellen. Dazu muss der Benutzer kein Vallonch\u00eane-Kunde sein.<\/p>\n\n\n\n<p>2. Der Nutzer muss mit einer funktionierenden E-Mail-Adresse einwandfrei identifizierbar sein und seinen Vor- und Nachnamen angeben. Beim Posten des Kommentars wird bei der Bewertung nur der Vorname gefolgt vom Anfangsbuchstaben des Nachnamens angezeigt.<\/p>\n\n\n\n<p>Vallonch\u00eane beh\u00e4lt sich das Recht vor, nach der Vermittlung von Benutzern verfasste Kommentare zu ver\u00f6ffentlichen oder nicht zu ver\u00f6ffentlichen.<\/p>\n\n\n\n<p>Produktkommentare m\u00fcssen sich ausschlie\u00dflich auf das betreffende Produkt beschr\u00e4nken und d\u00fcrfen in keinem Fall mit Vallonch\u00eane oder seinen Dienstleistungen in Verbindung gebracht werden. Dieser Service ist ausschlie\u00dflich Produkten vorbehalten.<br>Handelt es sich bei dem Produkt um eine Pflanze, sind nur Kommentare zur Pflanze selbst erlaubt, z.B. Ihre pers\u00f6nliche Erfahrung im Garten mit der Pflanze, das botanische Interesse, die K\u00e4ltebest\u00e4ndigkeit, die dekorativen Merkmale etc.<\/p>\n\n\n\n<p>Die verwendeten Worte und die verwendete Sprache m\u00fcssen h\u00f6flich und herzlich bleiben und die Verhaltensregeln respektieren.<\/p>\n\n\n\n<p>Grunds\u00e4tzlich entfernen wir keine Kommentare eines Nutzers. Sollte sich jedoch herausstellen, dass Sie diesen Dienst missbrauchen, wird Ihr Konto deaktiviert und alle mit Ihrem Konto verbundenen Hinweise werden gel\u00f6scht.<\/p>\n","protected":false},"excerpt":{"rendered":"<p>1. Zustandekommen des Vertrags Mit Ihrer Bestellung geben Sie ein verbindliches Angebot an uns ab, einen Vertrag mit Ihnen zu schlie\u00dfen. Mit der Zusendung einer Auftragsbest\u00e4tigung per E-Mail an Sie oder der Lieferung der bestellten Ware k\u00f6nnen wir dieses Angebot annehmen. Zun\u00e4chst erhalten Sie eine Best\u00e4tigung des Eingangs Ihrer Bestellung per E-Mail an die von [&hellip;]<\/p>\n","protected":false},"author":1,"featured_media":0,"parent":0,"menu_order":0,"comment_status":"closed","ping_status":"closed","template":"","meta":{"footnotes":""},"class_list":["post-27239","page","type-page","status-publish","hentry"],"yoast_head":"<!-- This site is optimized with the Yoast SEO Premium plugin v27.5 (Yoast SEO v27.5) - https:\/\/yoast.com\/product\/yoast-seo-premium-wordpress\/ -->\n<title>Nutzungsbedingungen - Vallonch\u00eane<\/title>\n<meta name=\"robots\" content=\"index, follow, max-snippet:-1, max-image-preview:large, max-video-preview:-1\" \/>\n<link rel=\"canonical\" href=\"https:\/\/www.vallonchene.fr\/de\/nutzungsbedingungen\/\" \/>\n<meta property=\"og:locale\" content=\"de_DE\" \/>\n<meta property=\"og:type\" content=\"article\" \/>\n<meta property=\"og:title\" content=\"Nutzungsbedingungen\" \/>\n<meta property=\"og:description\" content=\"1. Zustandekommen des Vertrags Mit Ihrer Bestellung geben Sie ein verbindliches Angebot an uns ab, einen Vertrag mit Ihnen zu schlie\u00dfen. Mit der Zusendung einer Auftragsbest\u00e4tigung per E-Mail an Sie oder der Lieferung der bestellten Ware k\u00f6nnen wir dieses Angebot annehmen. Zun\u00e4chst erhalten Sie eine Best\u00e4tigung des Eingangs Ihrer Bestellung per E-Mail an die von [&hellip;]\" \/>\n<meta property=\"og:url\" content=\"https:\/\/www.vallonchene.fr\/de\/nutzungsbedingungen\/\" \/>\n<meta property=\"og:site_name\" content=\"Vallonch\u00eane\" \/>\n<meta property=\"article:publisher\" content=\"https:\/\/www.facebook.com\/vallonchene.fr\" \/>\n<meta property=\"article:modified_time\" content=\"2024-12-06T14:16:29+00:00\" \/>\n<meta name=\"twitter:card\" content=\"summary_large_image\" \/>\n<meta name=\"twitter:label1\" content=\"Gesch\u00e4tzte Lesezeit\" \/>\n\t<meta name=\"twitter:data1\" content=\"8\u00a0Minuten\" \/>\n<script type=\"application\/ld+json\" class=\"yoast-schema-graph\">{\"@context\":\"https:\\\/\\\/schema.org\",\"@graph\":[{\"@type\":\"WebPage\",\"@id\":\"https:\\\/\\\/www.vallonchene.fr\\\/de\\\/nutzungsbedingungen\\\/\",\"url\":\"https:\\\/\\\/www.vallonchene.fr\\\/de\\\/nutzungsbedingungen\\\/\",\"name\":\"Nutzungsbedingungen - Vallonch\u00eane\",\"isPartOf\":{\"@id\":\"https:\\\/\\\/www.vallonchene.fr\\\/de\\\/#website\"},\"datePublished\":\"2023-04-15T11:50:16+00:00\",\"dateModified\":\"2024-12-06T14:16:29+00:00\",\"breadcrumb\":{\"@id\":\"https:\\\/\\\/www.vallonchene.fr\\\/de\\\/nutzungsbedingungen\\\/#breadcrumb\"},\"inLanguage\":\"de\",\"potentialAction\":[{\"@type\":\"ReadAction\",\"target\":[\"https:\\\/\\\/www.vallonchene.fr\\\/de\\\/nutzungsbedingungen\\\/\"]}]},{\"@type\":\"BreadcrumbList\",\"@id\":\"https:\\\/\\\/www.vallonchene.fr\\\/de\\\/nutzungsbedingungen\\\/#breadcrumb\",\"itemListElement\":[{\"@type\":\"ListItem\",\"position\":1,\"name\":\"Home\",\"item\":\"https:\\\/\\\/www.vallonchene.fr\\\/de\\\/\"},{\"@type\":\"ListItem\",\"position\":2,\"name\":\"Nutzungsbedingungen\"}]},{\"@type\":\"WebSite\",\"@id\":\"https:\\\/\\\/www.vallonchene.fr\\\/de\\\/#website\",\"url\":\"https:\\\/\\\/www.vallonchene.fr\\\/de\\\/\",\"name\":\"Vallonch\u00eane\",\"description\":\"Die Baumschule, bei der Qualit\u00e4t ihre Wurzeln hat \u2013 Tel.: +49 (0)6838-5399840\",\"publisher\":{\"@id\":\"https:\\\/\\\/www.vallonchene.fr\\\/de\\\/#organization\"},\"potentialAction\":[{\"@type\":\"SearchAction\",\"target\":{\"@type\":\"EntryPoint\",\"urlTemplate\":\"https:\\\/\\\/www.vallonchene.fr\\\/de\\\/?s={search_term_string}\"},\"query-input\":{\"@type\":\"PropertyValueSpecification\",\"valueRequired\":true,\"valueName\":\"search_term_string\"}}],\"inLanguage\":\"de\"},{\"@type\":\"Organization\",\"@id\":\"https:\\\/\\\/www.vallonchene.fr\\\/de\\\/#organization\",\"name\":\"VALLONCHENE\",\"url\":\"https:\\\/\\\/www.vallonchene.fr\\\/de\\\/\",\"logo\":{\"@type\":\"ImageObject\",\"inLanguage\":\"de\",\"@id\":\"https:\\\/\\\/www.vallonchene.fr\\\/de\\\/#\\\/schema\\\/logo\\\/image\\\/\",\"url\":\"https:\\\/\\\/www.vallonchene.fr\\\/wp-content\\\/uploads\\\/2023\\\/03\\\/Logo-Vallonchene-site-et-R_hauteur_100.png\",\"contentUrl\":\"https:\\\/\\\/www.vallonchene.fr\\\/wp-content\\\/uploads\\\/2023\\\/03\\\/Logo-Vallonchene-site-et-R_hauteur_100.png\",\"width\":221,\"height\":100,\"caption\":\"VALLONCHENE\"},\"image\":{\"@id\":\"https:\\\/\\\/www.vallonchene.fr\\\/de\\\/#\\\/schema\\\/logo\\\/image\\\/\"},\"sameAs\":[\"https:\\\/\\\/www.facebook.com\\\/vallonchene.fr\",\"https:\\\/\\\/www.instagram.com\\\/vallonchene\\\/\",\"https:\\\/\\\/www.pinterest.fr\\\/vallonchene\\\/\"],\"taxID\":\"49454502300017\",\"hasMerchantReturnPolicy\":{\"@type\":\"MerchantReturnPolicy\",\"merchantReturnLink\":\"https:\\\/\\\/www.vallonchene.fr\\\/remboursements_retours\\\/\"}}]}<\/script>\n<!-- \/ Yoast SEO Premium plugin. -->","yoast_head_json":{"title":"Nutzungsbedingungen - Vallonch\u00eane","robots":{"index":"index","follow":"follow","max-snippet":"max-snippet:-1","max-image-preview":"max-image-preview:large","max-video-preview":"max-video-preview:-1"},"canonical":"https:\/\/www.vallonchene.fr\/de\/nutzungsbedingungen\/","og_locale":"de_DE","og_type":"article","og_title":"Nutzungsbedingungen","og_description":"1. Zustandekommen des Vertrags Mit Ihrer Bestellung geben Sie ein verbindliches Angebot an uns ab, einen Vertrag mit Ihnen zu schlie\u00dfen. Mit der Zusendung einer Auftragsbest\u00e4tigung per E-Mail an Sie oder der Lieferung der bestellten Ware k\u00f6nnen wir dieses Angebot annehmen. Zun\u00e4chst erhalten Sie eine Best\u00e4tigung des Eingangs Ihrer Bestellung per E-Mail an die von [&hellip;]","og_url":"https:\/\/www.vallonchene.fr\/de\/nutzungsbedingungen\/","og_site_name":"Vallonch\u00eane","article_publisher":"https:\/\/www.facebook.com\/vallonchene.fr","article_modified_time":"2024-12-06T14:16:29+00:00","twitter_card":"summary_large_image","twitter_misc":{"Gesch\u00e4tzte Lesezeit":"8\u00a0Minuten"},"schema":{"@context":"https:\/\/schema.org","@graph":[{"@type":"WebPage","@id":"https:\/\/www.vallonchene.fr\/de\/nutzungsbedingungen\/","url":"https:\/\/www.vallonchene.fr\/de\/nutzungsbedingungen\/","name":"Nutzungsbedingungen - Vallonch\u00eane","isPartOf":{"@id":"https:\/\/www.vallonchene.fr\/de\/#website"},"datePublished":"2023-04-15T11:50:16+00:00","dateModified":"2024-12-06T14:16:29+00:00","breadcrumb":{"@id":"https:\/\/www.vallonchene.fr\/de\/nutzungsbedingungen\/#breadcrumb"},"inLanguage":"de","potentialAction":[{"@type":"ReadAction","target":["https:\/\/www.vallonchene.fr\/de\/nutzungsbedingungen\/"]}]},{"@type":"BreadcrumbList","@id":"https:\/\/www.vallonchene.fr\/de\/nutzungsbedingungen\/#breadcrumb","itemListElement":[{"@type":"ListItem","position":1,"name":"Home","item":"https:\/\/www.vallonchene.fr\/de\/"},{"@type":"ListItem","position":2,"name":"Nutzungsbedingungen"}]},{"@type":"WebSite","@id":"https:\/\/www.vallonchene.fr\/de\/#website","url":"https:\/\/www.vallonchene.fr\/de\/","name":"Vallonch\u00eane","description":"Die Baumschule, bei der Qualit\u00e4t ihre Wurzeln hat \u2013 Tel.: +49 (0)6838-5399840","publisher":{"@id":"https:\/\/www.vallonchene.fr\/de\/#organization"},"potentialAction":[{"@type":"SearchAction","target":{"@type":"EntryPoint","urlTemplate":"https:\/\/www.vallonchene.fr\/de\/?s={search_term_string}"},"query-input":{"@type":"PropertyValueSpecification","valueRequired":true,"valueName":"search_term_string"}}],"inLanguage":"de"},{"@type":"Organization","@id":"https:\/\/www.vallonchene.fr\/de\/#organization","name":"VALLONCHENE","url":"https:\/\/www.vallonchene.fr\/de\/","logo":{"@type":"ImageObject","inLanguage":"de","@id":"https:\/\/www.vallonchene.fr\/de\/#\/schema\/logo\/image\/","url":"https:\/\/www.vallonchene.fr\/wp-content\/uploads\/2023\/03\/Logo-Vallonchene-site-et-R_hauteur_100.png","contentUrl":"https:\/\/www.vallonchene.fr\/wp-content\/uploads\/2023\/03\/Logo-Vallonchene-site-et-R_hauteur_100.png","width":221,"height":100,"caption":"VALLONCHENE"},"image":{"@id":"https:\/\/www.vallonchene.fr\/de\/#\/schema\/logo\/image\/"},"sameAs":["https:\/\/www.facebook.com\/vallonchene.fr","https:\/\/www.instagram.com\/vallonchene\/","https:\/\/www.pinterest.fr\/vallonchene\/"],"taxID":"49454502300017","hasMerchantReturnPolicy":{"@type":"MerchantReturnPolicy","merchantReturnLink":"https:\/\/www.vallonchene.fr\/remboursements_retours\/"}}]}},"_links":{"self":[{"href":"https:\/\/www.vallonchene.fr\/de\/wp-json\/wp\/v2\/pages\/27239","targetHints":{"allow":["GET"]}}],"collection":[{"href":"https:\/\/www.vallonchene.fr\/de\/wp-json\/wp\/v2\/pages"}],"about":[{"href":"https:\/\/www.vallonchene.fr\/de\/wp-json\/wp\/v2\/types\/page"}],"author":[{"embeddable":true,"href":"https:\/\/www.vallonchene.fr\/de\/wp-json\/wp\/v2\/users\/1"}],"replies":[{"embeddable":true,"href":"https:\/\/www.vallonchene.fr\/de\/wp-json\/wp\/v2\/comments?post=27239"}],"version-history":[{"count":0,"href":"https:\/\/www.vallonchene.fr\/de\/wp-json\/wp\/v2\/pages\/27239\/revisions"}],"wp:attachment":[{"href":"https:\/\/www.vallonchene.fr\/de\/wp-json\/wp\/v2\/media?parent=27239"}],"curies":[{"name":"wp","href":"https:\/\/api.w.org\/{rel}","templated":true}]}}