{"id":27225,"date":"2023-04-15T09:26:39","date_gmt":"2023-04-15T08:26:39","guid":{"rendered":"https:\/\/testing.vallonchene.fr\/?page_id=27225"},"modified":"2023-04-15T09:32:55","modified_gmt":"2023-04-15T09:32:55","slug":"qualitaetscharta","status":"publish","type":"page","link":"https:\/\/www.vallonchene.fr\/de\/qualitaetscharta\/","title":{"rendered":"Qualit\u00e4tscharta"},"content":{"rendered":"\n<h2 class=\"wp-block-heading\" id=\"h-qualitat-das-geheimnis-unseres-erfolges\">Qualit\u00e4t &#8211; das Geheimnis unseres Erfolges<\/h2>\n\n\n\n<p>Vallonch\u00eane hat sich zum Ziel gesetzt, seine Kunden zufrieden zustellen. Die Kundenzufriedenheit ist zwangsl\u00e4ufig nur erreichbar durch die hohe <strong>Qualit\u00e4t unserer Pflanzen, Produkte und Dienstleistungen<\/strong>:<\/p>\n\n\n\n<ul class=\"wp-block-list\">\n<li>Vallonch\u00eane PRODUZIERT in der Normandie seit 2006 Pflanzen von h\u00f6chster Qualit\u00e4t und ist daf\u00fcr bei seinen Kunden wohl bekannt (siehe internationale Kundenbewertungen). Dar\u00fcber hinaus wurden wir daf\u00fcr von internationalen Gremien mehrmals ausgezeichnet (4 Auszeichnungen auf den &#8222;Journ\u00e9es des Plantes&#8220; in Courson).<\/li>\n\n\n\n<li>Unsere Qualit\u00e4tsverpflichtung geht \u00fcber die Produktion hinaus. Beim Kauf einer Pflanze bei Vallonch\u00eane, vor Ort oder online, erhalten Sie ein Begleitblatt, das Ihnen die richtige Pflanzung und Pflege erkl\u00e4rt.<\/li>\n\n\n\n<li>Die Pflanzen, die Sie auf vallonchene.fr bestellen, sind die Gleichen, die wir auch vor Ort in unserer Baumschule verkaufen. Wir verkaufen keine sogenannten &#8222;Versandhandelspflanzen&#8220;, die meistens klein und schwach sind und zudem h\u00e4ufig nicht anwachsen.<\/li>\n\n\n\n<li>Die von uns gelieferten Pflanzen werden den vor Ort vorr\u00e4tigen Best\u00e4nden entnommen und mit der gleichen Sorgfalt ausgesucht, wie wir das f\u00fcr uns selbst machen w\u00fcrden.<\/li>\n\n\n\n<li>Wenn, auf Grund eines Bestandsfehlers, eine bestellte Pflanze nicht vorr\u00e4tig ist, schlagen wir Ihnen eine Gleichartige vor (wenn dies m\u00f6glich ist) und wenn Sie das nicht m\u00f6chten oder dies unm\u00f6glich ist, zahlen wir Ihnen, OHNE JEGLICHE DISKUSSION und SOFORT, die Pflanze oder die gesamte Bestellung zur\u00fcck.<\/li>\n\n\n\n<li>Unsere Pflanzen wachsen besser an. Unsere Pflanzen sind keine in Gew\u00e4chsh\u00e4usern produzierte &#8222;D\u00fcngerjunkies&#8220; sondern werden gr\u00f6sstenteils, vor Ort und draussen, in einem bis zu -22\u00b0 C kalten Klima produziert.<\/li>\n\n\n\n<li>Unsere Produktionsmethode im Freiland und in T\u00f6pfen erlaubt es Ihnen, das ganze Jahr \u00fcber zu pflanzen ohne die alten &#8222;Pflanzperioden&#8220; ber\u00fccksichtigen zu m\u00fcssen.<\/li>\n\n\n\n<li>Vallonch\u00eane bietet Ihnen ein umfangreiches Angebot an seltenen und witterungsbest\u00e4ndigen Pflanzen an: Koniferen (eines der gr\u00f6ssten Sortimente in Europa), Laubgeh\u00f6lze (Magnolien, japanische F\u00e4cherahorne, asiatische Bl\u00fctenhartriegel&#8230;), ausgefallene Str\u00e4ucher und B\u00e4ume sowie ungew\u00f6hnliche und winterharte Stauden.<\/li>\n<\/ul>\n","protected":false},"excerpt":{"rendered":"<p>Qualit\u00e4t &#8211; das Geheimnis unseres Erfolges Vallonch\u00eane hat sich zum Ziel gesetzt, seine Kunden zufrieden zustellen. Die Kundenzufriedenheit ist zwangsl\u00e4ufig nur erreichbar durch die hohe Qualit\u00e4t unserer Pflanzen, Produkte und Dienstleistungen:<\/p>\n","protected":false},"author":1,"featured_media":0,"parent":0,"menu_order":0,"comment_status":"closed","ping_status":"closed","template":"","meta":{"footnotes":""},"class_list":["post-27225","page","type-page","status-publish","hentry"],"yoast_head":"<!-- This site is optimized with the Yoast SEO Premium plugin v27.5 (Yoast SEO v27.5) - https:\/\/yoast.com\/product\/yoast-seo-premium-wordpress\/ -->\n<title>Qualit\u00e4tscharta - Vallonch\u00eane<\/title>\n<meta name=\"description\" content=\"Die Zufriedenheit unserer Kunden beruht insbesondere auf unserer Qualit\u00e4tscharta, die unsere Pflanzen, Produkte und Dienstleistung abdeckt.\" \/>\n<meta name=\"robots\" content=\"index, follow, max-snippet:-1, max-image-preview:large, max-video-preview:-1\" \/>\n<link rel=\"canonical\" href=\"https:\/\/www.vallonchene.fr\/de\/qualitaetscharta\/\" \/>\n<meta property=\"og:locale\" content=\"de_DE\" \/>\n<meta property=\"og:type\" content=\"article\" \/>\n<meta property=\"og:title\" content=\"Qualit\u00e4tscharta\" \/>\n<meta property=\"og:description\" content=\"Die Zufriedenheit unserer Kunden beruht insbesondere auf unserer Qualit\u00e4tscharta, die unsere Pflanzen, Produkte und Dienstleistung abdeckt.\" \/>\n<meta property=\"og:url\" content=\"https:\/\/www.vallonchene.fr\/de\/qualitaetscharta\/\" \/>\n<meta property=\"og:site_name\" content=\"Vallonch\u00eane\" \/>\n<meta property=\"article:publisher\" content=\"https:\/\/www.facebook.com\/vallonchene.fr\" \/>\n<meta property=\"article:modified_time\" content=\"2023-04-15T09:32:55+00:00\" \/>\n<meta name=\"twitter:card\" content=\"summary_large_image\" \/>\n<meta name=\"twitter:label1\" content=\"Gesch\u00e4tzte Lesezeit\" \/>\n\t<meta name=\"twitter:data1\" content=\"2\u00a0Minuten\" \/>\n<script type=\"application\/ld+json\" class=\"yoast-schema-graph\">{\"@context\":\"https:\\\/\\\/schema.org\",\"@graph\":[{\"@type\":\"WebPage\",\"@id\":\"https:\\\/\\\/www.vallonchene.fr\\\/de\\\/qualitaetscharta\\\/\",\"url\":\"https:\\\/\\\/www.vallonchene.fr\\\/de\\\/qualitaetscharta\\\/\",\"name\":\"Qualit\u00e4tscharta - Vallonch\u00eane\",\"isPartOf\":{\"@id\":\"https:\\\/\\\/www.vallonchene.fr\\\/de\\\/#website\"},\"datePublished\":\"2023-04-15T08:26:39+00:00\",\"dateModified\":\"2023-04-15T09:32:55+00:00\",\"description\":\"Die Zufriedenheit unserer Kunden beruht insbesondere auf unserer Qualit\u00e4tscharta, die unsere Pflanzen, Produkte und Dienstleistung abdeckt.\",\"breadcrumb\":{\"@id\":\"https:\\\/\\\/www.vallonchene.fr\\\/de\\\/qualitaetscharta\\\/#breadcrumb\"},\"inLanguage\":\"de\",\"potentialAction\":[{\"@type\":\"ReadAction\",\"target\":[\"https:\\\/\\\/www.vallonchene.fr\\\/de\\\/qualitaetscharta\\\/\"]}]},{\"@type\":\"BreadcrumbList\",\"@id\":\"https:\\\/\\\/www.vallonchene.fr\\\/de\\\/qualitaetscharta\\\/#breadcrumb\",\"itemListElement\":[{\"@type\":\"ListItem\",\"position\":1,\"name\":\"Home\",\"item\":\"https:\\\/\\\/www.vallonchene.fr\\\/de\\\/\"},{\"@type\":\"ListItem\",\"position\":2,\"name\":\"Qualit\u00e4tscharta\"}]},{\"@type\":\"WebSite\",\"@id\":\"https:\\\/\\\/www.vallonchene.fr\\\/de\\\/#website\",\"url\":\"https:\\\/\\\/www.vallonchene.fr\\\/de\\\/\",\"name\":\"Vallonch\u00eane\",\"description\":\"Die Baumschule, bei der Qualit\u00e4t ihre Wurzeln hat \u2013 Tel.: +49 (0)6838-5399840\",\"publisher\":{\"@id\":\"https:\\\/\\\/www.vallonchene.fr\\\/de\\\/#organization\"},\"potentialAction\":[{\"@type\":\"SearchAction\",\"target\":{\"@type\":\"EntryPoint\",\"urlTemplate\":\"https:\\\/\\\/www.vallonchene.fr\\\/de\\\/?s={search_term_string}\"},\"query-input\":{\"@type\":\"PropertyValueSpecification\",\"valueRequired\":true,\"valueName\":\"search_term_string\"}}],\"inLanguage\":\"de\"},{\"@type\":\"Organization\",\"@id\":\"https:\\\/\\\/www.vallonchene.fr\\\/de\\\/#organization\",\"name\":\"VALLONCHENE\",\"url\":\"https:\\\/\\\/www.vallonchene.fr\\\/de\\\/\",\"logo\":{\"@type\":\"ImageObject\",\"inLanguage\":\"de\",\"@id\":\"https:\\\/\\\/www.vallonchene.fr\\\/de\\\/#\\\/schema\\\/logo\\\/image\\\/\",\"url\":\"https:\\\/\\\/www.vallonchene.fr\\\/wp-content\\\/uploads\\\/2023\\\/03\\\/Logo-Vallonchene-site-et-R_hauteur_100.png\",\"contentUrl\":\"https:\\\/\\\/www.vallonchene.fr\\\/wp-content\\\/uploads\\\/2023\\\/03\\\/Logo-Vallonchene-site-et-R_hauteur_100.png\",\"width\":221,\"height\":100,\"caption\":\"VALLONCHENE\"},\"image\":{\"@id\":\"https:\\\/\\\/www.vallonchene.fr\\\/de\\\/#\\\/schema\\\/logo\\\/image\\\/\"},\"sameAs\":[\"https:\\\/\\\/www.facebook.com\\\/vallonchene.fr\",\"https:\\\/\\\/www.instagram.com\\\/vallonchene\\\/\",\"https:\\\/\\\/www.pinterest.fr\\\/vallonchene\\\/\"],\"taxID\":\"49454502300017\",\"hasMerchantReturnPolicy\":{\"@type\":\"MerchantReturnPolicy\",\"merchantReturnLink\":\"https:\\\/\\\/www.vallonchene.fr\\\/remboursements_retours\\\/\"}}]}<\/script>\n<!-- \/ Yoast SEO Premium plugin. -->","yoast_head_json":{"title":"Qualit\u00e4tscharta - Vallonch\u00eane","description":"Die Zufriedenheit unserer Kunden beruht insbesondere auf unserer Qualit\u00e4tscharta, die unsere Pflanzen, Produkte und Dienstleistung abdeckt.","robots":{"index":"index","follow":"follow","max-snippet":"max-snippet:-1","max-image-preview":"max-image-preview:large","max-video-preview":"max-video-preview:-1"},"canonical":"https:\/\/www.vallonchene.fr\/de\/qualitaetscharta\/","og_locale":"de_DE","og_type":"article","og_title":"Qualit\u00e4tscharta","og_description":"Die Zufriedenheit unserer Kunden beruht insbesondere auf unserer Qualit\u00e4tscharta, die unsere Pflanzen, Produkte und Dienstleistung abdeckt.","og_url":"https:\/\/www.vallonchene.fr\/de\/qualitaetscharta\/","og_site_name":"Vallonch\u00eane","article_publisher":"https:\/\/www.facebook.com\/vallonchene.fr","article_modified_time":"2023-04-15T09:32:55+00:00","twitter_card":"summary_large_image","twitter_misc":{"Gesch\u00e4tzte Lesezeit":"2\u00a0Minuten"},"schema":{"@context":"https:\/\/schema.org","@graph":[{"@type":"WebPage","@id":"https:\/\/www.vallonchene.fr\/de\/qualitaetscharta\/","url":"https:\/\/www.vallonchene.fr\/de\/qualitaetscharta\/","name":"Qualit\u00e4tscharta - Vallonch\u00eane","isPartOf":{"@id":"https:\/\/www.vallonchene.fr\/de\/#website"},"datePublished":"2023-04-15T08:26:39+00:00","dateModified":"2023-04-15T09:32:55+00:00","description":"Die Zufriedenheit unserer Kunden beruht insbesondere auf unserer Qualit\u00e4tscharta, die unsere Pflanzen, Produkte und Dienstleistung abdeckt.","breadcrumb":{"@id":"https:\/\/www.vallonchene.fr\/de\/qualitaetscharta\/#breadcrumb"},"inLanguage":"de","potentialAction":[{"@type":"ReadAction","target":["https:\/\/www.vallonchene.fr\/de\/qualitaetscharta\/"]}]},{"@type":"BreadcrumbList","@id":"https:\/\/www.vallonchene.fr\/de\/qualitaetscharta\/#breadcrumb","itemListElement":[{"@type":"ListItem","position":1,"name":"Home","item":"https:\/\/www.vallonchene.fr\/de\/"},{"@type":"ListItem","position":2,"name":"Qualit\u00e4tscharta"}]},{"@type":"WebSite","@id":"https:\/\/www.vallonchene.fr\/de\/#website","url":"https:\/\/www.vallonchene.fr\/de\/","name":"Vallonch\u00eane","description":"Die Baumschule, bei der Qualit\u00e4t ihre Wurzeln hat \u2013 Tel.: +49 (0)6838-5399840","publisher":{"@id":"https:\/\/www.vallonchene.fr\/de\/#organization"},"potentialAction":[{"@type":"SearchAction","target":{"@type":"EntryPoint","urlTemplate":"https:\/\/www.vallonchene.fr\/de\/?s={search_term_string}"},"query-input":{"@type":"PropertyValueSpecification","valueRequired":true,"valueName":"search_term_string"}}],"inLanguage":"de"},{"@type":"Organization","@id":"https:\/\/www.vallonchene.fr\/de\/#organization","name":"VALLONCHENE","url":"https:\/\/www.vallonchene.fr\/de\/","logo":{"@type":"ImageObject","inLanguage":"de","@id":"https:\/\/www.vallonchene.fr\/de\/#\/schema\/logo\/image\/","url":"https:\/\/www.vallonchene.fr\/wp-content\/uploads\/2023\/03\/Logo-Vallonchene-site-et-R_hauteur_100.png","contentUrl":"https:\/\/www.vallonchene.fr\/wp-content\/uploads\/2023\/03\/Logo-Vallonchene-site-et-R_hauteur_100.png","width":221,"height":100,"caption":"VALLONCHENE"},"image":{"@id":"https:\/\/www.vallonchene.fr\/de\/#\/schema\/logo\/image\/"},"sameAs":["https:\/\/www.facebook.com\/vallonchene.fr","https:\/\/www.instagram.com\/vallonchene\/","https:\/\/www.pinterest.fr\/vallonchene\/"],"taxID":"49454502300017","hasMerchantReturnPolicy":{"@type":"MerchantReturnPolicy","merchantReturnLink":"https:\/\/www.vallonchene.fr\/remboursements_retours\/"}}]}},"_links":{"self":[{"href":"https:\/\/www.vallonchene.fr\/de\/wp-json\/wp\/v2\/pages\/27225","targetHints":{"allow":["GET"]}}],"collection":[{"href":"https:\/\/www.vallonchene.fr\/de\/wp-json\/wp\/v2\/pages"}],"about":[{"href":"https:\/\/www.vallonchene.fr\/de\/wp-json\/wp\/v2\/types\/page"}],"author":[{"embeddable":true,"href":"https:\/\/www.vallonchene.fr\/de\/wp-json\/wp\/v2\/users\/1"}],"replies":[{"embeddable":true,"href":"https:\/\/www.vallonchene.fr\/de\/wp-json\/wp\/v2\/comments?post=27225"}],"version-history":[{"count":0,"href":"https:\/\/www.vallonchene.fr\/de\/wp-json\/wp\/v2\/pages\/27225\/revisions"}],"wp:attachment":[{"href":"https:\/\/www.vallonchene.fr\/de\/wp-json\/wp\/v2\/media?parent=27225"}],"curies":[{"name":"wp","href":"https:\/\/api.w.org\/{rel}","templated":true}]}}