{"id":27179,"date":"2023-04-11T13:24:56","date_gmt":"2023-04-11T12:24:56","guid":{"rendered":"https:\/\/testing.vallonchene.fr\/?page_id=27179"},"modified":"2023-04-11T13:46:07","modified_gmt":"2023-04-11T13:46:07","slug":"warum-unsere-kundenbewertungen-so-hervorragend-sind","status":"publish","type":"page","link":"https:\/\/www.vallonchene.fr\/de\/warum-unsere-kundenbewertungen-so-hervorragend-sind\/","title":{"rendered":"Warum unsere Kundenbewertungen so hervorragend sind"},"content":{"rendered":"<div class=\"wp-block-image\">\n<figure class=\"alignright size-full\"><a href=\"https:\/\/de.trustpilot.com\/review\/vallonchene.fr\"><img decoding=\"async\" width=\"222\" height=\"72\" src=\"https:\/\/www.vallonchene.fr\/wp-content\/uploads\/2023\/03\/Trustpilot.png\" alt=\"Trustpilot\" class=\"wp-image-26492\" srcset=\"https:\/\/www.vallonchene.fr\/wp-content\/uploads\/2023\/03\/Trustpilot.png 222w, https:\/\/www.vallonchene.fr\/wp-content\/uploads\/2023\/03\/Trustpilot-64x21.png 64w\" sizes=\"(max-width: 222px) 100vw, 222px\" \/><\/a><\/figure>\n<\/div>\n\n\n<p>Wir sind sehr stolz auf unsere hervorragenden Kundenbewertung, die zu den besten in unserem Bereich geh\u00f6rt und auf der unabh\u00e4ngigen Plattform f\u00fcr verifizierte Rezensionen Trustpilot sichtbar ist.<\/p>\n\n\n\n<p><a href=\"https:\/\/de.trustpilot.com\/review\/vallonchene.fr\" target=\"_blank\" rel=\"noreferrer noopener\">\u00dcberpr\u00fcfen Sie unsere Bewertung auf Trustpilot, indem Sie hier klicken<\/a><\/p>\n\n\n\n<p>Zun\u00e4chst m\u00f6chten wir betonen, dass Vallonch\u00eane nicht nur eine Handels-Website ist. Vor allem sind wir <strong>eine produzierende Baumschule<\/strong>, die von Menschen mit Leidenschaft gef\u00fchrt wird. Wir geh\u00f6ren nicht zu den Pflanzenh\u00e4ndlern, wie es heute so viele im Internet gibt!<\/p>\n\n\n\n<p>Wenn Sie uns pers\u00f6nlich kennenlernen m\u00f6chten, <strong>kommen Sie einfach zu uns<\/strong> und erledigen Sie gleichzeitig Ihren Pflanzeneinkauf vor Ort. <strong>Es handelt sich \u00fcbrigens um die gleichen Pflanzen, die wir f\u00fcr Bestellungen versenden<\/strong>, die auf unserer Website aufgegeben werden.<\/p>\n\n\n\n<p>Folgende Punkte m\u00f6chten wir Ihnen auf dieser Seite erl\u00e4utern:<\/p>\n\n\n\n<ul class=\"wp-block-list\">\n<li>Der Salateffekt<\/li>\n\n\n\n<li>Unsere Produktionsmethode<\/li>\n\n\n\n<li>Wie wir die Pflanzen ausw\u00e4hlen, die wir versenden<\/li>\n\n\n\n<li>Reisen wie Sch\u00e4tze<\/li>\n<\/ul>\n\n\n\n<p>Sonst ist es schwer nachvollziehbar, warum eine Pflanze bei uns manchmal auf den ersten Blick teurer erscheint.<\/p>\n\n\n\n<p><strong>Der Preis einer Pflanze wird durch ihren Anbauzeitraum, ihre Wachstumsgeschwindigkeit, die Komplexit\u00e4t ihrer Kultur- und Vermehrungsmethode und die Verpackungskosten f\u00fcr den Versand bestimmt.<\/strong><\/p>\n\n\n\n<h2 class=\"wp-block-heading\" id=\"h-der-salateffekt\">Der Salateffekt<\/h2>\n\n\n\n<p><strong>Bei Vallonch\u00eane verwenden wir niemals fl\u00fcssige oder langsam freisetzende D\u00fcngemittel und auch keine Pestizide<\/strong>, um unsere Pflanzen anzubauen.<\/p>\n\n\n\n<p>Im klassischen Pflanzenanbau ist es genau umgekehrt, denn diese ganz besonderen D\u00fcngemittel lassen die Pflanzen zwar rasant, aber ohne Struktur wachsen. Diese Produktionsmethode bewirkt dann einen <strong>\u201eSalateffekt\u201c<\/strong>:<\/p>\n\n\n\n<p>In Wirklichkeit wachsen so gez\u00fcchtete Pflanzen zu schnell und ohne Struktur. Sie sind daher nicht widerstandsf\u00e4hig gegen klimatische Einfl\u00fcsse wie K\u00e4lte, Sonne oder Hitze. <strong>Am Ende sind diese zu schnell gewachsenen Pflanzen &#8222;zart&#8220; (wie Salat)<\/strong> und werden durch K\u00e4lte, Sonne oder Hitze besch\u00e4digt. Aus einer k\u00fcnstlichen Produktionsumgebung stammend, werden sie es schwer haben, sich in der nat\u00fcrlichen Umgebung Ihres Gartens zu etablieren. Einige werden nicht \u00fcberleben. Was f\u00fcr eine Verschwendung von Zeit und Geld!<\/p>\n\n\n\n<p>Beachten Sie auch, dass <strong>Fl\u00fcssigd\u00fcnger eine echte Gefahr f\u00fcr das Grundwasser darstellen<\/strong>, da sie nicht vollst\u00e4ndig von den Pflanzen aufgenommen werden. Sie melden sich dann auf der \u201eNitrate\u201c-Linie Ihrer Wasserflasche wieder. Denken Sie daran, wenn Sie das n\u00e4chste Mal ein Glas Wasser trinken!<\/p>\n\n\n\n<h2 class=\"wp-block-heading\" id=\"h-unsere-produktionsmethode\">Unsere Produktionsmethode<\/h2>\n\n\n<div class=\"wp-block-image\">\n<figure class=\"alignright size-full\"><a href=\"https:\/\/www.vallonchene.fr\/wp-content\/uploads\/2021\/02\/20230301_164300_01-56c-Substrat-utilise-dans-la-production-a-Vallonchene.jpg\"><img decoding=\"async\" width=\"300\" height=\"300\" src=\"https:\/\/www.vallonchene.fr\/wp-content\/uploads\/2021\/02\/20230301_164300_01-56c-Substrat-utilise-dans-la-production-a-Vallonchene.jpg\" alt=\"\" class=\"wp-image-183\" srcset=\"https:\/\/www.vallonchene.fr\/wp-content\/uploads\/2021\/02\/20230301_164300_01-56c-Substrat-utilise-dans-la-production-a-Vallonchene.jpg 300w, https:\/\/www.vallonchene.fr\/wp-content\/uploads\/2021\/02\/20230301_164300_01-56c-Substrat-utilise-dans-la-production-a-Vallonchene-100x100.jpg 100w, https:\/\/www.vallonchene.fr\/wp-content\/uploads\/2021\/02\/20230301_164300_01-56c-Substrat-utilise-dans-la-production-a-Vallonchene-64x64.jpg 64w, https:\/\/www.vallonchene.fr\/wp-content\/uploads\/2021\/02\/20230301_164300_01-56c-Substrat-utilise-dans-la-production-a-Vallonchene-150x150.jpg 150w, https:\/\/www.vallonchene.fr\/wp-content\/uploads\/2021\/02\/20230301_164300_01-56c-Substrat-utilise-dans-la-production-a-Vallonchene-32x32.jpg 32w\" sizes=\"(max-width: 300px) 100vw, 300px\" \/><\/a><figcaption class=\"wp-element-caption\">Die von uns benutzte Erde ist nat\u00fcrlich und auf unsere Pflanzen speziell abgestimmt<\/figcaption><\/figure>\n<\/div>\n\n\n<p><strong>Au\u00dferdem verwenden wir f\u00fcr unsere Pflanzen niemals reinen Torf oder andere k\u00fcnstliche Mischungen<\/strong>. Reiner Torf erfordert sowohl eine intensive Bew\u00e4sserung (bei der Produktion als auch nach dem Pflanzen bei Ihnen im Garten) und daher eine Verschwendung von Wasserressourcen.<\/p>\n\n\n\n<p>Bei Vallonch\u00eane bew\u00e4ssern wir mit einem \u201eTropf\u201c-System, um Wasserverschwendung zu vermeiden. Die Pflanze erh\u00e4lt dadurch genau die Menge, die sie ben\u00f6tigt.<\/p>\n\n\n\n<p><strong>Ferner werden Pflanzen bei Vallonch\u00eane im Freien angebaut<\/strong>. Die Pflanzen, die in unserer Baumschule wachsen, <strong>werden nicht in Gew\u00e4chshaus &#8222;getrieben&#8220;<\/strong>. Es handelt sich hier um eine Technik, mit der Pflanze fr\u00fcher zum Treiben zu bringen und sie vor allem schneller wachsen zu lassen, um in k\u00fcrzerer Zeit mehr Volumen zu gewinnen.<\/p>\n\n\n\n<p><strong>Unsere Anbaumethode hingegen sorgt f\u00fcr eine nat\u00fcrlichere Entwicklung und eine sichereres Anwachsen in Ihrem Garten<\/strong>. Kurz gesagt, <strong>wenn Sie unsere Pflanzen zu Hause pflanzen, ist es nicht notwendig, sie t\u00e4glich zu bew\u00e4ssern<\/strong>. Es reicht aus, sie einmal pro Woche zu gie\u00dfen, wenn die Jahreszeit trocken ist (im ersten Jahr).<\/p>\n\n\n\n<h2 class=\"wp-block-heading\" id=\"h-wie-wir-die-pflanzen-auswahlen-die-wir-versenden\">Wie wir die Pflanzen ausw\u00e4hlen, die wir versenden<\/h2>\n\n\n\n<p>Bei der Ausf\u00fchrung Ihrer Bestellung w\u00e4hlen wir jede Ihrer Pflanzen mit gr\u00f6\u00dfter Sorgfalt aus und versetzen uns in die Lage des Empf\u00e4ngers. <strong>Wir w\u00e4hlen sie in der Tat so aus, als ob sie f\u00fcr uns selbst w\u00e4ren<\/strong>.<\/p>\n\n\n\n<p>Die Produktion von Pflanzen h\u00e4ngt von der Natur und ihren Launen ab. Entspricht eine Pflanze deshalb zum Zeitpunkt der Auftragserstellung nicht unseren Qualit\u00e4tskriterien, nehmen wir mit Ihnen sofort Kontakt auf und senden Ihnen auf Wunsch Fotos zu. So k\u00f6nnen Sie beurteilen, ob sie Ihnen gef\u00e4llt. Sie k\u00f6nnen sich aber auch f\u00fcr einen Sortentausch oder einfach f\u00fcr eine SOFORTIGE R\u00fcckerstattung des gezahlten Preises entscheiden.<\/p>\n\n\n\n<h2 class=\"wp-block-heading\" id=\"h-reisen-wie-schatze\">Reisen wie Sch\u00e4tze<\/h2>\n\n\n\n<p>Wir \u00fcben unseren Beruf mit viel Liebe und Enthusiasmus aus. <strong>Deshalb zeigen wir nicht nur unseren Kunden, sondern auch unseren Pflanzen ein ganz besonderes Engagement<\/strong>. Jedes unserer Sch\u00e4tzchen liegt uns besonders am Herzen. Vergessen wir nicht, dass es sich um lebende Organismen handelt, die unserer guten Obhut ausgeliefert sind.<\/p>\n\n\n\n<p>Daher verpacken wir unsere ungew\u00f6hnlichen Pflanzen mit gr\u00f6\u00dfter Sorgfalt, wenn sie zu Ihnen reisen m\u00fcssen. <strong>Jede Verpackung wird zum Zeitpunkt des Versands individuell und speziell f\u00fcr jede Bestellung angefertig<\/strong>t. Wie Sie sicher verstanden haben, ist <strong>keines unserer Pakete identisch<\/strong>. Die<a href=\"https:\/\/de.trustpilot.com\/review\/vallonchene.fr\"> vielen F\u00fcnf-Sterne-Rezensionen auf Trustpilot<\/a> (unabh\u00e4ngige Plattform zertifizierter Rezensionen) beziehen sich regelm\u00e4\u00dfig auf diese sehr solide und gepflegte Verpackung.<br>Wir folgen dem Motto: Unsere Sch\u00e4tzchen m\u00fcssen reisen wie Sch\u00e4tze!<\/p>\n\n\n\n<h2 class=\"wp-block-heading\" id=\"h-bei-gleicher-qualitat-ist-vallonchene-nicht-teurer\">Bei gleicher Qualit\u00e4t ist Vallonch\u00eane NICHT teurer\u00a0&#8230;<\/h2>\n\n\n\n<p>Abschlie\u00dfend und alles in allem verstehen Sie jetzt, dass Vallonch\u00eane bei gleicher Qualit\u00e4t nicht teurer ist, ganz im Gegenteil!<\/p>\n","protected":false},"excerpt":{"rendered":"<p>Wir sind sehr stolz auf unsere hervorragenden Kundenbewertung, die zu den besten in unserem Bereich geh\u00f6rt und auf der unabh\u00e4ngigen Plattform f\u00fcr verifizierte Rezensionen Trustpilot sichtbar ist. \u00dcberpr\u00fcfen Sie unsere Bewertung auf Trustpilot, indem Sie hier klicken Zun\u00e4chst m\u00f6chten wir betonen, dass Vallonch\u00eane nicht nur eine Handels-Website ist. Vor allem sind wir eine produzierende Baumschule, [&hellip;]<\/p>\n","protected":false},"author":1,"featured_media":0,"parent":0,"menu_order":0,"comment_status":"closed","ping_status":"closed","template":"","meta":{"footnotes":""},"class_list":["post-27179","page","type-page","status-publish","hentry"],"yoast_head":"<!-- This site is optimized with the Yoast SEO Premium plugin v27.5 (Yoast SEO v27.5) - https:\/\/yoast.com\/product\/yoast-seo-premium-wordpress\/ -->\n<title>Warum unsere Kundenbewertungen so hervorragend sind - Vallonch\u00eane<\/title>\n<meta name=\"description\" content=\"Entedecken Sie warum unsere Kundenbewertungen so hervorragend sind. Aus diesen Gr\u00fcnden k\u00f6nnen Sie mit Vertrauen bei uns einkaufen.\" \/>\n<meta name=\"robots\" content=\"index, follow, max-snippet:-1, max-image-preview:large, max-video-preview:-1\" \/>\n<link rel=\"canonical\" href=\"https:\/\/www.vallonchene.fr\/de\/warum-unsere-kundenbewertungen-so-hervorragend-sind\/\" \/>\n<meta property=\"og:locale\" content=\"de_DE\" \/>\n<meta property=\"og:type\" content=\"article\" \/>\n<meta property=\"og:title\" content=\"Warum unsere Kundenbewertungen so hervorragend sind\" \/>\n<meta property=\"og:description\" content=\"Entedecken Sie warum unsere Kundenbewertungen so hervorragend sind. Aus diesen Gr\u00fcnden k\u00f6nnen Sie mit Vertrauen bei uns einkaufen.\" \/>\n<meta property=\"og:url\" content=\"https:\/\/www.vallonchene.fr\/de\/warum-unsere-kundenbewertungen-so-hervorragend-sind\/\" \/>\n<meta property=\"og:site_name\" content=\"Vallonch\u00eane\" \/>\n<meta property=\"article:publisher\" content=\"https:\/\/www.facebook.com\/vallonchene.fr\" \/>\n<meta property=\"article:modified_time\" content=\"2023-04-11T13:46:07+00:00\" \/>\n<meta property=\"og:image\" content=\"https:\/\/www.vallonchene.fr\/wp-content\/uploads\/2023\/03\/Trustpilot.png\" \/>\n<meta name=\"twitter:card\" content=\"summary_large_image\" \/>\n<meta name=\"twitter:label1\" content=\"Gesch\u00e4tzte Lesezeit\" \/>\n\t<meta name=\"twitter:data1\" content=\"5\u00a0Minuten\" \/>\n<script type=\"application\/ld+json\" class=\"yoast-schema-graph\">{\"@context\":\"https:\\\/\\\/schema.org\",\"@graph\":[{\"@type\":\"WebPage\",\"@id\":\"https:\\\/\\\/www.vallonchene.fr\\\/de\\\/warum-unsere-kundenbewertungen-so-hervorragend-sind\\\/\",\"url\":\"https:\\\/\\\/www.vallonchene.fr\\\/de\\\/warum-unsere-kundenbewertungen-so-hervorragend-sind\\\/\",\"name\":\"Warum unsere Kundenbewertungen so hervorragend sind - Vallonch\u00eane\",\"isPartOf\":{\"@id\":\"https:\\\/\\\/www.vallonchene.fr\\\/de\\\/#website\"},\"primaryImageOfPage\":{\"@id\":\"https:\\\/\\\/www.vallonchene.fr\\\/de\\\/warum-unsere-kundenbewertungen-so-hervorragend-sind\\\/#primaryimage\"},\"image\":{\"@id\":\"https:\\\/\\\/www.vallonchene.fr\\\/de\\\/warum-unsere-kundenbewertungen-so-hervorragend-sind\\\/#primaryimage\"},\"thumbnailUrl\":\"https:\\\/\\\/www.vallonchene.fr\\\/wp-content\\\/uploads\\\/2023\\\/03\\\/Trustpilot.png\",\"datePublished\":\"2023-04-11T12:24:56+00:00\",\"dateModified\":\"2023-04-11T13:46:07+00:00\",\"description\":\"Entedecken Sie warum unsere Kundenbewertungen so hervorragend sind. Aus diesen Gr\u00fcnden k\u00f6nnen Sie mit Vertrauen bei uns einkaufen.\",\"breadcrumb\":{\"@id\":\"https:\\\/\\\/www.vallonchene.fr\\\/de\\\/warum-unsere-kundenbewertungen-so-hervorragend-sind\\\/#breadcrumb\"},\"inLanguage\":\"de\",\"potentialAction\":[{\"@type\":\"ReadAction\",\"target\":[\"https:\\\/\\\/www.vallonchene.fr\\\/de\\\/warum-unsere-kundenbewertungen-so-hervorragend-sind\\\/\"]}]},{\"@type\":\"ImageObject\",\"inLanguage\":\"de\",\"@id\":\"https:\\\/\\\/www.vallonchene.fr\\\/de\\\/warum-unsere-kundenbewertungen-so-hervorragend-sind\\\/#primaryimage\",\"url\":\"https:\\\/\\\/www.vallonchene.fr\\\/wp-content\\\/uploads\\\/2023\\\/03\\\/Trustpilot.png\",\"contentUrl\":\"https:\\\/\\\/www.vallonchene.fr\\\/wp-content\\\/uploads\\\/2023\\\/03\\\/Trustpilot.png\"},{\"@type\":\"BreadcrumbList\",\"@id\":\"https:\\\/\\\/www.vallonchene.fr\\\/de\\\/warum-unsere-kundenbewertungen-so-hervorragend-sind\\\/#breadcrumb\",\"itemListElement\":[{\"@type\":\"ListItem\",\"position\":1,\"name\":\"Home\",\"item\":\"https:\\\/\\\/www.vallonchene.fr\\\/de\\\/\"},{\"@type\":\"ListItem\",\"position\":2,\"name\":\"Warum unsere Kundenbewertungen so hervorragend sind\"}]},{\"@type\":\"WebSite\",\"@id\":\"https:\\\/\\\/www.vallonchene.fr\\\/de\\\/#website\",\"url\":\"https:\\\/\\\/www.vallonchene.fr\\\/de\\\/\",\"name\":\"Vallonch\u00eane\",\"description\":\"Die Baumschule, bei der Qualit\u00e4t ihre Wurzeln hat \u2013 Tel.: +49 (0)6838-5399840\",\"publisher\":{\"@id\":\"https:\\\/\\\/www.vallonchene.fr\\\/de\\\/#organization\"},\"potentialAction\":[{\"@type\":\"SearchAction\",\"target\":{\"@type\":\"EntryPoint\",\"urlTemplate\":\"https:\\\/\\\/www.vallonchene.fr\\\/de\\\/?s={search_term_string}\"},\"query-input\":{\"@type\":\"PropertyValueSpecification\",\"valueRequired\":true,\"valueName\":\"search_term_string\"}}],\"inLanguage\":\"de\"},{\"@type\":\"Organization\",\"@id\":\"https:\\\/\\\/www.vallonchene.fr\\\/de\\\/#organization\",\"name\":\"VALLONCHENE\",\"url\":\"https:\\\/\\\/www.vallonchene.fr\\\/de\\\/\",\"logo\":{\"@type\":\"ImageObject\",\"inLanguage\":\"de\",\"@id\":\"https:\\\/\\\/www.vallonchene.fr\\\/de\\\/#\\\/schema\\\/logo\\\/image\\\/\",\"url\":\"https:\\\/\\\/www.vallonchene.fr\\\/wp-content\\\/uploads\\\/2023\\\/03\\\/Logo-Vallonchene-site-et-R_hauteur_100.png\",\"contentUrl\":\"https:\\\/\\\/www.vallonchene.fr\\\/wp-content\\\/uploads\\\/2023\\\/03\\\/Logo-Vallonchene-site-et-R_hauteur_100.png\",\"width\":221,\"height\":100,\"caption\":\"VALLONCHENE\"},\"image\":{\"@id\":\"https:\\\/\\\/www.vallonchene.fr\\\/de\\\/#\\\/schema\\\/logo\\\/image\\\/\"},\"sameAs\":[\"https:\\\/\\\/www.facebook.com\\\/vallonchene.fr\",\"https:\\\/\\\/www.instagram.com\\\/vallonchene\\\/\",\"https:\\\/\\\/www.pinterest.fr\\\/vallonchene\\\/\"],\"taxID\":\"49454502300017\",\"hasMerchantReturnPolicy\":{\"@type\":\"MerchantReturnPolicy\",\"merchantReturnLink\":\"https:\\\/\\\/www.vallonchene.fr\\\/remboursements_retours\\\/\"}}]}<\/script>\n<!-- \/ Yoast SEO Premium plugin. -->","yoast_head_json":{"title":"Warum unsere Kundenbewertungen so hervorragend sind - Vallonch\u00eane","description":"Entedecken Sie warum unsere Kundenbewertungen so hervorragend sind. Aus diesen Gr\u00fcnden k\u00f6nnen Sie mit Vertrauen bei uns einkaufen.","robots":{"index":"index","follow":"follow","max-snippet":"max-snippet:-1","max-image-preview":"max-image-preview:large","max-video-preview":"max-video-preview:-1"},"canonical":"https:\/\/www.vallonchene.fr\/de\/warum-unsere-kundenbewertungen-so-hervorragend-sind\/","og_locale":"de_DE","og_type":"article","og_title":"Warum unsere Kundenbewertungen so hervorragend sind","og_description":"Entedecken Sie warum unsere Kundenbewertungen so hervorragend sind. Aus diesen Gr\u00fcnden k\u00f6nnen Sie mit Vertrauen bei uns einkaufen.","og_url":"https:\/\/www.vallonchene.fr\/de\/warum-unsere-kundenbewertungen-so-hervorragend-sind\/","og_site_name":"Vallonch\u00eane","article_publisher":"https:\/\/www.facebook.com\/vallonchene.fr","article_modified_time":"2023-04-11T13:46:07+00:00","og_image":[{"url":"https:\/\/www.vallonchene.fr\/wp-content\/uploads\/2023\/03\/Trustpilot.png","type":"","width":"","height":""}],"twitter_card":"summary_large_image","twitter_misc":{"Gesch\u00e4tzte Lesezeit":"5\u00a0Minuten"},"schema":{"@context":"https:\/\/schema.org","@graph":[{"@type":"WebPage","@id":"https:\/\/www.vallonchene.fr\/de\/warum-unsere-kundenbewertungen-so-hervorragend-sind\/","url":"https:\/\/www.vallonchene.fr\/de\/warum-unsere-kundenbewertungen-so-hervorragend-sind\/","name":"Warum unsere Kundenbewertungen so hervorragend sind - Vallonch\u00eane","isPartOf":{"@id":"https:\/\/www.vallonchene.fr\/de\/#website"},"primaryImageOfPage":{"@id":"https:\/\/www.vallonchene.fr\/de\/warum-unsere-kundenbewertungen-so-hervorragend-sind\/#primaryimage"},"image":{"@id":"https:\/\/www.vallonchene.fr\/de\/warum-unsere-kundenbewertungen-so-hervorragend-sind\/#primaryimage"},"thumbnailUrl":"https:\/\/www.vallonchene.fr\/wp-content\/uploads\/2023\/03\/Trustpilot.png","datePublished":"2023-04-11T12:24:56+00:00","dateModified":"2023-04-11T13:46:07+00:00","description":"Entedecken Sie warum unsere Kundenbewertungen so hervorragend sind. Aus diesen Gr\u00fcnden k\u00f6nnen Sie mit Vertrauen bei uns einkaufen.","breadcrumb":{"@id":"https:\/\/www.vallonchene.fr\/de\/warum-unsere-kundenbewertungen-so-hervorragend-sind\/#breadcrumb"},"inLanguage":"de","potentialAction":[{"@type":"ReadAction","target":["https:\/\/www.vallonchene.fr\/de\/warum-unsere-kundenbewertungen-so-hervorragend-sind\/"]}]},{"@type":"ImageObject","inLanguage":"de","@id":"https:\/\/www.vallonchene.fr\/de\/warum-unsere-kundenbewertungen-so-hervorragend-sind\/#primaryimage","url":"https:\/\/www.vallonchene.fr\/wp-content\/uploads\/2023\/03\/Trustpilot.png","contentUrl":"https:\/\/www.vallonchene.fr\/wp-content\/uploads\/2023\/03\/Trustpilot.png"},{"@type":"BreadcrumbList","@id":"https:\/\/www.vallonchene.fr\/de\/warum-unsere-kundenbewertungen-so-hervorragend-sind\/#breadcrumb","itemListElement":[{"@type":"ListItem","position":1,"name":"Home","item":"https:\/\/www.vallonchene.fr\/de\/"},{"@type":"ListItem","position":2,"name":"Warum unsere Kundenbewertungen so hervorragend sind"}]},{"@type":"WebSite","@id":"https:\/\/www.vallonchene.fr\/de\/#website","url":"https:\/\/www.vallonchene.fr\/de\/","name":"Vallonch\u00eane","description":"Die Baumschule, bei der Qualit\u00e4t ihre Wurzeln hat \u2013 Tel.: +49 (0)6838-5399840","publisher":{"@id":"https:\/\/www.vallonchene.fr\/de\/#organization"},"potentialAction":[{"@type":"SearchAction","target":{"@type":"EntryPoint","urlTemplate":"https:\/\/www.vallonchene.fr\/de\/?s={search_term_string}"},"query-input":{"@type":"PropertyValueSpecification","valueRequired":true,"valueName":"search_term_string"}}],"inLanguage":"de"},{"@type":"Organization","@id":"https:\/\/www.vallonchene.fr\/de\/#organization","name":"VALLONCHENE","url":"https:\/\/www.vallonchene.fr\/de\/","logo":{"@type":"ImageObject","inLanguage":"de","@id":"https:\/\/www.vallonchene.fr\/de\/#\/schema\/logo\/image\/","url":"https:\/\/www.vallonchene.fr\/wp-content\/uploads\/2023\/03\/Logo-Vallonchene-site-et-R_hauteur_100.png","contentUrl":"https:\/\/www.vallonchene.fr\/wp-content\/uploads\/2023\/03\/Logo-Vallonchene-site-et-R_hauteur_100.png","width":221,"height":100,"caption":"VALLONCHENE"},"image":{"@id":"https:\/\/www.vallonchene.fr\/de\/#\/schema\/logo\/image\/"},"sameAs":["https:\/\/www.facebook.com\/vallonchene.fr","https:\/\/www.instagram.com\/vallonchene\/","https:\/\/www.pinterest.fr\/vallonchene\/"],"taxID":"49454502300017","hasMerchantReturnPolicy":{"@type":"MerchantReturnPolicy","merchantReturnLink":"https:\/\/www.vallonchene.fr\/remboursements_retours\/"}}]}},"_links":{"self":[{"href":"https:\/\/www.vallonchene.fr\/de\/wp-json\/wp\/v2\/pages\/27179","targetHints":{"allow":["GET"]}}],"collection":[{"href":"https:\/\/www.vallonchene.fr\/de\/wp-json\/wp\/v2\/pages"}],"about":[{"href":"https:\/\/www.vallonchene.fr\/de\/wp-json\/wp\/v2\/types\/page"}],"author":[{"embeddable":true,"href":"https:\/\/www.vallonchene.fr\/de\/wp-json\/wp\/v2\/users\/1"}],"replies":[{"embeddable":true,"href":"https:\/\/www.vallonchene.fr\/de\/wp-json\/wp\/v2\/comments?post=27179"}],"version-history":[{"count":0,"href":"https:\/\/www.vallonchene.fr\/de\/wp-json\/wp\/v2\/pages\/27179\/revisions"}],"wp:attachment":[{"href":"https:\/\/www.vallonchene.fr\/de\/wp-json\/wp\/v2\/media?parent=27179"}],"curies":[{"name":"wp","href":"https:\/\/api.w.org\/{rel}","templated":true}]}}