{"id":27163,"date":"2023-04-11T12:46:18","date_gmt":"2023-04-11T10:46:18","guid":{"rendered":"https:\/\/testing.vallonchene.fr\/?page_id=27163"},"modified":"2025-10-23T11:18:18","modified_gmt":"2025-10-23T09:18:18","slug":"ueber-uns","status":"publish","type":"page","link":"https:\/\/www.vallonchene.fr\/de\/ueber-uns\/","title":{"rendered":"\u00dcber uns"},"content":{"rendered":"\n<h2 class=\"wp-block-heading\" id=\"h-la-pepiniere-vallonchene\">Baumschule VALLONCH\u00caNE<sup>\u00ae<\/sup><\/h2>\n\n<h3 class=\"wp-block-heading\" id=\"h-notre-entreprise\">Unsere Firma<\/h3>\n\n<p>Die Baumschule Vallonch\u00eane wurde im Jahr 2007 von zwei Gartenliebhabern gegr\u00fcndet und befindet sich unter der <strong>Adresse 1426, chemin d&#8217;Atteville in 76440 SOMMERY in der Normandie (Frankreich)<\/strong>. Sie beherbergt \u00fcber tausend seltene, teils sogar \u00e4u\u00dferst seltene Pflanzen, die selbst erfahrene Sammler \u00fcberraschen d\u00fcrften. Diese Koniferen, Laubgeh\u00f6lze (Str\u00e4ucher und B\u00e4ume), Obstb\u00e4ume, japanischen Ahorne und Stauden wurden ausgew\u00e4hlt, weil sie aus einem oder mehreren Gr\u00fcnden besonders attraktiv sind \u2013 sei es durch ihre Bl\u00fcten, ihr Laub, ihren Duft, ihre Herbstf\u00e4rbung oder ihre Rinde. Viele von ihnen werden teilweise oder vollst\u00e4ndig direkt bei uns in der Normandie kultiviert. Selbstverst\u00e4ndlich sind sie vollkommen winterhart.   <\/p>\n\n<h3 class=\"wp-block-heading\" id=\"h-nos-points-forts\">Unsere St\u00e4rken<\/h3>\n\n<ul class=\"wp-block-list\">\n<li>Sichere Zahlungen auf unserer Website<br\/><\/li>\n\n\n\n<li>Produkte von h\u00f6chster Qualit\u00e4t<\/li>\n\n\n\n<li>Ausgefallene Pflanzen<\/li>\n\n\n\n<li>Gro\u00dfer Bestand<\/li>\n\n\n\n<li>Un\u00fcbertroffener Kundenservice<\/li>\n\n\n\n<li>Professionelle Beratung vor, w\u00e4hrend und nach dem Kauf<\/li>\n\n\n\n<li>\u00c4u\u00dferst zufriedene Kunden (<a href=\"https:\/\/de.trustpilot.com\/review\/vallonchene.fr\">\u00fcberzeugen Sie sich selbst<\/a>)<\/li>\n<\/ul>\n\n<h3 class=\"wp-block-heading\" id=\"h-comment-acheter\">Wie k\u00f6nnen Sie bei uns kaufen?<\/h3>\n\n<p>Wenn Sie nicht pers\u00f6nlich vorbeikommen k\u00f6nnen, um unsere Pflanzen vor Ort auszuw\u00e4hlen, k\u00f6nnen Sie direkt hier auf unserer Website bestellen, um sie selbst zu erhalten oder an Freunde liefern zu lassen. Es ist wichtig zu betonen, dass wir die Pflanzen aus dem Vor-Ort-Verkauf versenden. DIESE PFLANZEN SIND KEINESFALLS ALS SOGENANNTE VERSANDWARE ZU BEZEICHNEN (sehr schwach und mit schlechtem Preis-Leistungs-Verh\u00e4ltnis). <a href=\"https:\/\/www.vallonchene.fr\/de\/lieferung\/\">Um mehr \u00fcber die Lieferung zu erfahren, klicken Sie hier.<br\/><\/a><\/p>\n","protected":false},"excerpt":{"rendered":"<p>Baumschule VALLONCH\u00caNE\u00ae Unsere Firma Die Baumschule Vallonch\u00eane wurde im Jahr 2007 von zwei Gartenliebhabern gegr\u00fcndet und befindet sich unter der Adresse 1426, chemin d&#8217;Atteville in 76440 SOMMERY in der Normandie (Frankreich). Sie beherbergt \u00fcber tausend seltene, teils sogar \u00e4u\u00dferst seltene Pflanzen, die selbst erfahrene Sammler \u00fcberraschen d\u00fcrften. Diese Koniferen, Laubgeh\u00f6lze (Str\u00e4ucher und B\u00e4ume), Obstb\u00e4ume, japanischen [&hellip;]<\/p>\n","protected":false},"author":1,"featured_media":0,"parent":0,"menu_order":0,"comment_status":"closed","ping_status":"closed","template":"","meta":{"footnotes":""},"class_list":["post-27163","page","type-page","status-publish","hentry"],"yoast_head":"<!-- This site is optimized with the Yoast SEO Premium plugin v27.5 (Yoast SEO v27.5) - https:\/\/yoast.com\/product\/yoast-seo-premium-wordpress\/ -->\n<title>\u00dcber uns - Vallonch\u00eane<\/title>\n<meta name=\"description\" content=\"Erfahren Sie mehr \u00fcber uns. Vallonch\u00eane ist die Baumschule, bei der Sie mit Vertrauen Ihre Pflanzen kaufen k\u00f6nnen.\" \/>\n<meta name=\"robots\" content=\"index, follow, max-snippet:-1, max-image-preview:large, max-video-preview:-1\" \/>\n<link rel=\"canonical\" href=\"https:\/\/www.vallonchene.fr\/de\/ueber-uns\/\" \/>\n<meta property=\"og:locale\" content=\"de_DE\" \/>\n<meta property=\"og:type\" content=\"article\" \/>\n<meta property=\"og:title\" content=\"\u00dcber uns\" \/>\n<meta property=\"og:description\" content=\"Erfahren Sie mehr \u00fcber uns. Vallonch\u00eane ist die Baumschule, bei der Sie mit Vertrauen Ihre Pflanzen kaufen k\u00f6nnen.\" \/>\n<meta property=\"og:url\" content=\"https:\/\/www.vallonchene.fr\/de\/ueber-uns\/\" \/>\n<meta property=\"og:site_name\" content=\"Vallonch\u00eane\" \/>\n<meta property=\"article:publisher\" content=\"https:\/\/www.facebook.com\/vallonchene.fr\" \/>\n<meta property=\"article:modified_time\" content=\"2025-10-23T09:18:18+00:00\" \/>\n<meta name=\"twitter:card\" content=\"summary_large_image\" \/>\n<meta name=\"twitter:label1\" content=\"Gesch\u00e4tzte Lesezeit\" \/>\n\t<meta name=\"twitter:data1\" content=\"2\u00a0Minuten\" \/>\n<script type=\"application\/ld+json\" class=\"yoast-schema-graph\">{\"@context\":\"https:\\\/\\\/schema.org\",\"@graph\":[{\"@type\":[\"WebPage\",\"AboutPage\"],\"@id\":\"https:\\\/\\\/www.vallonchene.fr\\\/de\\\/ueber-uns\\\/\",\"url\":\"https:\\\/\\\/www.vallonchene.fr\\\/de\\\/ueber-uns\\\/\",\"name\":\"\u00dcber uns - Vallonch\u00eane\",\"isPartOf\":{\"@id\":\"https:\\\/\\\/www.vallonchene.fr\\\/de\\\/#website\"},\"datePublished\":\"2023-04-11T10:46:18+00:00\",\"dateModified\":\"2025-10-23T09:18:18+00:00\",\"description\":\"Erfahren Sie mehr \u00fcber uns. Vallonch\u00eane ist die Baumschule, bei der Sie mit Vertrauen Ihre Pflanzen kaufen k\u00f6nnen.\",\"breadcrumb\":{\"@id\":\"https:\\\/\\\/www.vallonchene.fr\\\/de\\\/ueber-uns\\\/#breadcrumb\"},\"inLanguage\":\"de\",\"potentialAction\":[{\"@type\":\"ReadAction\",\"target\":[\"https:\\\/\\\/www.vallonchene.fr\\\/de\\\/ueber-uns\\\/\"]}]},{\"@type\":\"BreadcrumbList\",\"@id\":\"https:\\\/\\\/www.vallonchene.fr\\\/de\\\/ueber-uns\\\/#breadcrumb\",\"itemListElement\":[{\"@type\":\"ListItem\",\"position\":1,\"name\":\"Home\",\"item\":\"https:\\\/\\\/www.vallonchene.fr\\\/de\\\/\"},{\"@type\":\"ListItem\",\"position\":2,\"name\":\"\u00dcber uns\"}]},{\"@type\":\"WebSite\",\"@id\":\"https:\\\/\\\/www.vallonchene.fr\\\/de\\\/#website\",\"url\":\"https:\\\/\\\/www.vallonchene.fr\\\/de\\\/\",\"name\":\"Vallonch\u00eane\",\"description\":\"Die Baumschule, bei der Qualit\u00e4t ihre Wurzeln hat \u2013 Tel.: +49 (0)6838-5399840\",\"publisher\":{\"@id\":\"https:\\\/\\\/www.vallonchene.fr\\\/de\\\/#organization\"},\"potentialAction\":[{\"@type\":\"SearchAction\",\"target\":{\"@type\":\"EntryPoint\",\"urlTemplate\":\"https:\\\/\\\/www.vallonchene.fr\\\/de\\\/?s={search_term_string}\"},\"query-input\":{\"@type\":\"PropertyValueSpecification\",\"valueRequired\":true,\"valueName\":\"search_term_string\"}}],\"inLanguage\":\"de\"},{\"@type\":\"Organization\",\"@id\":\"https:\\\/\\\/www.vallonchene.fr\\\/de\\\/#organization\",\"name\":\"VALLONCHENE\",\"url\":\"https:\\\/\\\/www.vallonchene.fr\\\/de\\\/\",\"logo\":{\"@type\":\"ImageObject\",\"inLanguage\":\"de\",\"@id\":\"https:\\\/\\\/www.vallonchene.fr\\\/de\\\/#\\\/schema\\\/logo\\\/image\\\/\",\"url\":\"https:\\\/\\\/www.vallonchene.fr\\\/wp-content\\\/uploads\\\/2023\\\/03\\\/Logo-Vallonchene-site-et-R_hauteur_100.png\",\"contentUrl\":\"https:\\\/\\\/www.vallonchene.fr\\\/wp-content\\\/uploads\\\/2023\\\/03\\\/Logo-Vallonchene-site-et-R_hauteur_100.png\",\"width\":221,\"height\":100,\"caption\":\"VALLONCHENE\"},\"image\":{\"@id\":\"https:\\\/\\\/www.vallonchene.fr\\\/de\\\/#\\\/schema\\\/logo\\\/image\\\/\"},\"sameAs\":[\"https:\\\/\\\/www.facebook.com\\\/vallonchene.fr\",\"https:\\\/\\\/www.instagram.com\\\/vallonchene\\\/\",\"https:\\\/\\\/www.pinterest.fr\\\/vallonchene\\\/\"],\"taxID\":\"49454502300017\",\"hasMerchantReturnPolicy\":{\"@type\":\"MerchantReturnPolicy\",\"merchantReturnLink\":\"https:\\\/\\\/www.vallonchene.fr\\\/remboursements_retours\\\/\"}}]}<\/script>\n<!-- \/ Yoast SEO Premium plugin. -->","yoast_head_json":{"title":"\u00dcber uns - Vallonch\u00eane","description":"Erfahren Sie mehr \u00fcber uns. Vallonch\u00eane ist die Baumschule, bei der Sie mit Vertrauen Ihre Pflanzen kaufen k\u00f6nnen.","robots":{"index":"index","follow":"follow","max-snippet":"max-snippet:-1","max-image-preview":"max-image-preview:large","max-video-preview":"max-video-preview:-1"},"canonical":"https:\/\/www.vallonchene.fr\/de\/ueber-uns\/","og_locale":"de_DE","og_type":"article","og_title":"\u00dcber uns","og_description":"Erfahren Sie mehr \u00fcber uns. Vallonch\u00eane ist die Baumschule, bei der Sie mit Vertrauen Ihre Pflanzen kaufen k\u00f6nnen.","og_url":"https:\/\/www.vallonchene.fr\/de\/ueber-uns\/","og_site_name":"Vallonch\u00eane","article_publisher":"https:\/\/www.facebook.com\/vallonchene.fr","article_modified_time":"2025-10-23T09:18:18+00:00","twitter_card":"summary_large_image","twitter_misc":{"Gesch\u00e4tzte Lesezeit":"2\u00a0Minuten"},"schema":{"@context":"https:\/\/schema.org","@graph":[{"@type":["WebPage","AboutPage"],"@id":"https:\/\/www.vallonchene.fr\/de\/ueber-uns\/","url":"https:\/\/www.vallonchene.fr\/de\/ueber-uns\/","name":"\u00dcber uns - Vallonch\u00eane","isPartOf":{"@id":"https:\/\/www.vallonchene.fr\/de\/#website"},"datePublished":"2023-04-11T10:46:18+00:00","dateModified":"2025-10-23T09:18:18+00:00","description":"Erfahren Sie mehr \u00fcber uns. Vallonch\u00eane ist die Baumschule, bei der Sie mit Vertrauen Ihre Pflanzen kaufen k\u00f6nnen.","breadcrumb":{"@id":"https:\/\/www.vallonchene.fr\/de\/ueber-uns\/#breadcrumb"},"inLanguage":"de","potentialAction":[{"@type":"ReadAction","target":["https:\/\/www.vallonchene.fr\/de\/ueber-uns\/"]}]},{"@type":"BreadcrumbList","@id":"https:\/\/www.vallonchene.fr\/de\/ueber-uns\/#breadcrumb","itemListElement":[{"@type":"ListItem","position":1,"name":"Home","item":"https:\/\/www.vallonchene.fr\/de\/"},{"@type":"ListItem","position":2,"name":"\u00dcber uns"}]},{"@type":"WebSite","@id":"https:\/\/www.vallonchene.fr\/de\/#website","url":"https:\/\/www.vallonchene.fr\/de\/","name":"Vallonch\u00eane","description":"Die Baumschule, bei der Qualit\u00e4t ihre Wurzeln hat \u2013 Tel.: +49 (0)6838-5399840","publisher":{"@id":"https:\/\/www.vallonchene.fr\/de\/#organization"},"potentialAction":[{"@type":"SearchAction","target":{"@type":"EntryPoint","urlTemplate":"https:\/\/www.vallonchene.fr\/de\/?s={search_term_string}"},"query-input":{"@type":"PropertyValueSpecification","valueRequired":true,"valueName":"search_term_string"}}],"inLanguage":"de"},{"@type":"Organization","@id":"https:\/\/www.vallonchene.fr\/de\/#organization","name":"VALLONCHENE","url":"https:\/\/www.vallonchene.fr\/de\/","logo":{"@type":"ImageObject","inLanguage":"de","@id":"https:\/\/www.vallonchene.fr\/de\/#\/schema\/logo\/image\/","url":"https:\/\/www.vallonchene.fr\/wp-content\/uploads\/2023\/03\/Logo-Vallonchene-site-et-R_hauteur_100.png","contentUrl":"https:\/\/www.vallonchene.fr\/wp-content\/uploads\/2023\/03\/Logo-Vallonchene-site-et-R_hauteur_100.png","width":221,"height":100,"caption":"VALLONCHENE"},"image":{"@id":"https:\/\/www.vallonchene.fr\/de\/#\/schema\/logo\/image\/"},"sameAs":["https:\/\/www.facebook.com\/vallonchene.fr","https:\/\/www.instagram.com\/vallonchene\/","https:\/\/www.pinterest.fr\/vallonchene\/"],"taxID":"49454502300017","hasMerchantReturnPolicy":{"@type":"MerchantReturnPolicy","merchantReturnLink":"https:\/\/www.vallonchene.fr\/remboursements_retours\/"}}]}},"_links":{"self":[{"href":"https:\/\/www.vallonchene.fr\/de\/wp-json\/wp\/v2\/pages\/27163","targetHints":{"allow":["GET"]}}],"collection":[{"href":"https:\/\/www.vallonchene.fr\/de\/wp-json\/wp\/v2\/pages"}],"about":[{"href":"https:\/\/www.vallonchene.fr\/de\/wp-json\/wp\/v2\/types\/page"}],"author":[{"embeddable":true,"href":"https:\/\/www.vallonchene.fr\/de\/wp-json\/wp\/v2\/users\/1"}],"replies":[{"embeddable":true,"href":"https:\/\/www.vallonchene.fr\/de\/wp-json\/wp\/v2\/comments?post=27163"}],"version-history":[{"count":0,"href":"https:\/\/www.vallonchene.fr\/de\/wp-json\/wp\/v2\/pages\/27163\/revisions"}],"wp:attachment":[{"href":"https:\/\/www.vallonchene.fr\/de\/wp-json\/wp\/v2\/media?parent=27163"}],"curies":[{"name":"wp","href":"https:\/\/api.w.org\/{rel}","templated":true}]}}