{"id":27128,"date":"2023-04-10T10:05:07","date_gmt":"2023-04-10T09:05:07","guid":{"rendered":"https:\/\/testing.vallonchene.fr\/?page_id=27128"},"modified":"2023-04-10T10:22:40","modified_gmt":"2023-04-10T10:22:40","slug":"wie-man-rosen-pflanzt-und-pflegt","status":"publish","type":"page","link":"https:\/\/www.vallonchene.fr\/de\/wie-man-pflanzen-pflanzt-und-pflegt\/wie-man-rosen-pflanzt-und-pflegt\/","title":{"rendered":"Wie man Rosen pflanzt und pflegt"},"content":{"rendered":"\n<p>Entdecken Sie mit unseren praktischen Hinweisen, wie<strong>&nbsp;man Rosen pflanzt<\/strong> und diese sp\u00e4ter richtig pflegt:<\/p>\n\n\n\n<h2 class=\"wp-block-heading\" id=\"h-wie-man-rosen-pflanzt\">Wie man Rosen pflanzt<\/h2>\n\n\n<div class=\"wp-block-image\">\n<figure class=\"alignright size-medium\"><a href=\"https:\/\/www.vallonchene.fr\/wp-content\/uploads\/2021\/08\/3344-996-ROSA-Golden-Celebration-en-Mai-300x300.jpg\"><img decoding=\"async\" width=\"300\" height=\"300\" src=\"https:\/\/www.vallonchene.fr\/wp-content\/uploads\/2021\/08\/3344-996-ROSA-Golden-Celebration-en-Mai-300x300.jpg\" alt=\"\" class=\"wp-image-2772\" srcset=\"https:\/\/www.vallonchene.fr\/wp-content\/uploads\/2021\/08\/3344-996-ROSA-Golden-Celebration-en-Mai-300x300.jpg 300w, https:\/\/www.vallonchene.fr\/wp-content\/uploads\/2021\/08\/3344-996-ROSA-Golden-Celebration-en-Mai-324x324.jpg 324w, https:\/\/www.vallonchene.fr\/wp-content\/uploads\/2021\/08\/3344-996-ROSA-Golden-Celebration-en-Mai-100x100.jpg 100w, https:\/\/www.vallonchene.fr\/wp-content\/uploads\/2021\/08\/3344-996-ROSA-Golden-Celebration-en-Mai-416x416.jpg 416w, https:\/\/www.vallonchene.fr\/wp-content\/uploads\/2021\/08\/3344-996-ROSA-Golden-Celebration-en-Mai-64x64.jpg 64w, https:\/\/www.vallonchene.fr\/wp-content\/uploads\/2021\/08\/3344-996-ROSA-Golden-Celebration-en-Mai-1024x1024.jpg 1024w, https:\/\/www.vallonchene.fr\/wp-content\/uploads\/2021\/08\/3344-996-ROSA-Golden-Celebration-en-Mai-150x150.jpg 150w, https:\/\/www.vallonchene.fr\/wp-content\/uploads\/2021\/08\/3344-996-ROSA-Golden-Celebration-en-Mai-768x768.jpg 768w, https:\/\/www.vallonchene.fr\/wp-content\/uploads\/2021\/08\/3344-996-ROSA-Golden-Celebration-en-Mai-1536x1536.jpg 1536w, https:\/\/www.vallonchene.fr\/wp-content\/uploads\/2021\/08\/3344-996-ROSA-Golden-Celebration-en-Mai-1320x1320.jpg 1320w, https:\/\/www.vallonchene.fr\/wp-content\/uploads\/2021\/08\/3344-996-ROSA-Golden-Celebration-en-Mai-32x32.jpg 32w, https:\/\/www.vallonchene.fr\/wp-content\/uploads\/2021\/08\/3344-996-ROSA-Golden-Celebration-en-Mai.jpg 1600w\" sizes=\"(max-width: 300px) 100vw, 300px\" \/><\/a><figcaption class=\"wp-element-caption\">Gelbe doppelte Bl\u00fcte von ROSA &#8218;Golden Celebration&#8216;<\/figcaption><\/figure>\n<\/div>\n\n\n<ol class=\"wp-block-list\">\n<li>W\u00e4hlen Sie den richtigen Standort: ein Rosenstrauch ben\u00f6tigt volle Sonne, d.\u00a0h. Sonne von morgens bis abends. Meiden Sie feuchte Stellen, an denen Wasser stagniert oder stagnieren kann (im Winter als auch im Sommer).<\/li>\n\n\n\n<li>Pr\u00e4parieren Sie ein gutes Pflanzloch: f\u00fcr Rosen raten wir Ihnen ein Loch von 50 \u00d7 50 \u00d7 50 cm zu graben. Trennen Sie die gute Erde (erste Schicht) von der schlechteren (tiefer gelegenen). Ersetzen Sie dann 50 % der nicht so guten Erde mit Kompost oder normaler Blumenerde. Pflanzen m\u00fcssen, ganz genau wie Sie, Nahrung zur Verf\u00fcgung haben.<\/li>\n\n\n\n<li>F\u00fcllen Sie danach zuerst das Gemisch in das Pflanzloch und geben Sie die erste, gute Schicht obendrauf. Pflanzen Sie dann den Rosenstock OHNE Erde auf den Wurzelballen zu geben.<\/li>\n\n\n\n<li>Gie\u00dfen Sie ausgiebig am Fu\u00dfe der Pflanze (mind. eine Gie\u00dfkanne von 12 l).<\/li>\n\n\n\n<li>Bedecken Sie das Pflanzloch nun mit Mulch (wenn vorhanden). Meiden Sie jedoch den Hauptstamm der Pflanze. Verwenden Sie in keinem Fall gem\u00e4hten Rasen oder Kompost auf Basis von gem\u00e4htem Rasen.<\/li>\n\n\n\n<li>Meiden Sie Urin von Haustieren (insbesondere Katzen und Hunden), aber auch F\u00fcchsen, Dachsen\u00a0\u2026 Dieser kann besonders bei immergr\u00fcnen Pflanzen wie Eibe, Bux, Koniferen\u00a0\u2026 wie Unkrautvernichtungsmittel wirken.<\/li>\n<\/ol>\n\n\n\n<h2 class=\"wp-block-heading\" id=\"h-wie-man-rosen-pflegt\">Wie man Rosen pflegt<\/h2>\n\n\n<div class=\"wp-block-image\">\n<figure class=\"alignright size-full\"><a href=\"https:\/\/www.vallonchene.fr\/wp-content\/uploads\/2021\/08\/3327-0c9-ROSA-Falstaff-en-Janvier.jpg\"><img decoding=\"async\" width=\"360\" height=\"360\" src=\"https:\/\/www.vallonchene.fr\/wp-content\/uploads\/2021\/08\/3327-0c9-ROSA-Falstaff-en-Janvier.jpg\" alt=\"\" class=\"wp-image-2736\" srcset=\"https:\/\/www.vallonchene.fr\/wp-content\/uploads\/2021\/08\/3327-0c9-ROSA-Falstaff-en-Janvier.jpg 360w, https:\/\/www.vallonchene.fr\/wp-content\/uploads\/2021\/08\/3327-0c9-ROSA-Falstaff-en-Janvier-324x324.jpg 324w, https:\/\/www.vallonchene.fr\/wp-content\/uploads\/2021\/08\/3327-0c9-ROSA-Falstaff-en-Janvier-100x100.jpg 100w, https:\/\/www.vallonchene.fr\/wp-content\/uploads\/2021\/08\/3327-0c9-ROSA-Falstaff-en-Janvier-64x64.jpg 64w, https:\/\/www.vallonchene.fr\/wp-content\/uploads\/2021\/08\/3327-0c9-ROSA-Falstaff-en-Janvier-300x300.jpg 300w, https:\/\/www.vallonchene.fr\/wp-content\/uploads\/2021\/08\/3327-0c9-ROSA-Falstaff-en-Janvier-150x150.jpg 150w, https:\/\/www.vallonchene.fr\/wp-content\/uploads\/2021\/08\/3327-0c9-ROSA-Falstaff-en-Janvier-32x32.jpg 32w\" sizes=\"(max-width: 360px) 100vw, 360px\" \/><\/a><figcaption class=\"wp-element-caption\">Gef\u00fcllte rote Bl\u00fcten von ROSA &#8218;Falstaff&#8216;<\/figcaption><\/figure>\n<\/div>\n\n\n<ol class=\"wp-block-list\">\n<li>Bewahren Sie immer Feuchtigkeit w\u00e4hrend des ersten Jahres, speziell \u00fcber trockene Perioden. ACHTUNG! Man irrt sich leicht, wenn man glaubt, dass der Regen ausreichend Bew\u00e4sserung erbringt. Das ist oftmals falsch! Wenn Sie im Garten Erfolg haben m\u00f6chten, kaufen Sie sich einen einfachen Regenmesser (aus Plastik auf einem Stock). Er ist das einzige Mittel, um die nat\u00fcrliche Bew\u00e4sserung in Ihrem Garten zu \u00fcberwachen. Der Regenmesser ist ebenso wichtig wie Spaten oder Hacke.<\/li>\n\n\n\n<li>Bei wieder bl\u00fchenden Rosen (bl\u00fchen kontinuierlich bis Anfang des Winters) ist es wichtig, die verbl\u00fchten Bl\u00fcten sofort zu entfernen, um die Entwicklung neuer zu f\u00f6rdern. Ansonsten erm\u00fcdet der Rosenstrauch durch die nutzlose Produktion von Fr\u00fcchten und Saat.<\/li>\n\n\n\n<li>Rosenbl\u00e4tter bekommen leicht schwarze Flecken (Marssoninna rosae und Diplocarpon rosae). Um diesen vorzubeugen, benutzen Sie einfache Kupferl\u00f6sung (im Handel erh\u00e4ltlich; auch in der Biolandwirtschaft benutzt). Behandeln Sie damit Bl\u00e4tter, \u00c4ste und Stamm. Wenn Sie dies h\u00e4ufiger tun, k\u00f6nnen Sie die Dosis verringern. Falls Sie schon schwarze Flecken feststellen k\u00f6nnen, behandeln Sie trotzdem Ihren Strauch. Dies kommt den neuen Bl\u00e4ttern und \u00c4sten zugute.<\/li>\n\n\n\n<li>Wenn Sie die Pflanzstelle nicht mit Mulch gesch\u00fctzt haben, brechen Sie mithilfe einer kleinen Hacke regelm\u00e4\u00dfig die obere Erdkruste. Somit wird dem zugef\u00fchrten Wasser (durch Netzen oder Regen) leichteren Zugang zu den Wurzeln verschafft.<\/li>\n\n\n\n<li>Wir raten vom Schnitt der Rosen im Herbst ab, da die Schnittwunden Einlass f\u00fcr Krankheiten gew\u00e4hren. Wenn Sie nicht anders k\u00f6nnen, schneiden Sie so wenig wie m\u00f6glich und behandeln Sie sofort Ihren Strauch mit Kupferl\u00f6sung (s. oben).<\/li>\n\n\n\n<li>Rosen entwickeln nicht viele Wurzeln. Deshalb ben\u00f6tigen Sie Nahrungszufuhr. Legen Sie am Anfang des Winters eine 10 cm dicke Schicht an Mist (Pferde- oder Kuhmist) um den Rosenstrauch aus. Meiden Sie jedoch jeglichen Kontakt mit der Pflanze.<\/li>\n\n\n\n<li>S\u00e4mtliche Rosenabf\u00e4lle (\u00c4ste, Knospen&nbsp;&#8230;) m\u00fcssen verbrannt oder zum Abfall gegeben werden, da Rosen oft Krankheiten f\u00fchren.<\/li>\n<\/ol>\n","protected":false},"excerpt":{"rendered":"<p>Entdecken Sie mit unseren praktischen Hinweisen, wie&nbsp;man Rosen pflanzt und diese sp\u00e4ter richtig pflegt: Wie man Rosen pflanzt Wie man Rosen pflegt<\/p>\n","protected":false},"author":1,"featured_media":0,"parent":27041,"menu_order":0,"comment_status":"closed","ping_status":"closed","template":"","meta":{"footnotes":""},"class_list":["post-27128","page","type-page","status-publish","hentry"],"yoast_head":"<!-- This site is optimized with the Yoast SEO Premium plugin v27.5 (Yoast SEO v27.5) - https:\/\/yoast.com\/product\/yoast-seo-premium-wordpress\/ -->\n<title>Wie man Rosen pflanzt und pflegt - Vallonch\u00eane<\/title>\n<meta name=\"description\" content=\"Lernen Sie wie man Rosen pflanzt und pflegt, mit unseren speziell entwickelten praktischen Hinweisen f\u00fcr noch mehr Freude mit Rosen.\" \/>\n<meta name=\"robots\" content=\"index, follow, max-snippet:-1, max-image-preview:large, max-video-preview:-1\" \/>\n<link rel=\"canonical\" href=\"https:\/\/www.vallonchene.fr\/de\/wie-man-pflanzen-pflanzt-und-pflegt\/wie-man-rosen-pflanzt-und-pflegt\/\" \/>\n<meta property=\"og:locale\" content=\"de_DE\" \/>\n<meta property=\"og:type\" content=\"article\" \/>\n<meta property=\"og:title\" content=\"Wie man Rosen pflanzt und pflegt\" \/>\n<meta property=\"og:description\" content=\"Lernen Sie wie man Rosen pflanzt und pflegt, mit unseren speziell entwickelten praktischen Hinweisen f\u00fcr noch mehr Freude mit Rosen.\" \/>\n<meta property=\"og:url\" content=\"https:\/\/www.vallonchene.fr\/de\/wie-man-pflanzen-pflanzt-und-pflegt\/wie-man-rosen-pflanzt-und-pflegt\/\" \/>\n<meta property=\"og:site_name\" content=\"Vallonch\u00eane\" \/>\n<meta property=\"article:publisher\" content=\"https:\/\/www.facebook.com\/vallonchene.fr\" \/>\n<meta property=\"article:modified_time\" content=\"2023-04-10T10:22:40+00:00\" \/>\n<meta property=\"og:image\" content=\"https:\/\/www.vallonchene.fr\/wp-content\/uploads\/2021\/08\/3344-996-ROSA-Golden-Celebration-en-Mai-300x300.jpg\" \/>\n<meta name=\"twitter:card\" content=\"summary_large_image\" \/>\n<meta name=\"twitter:label1\" content=\"Gesch\u00e4tzte Lesezeit\" \/>\n\t<meta name=\"twitter:data1\" content=\"4\u00a0Minuten\" \/>\n<script type=\"application\/ld+json\" class=\"yoast-schema-graph\">{\"@context\":\"https:\\\/\\\/schema.org\",\"@graph\":[{\"@type\":\"TechArticle\",\"@id\":\"https:\\\/\\\/www.vallonchene.fr\\\/de\\\/wie-man-pflanzen-pflanzt-und-pflegt\\\/wie-man-rosen-pflanzt-und-pflegt\\\/#article\",\"isPartOf\":{\"@id\":\"https:\\\/\\\/www.vallonchene.fr\\\/de\\\/wie-man-pflanzen-pflanzt-und-pflegt\\\/wie-man-rosen-pflanzt-und-pflegt\\\/\"},\"author\":{\"name\":\"Vallonch\u00eane\",\"@id\":\"https:\\\/\\\/www.vallonchene.fr\\\/de\\\/#\\\/schema\\\/person\\\/e0333176b10d7aea832c0f881bce1ea9\"},\"headline\":\"Wie man Rosen pflanzt und pflegt\",\"datePublished\":\"2023-04-10T09:05:07+00:00\",\"dateModified\":\"2023-04-10T10:22:40+00:00\",\"mainEntityOfPage\":{\"@id\":\"https:\\\/\\\/www.vallonchene.fr\\\/de\\\/wie-man-pflanzen-pflanzt-und-pflegt\\\/wie-man-rosen-pflanzt-und-pflegt\\\/\"},\"wordCount\":570,\"publisher\":{\"@id\":\"https:\\\/\\\/www.vallonchene.fr\\\/de\\\/#organization\"},\"image\":{\"@id\":\"https:\\\/\\\/www.vallonchene.fr\\\/de\\\/wie-man-pflanzen-pflanzt-und-pflegt\\\/wie-man-rosen-pflanzt-und-pflegt\\\/#primaryimage\"},\"thumbnailUrl\":\"https:\\\/\\\/www.vallonchene.fr\\\/wp-content\\\/uploads\\\/2021\\\/08\\\/3344-996-ROSA-Golden-Celebration-en-Mai-300x300.jpg\",\"inLanguage\":\"de\"},{\"@type\":[\"WebPage\",\"QAPage\"],\"@id\":\"https:\\\/\\\/www.vallonchene.fr\\\/de\\\/wie-man-pflanzen-pflanzt-und-pflegt\\\/wie-man-rosen-pflanzt-und-pflegt\\\/\",\"url\":\"https:\\\/\\\/www.vallonchene.fr\\\/de\\\/wie-man-pflanzen-pflanzt-und-pflegt\\\/wie-man-rosen-pflanzt-und-pflegt\\\/\",\"name\":\"Wie man Rosen pflanzt und pflegt - Vallonch\u00eane\",\"isPartOf\":{\"@id\":\"https:\\\/\\\/www.vallonchene.fr\\\/de\\\/#website\"},\"primaryImageOfPage\":{\"@id\":\"https:\\\/\\\/www.vallonchene.fr\\\/de\\\/wie-man-pflanzen-pflanzt-und-pflegt\\\/wie-man-rosen-pflanzt-und-pflegt\\\/#primaryimage\"},\"image\":{\"@id\":\"https:\\\/\\\/www.vallonchene.fr\\\/de\\\/wie-man-pflanzen-pflanzt-und-pflegt\\\/wie-man-rosen-pflanzt-und-pflegt\\\/#primaryimage\"},\"thumbnailUrl\":\"https:\\\/\\\/www.vallonchene.fr\\\/wp-content\\\/uploads\\\/2021\\\/08\\\/3344-996-ROSA-Golden-Celebration-en-Mai-300x300.jpg\",\"datePublished\":\"2023-04-10T09:05:07+00:00\",\"dateModified\":\"2023-04-10T10:22:40+00:00\",\"description\":\"Lernen Sie wie man Rosen pflanzt und pflegt, mit unseren speziell entwickelten praktischen Hinweisen f\u00fcr noch mehr Freude mit Rosen.\",\"breadcrumb\":{\"@id\":\"https:\\\/\\\/www.vallonchene.fr\\\/de\\\/wie-man-pflanzen-pflanzt-und-pflegt\\\/wie-man-rosen-pflanzt-und-pflegt\\\/#breadcrumb\"},\"inLanguage\":\"de\",\"potentialAction\":[{\"@type\":\"ReadAction\",\"target\":[\"https:\\\/\\\/www.vallonchene.fr\\\/de\\\/wie-man-pflanzen-pflanzt-und-pflegt\\\/wie-man-rosen-pflanzt-und-pflegt\\\/\"]}]},{\"@type\":\"ImageObject\",\"inLanguage\":\"de\",\"@id\":\"https:\\\/\\\/www.vallonchene.fr\\\/de\\\/wie-man-pflanzen-pflanzt-und-pflegt\\\/wie-man-rosen-pflanzt-und-pflegt\\\/#primaryimage\",\"url\":\"https:\\\/\\\/www.vallonchene.fr\\\/wp-content\\\/uploads\\\/2021\\\/08\\\/3344-996-ROSA-Golden-Celebration-en-Mai-300x300.jpg\",\"contentUrl\":\"https:\\\/\\\/www.vallonchene.fr\\\/wp-content\\\/uploads\\\/2021\\\/08\\\/3344-996-ROSA-Golden-Celebration-en-Mai-300x300.jpg\"},{\"@type\":\"BreadcrumbList\",\"@id\":\"https:\\\/\\\/www.vallonchene.fr\\\/de\\\/wie-man-pflanzen-pflanzt-und-pflegt\\\/wie-man-rosen-pflanzt-und-pflegt\\\/#breadcrumb\",\"itemListElement\":[{\"@type\":\"ListItem\",\"position\":1,\"name\":\"Home\",\"item\":\"https:\\\/\\\/www.vallonchene.fr\\\/de\\\/\"},{\"@type\":\"ListItem\",\"position\":2,\"name\":\"Wie man Pflanzen pflanzt und pflegt\",\"item\":\"https:\\\/\\\/www.vallonchene.fr\\\/de\\\/comment-planter-et-entretenir-des-vegetaux\\\/\"},{\"@type\":\"ListItem\",\"position\":3,\"name\":\"Wie man Rosen pflanzt und pflegt\"}]},{\"@type\":\"WebSite\",\"@id\":\"https:\\\/\\\/www.vallonchene.fr\\\/de\\\/#website\",\"url\":\"https:\\\/\\\/www.vallonchene.fr\\\/de\\\/\",\"name\":\"Vallonch\u00eane\",\"description\":\"Die Baumschule, bei der Qualit\u00e4t ihre Wurzeln hat \u2013 Tel.: +49 (0)6838-5399840\",\"publisher\":{\"@id\":\"https:\\\/\\\/www.vallonchene.fr\\\/de\\\/#organization\"},\"potentialAction\":[{\"@type\":\"SearchAction\",\"target\":{\"@type\":\"EntryPoint\",\"urlTemplate\":\"https:\\\/\\\/www.vallonchene.fr\\\/de\\\/?s={search_term_string}\"},\"query-input\":{\"@type\":\"PropertyValueSpecification\",\"valueRequired\":true,\"valueName\":\"search_term_string\"}}],\"inLanguage\":\"de\"},{\"@type\":\"Organization\",\"@id\":\"https:\\\/\\\/www.vallonchene.fr\\\/de\\\/#organization\",\"name\":\"VALLONCHENE\",\"url\":\"https:\\\/\\\/www.vallonchene.fr\\\/de\\\/\",\"logo\":{\"@type\":\"ImageObject\",\"inLanguage\":\"de\",\"@id\":\"https:\\\/\\\/www.vallonchene.fr\\\/de\\\/#\\\/schema\\\/logo\\\/image\\\/\",\"url\":\"https:\\\/\\\/www.vallonchene.fr\\\/wp-content\\\/uploads\\\/2023\\\/03\\\/Logo-Vallonchene-site-et-R_hauteur_100.png\",\"contentUrl\":\"https:\\\/\\\/www.vallonchene.fr\\\/wp-content\\\/uploads\\\/2023\\\/03\\\/Logo-Vallonchene-site-et-R_hauteur_100.png\",\"width\":221,\"height\":100,\"caption\":\"VALLONCHENE\"},\"image\":{\"@id\":\"https:\\\/\\\/www.vallonchene.fr\\\/de\\\/#\\\/schema\\\/logo\\\/image\\\/\"},\"sameAs\":[\"https:\\\/\\\/www.facebook.com\\\/vallonchene.fr\",\"https:\\\/\\\/www.instagram.com\\\/vallonchene\\\/\",\"https:\\\/\\\/www.pinterest.fr\\\/vallonchene\\\/\"],\"taxID\":\"49454502300017\",\"hasMerchantReturnPolicy\":{\"@type\":\"MerchantReturnPolicy\",\"merchantReturnLink\":\"https:\\\/\\\/www.vallonchene.fr\\\/remboursements_retours\\\/\"}},{\"@type\":\"Person\",\"@id\":\"https:\\\/\\\/www.vallonchene.fr\\\/de\\\/#\\\/schema\\\/person\\\/e0333176b10d7aea832c0f881bce1ea9\",\"name\":\"Vallonch\u00eane\",\"sameAs\":[\"https:\\\/\\\/www.vallonchene.fr\\\/\",\"https:\\\/\\\/www.facebook.com\\\/vallonchene.fr\",\"https:\\\/\\\/www.instagram.com\\\/vallonchene\\\/\",\"https:\\\/\\\/www.pinterest.fr\\\/vallonchene\\\/\"],\"url\":\"https:\\\/\\\/www.vallonchene.fr\\\/de\\\/author\\\/vallonchene\\\/\"}]}<\/script>\n<!-- \/ Yoast SEO Premium plugin. -->","yoast_head_json":{"title":"Wie man Rosen pflanzt und pflegt - Vallonch\u00eane","description":"Lernen Sie wie man Rosen pflanzt und pflegt, mit unseren speziell entwickelten praktischen Hinweisen f\u00fcr noch mehr Freude mit Rosen.","robots":{"index":"index","follow":"follow","max-snippet":"max-snippet:-1","max-image-preview":"max-image-preview:large","max-video-preview":"max-video-preview:-1"},"canonical":"https:\/\/www.vallonchene.fr\/de\/wie-man-pflanzen-pflanzt-und-pflegt\/wie-man-rosen-pflanzt-und-pflegt\/","og_locale":"de_DE","og_type":"article","og_title":"Wie man Rosen pflanzt und pflegt","og_description":"Lernen Sie wie man Rosen pflanzt und pflegt, mit unseren speziell entwickelten praktischen Hinweisen f\u00fcr noch mehr Freude mit Rosen.","og_url":"https:\/\/www.vallonchene.fr\/de\/wie-man-pflanzen-pflanzt-und-pflegt\/wie-man-rosen-pflanzt-und-pflegt\/","og_site_name":"Vallonch\u00eane","article_publisher":"https:\/\/www.facebook.com\/vallonchene.fr","article_modified_time":"2023-04-10T10:22:40+00:00","og_image":[{"url":"https:\/\/www.vallonchene.fr\/wp-content\/uploads\/2021\/08\/3344-996-ROSA-Golden-Celebration-en-Mai-300x300.jpg","type":"","width":"","height":""}],"twitter_card":"summary_large_image","twitter_misc":{"Gesch\u00e4tzte Lesezeit":"4\u00a0Minuten"},"schema":{"@context":"https:\/\/schema.org","@graph":[{"@type":"TechArticle","@id":"https:\/\/www.vallonchene.fr\/de\/wie-man-pflanzen-pflanzt-und-pflegt\/wie-man-rosen-pflanzt-und-pflegt\/#article","isPartOf":{"@id":"https:\/\/www.vallonchene.fr\/de\/wie-man-pflanzen-pflanzt-und-pflegt\/wie-man-rosen-pflanzt-und-pflegt\/"},"author":{"name":"Vallonch\u00eane","@id":"https:\/\/www.vallonchene.fr\/de\/#\/schema\/person\/e0333176b10d7aea832c0f881bce1ea9"},"headline":"Wie man Rosen pflanzt und pflegt","datePublished":"2023-04-10T09:05:07+00:00","dateModified":"2023-04-10T10:22:40+00:00","mainEntityOfPage":{"@id":"https:\/\/www.vallonchene.fr\/de\/wie-man-pflanzen-pflanzt-und-pflegt\/wie-man-rosen-pflanzt-und-pflegt\/"},"wordCount":570,"publisher":{"@id":"https:\/\/www.vallonchene.fr\/de\/#organization"},"image":{"@id":"https:\/\/www.vallonchene.fr\/de\/wie-man-pflanzen-pflanzt-und-pflegt\/wie-man-rosen-pflanzt-und-pflegt\/#primaryimage"},"thumbnailUrl":"https:\/\/www.vallonchene.fr\/wp-content\/uploads\/2021\/08\/3344-996-ROSA-Golden-Celebration-en-Mai-300x300.jpg","inLanguage":"de"},{"@type":["WebPage","QAPage"],"@id":"https:\/\/www.vallonchene.fr\/de\/wie-man-pflanzen-pflanzt-und-pflegt\/wie-man-rosen-pflanzt-und-pflegt\/","url":"https:\/\/www.vallonchene.fr\/de\/wie-man-pflanzen-pflanzt-und-pflegt\/wie-man-rosen-pflanzt-und-pflegt\/","name":"Wie man Rosen pflanzt und pflegt - Vallonch\u00eane","isPartOf":{"@id":"https:\/\/www.vallonchene.fr\/de\/#website"},"primaryImageOfPage":{"@id":"https:\/\/www.vallonchene.fr\/de\/wie-man-pflanzen-pflanzt-und-pflegt\/wie-man-rosen-pflanzt-und-pflegt\/#primaryimage"},"image":{"@id":"https:\/\/www.vallonchene.fr\/de\/wie-man-pflanzen-pflanzt-und-pflegt\/wie-man-rosen-pflanzt-und-pflegt\/#primaryimage"},"thumbnailUrl":"https:\/\/www.vallonchene.fr\/wp-content\/uploads\/2021\/08\/3344-996-ROSA-Golden-Celebration-en-Mai-300x300.jpg","datePublished":"2023-04-10T09:05:07+00:00","dateModified":"2023-04-10T10:22:40+00:00","description":"Lernen Sie wie man Rosen pflanzt und pflegt, mit unseren speziell entwickelten praktischen Hinweisen f\u00fcr noch mehr Freude mit Rosen.","breadcrumb":{"@id":"https:\/\/www.vallonchene.fr\/de\/wie-man-pflanzen-pflanzt-und-pflegt\/wie-man-rosen-pflanzt-und-pflegt\/#breadcrumb"},"inLanguage":"de","potentialAction":[{"@type":"ReadAction","target":["https:\/\/www.vallonchene.fr\/de\/wie-man-pflanzen-pflanzt-und-pflegt\/wie-man-rosen-pflanzt-und-pflegt\/"]}]},{"@type":"ImageObject","inLanguage":"de","@id":"https:\/\/www.vallonchene.fr\/de\/wie-man-pflanzen-pflanzt-und-pflegt\/wie-man-rosen-pflanzt-und-pflegt\/#primaryimage","url":"https:\/\/www.vallonchene.fr\/wp-content\/uploads\/2021\/08\/3344-996-ROSA-Golden-Celebration-en-Mai-300x300.jpg","contentUrl":"https:\/\/www.vallonchene.fr\/wp-content\/uploads\/2021\/08\/3344-996-ROSA-Golden-Celebration-en-Mai-300x300.jpg"},{"@type":"BreadcrumbList","@id":"https:\/\/www.vallonchene.fr\/de\/wie-man-pflanzen-pflanzt-und-pflegt\/wie-man-rosen-pflanzt-und-pflegt\/#breadcrumb","itemListElement":[{"@type":"ListItem","position":1,"name":"Home","item":"https:\/\/www.vallonchene.fr\/de\/"},{"@type":"ListItem","position":2,"name":"Wie man Pflanzen pflanzt und pflegt","item":"https:\/\/www.vallonchene.fr\/de\/comment-planter-et-entretenir-des-vegetaux\/"},{"@type":"ListItem","position":3,"name":"Wie man Rosen pflanzt und pflegt"}]},{"@type":"WebSite","@id":"https:\/\/www.vallonchene.fr\/de\/#website","url":"https:\/\/www.vallonchene.fr\/de\/","name":"Vallonch\u00eane","description":"Die Baumschule, bei der Qualit\u00e4t ihre Wurzeln hat \u2013 Tel.: +49 (0)6838-5399840","publisher":{"@id":"https:\/\/www.vallonchene.fr\/de\/#organization"},"potentialAction":[{"@type":"SearchAction","target":{"@type":"EntryPoint","urlTemplate":"https:\/\/www.vallonchene.fr\/de\/?s={search_term_string}"},"query-input":{"@type":"PropertyValueSpecification","valueRequired":true,"valueName":"search_term_string"}}],"inLanguage":"de"},{"@type":"Organization","@id":"https:\/\/www.vallonchene.fr\/de\/#organization","name":"VALLONCHENE","url":"https:\/\/www.vallonchene.fr\/de\/","logo":{"@type":"ImageObject","inLanguage":"de","@id":"https:\/\/www.vallonchene.fr\/de\/#\/schema\/logo\/image\/","url":"https:\/\/www.vallonchene.fr\/wp-content\/uploads\/2023\/03\/Logo-Vallonchene-site-et-R_hauteur_100.png","contentUrl":"https:\/\/www.vallonchene.fr\/wp-content\/uploads\/2023\/03\/Logo-Vallonchene-site-et-R_hauteur_100.png","width":221,"height":100,"caption":"VALLONCHENE"},"image":{"@id":"https:\/\/www.vallonchene.fr\/de\/#\/schema\/logo\/image\/"},"sameAs":["https:\/\/www.facebook.com\/vallonchene.fr","https:\/\/www.instagram.com\/vallonchene\/","https:\/\/www.pinterest.fr\/vallonchene\/"],"taxID":"49454502300017","hasMerchantReturnPolicy":{"@type":"MerchantReturnPolicy","merchantReturnLink":"https:\/\/www.vallonchene.fr\/remboursements_retours\/"}},{"@type":"Person","@id":"https:\/\/www.vallonchene.fr\/de\/#\/schema\/person\/e0333176b10d7aea832c0f881bce1ea9","name":"Vallonch\u00eane","sameAs":["https:\/\/www.vallonchene.fr\/","https:\/\/www.facebook.com\/vallonchene.fr","https:\/\/www.instagram.com\/vallonchene\/","https:\/\/www.pinterest.fr\/vallonchene\/"],"url":"https:\/\/www.vallonchene.fr\/de\/author\/vallonchene\/"}]}},"_links":{"self":[{"href":"https:\/\/www.vallonchene.fr\/de\/wp-json\/wp\/v2\/pages\/27128","targetHints":{"allow":["GET"]}}],"collection":[{"href":"https:\/\/www.vallonchene.fr\/de\/wp-json\/wp\/v2\/pages"}],"about":[{"href":"https:\/\/www.vallonchene.fr\/de\/wp-json\/wp\/v2\/types\/page"}],"author":[{"embeddable":true,"href":"https:\/\/www.vallonchene.fr\/de\/wp-json\/wp\/v2\/users\/1"}],"replies":[{"embeddable":true,"href":"https:\/\/www.vallonchene.fr\/de\/wp-json\/wp\/v2\/comments?post=27128"}],"version-history":[{"count":0,"href":"https:\/\/www.vallonchene.fr\/de\/wp-json\/wp\/v2\/pages\/27128\/revisions"}],"up":[{"embeddable":true,"href":"https:\/\/www.vallonchene.fr\/de\/wp-json\/wp\/v2\/pages\/27041"}],"wp:attachment":[{"href":"https:\/\/www.vallonchene.fr\/de\/wp-json\/wp\/v2\/media?parent=27128"}],"curies":[{"name":"wp","href":"https:\/\/api.w.org\/{rel}","templated":true}]}}