{"id":27112,"date":"2023-04-10T09:47:33","date_gmt":"2023-04-10T08:47:33","guid":{"rendered":"https:\/\/testing.vallonchene.fr\/?page_id=27112"},"modified":"2023-04-10T10:01:04","modified_gmt":"2023-04-10T10:01:04","slug":"wie-man-in-toepfen-fuer-terrassen-pflanzt","status":"publish","type":"page","link":"https:\/\/www.vallonchene.fr\/de\/wie-man-pflanzen-pflanzt-und-pflegt\/wie-man-in-toepfen-fuer-terrassen-pflanzt\/","title":{"rendered":"Wie man in T\u00f6pfen f\u00fcr Terrassen pflanzt"},"content":{"rendered":"\n<p>Entdecken Sie mit unseren praktischen Hinweisen, wie man in T\u00f6pfen f\u00fcr Terrassen pflanzt und alles danach richtig pflegt:<\/p>\n\n\n\n<h2 class=\"wp-block-heading\" id=\"h-wie-man-in-topfen-fur-terrassen-pflanzt\">Wie man in T\u00f6pfen f\u00fcr Terrassen pflanzt<\/h2>\n\n\n<div class=\"wp-block-image\">\n<figure class=\"alignright size-full\"><a href=\"https:\/\/www.vallonchene.fr\/wp-content\/uploads\/2021\/09\/plante-en-pot-250x-270-SCIADOPYTIS-verticillata-en-pot.jpg\"><img decoding=\"async\" width=\"141\" height=\"251\" src=\"https:\/\/www.vallonchene.fr\/wp-content\/uploads\/2021\/09\/plante-en-pot-250x-270-SCIADOPYTIS-verticillata-en-pot.jpg\" alt=\"SCIADOPYTIS verticillata in pot outside\" class=\"wp-image-153\" srcset=\"https:\/\/www.vallonchene.fr\/wp-content\/uploads\/2021\/09\/plante-en-pot-250x-270-SCIADOPYTIS-verticillata-en-pot.jpg 141w, https:\/\/www.vallonchene.fr\/wp-content\/uploads\/2021\/09\/plante-en-pot-250x-270-SCIADOPYTIS-verticillata-en-pot-64x114.jpg 64w\" sizes=\"(max-width: 141px) 100vw, 141px\" \/><\/a><figcaption class=\"wp-element-caption\">SCIADOPYTIS verticillata in einem Topf im Freien<\/figcaption><\/figure>\n<\/div>\n\n\n<ol class=\"wp-block-list\">\n<li><strong>Benutzen Sie keine bauchf\u00f6rmigen T\u00f6pfe oder sich nach oben verj\u00fcngende T\u00f6pfe. <\/strong>Wenn die Pflanze sich entwickelt hat, k\u00f6nnen Sie sie sonst nur aus dem Topf holen, indem Sie ihn zerbrechen.<\/li>\n\n\n\n<li><strong>Legen Sie auf dem Topfboden eine feine Schicht von Steinchen ab, um<\/strong>&nbsp;den Wasserabfluss zu erleichtern.<\/li>\n\n\n\n<li><strong>W\u00e4hlen Sie den richtigen Standort in Bezug auf das Sonnenlicht. <\/strong>Vergessen Sie nicht, da\u00df Topfpflanzen leichter unter Sonne leiden als Pflanzen im Land.<\/li>\n\n\n\n<li><strong>Mischen Sie 50 % Kompost mit 50 % Erde aus Ihrem Garten. <\/strong>Ihre Gartenerde sichert ein besseres Feuchtigkeitsgleichgewicht, insbesondere w\u00e4hrend warmer Perioden. Benutzen Sie IN KEINEM FALL Torf. Er trocknet in wasserarmen Zeiten zu stark aus und ist danach nur schwierig zu befeuchten. Ergebnis: Ihre Pflanzen leiden unter Wassermangel.<\/li>\n\n\n\n<li><strong>Machen Sie eine Lage der Erdmischung auf die Steine. <\/strong>Die Dicke h\u00e4ngt von der Gr\u00f6\u00dfe des Pflanzenballens und des Topfes ab. Machen Sie keine Erdmischung auf den Pflanzenballen, sonst kann das Wachstum gest\u00f6rt werden oder die Pflanze sogar sterben.<\/li>\n\n\n\n<li><strong>Bringen Sie nun Ihre Pflanze in den Topf und f\u00fcllen Sie den freien Raum um den Wurzelballen herum mit Erdmischung.<\/strong><\/li>\n\n\n\n<li><strong>Dr\u00fccken Sie die Pflanze an und gie\u00dfen Sie dann reichhaltig.<\/strong><\/li>\n\n\n\n<li><strong>Sch\u00fctzen Sie Ihre Pflanzen vor Tierurin<\/strong>, speziell Katzen und Hunde. Diese Art von \u201eBew\u00e4sserung\u201c durch Tiere wird vielen Pflanzen fatal. Urin auf immergr\u00fcnen Pflanzen und vornehmlich Eibe, Bux und Koniferen kann sich als regelrechtes Unkrautvernichtungsmittel herausstellen: Es f\u00e4ngt an der Kontaktstelle an und breitet sich auf die ganze Pflanze aus.<\/li>\n\n\n\n<li>Wenn es sich um einen Baum handelt, <strong>benutzen Sie eventuell einen Stock<\/strong> (der Gr\u00f6\u00dfe entsprechend). Dies stabilisiert den Wurzelballen und favorisiert die Wurzelentwicklung.<\/li>\n<\/ol>\n\n\n\n<h2 class=\"wp-block-heading\" id=\"h-wie-man-pflanzen-in-topfen-auf-der-terrasse-pflegt\">Wie man Pflanzen in T\u00f6pfen auf der Terrasse pflegt<\/h2>\n\n\n\n<p>Wenn Sie unseren Pflanzanweisungen gefolgt sind, wird die Pflege Ihrer Pflanzen ein Kinderspiel:<\/p>\n\n\n\n<ol class=\"wp-block-list\">\n<li><strong>Behalten Sie eine gute Bew\u00e4sserung bei, insbesondere w\u00e4hrend Trockenzeiten. <\/strong>ACHTUNG! Regen kann die Bew\u00e4sserung von Topfpflanzen nicht sichern, da die Topffl\u00e4che viel zu klein ist. Deshalb m\u00fcssen Sie regelm\u00e4\u00dfig die Feuchtigkeit im Topf pr\u00fcfen. Entweder mit den Fingern oder indem Sie den Topf heben, um das Gewicht zu kontrollieren. Dies ist die einzige M\u00f6glichkeit. Die richtige Bew\u00e4sserung ist umso wichtiger bei immergr\u00fcnen Pflanzen, da bei ihnen die Anzeichen von Wassermangel (gelbes oder abfallendes Laub) zu sp\u00e4t erscheinen.<\/li>\n\n\n\n<li><strong>Benutzen Sie D\u00fcnger in den darauffolgenden Jahren,<\/strong> denn die Erdmischung fehlt mit der Zeit an Nahrung.<\/li>\n\n\n\n<li><strong>Entfernen Sie verbl\u00fchte Blumen.<\/strong> Sie erm\u00fcden die Pflanzen durch die Produktion von Saat. Ihre Pflanzen werden dann im n\u00e4chsten Jahr umso sch\u00f6ner.<\/li>\n\n\n\n<li><strong>Wenn Sie mehrere Tage oder gar Wochen wegfahren, versichern Sie sich, da\u00df Ihre Pflanzen richtig bew\u00e4ssert werden. <\/strong>Wenn Sie keine Hilfe von Dritten haben, f\u00fcllen Sie Plastikflaschen mit Wasser (der Flaschenhals sollte lang (20 cm) und d\u00fcnn sein). Drehen Sie diese dann mit einer schnellen Bewegung um und dr\u00fccken Sie sie gleichzeitig in die Topferde. Auf diese Weise wird das Wasser nur langsam freigesetzt. Der Topfgr\u00f6\u00dfe entsprechend m\u00fcssen Sie mehr oder weniger Flaschen benutzen.<\/li>\n<\/ol>\n","protected":false},"excerpt":{"rendered":"<p>Entdecken Sie mit unseren praktischen Hinweisen, wie man in T\u00f6pfen f\u00fcr Terrassen pflanzt und alles danach richtig pflegt: Wie man in T\u00f6pfen f\u00fcr Terrassen pflanzt Wie man Pflanzen in T\u00f6pfen auf der Terrasse pflegt Wenn Sie unseren Pflanzanweisungen gefolgt sind, wird die Pflege Ihrer Pflanzen ein Kinderspiel:<\/p>\n","protected":false},"author":1,"featured_media":0,"parent":27041,"menu_order":0,"comment_status":"closed","ping_status":"closed","template":"","meta":{"footnotes":""},"class_list":["post-27112","page","type-page","status-publish","hentry"],"yoast_head":"<!-- This site is optimized with the Yoast SEO Premium plugin v27.4 (Yoast SEO v27.4) - https:\/\/yoast.com\/product\/yoast-seo-premium-wordpress\/ -->\n<title>Wie man in T\u00f6pfen f\u00fcr Terrassen pflanzt - Vallonch\u00eane<\/title>\n<meta name=\"description\" content=\"Lernen Sie, wie man in T\u00f6pfen f\u00fcr Terrassen pflanzt, mit unseren speziell entwickelten praktischen Hinweisen f\u00fcr noch mehr Freude im Garten.\" \/>\n<meta name=\"robots\" content=\"index, follow, max-snippet:-1, max-image-preview:large, max-video-preview:-1\" \/>\n<link rel=\"canonical\" href=\"https:\/\/www.vallonchene.fr\/de\/wie-man-pflanzen-pflanzt-und-pflegt\/wie-man-in-toepfen-fuer-terrassen-pflanzt\/\" \/>\n<meta property=\"og:locale\" content=\"de_DE\" \/>\n<meta property=\"og:type\" content=\"article\" \/>\n<meta property=\"og:title\" content=\"Wie man in T\u00f6pfen f\u00fcr Terrassen pflanzt\" \/>\n<meta property=\"og:description\" content=\"Lernen Sie, wie man in T\u00f6pfen f\u00fcr Terrassen pflanzt, mit unseren speziell entwickelten praktischen Hinweisen f\u00fcr noch mehr Freude im Garten.\" \/>\n<meta property=\"og:url\" content=\"https:\/\/www.vallonchene.fr\/de\/wie-man-pflanzen-pflanzt-und-pflegt\/wie-man-in-toepfen-fuer-terrassen-pflanzt\/\" \/>\n<meta property=\"og:site_name\" content=\"Vallonch\u00eane\" \/>\n<meta property=\"article:publisher\" content=\"https:\/\/www.facebook.com\/vallonchene.fr\" \/>\n<meta property=\"article:modified_time\" content=\"2023-04-10T10:01:04+00:00\" \/>\n<meta property=\"og:image\" content=\"https:\/\/www.vallonchene.fr\/wp-content\/uploads\/2021\/09\/plante-en-pot-250x-270-SCIADOPYTIS-verticillata-en-pot.jpg\" \/>\n<meta name=\"twitter:card\" content=\"summary_large_image\" \/>\n<meta name=\"twitter:label1\" content=\"Gesch\u00e4tzte Lesezeit\" \/>\n\t<meta name=\"twitter:data1\" content=\"4\u00a0Minuten\" \/>\n<script type=\"application\/ld+json\" class=\"yoast-schema-graph\">{\"@context\":\"https:\\\/\\\/schema.org\",\"@graph\":[{\"@type\":\"TechArticle\",\"@id\":\"https:\\\/\\\/www.vallonchene.fr\\\/de\\\/wie-man-pflanzen-pflanzt-und-pflegt\\\/wie-man-in-toepfen-fuer-terrassen-pflanzt\\\/#article\",\"isPartOf\":{\"@id\":\"https:\\\/\\\/www.vallonchene.fr\\\/de\\\/wie-man-pflanzen-pflanzt-und-pflegt\\\/wie-man-in-toepfen-fuer-terrassen-pflanzt\\\/\"},\"author\":{\"name\":\"Vallonch\u00eane\",\"@id\":\"https:\\\/\\\/www.vallonchene.fr\\\/de\\\/#\\\/schema\\\/person\\\/e0333176b10d7aea832c0f881bce1ea9\"},\"headline\":\"Wie man in T\u00f6pfen f\u00fcr Terrassen pflanzt\",\"datePublished\":\"2023-04-10T08:47:33+00:00\",\"dateModified\":\"2023-04-10T10:01:04+00:00\",\"mainEntityOfPage\":{\"@id\":\"https:\\\/\\\/www.vallonchene.fr\\\/de\\\/wie-man-pflanzen-pflanzt-und-pflegt\\\/wie-man-in-toepfen-fuer-terrassen-pflanzt\\\/\"},\"wordCount\":553,\"publisher\":{\"@id\":\"https:\\\/\\\/www.vallonchene.fr\\\/de\\\/#organization\"},\"image\":{\"@id\":\"https:\\\/\\\/www.vallonchene.fr\\\/de\\\/wie-man-pflanzen-pflanzt-und-pflegt\\\/wie-man-in-toepfen-fuer-terrassen-pflanzt\\\/#primaryimage\"},\"thumbnailUrl\":\"https:\\\/\\\/www.vallonchene.fr\\\/wp-content\\\/uploads\\\/2021\\\/09\\\/plante-en-pot-250x-270-SCIADOPYTIS-verticillata-en-pot.jpg\",\"inLanguage\":\"de\"},{\"@type\":[\"WebPage\",\"QAPage\"],\"@id\":\"https:\\\/\\\/www.vallonchene.fr\\\/de\\\/wie-man-pflanzen-pflanzt-und-pflegt\\\/wie-man-in-toepfen-fuer-terrassen-pflanzt\\\/\",\"url\":\"https:\\\/\\\/www.vallonchene.fr\\\/de\\\/wie-man-pflanzen-pflanzt-und-pflegt\\\/wie-man-in-toepfen-fuer-terrassen-pflanzt\\\/\",\"name\":\"Wie man in T\u00f6pfen f\u00fcr Terrassen pflanzt - Vallonch\u00eane\",\"isPartOf\":{\"@id\":\"https:\\\/\\\/www.vallonchene.fr\\\/de\\\/#website\"},\"primaryImageOfPage\":{\"@id\":\"https:\\\/\\\/www.vallonchene.fr\\\/de\\\/wie-man-pflanzen-pflanzt-und-pflegt\\\/wie-man-in-toepfen-fuer-terrassen-pflanzt\\\/#primaryimage\"},\"image\":{\"@id\":\"https:\\\/\\\/www.vallonchene.fr\\\/de\\\/wie-man-pflanzen-pflanzt-und-pflegt\\\/wie-man-in-toepfen-fuer-terrassen-pflanzt\\\/#primaryimage\"},\"thumbnailUrl\":\"https:\\\/\\\/www.vallonchene.fr\\\/wp-content\\\/uploads\\\/2021\\\/09\\\/plante-en-pot-250x-270-SCIADOPYTIS-verticillata-en-pot.jpg\",\"datePublished\":\"2023-04-10T08:47:33+00:00\",\"dateModified\":\"2023-04-10T10:01:04+00:00\",\"description\":\"Lernen Sie, wie man in T\u00f6pfen f\u00fcr Terrassen pflanzt, mit unseren speziell entwickelten praktischen Hinweisen f\u00fcr noch mehr Freude im Garten.\",\"breadcrumb\":{\"@id\":\"https:\\\/\\\/www.vallonchene.fr\\\/de\\\/wie-man-pflanzen-pflanzt-und-pflegt\\\/wie-man-in-toepfen-fuer-terrassen-pflanzt\\\/#breadcrumb\"},\"inLanguage\":\"de\",\"potentialAction\":[{\"@type\":\"ReadAction\",\"target\":[\"https:\\\/\\\/www.vallonchene.fr\\\/de\\\/wie-man-pflanzen-pflanzt-und-pflegt\\\/wie-man-in-toepfen-fuer-terrassen-pflanzt\\\/\"]}]},{\"@type\":\"ImageObject\",\"inLanguage\":\"de\",\"@id\":\"https:\\\/\\\/www.vallonchene.fr\\\/de\\\/wie-man-pflanzen-pflanzt-und-pflegt\\\/wie-man-in-toepfen-fuer-terrassen-pflanzt\\\/#primaryimage\",\"url\":\"https:\\\/\\\/www.vallonchene.fr\\\/wp-content\\\/uploads\\\/2021\\\/09\\\/plante-en-pot-250x-270-SCIADOPYTIS-verticillata-en-pot.jpg\",\"contentUrl\":\"https:\\\/\\\/www.vallonchene.fr\\\/wp-content\\\/uploads\\\/2021\\\/09\\\/plante-en-pot-250x-270-SCIADOPYTIS-verticillata-en-pot.jpg\"},{\"@type\":\"BreadcrumbList\",\"@id\":\"https:\\\/\\\/www.vallonchene.fr\\\/de\\\/wie-man-pflanzen-pflanzt-und-pflegt\\\/wie-man-in-toepfen-fuer-terrassen-pflanzt\\\/#breadcrumb\",\"itemListElement\":[{\"@type\":\"ListItem\",\"position\":1,\"name\":\"Home\",\"item\":\"https:\\\/\\\/www.vallonchene.fr\\\/de\\\/\"},{\"@type\":\"ListItem\",\"position\":2,\"name\":\"Wie man Pflanzen pflanzt und pflegt\",\"item\":\"https:\\\/\\\/www.vallonchene.fr\\\/de\\\/comment-planter-et-entretenir-des-vegetaux\\\/\"},{\"@type\":\"ListItem\",\"position\":3,\"name\":\"Wie man in T\u00f6pfen f\u00fcr Terrassen pflanzt\"}]},{\"@type\":\"WebSite\",\"@id\":\"https:\\\/\\\/www.vallonchene.fr\\\/de\\\/#website\",\"url\":\"https:\\\/\\\/www.vallonchene.fr\\\/de\\\/\",\"name\":\"Vallonch\u00eane\",\"description\":\"Die Baumschule, bei der Qualit\u00e4t ihre Wurzeln hat \u2013 Tel.: +49 (0)6838-5399840\",\"publisher\":{\"@id\":\"https:\\\/\\\/www.vallonchene.fr\\\/de\\\/#organization\"},\"potentialAction\":[{\"@type\":\"SearchAction\",\"target\":{\"@type\":\"EntryPoint\",\"urlTemplate\":\"https:\\\/\\\/www.vallonchene.fr\\\/de\\\/?s={search_term_string}\"},\"query-input\":{\"@type\":\"PropertyValueSpecification\",\"valueRequired\":true,\"valueName\":\"search_term_string\"}}],\"inLanguage\":\"de\"},{\"@type\":\"Organization\",\"@id\":\"https:\\\/\\\/www.vallonchene.fr\\\/de\\\/#organization\",\"name\":\"VALLONCHENE\",\"url\":\"https:\\\/\\\/www.vallonchene.fr\\\/de\\\/\",\"logo\":{\"@type\":\"ImageObject\",\"inLanguage\":\"de\",\"@id\":\"https:\\\/\\\/www.vallonchene.fr\\\/de\\\/#\\\/schema\\\/logo\\\/image\\\/\",\"url\":\"https:\\\/\\\/www.vallonchene.fr\\\/wp-content\\\/uploads\\\/2023\\\/03\\\/Logo-Vallonchene-site-et-R_hauteur_100.png\",\"contentUrl\":\"https:\\\/\\\/www.vallonchene.fr\\\/wp-content\\\/uploads\\\/2023\\\/03\\\/Logo-Vallonchene-site-et-R_hauteur_100.png\",\"width\":221,\"height\":100,\"caption\":\"VALLONCHENE\"},\"image\":{\"@id\":\"https:\\\/\\\/www.vallonchene.fr\\\/de\\\/#\\\/schema\\\/logo\\\/image\\\/\"},\"sameAs\":[\"https:\\\/\\\/www.facebook.com\\\/vallonchene.fr\",\"https:\\\/\\\/www.instagram.com\\\/vallonchene\\\/\",\"https:\\\/\\\/www.pinterest.fr\\\/vallonchene\\\/\"],\"taxID\":\"49454502300017\",\"hasMerchantReturnPolicy\":{\"@type\":\"MerchantReturnPolicy\",\"merchantReturnLink\":\"https:\\\/\\\/www.vallonchene.fr\\\/remboursements_retours\\\/\"}},{\"@type\":\"Person\",\"@id\":\"https:\\\/\\\/www.vallonchene.fr\\\/de\\\/#\\\/schema\\\/person\\\/e0333176b10d7aea832c0f881bce1ea9\",\"name\":\"Vallonch\u00eane\",\"sameAs\":[\"https:\\\/\\\/www.vallonchene.fr\\\/\",\"https:\\\/\\\/www.facebook.com\\\/vallonchene.fr\",\"https:\\\/\\\/www.instagram.com\\\/vallonchene\\\/\",\"https:\\\/\\\/www.pinterest.fr\\\/vallonchene\\\/\"],\"url\":\"https:\\\/\\\/www.vallonchene.fr\\\/de\\\/author\\\/vallonchene\\\/\"}]}<\/script>\n<!-- \/ Yoast SEO Premium plugin. -->","yoast_head_json":{"title":"Wie man in T\u00f6pfen f\u00fcr Terrassen pflanzt - Vallonch\u00eane","description":"Lernen Sie, wie man in T\u00f6pfen f\u00fcr Terrassen pflanzt, mit unseren speziell entwickelten praktischen Hinweisen f\u00fcr noch mehr Freude im Garten.","robots":{"index":"index","follow":"follow","max-snippet":"max-snippet:-1","max-image-preview":"max-image-preview:large","max-video-preview":"max-video-preview:-1"},"canonical":"https:\/\/www.vallonchene.fr\/de\/wie-man-pflanzen-pflanzt-und-pflegt\/wie-man-in-toepfen-fuer-terrassen-pflanzt\/","og_locale":"de_DE","og_type":"article","og_title":"Wie man in T\u00f6pfen f\u00fcr Terrassen pflanzt","og_description":"Lernen Sie, wie man in T\u00f6pfen f\u00fcr Terrassen pflanzt, mit unseren speziell entwickelten praktischen Hinweisen f\u00fcr noch mehr Freude im Garten.","og_url":"https:\/\/www.vallonchene.fr\/de\/wie-man-pflanzen-pflanzt-und-pflegt\/wie-man-in-toepfen-fuer-terrassen-pflanzt\/","og_site_name":"Vallonch\u00eane","article_publisher":"https:\/\/www.facebook.com\/vallonchene.fr","article_modified_time":"2023-04-10T10:01:04+00:00","og_image":[{"url":"https:\/\/www.vallonchene.fr\/wp-content\/uploads\/2021\/09\/plante-en-pot-250x-270-SCIADOPYTIS-verticillata-en-pot.jpg","type":"","width":"","height":""}],"twitter_card":"summary_large_image","twitter_misc":{"Gesch\u00e4tzte Lesezeit":"4\u00a0Minuten"},"schema":{"@context":"https:\/\/schema.org","@graph":[{"@type":"TechArticle","@id":"https:\/\/www.vallonchene.fr\/de\/wie-man-pflanzen-pflanzt-und-pflegt\/wie-man-in-toepfen-fuer-terrassen-pflanzt\/#article","isPartOf":{"@id":"https:\/\/www.vallonchene.fr\/de\/wie-man-pflanzen-pflanzt-und-pflegt\/wie-man-in-toepfen-fuer-terrassen-pflanzt\/"},"author":{"name":"Vallonch\u00eane","@id":"https:\/\/www.vallonchene.fr\/de\/#\/schema\/person\/e0333176b10d7aea832c0f881bce1ea9"},"headline":"Wie man in T\u00f6pfen f\u00fcr Terrassen pflanzt","datePublished":"2023-04-10T08:47:33+00:00","dateModified":"2023-04-10T10:01:04+00:00","mainEntityOfPage":{"@id":"https:\/\/www.vallonchene.fr\/de\/wie-man-pflanzen-pflanzt-und-pflegt\/wie-man-in-toepfen-fuer-terrassen-pflanzt\/"},"wordCount":553,"publisher":{"@id":"https:\/\/www.vallonchene.fr\/de\/#organization"},"image":{"@id":"https:\/\/www.vallonchene.fr\/de\/wie-man-pflanzen-pflanzt-und-pflegt\/wie-man-in-toepfen-fuer-terrassen-pflanzt\/#primaryimage"},"thumbnailUrl":"https:\/\/www.vallonchene.fr\/wp-content\/uploads\/2021\/09\/plante-en-pot-250x-270-SCIADOPYTIS-verticillata-en-pot.jpg","inLanguage":"de"},{"@type":["WebPage","QAPage"],"@id":"https:\/\/www.vallonchene.fr\/de\/wie-man-pflanzen-pflanzt-und-pflegt\/wie-man-in-toepfen-fuer-terrassen-pflanzt\/","url":"https:\/\/www.vallonchene.fr\/de\/wie-man-pflanzen-pflanzt-und-pflegt\/wie-man-in-toepfen-fuer-terrassen-pflanzt\/","name":"Wie man in T\u00f6pfen f\u00fcr Terrassen pflanzt - Vallonch\u00eane","isPartOf":{"@id":"https:\/\/www.vallonchene.fr\/de\/#website"},"primaryImageOfPage":{"@id":"https:\/\/www.vallonchene.fr\/de\/wie-man-pflanzen-pflanzt-und-pflegt\/wie-man-in-toepfen-fuer-terrassen-pflanzt\/#primaryimage"},"image":{"@id":"https:\/\/www.vallonchene.fr\/de\/wie-man-pflanzen-pflanzt-und-pflegt\/wie-man-in-toepfen-fuer-terrassen-pflanzt\/#primaryimage"},"thumbnailUrl":"https:\/\/www.vallonchene.fr\/wp-content\/uploads\/2021\/09\/plante-en-pot-250x-270-SCIADOPYTIS-verticillata-en-pot.jpg","datePublished":"2023-04-10T08:47:33+00:00","dateModified":"2023-04-10T10:01:04+00:00","description":"Lernen Sie, wie man in T\u00f6pfen f\u00fcr Terrassen pflanzt, mit unseren speziell entwickelten praktischen Hinweisen f\u00fcr noch mehr Freude im Garten.","breadcrumb":{"@id":"https:\/\/www.vallonchene.fr\/de\/wie-man-pflanzen-pflanzt-und-pflegt\/wie-man-in-toepfen-fuer-terrassen-pflanzt\/#breadcrumb"},"inLanguage":"de","potentialAction":[{"@type":"ReadAction","target":["https:\/\/www.vallonchene.fr\/de\/wie-man-pflanzen-pflanzt-und-pflegt\/wie-man-in-toepfen-fuer-terrassen-pflanzt\/"]}]},{"@type":"ImageObject","inLanguage":"de","@id":"https:\/\/www.vallonchene.fr\/de\/wie-man-pflanzen-pflanzt-und-pflegt\/wie-man-in-toepfen-fuer-terrassen-pflanzt\/#primaryimage","url":"https:\/\/www.vallonchene.fr\/wp-content\/uploads\/2021\/09\/plante-en-pot-250x-270-SCIADOPYTIS-verticillata-en-pot.jpg","contentUrl":"https:\/\/www.vallonchene.fr\/wp-content\/uploads\/2021\/09\/plante-en-pot-250x-270-SCIADOPYTIS-verticillata-en-pot.jpg"},{"@type":"BreadcrumbList","@id":"https:\/\/www.vallonchene.fr\/de\/wie-man-pflanzen-pflanzt-und-pflegt\/wie-man-in-toepfen-fuer-terrassen-pflanzt\/#breadcrumb","itemListElement":[{"@type":"ListItem","position":1,"name":"Home","item":"https:\/\/www.vallonchene.fr\/de\/"},{"@type":"ListItem","position":2,"name":"Wie man Pflanzen pflanzt und pflegt","item":"https:\/\/www.vallonchene.fr\/de\/comment-planter-et-entretenir-des-vegetaux\/"},{"@type":"ListItem","position":3,"name":"Wie man in T\u00f6pfen f\u00fcr Terrassen pflanzt"}]},{"@type":"WebSite","@id":"https:\/\/www.vallonchene.fr\/de\/#website","url":"https:\/\/www.vallonchene.fr\/de\/","name":"Vallonch\u00eane","description":"Die Baumschule, bei der Qualit\u00e4t ihre Wurzeln hat \u2013 Tel.: +49 (0)6838-5399840","publisher":{"@id":"https:\/\/www.vallonchene.fr\/de\/#organization"},"potentialAction":[{"@type":"SearchAction","target":{"@type":"EntryPoint","urlTemplate":"https:\/\/www.vallonchene.fr\/de\/?s={search_term_string}"},"query-input":{"@type":"PropertyValueSpecification","valueRequired":true,"valueName":"search_term_string"}}],"inLanguage":"de"},{"@type":"Organization","@id":"https:\/\/www.vallonchene.fr\/de\/#organization","name":"VALLONCHENE","url":"https:\/\/www.vallonchene.fr\/de\/","logo":{"@type":"ImageObject","inLanguage":"de","@id":"https:\/\/www.vallonchene.fr\/de\/#\/schema\/logo\/image\/","url":"https:\/\/www.vallonchene.fr\/wp-content\/uploads\/2023\/03\/Logo-Vallonchene-site-et-R_hauteur_100.png","contentUrl":"https:\/\/www.vallonchene.fr\/wp-content\/uploads\/2023\/03\/Logo-Vallonchene-site-et-R_hauteur_100.png","width":221,"height":100,"caption":"VALLONCHENE"},"image":{"@id":"https:\/\/www.vallonchene.fr\/de\/#\/schema\/logo\/image\/"},"sameAs":["https:\/\/www.facebook.com\/vallonchene.fr","https:\/\/www.instagram.com\/vallonchene\/","https:\/\/www.pinterest.fr\/vallonchene\/"],"taxID":"49454502300017","hasMerchantReturnPolicy":{"@type":"MerchantReturnPolicy","merchantReturnLink":"https:\/\/www.vallonchene.fr\/remboursements_retours\/"}},{"@type":"Person","@id":"https:\/\/www.vallonchene.fr\/de\/#\/schema\/person\/e0333176b10d7aea832c0f881bce1ea9","name":"Vallonch\u00eane","sameAs":["https:\/\/www.vallonchene.fr\/","https:\/\/www.facebook.com\/vallonchene.fr","https:\/\/www.instagram.com\/vallonchene\/","https:\/\/www.pinterest.fr\/vallonchene\/"],"url":"https:\/\/www.vallonchene.fr\/de\/author\/vallonchene\/"}]}},"_links":{"self":[{"href":"https:\/\/www.vallonchene.fr\/de\/wp-json\/wp\/v2\/pages\/27112","targetHints":{"allow":["GET"]}}],"collection":[{"href":"https:\/\/www.vallonchene.fr\/de\/wp-json\/wp\/v2\/pages"}],"about":[{"href":"https:\/\/www.vallonchene.fr\/de\/wp-json\/wp\/v2\/types\/page"}],"author":[{"embeddable":true,"href":"https:\/\/www.vallonchene.fr\/de\/wp-json\/wp\/v2\/users\/1"}],"replies":[{"embeddable":true,"href":"https:\/\/www.vallonchene.fr\/de\/wp-json\/wp\/v2\/comments?post=27112"}],"version-history":[{"count":0,"href":"https:\/\/www.vallonchene.fr\/de\/wp-json\/wp\/v2\/pages\/27112\/revisions"}],"up":[{"embeddable":true,"href":"https:\/\/www.vallonchene.fr\/de\/wp-json\/wp\/v2\/pages\/27041"}],"wp:attachment":[{"href":"https:\/\/www.vallonchene.fr\/de\/wp-json\/wp\/v2\/media?parent=27112"}],"curies":[{"name":"wp","href":"https:\/\/api.w.org\/{rel}","templated":true}]}}