{"id":27100,"date":"2023-04-10T09:33:13","date_gmt":"2023-04-10T08:33:13","guid":{"rendered":"https:\/\/testing.vallonchene.fr\/?page_id=27100"},"modified":"2023-04-11T12:25:04","modified_gmt":"2023-04-11T12:25:04","slug":"wie-man-stauden-pflanzt-und-pflegt","status":"publish","type":"page","link":"https:\/\/www.vallonchene.fr\/de\/wie-man-pflanzen-pflanzt-und-pflegt\/wie-man-stauden-pflanzt-und-pflegt\/","title":{"rendered":"Wie man Stauden pflanzt und pflegt"},"content":{"rendered":"\n<p>Entdecken Sie mit unseren praktischen Hinweisen, wie<strong> man Stauden pflanzt und pflegt<\/strong>:<\/p>\n\n\n\n<h2 class=\"wp-block-heading\" id=\"h-wie-man-stauden-pflanzt\">Wie man Stauden pflanzt<\/h2>\n\n\n\n<ol class=\"wp-block-list\">\n<li><strong>Bereiten Sie ein gutes Pflanzloch vor<\/strong>: f\u00fcr Stauden empfehlen wir ein Loch mit folgenden Ausma\u00dfen: 50 \u00d7 50 \u00d7 50 cm. Sondern Sie die erste Schicht guter Erde aus und ersetzen Sie die darunterliegende schlechtere Erde mit 50 % an Kompost. Die Pflanzen ben\u00f6tigen Nahrung, genau wie Sie! Benutzen Sie IN KEINEM FALL Torf oder zu torfhaltige Blumenerden. Torf trocknet in regenschwachen Zeiten zu sehr aus und ist danach nur schwer zu befeuchten. Ergebnis: Ihre Pflanzen leiden unter Wassermangel.<\/li>\n\n\n\n<li><strong>Wenn Sie das Pflanzloch schlie\u00dfen und die Pflanze pflanzen, d\u00fcrfen Sie keine Erde oder Kompost \u00fcber den eigentlichen Wurzelballen machen.<\/strong> Wenn Sie die Pflanzenbasis bedecken, reduzieren oder stoppen Sie das Wachstum oder die Pflanze stirbt ganz einfach.<\/li>\n\n\n\n<li><strong>Gie\u00dfen Sie anschlie\u00dfend ausreichend und direkt am Stamm<\/strong> (mindestens eine 12-Liter-Gie\u00dfkanne).<\/li>\n\n\n\n<li><strong>Wenn Sie \u00fcber Mulch (haupts\u00e4chlich ein Gemisch aus Bl\u00e4ttern und Kiefernadeln) verf\u00fcgen, decken Sie damit das Pflanzloch ab (aber meiden Sie die Pflanzenbasis).<\/strong> Dies verringert die Erscheinung von Unkraut und sichert eine bessere Feuchtigkeit in trockenen Zeiten. <strong>Benutzen Sie IN KEINEM FALL gem\u00e4htes Gras<\/strong> (von Ihrem Rasen z.\u00a0B.). Der \u201eKompost\u201c aus gem\u00e4htem Gras ist, ebenfalls strickt zu vermeiden.<\/li>\n\n\n\n<li><strong>Sch\u00fctzen Sie Ihre Pflanzen vor Tierurin<\/strong>, insbesondere Katzen und Hunde. Diese Art von \u201eBew\u00e4sserung\u201c durch Tiere wird vielen Pflanzen fatal. Urin auf immergr\u00fcnen Pflanzen und speziell Eibe, Bux und Koniferen kann sich als regelrechtes Unkrautvernichtungsmittel herausstellen: Es f\u00e4ngt an der Kontaktstelle an und breitet sich auf die ganze Pflanze aus.<\/li>\n<\/ol>\n\n\n\n<h2 class=\"wp-block-heading\" id=\"h-wie-man-stauden-pflegt\">Wie man Stauden pflegt<\/h2>\n\n\n\n<p>Wenn Sie unseren Pflanzanweisungen gefolgt sind, wird die Pflege Ihrer Pflanzen ein Kinderspiel (bez\u00fcglich Bew\u00e4sserung und Unkrautj\u00e4hten):<\/p>\n\n\n\n<ol class=\"wp-block-list\">\n<li><strong>Behalten Sie eine gute Bew\u00e4sserung bei (\u00fcber mind. 12 Monate), speziell w\u00e4hrend Trockenzeiten.<\/strong> ACHTUNG! Es ist oft t\u00e4uschend zu glauben, da\u00df der Regen den neuen Pflanzungen genug Wasser bringt. Dies ist falsch! Wenn Sie in Ihrem Garten Erfolg haben m\u00f6chten und ihm die richtige Bew\u00e4sserung sichern wollen, kaufen Sie sich einen einfachen Regenmesser. Dies ist die einzige L\u00f6sung, um die Feuchtigkeit im Garten zu \u00fcberwachen. Der Regenmesser ist so wichtig wie Spaten und Hacke. Die Beachtung der richtigen Bew\u00e4sserung ist noch wichtiger bei immergr\u00fcnen Pflanzen und Koniferen. Wenn sie Anzeichen von Wassermangel aufweisen, ist es im Allgemeinen schon zu sp\u00e4t.<\/li>\n\n\n\n<li><strong>Wenn Sie das Pflanzloch nicht mit Mulch bedeckt haben, brechen Sie die Erdkruste \u00fcber dem Pflanzloch regelm\u00e4\u00dfig auf.<\/strong> Dies erleichtert den Zugang des Wassers in die Erde.<\/li>\n\n\n\n<li><strong>Entfernen Sie Unkraut, denn<\/strong>&nbsp;der Feind Nummer eins der Stauden ist Unkraut. Es verdeckt nicht nur die Stauden, sondern kann sie sogar dominieren und ersticken.<\/li>\n\n\n\n<li><strong>Entfernen Sie verbl\u00fchte Blumen.<\/strong> Sie erm\u00fcden die Pflanzen durch die Produktion von Saat. Ihre Pflanzen werden dann im n\u00e4chsten Jahr umso sch\u00f6ner.<\/li>\n\n\n\n<li><strong>Putzen Sie Ihre Stauden regelm\u00e4\u00dfig aus:<\/strong>&nbsp;entfernen Sie unsch\u00f6ne Bl\u00e4tter, St\u00e4ngel und Bl\u00fcten, um Platz f\u00fcr Neue zu schaffen.<\/li>\n\n\n\n<li><strong>Schneiden Sie Ihre NICHT immergr\u00fcnen Stauden am Ende der Saison zur\u00fcck <\/strong>(bei Gr\u00e4sern wartet man im Allgemeinen bis Ende des Winters).<\/li>\n\n\n\n<li><strong>Markieren Sie den Standort der NICHT immergr\u00fcnen Stauden mit einem St\u00f6ckchen, damit<\/strong>&nbsp;Sie sie im Fr\u00fchjahr nicht vergessen haben.<\/li>\n<\/ol>\n","protected":false},"excerpt":{"rendered":"<p>Entdecken Sie mit unseren praktischen Hinweisen, wie man Stauden pflanzt und pflegt: Wie man Stauden pflanzt Wie man Stauden pflegt Wenn Sie unseren Pflanzanweisungen gefolgt sind, wird die Pflege Ihrer Pflanzen ein Kinderspiel (bez\u00fcglich Bew\u00e4sserung und Unkrautj\u00e4hten):<\/p>\n","protected":false},"author":1,"featured_media":0,"parent":27041,"menu_order":0,"comment_status":"closed","ping_status":"closed","template":"","meta":{"footnotes":""},"class_list":["post-27100","page","type-page","status-publish","hentry"],"yoast_head":"<!-- This site is optimized with the Yoast SEO Premium plugin v27.5 (Yoast SEO v27.5) - https:\/\/yoast.com\/product\/yoast-seo-premium-wordpress\/ -->\n<title>Wie man Stauden pflanzt und pflegt - Vallonch\u00eane<\/title>\n<meta name=\"description\" content=\"Lernen Sie wie man Stauden pflanzt und pflegt mit unseren speziell entwickelten praktischen Hinweisen (f\u00fcr noch mehr Freud im Garten).\" \/>\n<meta name=\"robots\" content=\"index, follow, max-snippet:-1, max-image-preview:large, max-video-preview:-1\" \/>\n<link rel=\"canonical\" href=\"https:\/\/www.vallonchene.fr\/de\/wie-man-pflanzen-pflanzt-und-pflegt\/wie-man-stauden-pflanzt-und-pflegt\/\" \/>\n<meta property=\"og:locale\" content=\"de_DE\" \/>\n<meta property=\"og:type\" content=\"article\" \/>\n<meta property=\"og:title\" content=\"Wie man Stauden pflanzt und pflegt\" \/>\n<meta property=\"og:description\" content=\"Lernen Sie wie man Stauden pflanzt und pflegt mit unseren speziell entwickelten praktischen Hinweisen (f\u00fcr noch mehr Freud im Garten).\" \/>\n<meta property=\"og:url\" content=\"https:\/\/www.vallonchene.fr\/de\/wie-man-pflanzen-pflanzt-und-pflegt\/wie-man-stauden-pflanzt-und-pflegt\/\" \/>\n<meta property=\"og:site_name\" content=\"Vallonch\u00eane\" \/>\n<meta property=\"article:publisher\" content=\"https:\/\/www.facebook.com\/vallonchene.fr\" \/>\n<meta property=\"article:modified_time\" content=\"2023-04-11T12:25:04+00:00\" \/>\n<meta name=\"twitter:card\" content=\"summary_large_image\" \/>\n<meta name=\"twitter:label1\" content=\"Gesch\u00e4tzte Lesezeit\" \/>\n\t<meta name=\"twitter:data1\" content=\"3\u00a0Minuten\" \/>\n<script type=\"application\/ld+json\" class=\"yoast-schema-graph\">{\"@context\":\"https:\\\/\\\/schema.org\",\"@graph\":[{\"@type\":\"TechArticle\",\"@id\":\"https:\\\/\\\/www.vallonchene.fr\\\/de\\\/wie-man-pflanzen-pflanzt-und-pflegt\\\/wie-man-stauden-pflanzt-und-pflegt\\\/#article\",\"isPartOf\":{\"@id\":\"https:\\\/\\\/www.vallonchene.fr\\\/de\\\/wie-man-pflanzen-pflanzt-und-pflegt\\\/wie-man-stauden-pflanzt-und-pflegt\\\/\"},\"author\":{\"name\":\"Vallonch\u00eane\",\"@id\":\"https:\\\/\\\/www.vallonchene.fr\\\/de\\\/#\\\/schema\\\/person\\\/e0333176b10d7aea832c0f881bce1ea9\"},\"headline\":\"Wie man Stauden pflanzt und pflegt\",\"datePublished\":\"2023-04-10T08:33:13+00:00\",\"dateModified\":\"2023-04-11T12:25:04+00:00\",\"mainEntityOfPage\":{\"@id\":\"https:\\\/\\\/www.vallonchene.fr\\\/de\\\/wie-man-pflanzen-pflanzt-und-pflegt\\\/wie-man-stauden-pflanzt-und-pflegt\\\/\"},\"wordCount\":553,\"publisher\":{\"@id\":\"https:\\\/\\\/www.vallonchene.fr\\\/de\\\/#organization\"},\"inLanguage\":\"de\"},{\"@type\":[\"WebPage\",\"QAPage\"],\"@id\":\"https:\\\/\\\/www.vallonchene.fr\\\/de\\\/wie-man-pflanzen-pflanzt-und-pflegt\\\/wie-man-stauden-pflanzt-und-pflegt\\\/\",\"url\":\"https:\\\/\\\/www.vallonchene.fr\\\/de\\\/wie-man-pflanzen-pflanzt-und-pflegt\\\/wie-man-stauden-pflanzt-und-pflegt\\\/\",\"name\":\"Wie man Stauden pflanzt und pflegt - Vallonch\u00eane\",\"isPartOf\":{\"@id\":\"https:\\\/\\\/www.vallonchene.fr\\\/de\\\/#website\"},\"datePublished\":\"2023-04-10T08:33:13+00:00\",\"dateModified\":\"2023-04-11T12:25:04+00:00\",\"description\":\"Lernen Sie wie man Stauden pflanzt und pflegt mit unseren speziell entwickelten praktischen Hinweisen (f\u00fcr noch mehr Freud im Garten).\",\"breadcrumb\":{\"@id\":\"https:\\\/\\\/www.vallonchene.fr\\\/de\\\/wie-man-pflanzen-pflanzt-und-pflegt\\\/wie-man-stauden-pflanzt-und-pflegt\\\/#breadcrumb\"},\"inLanguage\":\"de\",\"potentialAction\":[{\"@type\":\"ReadAction\",\"target\":[\"https:\\\/\\\/www.vallonchene.fr\\\/de\\\/wie-man-pflanzen-pflanzt-und-pflegt\\\/wie-man-stauden-pflanzt-und-pflegt\\\/\"]}]},{\"@type\":\"BreadcrumbList\",\"@id\":\"https:\\\/\\\/www.vallonchene.fr\\\/de\\\/wie-man-pflanzen-pflanzt-und-pflegt\\\/wie-man-stauden-pflanzt-und-pflegt\\\/#breadcrumb\",\"itemListElement\":[{\"@type\":\"ListItem\",\"position\":1,\"name\":\"Home\",\"item\":\"https:\\\/\\\/www.vallonchene.fr\\\/de\\\/\"},{\"@type\":\"ListItem\",\"position\":2,\"name\":\"Wie man Pflanzen pflanzt und pflegt\",\"item\":\"https:\\\/\\\/www.vallonchene.fr\\\/de\\\/comment-planter-et-entretenir-des-vegetaux\\\/\"},{\"@type\":\"ListItem\",\"position\":3,\"name\":\"Wie man Stauden pflanzt und pflegt\"}]},{\"@type\":\"WebSite\",\"@id\":\"https:\\\/\\\/www.vallonchene.fr\\\/de\\\/#website\",\"url\":\"https:\\\/\\\/www.vallonchene.fr\\\/de\\\/\",\"name\":\"Vallonch\u00eane\",\"description\":\"Die Baumschule, bei der Qualit\u00e4t ihre Wurzeln hat \u2013 Tel.: +49 (0)6838-5399840\",\"publisher\":{\"@id\":\"https:\\\/\\\/www.vallonchene.fr\\\/de\\\/#organization\"},\"potentialAction\":[{\"@type\":\"SearchAction\",\"target\":{\"@type\":\"EntryPoint\",\"urlTemplate\":\"https:\\\/\\\/www.vallonchene.fr\\\/de\\\/?s={search_term_string}\"},\"query-input\":{\"@type\":\"PropertyValueSpecification\",\"valueRequired\":true,\"valueName\":\"search_term_string\"}}],\"inLanguage\":\"de\"},{\"@type\":\"Organization\",\"@id\":\"https:\\\/\\\/www.vallonchene.fr\\\/de\\\/#organization\",\"name\":\"VALLONCHENE\",\"url\":\"https:\\\/\\\/www.vallonchene.fr\\\/de\\\/\",\"logo\":{\"@type\":\"ImageObject\",\"inLanguage\":\"de\",\"@id\":\"https:\\\/\\\/www.vallonchene.fr\\\/de\\\/#\\\/schema\\\/logo\\\/image\\\/\",\"url\":\"https:\\\/\\\/www.vallonchene.fr\\\/wp-content\\\/uploads\\\/2023\\\/03\\\/Logo-Vallonchene-site-et-R_hauteur_100.png\",\"contentUrl\":\"https:\\\/\\\/www.vallonchene.fr\\\/wp-content\\\/uploads\\\/2023\\\/03\\\/Logo-Vallonchene-site-et-R_hauteur_100.png\",\"width\":221,\"height\":100,\"caption\":\"VALLONCHENE\"},\"image\":{\"@id\":\"https:\\\/\\\/www.vallonchene.fr\\\/de\\\/#\\\/schema\\\/logo\\\/image\\\/\"},\"sameAs\":[\"https:\\\/\\\/www.facebook.com\\\/vallonchene.fr\",\"https:\\\/\\\/www.instagram.com\\\/vallonchene\\\/\",\"https:\\\/\\\/www.pinterest.fr\\\/vallonchene\\\/\"],\"taxID\":\"49454502300017\",\"hasMerchantReturnPolicy\":{\"@type\":\"MerchantReturnPolicy\",\"merchantReturnLink\":\"https:\\\/\\\/www.vallonchene.fr\\\/remboursements_retours\\\/\"}},{\"@type\":\"Person\",\"@id\":\"https:\\\/\\\/www.vallonchene.fr\\\/de\\\/#\\\/schema\\\/person\\\/e0333176b10d7aea832c0f881bce1ea9\",\"name\":\"Vallonch\u00eane\",\"sameAs\":[\"https:\\\/\\\/www.vallonchene.fr\\\/\",\"https:\\\/\\\/www.facebook.com\\\/vallonchene.fr\",\"https:\\\/\\\/www.instagram.com\\\/vallonchene\\\/\",\"https:\\\/\\\/www.pinterest.fr\\\/vallonchene\\\/\"],\"url\":\"https:\\\/\\\/www.vallonchene.fr\\\/de\\\/author\\\/vallonchene\\\/\"}]}<\/script>\n<!-- \/ Yoast SEO Premium plugin. -->","yoast_head_json":{"title":"Wie man Stauden pflanzt und pflegt - Vallonch\u00eane","description":"Lernen Sie wie man Stauden pflanzt und pflegt mit unseren speziell entwickelten praktischen Hinweisen (f\u00fcr noch mehr Freud im Garten).","robots":{"index":"index","follow":"follow","max-snippet":"max-snippet:-1","max-image-preview":"max-image-preview:large","max-video-preview":"max-video-preview:-1"},"canonical":"https:\/\/www.vallonchene.fr\/de\/wie-man-pflanzen-pflanzt-und-pflegt\/wie-man-stauden-pflanzt-und-pflegt\/","og_locale":"de_DE","og_type":"article","og_title":"Wie man Stauden pflanzt und pflegt","og_description":"Lernen Sie wie man Stauden pflanzt und pflegt mit unseren speziell entwickelten praktischen Hinweisen (f\u00fcr noch mehr Freud im Garten).","og_url":"https:\/\/www.vallonchene.fr\/de\/wie-man-pflanzen-pflanzt-und-pflegt\/wie-man-stauden-pflanzt-und-pflegt\/","og_site_name":"Vallonch\u00eane","article_publisher":"https:\/\/www.facebook.com\/vallonchene.fr","article_modified_time":"2023-04-11T12:25:04+00:00","twitter_card":"summary_large_image","twitter_misc":{"Gesch\u00e4tzte Lesezeit":"3\u00a0Minuten"},"schema":{"@context":"https:\/\/schema.org","@graph":[{"@type":"TechArticle","@id":"https:\/\/www.vallonchene.fr\/de\/wie-man-pflanzen-pflanzt-und-pflegt\/wie-man-stauden-pflanzt-und-pflegt\/#article","isPartOf":{"@id":"https:\/\/www.vallonchene.fr\/de\/wie-man-pflanzen-pflanzt-und-pflegt\/wie-man-stauden-pflanzt-und-pflegt\/"},"author":{"name":"Vallonch\u00eane","@id":"https:\/\/www.vallonchene.fr\/de\/#\/schema\/person\/e0333176b10d7aea832c0f881bce1ea9"},"headline":"Wie man Stauden pflanzt und pflegt","datePublished":"2023-04-10T08:33:13+00:00","dateModified":"2023-04-11T12:25:04+00:00","mainEntityOfPage":{"@id":"https:\/\/www.vallonchene.fr\/de\/wie-man-pflanzen-pflanzt-und-pflegt\/wie-man-stauden-pflanzt-und-pflegt\/"},"wordCount":553,"publisher":{"@id":"https:\/\/www.vallonchene.fr\/de\/#organization"},"inLanguage":"de"},{"@type":["WebPage","QAPage"],"@id":"https:\/\/www.vallonchene.fr\/de\/wie-man-pflanzen-pflanzt-und-pflegt\/wie-man-stauden-pflanzt-und-pflegt\/","url":"https:\/\/www.vallonchene.fr\/de\/wie-man-pflanzen-pflanzt-und-pflegt\/wie-man-stauden-pflanzt-und-pflegt\/","name":"Wie man Stauden pflanzt und pflegt - Vallonch\u00eane","isPartOf":{"@id":"https:\/\/www.vallonchene.fr\/de\/#website"},"datePublished":"2023-04-10T08:33:13+00:00","dateModified":"2023-04-11T12:25:04+00:00","description":"Lernen Sie wie man Stauden pflanzt und pflegt mit unseren speziell entwickelten praktischen Hinweisen (f\u00fcr noch mehr Freud im Garten).","breadcrumb":{"@id":"https:\/\/www.vallonchene.fr\/de\/wie-man-pflanzen-pflanzt-und-pflegt\/wie-man-stauden-pflanzt-und-pflegt\/#breadcrumb"},"inLanguage":"de","potentialAction":[{"@type":"ReadAction","target":["https:\/\/www.vallonchene.fr\/de\/wie-man-pflanzen-pflanzt-und-pflegt\/wie-man-stauden-pflanzt-und-pflegt\/"]}]},{"@type":"BreadcrumbList","@id":"https:\/\/www.vallonchene.fr\/de\/wie-man-pflanzen-pflanzt-und-pflegt\/wie-man-stauden-pflanzt-und-pflegt\/#breadcrumb","itemListElement":[{"@type":"ListItem","position":1,"name":"Home","item":"https:\/\/www.vallonchene.fr\/de\/"},{"@type":"ListItem","position":2,"name":"Wie man Pflanzen pflanzt und pflegt","item":"https:\/\/www.vallonchene.fr\/de\/comment-planter-et-entretenir-des-vegetaux\/"},{"@type":"ListItem","position":3,"name":"Wie man Stauden pflanzt und pflegt"}]},{"@type":"WebSite","@id":"https:\/\/www.vallonchene.fr\/de\/#website","url":"https:\/\/www.vallonchene.fr\/de\/","name":"Vallonch\u00eane","description":"Die Baumschule, bei der Qualit\u00e4t ihre Wurzeln hat \u2013 Tel.: +49 (0)6838-5399840","publisher":{"@id":"https:\/\/www.vallonchene.fr\/de\/#organization"},"potentialAction":[{"@type":"SearchAction","target":{"@type":"EntryPoint","urlTemplate":"https:\/\/www.vallonchene.fr\/de\/?s={search_term_string}"},"query-input":{"@type":"PropertyValueSpecification","valueRequired":true,"valueName":"search_term_string"}}],"inLanguage":"de"},{"@type":"Organization","@id":"https:\/\/www.vallonchene.fr\/de\/#organization","name":"VALLONCHENE","url":"https:\/\/www.vallonchene.fr\/de\/","logo":{"@type":"ImageObject","inLanguage":"de","@id":"https:\/\/www.vallonchene.fr\/de\/#\/schema\/logo\/image\/","url":"https:\/\/www.vallonchene.fr\/wp-content\/uploads\/2023\/03\/Logo-Vallonchene-site-et-R_hauteur_100.png","contentUrl":"https:\/\/www.vallonchene.fr\/wp-content\/uploads\/2023\/03\/Logo-Vallonchene-site-et-R_hauteur_100.png","width":221,"height":100,"caption":"VALLONCHENE"},"image":{"@id":"https:\/\/www.vallonchene.fr\/de\/#\/schema\/logo\/image\/"},"sameAs":["https:\/\/www.facebook.com\/vallonchene.fr","https:\/\/www.instagram.com\/vallonchene\/","https:\/\/www.pinterest.fr\/vallonchene\/"],"taxID":"49454502300017","hasMerchantReturnPolicy":{"@type":"MerchantReturnPolicy","merchantReturnLink":"https:\/\/www.vallonchene.fr\/remboursements_retours\/"}},{"@type":"Person","@id":"https:\/\/www.vallonchene.fr\/de\/#\/schema\/person\/e0333176b10d7aea832c0f881bce1ea9","name":"Vallonch\u00eane","sameAs":["https:\/\/www.vallonchene.fr\/","https:\/\/www.facebook.com\/vallonchene.fr","https:\/\/www.instagram.com\/vallonchene\/","https:\/\/www.pinterest.fr\/vallonchene\/"],"url":"https:\/\/www.vallonchene.fr\/de\/author\/vallonchene\/"}]}},"_links":{"self":[{"href":"https:\/\/www.vallonchene.fr\/de\/wp-json\/wp\/v2\/pages\/27100","targetHints":{"allow":["GET"]}}],"collection":[{"href":"https:\/\/www.vallonchene.fr\/de\/wp-json\/wp\/v2\/pages"}],"about":[{"href":"https:\/\/www.vallonchene.fr\/de\/wp-json\/wp\/v2\/types\/page"}],"author":[{"embeddable":true,"href":"https:\/\/www.vallonchene.fr\/de\/wp-json\/wp\/v2\/users\/1"}],"replies":[{"embeddable":true,"href":"https:\/\/www.vallonchene.fr\/de\/wp-json\/wp\/v2\/comments?post=27100"}],"version-history":[{"count":0,"href":"https:\/\/www.vallonchene.fr\/de\/wp-json\/wp\/v2\/pages\/27100\/revisions"}],"up":[{"embeddable":true,"href":"https:\/\/www.vallonchene.fr\/de\/wp-json\/wp\/v2\/pages\/27041"}],"wp:attachment":[{"href":"https:\/\/www.vallonchene.fr\/de\/wp-json\/wp\/v2\/media?parent=27100"}],"curies":[{"name":"wp","href":"https:\/\/api.w.org\/{rel}","templated":true}]}}