{"id":27083,"date":"2023-04-10T08:55:18","date_gmt":"2023-04-10T07:55:18","guid":{"rendered":"https:\/\/testing.vallonchene.fr\/?page_id=27083"},"modified":"2023-04-11T12:24:40","modified_gmt":"2023-04-11T12:24:40","slug":"wie-man-christrosen-pflanzt-und-pflegt","status":"publish","type":"page","link":"https:\/\/www.vallonchene.fr\/de\/wie-man-pflanzen-pflanzt-und-pflegt\/wie-man-christrosen-pflanzt-und-pflegt\/","title":{"rendered":"Wie man Christrosen pflanzt und pflegt"},"content":{"rendered":"\n<p>Entdecken Sie mit unseren praktischen Hinweisen, wie man Christrosen pflanzt und pflegt:<\/p>\n\n\n\n<h2 class=\"wp-block-heading\" id=\"h-wie-man-christrosen-pflanzt\">Wie man Christrosen pflanzt<\/h2>\n\n\n<div class=\"wp-block-image\">\n<figure class=\"alignright size-full\"><a href=\"https:\/\/www.vallonchene.fr\/wp-content\/uploads\/2021\/09\/dessin-plantation-hellebore-200x-691-Pflanz-Schema-fur-Christrosen.png\"><img decoding=\"async\" width=\"200\" height=\"169\" src=\"https:\/\/www.vallonchene.fr\/wp-content\/uploads\/2021\/09\/dessin-plantation-hellebore-200x-691-Pflanz-Schema-fur-Christrosen.png\" alt=\"\" class=\"wp-image-130\" srcset=\"https:\/\/www.vallonchene.fr\/wp-content\/uploads\/2021\/09\/dessin-plantation-hellebore-200x-691-Pflanz-Schema-fur-Christrosen.png 200w, https:\/\/www.vallonchene.fr\/wp-content\/uploads\/2021\/09\/dessin-plantation-hellebore-200x-691-Pflanz-Schema-fur-Christrosen-64x54.png 64w\" sizes=\"(max-width: 200px) 100vw, 200px\" \/><\/a><figcaption class=\"wp-element-caption\">Schema f\u00fcr die Pflanzung von Christrosen<\/figcaption><\/figure>\n<\/div>\n\n\n<ol class=\"wp-block-list\">\n<li><strong>W\u00e4hlen Sie einen Standort, an dem das Wasser nicht stagniert<\/strong> (weder im Winter noch im Sommer). Christrosen sind sehr witterungsbest\u00e4ndige Pflanzen. Sie m\u00f6gen nur nicht, wenn sie die F\u00fc\u00dfe zu nass haben. Sonst neigen sie dazu, zu faulen.<\/li>\n\n\n\n<li><strong>Pflanzen Sie die Christrose ungef\u00e4hr 5 cm h\u00f6her als Ihr Gartenboden (nachdem Sie den Topf entfernt haben).<\/strong> Machen Sie keine Erde auf den urspr\u00fcnglichen Wurzelballen (siehe rechts). Wenn Sie die Basis der Pflanze bedecken, w\u00e4chst sie langsamer oder \u00fcberhaupt nicht, die Pflanze bl\u00fcht nicht oder kann sogar sterben.<\/li>\n\n\n\n<li><strong>Seien Sie vorsichtig mit der Verwendung von Mulch<\/strong> (Gemisch aus Bl\u00e4ttern und Nadeln, haupts\u00e4chlich), denn dies kann Verrottung durch Pilze an der Pflanzenbasis hervorrufen.<\/li>\n<\/ol>\n\n\n\n<h2 class=\"wp-block-heading\" id=\"h-wie-man-christrosen-pflegt\">Wie man Christrosen pflegt<\/h2>\n\n\n\n<p>Wenn Sie unseren obigen Anweisungen gefolgt sind, ist die Pflege und Unterhaltung Ihrer Pflanzen um vieles vereinfacht:<\/p>\n\n\n<div class=\"wp-block-image\">\n<figure class=\"alignright size-full\"><a href=\"https:\/\/www.vallonchene.fr\/wp-content\/uploads\/2021\/09\/helleborus-fane-200x-e24-Verbluhte-Christrosenblute.jpg\"><img decoding=\"async\" width=\"200\" height=\"200\" src=\"https:\/\/www.vallonchene.fr\/wp-content\/uploads\/2021\/09\/helleborus-fane-200x-e24-Verbluhte-Christrosenblute.jpg\" alt=\"Verbl\u00fchte Christrosenbl\u00fcte\" class=\"wp-image-133\" srcset=\"https:\/\/www.vallonchene.fr\/wp-content\/uploads\/2021\/09\/helleborus-fane-200x-e24-Verbluhte-Christrosenblute.jpg 200w, https:\/\/www.vallonchene.fr\/wp-content\/uploads\/2021\/09\/helleborus-fane-200x-e24-Verbluhte-Christrosenblute-100x100.jpg 100w, https:\/\/www.vallonchene.fr\/wp-content\/uploads\/2021\/09\/helleborus-fane-200x-e24-Verbluhte-Christrosenblute-64x64.jpg 64w, https:\/\/www.vallonchene.fr\/wp-content\/uploads\/2021\/09\/helleborus-fane-200x-e24-Verbluhte-Christrosenblute-150x150.jpg 150w, https:\/\/www.vallonchene.fr\/wp-content\/uploads\/2021\/09\/helleborus-fane-200x-e24-Verbluhte-Christrosenblute-32x32.jpg 32w\" sizes=\"(max-width: 200px) 100vw, 200px\" \/><\/a><figcaption class=\"wp-element-caption\">Verbl\u00fchte Christrosenbl\u00fcte mit Samenentwicklung im Zentrum<\/figcaption><\/figure>\n<\/div>\n\n\n<ol class=\"wp-block-list\">\n<li><strong>Vermeiden Sie \u00fcberm\u00e4\u00dfiges Gie\u00dfen und zu hohe Feuchtigkeit bei Christrosen.<\/strong><\/li>\n\n\n\n<li><strong>Wenn Sie Verrottung an der Pflanzenbasis oder schwarze Flecken auf den Bl\u00e4ttern feststellen, k\u00f6nnen Sie die Basis als auch die Bl\u00e4tter mit Bordeaux-Mischung spritzen<\/strong> (wird auch im Bioanbau benutzt). Dies k\u00f6nnen Sie zur Vorsorge, aber auch zur Genesung tun.<\/li>\n\n\n\n<li><strong>Entfernen Sie systematisch S\u00e4mlinge um die Mutterpflanze herum.<\/strong> Christrosen sind nicht stabil bez\u00fcglich ihrer Bl\u00fctenform und -farben. Die S\u00e4mlinge neigen dazu, die Mutterpflanze zu ersticken.<\/li>\n\n\n\n<li><strong>Entfernen Sie NICHT die Bl\u00e4tter am Anfang des Winters<\/strong> (vor der Bl\u00fctezeit), wie es in verschiedenen B\u00fcchern und Baumschulen geraten wird. Die Bl\u00e4tter sind wichtiger Bestandteil der HELLEBORUS und deshalb lebenswichtig. Ihre Christrose wird sich umso besser entwickeln, wenn sie die Bl\u00e4tter beh\u00e4lt. Entfernen Sie lediglich die Bl\u00e4tter mit schwarzen Flecken.<\/li>\n\n\n\n<li><strong>J\u00e4ten Sie Unkraut<\/strong>, denn der Feind Nummer 1 der Stauden ist das Unkraut. Nicht nur verdeckt es die Stauden, sondern es kann sie auch dominieren oder gar ersticken.<\/li>\n\n\n\n<li><strong>S\u00e4ubern Sie Ihre Stauden regelm\u00e4\u00dfig<\/strong>: entfernen Sie Bl\u00e4tter, Zweige und alte Bl\u00fcten (St\u00e4ngel), um Platz f\u00fcr neue zu schaffen.<\/li>\n<\/ol>\n","protected":false},"excerpt":{"rendered":"<p>Entdecken Sie mit unseren praktischen Hinweisen, wie man Christrosen pflanzt und pflegt: Wie man Christrosen pflanzt Wie man Christrosen pflegt Wenn Sie unseren obigen Anweisungen gefolgt sind, ist die Pflege und Unterhaltung Ihrer Pflanzen um vieles vereinfacht:<\/p>\n","protected":false},"author":1,"featured_media":0,"parent":27041,"menu_order":0,"comment_status":"closed","ping_status":"closed","template":"","meta":{"footnotes":""},"class_list":["post-27083","page","type-page","status-publish","hentry"],"yoast_head":"<!-- This site is optimized with the Yoast SEO Premium plugin v27.5 (Yoast SEO v27.5) - https:\/\/yoast.com\/product\/yoast-seo-premium-wordpress\/ -->\n<title>Wie man Christrosen pflanzt und pflegt - Vallonch\u00eane<\/title>\n<meta name=\"description\" content=\"Lernen Sie, wie man Christrosen pflanzt und pflegt, mit unseren speziell entwickelten praktischen Hinweisen.\" \/>\n<meta name=\"robots\" content=\"index, follow, max-snippet:-1, max-image-preview:large, max-video-preview:-1\" \/>\n<link rel=\"canonical\" href=\"https:\/\/www.vallonchene.fr\/de\/wie-man-pflanzen-pflanzt-und-pflegt\/wie-man-christrosen-pflanzt-und-pflegt\/\" \/>\n<meta property=\"og:locale\" content=\"de_DE\" \/>\n<meta property=\"og:type\" content=\"article\" \/>\n<meta property=\"og:title\" content=\"Wie man Christrosen pflanzt und pflegt\" \/>\n<meta property=\"og:description\" content=\"Lernen Sie, wie man Christrosen pflanzt und pflegt, mit unseren speziell entwickelten praktischen Hinweisen.\" \/>\n<meta property=\"og:url\" content=\"https:\/\/www.vallonchene.fr\/de\/wie-man-pflanzen-pflanzt-und-pflegt\/wie-man-christrosen-pflanzt-und-pflegt\/\" \/>\n<meta property=\"og:site_name\" content=\"Vallonch\u00eane\" \/>\n<meta property=\"article:publisher\" content=\"https:\/\/www.facebook.com\/vallonchene.fr\" \/>\n<meta property=\"article:modified_time\" content=\"2023-04-11T12:24:40+00:00\" \/>\n<meta property=\"og:image\" content=\"https:\/\/www.vallonchene.fr\/wp-content\/uploads\/2021\/09\/dessin-plantation-hellebore-200x-691-Pflanz-Schema-fur-Christrosen.png\" \/>\n<meta name=\"twitter:card\" content=\"summary_large_image\" \/>\n<meta name=\"twitter:label1\" content=\"Gesch\u00e4tzte Lesezeit\" \/>\n\t<meta name=\"twitter:data1\" content=\"3\u00a0Minuten\" \/>\n<script type=\"application\/ld+json\" class=\"yoast-schema-graph\">{\"@context\":\"https:\\\/\\\/schema.org\",\"@graph\":[{\"@type\":\"TechArticle\",\"@id\":\"https:\\\/\\\/www.vallonchene.fr\\\/de\\\/wie-man-pflanzen-pflanzt-und-pflegt\\\/wie-man-christrosen-pflanzt-und-pflegt\\\/#article\",\"isPartOf\":{\"@id\":\"https:\\\/\\\/www.vallonchene.fr\\\/de\\\/wie-man-pflanzen-pflanzt-und-pflegt\\\/wie-man-christrosen-pflanzt-und-pflegt\\\/\"},\"author\":{\"name\":\"Vallonch\u00eane\",\"@id\":\"https:\\\/\\\/www.vallonchene.fr\\\/de\\\/#\\\/schema\\\/person\\\/e0333176b10d7aea832c0f881bce1ea9\"},\"headline\":\"Wie man Christrosen pflanzt und pflegt\",\"datePublished\":\"2023-04-10T07:55:18+00:00\",\"dateModified\":\"2023-04-11T12:24:40+00:00\",\"mainEntityOfPage\":{\"@id\":\"https:\\\/\\\/www.vallonchene.fr\\\/de\\\/wie-man-pflanzen-pflanzt-und-pflegt\\\/wie-man-christrosen-pflanzt-und-pflegt\\\/\"},\"wordCount\":373,\"publisher\":{\"@id\":\"https:\\\/\\\/www.vallonchene.fr\\\/de\\\/#organization\"},\"image\":{\"@id\":\"https:\\\/\\\/www.vallonchene.fr\\\/de\\\/wie-man-pflanzen-pflanzt-und-pflegt\\\/wie-man-christrosen-pflanzt-und-pflegt\\\/#primaryimage\"},\"thumbnailUrl\":\"https:\\\/\\\/www.vallonchene.fr\\\/wp-content\\\/uploads\\\/2021\\\/09\\\/dessin-plantation-hellebore-200x-691-Pflanz-Schema-fur-Christrosen.png\",\"inLanguage\":\"de\"},{\"@type\":[\"WebPage\",\"QAPage\"],\"@id\":\"https:\\\/\\\/www.vallonchene.fr\\\/de\\\/wie-man-pflanzen-pflanzt-und-pflegt\\\/wie-man-christrosen-pflanzt-und-pflegt\\\/\",\"url\":\"https:\\\/\\\/www.vallonchene.fr\\\/de\\\/wie-man-pflanzen-pflanzt-und-pflegt\\\/wie-man-christrosen-pflanzt-und-pflegt\\\/\",\"name\":\"Wie man Christrosen pflanzt und pflegt - Vallonch\u00eane\",\"isPartOf\":{\"@id\":\"https:\\\/\\\/www.vallonchene.fr\\\/de\\\/#website\"},\"primaryImageOfPage\":{\"@id\":\"https:\\\/\\\/www.vallonchene.fr\\\/de\\\/wie-man-pflanzen-pflanzt-und-pflegt\\\/wie-man-christrosen-pflanzt-und-pflegt\\\/#primaryimage\"},\"image\":{\"@id\":\"https:\\\/\\\/www.vallonchene.fr\\\/de\\\/wie-man-pflanzen-pflanzt-und-pflegt\\\/wie-man-christrosen-pflanzt-und-pflegt\\\/#primaryimage\"},\"thumbnailUrl\":\"https:\\\/\\\/www.vallonchene.fr\\\/wp-content\\\/uploads\\\/2021\\\/09\\\/dessin-plantation-hellebore-200x-691-Pflanz-Schema-fur-Christrosen.png\",\"datePublished\":\"2023-04-10T07:55:18+00:00\",\"dateModified\":\"2023-04-11T12:24:40+00:00\",\"description\":\"Lernen Sie, wie man Christrosen pflanzt und pflegt, mit unseren speziell entwickelten praktischen Hinweisen.\",\"breadcrumb\":{\"@id\":\"https:\\\/\\\/www.vallonchene.fr\\\/de\\\/wie-man-pflanzen-pflanzt-und-pflegt\\\/wie-man-christrosen-pflanzt-und-pflegt\\\/#breadcrumb\"},\"inLanguage\":\"de\",\"potentialAction\":[{\"@type\":\"ReadAction\",\"target\":[\"https:\\\/\\\/www.vallonchene.fr\\\/de\\\/wie-man-pflanzen-pflanzt-und-pflegt\\\/wie-man-christrosen-pflanzt-und-pflegt\\\/\"]}]},{\"@type\":\"ImageObject\",\"inLanguage\":\"de\",\"@id\":\"https:\\\/\\\/www.vallonchene.fr\\\/de\\\/wie-man-pflanzen-pflanzt-und-pflegt\\\/wie-man-christrosen-pflanzt-und-pflegt\\\/#primaryimage\",\"url\":\"https:\\\/\\\/www.vallonchene.fr\\\/wp-content\\\/uploads\\\/2021\\\/09\\\/dessin-plantation-hellebore-200x-691-Pflanz-Schema-fur-Christrosen.png\",\"contentUrl\":\"https:\\\/\\\/www.vallonchene.fr\\\/wp-content\\\/uploads\\\/2021\\\/09\\\/dessin-plantation-hellebore-200x-691-Pflanz-Schema-fur-Christrosen.png\"},{\"@type\":\"BreadcrumbList\",\"@id\":\"https:\\\/\\\/www.vallonchene.fr\\\/de\\\/wie-man-pflanzen-pflanzt-und-pflegt\\\/wie-man-christrosen-pflanzt-und-pflegt\\\/#breadcrumb\",\"itemListElement\":[{\"@type\":\"ListItem\",\"position\":1,\"name\":\"Home\",\"item\":\"https:\\\/\\\/www.vallonchene.fr\\\/de\\\/\"},{\"@type\":\"ListItem\",\"position\":2,\"name\":\"Wie man Pflanzen pflanzt und pflegt\",\"item\":\"https:\\\/\\\/www.vallonchene.fr\\\/de\\\/comment-planter-et-entretenir-des-vegetaux\\\/\"},{\"@type\":\"ListItem\",\"position\":3,\"name\":\"Wie man Christrosen pflanzt und pflegt\"}]},{\"@type\":\"WebSite\",\"@id\":\"https:\\\/\\\/www.vallonchene.fr\\\/de\\\/#website\",\"url\":\"https:\\\/\\\/www.vallonchene.fr\\\/de\\\/\",\"name\":\"Vallonch\u00eane\",\"description\":\"Die Baumschule, bei der Qualit\u00e4t ihre Wurzeln hat \u2013 Tel.: +49 (0)6838-5399840\",\"publisher\":{\"@id\":\"https:\\\/\\\/www.vallonchene.fr\\\/de\\\/#organization\"},\"potentialAction\":[{\"@type\":\"SearchAction\",\"target\":{\"@type\":\"EntryPoint\",\"urlTemplate\":\"https:\\\/\\\/www.vallonchene.fr\\\/de\\\/?s={search_term_string}\"},\"query-input\":{\"@type\":\"PropertyValueSpecification\",\"valueRequired\":true,\"valueName\":\"search_term_string\"}}],\"inLanguage\":\"de\"},{\"@type\":\"Organization\",\"@id\":\"https:\\\/\\\/www.vallonchene.fr\\\/de\\\/#organization\",\"name\":\"VALLONCHENE\",\"url\":\"https:\\\/\\\/www.vallonchene.fr\\\/de\\\/\",\"logo\":{\"@type\":\"ImageObject\",\"inLanguage\":\"de\",\"@id\":\"https:\\\/\\\/www.vallonchene.fr\\\/de\\\/#\\\/schema\\\/logo\\\/image\\\/\",\"url\":\"https:\\\/\\\/www.vallonchene.fr\\\/wp-content\\\/uploads\\\/2023\\\/03\\\/Logo-Vallonchene-site-et-R_hauteur_100.png\",\"contentUrl\":\"https:\\\/\\\/www.vallonchene.fr\\\/wp-content\\\/uploads\\\/2023\\\/03\\\/Logo-Vallonchene-site-et-R_hauteur_100.png\",\"width\":221,\"height\":100,\"caption\":\"VALLONCHENE\"},\"image\":{\"@id\":\"https:\\\/\\\/www.vallonchene.fr\\\/de\\\/#\\\/schema\\\/logo\\\/image\\\/\"},\"sameAs\":[\"https:\\\/\\\/www.facebook.com\\\/vallonchene.fr\",\"https:\\\/\\\/www.instagram.com\\\/vallonchene\\\/\",\"https:\\\/\\\/www.pinterest.fr\\\/vallonchene\\\/\"],\"taxID\":\"49454502300017\",\"hasMerchantReturnPolicy\":{\"@type\":\"MerchantReturnPolicy\",\"merchantReturnLink\":\"https:\\\/\\\/www.vallonchene.fr\\\/remboursements_retours\\\/\"}},{\"@type\":\"Person\",\"@id\":\"https:\\\/\\\/www.vallonchene.fr\\\/de\\\/#\\\/schema\\\/person\\\/e0333176b10d7aea832c0f881bce1ea9\",\"name\":\"Vallonch\u00eane\",\"sameAs\":[\"https:\\\/\\\/www.vallonchene.fr\\\/\",\"https:\\\/\\\/www.facebook.com\\\/vallonchene.fr\",\"https:\\\/\\\/www.instagram.com\\\/vallonchene\\\/\",\"https:\\\/\\\/www.pinterest.fr\\\/vallonchene\\\/\"],\"url\":\"https:\\\/\\\/www.vallonchene.fr\\\/de\\\/author\\\/vallonchene\\\/\"}]}<\/script>\n<!-- \/ Yoast SEO Premium plugin. -->","yoast_head_json":{"title":"Wie man Christrosen pflanzt und pflegt - Vallonch\u00eane","description":"Lernen Sie, wie man Christrosen pflanzt und pflegt, mit unseren speziell entwickelten praktischen Hinweisen.","robots":{"index":"index","follow":"follow","max-snippet":"max-snippet:-1","max-image-preview":"max-image-preview:large","max-video-preview":"max-video-preview:-1"},"canonical":"https:\/\/www.vallonchene.fr\/de\/wie-man-pflanzen-pflanzt-und-pflegt\/wie-man-christrosen-pflanzt-und-pflegt\/","og_locale":"de_DE","og_type":"article","og_title":"Wie man Christrosen pflanzt und pflegt","og_description":"Lernen Sie, wie man Christrosen pflanzt und pflegt, mit unseren speziell entwickelten praktischen Hinweisen.","og_url":"https:\/\/www.vallonchene.fr\/de\/wie-man-pflanzen-pflanzt-und-pflegt\/wie-man-christrosen-pflanzt-und-pflegt\/","og_site_name":"Vallonch\u00eane","article_publisher":"https:\/\/www.facebook.com\/vallonchene.fr","article_modified_time":"2023-04-11T12:24:40+00:00","og_image":[{"url":"https:\/\/www.vallonchene.fr\/wp-content\/uploads\/2021\/09\/dessin-plantation-hellebore-200x-691-Pflanz-Schema-fur-Christrosen.png","type":"","width":"","height":""}],"twitter_card":"summary_large_image","twitter_misc":{"Gesch\u00e4tzte Lesezeit":"3\u00a0Minuten"},"schema":{"@context":"https:\/\/schema.org","@graph":[{"@type":"TechArticle","@id":"https:\/\/www.vallonchene.fr\/de\/wie-man-pflanzen-pflanzt-und-pflegt\/wie-man-christrosen-pflanzt-und-pflegt\/#article","isPartOf":{"@id":"https:\/\/www.vallonchene.fr\/de\/wie-man-pflanzen-pflanzt-und-pflegt\/wie-man-christrosen-pflanzt-und-pflegt\/"},"author":{"name":"Vallonch\u00eane","@id":"https:\/\/www.vallonchene.fr\/de\/#\/schema\/person\/e0333176b10d7aea832c0f881bce1ea9"},"headline":"Wie man Christrosen pflanzt und pflegt","datePublished":"2023-04-10T07:55:18+00:00","dateModified":"2023-04-11T12:24:40+00:00","mainEntityOfPage":{"@id":"https:\/\/www.vallonchene.fr\/de\/wie-man-pflanzen-pflanzt-und-pflegt\/wie-man-christrosen-pflanzt-und-pflegt\/"},"wordCount":373,"publisher":{"@id":"https:\/\/www.vallonchene.fr\/de\/#organization"},"image":{"@id":"https:\/\/www.vallonchene.fr\/de\/wie-man-pflanzen-pflanzt-und-pflegt\/wie-man-christrosen-pflanzt-und-pflegt\/#primaryimage"},"thumbnailUrl":"https:\/\/www.vallonchene.fr\/wp-content\/uploads\/2021\/09\/dessin-plantation-hellebore-200x-691-Pflanz-Schema-fur-Christrosen.png","inLanguage":"de"},{"@type":["WebPage","QAPage"],"@id":"https:\/\/www.vallonchene.fr\/de\/wie-man-pflanzen-pflanzt-und-pflegt\/wie-man-christrosen-pflanzt-und-pflegt\/","url":"https:\/\/www.vallonchene.fr\/de\/wie-man-pflanzen-pflanzt-und-pflegt\/wie-man-christrosen-pflanzt-und-pflegt\/","name":"Wie man Christrosen pflanzt und pflegt - Vallonch\u00eane","isPartOf":{"@id":"https:\/\/www.vallonchene.fr\/de\/#website"},"primaryImageOfPage":{"@id":"https:\/\/www.vallonchene.fr\/de\/wie-man-pflanzen-pflanzt-und-pflegt\/wie-man-christrosen-pflanzt-und-pflegt\/#primaryimage"},"image":{"@id":"https:\/\/www.vallonchene.fr\/de\/wie-man-pflanzen-pflanzt-und-pflegt\/wie-man-christrosen-pflanzt-und-pflegt\/#primaryimage"},"thumbnailUrl":"https:\/\/www.vallonchene.fr\/wp-content\/uploads\/2021\/09\/dessin-plantation-hellebore-200x-691-Pflanz-Schema-fur-Christrosen.png","datePublished":"2023-04-10T07:55:18+00:00","dateModified":"2023-04-11T12:24:40+00:00","description":"Lernen Sie, wie man Christrosen pflanzt und pflegt, mit unseren speziell entwickelten praktischen Hinweisen.","breadcrumb":{"@id":"https:\/\/www.vallonchene.fr\/de\/wie-man-pflanzen-pflanzt-und-pflegt\/wie-man-christrosen-pflanzt-und-pflegt\/#breadcrumb"},"inLanguage":"de","potentialAction":[{"@type":"ReadAction","target":["https:\/\/www.vallonchene.fr\/de\/wie-man-pflanzen-pflanzt-und-pflegt\/wie-man-christrosen-pflanzt-und-pflegt\/"]}]},{"@type":"ImageObject","inLanguage":"de","@id":"https:\/\/www.vallonchene.fr\/de\/wie-man-pflanzen-pflanzt-und-pflegt\/wie-man-christrosen-pflanzt-und-pflegt\/#primaryimage","url":"https:\/\/www.vallonchene.fr\/wp-content\/uploads\/2021\/09\/dessin-plantation-hellebore-200x-691-Pflanz-Schema-fur-Christrosen.png","contentUrl":"https:\/\/www.vallonchene.fr\/wp-content\/uploads\/2021\/09\/dessin-plantation-hellebore-200x-691-Pflanz-Schema-fur-Christrosen.png"},{"@type":"BreadcrumbList","@id":"https:\/\/www.vallonchene.fr\/de\/wie-man-pflanzen-pflanzt-und-pflegt\/wie-man-christrosen-pflanzt-und-pflegt\/#breadcrumb","itemListElement":[{"@type":"ListItem","position":1,"name":"Home","item":"https:\/\/www.vallonchene.fr\/de\/"},{"@type":"ListItem","position":2,"name":"Wie man Pflanzen pflanzt und pflegt","item":"https:\/\/www.vallonchene.fr\/de\/comment-planter-et-entretenir-des-vegetaux\/"},{"@type":"ListItem","position":3,"name":"Wie man Christrosen pflanzt und pflegt"}]},{"@type":"WebSite","@id":"https:\/\/www.vallonchene.fr\/de\/#website","url":"https:\/\/www.vallonchene.fr\/de\/","name":"Vallonch\u00eane","description":"Die Baumschule, bei der Qualit\u00e4t ihre Wurzeln hat \u2013 Tel.: +49 (0)6838-5399840","publisher":{"@id":"https:\/\/www.vallonchene.fr\/de\/#organization"},"potentialAction":[{"@type":"SearchAction","target":{"@type":"EntryPoint","urlTemplate":"https:\/\/www.vallonchene.fr\/de\/?s={search_term_string}"},"query-input":{"@type":"PropertyValueSpecification","valueRequired":true,"valueName":"search_term_string"}}],"inLanguage":"de"},{"@type":"Organization","@id":"https:\/\/www.vallonchene.fr\/de\/#organization","name":"VALLONCHENE","url":"https:\/\/www.vallonchene.fr\/de\/","logo":{"@type":"ImageObject","inLanguage":"de","@id":"https:\/\/www.vallonchene.fr\/de\/#\/schema\/logo\/image\/","url":"https:\/\/www.vallonchene.fr\/wp-content\/uploads\/2023\/03\/Logo-Vallonchene-site-et-R_hauteur_100.png","contentUrl":"https:\/\/www.vallonchene.fr\/wp-content\/uploads\/2023\/03\/Logo-Vallonchene-site-et-R_hauteur_100.png","width":221,"height":100,"caption":"VALLONCHENE"},"image":{"@id":"https:\/\/www.vallonchene.fr\/de\/#\/schema\/logo\/image\/"},"sameAs":["https:\/\/www.facebook.com\/vallonchene.fr","https:\/\/www.instagram.com\/vallonchene\/","https:\/\/www.pinterest.fr\/vallonchene\/"],"taxID":"49454502300017","hasMerchantReturnPolicy":{"@type":"MerchantReturnPolicy","merchantReturnLink":"https:\/\/www.vallonchene.fr\/remboursements_retours\/"}},{"@type":"Person","@id":"https:\/\/www.vallonchene.fr\/de\/#\/schema\/person\/e0333176b10d7aea832c0f881bce1ea9","name":"Vallonch\u00eane","sameAs":["https:\/\/www.vallonchene.fr\/","https:\/\/www.facebook.com\/vallonchene.fr","https:\/\/www.instagram.com\/vallonchene\/","https:\/\/www.pinterest.fr\/vallonchene\/"],"url":"https:\/\/www.vallonchene.fr\/de\/author\/vallonchene\/"}]}},"_links":{"self":[{"href":"https:\/\/www.vallonchene.fr\/de\/wp-json\/wp\/v2\/pages\/27083","targetHints":{"allow":["GET"]}}],"collection":[{"href":"https:\/\/www.vallonchene.fr\/de\/wp-json\/wp\/v2\/pages"}],"about":[{"href":"https:\/\/www.vallonchene.fr\/de\/wp-json\/wp\/v2\/types\/page"}],"author":[{"embeddable":true,"href":"https:\/\/www.vallonchene.fr\/de\/wp-json\/wp\/v2\/users\/1"}],"replies":[{"embeddable":true,"href":"https:\/\/www.vallonchene.fr\/de\/wp-json\/wp\/v2\/comments?post=27083"}],"version-history":[{"count":0,"href":"https:\/\/www.vallonchene.fr\/de\/wp-json\/wp\/v2\/pages\/27083\/revisions"}],"up":[{"embeddable":true,"href":"https:\/\/www.vallonchene.fr\/de\/wp-json\/wp\/v2\/pages\/27041"}],"wp:attachment":[{"href":"https:\/\/www.vallonchene.fr\/de\/wp-json\/wp\/v2\/media?parent=27083"}],"curies":[{"name":"wp","href":"https:\/\/api.w.org\/{rel}","templated":true}]}}