{"id":27066,"date":"2023-04-10T07:44:40","date_gmt":"2023-04-10T06:44:40","guid":{"rendered":"https:\/\/testing.vallonchene.fr\/?page_id=27066"},"modified":"2023-04-11T12:24:54","modified_gmt":"2023-04-11T12:24:54","slug":"wie-man-japanische-faecherahorne-pflanzt-und-pflegt","status":"publish","type":"page","link":"https:\/\/www.vallonchene.fr\/de\/wie-man-pflanzen-pflanzt-und-pflegt\/wie-man-japanische-faecherahorne-pflanzt-und-pflegt\/","title":{"rendered":"Wie man japanische F\u00e4cherahorne pflanzt und pflegt"},"content":{"rendered":"\n<p>Entdecken Sie mit unseren praktischen Hinweisen,&nbsp;<strong>wie man F\u00e4cherahorne (ACER palmatum) pflanzt<\/strong> und pflegt:<\/p>\n\n\n\n<h2 class=\"wp-block-heading\" id=\"h-pflanzung-von-japanischen-facherahornen\">PFLANZUNG von japanischen F\u00e4cherahornen<\/h2>\n\n\n\n<ol class=\"wp-block-list\">\n<li><strong>W\u00e4hlen Sie den richtigen Standort<\/strong>: die meisten F\u00e4cherahorne bevorzugen Halbschatten und Schatten (um mehr \u00fcber Ihren F\u00e4cher-Ahorn zu erfahren, suchen Sie ihn auf unserer Homepage). Um die Bezeichnung \u201evolle Sonne\u201c richtig zu verstehen, lassen Sie sich nicht von den Himmelsrichtungen beeinflussen. Die eigentlichen Sonnenstunden sind ausschlaggebend. \u201eVolle Sonne\u201c hei\u00dft damit von mittags bis 5 Uhr ungef\u00e4hr. <strong>Meiden Sie feuchte Pl\u00e4tze oder Orte, an denen Wasser stagniert.<\/strong> F\u00e4cherahorne sind hervorragend geeignet f\u00fcr H\u00e4nge und auch f\u00fcr T\u00f6pfe.<\/li>\n\n\n\n<li><strong>Bereiten Sie ein gutes Pflanzloch vor<\/strong>: f\u00fcr F\u00e4cherahorne empfehlen wir ein Loch mit folgenden Ausma\u00dfen: 1 x 1 x 1 m. Sondern Sie die erste Schicht guter Erde aus und ersetzen Sie die darunterliegende schlechtere Erde mit 50 % an Kompost. Die Pflanzen ben\u00f6tigen Nahrung genau wie Sie! Benutzen Sie IN KEINEM FALL Torf oder zu torfhaltige Blumenerden. Torf trocknet in regenschwachen Zeiten zu sehr aus und ist danach nur schwer zu befeuchten. Ergebnis: Ihre Pflanzen leiden unter Wassermangel. \u00dcberdies scheint Torf die Entwicklung von Verticillium zu f\u00f6rdern. Dies ist ein f\u00fcr F\u00e4cher-Ahorne sehr gef\u00e4hrlicher Pilz.<\/li>\n\n\n\n<li><strong>Wenn Sie das Pflanzloch schlie\u00dfen und die Pflanze pflanzen, d\u00fcrfen Sie keine Erde oder Kompost \u00fcber den eigentlichen Wurzelballen machen.<\/strong> Wenn Sie die Pflanzenbasis bedecken, reduzieren oder stoppen Sie das Wachstum oder die Pflanze stirbt ganz einfach. F\u00fcr F\u00e4cherahorn ist es sogar gut, wenn man den Wurzelansatz am Stamm sehen kann.<\/li>\n\n\n\n<li><strong>Gie\u00dfen Sie anschlie\u00dfend ausreichend und direkt am Stamm<\/strong> (mindestens eine 12-Liter-Gie\u00dfkanne).<\/li>\n\n\n\n<li><strong>Wenn Sie \u00fcber Mulch (haupts\u00e4chlich ein Gemisch aus Bl\u00e4ttern und Kiefernadeln) verf\u00fcgen, decken Sie damit das Pflanzloch ab (aber meiden Sie die Pflanzenbasis).<\/strong> Dies verringert die Erscheinung von Unkraut und sichert eine bessere Feuchtigkeit in trockenen Zeiten. <strong>Benutzen Sie IN KEINEM FALL gem\u00e4htes Gras<\/strong> (von Ihrem Rasen z.&nbsp;B.). Der \u201eKompost\u201c aus gem\u00e4htem Gras ist ebenfalls strickt zu vermeiden.<\/li>\n\n\n\n<li><strong>Sch\u00fctzen Sie Ihre Pflanzen vor Tierurin<\/strong>, insbesondere Katzen und Hunde. Diese Art von \u201eBew\u00e4sserung\u201c durch Tiere wird vielen Pflanzen fatal. Urin auf immergr\u00fcnen Pflanzen und vornehmlich Eibe, Bux und Koniferen kann sich als regelrechtes Unkrautvernichtungsmittel herausstellen: Es f\u00e4ngt an der Kontaktstelle an und breitet sich sp\u00e4ter auf die ganze Pflanze aus.<\/li>\n\n\n\n<li><strong>Wenn es sich um eine gr\u00f6\u00dfere Pflanze handelt, kann es sinnvoll sein, eine St\u00fctze beizuf\u00fcgen.<\/strong> Sie gibt der Pflanze mehr Halt und favorisiert die Entwicklung der Wurzeln.<\/li>\n<\/ol>\n\n\n\n<h2 class=\"wp-block-heading\" id=\"h-pflege-von-japanischen-facherahornen\">PFLEGE von japanischen F\u00e4cherahornen<\/h2>\n\n\n\n<ol class=\"wp-block-list\">\n<li><strong>Behalten Sie eine gute Bew\u00e4sserung bei (\u00fcber mind. 12 Monate), insbesondere w\u00e4hrend Trockenzeiten.<\/strong> ACHTUNG! Es ist oft t\u00e4uschend zu glauben, da\u00df der Regen den neuen Pflanzungen genug Wasser bringt. Dies ist falsch! Wenn Sie in Ihrem Garten Erfolg haben m\u00f6chten und ihm die richtige Bew\u00e4sserung sichern wollen, kaufen Sie sich einen einfachen Regenmesser. Dies ist die einzige L\u00f6sung, um die Feuchtigkeit im Garten zu \u00fcberwachen. Der Regenmesser ist so wichtig wie Spaten und Hacke. Die Beachtung der richtigen Bew\u00e4sserung ist noch wichtiger bei immergr\u00fcnen Pflanzen und Koniferen. Wenn sie Anzeichen von Wassermangel aufweisen, ist es im Allgemeinen schon zu sp\u00e4t.<\/li>\n\n\n\n<li><strong>Der F\u00e4cherahorn ist sehr empfindlich, was Verticillium anbelangt<\/strong>: um dem vorzubeugen, behandeln Sie ihn regelm\u00e4\u00dfig (Holz und Bl\u00e4tter) mit Bordeaux-Mischung (im Bioanbau verwandt). Sie k\u00f6nnen die Konzentration senken, wenn Sie die Anzahl der Behandlungen erh\u00f6hen. Anzeichen von Verticillium bei F\u00e4cherahorn sind absterbende Astenden und schwarze Schatten in der Rinde von (vor allem \u00e4lteren) \u00c4sten. <strong>Was tun, wenn Sie diese Anzeichen feststellen?<\/strong> Entfernen Sie sofort solche \u00c4ste, bis Sie einen sauberen Schnitt haben, wenden Sie anschlie\u00dfend LacBalsam auf der Wunde an und behandeln Sie danach die ganze Pflanze mit einer h\u00f6her konzentrierten Bordeaux-Mischung.<\/li>\n\n\n\n<li><strong>Wenn Sie das Pflanzloch nicht mit Mulch bedeckt haben, brechen Sie die Erdkruste \u00fcber dem Pflanzloch regelm\u00e4\u00dfig auf.<\/strong> Dies erleichtert den Zugang des Wassers in die Erde.<\/li>\n\n\n\n<li><strong>Vermeiden Sie, wenn m\u00f6glich, jeglichen Schnitt an F\u00e4cherahornen.<\/strong> Wenn Sie nicht anders k\u00f6nnen, dann schneiden Sie sie nur in der letzten Woche vom Monat Mai und der Ersten vom Monat Juni. Folgen Sie danach unseren Ratschl\u00e4gen zur Bek\u00e4mpfung und Vorbeugung von Verticillium (siehe unter 3).<\/li>\n<\/ol>\n","protected":false},"excerpt":{"rendered":"<p>Entdecken Sie mit unseren praktischen Hinweisen,&nbsp;wie man F\u00e4cherahorne (ACER palmatum) pflanzt und pflegt: PFLANZUNG von japanischen F\u00e4cherahornen PFLEGE von japanischen F\u00e4cherahornen<\/p>\n","protected":false},"author":1,"featured_media":0,"parent":27041,"menu_order":0,"comment_status":"closed","ping_status":"closed","template":"","meta":{"footnotes":""},"class_list":["post-27066","page","type-page","status-publish","hentry"],"yoast_head":"<!-- This site is optimized with the Yoast SEO Premium plugin v27.4 (Yoast SEO v27.4) - https:\/\/yoast.com\/product\/yoast-seo-premium-wordpress\/ -->\n<title>Wie man japanische F\u00e4cherahorne pflanzt und pflegt - Vallonch\u00eane<\/title>\n<meta name=\"description\" content=\"Lernen Sie, wie man japanische F\u00e4cherahorne pflanzt und pflegt, mit unseren speziell daf\u00fcr entworfenen praktischen Hinweisen.\" \/>\n<meta name=\"robots\" content=\"index, follow, max-snippet:-1, max-image-preview:large, max-video-preview:-1\" \/>\n<link rel=\"canonical\" href=\"https:\/\/www.vallonchene.fr\/de\/wie-man-pflanzen-pflanzt-und-pflegt\/wie-man-japanische-faecherahorne-pflanzt-und-pflegt\/\" \/>\n<meta property=\"og:locale\" content=\"de_DE\" \/>\n<meta property=\"og:type\" content=\"article\" \/>\n<meta property=\"og:title\" content=\"Wie man japanische F\u00e4cherahorne pflanzt und pflegt\" \/>\n<meta property=\"og:description\" content=\"Lernen Sie, wie man japanische F\u00e4cherahorne pflanzt und pflegt, mit unseren speziell daf\u00fcr entworfenen praktischen Hinweisen.\" \/>\n<meta property=\"og:url\" content=\"https:\/\/www.vallonchene.fr\/de\/wie-man-pflanzen-pflanzt-und-pflegt\/wie-man-japanische-faecherahorne-pflanzt-und-pflegt\/\" \/>\n<meta property=\"og:site_name\" content=\"Vallonch\u00eane\" \/>\n<meta property=\"article:publisher\" content=\"https:\/\/www.facebook.com\/vallonchene.fr\" \/>\n<meta property=\"article:modified_time\" content=\"2023-04-11T12:24:54+00:00\" \/>\n<meta name=\"twitter:card\" content=\"summary_large_image\" \/>\n<meta name=\"twitter:label1\" content=\"Gesch\u00e4tzte Lesezeit\" \/>\n\t<meta name=\"twitter:data1\" content=\"4\u00a0Minuten\" \/>\n<script type=\"application\/ld+json\" class=\"yoast-schema-graph\">{\"@context\":\"https:\\\/\\\/schema.org\",\"@graph\":[{\"@type\":\"TechArticle\",\"@id\":\"https:\\\/\\\/www.vallonchene.fr\\\/de\\\/wie-man-pflanzen-pflanzt-und-pflegt\\\/wie-man-japanische-faecherahorne-pflanzt-und-pflegt\\\/#article\",\"isPartOf\":{\"@id\":\"https:\\\/\\\/www.vallonchene.fr\\\/de\\\/wie-man-pflanzen-pflanzt-und-pflegt\\\/wie-man-japanische-faecherahorne-pflanzt-und-pflegt\\\/\"},\"author\":{\"name\":\"Vallonch\u00eane\",\"@id\":\"https:\\\/\\\/www.vallonchene.fr\\\/de\\\/#\\\/schema\\\/person\\\/e0333176b10d7aea832c0f881bce1ea9\"},\"headline\":\"Wie man japanische F\u00e4cherahorne pflanzt und pflegt\",\"datePublished\":\"2023-04-10T06:44:40+00:00\",\"dateModified\":\"2023-04-11T12:24:54+00:00\",\"mainEntityOfPage\":{\"@id\":\"https:\\\/\\\/www.vallonchene.fr\\\/de\\\/wie-man-pflanzen-pflanzt-und-pflegt\\\/wie-man-japanische-faecherahorne-pflanzt-und-pflegt\\\/\"},\"wordCount\":724,\"publisher\":{\"@id\":\"https:\\\/\\\/www.vallonchene.fr\\\/de\\\/#organization\"},\"inLanguage\":\"de\"},{\"@type\":[\"WebPage\",\"QAPage\"],\"@id\":\"https:\\\/\\\/www.vallonchene.fr\\\/de\\\/wie-man-pflanzen-pflanzt-und-pflegt\\\/wie-man-japanische-faecherahorne-pflanzt-und-pflegt\\\/\",\"url\":\"https:\\\/\\\/www.vallonchene.fr\\\/de\\\/wie-man-pflanzen-pflanzt-und-pflegt\\\/wie-man-japanische-faecherahorne-pflanzt-und-pflegt\\\/\",\"name\":\"Wie man japanische F\u00e4cherahorne pflanzt und pflegt - Vallonch\u00eane\",\"isPartOf\":{\"@id\":\"https:\\\/\\\/www.vallonchene.fr\\\/de\\\/#website\"},\"datePublished\":\"2023-04-10T06:44:40+00:00\",\"dateModified\":\"2023-04-11T12:24:54+00:00\",\"description\":\"Lernen Sie, wie man japanische F\u00e4cherahorne pflanzt und pflegt, mit unseren speziell daf\u00fcr entworfenen praktischen Hinweisen.\",\"breadcrumb\":{\"@id\":\"https:\\\/\\\/www.vallonchene.fr\\\/de\\\/wie-man-pflanzen-pflanzt-und-pflegt\\\/wie-man-japanische-faecherahorne-pflanzt-und-pflegt\\\/#breadcrumb\"},\"inLanguage\":\"de\",\"potentialAction\":[{\"@type\":\"ReadAction\",\"target\":[\"https:\\\/\\\/www.vallonchene.fr\\\/de\\\/wie-man-pflanzen-pflanzt-und-pflegt\\\/wie-man-japanische-faecherahorne-pflanzt-und-pflegt\\\/\"]}]},{\"@type\":\"BreadcrumbList\",\"@id\":\"https:\\\/\\\/www.vallonchene.fr\\\/de\\\/wie-man-pflanzen-pflanzt-und-pflegt\\\/wie-man-japanische-faecherahorne-pflanzt-und-pflegt\\\/#breadcrumb\",\"itemListElement\":[{\"@type\":\"ListItem\",\"position\":1,\"name\":\"Home\",\"item\":\"https:\\\/\\\/www.vallonchene.fr\\\/de\\\/\"},{\"@type\":\"ListItem\",\"position\":2,\"name\":\"Wie man Pflanzen pflanzt und pflegt\",\"item\":\"https:\\\/\\\/www.vallonchene.fr\\\/de\\\/comment-planter-et-entretenir-des-vegetaux\\\/\"},{\"@type\":\"ListItem\",\"position\":3,\"name\":\"Wie man japanische F\u00e4cherahorne pflanzt und pflegt\"}]},{\"@type\":\"WebSite\",\"@id\":\"https:\\\/\\\/www.vallonchene.fr\\\/de\\\/#website\",\"url\":\"https:\\\/\\\/www.vallonchene.fr\\\/de\\\/\",\"name\":\"Vallonch\u00eane\",\"description\":\"Die Baumschule, bei der Qualit\u00e4t ihre Wurzeln hat \u2013 Tel.: +49 (0)6838-5399840\",\"publisher\":{\"@id\":\"https:\\\/\\\/www.vallonchene.fr\\\/de\\\/#organization\"},\"potentialAction\":[{\"@type\":\"SearchAction\",\"target\":{\"@type\":\"EntryPoint\",\"urlTemplate\":\"https:\\\/\\\/www.vallonchene.fr\\\/de\\\/?s={search_term_string}\"},\"query-input\":{\"@type\":\"PropertyValueSpecification\",\"valueRequired\":true,\"valueName\":\"search_term_string\"}}],\"inLanguage\":\"de\"},{\"@type\":\"Organization\",\"@id\":\"https:\\\/\\\/www.vallonchene.fr\\\/de\\\/#organization\",\"name\":\"VALLONCHENE\",\"url\":\"https:\\\/\\\/www.vallonchene.fr\\\/de\\\/\",\"logo\":{\"@type\":\"ImageObject\",\"inLanguage\":\"de\",\"@id\":\"https:\\\/\\\/www.vallonchene.fr\\\/de\\\/#\\\/schema\\\/logo\\\/image\\\/\",\"url\":\"https:\\\/\\\/www.vallonchene.fr\\\/wp-content\\\/uploads\\\/2023\\\/03\\\/Logo-Vallonchene-site-et-R_hauteur_100.png\",\"contentUrl\":\"https:\\\/\\\/www.vallonchene.fr\\\/wp-content\\\/uploads\\\/2023\\\/03\\\/Logo-Vallonchene-site-et-R_hauteur_100.png\",\"width\":221,\"height\":100,\"caption\":\"VALLONCHENE\"},\"image\":{\"@id\":\"https:\\\/\\\/www.vallonchene.fr\\\/de\\\/#\\\/schema\\\/logo\\\/image\\\/\"},\"sameAs\":[\"https:\\\/\\\/www.facebook.com\\\/vallonchene.fr\",\"https:\\\/\\\/www.instagram.com\\\/vallonchene\\\/\",\"https:\\\/\\\/www.pinterest.fr\\\/vallonchene\\\/\"],\"taxID\":\"49454502300017\",\"hasMerchantReturnPolicy\":{\"@type\":\"MerchantReturnPolicy\",\"merchantReturnLink\":\"https:\\\/\\\/www.vallonchene.fr\\\/remboursements_retours\\\/\"}},{\"@type\":\"Person\",\"@id\":\"https:\\\/\\\/www.vallonchene.fr\\\/de\\\/#\\\/schema\\\/person\\\/e0333176b10d7aea832c0f881bce1ea9\",\"name\":\"Vallonch\u00eane\",\"sameAs\":[\"https:\\\/\\\/www.vallonchene.fr\\\/\",\"https:\\\/\\\/www.facebook.com\\\/vallonchene.fr\",\"https:\\\/\\\/www.instagram.com\\\/vallonchene\\\/\",\"https:\\\/\\\/www.pinterest.fr\\\/vallonchene\\\/\"],\"url\":\"https:\\\/\\\/www.vallonchene.fr\\\/de\\\/author\\\/vallonchene\\\/\"}]}<\/script>\n<!-- \/ Yoast SEO Premium plugin. -->","yoast_head_json":{"title":"Wie man japanische F\u00e4cherahorne pflanzt und pflegt - Vallonch\u00eane","description":"Lernen Sie, wie man japanische F\u00e4cherahorne pflanzt und pflegt, mit unseren speziell daf\u00fcr entworfenen praktischen Hinweisen.","robots":{"index":"index","follow":"follow","max-snippet":"max-snippet:-1","max-image-preview":"max-image-preview:large","max-video-preview":"max-video-preview:-1"},"canonical":"https:\/\/www.vallonchene.fr\/de\/wie-man-pflanzen-pflanzt-und-pflegt\/wie-man-japanische-faecherahorne-pflanzt-und-pflegt\/","og_locale":"de_DE","og_type":"article","og_title":"Wie man japanische F\u00e4cherahorne pflanzt und pflegt","og_description":"Lernen Sie, wie man japanische F\u00e4cherahorne pflanzt und pflegt, mit unseren speziell daf\u00fcr entworfenen praktischen Hinweisen.","og_url":"https:\/\/www.vallonchene.fr\/de\/wie-man-pflanzen-pflanzt-und-pflegt\/wie-man-japanische-faecherahorne-pflanzt-und-pflegt\/","og_site_name":"Vallonch\u00eane","article_publisher":"https:\/\/www.facebook.com\/vallonchene.fr","article_modified_time":"2023-04-11T12:24:54+00:00","twitter_card":"summary_large_image","twitter_misc":{"Gesch\u00e4tzte Lesezeit":"4\u00a0Minuten"},"schema":{"@context":"https:\/\/schema.org","@graph":[{"@type":"TechArticle","@id":"https:\/\/www.vallonchene.fr\/de\/wie-man-pflanzen-pflanzt-und-pflegt\/wie-man-japanische-faecherahorne-pflanzt-und-pflegt\/#article","isPartOf":{"@id":"https:\/\/www.vallonchene.fr\/de\/wie-man-pflanzen-pflanzt-und-pflegt\/wie-man-japanische-faecherahorne-pflanzt-und-pflegt\/"},"author":{"name":"Vallonch\u00eane","@id":"https:\/\/www.vallonchene.fr\/de\/#\/schema\/person\/e0333176b10d7aea832c0f881bce1ea9"},"headline":"Wie man japanische F\u00e4cherahorne pflanzt und pflegt","datePublished":"2023-04-10T06:44:40+00:00","dateModified":"2023-04-11T12:24:54+00:00","mainEntityOfPage":{"@id":"https:\/\/www.vallonchene.fr\/de\/wie-man-pflanzen-pflanzt-und-pflegt\/wie-man-japanische-faecherahorne-pflanzt-und-pflegt\/"},"wordCount":724,"publisher":{"@id":"https:\/\/www.vallonchene.fr\/de\/#organization"},"inLanguage":"de"},{"@type":["WebPage","QAPage"],"@id":"https:\/\/www.vallonchene.fr\/de\/wie-man-pflanzen-pflanzt-und-pflegt\/wie-man-japanische-faecherahorne-pflanzt-und-pflegt\/","url":"https:\/\/www.vallonchene.fr\/de\/wie-man-pflanzen-pflanzt-und-pflegt\/wie-man-japanische-faecherahorne-pflanzt-und-pflegt\/","name":"Wie man japanische F\u00e4cherahorne pflanzt und pflegt - Vallonch\u00eane","isPartOf":{"@id":"https:\/\/www.vallonchene.fr\/de\/#website"},"datePublished":"2023-04-10T06:44:40+00:00","dateModified":"2023-04-11T12:24:54+00:00","description":"Lernen Sie, wie man japanische F\u00e4cherahorne pflanzt und pflegt, mit unseren speziell daf\u00fcr entworfenen praktischen Hinweisen.","breadcrumb":{"@id":"https:\/\/www.vallonchene.fr\/de\/wie-man-pflanzen-pflanzt-und-pflegt\/wie-man-japanische-faecherahorne-pflanzt-und-pflegt\/#breadcrumb"},"inLanguage":"de","potentialAction":[{"@type":"ReadAction","target":["https:\/\/www.vallonchene.fr\/de\/wie-man-pflanzen-pflanzt-und-pflegt\/wie-man-japanische-faecherahorne-pflanzt-und-pflegt\/"]}]},{"@type":"BreadcrumbList","@id":"https:\/\/www.vallonchene.fr\/de\/wie-man-pflanzen-pflanzt-und-pflegt\/wie-man-japanische-faecherahorne-pflanzt-und-pflegt\/#breadcrumb","itemListElement":[{"@type":"ListItem","position":1,"name":"Home","item":"https:\/\/www.vallonchene.fr\/de\/"},{"@type":"ListItem","position":2,"name":"Wie man Pflanzen pflanzt und pflegt","item":"https:\/\/www.vallonchene.fr\/de\/comment-planter-et-entretenir-des-vegetaux\/"},{"@type":"ListItem","position":3,"name":"Wie man japanische F\u00e4cherahorne pflanzt und pflegt"}]},{"@type":"WebSite","@id":"https:\/\/www.vallonchene.fr\/de\/#website","url":"https:\/\/www.vallonchene.fr\/de\/","name":"Vallonch\u00eane","description":"Die Baumschule, bei der Qualit\u00e4t ihre Wurzeln hat \u2013 Tel.: +49 (0)6838-5399840","publisher":{"@id":"https:\/\/www.vallonchene.fr\/de\/#organization"},"potentialAction":[{"@type":"SearchAction","target":{"@type":"EntryPoint","urlTemplate":"https:\/\/www.vallonchene.fr\/de\/?s={search_term_string}"},"query-input":{"@type":"PropertyValueSpecification","valueRequired":true,"valueName":"search_term_string"}}],"inLanguage":"de"},{"@type":"Organization","@id":"https:\/\/www.vallonchene.fr\/de\/#organization","name":"VALLONCHENE","url":"https:\/\/www.vallonchene.fr\/de\/","logo":{"@type":"ImageObject","inLanguage":"de","@id":"https:\/\/www.vallonchene.fr\/de\/#\/schema\/logo\/image\/","url":"https:\/\/www.vallonchene.fr\/wp-content\/uploads\/2023\/03\/Logo-Vallonchene-site-et-R_hauteur_100.png","contentUrl":"https:\/\/www.vallonchene.fr\/wp-content\/uploads\/2023\/03\/Logo-Vallonchene-site-et-R_hauteur_100.png","width":221,"height":100,"caption":"VALLONCHENE"},"image":{"@id":"https:\/\/www.vallonchene.fr\/de\/#\/schema\/logo\/image\/"},"sameAs":["https:\/\/www.facebook.com\/vallonchene.fr","https:\/\/www.instagram.com\/vallonchene\/","https:\/\/www.pinterest.fr\/vallonchene\/"],"taxID":"49454502300017","hasMerchantReturnPolicy":{"@type":"MerchantReturnPolicy","merchantReturnLink":"https:\/\/www.vallonchene.fr\/remboursements_retours\/"}},{"@type":"Person","@id":"https:\/\/www.vallonchene.fr\/de\/#\/schema\/person\/e0333176b10d7aea832c0f881bce1ea9","name":"Vallonch\u00eane","sameAs":["https:\/\/www.vallonchene.fr\/","https:\/\/www.facebook.com\/vallonchene.fr","https:\/\/www.instagram.com\/vallonchene\/","https:\/\/www.pinterest.fr\/vallonchene\/"],"url":"https:\/\/www.vallonchene.fr\/de\/author\/vallonchene\/"}]}},"_links":{"self":[{"href":"https:\/\/www.vallonchene.fr\/de\/wp-json\/wp\/v2\/pages\/27066","targetHints":{"allow":["GET"]}}],"collection":[{"href":"https:\/\/www.vallonchene.fr\/de\/wp-json\/wp\/v2\/pages"}],"about":[{"href":"https:\/\/www.vallonchene.fr\/de\/wp-json\/wp\/v2\/types\/page"}],"author":[{"embeddable":true,"href":"https:\/\/www.vallonchene.fr\/de\/wp-json\/wp\/v2\/users\/1"}],"replies":[{"embeddable":true,"href":"https:\/\/www.vallonchene.fr\/de\/wp-json\/wp\/v2\/comments?post=27066"}],"version-history":[{"count":0,"href":"https:\/\/www.vallonchene.fr\/de\/wp-json\/wp\/v2\/pages\/27066\/revisions"}],"up":[{"embeddable":true,"href":"https:\/\/www.vallonchene.fr\/de\/wp-json\/wp\/v2\/pages\/27041"}],"wp:attachment":[{"href":"https:\/\/www.vallonchene.fr\/de\/wp-json\/wp\/v2\/media?parent=27066"}],"curies":[{"name":"wp","href":"https:\/\/api.w.org\/{rel}","templated":true}]}}