{"id":27059,"date":"2023-04-08T15:39:56","date_gmt":"2023-04-08T14:39:56","guid":{"rendered":"https:\/\/testing.vallonchene.fr\/?page_id=27059"},"modified":"2023-06-30T15:05:09","modified_gmt":"2023-06-30T15:05:09","slug":"praktische-hinweise-wie-man-straeucher-baeume-und-koniferen-pflanzt","status":"publish","type":"page","link":"https:\/\/www.vallonchene.fr\/de\/wie-man-pflanzen-pflanzt-und-pflegt\/praktische-hinweise-wie-man-straeucher-baeume-und-koniferen-pflanzt\/","title":{"rendered":"Praktische Hinweise wie man Str\u00e4ucher, B\u00e4ume und Koniferen pflanzt"},"content":{"rendered":"\n<p>Entdecken Sie mit unseren praktischen Hinweisen, wie man Str\u00e4ucher, B\u00e4ume und Koniferen pflanzt und diese sp\u00e4ter richtig versorgt:<\/p>\n\n\n\n<h2 class=\"wp-block-heading\" id=\"h-pflanzung-von-strauchern-baumen-und-koniferen\">PFLANZUNG von Str\u00e4uchern, B\u00e4umen und Koniferen<\/h2>\n\n\n\n<ol class=\"wp-block-list\">\n<li><strong>W\u00e4hlen Sie den Standort in Bezug auf die Sonnenstunden<\/strong> (Sie finden mehr Informationen \u00fcber den idealen Standort auf unseren Etiketten oder ganz einfach auf der die Pflanze betreffenden Homepage auf www.vallonchene.fr). Um die Bezeichnung \u201evolle Sonne\u201c richtig zu verstehen, lassen Sie sich nicht von den Himmelsrichtungen beeinflussen. Die eigentlichen Sonnenstunden sind ausschlaggebend. \u201eVolle Sonne\u201c hei\u00dft damit von mittags bis 5 Uhr ungef\u00e4hr.<\/li>\n\n\n\n<li><strong>Bereiten Sie ein gutes Pflanzloch vor<\/strong>: f\u00fcr B\u00e4ume, Str\u00e4ucher und Koniferen empfehlen wir ein Loch mit folgenden Ausma\u00dfen: 1 \u00d7 1 \u00d7 1 m. Sondern Sie die erste Schicht guter Erde aus und ersetzen Sie die darunterliegende schlechtere Erde mit 50 % an Kompost. Die Pflanzen ben\u00f6tigen Nahrung genau wie Sie! Benutzen Sie IN KEINEM FALL Torf oder zu torfhaltige Blumenerden. Torf trocknet in regenarmen Zeiten zu sehr aus und ist danach nur schwer zu befeuchten. Ergebnis: Ihre Pflanzen leiden unter Wassermangel.<\/li>\n\n\n\n<li><strong>Wenn Sie das Pflanzloch schlie\u00dfen und die Pflanze pflanzen, d\u00fcrfen Sie keine Erde oder Kompost \u00fcber den eigentlichen Wurzelballen machen.<\/strong> Wenn Sie die Pflanzenbasis bedecken, reduzieren oder stoppen Sie das Wachstum oder die Pflanze stirbt ganz einfach.<\/li>\n\n\n\n<li><strong>Gie\u00dfen Sie anschlie\u00dfend ausreichend und direkt am Stamm<\/strong> (mindestens eine 12-Liter-Gie\u00dfkanne).<\/li>\n\n\n\n<li><strong>Wenn Sie \u00fcber Mulch (haupts\u00e4chlich ein Gemisch aus Bl\u00e4ttern und Kiefernadeln) verf\u00fcgen, decken Sie damit das Pflanzloch ab (aber meiden Sie die Pflanzenbasis).<\/strong> Dies verringert die Erscheinung von Unkraut und sichert eine bessere Feuchtigkeit in trockenen Zeiten. <strong>Benutzen Sie IN KEINEM FALL gem\u00e4htes Gras<\/strong> (von Ihrem Rasen z.&nbsp;B.). Der \u201eKompost\u201c aus gem\u00e4htem Gras ist ebenfalls strickt zu vermeiden.<\/li>\n\n\n\n<li><strong>Sch\u00fctzen Sie Ihre Pflanzen vor Tierurin<\/strong>, insbesondere Katzen und Hunde. Diese Art von \u201eBew\u00e4sserung\u201c durch Tiere wird vielen Pflanzen fatal. Urin auf immergr\u00fcnen Pflanzen und vornehmlich Eibe, Bux und Koniferen kann sich als regelrechtes Unkrautvernichtungsmittel herausstellen: Es f\u00e4ngt an der Kontaktstelle an und breitet sich auf die ganze Pflanze aus.<\/li>\n\n\n\n<li><strong>Wenn es sich um eine gr\u00f6\u00dfere Pflanze handelt, kann es sinnvoll sein, eine St\u00fctze beizuf\u00fcgen.<\/strong> Sie gibt der Pflanze mehr Halt und favorisiert die Entwicklung der Wurzeln.<\/li>\n<\/ol>\n\n\n\n<h2 class=\"wp-block-heading\" id=\"h-pflege-von-strauchern-baumen-und-koniferen\">PFLEGE von Str\u00e4uchern, B\u00e4umen und Koniferen<\/h2>\n\n\n\n<p>Wenn Sie unseren Pflanzanweisungen gefolgt sind, wird die Pflege Ihrer Pflanzen ein Kinderspiel (bez\u00fcglich Bew\u00e4sserung und Unkrautj\u00e4hten):<\/p>\n\n\n\n<ol class=\"wp-block-list\">\n<li><strong>Behalten Sie eine gute Bew\u00e4sserung bei (\u00fcber mind. 12 Monate), vorwiegend w\u00e4hrend Trockenzeiten.<\/strong> ACHTUNG! Es ist oft t\u00e4uschend zu glauben, da\u00df der Regen den neuen Pflanzungen genug Wasser bringt. Dies ist falsch! Wenn Sie in Ihrem Garten Erfolg haben m\u00f6chten und ihm die richtige Bew\u00e4sserung sichern wollen, kaufen Sie sich einen einfachen Regenmesser. Dies ist die einzige L\u00f6sung, um die Feuchtigkeit im Garten zu \u00fcberwachen. Der Regenmesser ist so wichtig wie Spaten und Hacke. Die Beachtung der richtigen Bew\u00e4sserung ist noch wichtiger bei immergr\u00fcnen Pflanzen und Koniferen. Wenn sie Anzeichen von Wassermangel aufweisen, ist es im Allgemeinen schon zu sp\u00e4t.<\/li>\n\n\n\n<li><strong>Wenn Sie das Pflanzloch nicht mit Mulch bedeckt haben, brechen Sie die Erdkruste \u00fcber dem Pflanzloch regelm\u00e4\u00dfig auf.<\/strong> Dies erleichtert den Zugang des Wassers in die Erde.<\/li>\n\n\n\n<li><strong>Entfernen Sie verbl\u00fchte Blumen.<\/strong> Sie erm\u00fcden die Pflanzen durch die Produktion von Saat. Ihre Pflanzen werden dann im n\u00e4chsten Jahr umso sch\u00f6ner.<\/li>\n<\/ol>\n\n\n\n<h2 class=\"wp-block-heading\" id=\"h-abonnieren-sie-unseren-kostenlosen-newsletter\">Abonnieren Sie unseren kostenlosen Newsletter!<\/h2>\n\n\n\n<p>Abonnieren Sie unseren kostenlosen Newsletter und erhalten Sie automatisch unsere neuen Ver\u00f6ffentlichungen zum Thema Pflanzen und Garten im Allgemeinen. Wenn Sie diesen nicht mehr m\u00f6chten, k\u00f6nnen Sie ihn mit einem einfachen Klick abbestellen.<\/p>\n\n\n<div class='fluentform ff-default fluentform_wrapper_13 ffs_default_wrap'><form data-form_id=\"13\" id=\"fluentform_13\" class=\"frm-fluent-form fluent_form_13 ff-el-form-top ff_form_instance_13_1 ff-form-loading ffs_default\" data-form_instance=\"ff_form_instance_13_1\" method=\"POST\" ><fieldset  style=\"border: none!important;margin: 0!important;padding: 0!important;background-color: transparent!important;box-shadow: none!important;outline: none!important; min-inline-size: 100%;\">\n                    <legend class=\"ff_screen_reader_title\" style=\"display: block; margin: 0!important;padding: 0!important;height: 0!important;text-indent: -999999px;width: 0!important;overflow:hidden;\">Souscription G\u00e9n\u00e9rale DE sans OPT-IN<\/legend>        <div\n                style=\"display: none!important; position: absolute!important; transform: translateX(1000%)!important;\"\n                class=\"ff-el-group ff-hpsf-container\"\n        >\n            <div class=\"ff-el-input--label asterisk-right\">\n                <label for=\"ff_13_item_sf\" aria-label=\"Newsletter\">\n                    Newsletter                <\/label>\n            <\/div>\n            <div class=\"ff-el-input--content\">\n                <input type=\"text\"\n                       name=\"item_13__fluent_sf\"\n                       class=\"ff-el-form-control\"\n                       id=\"ff_13_item_sf\"\n                \/>\n            <\/div>\n        <\/div>\n        <input type='hidden' name='__fluent_form_embded_post_id' value='27059' \/><input type=\"hidden\" id=\"_fluentform_13_fluentformnonce\" name=\"_fluentform_13_fluentformnonce\" value=\"2c231c3678\" \/><input type=\"hidden\" name=\"_wp_http_referer\" value=\"\/de\/wp-json\/wp\/v2\/pages\/27059\" \/><div data-type=\"name-element\" data-name=\"names\" class=\" ff-field_container ff-name-field-wrapper\" ><div class='ff-t-container'><div class='ff-t-cell '><div class='ff-el-group'><div class=\"ff-el-input--label ff-el-is-required asterisk-right\"><label for='ff_13_names_first_name_' id='label_ff_13_names_first_name_' >Vorname<\/label><\/div><div class='ff-el-input--content'><input type=\"text\" name=\"names[first_name]\" id=\"ff_13_names_first_name_\" class=\"ff-el-form-control\" aria-invalid=\"false\" aria-required=true><\/div><\/div><\/div><div class='ff-t-cell '><div class='ff-el-group'><div class=\"ff-el-input--label ff-el-is-required asterisk-right\"><label for='ff_13_names_last_name_' id='label_ff_13_names_last_name_' >Name<\/label><\/div><div class='ff-el-input--content'><input type=\"text\" name=\"names[last_name]\" id=\"ff_13_names_last_name_\" class=\"ff-el-form-control\" aria-invalid=\"false\" aria-required=true><\/div><\/div><\/div><\/div><\/div><div class='ff-el-group'><div class=\"ff-el-input--label ff-el-is-required asterisk-right\"><label for='ff_13_email' id='label_ff_13_email' aria-label=\"Email\">Email<\/label><\/div><div class='ff-el-input--content'><input type=\"email\" name=\"email\" id=\"ff_13_email\" class=\"ff-el-form-control\" data-name=\"email\"  aria-invalid=\"false\" aria-required=true><\/div><\/div><div class='ff-el-group    ff-el-input--content'><div class='ff-el-form-check ff-el-tc'><label aria-label='Ich bin damit einverstanden, dass diese Website die Informationen in diesem Formular speichert, um auf mein Abonnement ausf\u00fchren zu k\u00f6nnen.\nIch kann jederzeit mein Abonnement stornieren, indem ich auf den Link unten in der Newsletter klicke.' class='ff-el-form-check-label ff_tc_label' for=gdpr-agreement_928b3266ad59aa93287debb1488ff712><span class='ff_tc_checkbox'><input type=\"checkbox\" name=\"gdpr-agreement\" class=\"ff-el-form-check-input ff_gdpr_field\" data-name=\"gdpr-agreement\" id=\"gdpr-agreement_928b3266ad59aa93287debb1488ff712\"  value='on' aria-invalid='false' aria-required=true><\/span> <div class='ff_t_c'>Ich bin damit einverstanden, dass diese Website die Informationen in diesem Formular speichert, um auf mein Abonnement ausf\u00fchren zu k\u00f6nnen.\nIch kann jederzeit mein Abonnement stornieren, indem ich auf den Link unten in der Newsletter klicke.<\/div><\/label><\/div><\/div><div class='ff-el-group ff-text-left ff_submit_btn_wrapper'><button type=\"submit\" class=\"ff-btn ff-btn-submit ff-btn-md ff_btn_style\"  aria-label=\"Gratis abonnieren\">Gratis abonnieren<\/button><\/div>\t\t<div id=\"cf-turnstile-fluent-3612555196\"\r\n\t\tclass=\"cf-turnstile\" \t\tdata-sitekey=\"0x4AAAAAAAEQmtNTo7HKVVoq\"\r\n\t\tdata-theme=\"light\"\r\n\t\tdata-language=\"auto\"\r\n\t\tdata-size=\"normal\"\r\n\t\tdata-retry=\"auto\" data-retry-interval=\"1000\"\r\n\t\tdata-refresh-expired=\"auto\"\r\n\t\tdata-refresh-timeout=\"auto\"\r\n\t\tdata-action=\"fluent-form-13\"\r\n\t\tdata-callback=\"turnstileFluentCallback\"\r\n\t\t\t\tdata-appearance=\"always\"><\/div>\r\n\t\t\t<script>document.addEventListener(\"DOMContentLoaded\", function() { setTimeout(function(){ var e=document.getElementById(\"cf-turnstile-fluent-3612555196\"); if(e&&!e.innerHTML.trim()){turnstile.render(e, {sitekey:\"0x4AAAAAAAEQmtNTo7HKVVoq\"});} }, 200); });<\/script>\r\n\t\t\t<br class=\"cf-turnstile-br cf-turnstile-br-fluent-3612555196\">\r\n\t\t\t\t<style>#cf-turnstile-fluent-3612555196 { margin-left: -15px; }<\/style>\r\n\t\t<\/fieldset><\/form><div id='fluentform_13_errors' class='ff-errors-in-stack ff_form_instance_13_1 ff-form-loading_errors ff_form_instance_13_1_errors'><\/div><\/div>            <script type=\"text\/javascript\">\n                window.fluent_form_ff_form_instance_13_1 = {\"id\":\"13\",\"ajaxUrl\":\"https:\\\/\\\/www.vallonchene.fr\\\/wp-admin\\\/admin-ajax.php\",\"settings\":{\"layout\":{\"labelPlacement\":\"top\",\"helpMessagePlacement\":\"with_label\",\"errorMessagePlacement\":\"inline\"},\"restrictions\":{\"denyEmptySubmission\":{\"enabled\":false}}},\"form_instance\":\"ff_form_instance_13_1\",\"form_id_selector\":\"fluentform_13\",\"rules\":{\"names[first_name]\":{\"required\":{\"value\":true,\"message\":\"Dieses Feld ist erforderlich\"}},\"names[middle_name]\":{\"required\":{\"value\":false,\"message\":\"This field is required\"}},\"names[last_name]\":{\"required\":{\"value\":true,\"message\":\"Dieses Feld ist erforderlich\"}},\"email\":{\"required\":{\"value\":true,\"message\":\"Dieses Feld ist erforderlich\"},\"email\":{\"value\":true,\"message\":\"Bitte geben Sie eine g\\u00fcltige Email-Adresse ein\"}},\"gdpr-agreement\":{\"required\":{\"value\":true,\"message\":\"Dieses K\\u00e4stchen ist erforderlich\"}}},\"debounce_time\":300};\n                            <\/script>\n            \n","protected":false},"excerpt":{"rendered":"<p>Entdecken Sie mit unseren praktischen Hinweisen, wie man Str\u00e4ucher, B\u00e4ume und Koniferen pflanzt und diese sp\u00e4ter richtig versorgt: PFLANZUNG von Str\u00e4uchern, B\u00e4umen und Koniferen PFLEGE von Str\u00e4uchern, B\u00e4umen und Koniferen Wenn Sie unseren Pflanzanweisungen gefolgt sind, wird die Pflege Ihrer Pflanzen ein Kinderspiel (bez\u00fcglich Bew\u00e4sserung und Unkrautj\u00e4hten): Abonnieren Sie unseren kostenlosen Newsletter! Abonnieren Sie unseren [&hellip;]<\/p>\n","protected":false},"author":1,"featured_media":0,"parent":27041,"menu_order":0,"comment_status":"closed","ping_status":"closed","template":"","meta":{"footnotes":""},"class_list":["post-27059","page","type-page","status-publish","hentry"],"yoast_head":"<!-- This site is optimized with the Yoast SEO Premium plugin v27.4 (Yoast SEO v27.4) - https:\/\/yoast.com\/product\/yoast-seo-premium-wordpress\/ -->\n<title>Praktische Hinweise wie man Str\u00e4ucher, B\u00e4ume und Koniferen pflanzt - Vallonch\u00eane<\/title>\n<meta name=\"robots\" content=\"index, follow, max-snippet:-1, max-image-preview:large, max-video-preview:-1\" \/>\n<link rel=\"canonical\" href=\"https:\/\/www.vallonchene.fr\/de\/wie-man-pflanzen-pflanzt-und-pflegt\/praktische-hinweise-wie-man-straeucher-baeume-und-koniferen-pflanzt\/\" \/>\n<meta property=\"og:locale\" content=\"de_DE\" \/>\n<meta property=\"og:type\" content=\"article\" \/>\n<meta property=\"og:title\" content=\"Praktische Hinweise wie man Str\u00e4ucher, B\u00e4ume und Koniferen pflanzt\" \/>\n<meta property=\"og:description\" content=\"Entdecken Sie mit unseren praktischen Hinweisen, wie man Str\u00e4ucher, B\u00e4ume und Koniferen pflanzt und diese sp\u00e4ter richtig versorgt: PFLANZUNG von Str\u00e4uchern, B\u00e4umen und Koniferen PFLEGE von Str\u00e4uchern, B\u00e4umen und Koniferen Wenn Sie unseren Pflanzanweisungen gefolgt sind, wird die Pflege Ihrer Pflanzen ein Kinderspiel (bez\u00fcglich Bew\u00e4sserung und Unkrautj\u00e4hten): Abonnieren Sie unseren kostenlosen Newsletter! Abonnieren Sie unseren [&hellip;]\" \/>\n<meta property=\"og:url\" content=\"https:\/\/www.vallonchene.fr\/de\/wie-man-pflanzen-pflanzt-und-pflegt\/praktische-hinweise-wie-man-straeucher-baeume-und-koniferen-pflanzt\/\" \/>\n<meta property=\"og:site_name\" content=\"Vallonch\u00eane\" \/>\n<meta property=\"article:publisher\" content=\"https:\/\/www.facebook.com\/vallonchene.fr\" \/>\n<meta property=\"article:modified_time\" content=\"2023-06-30T15:05:09+00:00\" \/>\n<meta name=\"twitter:card\" content=\"summary_large_image\" \/>\n<meta name=\"twitter:label1\" content=\"Gesch\u00e4tzte Lesezeit\" \/>\n\t<meta name=\"twitter:data1\" content=\"3\u00a0Minuten\" \/>\n<script type=\"application\/ld+json\" class=\"yoast-schema-graph\">{\"@context\":\"https:\\\/\\\/schema.org\",\"@graph\":[{\"@type\":\"TechArticle\",\"@id\":\"https:\\\/\\\/www.vallonchene.fr\\\/de\\\/wie-man-pflanzen-pflanzt-und-pflegt\\\/praktische-hinweise-wie-man-straeucher-baeume-und-koniferen-pflanzt\\\/#article\",\"isPartOf\":{\"@id\":\"https:\\\/\\\/www.vallonchene.fr\\\/de\\\/wie-man-pflanzen-pflanzt-und-pflegt\\\/praktische-hinweise-wie-man-straeucher-baeume-und-koniferen-pflanzt\\\/\"},\"author\":{\"name\":\"Vallonch\u00eane\",\"@id\":\"https:\\\/\\\/www.vallonchene.fr\\\/de\\\/#\\\/schema\\\/person\\\/e0333176b10d7aea832c0f881bce1ea9\"},\"headline\":\"Praktische Hinweise wie man Str\u00e4ucher, B\u00e4ume und Koniferen pflanzt\",\"datePublished\":\"2023-04-08T14:39:56+00:00\",\"dateModified\":\"2023-06-30T15:05:09+00:00\",\"mainEntityOfPage\":{\"@id\":\"https:\\\/\\\/www.vallonchene.fr\\\/de\\\/wie-man-pflanzen-pflanzt-und-pflegt\\\/praktische-hinweise-wie-man-straeucher-baeume-und-koniferen-pflanzt\\\/\"},\"wordCount\":621,\"publisher\":{\"@id\":\"https:\\\/\\\/www.vallonchene.fr\\\/de\\\/#organization\"},\"inLanguage\":\"de\"},{\"@type\":[\"WebPage\",\"QAPage\"],\"@id\":\"https:\\\/\\\/www.vallonchene.fr\\\/de\\\/wie-man-pflanzen-pflanzt-und-pflegt\\\/praktische-hinweise-wie-man-straeucher-baeume-und-koniferen-pflanzt\\\/\",\"url\":\"https:\\\/\\\/www.vallonchene.fr\\\/de\\\/wie-man-pflanzen-pflanzt-und-pflegt\\\/praktische-hinweise-wie-man-straeucher-baeume-und-koniferen-pflanzt\\\/\",\"name\":\"Praktische Hinweise wie man Str\u00e4ucher, B\u00e4ume und Koniferen pflanzt - Vallonch\u00eane\",\"isPartOf\":{\"@id\":\"https:\\\/\\\/www.vallonchene.fr\\\/de\\\/#website\"},\"datePublished\":\"2023-04-08T14:39:56+00:00\",\"dateModified\":\"2023-06-30T15:05:09+00:00\",\"breadcrumb\":{\"@id\":\"https:\\\/\\\/www.vallonchene.fr\\\/de\\\/wie-man-pflanzen-pflanzt-und-pflegt\\\/praktische-hinweise-wie-man-straeucher-baeume-und-koniferen-pflanzt\\\/#breadcrumb\"},\"inLanguage\":\"de\",\"potentialAction\":[{\"@type\":\"ReadAction\",\"target\":[\"https:\\\/\\\/www.vallonchene.fr\\\/de\\\/wie-man-pflanzen-pflanzt-und-pflegt\\\/praktische-hinweise-wie-man-straeucher-baeume-und-koniferen-pflanzt\\\/\"]}]},{\"@type\":\"BreadcrumbList\",\"@id\":\"https:\\\/\\\/www.vallonchene.fr\\\/de\\\/wie-man-pflanzen-pflanzt-und-pflegt\\\/praktische-hinweise-wie-man-straeucher-baeume-und-koniferen-pflanzt\\\/#breadcrumb\",\"itemListElement\":[{\"@type\":\"ListItem\",\"position\":1,\"name\":\"Home\",\"item\":\"https:\\\/\\\/www.vallonchene.fr\\\/de\\\/\"},{\"@type\":\"ListItem\",\"position\":2,\"name\":\"Wie man Pflanzen pflanzt und pflegt\",\"item\":\"https:\\\/\\\/www.vallonchene.fr\\\/de\\\/comment-planter-et-entretenir-des-vegetaux\\\/\"},{\"@type\":\"ListItem\",\"position\":3,\"name\":\"Praktische Hinweise wie man Str\u00e4ucher, B\u00e4ume und Koniferen pflanzt\"}]},{\"@type\":\"WebSite\",\"@id\":\"https:\\\/\\\/www.vallonchene.fr\\\/de\\\/#website\",\"url\":\"https:\\\/\\\/www.vallonchene.fr\\\/de\\\/\",\"name\":\"Vallonch\u00eane\",\"description\":\"Die Baumschule, bei der Qualit\u00e4t ihre Wurzeln hat \u2013 Tel.: +49 (0)6838-5399840\",\"publisher\":{\"@id\":\"https:\\\/\\\/www.vallonchene.fr\\\/de\\\/#organization\"},\"potentialAction\":[{\"@type\":\"SearchAction\",\"target\":{\"@type\":\"EntryPoint\",\"urlTemplate\":\"https:\\\/\\\/www.vallonchene.fr\\\/de\\\/?s={search_term_string}\"},\"query-input\":{\"@type\":\"PropertyValueSpecification\",\"valueRequired\":true,\"valueName\":\"search_term_string\"}}],\"inLanguage\":\"de\"},{\"@type\":\"Organization\",\"@id\":\"https:\\\/\\\/www.vallonchene.fr\\\/de\\\/#organization\",\"name\":\"VALLONCHENE\",\"url\":\"https:\\\/\\\/www.vallonchene.fr\\\/de\\\/\",\"logo\":{\"@type\":\"ImageObject\",\"inLanguage\":\"de\",\"@id\":\"https:\\\/\\\/www.vallonchene.fr\\\/de\\\/#\\\/schema\\\/logo\\\/image\\\/\",\"url\":\"https:\\\/\\\/www.vallonchene.fr\\\/wp-content\\\/uploads\\\/2023\\\/03\\\/Logo-Vallonchene-site-et-R_hauteur_100.png\",\"contentUrl\":\"https:\\\/\\\/www.vallonchene.fr\\\/wp-content\\\/uploads\\\/2023\\\/03\\\/Logo-Vallonchene-site-et-R_hauteur_100.png\",\"width\":221,\"height\":100,\"caption\":\"VALLONCHENE\"},\"image\":{\"@id\":\"https:\\\/\\\/www.vallonchene.fr\\\/de\\\/#\\\/schema\\\/logo\\\/image\\\/\"},\"sameAs\":[\"https:\\\/\\\/www.facebook.com\\\/vallonchene.fr\",\"https:\\\/\\\/www.instagram.com\\\/vallonchene\\\/\",\"https:\\\/\\\/www.pinterest.fr\\\/vallonchene\\\/\"],\"taxID\":\"49454502300017\",\"hasMerchantReturnPolicy\":{\"@type\":\"MerchantReturnPolicy\",\"merchantReturnLink\":\"https:\\\/\\\/www.vallonchene.fr\\\/remboursements_retours\\\/\"}},{\"@type\":\"Person\",\"@id\":\"https:\\\/\\\/www.vallonchene.fr\\\/de\\\/#\\\/schema\\\/person\\\/e0333176b10d7aea832c0f881bce1ea9\",\"name\":\"Vallonch\u00eane\",\"sameAs\":[\"https:\\\/\\\/www.vallonchene.fr\\\/\",\"https:\\\/\\\/www.facebook.com\\\/vallonchene.fr\",\"https:\\\/\\\/www.instagram.com\\\/vallonchene\\\/\",\"https:\\\/\\\/www.pinterest.fr\\\/vallonchene\\\/\"],\"url\":\"https:\\\/\\\/www.vallonchene.fr\\\/de\\\/author\\\/vallonchene\\\/\"}]}<\/script>\n<!-- \/ Yoast SEO Premium plugin. -->","yoast_head_json":{"title":"Praktische Hinweise wie man Str\u00e4ucher, B\u00e4ume und Koniferen pflanzt - Vallonch\u00eane","robots":{"index":"index","follow":"follow","max-snippet":"max-snippet:-1","max-image-preview":"max-image-preview:large","max-video-preview":"max-video-preview:-1"},"canonical":"https:\/\/www.vallonchene.fr\/de\/wie-man-pflanzen-pflanzt-und-pflegt\/praktische-hinweise-wie-man-straeucher-baeume-und-koniferen-pflanzt\/","og_locale":"de_DE","og_type":"article","og_title":"Praktische Hinweise wie man Str\u00e4ucher, B\u00e4ume und Koniferen pflanzt","og_description":"Entdecken Sie mit unseren praktischen Hinweisen, wie man Str\u00e4ucher, B\u00e4ume und Koniferen pflanzt und diese sp\u00e4ter richtig versorgt: PFLANZUNG von Str\u00e4uchern, B\u00e4umen und Koniferen PFLEGE von Str\u00e4uchern, B\u00e4umen und Koniferen Wenn Sie unseren Pflanzanweisungen gefolgt sind, wird die Pflege Ihrer Pflanzen ein Kinderspiel (bez\u00fcglich Bew\u00e4sserung und Unkrautj\u00e4hten): Abonnieren Sie unseren kostenlosen Newsletter! Abonnieren Sie unseren [&hellip;]","og_url":"https:\/\/www.vallonchene.fr\/de\/wie-man-pflanzen-pflanzt-und-pflegt\/praktische-hinweise-wie-man-straeucher-baeume-und-koniferen-pflanzt\/","og_site_name":"Vallonch\u00eane","article_publisher":"https:\/\/www.facebook.com\/vallonchene.fr","article_modified_time":"2023-06-30T15:05:09+00:00","twitter_card":"summary_large_image","twitter_misc":{"Gesch\u00e4tzte Lesezeit":"3\u00a0Minuten"},"schema":{"@context":"https:\/\/schema.org","@graph":[{"@type":"TechArticle","@id":"https:\/\/www.vallonchene.fr\/de\/wie-man-pflanzen-pflanzt-und-pflegt\/praktische-hinweise-wie-man-straeucher-baeume-und-koniferen-pflanzt\/#article","isPartOf":{"@id":"https:\/\/www.vallonchene.fr\/de\/wie-man-pflanzen-pflanzt-und-pflegt\/praktische-hinweise-wie-man-straeucher-baeume-und-koniferen-pflanzt\/"},"author":{"name":"Vallonch\u00eane","@id":"https:\/\/www.vallonchene.fr\/de\/#\/schema\/person\/e0333176b10d7aea832c0f881bce1ea9"},"headline":"Praktische Hinweise wie man Str\u00e4ucher, B\u00e4ume und Koniferen pflanzt","datePublished":"2023-04-08T14:39:56+00:00","dateModified":"2023-06-30T15:05:09+00:00","mainEntityOfPage":{"@id":"https:\/\/www.vallonchene.fr\/de\/wie-man-pflanzen-pflanzt-und-pflegt\/praktische-hinweise-wie-man-straeucher-baeume-und-koniferen-pflanzt\/"},"wordCount":621,"publisher":{"@id":"https:\/\/www.vallonchene.fr\/de\/#organization"},"inLanguage":"de"},{"@type":["WebPage","QAPage"],"@id":"https:\/\/www.vallonchene.fr\/de\/wie-man-pflanzen-pflanzt-und-pflegt\/praktische-hinweise-wie-man-straeucher-baeume-und-koniferen-pflanzt\/","url":"https:\/\/www.vallonchene.fr\/de\/wie-man-pflanzen-pflanzt-und-pflegt\/praktische-hinweise-wie-man-straeucher-baeume-und-koniferen-pflanzt\/","name":"Praktische Hinweise wie man Str\u00e4ucher, B\u00e4ume und Koniferen pflanzt - Vallonch\u00eane","isPartOf":{"@id":"https:\/\/www.vallonchene.fr\/de\/#website"},"datePublished":"2023-04-08T14:39:56+00:00","dateModified":"2023-06-30T15:05:09+00:00","breadcrumb":{"@id":"https:\/\/www.vallonchene.fr\/de\/wie-man-pflanzen-pflanzt-und-pflegt\/praktische-hinweise-wie-man-straeucher-baeume-und-koniferen-pflanzt\/#breadcrumb"},"inLanguage":"de","potentialAction":[{"@type":"ReadAction","target":["https:\/\/www.vallonchene.fr\/de\/wie-man-pflanzen-pflanzt-und-pflegt\/praktische-hinweise-wie-man-straeucher-baeume-und-koniferen-pflanzt\/"]}]},{"@type":"BreadcrumbList","@id":"https:\/\/www.vallonchene.fr\/de\/wie-man-pflanzen-pflanzt-und-pflegt\/praktische-hinweise-wie-man-straeucher-baeume-und-koniferen-pflanzt\/#breadcrumb","itemListElement":[{"@type":"ListItem","position":1,"name":"Home","item":"https:\/\/www.vallonchene.fr\/de\/"},{"@type":"ListItem","position":2,"name":"Wie man Pflanzen pflanzt und pflegt","item":"https:\/\/www.vallonchene.fr\/de\/comment-planter-et-entretenir-des-vegetaux\/"},{"@type":"ListItem","position":3,"name":"Praktische Hinweise wie man Str\u00e4ucher, B\u00e4ume und Koniferen pflanzt"}]},{"@type":"WebSite","@id":"https:\/\/www.vallonchene.fr\/de\/#website","url":"https:\/\/www.vallonchene.fr\/de\/","name":"Vallonch\u00eane","description":"Die Baumschule, bei der Qualit\u00e4t ihre Wurzeln hat \u2013 Tel.: +49 (0)6838-5399840","publisher":{"@id":"https:\/\/www.vallonchene.fr\/de\/#organization"},"potentialAction":[{"@type":"SearchAction","target":{"@type":"EntryPoint","urlTemplate":"https:\/\/www.vallonchene.fr\/de\/?s={search_term_string}"},"query-input":{"@type":"PropertyValueSpecification","valueRequired":true,"valueName":"search_term_string"}}],"inLanguage":"de"},{"@type":"Organization","@id":"https:\/\/www.vallonchene.fr\/de\/#organization","name":"VALLONCHENE","url":"https:\/\/www.vallonchene.fr\/de\/","logo":{"@type":"ImageObject","inLanguage":"de","@id":"https:\/\/www.vallonchene.fr\/de\/#\/schema\/logo\/image\/","url":"https:\/\/www.vallonchene.fr\/wp-content\/uploads\/2023\/03\/Logo-Vallonchene-site-et-R_hauteur_100.png","contentUrl":"https:\/\/www.vallonchene.fr\/wp-content\/uploads\/2023\/03\/Logo-Vallonchene-site-et-R_hauteur_100.png","width":221,"height":100,"caption":"VALLONCHENE"},"image":{"@id":"https:\/\/www.vallonchene.fr\/de\/#\/schema\/logo\/image\/"},"sameAs":["https:\/\/www.facebook.com\/vallonchene.fr","https:\/\/www.instagram.com\/vallonchene\/","https:\/\/www.pinterest.fr\/vallonchene\/"],"taxID":"49454502300017","hasMerchantReturnPolicy":{"@type":"MerchantReturnPolicy","merchantReturnLink":"https:\/\/www.vallonchene.fr\/remboursements_retours\/"}},{"@type":"Person","@id":"https:\/\/www.vallonchene.fr\/de\/#\/schema\/person\/e0333176b10d7aea832c0f881bce1ea9","name":"Vallonch\u00eane","sameAs":["https:\/\/www.vallonchene.fr\/","https:\/\/www.facebook.com\/vallonchene.fr","https:\/\/www.instagram.com\/vallonchene\/","https:\/\/www.pinterest.fr\/vallonchene\/"],"url":"https:\/\/www.vallonchene.fr\/de\/author\/vallonchene\/"}]}},"_links":{"self":[{"href":"https:\/\/www.vallonchene.fr\/de\/wp-json\/wp\/v2\/pages\/27059","targetHints":{"allow":["GET"]}}],"collection":[{"href":"https:\/\/www.vallonchene.fr\/de\/wp-json\/wp\/v2\/pages"}],"about":[{"href":"https:\/\/www.vallonchene.fr\/de\/wp-json\/wp\/v2\/types\/page"}],"author":[{"embeddable":true,"href":"https:\/\/www.vallonchene.fr\/de\/wp-json\/wp\/v2\/users\/1"}],"replies":[{"embeddable":true,"href":"https:\/\/www.vallonchene.fr\/de\/wp-json\/wp\/v2\/comments?post=27059"}],"version-history":[{"count":0,"href":"https:\/\/www.vallonchene.fr\/de\/wp-json\/wp\/v2\/pages\/27059\/revisions"}],"up":[{"embeddable":true,"href":"https:\/\/www.vallonchene.fr\/de\/wp-json\/wp\/v2\/pages\/27041"}],"wp:attachment":[{"href":"https:\/\/www.vallonchene.fr\/de\/wp-json\/wp\/v2\/media?parent=27059"}],"curies":[{"name":"wp","href":"https:\/\/api.w.org\/{rel}","templated":true}]}}