{"id":27041,"date":"2023-04-08T15:22:46","date_gmt":"2023-04-08T14:22:46","guid":{"rendered":"https:\/\/testing.vallonchene.fr\/?page_id=27041"},"modified":"2024-06-12T15:25:22","modified_gmt":"2024-06-12T15:25:22","slug":"wie-man-pflanzen-pflanzt-und-pflegt","status":"publish","type":"page","link":"https:\/\/www.vallonchene.fr\/de\/wie-man-pflanzen-pflanzt-und-pflegt\/","title":{"rendered":"Wie man Pflanzen pflanzt und pflegt"},"content":{"rendered":"\n<p>In der Baumschule Vallonch\u00eane haben wir genaue Anleitungen zum Pflanzen und Pflegen von Pflanzen entwickelt. Sogar ein Anf\u00e4nger kann damit lernen, <strong>wie man Pflanzen pflanzt und pflegt<\/strong>.<\/p>\n\n<p>Einen G\u00e4rtner, der noch nie eine Pflanze wegen schlechter Pflanzung verloren hat, gibt es nicht. Jeder von uns hat schon einmal Fehler beim Pflanzen oder Pflegen von Pflanzen gemacht. Die Pflanzenwelt ist so komplex, dass wir manchmal einfach nicht wissen, wie man bestimmte Pflanzen richtig behandelt. Entweder, weil uns die Erfahrung fehlt oder weil die betreffende Pflanze spezielle oder ungew\u00f6hnliche Bed\u00fcrfnisse hat. Jede Pflanzenkategorie hat unterschiedliche Anforderungen. Gelegentlich k\u00f6nnen Pflanzen der gleichen Kategorie andere Erwartungen haben als andere Mitglieder dieser Kategorie. G\u00e4rtnern ist eine Disziplin, in der man auch nach Jahrzehnten st\u00e4ndig dazulernt.<\/p>\n\n<p>Diese Anleitungen sind <strong>f\u00fcr jede wichtige Pflanzenkategorie<\/strong> zusammengefasst. Hier sind sie:<\/p>\n\n<ul class=\"wp-block-list\">\n<li><a href=\"https:\/\/www.vallonchene.fr\/comment-planter-et-entretenir-des-vegetaux\/comment-planter-et-entretenir-arbres-arbustes-et-coniferes\/\">Comment planter et entretenir <strong>arbres, arbustes et conif\u00e8res<\/strong><\/a><\/li>\n\n\n\n<li><a href=\"https:\/\/www.vallonchene.fr\/comment-planter-et-entretenir-des-vegetaux\/comment-planter-et-entretenir-des-erables-du-japon\/\">Comment planter et entretenir des <strong>\u00e9rables du Japon<\/strong> (ACER palmatum)<\/a><\/li>\n\n\n\n<li><a href=\"https:\/\/www.vallonchene.fr\/comment-planter-et-entretenir-des-vegetaux\/comment-planter-et-entretenir-des-hellebores\/\">Comment planter et entretenir des <strong>hell\u00e9bores<\/strong><\/a><\/li>\n\n\n\n<li><a href=\"https:\/\/www.vallonchene.fr\/comment-planter-et-entretenir-des-vegetaux\/comment-planter-et-entretenir-des-plantes-vivaces\/\">Comment planter et entretenir des <strong>plantes vivaces<\/strong><\/a><\/li>\n\n\n\n<li><a href=\"https:\/\/www.vallonchene.fr\/comment-planter-et-entretenir-des-vegetaux\/comment-planter-en-pot-pour-la-terrasse\/\">Comment planter en <strong>pot pour la terrasse<\/strong><\/a><\/li>\n\n\n\n<li><a href=\"https:\/\/www.vallonchene.fr\/comment-planter-et-entretenir-des-vegetaux\/comment-planter-et-entretenir-des-rosiers\/\">Comment planter des <strong>rosiers<\/strong><\/a><\/li>\n<\/ul>\n\n<p>Wenn Sie dennoch keine Antwort auf Ihre Fragen zu einer Pflanze, die Sie in Vallonch\u00eane gekauft haben, gefunden haben, werden wir Ihnen gerne helfen. In diesem Fall <a href=\"https:\/\/www.vallonchene.fr\/de\/kontakt\/\">senden Sie uns bitte eine Nachricht<\/a>.<\/p>\n","protected":false},"excerpt":{"rendered":"<p>In der Baumschule Vallonch\u00eane haben wir genaue Anleitungen zum Pflanzen und Pflegen von Pflanzen entwickelt. Sogar ein Anf\u00e4nger kann damit lernen, wie man Pflanzen pflanzt und pflegt. Einen G\u00e4rtner, der noch nie eine Pflanze wegen schlechter Pflanzung verloren hat, gibt es nicht. Jeder von uns hat schon einmal Fehler beim Pflanzen oder Pflegen von Pflanzen [&hellip;]<\/p>\n","protected":false},"author":1,"featured_media":0,"parent":0,"menu_order":0,"comment_status":"closed","ping_status":"closed","template":"","meta":{"footnotes":""},"class_list":["post-27041","page","type-page","status-publish","hentry"],"yoast_head":"<!-- This site is optimized with the Yoast SEO Premium plugin v27.5 (Yoast SEO v27.5) - https:\/\/yoast.com\/product\/yoast-seo-premium-wordpress\/ -->\n<title>Wie man Pflanzen pflanzt und pflegt<\/title>\n<meta name=\"description\" content=\"Erfahren Sie, wie Sie Pflanzen im Garten pflanzen und pflegen. Befolgen Sie unsere Anleitungen, die an jede Pflanzenkategorie angepasst sind.\" \/>\n<meta name=\"robots\" content=\"index, follow, max-snippet:-1, max-image-preview:large, max-video-preview:-1\" \/>\n<link rel=\"canonical\" href=\"https:\/\/www.vallonchene.fr\/de\/wie-man-pflanzen-pflanzt-und-pflegt\/\" \/>\n<meta property=\"og:locale\" content=\"de_DE\" \/>\n<meta property=\"og:type\" content=\"article\" \/>\n<meta property=\"og:title\" content=\"Wie man Pflanzen pflanzt und pflegt\" \/>\n<meta property=\"og:description\" content=\"Erfahren Sie, wie Sie Pflanzen im Garten pflanzen und pflegen. Befolgen Sie unsere Anleitungen, die an jede Pflanzenkategorie angepasst sind.\" \/>\n<meta property=\"og:url\" content=\"https:\/\/www.vallonchene.fr\/de\/wie-man-pflanzen-pflanzt-und-pflegt\/\" \/>\n<meta property=\"og:site_name\" content=\"Vallonch\u00eane\" \/>\n<meta property=\"article:publisher\" content=\"https:\/\/www.facebook.com\/vallonchene.fr\" \/>\n<meta property=\"article:modified_time\" content=\"2024-06-12T15:25:22+00:00\" \/>\n<meta name=\"twitter:card\" content=\"summary_large_image\" \/>\n<meta name=\"twitter:label1\" content=\"Gesch\u00e4tzte Lesezeit\" \/>\n\t<meta name=\"twitter:data1\" content=\"2\u00a0Minuten\" \/>\n<script type=\"application\/ld+json\" class=\"yoast-schema-graph\">{\"@context\":\"https:\\\/\\\/schema.org\",\"@graph\":[{\"@type\":\"TechArticle\",\"@id\":\"https:\\\/\\\/www.vallonchene.fr\\\/de\\\/wie-man-pflanzen-pflanzt-und-pflegt\\\/#article\",\"isPartOf\":{\"@id\":\"https:\\\/\\\/www.vallonchene.fr\\\/de\\\/wie-man-pflanzen-pflanzt-und-pflegt\\\/\"},\"author\":{\"name\":\"Vallonch\u00eane\",\"@id\":\"https:\\\/\\\/www.vallonchene.fr\\\/de\\\/#\\\/schema\\\/person\\\/e0333176b10d7aea832c0f881bce1ea9\"},\"headline\":\"Wie man Pflanzen pflanzt und pflegt\",\"datePublished\":\"2023-04-08T14:22:46+00:00\",\"dateModified\":\"2024-06-12T15:25:22+00:00\",\"mainEntityOfPage\":{\"@id\":\"https:\\\/\\\/www.vallonchene.fr\\\/de\\\/wie-man-pflanzen-pflanzt-und-pflegt\\\/\"},\"wordCount\":224,\"publisher\":{\"@id\":\"https:\\\/\\\/www.vallonchene.fr\\\/de\\\/#organization\"},\"inLanguage\":\"de\"},{\"@type\":[\"WebPage\",\"CollectionPage\"],\"@id\":\"https:\\\/\\\/www.vallonchene.fr\\\/de\\\/wie-man-pflanzen-pflanzt-und-pflegt\\\/\",\"url\":\"https:\\\/\\\/www.vallonchene.fr\\\/de\\\/wie-man-pflanzen-pflanzt-und-pflegt\\\/\",\"name\":\"Wie man Pflanzen pflanzt und pflegt\",\"isPartOf\":{\"@id\":\"https:\\\/\\\/www.vallonchene.fr\\\/de\\\/#website\"},\"datePublished\":\"2023-04-08T14:22:46+00:00\",\"dateModified\":\"2024-06-12T15:25:22+00:00\",\"description\":\"Erfahren Sie, wie Sie Pflanzen im Garten pflanzen und pflegen. Befolgen Sie unsere Anleitungen, die an jede Pflanzenkategorie angepasst sind.\",\"breadcrumb\":{\"@id\":\"https:\\\/\\\/www.vallonchene.fr\\\/de\\\/wie-man-pflanzen-pflanzt-und-pflegt\\\/#breadcrumb\"},\"inLanguage\":\"de\"},{\"@type\":\"BreadcrumbList\",\"@id\":\"https:\\\/\\\/www.vallonchene.fr\\\/de\\\/wie-man-pflanzen-pflanzt-und-pflegt\\\/#breadcrumb\",\"itemListElement\":[{\"@type\":\"ListItem\",\"position\":1,\"name\":\"Home\",\"item\":\"https:\\\/\\\/www.vallonchene.fr\\\/de\\\/\"},{\"@type\":\"ListItem\",\"position\":2,\"name\":\"Wie man Pflanzen pflanzt und pflegt\"}]},{\"@type\":\"WebSite\",\"@id\":\"https:\\\/\\\/www.vallonchene.fr\\\/de\\\/#website\",\"url\":\"https:\\\/\\\/www.vallonchene.fr\\\/de\\\/\",\"name\":\"Vallonch\u00eane\",\"description\":\"Die Baumschule, bei der Qualit\u00e4t ihre Wurzeln hat \u2013 Tel.: +49 (0)6838-5399840\",\"publisher\":{\"@id\":\"https:\\\/\\\/www.vallonchene.fr\\\/de\\\/#organization\"},\"potentialAction\":[{\"@type\":\"SearchAction\",\"target\":{\"@type\":\"EntryPoint\",\"urlTemplate\":\"https:\\\/\\\/www.vallonchene.fr\\\/de\\\/?s={search_term_string}\"},\"query-input\":{\"@type\":\"PropertyValueSpecification\",\"valueRequired\":true,\"valueName\":\"search_term_string\"}}],\"inLanguage\":\"de\"},{\"@type\":\"Organization\",\"@id\":\"https:\\\/\\\/www.vallonchene.fr\\\/de\\\/#organization\",\"name\":\"VALLONCHENE\",\"url\":\"https:\\\/\\\/www.vallonchene.fr\\\/de\\\/\",\"logo\":{\"@type\":\"ImageObject\",\"inLanguage\":\"de\",\"@id\":\"https:\\\/\\\/www.vallonchene.fr\\\/de\\\/#\\\/schema\\\/logo\\\/image\\\/\",\"url\":\"https:\\\/\\\/www.vallonchene.fr\\\/wp-content\\\/uploads\\\/2023\\\/03\\\/Logo-Vallonchene-site-et-R_hauteur_100.png\",\"contentUrl\":\"https:\\\/\\\/www.vallonchene.fr\\\/wp-content\\\/uploads\\\/2023\\\/03\\\/Logo-Vallonchene-site-et-R_hauteur_100.png\",\"width\":221,\"height\":100,\"caption\":\"VALLONCHENE\"},\"image\":{\"@id\":\"https:\\\/\\\/www.vallonchene.fr\\\/de\\\/#\\\/schema\\\/logo\\\/image\\\/\"},\"sameAs\":[\"https:\\\/\\\/www.facebook.com\\\/vallonchene.fr\",\"https:\\\/\\\/www.instagram.com\\\/vallonchene\\\/\",\"https:\\\/\\\/www.pinterest.fr\\\/vallonchene\\\/\"],\"taxID\":\"49454502300017\",\"hasMerchantReturnPolicy\":{\"@type\":\"MerchantReturnPolicy\",\"merchantReturnLink\":\"https:\\\/\\\/www.vallonchene.fr\\\/remboursements_retours\\\/\"}},{\"@type\":\"Person\",\"@id\":\"https:\\\/\\\/www.vallonchene.fr\\\/de\\\/#\\\/schema\\\/person\\\/e0333176b10d7aea832c0f881bce1ea9\",\"name\":\"Vallonch\u00eane\",\"sameAs\":[\"https:\\\/\\\/www.vallonchene.fr\\\/\",\"https:\\\/\\\/www.facebook.com\\\/vallonchene.fr\",\"https:\\\/\\\/www.instagram.com\\\/vallonchene\\\/\",\"https:\\\/\\\/www.pinterest.fr\\\/vallonchene\\\/\"],\"url\":\"https:\\\/\\\/www.vallonchene.fr\\\/de\\\/author\\\/vallonchene\\\/\"}]}<\/script>\n<!-- \/ Yoast SEO Premium plugin. -->","yoast_head_json":{"title":"Wie man Pflanzen pflanzt und pflegt","description":"Erfahren Sie, wie Sie Pflanzen im Garten pflanzen und pflegen. Befolgen Sie unsere Anleitungen, die an jede Pflanzenkategorie angepasst sind.","robots":{"index":"index","follow":"follow","max-snippet":"max-snippet:-1","max-image-preview":"max-image-preview:large","max-video-preview":"max-video-preview:-1"},"canonical":"https:\/\/www.vallonchene.fr\/de\/wie-man-pflanzen-pflanzt-und-pflegt\/","og_locale":"de_DE","og_type":"article","og_title":"Wie man Pflanzen pflanzt und pflegt","og_description":"Erfahren Sie, wie Sie Pflanzen im Garten pflanzen und pflegen. Befolgen Sie unsere Anleitungen, die an jede Pflanzenkategorie angepasst sind.","og_url":"https:\/\/www.vallonchene.fr\/de\/wie-man-pflanzen-pflanzt-und-pflegt\/","og_site_name":"Vallonch\u00eane","article_publisher":"https:\/\/www.facebook.com\/vallonchene.fr","article_modified_time":"2024-06-12T15:25:22+00:00","twitter_card":"summary_large_image","twitter_misc":{"Gesch\u00e4tzte Lesezeit":"2\u00a0Minuten"},"schema":{"@context":"https:\/\/schema.org","@graph":[{"@type":"TechArticle","@id":"https:\/\/www.vallonchene.fr\/de\/wie-man-pflanzen-pflanzt-und-pflegt\/#article","isPartOf":{"@id":"https:\/\/www.vallonchene.fr\/de\/wie-man-pflanzen-pflanzt-und-pflegt\/"},"author":{"name":"Vallonch\u00eane","@id":"https:\/\/www.vallonchene.fr\/de\/#\/schema\/person\/e0333176b10d7aea832c0f881bce1ea9"},"headline":"Wie man Pflanzen pflanzt und pflegt","datePublished":"2023-04-08T14:22:46+00:00","dateModified":"2024-06-12T15:25:22+00:00","mainEntityOfPage":{"@id":"https:\/\/www.vallonchene.fr\/de\/wie-man-pflanzen-pflanzt-und-pflegt\/"},"wordCount":224,"publisher":{"@id":"https:\/\/www.vallonchene.fr\/de\/#organization"},"inLanguage":"de"},{"@type":["WebPage","CollectionPage"],"@id":"https:\/\/www.vallonchene.fr\/de\/wie-man-pflanzen-pflanzt-und-pflegt\/","url":"https:\/\/www.vallonchene.fr\/de\/wie-man-pflanzen-pflanzt-und-pflegt\/","name":"Wie man Pflanzen pflanzt und pflegt","isPartOf":{"@id":"https:\/\/www.vallonchene.fr\/de\/#website"},"datePublished":"2023-04-08T14:22:46+00:00","dateModified":"2024-06-12T15:25:22+00:00","description":"Erfahren Sie, wie Sie Pflanzen im Garten pflanzen und pflegen. Befolgen Sie unsere Anleitungen, die an jede Pflanzenkategorie angepasst sind.","breadcrumb":{"@id":"https:\/\/www.vallonchene.fr\/de\/wie-man-pflanzen-pflanzt-und-pflegt\/#breadcrumb"},"inLanguage":"de"},{"@type":"BreadcrumbList","@id":"https:\/\/www.vallonchene.fr\/de\/wie-man-pflanzen-pflanzt-und-pflegt\/#breadcrumb","itemListElement":[{"@type":"ListItem","position":1,"name":"Home","item":"https:\/\/www.vallonchene.fr\/de\/"},{"@type":"ListItem","position":2,"name":"Wie man Pflanzen pflanzt und pflegt"}]},{"@type":"WebSite","@id":"https:\/\/www.vallonchene.fr\/de\/#website","url":"https:\/\/www.vallonchene.fr\/de\/","name":"Vallonch\u00eane","description":"Die Baumschule, bei der Qualit\u00e4t ihre Wurzeln hat \u2013 Tel.: +49 (0)6838-5399840","publisher":{"@id":"https:\/\/www.vallonchene.fr\/de\/#organization"},"potentialAction":[{"@type":"SearchAction","target":{"@type":"EntryPoint","urlTemplate":"https:\/\/www.vallonchene.fr\/de\/?s={search_term_string}"},"query-input":{"@type":"PropertyValueSpecification","valueRequired":true,"valueName":"search_term_string"}}],"inLanguage":"de"},{"@type":"Organization","@id":"https:\/\/www.vallonchene.fr\/de\/#organization","name":"VALLONCHENE","url":"https:\/\/www.vallonchene.fr\/de\/","logo":{"@type":"ImageObject","inLanguage":"de","@id":"https:\/\/www.vallonchene.fr\/de\/#\/schema\/logo\/image\/","url":"https:\/\/www.vallonchene.fr\/wp-content\/uploads\/2023\/03\/Logo-Vallonchene-site-et-R_hauteur_100.png","contentUrl":"https:\/\/www.vallonchene.fr\/wp-content\/uploads\/2023\/03\/Logo-Vallonchene-site-et-R_hauteur_100.png","width":221,"height":100,"caption":"VALLONCHENE"},"image":{"@id":"https:\/\/www.vallonchene.fr\/de\/#\/schema\/logo\/image\/"},"sameAs":["https:\/\/www.facebook.com\/vallonchene.fr","https:\/\/www.instagram.com\/vallonchene\/","https:\/\/www.pinterest.fr\/vallonchene\/"],"taxID":"49454502300017","hasMerchantReturnPolicy":{"@type":"MerchantReturnPolicy","merchantReturnLink":"https:\/\/www.vallonchene.fr\/remboursements_retours\/"}},{"@type":"Person","@id":"https:\/\/www.vallonchene.fr\/de\/#\/schema\/person\/e0333176b10d7aea832c0f881bce1ea9","name":"Vallonch\u00eane","sameAs":["https:\/\/www.vallonchene.fr\/","https:\/\/www.facebook.com\/vallonchene.fr","https:\/\/www.instagram.com\/vallonchene\/","https:\/\/www.pinterest.fr\/vallonchene\/"],"url":"https:\/\/www.vallonchene.fr\/de\/author\/vallonchene\/"}]}},"_links":{"self":[{"href":"https:\/\/www.vallonchene.fr\/de\/wp-json\/wp\/v2\/pages\/27041","targetHints":{"allow":["GET"]}}],"collection":[{"href":"https:\/\/www.vallonchene.fr\/de\/wp-json\/wp\/v2\/pages"}],"about":[{"href":"https:\/\/www.vallonchene.fr\/de\/wp-json\/wp\/v2\/types\/page"}],"author":[{"embeddable":true,"href":"https:\/\/www.vallonchene.fr\/de\/wp-json\/wp\/v2\/users\/1"}],"replies":[{"embeddable":true,"href":"https:\/\/www.vallonchene.fr\/de\/wp-json\/wp\/v2\/comments?post=27041"}],"version-history":[{"count":0,"href":"https:\/\/www.vallonchene.fr\/de\/wp-json\/wp\/v2\/pages\/27041\/revisions"}],"wp:attachment":[{"href":"https:\/\/www.vallonchene.fr\/de\/wp-json\/wp\/v2\/media?parent=27041"}],"curies":[{"name":"wp","href":"https:\/\/api.w.org\/{rel}","templated":true}]}}