{"id":26989,"date":"2023-04-06T08:36:13","date_gmt":"2023-04-06T07:36:13","guid":{"rendered":"https:\/\/testing.vallonchene.fr\/?page_id=26989"},"modified":"2024-06-12T15:26:24","modified_gmt":"2024-06-12T15:26:24","slug":"sichere-zahlung","status":"publish","type":"page","link":"https:\/\/www.vallonchene.fr\/de\/sichere-zahlung\/","title":{"rendered":"Sichere Zahlung"},"content":{"rendered":"\n<h3 class=\"wp-block-heading\" id=\"h-les-moyens-de-paiement-disponibles\">Les moyens de paiement disponibles<\/h3>\n\n<p>Vous pouvez r\u00e9gler votre commande sur www.vallonchene.fr avec :<\/p>\n\n<ul class=\"wp-block-list\">\n<li>votre carte de cr\u00e9dit ou carte bancaire ou avec<\/li>\n\n\n\n<li>un virement bancaire (\u00e0 initier par vous-m\u00eame depuis votre interface bancaire)\u202f; nos coordonn\u00e9es bancaires sont affich\u00e9es lorsque vous aurez valid\u00e9 votre commande \u00e0 la fin du processus de commande.<\/li>\n<\/ul>\n\n<h3 class=\"wp-block-heading\" id=\"h-securisation-de-vos-transactions-de-paiement\">S\u00e9curisation de vos transactions de paiement<\/h3>\n\n<p>Toutes les op\u00e9rations sur notre site Internet sont crypt\u00e9es en SSL pour vous assurer le niveau de s\u00e9curit\u00e9 le plus \u00e9lev\u00e9 actuellement disponible.<br\/>Lors de votre commande, vous avez l&#8217;option d&#8217;enregistrer votre carte de cr\u00e9dit pour des paiements de commandes \u00e0 venir. LES INFORMATIONS SUR VOTRE CARTE DE CR\u00c9DIT sont alors conserv\u00e9es EXCLUSIVEMENT par le SERVICE BANCAIRE qui ex\u00e9cute les encaissements pour notre compte pour vous assurer le niveau de s\u00e9curit\u00e9 digne d&#8217;une banque. <strong>Vos donn\u00e9es de carte de paiement ne sont JAMAIS enregistr\u00e9es chez nous !<\/strong><\/p>\n\n<h3 class=\"wp-block-heading\" id=\"h-protection-des-donnees-personnelles\">Protection des donn\u00e9es personnelles<\/h3>\n\n<p>Toutes les informations saisies sur notre site internet sont n\u00e9cessaires pour la bonne ex\u00e9cution de votre commande et sont trait\u00e9es avec la plus grande confidentialit\u00e9 et dans la plus grande discr\u00e9tion.<\/p>\n\n<p>Nous nous soumettons strictement \u00e0 la loi relative \u00e0 l&#8217;Informatique, aux fichiers et aux Libert\u00e9s du 6 janvier 1978. Conform\u00e9ment \u00e0 cette loi, vous disposez d&#8217;un droit d&#8217;acc\u00e8s et de rectification de vos donn\u00e9es personnelles. Il vous suffit de nous contacter par la rubrique contact ou d&#8217;effectuer les changements directement en vous connectant avec votre identifiant \u00e0 l&#8217;espace client de notre site internet.<\/p>\n\n<p>Si vous souhaitez entrer en contact avec nos services directement,\u00a0<a href=\"https:\/\/www.vallonchene.fr\/contact\/\">cliquez ici pour nous envoyer un message<\/a>\u00a0ou\u00a0<a href=\"\/mon-compte\/\">connectez-vous \u00e0 votre compte client<\/a> ou t\u00e9l\u00e9phonez-nous tout simplement.<\/p>\n","protected":false},"excerpt":{"rendered":"<p>Les moyens de paiement disponibles Vous pouvez r\u00e9gler votre commande sur www.vallonchene.fr avec : S\u00e9curisation de vos transactions de paiement Toutes les op\u00e9rations sur notre site Internet sont crypt\u00e9es en SSL pour vous assurer le niveau de s\u00e9curit\u00e9 le plus \u00e9lev\u00e9 actuellement disponible.Lors de votre commande, vous avez l&#8217;option d&#8217;enregistrer votre carte de cr\u00e9dit pour [&hellip;]<\/p>\n","protected":false},"author":1,"featured_media":0,"parent":0,"menu_order":0,"comment_status":"closed","ping_status":"closed","template":"","meta":{"footnotes":""},"class_list":["post-26989","page","type-page","status-publish","hentry"],"yoast_head":"<!-- This site is optimized with the Yoast SEO Premium plugin v27.5 (Yoast SEO v27.5) - https:\/\/yoast.com\/product\/yoast-seo-premium-wordpress\/ -->\n<title>Sichere Zahlung - Vallonch\u00eane<\/title>\n<meta name=\"robots\" content=\"index, follow, max-snippet:-1, max-image-preview:large, max-video-preview:-1\" \/>\n<link rel=\"canonical\" href=\"https:\/\/www.vallonchene.fr\/de\/sichere-zahlung\/\" \/>\n<meta property=\"og:locale\" content=\"de_DE\" \/>\n<meta property=\"og:type\" content=\"article\" \/>\n<meta property=\"og:title\" content=\"Sichere Zahlung\" \/>\n<meta property=\"og:description\" content=\"Les moyens de paiement disponibles Vous pouvez r\u00e9gler votre commande sur www.vallonchene.fr avec : S\u00e9curisation de vos transactions de paiement Toutes les op\u00e9rations sur notre site Internet sont crypt\u00e9es en SSL pour vous assurer le niveau de s\u00e9curit\u00e9 le plus \u00e9lev\u00e9 actuellement disponible.Lors de votre commande, vous avez l&#8217;option d&#8217;enregistrer votre carte de cr\u00e9dit pour [&hellip;]\" \/>\n<meta property=\"og:url\" content=\"https:\/\/www.vallonchene.fr\/de\/sichere-zahlung\/\" \/>\n<meta property=\"og:site_name\" content=\"Vallonch\u00eane\" \/>\n<meta property=\"article:publisher\" content=\"https:\/\/www.facebook.com\/vallonchene.fr\" \/>\n<meta property=\"article:modified_time\" content=\"2024-06-12T15:26:24+00:00\" \/>\n<meta name=\"twitter:card\" content=\"summary_large_image\" \/>\n<meta name=\"twitter:label1\" content=\"Gesch\u00e4tzte Lesezeit\" \/>\n\t<meta name=\"twitter:data1\" content=\"1\u00a0Minute\" \/>\n<script type=\"application\/ld+json\" class=\"yoast-schema-graph\">{\"@context\":\"https:\\\/\\\/schema.org\",\"@graph\":[{\"@type\":\"WebPage\",\"@id\":\"https:\\\/\\\/www.vallonchene.fr\\\/de\\\/sichere-zahlung\\\/\",\"url\":\"https:\\\/\\\/www.vallonchene.fr\\\/de\\\/sichere-zahlung\\\/\",\"name\":\"Sichere Zahlung - Vallonch\u00eane\",\"isPartOf\":{\"@id\":\"https:\\\/\\\/www.vallonchene.fr\\\/de\\\/#website\"},\"datePublished\":\"2023-04-06T07:36:13+00:00\",\"dateModified\":\"2024-06-12T15:26:24+00:00\",\"breadcrumb\":{\"@id\":\"https:\\\/\\\/www.vallonchene.fr\\\/de\\\/sichere-zahlung\\\/#breadcrumb\"},\"inLanguage\":\"de\",\"potentialAction\":[{\"@type\":\"ReadAction\",\"target\":[\"https:\\\/\\\/www.vallonchene.fr\\\/de\\\/sichere-zahlung\\\/\"]}]},{\"@type\":\"BreadcrumbList\",\"@id\":\"https:\\\/\\\/www.vallonchene.fr\\\/de\\\/sichere-zahlung\\\/#breadcrumb\",\"itemListElement\":[{\"@type\":\"ListItem\",\"position\":1,\"name\":\"Home\",\"item\":\"https:\\\/\\\/www.vallonchene.fr\\\/de\\\/\"},{\"@type\":\"ListItem\",\"position\":2,\"name\":\"Sichere Zahlung\"}]},{\"@type\":\"WebSite\",\"@id\":\"https:\\\/\\\/www.vallonchene.fr\\\/de\\\/#website\",\"url\":\"https:\\\/\\\/www.vallonchene.fr\\\/de\\\/\",\"name\":\"Vallonch\u00eane\",\"description\":\"Die Baumschule, bei der Qualit\u00e4t ihre Wurzeln hat \u2013 Tel.: +49 (0)6838-5399840\",\"publisher\":{\"@id\":\"https:\\\/\\\/www.vallonchene.fr\\\/de\\\/#organization\"},\"potentialAction\":[{\"@type\":\"SearchAction\",\"target\":{\"@type\":\"EntryPoint\",\"urlTemplate\":\"https:\\\/\\\/www.vallonchene.fr\\\/de\\\/?s={search_term_string}\"},\"query-input\":{\"@type\":\"PropertyValueSpecification\",\"valueRequired\":true,\"valueName\":\"search_term_string\"}}],\"inLanguage\":\"de\"},{\"@type\":\"Organization\",\"@id\":\"https:\\\/\\\/www.vallonchene.fr\\\/de\\\/#organization\",\"name\":\"VALLONCHENE\",\"url\":\"https:\\\/\\\/www.vallonchene.fr\\\/de\\\/\",\"logo\":{\"@type\":\"ImageObject\",\"inLanguage\":\"de\",\"@id\":\"https:\\\/\\\/www.vallonchene.fr\\\/de\\\/#\\\/schema\\\/logo\\\/image\\\/\",\"url\":\"https:\\\/\\\/www.vallonchene.fr\\\/wp-content\\\/uploads\\\/2023\\\/03\\\/Logo-Vallonchene-site-et-R_hauteur_100.png\",\"contentUrl\":\"https:\\\/\\\/www.vallonchene.fr\\\/wp-content\\\/uploads\\\/2023\\\/03\\\/Logo-Vallonchene-site-et-R_hauteur_100.png\",\"width\":221,\"height\":100,\"caption\":\"VALLONCHENE\"},\"image\":{\"@id\":\"https:\\\/\\\/www.vallonchene.fr\\\/de\\\/#\\\/schema\\\/logo\\\/image\\\/\"},\"sameAs\":[\"https:\\\/\\\/www.facebook.com\\\/vallonchene.fr\",\"https:\\\/\\\/www.instagram.com\\\/vallonchene\\\/\",\"https:\\\/\\\/www.pinterest.fr\\\/vallonchene\\\/\"],\"taxID\":\"49454502300017\",\"hasMerchantReturnPolicy\":{\"@type\":\"MerchantReturnPolicy\",\"merchantReturnLink\":\"https:\\\/\\\/www.vallonchene.fr\\\/remboursements_retours\\\/\"}}]}<\/script>\n<!-- \/ Yoast SEO Premium plugin. -->","yoast_head_json":{"title":"Sichere Zahlung - Vallonch\u00eane","robots":{"index":"index","follow":"follow","max-snippet":"max-snippet:-1","max-image-preview":"max-image-preview:large","max-video-preview":"max-video-preview:-1"},"canonical":"https:\/\/www.vallonchene.fr\/de\/sichere-zahlung\/","og_locale":"de_DE","og_type":"article","og_title":"Sichere Zahlung","og_description":"Les moyens de paiement disponibles Vous pouvez r\u00e9gler votre commande sur www.vallonchene.fr avec : S\u00e9curisation de vos transactions de paiement Toutes les op\u00e9rations sur notre site Internet sont crypt\u00e9es en SSL pour vous assurer le niveau de s\u00e9curit\u00e9 le plus \u00e9lev\u00e9 actuellement disponible.Lors de votre commande, vous avez l&#8217;option d&#8217;enregistrer votre carte de cr\u00e9dit pour [&hellip;]","og_url":"https:\/\/www.vallonchene.fr\/de\/sichere-zahlung\/","og_site_name":"Vallonch\u00eane","article_publisher":"https:\/\/www.facebook.com\/vallonchene.fr","article_modified_time":"2024-06-12T15:26:24+00:00","twitter_card":"summary_large_image","twitter_misc":{"Gesch\u00e4tzte Lesezeit":"1\u00a0Minute"},"schema":{"@context":"https:\/\/schema.org","@graph":[{"@type":"WebPage","@id":"https:\/\/www.vallonchene.fr\/de\/sichere-zahlung\/","url":"https:\/\/www.vallonchene.fr\/de\/sichere-zahlung\/","name":"Sichere Zahlung - Vallonch\u00eane","isPartOf":{"@id":"https:\/\/www.vallonchene.fr\/de\/#website"},"datePublished":"2023-04-06T07:36:13+00:00","dateModified":"2024-06-12T15:26:24+00:00","breadcrumb":{"@id":"https:\/\/www.vallonchene.fr\/de\/sichere-zahlung\/#breadcrumb"},"inLanguage":"de","potentialAction":[{"@type":"ReadAction","target":["https:\/\/www.vallonchene.fr\/de\/sichere-zahlung\/"]}]},{"@type":"BreadcrumbList","@id":"https:\/\/www.vallonchene.fr\/de\/sichere-zahlung\/#breadcrumb","itemListElement":[{"@type":"ListItem","position":1,"name":"Home","item":"https:\/\/www.vallonchene.fr\/de\/"},{"@type":"ListItem","position":2,"name":"Sichere Zahlung"}]},{"@type":"WebSite","@id":"https:\/\/www.vallonchene.fr\/de\/#website","url":"https:\/\/www.vallonchene.fr\/de\/","name":"Vallonch\u00eane","description":"Die Baumschule, bei der Qualit\u00e4t ihre Wurzeln hat \u2013 Tel.: +49 (0)6838-5399840","publisher":{"@id":"https:\/\/www.vallonchene.fr\/de\/#organization"},"potentialAction":[{"@type":"SearchAction","target":{"@type":"EntryPoint","urlTemplate":"https:\/\/www.vallonchene.fr\/de\/?s={search_term_string}"},"query-input":{"@type":"PropertyValueSpecification","valueRequired":true,"valueName":"search_term_string"}}],"inLanguage":"de"},{"@type":"Organization","@id":"https:\/\/www.vallonchene.fr\/de\/#organization","name":"VALLONCHENE","url":"https:\/\/www.vallonchene.fr\/de\/","logo":{"@type":"ImageObject","inLanguage":"de","@id":"https:\/\/www.vallonchene.fr\/de\/#\/schema\/logo\/image\/","url":"https:\/\/www.vallonchene.fr\/wp-content\/uploads\/2023\/03\/Logo-Vallonchene-site-et-R_hauteur_100.png","contentUrl":"https:\/\/www.vallonchene.fr\/wp-content\/uploads\/2023\/03\/Logo-Vallonchene-site-et-R_hauteur_100.png","width":221,"height":100,"caption":"VALLONCHENE"},"image":{"@id":"https:\/\/www.vallonchene.fr\/de\/#\/schema\/logo\/image\/"},"sameAs":["https:\/\/www.facebook.com\/vallonchene.fr","https:\/\/www.instagram.com\/vallonchene\/","https:\/\/www.pinterest.fr\/vallonchene\/"],"taxID":"49454502300017","hasMerchantReturnPolicy":{"@type":"MerchantReturnPolicy","merchantReturnLink":"https:\/\/www.vallonchene.fr\/remboursements_retours\/"}}]}},"_links":{"self":[{"href":"https:\/\/www.vallonchene.fr\/de\/wp-json\/wp\/v2\/pages\/26989","targetHints":{"allow":["GET"]}}],"collection":[{"href":"https:\/\/www.vallonchene.fr\/de\/wp-json\/wp\/v2\/pages"}],"about":[{"href":"https:\/\/www.vallonchene.fr\/de\/wp-json\/wp\/v2\/types\/page"}],"author":[{"embeddable":true,"href":"https:\/\/www.vallonchene.fr\/de\/wp-json\/wp\/v2\/users\/1"}],"replies":[{"embeddable":true,"href":"https:\/\/www.vallonchene.fr\/de\/wp-json\/wp\/v2\/comments?post=26989"}],"version-history":[{"count":0,"href":"https:\/\/www.vallonchene.fr\/de\/wp-json\/wp\/v2\/pages\/26989\/revisions"}],"wp:attachment":[{"href":"https:\/\/www.vallonchene.fr\/de\/wp-json\/wp\/v2\/media?parent=26989"}],"curies":[{"name":"wp","href":"https:\/\/api.w.org\/{rel}","templated":true}]}}