{"id":26932,"date":"2023-04-05T08:12:29","date_gmt":"2023-04-05T08:12:29","guid":{"rendered":"https:\/\/testing.vallonchene.fr\/?page_id=26932"},"modified":"2023-04-05T08:18:27","modified_gmt":"2023-04-05T08:18:27","slug":"valerianes-garten","status":"publish","type":"page","link":"https:\/\/www.vallonchene.fr\/de\/valerianes-garten\/","title":{"rendered":"Val\u00e9rianes-Garten"},"content":{"rendered":"\n<p>Der Val\u00e9rianes-Garten ist weniger als 10 Minuten von Vallonch\u00eane\u00ae entfernt und z\u00e4hlt ohne Frage zu den sch\u00f6nsten G\u00e4rten der Normandie im englischen Style. Dieser Garten befindet sich in Bosc Roger sur Buchy zwischen Rouen und Forges les Eaux. Er wird von seinen Sch\u00f6pfern zu Ehren ihrer T\u00f6chter so genannt: Val\u00e9rie und Anne.<\/p>\n\n\n<div class=\"wp-block-image\">\n<figure class=\"alignright size-full is-resized\"><a href=\"https:\/\/www.vallonchene.fr\/wp-content\/uploads\/2021\/09\/Jardin-de-Valeriane-entree-deuxieme-partie-e59-Jardin-de-Valeriance-entree-deuxieme-partie.JPG\"><img decoding=\"async\" src=\"https:\/\/www.vallonchene.fr\/wp-content\/uploads\/2021\/09\/Jardin-de-Valeriane-entree-deuxieme-partie-e59-Jardin-de-Valeriance-entree-deuxieme-partie.JPG\" alt=\"Jardin de Val\u00e9riane, entr\u00e9e de la deuxi\u00e8me partie\" class=\"wp-image-111\" width=\"-640\" height=\"-478\" srcset=\"https:\/\/www.vallonchene.fr\/wp-content\/uploads\/2021\/09\/Jardin-de-Valeriane-entree-deuxieme-partie-e59-Jardin-de-Valeriance-entree-deuxieme-partie.JPG 600w, https:\/\/www.vallonchene.fr\/wp-content\/uploads\/2021\/09\/Jardin-de-Valeriane-entree-deuxieme-partie-e59-Jardin-de-Valeriance-entree-deuxieme-partie-416x311.jpg 416w, https:\/\/www.vallonchene.fr\/wp-content\/uploads\/2021\/09\/Jardin-de-Valeriane-entree-deuxieme-partie-e59-Jardin-de-Valeriance-entree-deuxieme-partie-64x48.jpg 64w, https:\/\/www.vallonchene.fr\/wp-content\/uploads\/2021\/09\/Jardin-de-Valeriane-entree-deuxieme-partie-e59-Jardin-de-Valeriance-entree-deuxieme-partie-300x225.jpg 300w\" sizes=\"(max-width: 600px) 100vw, 600px\" \/><\/a><figcaption class=\"wp-element-caption\">Val\u00e9rianes-Garten, Eingang zum zweiten Teil<\/figcaption><\/figure>\n<\/div>\n\n\n<p>Marylin und Michel TISSAIT begannen diesen Garten vor etwa drei\u00dfig Jahren mit einem ersten Teil rund um ihr Haus.<\/p>\n\n\n\n<p>Er hat nun gr\u00f6\u00dftenteils eine hervorragende Struktur, die aus au\u00dfergew\u00f6hnlichen B\u00e4umen besteht. Die Beete zu ihren F\u00fc\u00dfen sind mit verschiedenen Stauden und Str\u00e4uchern ges\u00e4umt, die ihnen ein angenehmes Farbspiel verleihen.<br>Sehr interessante Elemente in dieser ersten Fase des Val\u00e9rianes-Gartens sind ein Wasserbecken, ein versteckter Garten und das gro\u00dfe, sehr gelungene &#8222;mixed Border&#8220;.<\/p>\n\n\n\n<p>Die zweite Fase des Valeriane-Gartens, die vor rund zehn Jahren angelegt wurde, stellt eine echte Herausforderung dar: sowohl in gartenbaulicher als auch in denkmalpflegerischer Hinsicht.<\/p>\n\n\n<div class=\"wp-block-image\">\n<figure class=\"alignleft size-full is-resized\"><a href=\"https:\/\/www.vallonchene.fr\/wp-content\/uploads\/2021\/09\/Jardin-de-Valeriane-imperata-ba6-Jardin-de-Valeriane-graminees.JPG\"><img decoding=\"async\" src=\"https:\/\/www.vallonchene.fr\/wp-content\/uploads\/2021\/09\/Jardin-de-Valeriane-imperata-ba6-Jardin-de-Valeriane-graminees.JPG\" alt=\"Jardin de Val\u00e9rianes, gramin\u00e9es rouge d'Afrique\" class=\"wp-image-114\" width=\"-562\" height=\"-374\" srcset=\"https:\/\/www.vallonchene.fr\/wp-content\/uploads\/2021\/09\/Jardin-de-Valeriane-imperata-ba6-Jardin-de-Valeriane-graminees.JPG 600w, https:\/\/www.vallonchene.fr\/wp-content\/uploads\/2021\/09\/Jardin-de-Valeriane-imperata-ba6-Jardin-de-Valeriane-graminees-416x277.jpg 416w, https:\/\/www.vallonchene.fr\/wp-content\/uploads\/2021\/09\/Jardin-de-Valeriane-imperata-ba6-Jardin-de-Valeriane-graminees-64x43.jpg 64w, https:\/\/www.vallonchene.fr\/wp-content\/uploads\/2021\/09\/Jardin-de-Valeriane-imperata-ba6-Jardin-de-Valeriane-graminees-300x200.jpg 300w\" sizes=\"(max-width: 600px) 100vw, 600px\" \/><\/a><figcaption class=\"wp-element-caption\">Val\u00e9riantes-Garten, rote Gr\u00e4ser aus Afrika<\/figcaption><\/figure>\n<\/div>\n\n\n<p>In der Tat f\u00fchrt Frau TISSAIT, unterst\u00fctzt von ihrem Ehemann, die Restaurierung des alten Bauernhofes mit au\u00dfergew\u00f6hnlicher Qualit\u00e4t durch. Schon beim Betreten hat man das Gef\u00fchl, etwas Wunderbares zu entdecken, denn wie das Foto auf dieser Seite zeigt, wurde hier echter Landschaftsbau betrieben.<\/p>\n\n\n\n<p>Es ist ein fantastischer Spaziergang, bei dem Sie die seltensten Arten (Stauden, Str\u00e4ucher und B\u00e4ume) entdecken werden. Die Sch\u00f6pfer haben so exzellent mit Rinde, Laub und Formen gespielt, bis zu dem Punkt, an dem nicht einmal Blumen zur Dekoration n\u00f6tig gewesen w\u00e4ren. Und doch mangelt es nicht daran. Es ist eine Ballade, die sich durch ein Pflanzenuniversum webt, das Sie st\u00e4ndig mit unglaublichen Ansichten und Transparenzen \u00fcberrascht.<\/p>\n\n\n<div class=\"wp-block-image\">\n<figure class=\"alignright size-full is-resized\"><a href=\"https:\/\/www.vallonchene.fr\/wp-content\/uploads\/2021\/09\/Jardin-de-Valerianes-500x-027-Jardin-de-Valeriane-etang.JPG\"><img decoding=\"async\" src=\"https:\/\/www.vallonchene.fr\/wp-content\/uploads\/2021\/09\/Jardin-de-Valerianes-500x-027-Jardin-de-Valeriane-etang.JPG\" alt=\"Jardin de Val\u00e9rianes, le grand bassin\" class=\"wp-image-117\" width=\"-290\" height=\"-193\" srcset=\"https:\/\/www.vallonchene.fr\/wp-content\/uploads\/2021\/09\/Jardin-de-Valerianes-500x-027-Jardin-de-Valeriane-etang.JPG 500w, https:\/\/www.vallonchene.fr\/wp-content\/uploads\/2021\/09\/Jardin-de-Valerianes-500x-027-Jardin-de-Valeriane-etang-416x277.jpg 416w, https:\/\/www.vallonchene.fr\/wp-content\/uploads\/2021\/09\/Jardin-de-Valerianes-500x-027-Jardin-de-Valeriane-etang-64x43.jpg 64w, https:\/\/www.vallonchene.fr\/wp-content\/uploads\/2021\/09\/Jardin-de-Valerianes-500x-027-Jardin-de-Valeriane-etang-300x200.jpg 300w\" sizes=\"(max-width: 500px) 100vw, 500px\" \/><\/a><figcaption class=\"wp-element-caption\">Val\u00e9rianes-Garten, der gro\u00dfe Teich<\/figcaption><\/figure>\n<\/div>\n\n\n<p>Sie werden dazu gebracht, \u201eauf dem Wasser zu gehen\u201c, dank der Steine, die in den Teich gelegt wurden. Besonders gelungen ist das Farbenspiel mit knallroten Astilben und Gr\u00e4sern aus S\u00fcdafrika! Vergessen Sie nicht, die Rinde der B\u00e4ume zu bewundern, die zu reifen beginnen und sich besonders gut entwickelt haben.<\/p>\n\n\n\n<p>Sogar eine japanische Ecke wurde mit F\u00e4cherahorn und Bambus gekonnt in die Ballade integriert. Von der extremen Sauberkeit des Gartens gleich bei meiner Ankunft \u00fcberrascht (der Parkplatz mit dem golfplatzw\u00fcrdigen Rasen) w\u00fcrde ich das gerne betonen, dass die komplette Pflege des Gartens von Frau und Herr Tissait geleistet wird. Diese pharaonische Arbeit, die in all diesen Jahren geleistet wurde, zeugt von ihrer immensen Leidenschaft f\u00fcr die Gartenarbeit und verdient all unsere Anerkennung. <\/p>\n\n\n\n<p>Weitere Informationen erhalten Sie auf ihrer Website: jardindevalerianes.e-monsite.com<\/p>\n","protected":false},"excerpt":{"rendered":"<p>Der Val\u00e9rianes-Garten ist weniger als 10 Minuten von Vallonch\u00eane\u00ae entfernt und z\u00e4hlt ohne Frage zu den sch\u00f6nsten G\u00e4rten der Normandie im englischen Style. Dieser Garten befindet sich in Bosc Roger sur Buchy zwischen Rouen und Forges les Eaux. Er wird von seinen Sch\u00f6pfern zu Ehren ihrer T\u00f6chter so genannt: Val\u00e9rie und Anne. Marylin und Michel [&hellip;]<\/p>\n","protected":false},"author":1,"featured_media":0,"parent":0,"menu_order":0,"comment_status":"closed","ping_status":"closed","template":"","meta":{"footnotes":""},"class_list":["post-26932","page","type-page","status-publish","hentry"],"yoast_head":"<!-- This site is optimized with the Yoast SEO Premium plugin v27.5 (Yoast SEO v27.5) - https:\/\/yoast.com\/product\/yoast-seo-premium-wordpress\/ -->\n<title>Val\u00e9rianes-Garten - Vallonch\u00eane<\/title>\n<meta name=\"description\" content=\"Entdecken Sie den Val\u00e9rianes-Garten. Dieser ist bei Buchy, zwischen Rouen und Forges les Eaux gelegen. Sie finden dort sehr seltene Pflanzen.\" \/>\n<meta name=\"robots\" content=\"index, follow, max-snippet:-1, max-image-preview:large, max-video-preview:-1\" \/>\n<link rel=\"canonical\" href=\"https:\/\/www.vallonchene.fr\/de\/valerianes-garten\/\" \/>\n<meta property=\"og:locale\" content=\"de_DE\" \/>\n<meta property=\"og:type\" content=\"article\" \/>\n<meta property=\"og:title\" content=\"Val\u00e9rianes-Garten\" \/>\n<meta property=\"og:description\" content=\"Entdecken Sie den Val\u00e9rianes-Garten. Dieser ist bei Buchy, zwischen Rouen und Forges les Eaux gelegen. Sie finden dort sehr seltene Pflanzen.\" \/>\n<meta property=\"og:url\" content=\"https:\/\/www.vallonchene.fr\/de\/valerianes-garten\/\" \/>\n<meta property=\"og:site_name\" content=\"Vallonch\u00eane\" \/>\n<meta property=\"article:publisher\" content=\"https:\/\/www.facebook.com\/vallonchene.fr\" \/>\n<meta property=\"article:modified_time\" content=\"2023-04-05T08:18:27+00:00\" \/>\n<meta property=\"og:image\" content=\"https:\/\/www.vallonchene.fr\/wp-content\/uploads\/2021\/09\/Jardin-de-Valeriane-entree-deuxieme-partie-e59-Jardin-de-Valeriance-entree-deuxieme-partie.JPG\" \/>\n<meta name=\"twitter:card\" content=\"summary_large_image\" \/>\n<meta name=\"twitter:label1\" content=\"Gesch\u00e4tzte Lesezeit\" \/>\n\t<meta name=\"twitter:data1\" content=\"3\u00a0Minuten\" \/>\n<script type=\"application\/ld+json\" class=\"yoast-schema-graph\">{\"@context\":\"https:\\\/\\\/schema.org\",\"@graph\":[{\"@type\":\"WebPage\",\"@id\":\"https:\\\/\\\/www.vallonchene.fr\\\/de\\\/valerianes-garten\\\/\",\"url\":\"https:\\\/\\\/www.vallonchene.fr\\\/de\\\/valerianes-garten\\\/\",\"name\":\"Val\u00e9rianes-Garten - Vallonch\u00eane\",\"isPartOf\":{\"@id\":\"https:\\\/\\\/www.vallonchene.fr\\\/de\\\/#website\"},\"primaryImageOfPage\":{\"@id\":\"https:\\\/\\\/www.vallonchene.fr\\\/de\\\/valerianes-garten\\\/#primaryimage\"},\"image\":{\"@id\":\"https:\\\/\\\/www.vallonchene.fr\\\/de\\\/valerianes-garten\\\/#primaryimage\"},\"thumbnailUrl\":\"https:\\\/\\\/www.vallonchene.fr\\\/wp-content\\\/uploads\\\/2021\\\/09\\\/Jardin-de-Valeriane-entree-deuxieme-partie-e59-Jardin-de-Valeriance-entree-deuxieme-partie.JPG\",\"datePublished\":\"2023-04-05T08:12:29+00:00\",\"dateModified\":\"2023-04-05T08:18:27+00:00\",\"description\":\"Entdecken Sie den Val\u00e9rianes-Garten. Dieser ist bei Buchy, zwischen Rouen und Forges les Eaux gelegen. Sie finden dort sehr seltene Pflanzen.\",\"breadcrumb\":{\"@id\":\"https:\\\/\\\/www.vallonchene.fr\\\/de\\\/valerianes-garten\\\/#breadcrumb\"},\"inLanguage\":\"de\",\"potentialAction\":[{\"@type\":\"ReadAction\",\"target\":[\"https:\\\/\\\/www.vallonchene.fr\\\/de\\\/valerianes-garten\\\/\"]}]},{\"@type\":\"ImageObject\",\"inLanguage\":\"de\",\"@id\":\"https:\\\/\\\/www.vallonchene.fr\\\/de\\\/valerianes-garten\\\/#primaryimage\",\"url\":\"https:\\\/\\\/www.vallonchene.fr\\\/wp-content\\\/uploads\\\/2021\\\/09\\\/Jardin-de-Valeriane-entree-deuxieme-partie-e59-Jardin-de-Valeriance-entree-deuxieme-partie.JPG\",\"contentUrl\":\"https:\\\/\\\/www.vallonchene.fr\\\/wp-content\\\/uploads\\\/2021\\\/09\\\/Jardin-de-Valeriane-entree-deuxieme-partie-e59-Jardin-de-Valeriance-entree-deuxieme-partie.JPG\"},{\"@type\":\"BreadcrumbList\",\"@id\":\"https:\\\/\\\/www.vallonchene.fr\\\/de\\\/valerianes-garten\\\/#breadcrumb\",\"itemListElement\":[{\"@type\":\"ListItem\",\"position\":1,\"name\":\"Home\",\"item\":\"https:\\\/\\\/www.vallonchene.fr\\\/de\\\/\"},{\"@type\":\"ListItem\",\"position\":2,\"name\":\"Val\u00e9rianes-Garten\"}]},{\"@type\":\"WebSite\",\"@id\":\"https:\\\/\\\/www.vallonchene.fr\\\/de\\\/#website\",\"url\":\"https:\\\/\\\/www.vallonchene.fr\\\/de\\\/\",\"name\":\"Vallonch\u00eane\",\"description\":\"Die Baumschule, bei der Qualit\u00e4t ihre Wurzeln hat \u2013 Tel.: +49 (0)6838-5399840\",\"publisher\":{\"@id\":\"https:\\\/\\\/www.vallonchene.fr\\\/de\\\/#organization\"},\"potentialAction\":[{\"@type\":\"SearchAction\",\"target\":{\"@type\":\"EntryPoint\",\"urlTemplate\":\"https:\\\/\\\/www.vallonchene.fr\\\/de\\\/?s={search_term_string}\"},\"query-input\":{\"@type\":\"PropertyValueSpecification\",\"valueRequired\":true,\"valueName\":\"search_term_string\"}}],\"inLanguage\":\"de\"},{\"@type\":\"Organization\",\"@id\":\"https:\\\/\\\/www.vallonchene.fr\\\/de\\\/#organization\",\"name\":\"VALLONCHENE\",\"url\":\"https:\\\/\\\/www.vallonchene.fr\\\/de\\\/\",\"logo\":{\"@type\":\"ImageObject\",\"inLanguage\":\"de\",\"@id\":\"https:\\\/\\\/www.vallonchene.fr\\\/de\\\/#\\\/schema\\\/logo\\\/image\\\/\",\"url\":\"https:\\\/\\\/www.vallonchene.fr\\\/wp-content\\\/uploads\\\/2023\\\/03\\\/Logo-Vallonchene-site-et-R_hauteur_100.png\",\"contentUrl\":\"https:\\\/\\\/www.vallonchene.fr\\\/wp-content\\\/uploads\\\/2023\\\/03\\\/Logo-Vallonchene-site-et-R_hauteur_100.png\",\"width\":221,\"height\":100,\"caption\":\"VALLONCHENE\"},\"image\":{\"@id\":\"https:\\\/\\\/www.vallonchene.fr\\\/de\\\/#\\\/schema\\\/logo\\\/image\\\/\"},\"sameAs\":[\"https:\\\/\\\/www.facebook.com\\\/vallonchene.fr\",\"https:\\\/\\\/www.instagram.com\\\/vallonchene\\\/\",\"https:\\\/\\\/www.pinterest.fr\\\/vallonchene\\\/\"],\"taxID\":\"49454502300017\",\"hasMerchantReturnPolicy\":{\"@type\":\"MerchantReturnPolicy\",\"merchantReturnLink\":\"https:\\\/\\\/www.vallonchene.fr\\\/remboursements_retours\\\/\"}}]}<\/script>\n<!-- \/ Yoast SEO Premium plugin. -->","yoast_head_json":{"title":"Val\u00e9rianes-Garten - Vallonch\u00eane","description":"Entdecken Sie den Val\u00e9rianes-Garten. Dieser ist bei Buchy, zwischen Rouen und Forges les Eaux gelegen. Sie finden dort sehr seltene Pflanzen.","robots":{"index":"index","follow":"follow","max-snippet":"max-snippet:-1","max-image-preview":"max-image-preview:large","max-video-preview":"max-video-preview:-1"},"canonical":"https:\/\/www.vallonchene.fr\/de\/valerianes-garten\/","og_locale":"de_DE","og_type":"article","og_title":"Val\u00e9rianes-Garten","og_description":"Entdecken Sie den Val\u00e9rianes-Garten. Dieser ist bei Buchy, zwischen Rouen und Forges les Eaux gelegen. Sie finden dort sehr seltene Pflanzen.","og_url":"https:\/\/www.vallonchene.fr\/de\/valerianes-garten\/","og_site_name":"Vallonch\u00eane","article_publisher":"https:\/\/www.facebook.com\/vallonchene.fr","article_modified_time":"2023-04-05T08:18:27+00:00","og_image":[{"url":"https:\/\/www.vallonchene.fr\/wp-content\/uploads\/2021\/09\/Jardin-de-Valeriane-entree-deuxieme-partie-e59-Jardin-de-Valeriance-entree-deuxieme-partie.JPG","type":"","width":"","height":""}],"twitter_card":"summary_large_image","twitter_misc":{"Gesch\u00e4tzte Lesezeit":"3\u00a0Minuten"},"schema":{"@context":"https:\/\/schema.org","@graph":[{"@type":"WebPage","@id":"https:\/\/www.vallonchene.fr\/de\/valerianes-garten\/","url":"https:\/\/www.vallonchene.fr\/de\/valerianes-garten\/","name":"Val\u00e9rianes-Garten - Vallonch\u00eane","isPartOf":{"@id":"https:\/\/www.vallonchene.fr\/de\/#website"},"primaryImageOfPage":{"@id":"https:\/\/www.vallonchene.fr\/de\/valerianes-garten\/#primaryimage"},"image":{"@id":"https:\/\/www.vallonchene.fr\/de\/valerianes-garten\/#primaryimage"},"thumbnailUrl":"https:\/\/www.vallonchene.fr\/wp-content\/uploads\/2021\/09\/Jardin-de-Valeriane-entree-deuxieme-partie-e59-Jardin-de-Valeriance-entree-deuxieme-partie.JPG","datePublished":"2023-04-05T08:12:29+00:00","dateModified":"2023-04-05T08:18:27+00:00","description":"Entdecken Sie den Val\u00e9rianes-Garten. Dieser ist bei Buchy, zwischen Rouen und Forges les Eaux gelegen. Sie finden dort sehr seltene Pflanzen.","breadcrumb":{"@id":"https:\/\/www.vallonchene.fr\/de\/valerianes-garten\/#breadcrumb"},"inLanguage":"de","potentialAction":[{"@type":"ReadAction","target":["https:\/\/www.vallonchene.fr\/de\/valerianes-garten\/"]}]},{"@type":"ImageObject","inLanguage":"de","@id":"https:\/\/www.vallonchene.fr\/de\/valerianes-garten\/#primaryimage","url":"https:\/\/www.vallonchene.fr\/wp-content\/uploads\/2021\/09\/Jardin-de-Valeriane-entree-deuxieme-partie-e59-Jardin-de-Valeriance-entree-deuxieme-partie.JPG","contentUrl":"https:\/\/www.vallonchene.fr\/wp-content\/uploads\/2021\/09\/Jardin-de-Valeriane-entree-deuxieme-partie-e59-Jardin-de-Valeriance-entree-deuxieme-partie.JPG"},{"@type":"BreadcrumbList","@id":"https:\/\/www.vallonchene.fr\/de\/valerianes-garten\/#breadcrumb","itemListElement":[{"@type":"ListItem","position":1,"name":"Home","item":"https:\/\/www.vallonchene.fr\/de\/"},{"@type":"ListItem","position":2,"name":"Val\u00e9rianes-Garten"}]},{"@type":"WebSite","@id":"https:\/\/www.vallonchene.fr\/de\/#website","url":"https:\/\/www.vallonchene.fr\/de\/","name":"Vallonch\u00eane","description":"Die Baumschule, bei der Qualit\u00e4t ihre Wurzeln hat \u2013 Tel.: +49 (0)6838-5399840","publisher":{"@id":"https:\/\/www.vallonchene.fr\/de\/#organization"},"potentialAction":[{"@type":"SearchAction","target":{"@type":"EntryPoint","urlTemplate":"https:\/\/www.vallonchene.fr\/de\/?s={search_term_string}"},"query-input":{"@type":"PropertyValueSpecification","valueRequired":true,"valueName":"search_term_string"}}],"inLanguage":"de"},{"@type":"Organization","@id":"https:\/\/www.vallonchene.fr\/de\/#organization","name":"VALLONCHENE","url":"https:\/\/www.vallonchene.fr\/de\/","logo":{"@type":"ImageObject","inLanguage":"de","@id":"https:\/\/www.vallonchene.fr\/de\/#\/schema\/logo\/image\/","url":"https:\/\/www.vallonchene.fr\/wp-content\/uploads\/2023\/03\/Logo-Vallonchene-site-et-R_hauteur_100.png","contentUrl":"https:\/\/www.vallonchene.fr\/wp-content\/uploads\/2023\/03\/Logo-Vallonchene-site-et-R_hauteur_100.png","width":221,"height":100,"caption":"VALLONCHENE"},"image":{"@id":"https:\/\/www.vallonchene.fr\/de\/#\/schema\/logo\/image\/"},"sameAs":["https:\/\/www.facebook.com\/vallonchene.fr","https:\/\/www.instagram.com\/vallonchene\/","https:\/\/www.pinterest.fr\/vallonchene\/"],"taxID":"49454502300017","hasMerchantReturnPolicy":{"@type":"MerchantReturnPolicy","merchantReturnLink":"https:\/\/www.vallonchene.fr\/remboursements_retours\/"}}]}},"_links":{"self":[{"href":"https:\/\/www.vallonchene.fr\/de\/wp-json\/wp\/v2\/pages\/26932","targetHints":{"allow":["GET"]}}],"collection":[{"href":"https:\/\/www.vallonchene.fr\/de\/wp-json\/wp\/v2\/pages"}],"about":[{"href":"https:\/\/www.vallonchene.fr\/de\/wp-json\/wp\/v2\/types\/page"}],"author":[{"embeddable":true,"href":"https:\/\/www.vallonchene.fr\/de\/wp-json\/wp\/v2\/users\/1"}],"replies":[{"embeddable":true,"href":"https:\/\/www.vallonchene.fr\/de\/wp-json\/wp\/v2\/comments?post=26932"}],"version-history":[{"count":0,"href":"https:\/\/www.vallonchene.fr\/de\/wp-json\/wp\/v2\/pages\/26932\/revisions"}],"wp:attachment":[{"href":"https:\/\/www.vallonchene.fr\/de\/wp-json\/wp\/v2\/media?parent=26932"}],"curies":[{"name":"wp","href":"https:\/\/api.w.org\/{rel}","templated":true}]}}