{"id":26865,"date":"2023-04-04T08:30:06","date_gmt":"2023-04-04T07:30:06","guid":{"rendered":"https:\/\/testing.vallonchene.fr\/?page_id=26865"},"modified":"2024-12-05T16:52:00","modified_gmt":"2024-12-05T15:52:00","slug":"rechtliche-hinweise","status":"publish","type":"page","link":"https:\/\/www.vallonchene.fr\/de\/rechtliche-hinweise\/","title":{"rendered":"Rechtliche Hinweise"},"content":{"rendered":"\n<h2 class=\"wp-block-heading\" id=\"h-proprietaire-et-editeur-de-ce-site\">Propri\u00e9taire et \u00e9diteur de ce site<\/h2>\n\n\n\n<p>VALLONCHENE SARL<br>1426, chemin d&#8217;Atteville<br>76440 SOMMERY (Frankreich)<\/p>\n\n\n\n<p>Tel.: +49(0)6838-5399840<br>E-mail: office klammeraffe vallonchene Punkt fr<\/p>\n\n\n\n<p>R.C.S. de Dieppe<br>N\u00b0 Siret : 494 545 023 00017<\/p>\n\n\n\n<p>Tous droits r\u00e9serv\u00e9s 2021. Les photos sur ce site ne sont pas contractuelles et la propri\u00e9t\u00e9 de Vallonch\u00eane ou de ses partenaires.<\/p>\n\n\n\n<p>La reproduction, copie et utilisation du contenu et\/ou des images sur www.vallonchene.fr est interdite sans accord \u00e9crit.<\/p>\n\n\n\n<h2 class=\"wp-block-heading\" id=\"h-responsable-de-publication\">Responsable de publication<\/h2>\n\n\n\n<p>Christophe MARSILLE<\/p>\n\n\n\n<h2 class=\"wp-block-heading\" id=\"h-hebergement-du-site\">H\u00e9bergement du site<\/h2>\n\n\n\n<p>Le site www.vallonchene.fr est h\u00e9berg\u00e9 sur des serveurs en France de la soci\u00e9t\u00e9 OVH SAS, 2 rue Kellermann &#8211; BP 80157 59053 ROUBAIX CEDEX 1 (France).<\/p>\n\n\n\n<p>Le stockage des donn\u00e9es personnelles des Utilisateurs est exclusivement r\u00e9alis\u00e9 sur les centre de donn\u00e9es dans des \u00c9tats membres de l\u2019Union Europ\u00e9enne de la soci\u00e9t\u00e9 OVH.<\/p>\n\n\n\n<h2 class=\"wp-block-heading\" id=\"h-reglement-en-ligne-des-litiges\">R\u00e8glement en ligne des litiges<\/h2>\n\n\n\n<p>Si, malgr\u00e9 tous nos efforts de fournir des produits et services de qualit\u00e9, vous rencontrez un probl\u00e8me, nous vous invitons de nous contacter imm\u00e9diatement par tout moyen (coordonn\u00e9es voir ci-dessus) afin que nous puissions r\u00e9soudre votre probl\u00e8me.<\/p>\n\n\n\n<p>Dans le cas d&#8217;un litige que nous n&#8217;aurions pas r\u00e9ussi \u00e0 r\u00e9soudre, vous avez la possibilit\u00e9 de contacter la&nbsp;<a href=\"https:\/\/ec.europa.eu\/consumers\/odr\/main\/index.cfm?event=main.home2.show&amp;lng=FR\">plateforme de R\u00e8glement en ligne des litiges de la commission europ\u00e9enne en cliquant ici<\/a>.<\/p>\n\n\n\n<h2 class=\"wp-block-heading\" id=\"h-formulaire-de-retractation\">Formulaire de r\u00e9tractation<\/h2>\n\n\n\n<p><a href=\"https:\/\/www.vallonchene.fr\/wp-content\/uploads\/2023\/04\/Formulaire_de_retractation_FR.pdf\" target=\"_blank\" rel=\"noreferrer noopener\">Vous pouvez t\u00e9l\u00e9charger le formulaire de r\u00e9tractation en cliquant ici.<\/a><\/p>\n","protected":false},"excerpt":{"rendered":"<p>Propri\u00e9taire et \u00e9diteur de ce site VALLONCHENE SARL1426, chemin d&#8217;Atteville76440 SOMMERY (Frankreich) Tel.: +49(0)6838-5399840E-mail: office klammeraffe vallonchene Punkt fr R.C.S. de DieppeN\u00b0 Siret : 494 545 023 00017 Tous droits r\u00e9serv\u00e9s 2021. Les photos sur ce site ne sont pas contractuelles et la propri\u00e9t\u00e9 de Vallonch\u00eane ou de ses partenaires. La reproduction, copie et utilisation [&hellip;]<\/p>\n","protected":false},"author":1,"featured_media":0,"parent":0,"menu_order":0,"comment_status":"closed","ping_status":"closed","template":"","meta":{"footnotes":""},"class_list":["post-26865","page","type-page","status-publish","hentry"],"yoast_head":"<!-- This site is optimized with the Yoast SEO Premium plugin v27.5 (Yoast SEO v27.5) - https:\/\/yoast.com\/product\/yoast-seo-premium-wordpress\/ -->\n<title>Rechtliche Hinweise - Vallonch\u00eane<\/title>\n<meta name=\"robots\" content=\"index, follow, max-snippet:-1, max-image-preview:large, max-video-preview:-1\" \/>\n<link rel=\"canonical\" href=\"https:\/\/www.vallonchene.fr\/de\/rechtliche-hinweise\/\" \/>\n<meta property=\"og:locale\" content=\"de_DE\" \/>\n<meta property=\"og:type\" content=\"article\" \/>\n<meta property=\"og:title\" content=\"Rechtliche Hinweise\" \/>\n<meta property=\"og:description\" content=\"Propri\u00e9taire et \u00e9diteur de ce site VALLONCHENE SARL1426, chemin d&#8217;Atteville76440 SOMMERY (Frankreich) Tel.: +49(0)6838-5399840E-mail: office klammeraffe vallonchene Punkt fr R.C.S. de DieppeN\u00b0 Siret : 494 545 023 00017 Tous droits r\u00e9serv\u00e9s 2021. Les photos sur ce site ne sont pas contractuelles et la propri\u00e9t\u00e9 de Vallonch\u00eane ou de ses partenaires. La reproduction, copie et utilisation [&hellip;]\" \/>\n<meta property=\"og:url\" content=\"https:\/\/www.vallonchene.fr\/de\/rechtliche-hinweise\/\" \/>\n<meta property=\"og:site_name\" content=\"Vallonch\u00eane\" \/>\n<meta property=\"article:publisher\" content=\"https:\/\/www.facebook.com\/vallonchene.fr\" \/>\n<meta property=\"article:modified_time\" content=\"2024-12-05T15:52:00+00:00\" \/>\n<meta name=\"twitter:card\" content=\"summary_large_image\" \/>\n<meta name=\"twitter:label1\" content=\"Gesch\u00e4tzte Lesezeit\" \/>\n\t<meta name=\"twitter:data1\" content=\"1\u00a0Minute\" \/>\n<script type=\"application\/ld+json\" class=\"yoast-schema-graph\">{\"@context\":\"https:\\\/\\\/schema.org\",\"@graph\":[{\"@type\":\"WebPage\",\"@id\":\"https:\\\/\\\/www.vallonchene.fr\\\/de\\\/rechtliche-hinweise\\\/\",\"url\":\"https:\\\/\\\/www.vallonchene.fr\\\/de\\\/rechtliche-hinweise\\\/\",\"name\":\"Rechtliche Hinweise - Vallonch\u00eane\",\"isPartOf\":{\"@id\":\"https:\\\/\\\/www.vallonchene.fr\\\/de\\\/#website\"},\"datePublished\":\"2023-04-04T07:30:06+00:00\",\"dateModified\":\"2024-12-05T15:52:00+00:00\",\"breadcrumb\":{\"@id\":\"https:\\\/\\\/www.vallonchene.fr\\\/de\\\/rechtliche-hinweise\\\/#breadcrumb\"},\"inLanguage\":\"de\",\"potentialAction\":[{\"@type\":\"ReadAction\",\"target\":[\"https:\\\/\\\/www.vallonchene.fr\\\/de\\\/rechtliche-hinweise\\\/\"]}]},{\"@type\":\"BreadcrumbList\",\"@id\":\"https:\\\/\\\/www.vallonchene.fr\\\/de\\\/rechtliche-hinweise\\\/#breadcrumb\",\"itemListElement\":[{\"@type\":\"ListItem\",\"position\":1,\"name\":\"Home\",\"item\":\"https:\\\/\\\/www.vallonchene.fr\\\/de\\\/\"},{\"@type\":\"ListItem\",\"position\":2,\"name\":\"Rechtliche Hinweise\"}]},{\"@type\":\"WebSite\",\"@id\":\"https:\\\/\\\/www.vallonchene.fr\\\/de\\\/#website\",\"url\":\"https:\\\/\\\/www.vallonchene.fr\\\/de\\\/\",\"name\":\"Vallonch\u00eane\",\"description\":\"Die Baumschule, bei der Qualit\u00e4t ihre Wurzeln hat \u2013 Tel.: +49 (0)6838-5399840\",\"publisher\":{\"@id\":\"https:\\\/\\\/www.vallonchene.fr\\\/de\\\/#organization\"},\"potentialAction\":[{\"@type\":\"SearchAction\",\"target\":{\"@type\":\"EntryPoint\",\"urlTemplate\":\"https:\\\/\\\/www.vallonchene.fr\\\/de\\\/?s={search_term_string}\"},\"query-input\":{\"@type\":\"PropertyValueSpecification\",\"valueRequired\":true,\"valueName\":\"search_term_string\"}}],\"inLanguage\":\"de\"},{\"@type\":\"Organization\",\"@id\":\"https:\\\/\\\/www.vallonchene.fr\\\/de\\\/#organization\",\"name\":\"VALLONCHENE\",\"url\":\"https:\\\/\\\/www.vallonchene.fr\\\/de\\\/\",\"logo\":{\"@type\":\"ImageObject\",\"inLanguage\":\"de\",\"@id\":\"https:\\\/\\\/www.vallonchene.fr\\\/de\\\/#\\\/schema\\\/logo\\\/image\\\/\",\"url\":\"https:\\\/\\\/www.vallonchene.fr\\\/wp-content\\\/uploads\\\/2023\\\/03\\\/Logo-Vallonchene-site-et-R_hauteur_100.png\",\"contentUrl\":\"https:\\\/\\\/www.vallonchene.fr\\\/wp-content\\\/uploads\\\/2023\\\/03\\\/Logo-Vallonchene-site-et-R_hauteur_100.png\",\"width\":221,\"height\":100,\"caption\":\"VALLONCHENE\"},\"image\":{\"@id\":\"https:\\\/\\\/www.vallonchene.fr\\\/de\\\/#\\\/schema\\\/logo\\\/image\\\/\"},\"sameAs\":[\"https:\\\/\\\/www.facebook.com\\\/vallonchene.fr\",\"https:\\\/\\\/www.instagram.com\\\/vallonchene\\\/\",\"https:\\\/\\\/www.pinterest.fr\\\/vallonchene\\\/\"],\"taxID\":\"49454502300017\",\"hasMerchantReturnPolicy\":{\"@type\":\"MerchantReturnPolicy\",\"merchantReturnLink\":\"https:\\\/\\\/www.vallonchene.fr\\\/remboursements_retours\\\/\"}}]}<\/script>\n<!-- \/ Yoast SEO Premium plugin. -->","yoast_head_json":{"title":"Rechtliche Hinweise - Vallonch\u00eane","robots":{"index":"index","follow":"follow","max-snippet":"max-snippet:-1","max-image-preview":"max-image-preview:large","max-video-preview":"max-video-preview:-1"},"canonical":"https:\/\/www.vallonchene.fr\/de\/rechtliche-hinweise\/","og_locale":"de_DE","og_type":"article","og_title":"Rechtliche Hinweise","og_description":"Propri\u00e9taire et \u00e9diteur de ce site VALLONCHENE SARL1426, chemin d&#8217;Atteville76440 SOMMERY (Frankreich) Tel.: +49(0)6838-5399840E-mail: office klammeraffe vallonchene Punkt fr R.C.S. de DieppeN\u00b0 Siret : 494 545 023 00017 Tous droits r\u00e9serv\u00e9s 2021. Les photos sur ce site ne sont pas contractuelles et la propri\u00e9t\u00e9 de Vallonch\u00eane ou de ses partenaires. La reproduction, copie et utilisation [&hellip;]","og_url":"https:\/\/www.vallonchene.fr\/de\/rechtliche-hinweise\/","og_site_name":"Vallonch\u00eane","article_publisher":"https:\/\/www.facebook.com\/vallonchene.fr","article_modified_time":"2024-12-05T15:52:00+00:00","twitter_card":"summary_large_image","twitter_misc":{"Gesch\u00e4tzte Lesezeit":"1\u00a0Minute"},"schema":{"@context":"https:\/\/schema.org","@graph":[{"@type":"WebPage","@id":"https:\/\/www.vallonchene.fr\/de\/rechtliche-hinweise\/","url":"https:\/\/www.vallonchene.fr\/de\/rechtliche-hinweise\/","name":"Rechtliche Hinweise - Vallonch\u00eane","isPartOf":{"@id":"https:\/\/www.vallonchene.fr\/de\/#website"},"datePublished":"2023-04-04T07:30:06+00:00","dateModified":"2024-12-05T15:52:00+00:00","breadcrumb":{"@id":"https:\/\/www.vallonchene.fr\/de\/rechtliche-hinweise\/#breadcrumb"},"inLanguage":"de","potentialAction":[{"@type":"ReadAction","target":["https:\/\/www.vallonchene.fr\/de\/rechtliche-hinweise\/"]}]},{"@type":"BreadcrumbList","@id":"https:\/\/www.vallonchene.fr\/de\/rechtliche-hinweise\/#breadcrumb","itemListElement":[{"@type":"ListItem","position":1,"name":"Home","item":"https:\/\/www.vallonchene.fr\/de\/"},{"@type":"ListItem","position":2,"name":"Rechtliche Hinweise"}]},{"@type":"WebSite","@id":"https:\/\/www.vallonchene.fr\/de\/#website","url":"https:\/\/www.vallonchene.fr\/de\/","name":"Vallonch\u00eane","description":"Die Baumschule, bei der Qualit\u00e4t ihre Wurzeln hat \u2013 Tel.: +49 (0)6838-5399840","publisher":{"@id":"https:\/\/www.vallonchene.fr\/de\/#organization"},"potentialAction":[{"@type":"SearchAction","target":{"@type":"EntryPoint","urlTemplate":"https:\/\/www.vallonchene.fr\/de\/?s={search_term_string}"},"query-input":{"@type":"PropertyValueSpecification","valueRequired":true,"valueName":"search_term_string"}}],"inLanguage":"de"},{"@type":"Organization","@id":"https:\/\/www.vallonchene.fr\/de\/#organization","name":"VALLONCHENE","url":"https:\/\/www.vallonchene.fr\/de\/","logo":{"@type":"ImageObject","inLanguage":"de","@id":"https:\/\/www.vallonchene.fr\/de\/#\/schema\/logo\/image\/","url":"https:\/\/www.vallonchene.fr\/wp-content\/uploads\/2023\/03\/Logo-Vallonchene-site-et-R_hauteur_100.png","contentUrl":"https:\/\/www.vallonchene.fr\/wp-content\/uploads\/2023\/03\/Logo-Vallonchene-site-et-R_hauteur_100.png","width":221,"height":100,"caption":"VALLONCHENE"},"image":{"@id":"https:\/\/www.vallonchene.fr\/de\/#\/schema\/logo\/image\/"},"sameAs":["https:\/\/www.facebook.com\/vallonchene.fr","https:\/\/www.instagram.com\/vallonchene\/","https:\/\/www.pinterest.fr\/vallonchene\/"],"taxID":"49454502300017","hasMerchantReturnPolicy":{"@type":"MerchantReturnPolicy","merchantReturnLink":"https:\/\/www.vallonchene.fr\/remboursements_retours\/"}}]}},"_links":{"self":[{"href":"https:\/\/www.vallonchene.fr\/de\/wp-json\/wp\/v2\/pages\/26865","targetHints":{"allow":["GET"]}}],"collection":[{"href":"https:\/\/www.vallonchene.fr\/de\/wp-json\/wp\/v2\/pages"}],"about":[{"href":"https:\/\/www.vallonchene.fr\/de\/wp-json\/wp\/v2\/types\/page"}],"author":[{"embeddable":true,"href":"https:\/\/www.vallonchene.fr\/de\/wp-json\/wp\/v2\/users\/1"}],"replies":[{"embeddable":true,"href":"https:\/\/www.vallonchene.fr\/de\/wp-json\/wp\/v2\/comments?post=26865"}],"version-history":[{"count":0,"href":"https:\/\/www.vallonchene.fr\/de\/wp-json\/wp\/v2\/pages\/26865\/revisions"}],"wp:attachment":[{"href":"https:\/\/www.vallonchene.fr\/de\/wp-json\/wp\/v2\/media?parent=26865"}],"curies":[{"name":"wp","href":"https:\/\/api.w.org\/{rel}","templated":true}]}}